{"id":18334,"date":"2026-03-19T15:53:17","date_gmt":"2026-03-19T14:53:17","guid":{"rendered":"https:\/\/a-h-health.ch\/?post_type=product&#038;p=18334"},"modified":"2026-04-17T11:01:56","modified_gmt":"2026-04-17T09:01:56","slug":"nursing-kit-petag-fuer-kmresbilac","status":"publish","type":"product","link":"https:\/\/a-h-health.ch\/fr\/shop\/nursing-kit-petag-fuer-kmresbilac\/","title":{"rendered":"Nur\u00adsing Kit PetAg pour KMR+Esbilac"},"content":{"rendered":"<p>Le PetAG Nur\u00adsing Kit est un set de biber\u00adons pour l\u2019ab\u00adsorp\u00adti\u00adon natu\u00adrel\u00adle de liqui\u00addes chez les jeu\u00adnes ani\u00admaux et les petits ani\u00admaux \u2013 pour aider lors de l\u2019\u00e9\u00adle\u00adva\u00adge \u00e0 la main, de l\u2019a\u00adli\u00admen\u00adta\u00adti\u00adon com\u00adpl\u00e9\u00admen\u00adtai\u00adre ou d\u2019un beso\u00adin tem\u00adpo\u00adrai\u00adre de liqui\u00adde. Bou\u00adteil\u00adles de 2 oz et 4 oz avec gra\u00addua\u00adti\u00adon, bouchon, t\u00e9ti\u00adnes en sili\u00adco\u00adne de for\u00adme allo\u00adn\u00adg\u00e9e ou en bal\u00adlon pour dif\u00adf\u00e9\u00adren\u00adtes tail\u00adles d\u2019ani\u00admaux et une bros\u00adse de nettoyage.<\/p>","protected":false},"excerpt":{"rendered":"<p>Le PetAG Nur\u00adsing Kit est un set de biber\u00adons pour l\u2019ab\u00adsorp\u00adti\u00adon natu\u00adrel\u00adle de liqui\u00addes chez les jeu\u00adnes ani\u00admaux et les petits ani\u00admaux \u2013 pour aider lors de l\u2019\u00e9\u00adle\u00adva\u00adge \u00e0 la main, de l\u2019a\u00adli\u00admen\u00adta\u00adti\u00adon com\u00adpl\u00e9\u00admen\u00adtai\u00adre ou d\u2019un beso\u00adin tem\u00adpo\u00adrai\u00adre de liqui\u00adde. Bou\u00adteil\u00adles de 2 oz et 4 oz avec gra\u00addua\u00adti\u00adon, bouchon, t\u00e9ti\u00adnes en sili\u00adco\u00adne de for\u00adme allo\u00adn\u00adg\u00e9e ou en bal\u00adlon pour dif\u00adf\u00e9\u00adren\u00adtes tail\u00adles d\u2019ani\u00admaux et une bros\u00adse de nettoyage.<\/p>","protected":false},"featured_media":18335,"template":"","meta":{"wp_typography_post_enhancements_disabled":false},"product_brand":[],"product_cat":[566,555,563,564,34,627,556],"product_tag":[],"class_list":{"0":"post-18334","1":"product","2":"type-product","3":"status-publish","4":"has-post-thumbnail","6":"product_cat-andere-kleintiere","7":"product_cat-futtermittel","8":"product_cat-hund","9":"product_cat-katze","10":"product_cat-nahrungsergaenzung","11":"product_cat-pet-ag","12":"product_cat-pflegemittel","14":"first","15":"instock","16":"taxable","17":"shipping-taxable","18":"product-type-simple"},"yoast_head":"<!-- This site is optimized with the Yoast SEO plugin v27.4 - https:\/\/yoast.com\/product\/yoast-seo-wordpress\/ -->\n<title>Nursing Kit PetAg f\u00fcr KMR+Esbilac - Animal &amp; Human Health AG<\/title>\n<meta name=\"robots\" content=\"index, follow, max-snippet:-1, max-image-preview:large, max-video-preview:-1\" \/>\n<link rel=\"canonical\" href=\"https:\/\/a-h-health.ch\/fr\/shop\/nursing-kit-petag-fuer-kmresbilac\/\" \/>\n<meta property=\"og:locale\" content=\"fr_FR\" \/>\n<meta property=\"og:type\" content=\"article\" \/>\n<meta property=\"og:title\" content=\"Nursing Kit PetAg f\u00fcr KMR+Esbilac - Animal &amp; Human Health AG\" \/>\n<meta property=\"og:description\" content=\"Das PetAG Nursing Kit ist ein Flaschen Set zur nat\u00fcrlichen Aufnahme von Fl\u00fcssigkeiten bei Jungtieren und kleinen Tieren &#8211; zur Unterst\u00fctzung bei Handaufzucht, Zuf\u00fctterung oder vor\u00fcbergehendem Fl\u00fcssigkeitsbedarf. Flaschen 2 oz und 4 oz mit Graduierung, Verschlusskappe, Silikonsauger in l\u00e4nglicher und ballonf\u00f6rmiger Ausf\u00fchrung f\u00fcr unterschiedliche Tiergr\u00f6ssen und eine Reinigungsb\u00fcrste.\" \/>\n<meta property=\"og:url\" content=\"https:\/\/a-h-health.ch\/fr\/shop\/nursing-kit-petag-fuer-kmresbilac\/\" \/>\n<meta property=\"og:site_name\" content=\"Animal &amp; Human Health AG\" \/>\n<meta property=\"article:modified_time\" content=\"2026-04-17T09:01:56+00:00\" \/>\n<meta property=\"og:image\" content=\"https:\/\/a-h-health.ch\/wp-content\/uploads\/2026\/03\/Nursing-Kit.png\" \/>\n\t<meta property=\"og:image:width\" content=\"308\" \/>\n\t<meta property=\"og:image:height\" content=\"410\" \/>\n\t<meta property=\"og:image:type\" content=\"image\/png\" \/>\n<meta name=\"twitter:card\" content=\"summary_large_image\" \/>\n<script type=\"application\/ld+json\" class=\"yoast-schema-graph\">{\"@context\":\"https:\\\/\\\/schema.org\",\"@graph\":[{\"@type\":\"WebPage\",\"@id\":\"https:\\\/\\\/a-h-health.ch\\\/shop\\\/nursing-kit-petag-fuer-kmresbilac\\\/\",\"url\":\"https:\\\/\\\/a-h-health.ch\\\/shop\\\/nursing-kit-petag-fuer-kmresbilac\\\/\",\"name\":\"Nursing Kit PetAg f\u00fcr KMR+Esbilac - Animal &amp; Human Health AG\",\"isPartOf\":{\"@id\":\"https:\\\/\\\/a-h-health.ch\\\/#website\"},\"primaryImageOfPage\":{\"@id\":\"https:\\\/\\\/a-h-health.ch\\\/shop\\\/nursing-kit-petag-fuer-kmresbilac\\\/#primaryimage\"},\"image\":{\"@id\":\"https:\\\/\\\/a-h-health.ch\\\/shop\\\/nursing-kit-petag-fuer-kmresbilac\\\/#primaryimage\"},\"thumbnailUrl\":\"https:\\\/\\\/a-h-health.ch\\\/wp-content\\\/uploads\\\/2026\\\/03\\\/Nursing-Kit.png\",\"datePublished\":\"2026-03-19T14:53:17+00:00\",\"dateModified\":\"2026-04-17T09:01:56+00:00\",\"breadcrumb\":{\"@id\":\"https:\\\/\\\/a-h-health.ch\\\/shop\\\/nursing-kit-petag-fuer-kmresbilac\\\/#breadcrumb\"},\"inLanguage\":\"fr-FR\",\"potentialAction\":[{\"@type\":\"ReadAction\",\"target\":[\"https:\\\/\\\/a-h-health.ch\\\/shop\\\/nursing-kit-petag-fuer-kmresbilac\\\/\"]}]},{\"@type\":\"ImageObject\",\"inLanguage\":\"fr-FR\",\"@id\":\"https:\\\/\\\/a-h-health.ch\\\/shop\\\/nursing-kit-petag-fuer-kmresbilac\\\/#primaryimage\",\"url\":\"https:\\\/\\\/a-h-health.ch\\\/wp-content\\\/uploads\\\/2026\\\/03\\\/Nursing-Kit.png\",\"contentUrl\":\"https:\\\/\\\/a-h-health.ch\\\/wp-content\\\/uploads\\\/2026\\\/03\\\/Nursing-Kit.png\",\"width\":308,\"height\":410},{\"@type\":\"BreadcrumbList\",\"@id\":\"https:\\\/\\\/a-h-health.ch\\\/shop\\\/nursing-kit-petag-fuer-kmresbilac\\\/#breadcrumb\",\"itemListElement\":[{\"@type\":\"ListItem\",\"position\":1,\"name\":\"Startseite\",\"item\":\"https:\\\/\\\/a-h-health.ch\\\/\"},{\"@type\":\"ListItem\",\"position\":2,\"name\":\"Shop\",\"item\":\"https:\\\/\\\/a-h-health.ch\\\/shop\\\/\"},{\"@type\":\"ListItem\",\"position\":3,\"name\":\"Nursing Kit PetAg f\u00fcr KMR+Esbilac\"}]},{\"@type\":\"WebSite\",\"@id\":\"https:\\\/\\\/a-h-health.ch\\\/#website\",\"url\":\"https:\\\/\\\/a-h-health.ch\\\/\",\"name\":\"Animal and Human Health AG\",\"description\":\"Wir sind Ihre Ansprechpartner, wenn es um die professionelle Gesundheit und das Wohl ihres Tieres geht.\",\"publisher\":{\"@id\":\"https:\\\/\\\/a-h-health.ch\\\/#organization\"},\"alternateName\":\"a-h-health\",\"potentialAction\":[{\"@type\":\"SearchAction\",\"target\":{\"@type\":\"EntryPoint\",\"urlTemplate\":\"https:\\\/\\\/a-h-health.ch\\\/?s={search_term_string}\"},\"query-input\":{\"@type\":\"PropertyValueSpecification\",\"valueRequired\":true,\"valueName\":\"search_term_string\"}}],\"inLanguage\":\"fr-FR\"},{\"@type\":\"Organization\",\"@id\":\"https:\\\/\\\/a-h-health.ch\\\/#organization\",\"name\":\"Animal & Human Health AG\",\"url\":\"https:\\\/\\\/a-h-health.ch\\\/\",\"logo\":{\"@type\":\"ImageObject\",\"inLanguage\":\"fr-FR\",\"@id\":\"https:\\\/\\\/a-h-health.ch\\\/#\\\/schema\\\/logo\\\/image\\\/\",\"url\":\"https:\\\/\\\/a-h-health.ch\\\/wp-content\\\/uploads\\\/2020\\\/12\\\/Logo-animal-health.jpg\",\"contentUrl\":\"https:\\\/\\\/a-h-health.ch\\\/wp-content\\\/uploads\\\/2020\\\/12\\\/Logo-animal-health.jpg\",\"width\":653,\"height\":56,\"caption\":\"Animal & Human Health AG\"},\"image\":{\"@id\":\"https:\\\/\\\/a-h-health.ch\\\/#\\\/schema\\\/logo\\\/image\\\/\"}}]}<\/script>\n<!-- \/ Yoast SEO plugin. -->","yoast_head_json":{"title":"Nur\u00adsing Kit PetAg f\u00fcr KMR+Esbilac \u2013 Ani\u00admal &amp; Human Health AG","robots":{"index":"index","follow":"follow","max-snippet":"max-snippet:-1","max-image-preview":"max-image-preview:large","max-video-preview":"max-video-preview:-1"},"canonical":"https:\/\/a-h-health.ch\/fr\/shop\/nursing-kit-petag-fuer-kmresbilac\/","og_locale":"fr_FR","og_type":"article","og_title":"Nursing Kit PetAg f\u00fcr KMR+Esbilac - Animal &amp; Human Health AG","og_description":"Das PetAG Nursing Kit ist ein Flaschen Set zur nat\u00fcrlichen Aufnahme von Fl\u00fcssigkeiten bei Jungtieren und kleinen Tieren &#8211; zur Unterst\u00fctzung bei Handaufzucht, Zuf\u00fctterung oder vor\u00fcbergehendem Fl\u00fcssigkeitsbedarf. Flaschen 2 oz und 4 oz mit Graduierung, Verschlusskappe, Silikonsauger in l\u00e4nglicher und ballonf\u00f6rmiger Ausf\u00fchrung f\u00fcr unterschiedliche Tiergr\u00f6ssen und eine Reinigungsb\u00fcrste.","og_url":"https:\/\/a-h-health.ch\/fr\/shop\/nursing-kit-petag-fuer-kmresbilac\/","og_site_name":"Animal &amp; Human Health AG","article_modified_time":"2026-04-17T09:01:56+00:00","og_image":[{"width":308,"height":410,"url":"https:\/\/a-h-health.ch\/wp-content\/uploads\/2026\/03\/Nursing-Kit.png","type":"image\/png"}],"twitter_card":"summary_large_image","schema":{"@context":"https:\/\/schema.org","@graph":[{"@type":"WebPage","@id":"https:\/\/a-h-health.ch\/shop\/nursing-kit-petag-fuer-kmresbilac\/","url":"https:\/\/a-h-health.ch\/shop\/nursing-kit-petag-fuer-kmresbilac\/","name":"Nur\u00adsing Kit PetAg f\u00fcr KMR+Esbilac \u2013 Ani\u00admal &amp; Human Health AG","isPartOf":{"@id":"https:\/\/a-h-health.ch\/#website"},"primaryImageOfPage":{"@id":"https:\/\/a-h-health.ch\/shop\/nursing-kit-petag-fuer-kmresbilac\/#primaryimage"},"image":{"@id":"https:\/\/a-h-health.ch\/shop\/nursing-kit-petag-fuer-kmresbilac\/#primaryimage"},"thumbnailUrl":"https:\/\/a-h-health.ch\/wp-content\/uploads\/2026\/03\/Nursing-Kit.png","datePublished":"2026-03-19T14:53:17+00:00","dateModified":"2026-04-17T09:01:56+00:00","breadcrumb":{"@id":"https:\/\/a-h-health.ch\/shop\/nursing-kit-petag-fuer-kmresbilac\/#breadcrumb"},"inLanguage":"fr-FR","potentialAction":[{"@type":"ReadAction","target":["https:\/\/a-h-health.ch\/shop\/nursing-kit-petag-fuer-kmresbilac\/"]}]},{"@type":"ImageObject","inLanguage":"fr-FR","@id":"https:\/\/a-h-health.ch\/shop\/nursing-kit-petag-fuer-kmresbilac\/#primaryimage","url":"https:\/\/a-h-health.ch\/wp-content\/uploads\/2026\/03\/Nursing-Kit.png","contentUrl":"https:\/\/a-h-health.ch\/wp-content\/uploads\/2026\/03\/Nursing-Kit.png","width":308,"height":410},{"@type":"BreadcrumbList","@id":"https:\/\/a-h-health.ch\/shop\/nursing-kit-petag-fuer-kmresbilac\/#breadcrumb","itemListElement":[{"@type":"ListItem","position":1,"name":"Startseite","item":"https:\/\/a-h-health.ch\/"},{"@type":"ListItem","position":2,"name":"Shop","item":"https:\/\/a-h-health.ch\/shop\/"},{"@type":"ListItem","position":3,"name":"Nursing Kit PetAg f\u00fcr KMR+Esbilac"}]},{"@type":"WebSite","@id":"https:\/\/a-h-health.ch\/#website","url":"https:\/\/a-h-health.ch\/","name":"Ani\u00admal and Human Health AG","description":"Nous som\u00admes vos interlo\u00adcu\u00adteurs lorsqu\u2019il s\u2019a\u00adgit de la san\u00adt\u00e9 pro\u00adfes\u00adsi\u00adon\u00adnel\u00adle et du bien-\u00eatre de vot\u00adre animal.","publisher":{"@id":"https:\/\/a-h-health.ch\/#organization"},"alternateName":"a-h-health","potentialAction":[{"@type":"SearchAction","target":{"@type":"EntryPoint","urlTemplate":"https:\/\/a-h-health.ch\/?s={search_term_string}"},"query-input":{"@type":"PropertyValueSpecification","valueRequired":true,"valueName":"search_term_string"}}],"inLanguage":"fr-FR"},{"@type":"Organization","@id":"https:\/\/a-h-health.ch\/#organization","name":"Ani\u00admal &amp; Human Health AG","url":"https:\/\/a-h-health.ch\/","logo":{"@type":"ImageObject","inLanguage":"fr-FR","@id":"https:\/\/a-h-health.ch\/#\/schema\/logo\/image\/","url":"https:\/\/a-h-health.ch\/wp-content\/uploads\/2020\/12\/Logo-animal-health.jpg","contentUrl":"https:\/\/a-h-health.ch\/wp-content\/uploads\/2020\/12\/Logo-animal-health.jpg","width":653,"height":56,"caption":"Animal & Human Health AG"},"image":{"@id":"https:\/\/a-h-health.ch\/#\/schema\/logo\/image\/"}}]}},"_links":{"self":[{"href":"https:\/\/a-h-health.ch\/fr\/wp-json\/wp\/v2\/product\/18334","targetHints":{"allow":["GET"]}}],"collection":[{"href":"https:\/\/a-h-health.ch\/fr\/wp-json\/wp\/v2\/product"}],"about":[{"href":"https:\/\/a-h-health.ch\/fr\/wp-json\/wp\/v2\/types\/product"}],"wp:featuredmedia":[{"embeddable":true,"href":"https:\/\/a-h-health.ch\/fr\/wp-json\/wp\/v2\/media\/18335"}],"wp:attachment":[{"href":"https:\/\/a-h-health.ch\/fr\/wp-json\/wp\/v2\/media?parent=18334"}],"wp:term":[{"taxonomy":"product_brand","embeddable":true,"href":"https:\/\/a-h-health.ch\/fr\/wp-json\/wp\/v2\/product_brand?post=18334"},{"taxonomy":"product_cat","embeddable":true,"href":"https:\/\/a-h-health.ch\/fr\/wp-json\/wp\/v2\/product_cat?post=18334"},{"taxonomy":"product_tag","embeddable":true,"href":"https:\/\/a-h-health.ch\/fr\/wp-json\/wp\/v2\/product_tag?post=18334"}],"curies":[{"name":"wp","href":"https:\/\/api.w.org\/{rel}","templated":true}]}}