{"id":18268,"date":"2026-01-22T16:32:00","date_gmt":"2026-01-22T15:32:00","guid":{"rendered":"https:\/\/a-h-health.ch\/?post_type=product&#038;p=18268"},"modified":"2026-01-22T16:32:01","modified_gmt":"2026-01-22T15:32:01","slug":"canisense-caniflex-250-gr","status":"publish","type":"product","link":"https:\/\/a-h-health.ch\/fr\/shop\/canisense-caniflex-250-gr\/","title":{"rendered":"Canis\u00aden\u00adse Cani\u00adflex 250&nbsp;gr"},"content":{"rendered":"<p>Con\u00adtri\u00adbue au d\u00e9ve\u00adlo\u00adp\u00adpe\u00adment mus\u00adcu\u00adlai\u00adre, \u00e0 la r\u00e9g\u00e9\u00adn\u00e9\u00adra\u00adti\u00adon et \u00e0 la mobi\u00adli\u00adt\u00e9 chez les chiens.<br>\nFavo\u00adri\u00adse la san\u00adt\u00e9 des arti\u00adcu\u00adla\u00adti\u00adons et la mobi\u00adli\u00adt\u00e9 de l\u2019ap\u00adpa\u00adreil locomoteur.<br>\nRecom\u00adman\u00add\u00e9 pour les chiens \u00e2g\u00e9s, sujets \u00e0 l\u2019ar\u00adthro\u00adse ou \u00e0 une solli\u00adci\u00adta\u00adti\u00adon accrue des mus\u00adcles et des articulations.<\/p>","protected":false},"excerpt":{"rendered":"<p>Unter\u00adst\u00fctzt den Mus\u00adkel\u00adauf\u00adbau, die Rege\u00adne\u00adra\u00adti\u00adon und die Beweg\u00adlich\u00adkeit bei Hun\u00adden. F\u00f6r\u00addert gesun\u00adde Gelen\u00adke und die Beweg\u00adlich\u00adkeit des Bewe\u00adgungs\u00adap\u00adpa\u00adrats. Emp\u00adfoh\u00adlen bei \u00e4lte\u00adren Hun\u00adden, Arthro\u00adse\u00adan\u00adf\u00e4l\u00adlig\u00adkeit oder erh\u00f6h\u00adter Bela\u00adstung von Mus\u00adkeln und Gelenken.<\/p>","protected":false},"featured_media":18269,"template":"","meta":{"wp_typography_post_enhancements_disabled":false},"product_brand":[],"product_cat":[34],"product_tag":[],"class_list":{"0":"post-18268","1":"product","2":"type-product","3":"status-publish","4":"has-post-thumbnail","6":"product_cat-nahrungsergaenzung","8":"first","9":"instock","10":"taxable","11":"shipping-taxable","12":"product-type-simple"},"yoast_head":"<!-- This site is optimized with the Yoast SEO plugin v27.4 - https:\/\/yoast.com\/product\/yoast-seo-wordpress\/ -->\n<title>Canisense Caniflex 250 gr - Animal &amp; Human Health AG<\/title>\n<meta name=\"robots\" content=\"index, follow, max-snippet:-1, max-image-preview:large, max-video-preview:-1\" \/>\n<link rel=\"canonical\" href=\"https:\/\/a-h-health.ch\/fr\/shop\/canisense-caniflex-250-gr\/\" \/>\n<meta property=\"og:locale\" content=\"fr_FR\" \/>\n<meta property=\"og:type\" content=\"article\" \/>\n<meta property=\"og:title\" content=\"Canisense Caniflex 250 gr - Animal &amp; Human Health AG\" \/>\n<meta property=\"og:description\" content=\"Unterst\u00fctzt den Muskelaufbau, die Regeneration und die Beweglichkeit bei Hunden. F\u00f6rdert gesunde Gelenke und die Beweglichkeit des Bewegungsapparats. Empfohlen bei \u00e4lteren Hunden, Arthroseanf\u00e4lligkeit oder erh\u00f6hter Belastung von Muskeln und Gelenken.\" \/>\n<meta property=\"og:url\" content=\"https:\/\/a-h-health.ch\/fr\/shop\/canisense-caniflex-250-gr\/\" \/>\n<meta property=\"og:site_name\" content=\"Animal &amp; Human Health AG\" \/>\n<meta property=\"article:modified_time\" content=\"2026-01-22T15:32:01+00:00\" \/>\n<meta property=\"og:image\" content=\"https:\/\/a-h-health.ch\/wp-content\/uploads\/2026\/01\/Caniflex.jpg\" \/>\n\t<meta property=\"og:image:width\" content=\"323\" \/>\n\t<meta property=\"og:image:height\" content=\"416\" \/>\n\t<meta property=\"og:image:type\" content=\"image\/jpeg\" \/>\n<meta name=\"twitter:card\" content=\"summary_large_image\" \/>\n<script type=\"application\/ld+json\" class=\"yoast-schema-graph\">{\"@context\":\"https:\\\/\\\/schema.org\",\"@graph\":[{\"@type\":\"WebPage\",\"@id\":\"https:\\\/\\\/a-h-health.ch\\\/shop\\\/canisense-caniflex-250-gr\\\/\",\"url\":\"https:\\\/\\\/a-h-health.ch\\\/shop\\\/canisense-caniflex-250-gr\\\/\",\"name\":\"Canisense Caniflex 250 gr - Animal &amp; Human Health AG\",\"isPartOf\":{\"@id\":\"https:\\\/\\\/a-h-health.ch\\\/#website\"},\"primaryImageOfPage\":{\"@id\":\"https:\\\/\\\/a-h-health.ch\\\/shop\\\/canisense-caniflex-250-gr\\\/#primaryimage\"},\"image\":{\"@id\":\"https:\\\/\\\/a-h-health.ch\\\/shop\\\/canisense-caniflex-250-gr\\\/#primaryimage\"},\"thumbnailUrl\":\"https:\\\/\\\/a-h-health.ch\\\/wp-content\\\/uploads\\\/2026\\\/01\\\/Caniflex.jpg\",\"datePublished\":\"2026-01-22T15:32:00+00:00\",\"dateModified\":\"2026-01-22T15:32:01+00:00\",\"breadcrumb\":{\"@id\":\"https:\\\/\\\/a-h-health.ch\\\/shop\\\/canisense-caniflex-250-gr\\\/#breadcrumb\"},\"inLanguage\":\"fr-FR\",\"potentialAction\":[{\"@type\":\"ReadAction\",\"target\":[\"https:\\\/\\\/a-h-health.ch\\\/shop\\\/canisense-caniflex-250-gr\\\/\"]}]},{\"@type\":\"ImageObject\",\"inLanguage\":\"fr-FR\",\"@id\":\"https:\\\/\\\/a-h-health.ch\\\/shop\\\/canisense-caniflex-250-gr\\\/#primaryimage\",\"url\":\"https:\\\/\\\/a-h-health.ch\\\/wp-content\\\/uploads\\\/2026\\\/01\\\/Caniflex.jpg\",\"contentUrl\":\"https:\\\/\\\/a-h-health.ch\\\/wp-content\\\/uploads\\\/2026\\\/01\\\/Caniflex.jpg\",\"width\":323,\"height\":416},{\"@type\":\"BreadcrumbList\",\"@id\":\"https:\\\/\\\/a-h-health.ch\\\/shop\\\/canisense-caniflex-250-gr\\\/#breadcrumb\",\"itemListElement\":[{\"@type\":\"ListItem\",\"position\":1,\"name\":\"Startseite\",\"item\":\"https:\\\/\\\/a-h-health.ch\\\/\"},{\"@type\":\"ListItem\",\"position\":2,\"name\":\"Shop\",\"item\":\"https:\\\/\\\/a-h-health.ch\\\/shop\\\/\"},{\"@type\":\"ListItem\",\"position\":3,\"name\":\"Canisense Caniflex 250 gr\"}]},{\"@type\":\"WebSite\",\"@id\":\"https:\\\/\\\/a-h-health.ch\\\/#website\",\"url\":\"https:\\\/\\\/a-h-health.ch\\\/\",\"name\":\"Animal and Human Health AG\",\"description\":\"Wir sind Ihre Ansprechpartner, wenn es um die professionelle Gesundheit und das Wohl ihres Tieres geht.\",\"publisher\":{\"@id\":\"https:\\\/\\\/a-h-health.ch\\\/#organization\"},\"alternateName\":\"a-h-health\",\"potentialAction\":[{\"@type\":\"SearchAction\",\"target\":{\"@type\":\"EntryPoint\",\"urlTemplate\":\"https:\\\/\\\/a-h-health.ch\\\/?s={search_term_string}\"},\"query-input\":{\"@type\":\"PropertyValueSpecification\",\"valueRequired\":true,\"valueName\":\"search_term_string\"}}],\"inLanguage\":\"fr-FR\"},{\"@type\":\"Organization\",\"@id\":\"https:\\\/\\\/a-h-health.ch\\\/#organization\",\"name\":\"Animal & Human Health AG\",\"url\":\"https:\\\/\\\/a-h-health.ch\\\/\",\"logo\":{\"@type\":\"ImageObject\",\"inLanguage\":\"fr-FR\",\"@id\":\"https:\\\/\\\/a-h-health.ch\\\/#\\\/schema\\\/logo\\\/image\\\/\",\"url\":\"https:\\\/\\\/a-h-health.ch\\\/wp-content\\\/uploads\\\/2020\\\/12\\\/Logo-animal-health.jpg\",\"contentUrl\":\"https:\\\/\\\/a-h-health.ch\\\/wp-content\\\/uploads\\\/2020\\\/12\\\/Logo-animal-health.jpg\",\"width\":653,\"height\":56,\"caption\":\"Animal & Human Health AG\"},\"image\":{\"@id\":\"https:\\\/\\\/a-h-health.ch\\\/#\\\/schema\\\/logo\\\/image\\\/\"}}]}<\/script>\n<!-- \/ Yoast SEO plugin. -->","yoast_head_json":{"title":"Canis\u00aden\u00adse Cani\u00adflex 250 gr \u2013 Ani\u00admal &amp; Human Health AG","robots":{"index":"index","follow":"follow","max-snippet":"max-snippet:-1","max-image-preview":"max-image-preview:large","max-video-preview":"max-video-preview:-1"},"canonical":"https:\/\/a-h-health.ch\/fr\/shop\/canisense-caniflex-250-gr\/","og_locale":"fr_FR","og_type":"article","og_title":"Canisense Caniflex 250 gr - Animal &amp; Human Health AG","og_description":"Unterst\u00fctzt den Muskelaufbau, die Regeneration und die Beweglichkeit bei Hunden. F\u00f6rdert gesunde Gelenke und die Beweglichkeit des Bewegungsapparats. Empfohlen bei \u00e4lteren Hunden, Arthroseanf\u00e4lligkeit oder erh\u00f6hter Belastung von Muskeln und Gelenken.","og_url":"https:\/\/a-h-health.ch\/fr\/shop\/canisense-caniflex-250-gr\/","og_site_name":"Animal &amp; Human Health AG","article_modified_time":"2026-01-22T15:32:01+00:00","og_image":[{"width":323,"height":416,"url":"https:\/\/a-h-health.ch\/wp-content\/uploads\/2026\/01\/Caniflex.jpg","type":"image\/jpeg"}],"twitter_card":"summary_large_image","schema":{"@context":"https:\/\/schema.org","@graph":[{"@type":"WebPage","@id":"https:\/\/a-h-health.ch\/shop\/canisense-caniflex-250-gr\/","url":"https:\/\/a-h-health.ch\/shop\/canisense-caniflex-250-gr\/","name":"Canis\u00aden\u00adse Cani\u00adflex 250 gr \u2013 Ani\u00admal &amp; Human Health AG","isPartOf":{"@id":"https:\/\/a-h-health.ch\/#website"},"primaryImageOfPage":{"@id":"https:\/\/a-h-health.ch\/shop\/canisense-caniflex-250-gr\/#primaryimage"},"image":{"@id":"https:\/\/a-h-health.ch\/shop\/canisense-caniflex-250-gr\/#primaryimage"},"thumbnailUrl":"https:\/\/a-h-health.ch\/wp-content\/uploads\/2026\/01\/Caniflex.jpg","datePublished":"2026-01-22T15:32:00+00:00","dateModified":"2026-01-22T15:32:01+00:00","breadcrumb":{"@id":"https:\/\/a-h-health.ch\/shop\/canisense-caniflex-250-gr\/#breadcrumb"},"inLanguage":"fr-FR","potentialAction":[{"@type":"ReadAction","target":["https:\/\/a-h-health.ch\/shop\/canisense-caniflex-250-gr\/"]}]},{"@type":"ImageObject","inLanguage":"fr-FR","@id":"https:\/\/a-h-health.ch\/shop\/canisense-caniflex-250-gr\/#primaryimage","url":"https:\/\/a-h-health.ch\/wp-content\/uploads\/2026\/01\/Caniflex.jpg","contentUrl":"https:\/\/a-h-health.ch\/wp-content\/uploads\/2026\/01\/Caniflex.jpg","width":323,"height":416},{"@type":"BreadcrumbList","@id":"https:\/\/a-h-health.ch\/shop\/canisense-caniflex-250-gr\/#breadcrumb","itemListElement":[{"@type":"ListItem","position":1,"name":"Startseite","item":"https:\/\/a-h-health.ch\/"},{"@type":"ListItem","position":2,"name":"Shop","item":"https:\/\/a-h-health.ch\/shop\/"},{"@type":"ListItem","position":3,"name":"Canisense Caniflex 250 gr"}]},{"@type":"WebSite","@id":"https:\/\/a-h-health.ch\/#website","url":"https:\/\/a-h-health.ch\/","name":"Ani\u00admal and Human Health AG","description":"Nous som\u00admes vos interlo\u00adcu\u00adteurs lorsqu\u2019il s\u2019a\u00adgit de la san\u00adt\u00e9 pro\u00adfes\u00adsi\u00adon\u00adnel\u00adle et du bien-\u00eatre de vot\u00adre animal.","publisher":{"@id":"https:\/\/a-h-health.ch\/#organization"},"alternateName":"a-h-health","potentialAction":[{"@type":"SearchAction","target":{"@type":"EntryPoint","urlTemplate":"https:\/\/a-h-health.ch\/?s={search_term_string}"},"query-input":{"@type":"PropertyValueSpecification","valueRequired":true,"valueName":"search_term_string"}}],"inLanguage":"fr-FR"},{"@type":"Organization","@id":"https:\/\/a-h-health.ch\/#organization","name":"Ani\u00admal &amp; Human Health AG","url":"https:\/\/a-h-health.ch\/","logo":{"@type":"ImageObject","inLanguage":"fr-FR","@id":"https:\/\/a-h-health.ch\/#\/schema\/logo\/image\/","url":"https:\/\/a-h-health.ch\/wp-content\/uploads\/2020\/12\/Logo-animal-health.jpg","contentUrl":"https:\/\/a-h-health.ch\/wp-content\/uploads\/2020\/12\/Logo-animal-health.jpg","width":653,"height":56,"caption":"Animal & Human Health AG"},"image":{"@id":"https:\/\/a-h-health.ch\/#\/schema\/logo\/image\/"}}]}},"_links":{"self":[{"href":"https:\/\/a-h-health.ch\/fr\/wp-json\/wp\/v2\/product\/18268","targetHints":{"allow":["GET"]}}],"collection":[{"href":"https:\/\/a-h-health.ch\/fr\/wp-json\/wp\/v2\/product"}],"about":[{"href":"https:\/\/a-h-health.ch\/fr\/wp-json\/wp\/v2\/types\/product"}],"wp:featuredmedia":[{"embeddable":true,"href":"https:\/\/a-h-health.ch\/fr\/wp-json\/wp\/v2\/media\/18269"}],"wp:attachment":[{"href":"https:\/\/a-h-health.ch\/fr\/wp-json\/wp\/v2\/media?parent=18268"}],"wp:term":[{"taxonomy":"product_brand","embeddable":true,"href":"https:\/\/a-h-health.ch\/fr\/wp-json\/wp\/v2\/product_brand?post=18268"},{"taxonomy":"product_cat","embeddable":true,"href":"https:\/\/a-h-health.ch\/fr\/wp-json\/wp\/v2\/product_cat?post=18268"},{"taxonomy":"product_tag","embeddable":true,"href":"https:\/\/a-h-health.ch\/fr\/wp-json\/wp\/v2\/product_tag?post=18268"}],"curies":[{"name":"wp","href":"https:\/\/api.w.org\/{rel}","templated":true}]}}