{"id":18250,"date":"2026-01-12T17:08:24","date_gmt":"2026-01-12T16:08:24","guid":{"rendered":"https:\/\/a-h-health.ch\/?post_type=product&#038;p=18250"},"modified":"2026-01-22T15:51:04","modified_gmt":"2026-01-22T14:51:04","slug":"grande-cure-muscle-builder-500-ml","status":"publish","type":"product","link":"https:\/\/a-h-health.ch\/fr\/shop\/grande-cure-muscle-builder-500-ml\/","title":{"rendered":"Gran\u00adde Cure Mus\u00adcle Buil\u00adder 500&nbsp;ml"},"content":{"rendered":"<p>Com\u00adpl\u00e9\u00adment ali\u00admen\u00adtai\u00adre pour chevaux, fab\u00adri\u00adqu\u00e9 \u00e0 par\u00adtir d\u2019hui\u00adle de ger\u00adme de riz de hau\u00adte qua\u00adli\u00adt\u00e9 et de gam\u00adma-ory\u00adza\u00adnol. Pour com\u00adpl\u00e9\u00adter la rati\u00adon ali\u00admen\u00adtai\u00adre quo\u00adti\u00addi\u00aden\u00adne pen\u00addant l\u2019en\u00adtra\u00ee\u00adne\u00adment, la mise en con\u00addi\u00adti\u00adon ou les p\u00e9ri\u00adodes d\u2019ef\u00adfort phy\u00adsi\u00adque&nbsp;accru.<\/p>","protected":false},"excerpt":{"rendered":"<p>Com\u00adpl\u00e9\u00adment ali\u00admen\u00adtai\u00adre pour chevaux, fab\u00adri\u00adqu\u00e9 \u00e0 par\u00adtir d\u2019hui\u00adle de ger\u00adme de riz de hau\u00adte qua\u00adli\u00adt\u00e9 et de gam\u00adma-ory\u00adza\u00adnol. Pour com\u00adpl\u00e9\u00adter la rati\u00adon ali\u00admen\u00adtai\u00adre quo\u00adti\u00addi\u00aden\u00adne pen\u00addant l\u2019en\u00adtra\u00ee\u00adne\u00adment, la mise en con\u00addi\u00adti\u00adon ou les p\u00e9ri\u00adodes d\u2019ef\u00adfort phy\u00adsi\u00adque&nbsp;accru.<\/p>","protected":false},"featured_media":18251,"template":"","meta":{"wp_typography_post_enhancements_disabled":false},"product_brand":[],"product_cat":[34],"product_tag":[],"class_list":{"0":"post-18250","1":"product","2":"type-product","3":"status-publish","4":"has-post-thumbnail","6":"product_cat-nahrungsergaenzung","8":"first","9":"instock","10":"taxable","11":"shipping-taxable","12":"product-type-simple"},"yoast_head":"<!-- This site is optimized with the Yoast SEO plugin v27.4 - https:\/\/yoast.com\/product\/yoast-seo-wordpress\/ -->\n<title>Grande Cure Muscle Builder 500 ml - Animal &amp; Human Health AG<\/title>\n<meta name=\"robots\" content=\"index, follow, max-snippet:-1, max-image-preview:large, max-video-preview:-1\" \/>\n<link rel=\"canonical\" href=\"https:\/\/a-h-health.ch\/fr\/shop\/grande-cure-muscle-builder-500-ml\/\" \/>\n<meta property=\"og:locale\" content=\"fr_FR\" \/>\n<meta property=\"og:type\" content=\"article\" \/>\n<meta property=\"og:title\" content=\"Grande Cure Muscle Builder 500 ml - Animal &amp; Human Health AG\" \/>\n<meta property=\"og:description\" content=\"Erg\u00e4nzungsfuttermittel f\u00fcr Pferde, hergestellt aus hochwertigem Reiskeim\u00f6l und Gamma-Oryzanol. Zur Erg\u00e4nzung der t\u00e4glichen Futterration w\u00e4hrend des Trainings, der Konditionierung oder in Zeiten erh\u00f6hter k\u00f6rperlicher Anstrengung.\" \/>\n<meta property=\"og:url\" content=\"https:\/\/a-h-health.ch\/fr\/shop\/grande-cure-muscle-builder-500-ml\/\" \/>\n<meta property=\"og:site_name\" content=\"Animal &amp; Human Health AG\" \/>\n<meta property=\"article:modified_time\" content=\"2026-01-22T14:51:04+00:00\" \/>\n<meta property=\"og:image\" content=\"https:\/\/a-h-health.ch\/wp-content\/uploads\/2026\/01\/muscle-builder-grande-cure.jpg\" \/>\n\t<meta property=\"og:image:width\" content=\"800\" \/>\n\t<meta property=\"og:image:height\" content=\"800\" \/>\n\t<meta property=\"og:image:type\" content=\"image\/jpeg\" \/>\n<meta name=\"twitter:card\" content=\"summary_large_image\" \/>\n<script type=\"application\/ld+json\" class=\"yoast-schema-graph\">{\"@context\":\"https:\\\/\\\/schema.org\",\"@graph\":[{\"@type\":\"WebPage\",\"@id\":\"https:\\\/\\\/a-h-health.ch\\\/shop\\\/grande-cure-muscle-builder-500-ml\\\/\",\"url\":\"https:\\\/\\\/a-h-health.ch\\\/shop\\\/grande-cure-muscle-builder-500-ml\\\/\",\"name\":\"Grande Cure Muscle Builder 500 ml - Animal &amp; Human Health AG\",\"isPartOf\":{\"@id\":\"https:\\\/\\\/a-h-health.ch\\\/#website\"},\"primaryImageOfPage\":{\"@id\":\"https:\\\/\\\/a-h-health.ch\\\/shop\\\/grande-cure-muscle-builder-500-ml\\\/#primaryimage\"},\"image\":{\"@id\":\"https:\\\/\\\/a-h-health.ch\\\/shop\\\/grande-cure-muscle-builder-500-ml\\\/#primaryimage\"},\"thumbnailUrl\":\"https:\\\/\\\/a-h-health.ch\\\/wp-content\\\/uploads\\\/2026\\\/01\\\/muscle-builder-grande-cure.jpg\",\"datePublished\":\"2026-01-12T16:08:24+00:00\",\"dateModified\":\"2026-01-22T14:51:04+00:00\",\"breadcrumb\":{\"@id\":\"https:\\\/\\\/a-h-health.ch\\\/shop\\\/grande-cure-muscle-builder-500-ml\\\/#breadcrumb\"},\"inLanguage\":\"fr-FR\",\"potentialAction\":[{\"@type\":\"ReadAction\",\"target\":[\"https:\\\/\\\/a-h-health.ch\\\/shop\\\/grande-cure-muscle-builder-500-ml\\\/\"]}]},{\"@type\":\"ImageObject\",\"inLanguage\":\"fr-FR\",\"@id\":\"https:\\\/\\\/a-h-health.ch\\\/shop\\\/grande-cure-muscle-builder-500-ml\\\/#primaryimage\",\"url\":\"https:\\\/\\\/a-h-health.ch\\\/wp-content\\\/uploads\\\/2026\\\/01\\\/muscle-builder-grande-cure.jpg\",\"contentUrl\":\"https:\\\/\\\/a-h-health.ch\\\/wp-content\\\/uploads\\\/2026\\\/01\\\/muscle-builder-grande-cure.jpg\",\"width\":800,\"height\":800},{\"@type\":\"BreadcrumbList\",\"@id\":\"https:\\\/\\\/a-h-health.ch\\\/shop\\\/grande-cure-muscle-builder-500-ml\\\/#breadcrumb\",\"itemListElement\":[{\"@type\":\"ListItem\",\"position\":1,\"name\":\"Startseite\",\"item\":\"https:\\\/\\\/a-h-health.ch\\\/\"},{\"@type\":\"ListItem\",\"position\":2,\"name\":\"Shop\",\"item\":\"https:\\\/\\\/a-h-health.ch\\\/shop\\\/\"},{\"@type\":\"ListItem\",\"position\":3,\"name\":\"Grande Cure Muscle Builder 500 ml\"}]},{\"@type\":\"WebSite\",\"@id\":\"https:\\\/\\\/a-h-health.ch\\\/#website\",\"url\":\"https:\\\/\\\/a-h-health.ch\\\/\",\"name\":\"Animal and Human Health AG\",\"description\":\"Wir sind Ihre Ansprechpartner, wenn es um die professionelle Gesundheit und das Wohl ihres Tieres geht.\",\"publisher\":{\"@id\":\"https:\\\/\\\/a-h-health.ch\\\/#organization\"},\"alternateName\":\"a-h-health\",\"potentialAction\":[{\"@type\":\"SearchAction\",\"target\":{\"@type\":\"EntryPoint\",\"urlTemplate\":\"https:\\\/\\\/a-h-health.ch\\\/?s={search_term_string}\"},\"query-input\":{\"@type\":\"PropertyValueSpecification\",\"valueRequired\":true,\"valueName\":\"search_term_string\"}}],\"inLanguage\":\"fr-FR\"},{\"@type\":\"Organization\",\"@id\":\"https:\\\/\\\/a-h-health.ch\\\/#organization\",\"name\":\"Animal & Human Health AG\",\"url\":\"https:\\\/\\\/a-h-health.ch\\\/\",\"logo\":{\"@type\":\"ImageObject\",\"inLanguage\":\"fr-FR\",\"@id\":\"https:\\\/\\\/a-h-health.ch\\\/#\\\/schema\\\/logo\\\/image\\\/\",\"url\":\"https:\\\/\\\/a-h-health.ch\\\/wp-content\\\/uploads\\\/2020\\\/12\\\/Logo-animal-health.jpg\",\"contentUrl\":\"https:\\\/\\\/a-h-health.ch\\\/wp-content\\\/uploads\\\/2020\\\/12\\\/Logo-animal-health.jpg\",\"width\":653,\"height\":56,\"caption\":\"Animal & Human Health AG\"},\"image\":{\"@id\":\"https:\\\/\\\/a-h-health.ch\\\/#\\\/schema\\\/logo\\\/image\\\/\"}}]}<\/script>\n<!-- \/ Yoast SEO plugin. -->","yoast_head_json":{"title":"Gran\u00adde Cure Mus\u00adcle Buil\u00adder 500 ml \u2013 Ani\u00admal &amp; Human Health AG","robots":{"index":"index","follow":"follow","max-snippet":"max-snippet:-1","max-image-preview":"max-image-preview:large","max-video-preview":"max-video-preview:-1"},"canonical":"https:\/\/a-h-health.ch\/fr\/shop\/grande-cure-muscle-builder-500-ml\/","og_locale":"fr_FR","og_type":"article","og_title":"Grande Cure Muscle Builder 500 ml - Animal &amp; Human Health AG","og_description":"Erg\u00e4nzungsfuttermittel f\u00fcr Pferde, hergestellt aus hochwertigem Reiskeim\u00f6l und Gamma-Oryzanol. Zur Erg\u00e4nzung der t\u00e4glichen Futterration w\u00e4hrend des Trainings, der Konditionierung oder in Zeiten erh\u00f6hter k\u00f6rperlicher Anstrengung.","og_url":"https:\/\/a-h-health.ch\/fr\/shop\/grande-cure-muscle-builder-500-ml\/","og_site_name":"Animal &amp; Human Health AG","article_modified_time":"2026-01-22T14:51:04+00:00","og_image":[{"width":800,"height":800,"url":"https:\/\/a-h-health.ch\/wp-content\/uploads\/2026\/01\/muscle-builder-grande-cure.jpg","type":"image\/jpeg"}],"twitter_card":"summary_large_image","schema":{"@context":"https:\/\/schema.org","@graph":[{"@type":"WebPage","@id":"https:\/\/a-h-health.ch\/shop\/grande-cure-muscle-builder-500-ml\/","url":"https:\/\/a-h-health.ch\/shop\/grande-cure-muscle-builder-500-ml\/","name":"Gran\u00adde Cure Mus\u00adcle Buil\u00adder 500 ml \u2013 Ani\u00admal &amp; Human Health AG","isPartOf":{"@id":"https:\/\/a-h-health.ch\/#website"},"primaryImageOfPage":{"@id":"https:\/\/a-h-health.ch\/shop\/grande-cure-muscle-builder-500-ml\/#primaryimage"},"image":{"@id":"https:\/\/a-h-health.ch\/shop\/grande-cure-muscle-builder-500-ml\/#primaryimage"},"thumbnailUrl":"https:\/\/a-h-health.ch\/wp-content\/uploads\/2026\/01\/muscle-builder-grande-cure.jpg","datePublished":"2026-01-12T16:08:24+00:00","dateModified":"2026-01-22T14:51:04+00:00","breadcrumb":{"@id":"https:\/\/a-h-health.ch\/shop\/grande-cure-muscle-builder-500-ml\/#breadcrumb"},"inLanguage":"fr-FR","potentialAction":[{"@type":"ReadAction","target":["https:\/\/a-h-health.ch\/shop\/grande-cure-muscle-builder-500-ml\/"]}]},{"@type":"ImageObject","inLanguage":"fr-FR","@id":"https:\/\/a-h-health.ch\/shop\/grande-cure-muscle-builder-500-ml\/#primaryimage","url":"https:\/\/a-h-health.ch\/wp-content\/uploads\/2026\/01\/muscle-builder-grande-cure.jpg","contentUrl":"https:\/\/a-h-health.ch\/wp-content\/uploads\/2026\/01\/muscle-builder-grande-cure.jpg","width":800,"height":800},{"@type":"BreadcrumbList","@id":"https:\/\/a-h-health.ch\/shop\/grande-cure-muscle-builder-500-ml\/#breadcrumb","itemListElement":[{"@type":"ListItem","position":1,"name":"Startseite","item":"https:\/\/a-h-health.ch\/"},{"@type":"ListItem","position":2,"name":"Shop","item":"https:\/\/a-h-health.ch\/shop\/"},{"@type":"ListItem","position":3,"name":"Grande Cure Muscle Builder 500 ml"}]},{"@type":"WebSite","@id":"https:\/\/a-h-health.ch\/#website","url":"https:\/\/a-h-health.ch\/","name":"Ani\u00admal and Human Health AG","description":"Nous som\u00admes vos interlo\u00adcu\u00adteurs lorsqu\u2019il s\u2019a\u00adgit de la san\u00adt\u00e9 pro\u00adfes\u00adsi\u00adon\u00adnel\u00adle et du bien-\u00eatre de vot\u00adre animal.","publisher":{"@id":"https:\/\/a-h-health.ch\/#organization"},"alternateName":"a-h-health","potentialAction":[{"@type":"SearchAction","target":{"@type":"EntryPoint","urlTemplate":"https:\/\/a-h-health.ch\/?s={search_term_string}"},"query-input":{"@type":"PropertyValueSpecification","valueRequired":true,"valueName":"search_term_string"}}],"inLanguage":"fr-FR"},{"@type":"Organization","@id":"https:\/\/a-h-health.ch\/#organization","name":"Ani\u00admal &amp; Human Health AG","url":"https:\/\/a-h-health.ch\/","logo":{"@type":"ImageObject","inLanguage":"fr-FR","@id":"https:\/\/a-h-health.ch\/#\/schema\/logo\/image\/","url":"https:\/\/a-h-health.ch\/wp-content\/uploads\/2020\/12\/Logo-animal-health.jpg","contentUrl":"https:\/\/a-h-health.ch\/wp-content\/uploads\/2020\/12\/Logo-animal-health.jpg","width":653,"height":56,"caption":"Animal & Human Health AG"},"image":{"@id":"https:\/\/a-h-health.ch\/#\/schema\/logo\/image\/"}}]}},"_links":{"self":[{"href":"https:\/\/a-h-health.ch\/fr\/wp-json\/wp\/v2\/product\/18250","targetHints":{"allow":["GET"]}}],"collection":[{"href":"https:\/\/a-h-health.ch\/fr\/wp-json\/wp\/v2\/product"}],"about":[{"href":"https:\/\/a-h-health.ch\/fr\/wp-json\/wp\/v2\/types\/product"}],"wp:featuredmedia":[{"embeddable":true,"href":"https:\/\/a-h-health.ch\/fr\/wp-json\/wp\/v2\/media\/18251"}],"wp:attachment":[{"href":"https:\/\/a-h-health.ch\/fr\/wp-json\/wp\/v2\/media?parent=18250"}],"wp:term":[{"taxonomy":"product_brand","embeddable":true,"href":"https:\/\/a-h-health.ch\/fr\/wp-json\/wp\/v2\/product_brand?post=18250"},{"taxonomy":"product_cat","embeddable":true,"href":"https:\/\/a-h-health.ch\/fr\/wp-json\/wp\/v2\/product_cat?post=18250"},{"taxonomy":"product_tag","embeddable":true,"href":"https:\/\/a-h-health.ch\/fr\/wp-json\/wp\/v2\/product_tag?post=18250"}],"curies":[{"name":"wp","href":"https:\/\/api.w.org\/{rel}","templated":true}]}}