{"id":18171,"date":"2025-10-10T15:42:52","date_gmt":"2025-10-10T13:42:52","guid":{"rendered":"https:\/\/a-h-health.ch\/?post_type=product&#038;p=18171"},"modified":"2025-10-10T15:43:33","modified_gmt":"2025-10-10T13:43:33","slug":"vitalpilzmischung-darmflora-200-g","status":"publish","type":"product","link":"https:\/\/a-h-health.ch\/fr\/shop\/vitalpilzmischung-darmflora-200-g\/","title":{"rendered":"M\u00e9lan\u00adge de cham\u00adpi\u00adgnons vitaux pour la flo\u00adre intesti\u00adna\u00adle 200&nbsp;g"},"content":{"rendered":"<p>Pour le soin et le main\u00adti\u00aden en bon\u00adne san\u00adt\u00e9 d\u2019u\u00adne flo\u00adre intesti\u00adna\u00adle int\u00adac\u00adte. For\u00admu\u00adle cer\u00adti\u00adfi\u00ad\u00e9e de qua\u00adli\u00adt\u00e9 bio recom\u00adman\u00add\u00e9e par les v\u00e9t\u00e9\u00adri\u00adn\u00adaires et les th\u00e9\u00adra\u00adpeu\u00adtes. Com\u00adpo\u00adsi\u00adti\u00adon : Heri\u00adci\u00adum, Copri\u00adnus Aucun aut\u00adre addi\u00adtif ou agent de remplissage.<\/p>","protected":false},"excerpt":{"rendered":"<p>Pour le soin et le main\u00adti\u00aden en bon\u00adne san\u00adt\u00e9 d\u2019u\u00adne flo\u00adre intesti\u00adna\u00adle int\u00adac\u00adte. For\u00admu\u00adle cer\u00adti\u00adfi\u00ad\u00e9e de qua\u00adli\u00adt\u00e9 bio recom\u00adman\u00add\u00e9e par les v\u00e9t\u00e9\u00adri\u00adn\u00adaires et les th\u00e9\u00adra\u00adpeu\u00adtes. Com\u00adpo\u00adsi\u00adti\u00adon : Heri\u00adci\u00adum, Copri\u00adnus Aucun aut\u00adre addi\u00adtif ou agent de remplissage.<\/p>","protected":false},"featured_media":18172,"template":"","meta":{"wp_typography_post_enhancements_disabled":false},"product_brand":[],"product_cat":[34],"product_tag":[],"class_list":{"0":"post-18171","1":"product","2":"type-product","3":"status-publish","4":"has-post-thumbnail","6":"product_cat-nahrungsergaenzung","8":"first","9":"instock","10":"taxable","11":"shipping-taxable","12":"product-type-simple"},"yoast_head":"<!-- This site is optimized with the Yoast SEO plugin v27.4 - https:\/\/yoast.com\/product\/yoast-seo-wordpress\/ -->\n<title>Vitalpilzmischung Darmflora 200 g - Animal &amp; Human Health AG<\/title>\n<meta name=\"robots\" content=\"index, follow, max-snippet:-1, max-image-preview:large, max-video-preview:-1\" \/>\n<link rel=\"canonical\" href=\"https:\/\/a-h-health.ch\/fr\/shop\/vitalpilzmischung-darmflora-200-g\/\" \/>\n<meta property=\"og:locale\" content=\"fr_FR\" \/>\n<meta property=\"og:type\" content=\"article\" \/>\n<meta property=\"og:title\" content=\"Vitalpilzmischung Darmflora 200 g - Animal &amp; Human Health AG\" \/>\n<meta property=\"og:description\" content=\"Zur Pflege und zur Gesunderhaltung einer intakten Darmflora. Zertifizierte Rezeptur in Bio Qualit\u00e4t von Tier\u00e4rzten und Therapeuten empfohlen. Zusammensetzung: Hericium, Coprinus Keine weiteren Zus\u00e4tze oder F\u00fcllstoffe.\" \/>\n<meta property=\"og:url\" content=\"https:\/\/a-h-health.ch\/fr\/shop\/vitalpilzmischung-darmflora-200-g\/\" \/>\n<meta property=\"og:site_name\" content=\"Animal &amp; Human Health AG\" \/>\n<meta property=\"article:modified_time\" content=\"2025-10-10T13:43:33+00:00\" \/>\n<meta property=\"og:image\" content=\"https:\/\/a-h-health.ch\/wp-content\/uploads\/2025\/10\/Screenshot-2025-10-10-at-15-28-20-Vitalpilzmischung-fuer-Pferde-DARMFLORA-BIO-VETtherm\u00ae-BIO-Kraeuter-Vitalpilze-Shop-fuer-Mensch-und-Tier.jpg\" \/>\n\t<meta property=\"og:image:width\" content=\"550\" \/>\n\t<meta property=\"og:image:height\" content=\"536\" \/>\n\t<meta property=\"og:image:type\" content=\"image\/jpeg\" \/>\n<meta name=\"twitter:card\" content=\"summary_large_image\" \/>\n<script type=\"application\/ld+json\" class=\"yoast-schema-graph\">{\"@context\":\"https:\\\/\\\/schema.org\",\"@graph\":[{\"@type\":\"WebPage\",\"@id\":\"https:\\\/\\\/a-h-health.ch\\\/shop\\\/vitalpilzmischung-darmflora-200-g\\\/\",\"url\":\"https:\\\/\\\/a-h-health.ch\\\/shop\\\/vitalpilzmischung-darmflora-200-g\\\/\",\"name\":\"Vitalpilzmischung Darmflora 200 g - Animal &amp; Human Health AG\",\"isPartOf\":{\"@id\":\"https:\\\/\\\/a-h-health.ch\\\/#website\"},\"primaryImageOfPage\":{\"@id\":\"https:\\\/\\\/a-h-health.ch\\\/shop\\\/vitalpilzmischung-darmflora-200-g\\\/#primaryimage\"},\"image\":{\"@id\":\"https:\\\/\\\/a-h-health.ch\\\/shop\\\/vitalpilzmischung-darmflora-200-g\\\/#primaryimage\"},\"thumbnailUrl\":\"https:\\\/\\\/a-h-health.ch\\\/wp-content\\\/uploads\\\/2025\\\/10\\\/Screenshot-2025-10-10-at-15-28-20-Vitalpilzmischung-fuer-Pferde-DARMFLORA-BIO-VETtherm\u00ae-BIO-Kraeuter-Vitalpilze-Shop-fuer-Mensch-und-Tier.jpg\",\"datePublished\":\"2025-10-10T13:42:52+00:00\",\"dateModified\":\"2025-10-10T13:43:33+00:00\",\"breadcrumb\":{\"@id\":\"https:\\\/\\\/a-h-health.ch\\\/shop\\\/vitalpilzmischung-darmflora-200-g\\\/#breadcrumb\"},\"inLanguage\":\"fr-FR\",\"potentialAction\":[{\"@type\":\"ReadAction\",\"target\":[\"https:\\\/\\\/a-h-health.ch\\\/shop\\\/vitalpilzmischung-darmflora-200-g\\\/\"]}]},{\"@type\":\"ImageObject\",\"inLanguage\":\"fr-FR\",\"@id\":\"https:\\\/\\\/a-h-health.ch\\\/shop\\\/vitalpilzmischung-darmflora-200-g\\\/#primaryimage\",\"url\":\"https:\\\/\\\/a-h-health.ch\\\/wp-content\\\/uploads\\\/2025\\\/10\\\/Screenshot-2025-10-10-at-15-28-20-Vitalpilzmischung-fuer-Pferde-DARMFLORA-BIO-VETtherm\u00ae-BIO-Kraeuter-Vitalpilze-Shop-fuer-Mensch-und-Tier.jpg\",\"contentUrl\":\"https:\\\/\\\/a-h-health.ch\\\/wp-content\\\/uploads\\\/2025\\\/10\\\/Screenshot-2025-10-10-at-15-28-20-Vitalpilzmischung-fuer-Pferde-DARMFLORA-BIO-VETtherm\u00ae-BIO-Kraeuter-Vitalpilze-Shop-fuer-Mensch-und-Tier.jpg\",\"width\":550,\"height\":536},{\"@type\":\"BreadcrumbList\",\"@id\":\"https:\\\/\\\/a-h-health.ch\\\/shop\\\/vitalpilzmischung-darmflora-200-g\\\/#breadcrumb\",\"itemListElement\":[{\"@type\":\"ListItem\",\"position\":1,\"name\":\"Startseite\",\"item\":\"https:\\\/\\\/a-h-health.ch\\\/\"},{\"@type\":\"ListItem\",\"position\":2,\"name\":\"Shop\",\"item\":\"https:\\\/\\\/a-h-health.ch\\\/shop\\\/\"},{\"@type\":\"ListItem\",\"position\":3,\"name\":\"Vitalpilzmischung Darmflora 200 g\"}]},{\"@type\":\"WebSite\",\"@id\":\"https:\\\/\\\/a-h-health.ch\\\/#website\",\"url\":\"https:\\\/\\\/a-h-health.ch\\\/\",\"name\":\"Animal and Human Health AG\",\"description\":\"Wir sind Ihre Ansprechpartner, wenn es um die professionelle Gesundheit und das Wohl ihres Tieres geht.\",\"publisher\":{\"@id\":\"https:\\\/\\\/a-h-health.ch\\\/#organization\"},\"alternateName\":\"a-h-health\",\"potentialAction\":[{\"@type\":\"SearchAction\",\"target\":{\"@type\":\"EntryPoint\",\"urlTemplate\":\"https:\\\/\\\/a-h-health.ch\\\/?s={search_term_string}\"},\"query-input\":{\"@type\":\"PropertyValueSpecification\",\"valueRequired\":true,\"valueName\":\"search_term_string\"}}],\"inLanguage\":\"fr-FR\"},{\"@type\":\"Organization\",\"@id\":\"https:\\\/\\\/a-h-health.ch\\\/#organization\",\"name\":\"Animal & Human Health AG\",\"url\":\"https:\\\/\\\/a-h-health.ch\\\/\",\"logo\":{\"@type\":\"ImageObject\",\"inLanguage\":\"fr-FR\",\"@id\":\"https:\\\/\\\/a-h-health.ch\\\/#\\\/schema\\\/logo\\\/image\\\/\",\"url\":\"https:\\\/\\\/a-h-health.ch\\\/wp-content\\\/uploads\\\/2020\\\/12\\\/Logo-animal-health.jpg\",\"contentUrl\":\"https:\\\/\\\/a-h-health.ch\\\/wp-content\\\/uploads\\\/2020\\\/12\\\/Logo-animal-health.jpg\",\"width\":653,\"height\":56,\"caption\":\"Animal & Human Health AG\"},\"image\":{\"@id\":\"https:\\\/\\\/a-h-health.ch\\\/#\\\/schema\\\/logo\\\/image\\\/\"}}]}<\/script>\n<!-- \/ Yoast SEO plugin. -->","yoast_head_json":{"title":"Vital\u00adpilz\u00admi\u00adschung Darm\u00adflo\u00adra 200 g \u2013 Ani\u00admal &amp; Human Health AG","robots":{"index":"index","follow":"follow","max-snippet":"max-snippet:-1","max-image-preview":"max-image-preview:large","max-video-preview":"max-video-preview:-1"},"canonical":"https:\/\/a-h-health.ch\/fr\/shop\/vitalpilzmischung-darmflora-200-g\/","og_locale":"fr_FR","og_type":"article","og_title":"Vitalpilzmischung Darmflora 200 g - Animal &amp; Human Health AG","og_description":"Zur Pflege und zur Gesunderhaltung einer intakten Darmflora. Zertifizierte Rezeptur in Bio Qualit\u00e4t von Tier\u00e4rzten und Therapeuten empfohlen. Zusammensetzung: Hericium, Coprinus Keine weiteren Zus\u00e4tze oder F\u00fcllstoffe.","og_url":"https:\/\/a-h-health.ch\/fr\/shop\/vitalpilzmischung-darmflora-200-g\/","og_site_name":"Animal &amp; Human Health AG","article_modified_time":"2025-10-10T13:43:33+00:00","og_image":[{"width":550,"height":536,"url":"https:\/\/a-h-health.ch\/wp-content\/uploads\/2025\/10\/Screenshot-2025-10-10-at-15-28-20-Vitalpilzmischung-fuer-Pferde-DARMFLORA-BIO-VETtherm\u00ae-BIO-Kraeuter-Vitalpilze-Shop-fuer-Mensch-und-Tier.jpg","type":"image\/jpeg"}],"twitter_card":"summary_large_image","schema":{"@context":"https:\/\/schema.org","@graph":[{"@type":"WebPage","@id":"https:\/\/a-h-health.ch\/shop\/vitalpilzmischung-darmflora-200-g\/","url":"https:\/\/a-h-health.ch\/shop\/vitalpilzmischung-darmflora-200-g\/","name":"Vital\u00adpilz\u00admi\u00adschung Darm\u00adflo\u00adra 200 g \u2013 Ani\u00admal &amp; Human Health AG","isPartOf":{"@id":"https:\/\/a-h-health.ch\/#website"},"primaryImageOfPage":{"@id":"https:\/\/a-h-health.ch\/shop\/vitalpilzmischung-darmflora-200-g\/#primaryimage"},"image":{"@id":"https:\/\/a-h-health.ch\/shop\/vitalpilzmischung-darmflora-200-g\/#primaryimage"},"thumbnailUrl":"https:\/\/a-h-health.ch\/wp-content\/uploads\/2025\/10\/Screenshot-2025-10-10-at-15-28-20-Vitalpilzmischung-fuer-Pferde-DARMFLORA-BIO-VETtherm\u00ae-BIO-Kraeuter-Vitalpilze-Shop-fuer-Mensch-und-Tier.jpg","datePublished":"2025-10-10T13:42:52+00:00","dateModified":"2025-10-10T13:43:33+00:00","breadcrumb":{"@id":"https:\/\/a-h-health.ch\/shop\/vitalpilzmischung-darmflora-200-g\/#breadcrumb"},"inLanguage":"fr-FR","potentialAction":[{"@type":"ReadAction","target":["https:\/\/a-h-health.ch\/shop\/vitalpilzmischung-darmflora-200-g\/"]}]},{"@type":"ImageObject","inLanguage":"fr-FR","@id":"https:\/\/a-h-health.ch\/shop\/vitalpilzmischung-darmflora-200-g\/#primaryimage","url":"https:\/\/a-h-health.ch\/wp-content\/uploads\/2025\/10\/Screenshot-2025-10-10-at-15-28-20-Vitalpilzmischung-fuer-Pferde-DARMFLORA-BIO-VETtherm\u00ae-BIO-Kraeuter-Vitalpilze-Shop-fuer-Mensch-und-Tier.jpg","contentUrl":"https:\/\/a-h-health.ch\/wp-content\/uploads\/2025\/10\/Screenshot-2025-10-10-at-15-28-20-Vitalpilzmischung-fuer-Pferde-DARMFLORA-BIO-VETtherm\u00ae-BIO-Kraeuter-Vitalpilze-Shop-fuer-Mensch-und-Tier.jpg","width":550,"height":536},{"@type":"BreadcrumbList","@id":"https:\/\/a-h-health.ch\/shop\/vitalpilzmischung-darmflora-200-g\/#breadcrumb","itemListElement":[{"@type":"ListItem","position":1,"name":"Startseite","item":"https:\/\/a-h-health.ch\/"},{"@type":"ListItem","position":2,"name":"Shop","item":"https:\/\/a-h-health.ch\/shop\/"},{"@type":"ListItem","position":3,"name":"Vitalpilzmischung Darmflora 200 g"}]},{"@type":"WebSite","@id":"https:\/\/a-h-health.ch\/#website","url":"https:\/\/a-h-health.ch\/","name":"Ani\u00admal and Human Health AG","description":"Nous som\u00admes vos interlo\u00adcu\u00adteurs lorsqu\u2019il s\u2019a\u00adgit de la san\u00adt\u00e9 pro\u00adfes\u00adsi\u00adon\u00adnel\u00adle et du bien-\u00eatre de vot\u00adre animal.","publisher":{"@id":"https:\/\/a-h-health.ch\/#organization"},"alternateName":"a-h-health","potentialAction":[{"@type":"SearchAction","target":{"@type":"EntryPoint","urlTemplate":"https:\/\/a-h-health.ch\/?s={search_term_string}"},"query-input":{"@type":"PropertyValueSpecification","valueRequired":true,"valueName":"search_term_string"}}],"inLanguage":"fr-FR"},{"@type":"Organization","@id":"https:\/\/a-h-health.ch\/#organization","name":"Ani\u00admal &amp; Human Health AG","url":"https:\/\/a-h-health.ch\/","logo":{"@type":"ImageObject","inLanguage":"fr-FR","@id":"https:\/\/a-h-health.ch\/#\/schema\/logo\/image\/","url":"https:\/\/a-h-health.ch\/wp-content\/uploads\/2020\/12\/Logo-animal-health.jpg","contentUrl":"https:\/\/a-h-health.ch\/wp-content\/uploads\/2020\/12\/Logo-animal-health.jpg","width":653,"height":56,"caption":"Animal & Human Health AG"},"image":{"@id":"https:\/\/a-h-health.ch\/#\/schema\/logo\/image\/"}}]}},"_links":{"self":[{"href":"https:\/\/a-h-health.ch\/fr\/wp-json\/wp\/v2\/product\/18171","targetHints":{"allow":["GET"]}}],"collection":[{"href":"https:\/\/a-h-health.ch\/fr\/wp-json\/wp\/v2\/product"}],"about":[{"href":"https:\/\/a-h-health.ch\/fr\/wp-json\/wp\/v2\/types\/product"}],"wp:featuredmedia":[{"embeddable":true,"href":"https:\/\/a-h-health.ch\/fr\/wp-json\/wp\/v2\/media\/18172"}],"wp:attachment":[{"href":"https:\/\/a-h-health.ch\/fr\/wp-json\/wp\/v2\/media?parent=18171"}],"wp:term":[{"taxonomy":"product_brand","embeddable":true,"href":"https:\/\/a-h-health.ch\/fr\/wp-json\/wp\/v2\/product_brand?post=18171"},{"taxonomy":"product_cat","embeddable":true,"href":"https:\/\/a-h-health.ch\/fr\/wp-json\/wp\/v2\/product_cat?post=18171"},{"taxonomy":"product_tag","embeddable":true,"href":"https:\/\/a-h-health.ch\/fr\/wp-json\/wp\/v2\/product_tag?post=18171"}],"curies":[{"name":"wp","href":"https:\/\/api.w.org\/{rel}","templated":true}]}}