{"id":18158,"date":"2025-08-14T14:03:03","date_gmt":"2025-08-14T12:03:03","guid":{"rendered":"https:\/\/a-h-health.ch\/?post_type=product&#038;p=18158"},"modified":"2025-08-14T14:08:18","modified_gmt":"2025-08-14T12:08:18","slug":"hoof-solution-kevin-bacons-150g","status":"publish","type":"product","link":"https:\/\/a-h-health.ch\/fr\/shop\/hoof-solution-kevin-bacons-150g\/","title":{"rendered":"Hoof Solu\u00adti\u00adon Kevin Bacon\u2019s 150g"},"content":{"rendered":"<h2 class=\"p-subheading\">Baume naturel pour l\u2019entretien des semelles et de l\u2019acier<\/h2>\n<p>Hoof Solu\u00adti\u00adon per\u00admet de r\u00e9ta\u00adb\u00adlir rapi\u00adde\u00adment et faci\u00adle\u00adment la san\u00adt\u00e9 des sabots. Pen\u00addant les pre\u00admi\u00e8\u00adres 24 heu\u00adres, Hoof Solu\u00adti\u00adon agit com\u00adme un pan\u00adse\u00adment qui pro\u00adt\u00e8ge la sole et les ray\u00adons des influen\u00adces ext\u00e9\u00adri\u00adeu\u00adres. Gr\u00e2\u00adce \u00e0 l\u2019ef\u00adfet pro\u00adtec\u00adteur des tis\u00adsus sains nou\u00advel\u00adle\u00adment r\u00e9g\u00e9\u00adn\u00e9\u00adr\u00e9s, les tis\u00adsus endom\u00adma\u00adg\u00e9s gu\u00e9\u00adris\u00adsent beau\u00adcoup plus rapi\u00adde\u00adment. Une uti\u00adli\u00adsa\u00adti\u00adon r\u00e9gu\u00adli\u00e8\u00adre per\u00admet d\u2019ob\u00adte\u00adnir une hygi\u00e8\u00adne opti\u00adma\u00adle du sabot. Hoof Solu\u00adti\u00adon est liv\u00adr\u00e9 avec un pin\u00adceau. Celui-ci faci\u00adli\u00adte l\u2019ap\u00adpli\u00adca\u00adti\u00adon et \u00e9vi\u00adte les d\u00e9ver\u00adse\u00adments inu\u00adtiles. D\u00e8s la pre\u00admi\u00e8\u00adre appli\u00adca\u00adti\u00adon, Hoof Solu\u00adti\u00adon agit tr\u00e8s rapidement&nbsp;!<\/p>\n<p><strong>Appli\u00adca\u00adti\u00adon : <\/strong><\/p>\n<p>Bros\u00adsez soi\u00adgneu\u00adse\u00adment la sole, le jet et les sil\u00adlons du jet (sans uti\u00adli\u00adser d\u2019eau !), enle\u00advez les sale\u00adt\u00e9s et les morceaux de cor\u00adne d\u00e9t\u00ada\u00adch\u00e9s. Agi\u00adtez le fla\u00adcon pen\u00addant quel\u00adques secon\u00addes avant chaque uti\u00adli\u00adsa\u00adti\u00adon afin de dis\u00adsoud\u00adre et de r\u00e9par\u00adtir les sub\u00adstances actives.<\/p>\n<ul>\n<li>Pr\u00e9\u00adven\u00adti\u00adon : 1 appli\u00adca\u00adti\u00adon par semaine<\/li>\n<li>Ray\u00adon endom\u00adma\u00adg\u00e9 : 1 application<\/li>\n<li>Ray\u00adon for\u00adte\u00adment endom\u00adma\u00adg\u00e9 : 1 appli\u00adca\u00adti\u00adon par jour pen\u00addant 3\u20135 jours (selon la gravit\u00e9)<\/li>\n<li>Appli\u00adquez Hoof Solu\u00adti\u00adon aus\u00adsi sou\u00advent que n\u00e9cessaire.<\/li>\n<\/ul>\n<p>Con\u00adte\u00adnu : 150&nbsp;g<\/p>\n<p>&nbsp;<\/p>\n<p>&nbsp;<\/p>","protected":false},"excerpt":{"rendered":"<p>Nat\u00fcrliches Balsam zur Pflege von Sohle &amp; Stahl Mit Hoof Solution kann die Hufgesundheit schnell und einfach wieder hergestellt werden. Die ersten 24 Stunden wirk Hoof Solution wie ein Verband, welcher Sohle und Strahl vor \u00e4u\u00dferen Einfl\u00fcssen sch\u00fctzt. Dank der sch\u00fctzenden Wirkung des gesunden, neu regenerierten Gewebes heilt das gesch\u00e4digte Gewebe viel schneller. Durch eine [&hellip;]<\/p>\n","protected":false},"featured_media":18159,"template":"","meta":{"wp_typography_post_enhancements_disabled":false},"product_brand":[],"product_cat":[559,562,556],"product_tag":[576],"class_list":{"0":"post-18158","1":"product","2":"type-product","3":"status-publish","4":"has-post-thumbnail","6":"product_cat-divers","7":"product_cat-pferd","8":"product_cat-pflegemittel","9":"product_tag-divers","11":"first","12":"instock","13":"taxable","14":"shipping-taxable","15":"product-type-simple"},"yoast_head":"<!-- This site is optimized with the Yoast SEO plugin v27.4 - https:\/\/yoast.com\/product\/yoast-seo-wordpress\/ -->\n<title>Hoof Solution Kevin Bacon&#039;s 150g - Animal &amp; Human Health AG<\/title>\n<meta name=\"robots\" content=\"index, follow, max-snippet:-1, max-image-preview:large, max-video-preview:-1\" \/>\n<link rel=\"canonical\" href=\"https:\/\/a-h-health.ch\/fr\/shop\/hoof-solution-kevin-bacons-150g\/\" \/>\n<meta property=\"og:locale\" content=\"fr_FR\" \/>\n<meta property=\"og:type\" content=\"article\" \/>\n<meta property=\"og:title\" content=\"Hoof Solution Kevin Bacon&#039;s 150g - Animal &amp; Human Health AG\" \/>\n<meta property=\"og:description\" content=\"Nat\u00fcrliches Balsam zur Pflege von Sohle &amp; Stahl Mit Hoof Solution kann die Hufgesundheit schnell und einfach wieder hergestellt werden. Die ersten 24 Stunden wirk Hoof Solution wie ein Verband, welcher Sohle und Strahl vor \u00e4u\u00dferen Einfl\u00fcssen sch\u00fctzt. Dank der sch\u00fctzenden Wirkung des gesunden, neu regenerierten Gewebes heilt das gesch\u00e4digte Gewebe viel schneller. Durch eine [&hellip;]\" \/>\n<meta property=\"og:url\" content=\"https:\/\/a-h-health.ch\/fr\/shop\/hoof-solution-kevin-bacons-150g\/\" \/>\n<meta property=\"og:site_name\" content=\"Animal &amp; Human Health AG\" \/>\n<meta property=\"article:modified_time\" content=\"2025-08-14T12:08:18+00:00\" \/>\n<meta property=\"og:image\" content=\"https:\/\/a-h-health.ch\/wp-content\/uploads\/2025\/08\/Hoof-Solution-Kevin-Bacon.jpg\" \/>\n\t<meta property=\"og:image:width\" content=\"594\" \/>\n\t<meta property=\"og:image:height\" content=\"658\" \/>\n\t<meta property=\"og:image:type\" content=\"image\/jpeg\" \/>\n<meta name=\"twitter:card\" content=\"summary_large_image\" \/>\n<meta name=\"twitter:label1\" content=\"Dur\u00e9e de lecture estim\u00e9e\" \/>\n\t<meta name=\"twitter:data1\" content=\"1 minute\" \/>\n<script type=\"application\/ld+json\" class=\"yoast-schema-graph\">{\"@context\":\"https:\\\/\\\/schema.org\",\"@graph\":[{\"@type\":\"WebPage\",\"@id\":\"https:\\\/\\\/a-h-health.ch\\\/shop\\\/hoof-solution-kevin-bacons-150g\\\/\",\"url\":\"https:\\\/\\\/a-h-health.ch\\\/shop\\\/hoof-solution-kevin-bacons-150g\\\/\",\"name\":\"Hoof Solution Kevin Bacon's 150g - Animal &amp; Human Health AG\",\"isPartOf\":{\"@id\":\"https:\\\/\\\/a-h-health.ch\\\/#website\"},\"primaryImageOfPage\":{\"@id\":\"https:\\\/\\\/a-h-health.ch\\\/shop\\\/hoof-solution-kevin-bacons-150g\\\/#primaryimage\"},\"image\":{\"@id\":\"https:\\\/\\\/a-h-health.ch\\\/shop\\\/hoof-solution-kevin-bacons-150g\\\/#primaryimage\"},\"thumbnailUrl\":\"https:\\\/\\\/a-h-health.ch\\\/wp-content\\\/uploads\\\/2025\\\/08\\\/Hoof-Solution-Kevin-Bacon.jpg\",\"datePublished\":\"2025-08-14T12:03:03+00:00\",\"dateModified\":\"2025-08-14T12:08:18+00:00\",\"breadcrumb\":{\"@id\":\"https:\\\/\\\/a-h-health.ch\\\/shop\\\/hoof-solution-kevin-bacons-150g\\\/#breadcrumb\"},\"inLanguage\":\"fr-FR\",\"potentialAction\":[{\"@type\":\"ReadAction\",\"target\":[\"https:\\\/\\\/a-h-health.ch\\\/shop\\\/hoof-solution-kevin-bacons-150g\\\/\"]}]},{\"@type\":\"ImageObject\",\"inLanguage\":\"fr-FR\",\"@id\":\"https:\\\/\\\/a-h-health.ch\\\/shop\\\/hoof-solution-kevin-bacons-150g\\\/#primaryimage\",\"url\":\"https:\\\/\\\/a-h-health.ch\\\/wp-content\\\/uploads\\\/2025\\\/08\\\/Hoof-Solution-Kevin-Bacon.jpg\",\"contentUrl\":\"https:\\\/\\\/a-h-health.ch\\\/wp-content\\\/uploads\\\/2025\\\/08\\\/Hoof-Solution-Kevin-Bacon.jpg\",\"width\":594,\"height\":658},{\"@type\":\"BreadcrumbList\",\"@id\":\"https:\\\/\\\/a-h-health.ch\\\/shop\\\/hoof-solution-kevin-bacons-150g\\\/#breadcrumb\",\"itemListElement\":[{\"@type\":\"ListItem\",\"position\":1,\"name\":\"Startseite\",\"item\":\"https:\\\/\\\/a-h-health.ch\\\/\"},{\"@type\":\"ListItem\",\"position\":2,\"name\":\"Shop\",\"item\":\"https:\\\/\\\/a-h-health.ch\\\/shop\\\/\"},{\"@type\":\"ListItem\",\"position\":3,\"name\":\"Hoof Solution Kevin Bacon&#8217;s 150g\"}]},{\"@type\":\"WebSite\",\"@id\":\"https:\\\/\\\/a-h-health.ch\\\/#website\",\"url\":\"https:\\\/\\\/a-h-health.ch\\\/\",\"name\":\"Animal and Human Health AG\",\"description\":\"Wir sind Ihre Ansprechpartner, wenn es um die professionelle Gesundheit und das Wohl ihres Tieres geht.\",\"publisher\":{\"@id\":\"https:\\\/\\\/a-h-health.ch\\\/#organization\"},\"alternateName\":\"a-h-health\",\"potentialAction\":[{\"@type\":\"SearchAction\",\"target\":{\"@type\":\"EntryPoint\",\"urlTemplate\":\"https:\\\/\\\/a-h-health.ch\\\/?s={search_term_string}\"},\"query-input\":{\"@type\":\"PropertyValueSpecification\",\"valueRequired\":true,\"valueName\":\"search_term_string\"}}],\"inLanguage\":\"fr-FR\"},{\"@type\":\"Organization\",\"@id\":\"https:\\\/\\\/a-h-health.ch\\\/#organization\",\"name\":\"Animal & Human Health AG\",\"url\":\"https:\\\/\\\/a-h-health.ch\\\/\",\"logo\":{\"@type\":\"ImageObject\",\"inLanguage\":\"fr-FR\",\"@id\":\"https:\\\/\\\/a-h-health.ch\\\/#\\\/schema\\\/logo\\\/image\\\/\",\"url\":\"https:\\\/\\\/a-h-health.ch\\\/wp-content\\\/uploads\\\/2020\\\/12\\\/Logo-animal-health.jpg\",\"contentUrl\":\"https:\\\/\\\/a-h-health.ch\\\/wp-content\\\/uploads\\\/2020\\\/12\\\/Logo-animal-health.jpg\",\"width\":653,\"height\":56,\"caption\":\"Animal & Human Health AG\"},\"image\":{\"@id\":\"https:\\\/\\\/a-h-health.ch\\\/#\\\/schema\\\/logo\\\/image\\\/\"}}]}<\/script>\n<!-- \/ Yoast SEO plugin. -->","yoast_head_json":{"title":"Hoof Solu\u00adti\u00adon Kevin Bacon\u2019s 150g \u2013 Ani\u00admal &amp; Human Health AG","robots":{"index":"index","follow":"follow","max-snippet":"max-snippet:-1","max-image-preview":"max-image-preview:large","max-video-preview":"max-video-preview:-1"},"canonical":"https:\/\/a-h-health.ch\/fr\/shop\/hoof-solution-kevin-bacons-150g\/","og_locale":"fr_FR","og_type":"article","og_title":"Hoof Solution Kevin Bacon's 150g - Animal &amp; Human Health AG","og_description":"Nat\u00fcrliches Balsam zur Pflege von Sohle &amp; Stahl Mit Hoof Solution kann die Hufgesundheit schnell und einfach wieder hergestellt werden. Die ersten 24 Stunden wirk Hoof Solution wie ein Verband, welcher Sohle und Strahl vor \u00e4u\u00dferen Einfl\u00fcssen sch\u00fctzt. Dank der sch\u00fctzenden Wirkung des gesunden, neu regenerierten Gewebes heilt das gesch\u00e4digte Gewebe viel schneller. Durch eine [&hellip;]","og_url":"https:\/\/a-h-health.ch\/fr\/shop\/hoof-solution-kevin-bacons-150g\/","og_site_name":"Animal &amp; Human Health AG","article_modified_time":"2025-08-14T12:08:18+00:00","og_image":[{"width":594,"height":658,"url":"https:\/\/a-h-health.ch\/wp-content\/uploads\/2025\/08\/Hoof-Solution-Kevin-Bacon.jpg","type":"image\/jpeg"}],"twitter_card":"summary_large_image","twitter_misc":{"Dur\u00e9e de lecture estim\u00e9e":"1 minute"},"schema":{"@context":"https:\/\/schema.org","@graph":[{"@type":"WebPage","@id":"https:\/\/a-h-health.ch\/shop\/hoof-solution-kevin-bacons-150g\/","url":"https:\/\/a-h-health.ch\/shop\/hoof-solution-kevin-bacons-150g\/","name":"Hoof Solu\u00adti\u00adon Kevin Bacon\u2019s 150g \u2013 Ani\u00admal &amp; Human Health AG","isPartOf":{"@id":"https:\/\/a-h-health.ch\/#website"},"primaryImageOfPage":{"@id":"https:\/\/a-h-health.ch\/shop\/hoof-solution-kevin-bacons-150g\/#primaryimage"},"image":{"@id":"https:\/\/a-h-health.ch\/shop\/hoof-solution-kevin-bacons-150g\/#primaryimage"},"thumbnailUrl":"https:\/\/a-h-health.ch\/wp-content\/uploads\/2025\/08\/Hoof-Solution-Kevin-Bacon.jpg","datePublished":"2025-08-14T12:03:03+00:00","dateModified":"2025-08-14T12:08:18+00:00","breadcrumb":{"@id":"https:\/\/a-h-health.ch\/shop\/hoof-solution-kevin-bacons-150g\/#breadcrumb"},"inLanguage":"fr-FR","potentialAction":[{"@type":"ReadAction","target":["https:\/\/a-h-health.ch\/shop\/hoof-solution-kevin-bacons-150g\/"]}]},{"@type":"ImageObject","inLanguage":"fr-FR","@id":"https:\/\/a-h-health.ch\/shop\/hoof-solution-kevin-bacons-150g\/#primaryimage","url":"https:\/\/a-h-health.ch\/wp-content\/uploads\/2025\/08\/Hoof-Solution-Kevin-Bacon.jpg","contentUrl":"https:\/\/a-h-health.ch\/wp-content\/uploads\/2025\/08\/Hoof-Solution-Kevin-Bacon.jpg","width":594,"height":658},{"@type":"BreadcrumbList","@id":"https:\/\/a-h-health.ch\/shop\/hoof-solution-kevin-bacons-150g\/#breadcrumb","itemListElement":[{"@type":"ListItem","position":1,"name":"Startseite","item":"https:\/\/a-h-health.ch\/"},{"@type":"ListItem","position":2,"name":"Shop","item":"https:\/\/a-h-health.ch\/shop\/"},{"@type":"ListItem","position":3,"name":"Hoof Solution Kevin Bacon&#8217;s 150g"}]},{"@type":"WebSite","@id":"https:\/\/a-h-health.ch\/#website","url":"https:\/\/a-h-health.ch\/","name":"Ani\u00admal and Human Health AG","description":"Nous som\u00admes vos interlo\u00adcu\u00adteurs lorsqu\u2019il s\u2019a\u00adgit de la san\u00adt\u00e9 pro\u00adfes\u00adsi\u00adon\u00adnel\u00adle et du bien-\u00eatre de vot\u00adre animal.","publisher":{"@id":"https:\/\/a-h-health.ch\/#organization"},"alternateName":"a-h-health","potentialAction":[{"@type":"SearchAction","target":{"@type":"EntryPoint","urlTemplate":"https:\/\/a-h-health.ch\/?s={search_term_string}"},"query-input":{"@type":"PropertyValueSpecification","valueRequired":true,"valueName":"search_term_string"}}],"inLanguage":"fr-FR"},{"@type":"Organization","@id":"https:\/\/a-h-health.ch\/#organization","name":"Ani\u00admal &amp; Human Health AG","url":"https:\/\/a-h-health.ch\/","logo":{"@type":"ImageObject","inLanguage":"fr-FR","@id":"https:\/\/a-h-health.ch\/#\/schema\/logo\/image\/","url":"https:\/\/a-h-health.ch\/wp-content\/uploads\/2020\/12\/Logo-animal-health.jpg","contentUrl":"https:\/\/a-h-health.ch\/wp-content\/uploads\/2020\/12\/Logo-animal-health.jpg","width":653,"height":56,"caption":"Animal & Human Health AG"},"image":{"@id":"https:\/\/a-h-health.ch\/#\/schema\/logo\/image\/"}}]}},"_links":{"self":[{"href":"https:\/\/a-h-health.ch\/fr\/wp-json\/wp\/v2\/product\/18158","targetHints":{"allow":["GET"]}}],"collection":[{"href":"https:\/\/a-h-health.ch\/fr\/wp-json\/wp\/v2\/product"}],"about":[{"href":"https:\/\/a-h-health.ch\/fr\/wp-json\/wp\/v2\/types\/product"}],"wp:featuredmedia":[{"embeddable":true,"href":"https:\/\/a-h-health.ch\/fr\/wp-json\/wp\/v2\/media\/18159"}],"wp:attachment":[{"href":"https:\/\/a-h-health.ch\/fr\/wp-json\/wp\/v2\/media?parent=18158"}],"wp:term":[{"taxonomy":"product_brand","embeddable":true,"href":"https:\/\/a-h-health.ch\/fr\/wp-json\/wp\/v2\/product_brand?post=18158"},{"taxonomy":"product_cat","embeddable":true,"href":"https:\/\/a-h-health.ch\/fr\/wp-json\/wp\/v2\/product_cat?post=18158"},{"taxonomy":"product_tag","embeddable":true,"href":"https:\/\/a-h-health.ch\/fr\/wp-json\/wp\/v2\/product_tag?post=18158"}],"curies":[{"name":"wp","href":"https:\/\/api.w.org\/{rel}","templated":true}]}}