{"id":18155,"date":"2025-08-05T15:50:55","date_gmt":"2025-08-05T13:50:55","guid":{"rendered":"https:\/\/a-h-health.ch\/?post_type=product&#038;p=18155"},"modified":"2025-08-14T14:14:07","modified_gmt":"2025-08-14T12:14:07","slug":"magic-cushion-xtreme-900g","status":"publish","type":"product","link":"https:\/\/a-h-health.ch\/fr\/shop\/magic-cushion-xtreme-900g\/","title":{"rendered":"Magic Cushion Xtre\u00adme&nbsp;900g"},"content":{"rendered":"<p>\u201cPer\u00adfor\u00admance Strength Hoof Pack\u00ading\u201d (embal\u00adla\u00adge du&nbsp;sabot)<\/p>\n<p>Est une aide rapi\u00adde et bien\u00adfais\u00adan\u00adte pour les sabots for\u00adte\u00adment solli\u00adci\u00adt\u00e9s. Magic Cushion sou\u00adti\u00adent la san\u00adt\u00e9 des sabots de dif\u00adf\u00e9\u00adren\u00adtes mani\u00e8\u00adres et r\u00e9duit la temp\u00e9\u00adra\u00adtu\u00adre des sabots en une heu\u00adre. Ce pro\u00adduit ne con\u00adti\u00adent que des ing\u00adr\u00e9\u00addi\u00adents naturels.<\/p>","protected":false},"excerpt":{"rendered":"<p>\u201ePer\u00adfor\u00admance Strength Hoof Pack\u00ading\u201c Ist eine schnel\u00adle und wohl\u00adtu\u00aden\u00adde Hil\u00adfe f\u00fcr stark bean\u00adspruch\u00adte Hufe. Magic Cushion unter\u00adst\u00fctzt die Huf\u00adge\u00adsund\u00adheit auf ver\u00adschie\u00adde\u00adnen Wegen und redu\u00adziert die Huf\u00adtem\u00adpe\u00adra\u00adtur inner\u00adhalb einer Stun\u00adde. Die\u00adses Pro\u00addukt ent\u00adh\u00e4lt aus\u00adschlie\u00df\u00adlich nat\u00fcr\u00adli\u00adche Inhaltsstoffe.<\/p>","protected":false},"featured_media":18156,"template":"","meta":{"wp_typography_post_enhancements_disabled":false},"product_brand":[],"product_cat":[633,34,562],"product_tag":[],"class_list":{"0":"post-18155","1":"product","2":"type-product","3":"status-publish","4":"has-post-thumbnail","6":"product_cat-absorbine","7":"product_cat-nahrungsergaenzung","8":"product_cat-pferd","10":"first","11":"instock","12":"taxable","13":"shipping-taxable","14":"product-type-simple"},"yoast_head":"<!-- This site is optimized with the Yoast SEO plugin v27.4 - https:\/\/yoast.com\/product\/yoast-seo-wordpress\/ -->\n<title>Magic Cushion Xtreme 900g - Animal &amp; Human Health AG<\/title>\n<meta name=\"robots\" content=\"index, follow, max-snippet:-1, max-image-preview:large, max-video-preview:-1\" \/>\n<link rel=\"canonical\" href=\"https:\/\/a-h-health.ch\/fr\/shop\/magic-cushion-xtreme-900g\/\" \/>\n<meta property=\"og:locale\" content=\"fr_FR\" \/>\n<meta property=\"og:type\" content=\"article\" \/>\n<meta property=\"og:title\" content=\"Magic Cushion Xtreme 900g - Animal &amp; Human Health AG\" \/>\n<meta property=\"og:description\" content=\"&#8222;Performance Strength Hoof Packing&#8220; Ist eine schnelle und wohltuende Hilfe f\u00fcr stark beanspruchte Hufe. Magic Cushion unterst\u00fctzt die Hufgesundheit auf verschiedenen Wegen und reduziert die Huftemperatur innerhalb einer Stunde. Dieses Produkt enth\u00e4lt ausschlie\u00dflich nat\u00fcrliche Inhaltsstoffe.\" \/>\n<meta property=\"og:url\" content=\"https:\/\/a-h-health.ch\/fr\/shop\/magic-cushion-xtreme-900g\/\" \/>\n<meta property=\"og:site_name\" content=\"Animal &amp; Human Health AG\" \/>\n<meta property=\"article:modified_time\" content=\"2025-08-14T12:14:07+00:00\" \/>\n<meta property=\"og:image\" content=\"https:\/\/a-h-health.ch\/wp-content\/uploads\/2025\/08\/Magic-Cushion-Extreme-Hoof-Packing-2lb-900gm.jpg\" \/>\n\t<meta property=\"og:image:width\" content=\"1000\" \/>\n\t<meta property=\"og:image:height\" content=\"1000\" \/>\n\t<meta property=\"og:image:type\" content=\"image\/jpeg\" \/>\n<meta name=\"twitter:card\" content=\"summary_large_image\" \/>\n<script type=\"application\/ld+json\" class=\"yoast-schema-graph\">{\"@context\":\"https:\\\/\\\/schema.org\",\"@graph\":[{\"@type\":\"WebPage\",\"@id\":\"https:\\\/\\\/a-h-health.ch\\\/shop\\\/magic-cushion-xtreme-900g\\\/\",\"url\":\"https:\\\/\\\/a-h-health.ch\\\/shop\\\/magic-cushion-xtreme-900g\\\/\",\"name\":\"Magic Cushion Xtreme 900g - Animal &amp; Human Health AG\",\"isPartOf\":{\"@id\":\"https:\\\/\\\/a-h-health.ch\\\/#website\"},\"primaryImageOfPage\":{\"@id\":\"https:\\\/\\\/a-h-health.ch\\\/shop\\\/magic-cushion-xtreme-900g\\\/#primaryimage\"},\"image\":{\"@id\":\"https:\\\/\\\/a-h-health.ch\\\/shop\\\/magic-cushion-xtreme-900g\\\/#primaryimage\"},\"thumbnailUrl\":\"https:\\\/\\\/a-h-health.ch\\\/wp-content\\\/uploads\\\/2025\\\/08\\\/Magic-Cushion-Extreme-Hoof-Packing-2lb-900gm.jpg\",\"datePublished\":\"2025-08-05T13:50:55+00:00\",\"dateModified\":\"2025-08-14T12:14:07+00:00\",\"breadcrumb\":{\"@id\":\"https:\\\/\\\/a-h-health.ch\\\/shop\\\/magic-cushion-xtreme-900g\\\/#breadcrumb\"},\"inLanguage\":\"fr-FR\",\"potentialAction\":[{\"@type\":\"ReadAction\",\"target\":[\"https:\\\/\\\/a-h-health.ch\\\/shop\\\/magic-cushion-xtreme-900g\\\/\"]}]},{\"@type\":\"ImageObject\",\"inLanguage\":\"fr-FR\",\"@id\":\"https:\\\/\\\/a-h-health.ch\\\/shop\\\/magic-cushion-xtreme-900g\\\/#primaryimage\",\"url\":\"https:\\\/\\\/a-h-health.ch\\\/wp-content\\\/uploads\\\/2025\\\/08\\\/Magic-Cushion-Extreme-Hoof-Packing-2lb-900gm.jpg\",\"contentUrl\":\"https:\\\/\\\/a-h-health.ch\\\/wp-content\\\/uploads\\\/2025\\\/08\\\/Magic-Cushion-Extreme-Hoof-Packing-2lb-900gm.jpg\",\"width\":1000,\"height\":1000},{\"@type\":\"BreadcrumbList\",\"@id\":\"https:\\\/\\\/a-h-health.ch\\\/shop\\\/magic-cushion-xtreme-900g\\\/#breadcrumb\",\"itemListElement\":[{\"@type\":\"ListItem\",\"position\":1,\"name\":\"Startseite\",\"item\":\"https:\\\/\\\/a-h-health.ch\\\/\"},{\"@type\":\"ListItem\",\"position\":2,\"name\":\"Shop\",\"item\":\"https:\\\/\\\/a-h-health.ch\\\/shop\\\/\"},{\"@type\":\"ListItem\",\"position\":3,\"name\":\"Magic Cushion Xtreme 900g\"}]},{\"@type\":\"WebSite\",\"@id\":\"https:\\\/\\\/a-h-health.ch\\\/#website\",\"url\":\"https:\\\/\\\/a-h-health.ch\\\/\",\"name\":\"Animal and Human Health AG\",\"description\":\"Wir sind Ihre Ansprechpartner, wenn es um die professionelle Gesundheit und das Wohl ihres Tieres geht.\",\"publisher\":{\"@id\":\"https:\\\/\\\/a-h-health.ch\\\/#organization\"},\"alternateName\":\"a-h-health\",\"potentialAction\":[{\"@type\":\"SearchAction\",\"target\":{\"@type\":\"EntryPoint\",\"urlTemplate\":\"https:\\\/\\\/a-h-health.ch\\\/?s={search_term_string}\"},\"query-input\":{\"@type\":\"PropertyValueSpecification\",\"valueRequired\":true,\"valueName\":\"search_term_string\"}}],\"inLanguage\":\"fr-FR\"},{\"@type\":\"Organization\",\"@id\":\"https:\\\/\\\/a-h-health.ch\\\/#organization\",\"name\":\"Animal & Human Health AG\",\"url\":\"https:\\\/\\\/a-h-health.ch\\\/\",\"logo\":{\"@type\":\"ImageObject\",\"inLanguage\":\"fr-FR\",\"@id\":\"https:\\\/\\\/a-h-health.ch\\\/#\\\/schema\\\/logo\\\/image\\\/\",\"url\":\"https:\\\/\\\/a-h-health.ch\\\/wp-content\\\/uploads\\\/2020\\\/12\\\/Logo-animal-health.jpg\",\"contentUrl\":\"https:\\\/\\\/a-h-health.ch\\\/wp-content\\\/uploads\\\/2020\\\/12\\\/Logo-animal-health.jpg\",\"width\":653,\"height\":56,\"caption\":\"Animal & Human Health AG\"},\"image\":{\"@id\":\"https:\\\/\\\/a-h-health.ch\\\/#\\\/schema\\\/logo\\\/image\\\/\"}}]}<\/script>\n<!-- \/ Yoast SEO plugin. -->","yoast_head_json":{"title":"Magic Cushion Xtre\u00adme 900g \u2013 Ani\u00admal &amp; Human Health AG","robots":{"index":"index","follow":"follow","max-snippet":"max-snippet:-1","max-image-preview":"max-image-preview:large","max-video-preview":"max-video-preview:-1"},"canonical":"https:\/\/a-h-health.ch\/fr\/shop\/magic-cushion-xtreme-900g\/","og_locale":"fr_FR","og_type":"article","og_title":"Magic Cushion Xtreme 900g - Animal &amp; Human Health AG","og_description":"&#8222;Performance Strength Hoof Packing&#8220; Ist eine schnelle und wohltuende Hilfe f\u00fcr stark beanspruchte Hufe. Magic Cushion unterst\u00fctzt die Hufgesundheit auf verschiedenen Wegen und reduziert die Huftemperatur innerhalb einer Stunde. Dieses Produkt enth\u00e4lt ausschlie\u00dflich nat\u00fcrliche Inhaltsstoffe.","og_url":"https:\/\/a-h-health.ch\/fr\/shop\/magic-cushion-xtreme-900g\/","og_site_name":"Animal &amp; Human Health AG","article_modified_time":"2025-08-14T12:14:07+00:00","og_image":[{"width":1000,"height":1000,"url":"https:\/\/a-h-health.ch\/wp-content\/uploads\/2025\/08\/Magic-Cushion-Extreme-Hoof-Packing-2lb-900gm.jpg","type":"image\/jpeg"}],"twitter_card":"summary_large_image","schema":{"@context":"https:\/\/schema.org","@graph":[{"@type":"WebPage","@id":"https:\/\/a-h-health.ch\/shop\/magic-cushion-xtreme-900g\/","url":"https:\/\/a-h-health.ch\/shop\/magic-cushion-xtreme-900g\/","name":"Magic Cushion Xtre\u00adme 900g \u2013 Ani\u00admal &amp; Human Health AG","isPartOf":{"@id":"https:\/\/a-h-health.ch\/#website"},"primaryImageOfPage":{"@id":"https:\/\/a-h-health.ch\/shop\/magic-cushion-xtreme-900g\/#primaryimage"},"image":{"@id":"https:\/\/a-h-health.ch\/shop\/magic-cushion-xtreme-900g\/#primaryimage"},"thumbnailUrl":"https:\/\/a-h-health.ch\/wp-content\/uploads\/2025\/08\/Magic-Cushion-Extreme-Hoof-Packing-2lb-900gm.jpg","datePublished":"2025-08-05T13:50:55+00:00","dateModified":"2025-08-14T12:14:07+00:00","breadcrumb":{"@id":"https:\/\/a-h-health.ch\/shop\/magic-cushion-xtreme-900g\/#breadcrumb"},"inLanguage":"fr-FR","potentialAction":[{"@type":"ReadAction","target":["https:\/\/a-h-health.ch\/shop\/magic-cushion-xtreme-900g\/"]}]},{"@type":"ImageObject","inLanguage":"fr-FR","@id":"https:\/\/a-h-health.ch\/shop\/magic-cushion-xtreme-900g\/#primaryimage","url":"https:\/\/a-h-health.ch\/wp-content\/uploads\/2025\/08\/Magic-Cushion-Extreme-Hoof-Packing-2lb-900gm.jpg","contentUrl":"https:\/\/a-h-health.ch\/wp-content\/uploads\/2025\/08\/Magic-Cushion-Extreme-Hoof-Packing-2lb-900gm.jpg","width":1000,"height":1000},{"@type":"BreadcrumbList","@id":"https:\/\/a-h-health.ch\/shop\/magic-cushion-xtreme-900g\/#breadcrumb","itemListElement":[{"@type":"ListItem","position":1,"name":"Startseite","item":"https:\/\/a-h-health.ch\/"},{"@type":"ListItem","position":2,"name":"Shop","item":"https:\/\/a-h-health.ch\/shop\/"},{"@type":"ListItem","position":3,"name":"Magic Cushion Xtreme 900g"}]},{"@type":"WebSite","@id":"https:\/\/a-h-health.ch\/#website","url":"https:\/\/a-h-health.ch\/","name":"Ani\u00admal and Human Health AG","description":"Nous som\u00admes vos interlo\u00adcu\u00adteurs lorsqu\u2019il s\u2019a\u00adgit de la san\u00adt\u00e9 pro\u00adfes\u00adsi\u00adon\u00adnel\u00adle et du bien-\u00eatre de vot\u00adre animal.","publisher":{"@id":"https:\/\/a-h-health.ch\/#organization"},"alternateName":"a-h-health","potentialAction":[{"@type":"SearchAction","target":{"@type":"EntryPoint","urlTemplate":"https:\/\/a-h-health.ch\/?s={search_term_string}"},"query-input":{"@type":"PropertyValueSpecification","valueRequired":true,"valueName":"search_term_string"}}],"inLanguage":"fr-FR"},{"@type":"Organization","@id":"https:\/\/a-h-health.ch\/#organization","name":"Ani\u00admal &amp; Human Health AG","url":"https:\/\/a-h-health.ch\/","logo":{"@type":"ImageObject","inLanguage":"fr-FR","@id":"https:\/\/a-h-health.ch\/#\/schema\/logo\/image\/","url":"https:\/\/a-h-health.ch\/wp-content\/uploads\/2020\/12\/Logo-animal-health.jpg","contentUrl":"https:\/\/a-h-health.ch\/wp-content\/uploads\/2020\/12\/Logo-animal-health.jpg","width":653,"height":56,"caption":"Animal & Human Health AG"},"image":{"@id":"https:\/\/a-h-health.ch\/#\/schema\/logo\/image\/"}}]}},"_links":{"self":[{"href":"https:\/\/a-h-health.ch\/fr\/wp-json\/wp\/v2\/product\/18155","targetHints":{"allow":["GET"]}}],"collection":[{"href":"https:\/\/a-h-health.ch\/fr\/wp-json\/wp\/v2\/product"}],"about":[{"href":"https:\/\/a-h-health.ch\/fr\/wp-json\/wp\/v2\/types\/product"}],"wp:featuredmedia":[{"embeddable":true,"href":"https:\/\/a-h-health.ch\/fr\/wp-json\/wp\/v2\/media\/18156"}],"wp:attachment":[{"href":"https:\/\/a-h-health.ch\/fr\/wp-json\/wp\/v2\/media?parent=18155"}],"wp:term":[{"taxonomy":"product_brand","embeddable":true,"href":"https:\/\/a-h-health.ch\/fr\/wp-json\/wp\/v2\/product_brand?post=18155"},{"taxonomy":"product_cat","embeddable":true,"href":"https:\/\/a-h-health.ch\/fr\/wp-json\/wp\/v2\/product_cat?post=18155"},{"taxonomy":"product_tag","embeddable":true,"href":"https:\/\/a-h-health.ch\/fr\/wp-json\/wp\/v2\/product_tag?post=18155"}],"curies":[{"name":"wp","href":"https:\/\/api.w.org\/{rel}","templated":true}]}}