{"id":18083,"date":"2025-06-25T13:22:01","date_gmt":"2025-06-25T11:22:01","guid":{"rendered":"https:\/\/a-h-health.ch\/?post_type=product&#038;p=18083"},"modified":"2025-08-04T16:37:30","modified_gmt":"2025-08-04T14:37:30","slug":"muscle-bone-3-5-kg","status":"publish","type":"product","link":"https:\/\/a-h-health.ch\/fr\/shop\/muscle-bone-3-5-kg\/","title":{"rendered":"Mus\u00adcle Bone 3.5&nbsp;Kg"},"content":{"rendered":"<p>Con\u00adtri\u00adbue au d\u00e9ve\u00adlo\u00adp\u00adpe\u00adment et au main\u00adti\u00aden du syst\u00e8me sque\u00adlet\u00adtique et de l\u2019ap\u00adpa\u00adreil mus\u00adcu\u00adlo-ten\u00addi\u00adneux du cheval.<br>\nAli\u00admen\u00adta\u00adti\u00adon : che\u00adval (500 kg) : 36 g par jour (1 mesu\u00adre) \/ poulain\/poney : 18 g par jour (une demi-mesu\u00adre) \u00e0 m\u00e9lan\u00adger \u00e0 la rati\u00adon alimentaire<br>\nIngr\u00e9dients&nbsp;:<br>\nRap\u00adport cal\u00adci\u00adum-phos\u00adpho\u00adre : 2:1<br>\nLitho\u00adtam\u00adni\u00adon : algues mari\u00adnes, une source natu\u00adrel\u00adle de calcium<br>\nFari\u00adne de soja fer\u00admen\u00adt\u00e9e : source de vit\u00adami\u00adne K2 (aide \u00e0 fixer le cal\u00adci\u00adum dans les&nbsp;os)<br>\nGlu\u00adcos\u00adami\u00adne : com\u00adpo\u00adsant prin\u00adci\u00adpal de la matri\u00adce du cartilage<br>\nCol\u00adla\u00adg\u00e8\u00adne hydro\u00adly\u00ads\u00e9 : pro\u00adt\u00e9i\u00adne struc\u00adtu\u00adrel\u00adle du cartilage<br>\nM\u00e9thyl\u00adsul\u00adfoyl\u00adm\u00e9tha\u00adne : source de soufre<br>\nExtrait de r\u00e9g\u00adlis\u00adse : four\u00adnis\u00adseur d\u2019antioxydants<br>\nPoud\u00adre de pro\u00adt\u00e9\u00adi\u00adnes de lait : source de pro\u00adt\u00e9\u00adi\u00adnes rapi\u00adde\u00adment assimilables<br>\nAMIZATE\u00ae : aci\u00addes ami\u00adn\u00e9s, pep\u00adti\u00addes \u00e0 cha\u00ee\u00adne cour\u00adte et micro\u00adnu\u00adtri\u00adments issus de pro\u00adt\u00e9\u00adi\u00adnes de pois\u00adson avec une bio\u00addis\u00adpo\u00adni\u00adbi\u00adli\u00adt\u00e9 \u00e9le\u00adv\u00e9e et une absorp\u00adti\u00adon rapide<br>\nComposition<br>\nFari\u00adne de bl\u00e9, phos\u00adpha\u00adte dical\u00adci\u00adque, fari\u00adne de luzer\u00adne, avoi\u00adne d\u00e9cor\u00adti\u00adqu\u00e9e, glu\u00adco\u00adna\u00adte de cal\u00adci\u00adum, hui\u00adle de tour\u00adne\u00adsol, col\u00adla\u00adg\u00e8\u00adne hydro\u00adly\u00ads\u00e9, car\u00adbo\u00adna\u00adte de cal\u00adci\u00adum, fari\u00adne de soja fer\u00admen\u00adt\u00e9e (Ferm\u00adSoy), lithot\u00adham\u00adne, pro\u00adt\u00e9\u00adi\u00adnes de pois\u00adson hydro\u00adly\u00ads\u00e9es, pro\u00adt\u00e9\u00adi\u00adnes de lait en poud\u00adre, glu\u00adcos\u00adami\u00adne d\u00e9ri\u00adv\u00e9e de tis\u00adsus ani\u00admaux, sous-pro\u00adduit de la pro\u00adduc\u00adtion d\u2019en\u00adzy\u00admes par Asper\u00adgil\u00adlus ory\u00adzae, sac\u00adcha\u00adro\u00adse, phos\u00adpha\u00adte dical\u00adci\u00adque, oxy\u00adde de magn\u00e9\u00adsi\u00adum, chlor\u00adure de potassium.<br>\nSUBSTANCES ADDITIONNELLES\/kg<br>\nVit\u00adami\u00adnes : Vit\u00adami\u00adne A (3a672a) 17.500 UI, vit\u00adami\u00adne D3 (3a671) 700 UI, vit\u00adami\u00adne E (3a700) 17,5&nbsp;mg&nbsp;;<br>\nOli\u00adgo-\u00e9l\u00e9\u00adments : Fer 13,2 mg (sul\u00adfa\u00adte fer\u00adreux, hep\u00adta\u00adhy\u00addra\u00adt\u00e9) (3b104), Man\u00adgan\u00e8\u00adse 435 mg (sul\u00adfa\u00adte de man\u00adgan\u00e8\u00adse (II), mono\u00adhy\u00addra\u00adt\u00e9) (3b503), Zinc 490 mg (sul\u00adfa\u00adte de zinc, mono\u00adhy\u00addra\u00adte) (3b605), cui\u00adv\u00adre 132 mg (sul\u00adfa\u00adte de cui\u00adv\u00adre (II), pen\u00adta\u00adhy\u00addra\u00adt\u00e9) (3b405), iode 17 mg (iod\u00adu\u00adre de pot\u00adas\u00adsi\u00adum) (3b201), s\u00e9l\u00e9\u00adni\u00adum 0,035 mg (s\u00e9l\u00e9\u00adni\u00adte de sodi\u00adum) (3b801) ;<br>\nAr\u00f4\u00admes : extrait de r\u00e9g\u00adlis\u00adse 1.000&nbsp;mg<br>\nCom\u00adpo\u00adsants analytiques<br>\nPro\u00adt\u00e9\u00adi\u00adnes brutes 14,0%, grais\u00adses brutes 7,0%, fibres brutes 5,0%, cend\u00adres brutes 26,0%, cend\u00adres inso\u00adlu\u00adbles dans l\u2019a\u00adci\u00adde chlor\u00adhy\u00addrique 3,0%, cal\u00adci\u00adum 9,0%, phos\u00adpho\u00adre 5,0%, sodi\u00adum 0,2%.<\/p>\n<p>Aver\u00adtis\u00adse\u00adments<br>\nCon\u00adti\u00adent des pro\u00adt\u00e9\u00adi\u00adnes hydro\u00adly\u00ads\u00e9es. Ne con\u00advi\u00adent pas aux rumi\u00adnants (bovins, ch\u00e8\u00adv\u00adres, mou\u00adtons,&nbsp;etc.).<\/p>","protected":false},"excerpt":{"rendered":"<p>Unterst\u00fctz die Entwicklung und Erhaltung des Skelettsystems und des Muskel-Sehnen-Apparates des Pferdes. F\u00fctterung: Pferd (500 kg): 36 g pro Tag (1 Messl\u00f6ffel) \/ Fohlen\/Pony: 18 g pro Tag (ein halber Messl\u00f6ffel) zum Einmischen in die Futterration Inhaltstoffe: Calcium-Phosphor-Verh\u00e4ltnis: 2:1 Lithotamnion: Meeresalgen, eine nat\u00fcrliche Kalziumquelle Fermentiertes Sojamehl: Vitamin-K2-Quelle (hilft, Kalzium im Knochen zu fixieren) Glucosamin: Hauptbestandteil [&hellip;]<\/p>\n","protected":false},"featured_media":18084,"template":"","meta":{"wp_typography_post_enhancements_disabled":false},"product_brand":[],"product_cat":[34],"product_tag":[],"class_list":{"0":"post-18083","1":"product","2":"type-product","3":"status-publish","4":"has-post-thumbnail","6":"product_cat-nahrungsergaenzung","8":"first","9":"instock","10":"taxable","11":"shipping-taxable","12":"product-type-simple"},"yoast_head":"<!-- This site is optimized with the Yoast SEO plugin v27.4 - https:\/\/yoast.com\/product\/yoast-seo-wordpress\/ -->\n<title>Muscle Bone 3.5 Kg - Animal &amp; Human Health AG<\/title>\n<meta name=\"robots\" content=\"index, follow, max-snippet:-1, max-image-preview:large, max-video-preview:-1\" \/>\n<link rel=\"canonical\" href=\"https:\/\/a-h-health.ch\/fr\/shop\/muscle-bone-3-5-kg\/\" \/>\n<meta property=\"og:locale\" content=\"fr_FR\" \/>\n<meta property=\"og:type\" content=\"article\" \/>\n<meta property=\"og:title\" content=\"Muscle Bone 3.5 Kg - Animal &amp; Human Health AG\" \/>\n<meta property=\"og:description\" content=\"Unterst\u00fctz die Entwicklung und Erhaltung des Skelettsystems und des Muskel-Sehnen-Apparates des Pferdes. F\u00fctterung: Pferd (500 kg): 36 g pro Tag (1 Messl\u00f6ffel) \/ Fohlen\/Pony: 18 g pro Tag (ein halber Messl\u00f6ffel) zum Einmischen in die Futterration Inhaltstoffe: Calcium-Phosphor-Verh\u00e4ltnis: 2:1 Lithotamnion: Meeresalgen, eine nat\u00fcrliche Kalziumquelle Fermentiertes Sojamehl: Vitamin-K2-Quelle (hilft, Kalzium im Knochen zu fixieren) Glucosamin: Hauptbestandteil [&hellip;]\" \/>\n<meta property=\"og:url\" content=\"https:\/\/a-h-health.ch\/fr\/shop\/muscle-bone-3-5-kg\/\" \/>\n<meta property=\"og:site_name\" content=\"Animal &amp; Human Health AG\" \/>\n<meta property=\"article:modified_time\" content=\"2025-08-04T14:37:30+00:00\" \/>\n<meta property=\"og:image\" content=\"https:\/\/a-h-health.ch\/wp-content\/uploads\/2025\/06\/Muscle-Bone.png\" \/>\n\t<meta property=\"og:image:width\" content=\"1000\" \/>\n\t<meta property=\"og:image:height\" content=\"1000\" \/>\n\t<meta property=\"og:image:type\" content=\"image\/png\" \/>\n<meta name=\"twitter:card\" content=\"summary_large_image\" \/>\n<meta name=\"twitter:label1\" content=\"Dur\u00e9e de lecture estim\u00e9e\" \/>\n\t<meta name=\"twitter:data1\" content=\"1 minute\" \/>\n<script type=\"application\/ld+json\" class=\"yoast-schema-graph\">{\"@context\":\"https:\\\/\\\/schema.org\",\"@graph\":[{\"@type\":\"WebPage\",\"@id\":\"https:\\\/\\\/a-h-health.ch\\\/shop\\\/muscle-bone-3-5-kg\\\/\",\"url\":\"https:\\\/\\\/a-h-health.ch\\\/shop\\\/muscle-bone-3-5-kg\\\/\",\"name\":\"Muscle Bone 3.5 Kg - Animal &amp; Human Health AG\",\"isPartOf\":{\"@id\":\"https:\\\/\\\/a-h-health.ch\\\/#website\"},\"primaryImageOfPage\":{\"@id\":\"https:\\\/\\\/a-h-health.ch\\\/shop\\\/muscle-bone-3-5-kg\\\/#primaryimage\"},\"image\":{\"@id\":\"https:\\\/\\\/a-h-health.ch\\\/shop\\\/muscle-bone-3-5-kg\\\/#primaryimage\"},\"thumbnailUrl\":\"https:\\\/\\\/a-h-health.ch\\\/wp-content\\\/uploads\\\/2025\\\/06\\\/Muscle-Bone.png\",\"datePublished\":\"2025-06-25T11:22:01+00:00\",\"dateModified\":\"2025-08-04T14:37:30+00:00\",\"breadcrumb\":{\"@id\":\"https:\\\/\\\/a-h-health.ch\\\/shop\\\/muscle-bone-3-5-kg\\\/#breadcrumb\"},\"inLanguage\":\"fr-FR\",\"potentialAction\":[{\"@type\":\"ReadAction\",\"target\":[\"https:\\\/\\\/a-h-health.ch\\\/shop\\\/muscle-bone-3-5-kg\\\/\"]}]},{\"@type\":\"ImageObject\",\"inLanguage\":\"fr-FR\",\"@id\":\"https:\\\/\\\/a-h-health.ch\\\/shop\\\/muscle-bone-3-5-kg\\\/#primaryimage\",\"url\":\"https:\\\/\\\/a-h-health.ch\\\/wp-content\\\/uploads\\\/2025\\\/06\\\/Muscle-Bone.png\",\"contentUrl\":\"https:\\\/\\\/a-h-health.ch\\\/wp-content\\\/uploads\\\/2025\\\/06\\\/Muscle-Bone.png\",\"width\":1000,\"height\":1000},{\"@type\":\"BreadcrumbList\",\"@id\":\"https:\\\/\\\/a-h-health.ch\\\/shop\\\/muscle-bone-3-5-kg\\\/#breadcrumb\",\"itemListElement\":[{\"@type\":\"ListItem\",\"position\":1,\"name\":\"Startseite\",\"item\":\"https:\\\/\\\/a-h-health.ch\\\/\"},{\"@type\":\"ListItem\",\"position\":2,\"name\":\"Shop\",\"item\":\"https:\\\/\\\/a-h-health.ch\\\/shop\\\/\"},{\"@type\":\"ListItem\",\"position\":3,\"name\":\"Muscle Bone 3.5 Kg\"}]},{\"@type\":\"WebSite\",\"@id\":\"https:\\\/\\\/a-h-health.ch\\\/#website\",\"url\":\"https:\\\/\\\/a-h-health.ch\\\/\",\"name\":\"Animal and Human Health AG\",\"description\":\"Wir sind Ihre Ansprechpartner, wenn es um die professionelle Gesundheit und das Wohl ihres Tieres geht.\",\"publisher\":{\"@id\":\"https:\\\/\\\/a-h-health.ch\\\/#organization\"},\"alternateName\":\"a-h-health\",\"potentialAction\":[{\"@type\":\"SearchAction\",\"target\":{\"@type\":\"EntryPoint\",\"urlTemplate\":\"https:\\\/\\\/a-h-health.ch\\\/?s={search_term_string}\"},\"query-input\":{\"@type\":\"PropertyValueSpecification\",\"valueRequired\":true,\"valueName\":\"search_term_string\"}}],\"inLanguage\":\"fr-FR\"},{\"@type\":\"Organization\",\"@id\":\"https:\\\/\\\/a-h-health.ch\\\/#organization\",\"name\":\"Animal & Human Health AG\",\"url\":\"https:\\\/\\\/a-h-health.ch\\\/\",\"logo\":{\"@type\":\"ImageObject\",\"inLanguage\":\"fr-FR\",\"@id\":\"https:\\\/\\\/a-h-health.ch\\\/#\\\/schema\\\/logo\\\/image\\\/\",\"url\":\"https:\\\/\\\/a-h-health.ch\\\/wp-content\\\/uploads\\\/2020\\\/12\\\/Logo-animal-health.jpg\",\"contentUrl\":\"https:\\\/\\\/a-h-health.ch\\\/wp-content\\\/uploads\\\/2020\\\/12\\\/Logo-animal-health.jpg\",\"width\":653,\"height\":56,\"caption\":\"Animal & Human Health AG\"},\"image\":{\"@id\":\"https:\\\/\\\/a-h-health.ch\\\/#\\\/schema\\\/logo\\\/image\\\/\"}}]}<\/script>\n<!-- \/ Yoast SEO plugin. -->","yoast_head_json":{"title":"Mus\u00adcle Bone 3.5 Kg \u2013 Ani\u00admal &amp; Human Health AG","robots":{"index":"index","follow":"follow","max-snippet":"max-snippet:-1","max-image-preview":"max-image-preview:large","max-video-preview":"max-video-preview:-1"},"canonical":"https:\/\/a-h-health.ch\/fr\/shop\/muscle-bone-3-5-kg\/","og_locale":"fr_FR","og_type":"article","og_title":"Muscle Bone 3.5 Kg - Animal &amp; Human Health AG","og_description":"Unterst\u00fctz die Entwicklung und Erhaltung des Skelettsystems und des Muskel-Sehnen-Apparates des Pferdes. F\u00fctterung: Pferd (500 kg): 36 g pro Tag (1 Messl\u00f6ffel) \/ Fohlen\/Pony: 18 g pro Tag (ein halber Messl\u00f6ffel) zum Einmischen in die Futterration Inhaltstoffe: Calcium-Phosphor-Verh\u00e4ltnis: 2:1 Lithotamnion: Meeresalgen, eine nat\u00fcrliche Kalziumquelle Fermentiertes Sojamehl: Vitamin-K2-Quelle (hilft, Kalzium im Knochen zu fixieren) Glucosamin: Hauptbestandteil [&hellip;]","og_url":"https:\/\/a-h-health.ch\/fr\/shop\/muscle-bone-3-5-kg\/","og_site_name":"Animal &amp; Human Health AG","article_modified_time":"2025-08-04T14:37:30+00:00","og_image":[{"width":1000,"height":1000,"url":"https:\/\/a-h-health.ch\/wp-content\/uploads\/2025\/06\/Muscle-Bone.png","type":"image\/png"}],"twitter_card":"summary_large_image","twitter_misc":{"Dur\u00e9e de lecture estim\u00e9e":"1 minute"},"schema":{"@context":"https:\/\/schema.org","@graph":[{"@type":"WebPage","@id":"https:\/\/a-h-health.ch\/shop\/muscle-bone-3-5-kg\/","url":"https:\/\/a-h-health.ch\/shop\/muscle-bone-3-5-kg\/","name":"Mus\u00adcle Bone 3.5 Kg \u2013 Ani\u00admal &amp; Human Health AG","isPartOf":{"@id":"https:\/\/a-h-health.ch\/#website"},"primaryImageOfPage":{"@id":"https:\/\/a-h-health.ch\/shop\/muscle-bone-3-5-kg\/#primaryimage"},"image":{"@id":"https:\/\/a-h-health.ch\/shop\/muscle-bone-3-5-kg\/#primaryimage"},"thumbnailUrl":"https:\/\/a-h-health.ch\/wp-content\/uploads\/2025\/06\/Muscle-Bone.png","datePublished":"2025-06-25T11:22:01+00:00","dateModified":"2025-08-04T14:37:30+00:00","breadcrumb":{"@id":"https:\/\/a-h-health.ch\/shop\/muscle-bone-3-5-kg\/#breadcrumb"},"inLanguage":"fr-FR","potentialAction":[{"@type":"ReadAction","target":["https:\/\/a-h-health.ch\/shop\/muscle-bone-3-5-kg\/"]}]},{"@type":"ImageObject","inLanguage":"fr-FR","@id":"https:\/\/a-h-health.ch\/shop\/muscle-bone-3-5-kg\/#primaryimage","url":"https:\/\/a-h-health.ch\/wp-content\/uploads\/2025\/06\/Muscle-Bone.png","contentUrl":"https:\/\/a-h-health.ch\/wp-content\/uploads\/2025\/06\/Muscle-Bone.png","width":1000,"height":1000},{"@type":"BreadcrumbList","@id":"https:\/\/a-h-health.ch\/shop\/muscle-bone-3-5-kg\/#breadcrumb","itemListElement":[{"@type":"ListItem","position":1,"name":"Startseite","item":"https:\/\/a-h-health.ch\/"},{"@type":"ListItem","position":2,"name":"Shop","item":"https:\/\/a-h-health.ch\/shop\/"},{"@type":"ListItem","position":3,"name":"Muscle Bone 3.5 Kg"}]},{"@type":"WebSite","@id":"https:\/\/a-h-health.ch\/#website","url":"https:\/\/a-h-health.ch\/","name":"Ani\u00admal and Human Health AG","description":"Nous som\u00admes vos interlo\u00adcu\u00adteurs lorsqu\u2019il s\u2019a\u00adgit de la san\u00adt\u00e9 pro\u00adfes\u00adsi\u00adon\u00adnel\u00adle et du bien-\u00eatre de vot\u00adre animal.","publisher":{"@id":"https:\/\/a-h-health.ch\/#organization"},"alternateName":"a-h-health","potentialAction":[{"@type":"SearchAction","target":{"@type":"EntryPoint","urlTemplate":"https:\/\/a-h-health.ch\/?s={search_term_string}"},"query-input":{"@type":"PropertyValueSpecification","valueRequired":true,"valueName":"search_term_string"}}],"inLanguage":"fr-FR"},{"@type":"Organization","@id":"https:\/\/a-h-health.ch\/#organization","name":"Ani\u00admal &amp; Human Health AG","url":"https:\/\/a-h-health.ch\/","logo":{"@type":"ImageObject","inLanguage":"fr-FR","@id":"https:\/\/a-h-health.ch\/#\/schema\/logo\/image\/","url":"https:\/\/a-h-health.ch\/wp-content\/uploads\/2020\/12\/Logo-animal-health.jpg","contentUrl":"https:\/\/a-h-health.ch\/wp-content\/uploads\/2020\/12\/Logo-animal-health.jpg","width":653,"height":56,"caption":"Animal & Human Health AG"},"image":{"@id":"https:\/\/a-h-health.ch\/#\/schema\/logo\/image\/"}}]}},"_links":{"self":[{"href":"https:\/\/a-h-health.ch\/fr\/wp-json\/wp\/v2\/product\/18083","targetHints":{"allow":["GET"]}}],"collection":[{"href":"https:\/\/a-h-health.ch\/fr\/wp-json\/wp\/v2\/product"}],"about":[{"href":"https:\/\/a-h-health.ch\/fr\/wp-json\/wp\/v2\/types\/product"}],"wp:featuredmedia":[{"embeddable":true,"href":"https:\/\/a-h-health.ch\/fr\/wp-json\/wp\/v2\/media\/18084"}],"wp:attachment":[{"href":"https:\/\/a-h-health.ch\/fr\/wp-json\/wp\/v2\/media?parent=18083"}],"wp:term":[{"taxonomy":"product_brand","embeddable":true,"href":"https:\/\/a-h-health.ch\/fr\/wp-json\/wp\/v2\/product_brand?post=18083"},{"taxonomy":"product_cat","embeddable":true,"href":"https:\/\/a-h-health.ch\/fr\/wp-json\/wp\/v2\/product_cat?post=18083"},{"taxonomy":"product_tag","embeddable":true,"href":"https:\/\/a-h-health.ch\/fr\/wp-json\/wp\/v2\/product_tag?post=18083"}],"curies":[{"name":"wp","href":"https:\/\/api.w.org\/{rel}","templated":true}]}}