{"id":18049,"date":"2025-04-30T17:19:28","date_gmt":"2025-04-30T15:19:28","guid":{"rendered":"https:\/\/a-h-health.ch\/?post_type=product&amp;p=16729"},"modified":"2025-04-30T17:19:28","modified_gmt":"2025-04-30T15:19:28","slug":"tonerdepaste-1-kg","status":"publish","type":"product","link":"https:\/\/a-h-health.ch\/fr\/shop\/tonerdepaste-1-kg\/","title":{"rendered":"P\u00e2te d\u2019ar\u00adgi\u00adle 1&nbsp;kg"},"content":{"rendered":"<p>La p\u00e2te refro\u00adidit et d\u00e9tend la peau, les liga\u00adments et les ten\u00addons apr\u00e8s un effort inten\u00adse. Appli\u00adquer la p\u00e2te en couche \u00e9paisse, ne pas la ban\u00adder et la lais\u00adser s\u00e9cher. La cro\u00fbte s\u00e8che tom\u00adbe g\u00e9n\u00e9\u00adra\u00adle\u00adment, les restes sont bros\u00ads\u00e9s ou rin\u00adc\u00e9s. L\u2019op\u00e9\u00adra\u00adti\u00adon peut \u00eatre r\u00e9p\u00e9\u00adt\u00e9e \u00e0 volon\u00adt\u00e9 si n\u00e9cessaire.<\/p>","protected":false},"excerpt":{"rendered":"<p>La p\u00e2te refro\u00adidit et d\u00e9tend la peau, les liga\u00adments et les ten\u00addons apr\u00e8s un effort inten\u00adse. Appli\u00adquer la p\u00e2te en couche \u00e9paisse, ne pas la ban\u00adder et la lais\u00adser s\u00e9cher. La cro\u00fbte s\u00e8che tom\u00adbe g\u00e9n\u00e9\u00adra\u00adle\u00adment, les restes sont bros\u00ads\u00e9s ou rin\u00adc\u00e9s. L\u2019op\u00e9\u00adra\u00adti\u00adon peut \u00eatre r\u00e9p\u00e9\u00adt\u00e9e \u00e0 volon\u00adt\u00e9 si n\u00e9cessaire.<\/p>","protected":false},"featured_media":18056,"template":"","meta":{"wp_typography_post_enhancements_disabled":false},"product_brand":[],"product_cat":[34],"product_tag":[],"class_list":{"0":"post-18049","1":"product","2":"type-product","3":"status-publish","4":"has-post-thumbnail","6":"product_cat-nahrungsergaenzung","8":"first","9":"instock","10":"taxable","11":"shipping-taxable","12":"product-type-simple"},"yoast_head":"<!-- This site is optimized with the Yoast SEO plugin v27.4 - https:\/\/yoast.com\/product\/yoast-seo-wordpress\/ -->\n<title>Tonerdepaste 1 kg - Animal &amp; Human Health AG<\/title>\n<meta name=\"robots\" content=\"index, follow, max-snippet:-1, max-image-preview:large, max-video-preview:-1\" \/>\n<link rel=\"canonical\" href=\"https:\/\/a-h-health.ch\/fr\/shop\/tonerdepaste-1-kg\/\" \/>\n<meta property=\"og:locale\" content=\"fr_FR\" \/>\n<meta property=\"og:type\" content=\"article\" \/>\n<meta property=\"og:title\" content=\"Tonerdepaste 1 kg - Animal &amp; Human Health AG\" \/>\n<meta property=\"og:description\" content=\"Die Paste k\u00fchlt und entspannt die Haut, B\u00e4nder und Sehnen nach starker Belastung. Paste dick auftragen, nicht bandagieren und austrocknen lassen. Die trockene Kruste f\u00e4llt meist ab, Reste werden abgeb\u00fcrstet oder abgesp\u00fclt. Der Vorgang kann bei Bedarf beliebig wiederholt werden.\" \/>\n<meta property=\"og:url\" content=\"https:\/\/a-h-health.ch\/fr\/shop\/tonerdepaste-1-kg\/\" \/>\n<meta property=\"og:site_name\" content=\"Animal &amp; Human Health AG\" \/>\n<meta name=\"twitter:card\" content=\"summary_large_image\" \/>\n<script type=\"application\/ld+json\" class=\"yoast-schema-graph\">{\"@context\":\"https:\\\/\\\/schema.org\",\"@graph\":[{\"@type\":\"WebPage\",\"@id\":\"https:\\\/\\\/a-h-health.ch\\\/shop\\\/tonerdepaste-1-kg\\\/\",\"url\":\"https:\\\/\\\/a-h-health.ch\\\/shop\\\/tonerdepaste-1-kg\\\/\",\"name\":\"Tonerdepaste 1 kg - Animal &amp; Human Health AG\",\"isPartOf\":{\"@id\":\"https:\\\/\\\/a-h-health.ch\\\/#website\"},\"primaryImageOfPage\":{\"@id\":\"https:\\\/\\\/a-h-health.ch\\\/shop\\\/tonerdepaste-1-kg\\\/#primaryimage\"},\"image\":{\"@id\":\"https:\\\/\\\/a-h-health.ch\\\/shop\\\/tonerdepaste-1-kg\\\/#primaryimage\"},\"thumbnailUrl\":\"https:\\\/\\\/a-h-health.ch\\\/wp-content\\\/uploads\\\/2025\\\/04\\\/Tonerdepaste-1-kg-1.webp\",\"datePublished\":\"2025-04-30T15:19:28+00:00\",\"breadcrumb\":{\"@id\":\"https:\\\/\\\/a-h-health.ch\\\/shop\\\/tonerdepaste-1-kg\\\/#breadcrumb\"},\"inLanguage\":\"fr-FR\",\"potentialAction\":[{\"@type\":\"ReadAction\",\"target\":[\"https:\\\/\\\/a-h-health.ch\\\/shop\\\/tonerdepaste-1-kg\\\/\"]}]},{\"@type\":\"ImageObject\",\"inLanguage\":\"fr-FR\",\"@id\":\"https:\\\/\\\/a-h-health.ch\\\/shop\\\/tonerdepaste-1-kg\\\/#primaryimage\",\"url\":\"https:\\\/\\\/a-h-health.ch\\\/wp-content\\\/uploads\\\/2025\\\/04\\\/Tonerdepaste-1-kg-1.webp\",\"contentUrl\":\"https:\\\/\\\/a-h-health.ch\\\/wp-content\\\/uploads\\\/2025\\\/04\\\/Tonerdepaste-1-kg-1.webp\",\"width\":650,\"height\":650},{\"@type\":\"BreadcrumbList\",\"@id\":\"https:\\\/\\\/a-h-health.ch\\\/shop\\\/tonerdepaste-1-kg\\\/#breadcrumb\",\"itemListElement\":[{\"@type\":\"ListItem\",\"position\":1,\"name\":\"Startseite\",\"item\":\"https:\\\/\\\/a-h-health.ch\\\/\"},{\"@type\":\"ListItem\",\"position\":2,\"name\":\"Shop\",\"item\":\"https:\\\/\\\/a-h-health.ch\\\/shop\\\/\"},{\"@type\":\"ListItem\",\"position\":3,\"name\":\"Tonerdepaste 1 kg\"}]},{\"@type\":\"WebSite\",\"@id\":\"https:\\\/\\\/a-h-health.ch\\\/#website\",\"url\":\"https:\\\/\\\/a-h-health.ch\\\/\",\"name\":\"Animal and Human Health AG\",\"description\":\"Wir sind Ihre Ansprechpartner, wenn es um die professionelle Gesundheit und das Wohl ihres Tieres geht.\",\"publisher\":{\"@id\":\"https:\\\/\\\/a-h-health.ch\\\/#organization\"},\"alternateName\":\"a-h-health\",\"potentialAction\":[{\"@type\":\"SearchAction\",\"target\":{\"@type\":\"EntryPoint\",\"urlTemplate\":\"https:\\\/\\\/a-h-health.ch\\\/?s={search_term_string}\"},\"query-input\":{\"@type\":\"PropertyValueSpecification\",\"valueRequired\":true,\"valueName\":\"search_term_string\"}}],\"inLanguage\":\"fr-FR\"},{\"@type\":\"Organization\",\"@id\":\"https:\\\/\\\/a-h-health.ch\\\/#organization\",\"name\":\"Animal & Human Health AG\",\"url\":\"https:\\\/\\\/a-h-health.ch\\\/\",\"logo\":{\"@type\":\"ImageObject\",\"inLanguage\":\"fr-FR\",\"@id\":\"https:\\\/\\\/a-h-health.ch\\\/#\\\/schema\\\/logo\\\/image\\\/\",\"url\":\"https:\\\/\\\/a-h-health.ch\\\/wp-content\\\/uploads\\\/2020\\\/12\\\/Logo-animal-health.jpg\",\"contentUrl\":\"https:\\\/\\\/a-h-health.ch\\\/wp-content\\\/uploads\\\/2020\\\/12\\\/Logo-animal-health.jpg\",\"width\":653,\"height\":56,\"caption\":\"Animal & Human Health AG\"},\"image\":{\"@id\":\"https:\\\/\\\/a-h-health.ch\\\/#\\\/schema\\\/logo\\\/image\\\/\"}}]}<\/script>\n<!-- \/ Yoast SEO plugin. -->","yoast_head_json":{"title":"Ton\u00ader\u00adde\u00adpa\u00adste 1 kg \u2013 Ani\u00admal &amp; Human Health AG","robots":{"index":"index","follow":"follow","max-snippet":"max-snippet:-1","max-image-preview":"max-image-preview:large","max-video-preview":"max-video-preview:-1"},"canonical":"https:\/\/a-h-health.ch\/fr\/shop\/tonerdepaste-1-kg\/","og_locale":"fr_FR","og_type":"article","og_title":"Tonerdepaste 1 kg - Animal &amp; Human Health AG","og_description":"Die Paste k\u00fchlt und entspannt die Haut, B\u00e4nder und Sehnen nach starker Belastung. Paste dick auftragen, nicht bandagieren und austrocknen lassen. Die trockene Kruste f\u00e4llt meist ab, Reste werden abgeb\u00fcrstet oder abgesp\u00fclt. Der Vorgang kann bei Bedarf beliebig wiederholt werden.","og_url":"https:\/\/a-h-health.ch\/fr\/shop\/tonerdepaste-1-kg\/","og_site_name":"Animal &amp; Human Health AG","twitter_card":"summary_large_image","schema":{"@context":"https:\/\/schema.org","@graph":[{"@type":"WebPage","@id":"https:\/\/a-h-health.ch\/shop\/tonerdepaste-1-kg\/","url":"https:\/\/a-h-health.ch\/shop\/tonerdepaste-1-kg\/","name":"Ton\u00ader\u00adde\u00adpa\u00adste 1 kg \u2013 Ani\u00admal &amp; Human Health AG","isPartOf":{"@id":"https:\/\/a-h-health.ch\/#website"},"primaryImageOfPage":{"@id":"https:\/\/a-h-health.ch\/shop\/tonerdepaste-1-kg\/#primaryimage"},"image":{"@id":"https:\/\/a-h-health.ch\/shop\/tonerdepaste-1-kg\/#primaryimage"},"thumbnailUrl":"https:\/\/a-h-health.ch\/wp-content\/uploads\/2025\/04\/Tonerdepaste-1-kg-1.webp","datePublished":"2025-04-30T15:19:28+00:00","breadcrumb":{"@id":"https:\/\/a-h-health.ch\/shop\/tonerdepaste-1-kg\/#breadcrumb"},"inLanguage":"fr-FR","potentialAction":[{"@type":"ReadAction","target":["https:\/\/a-h-health.ch\/shop\/tonerdepaste-1-kg\/"]}]},{"@type":"ImageObject","inLanguage":"fr-FR","@id":"https:\/\/a-h-health.ch\/shop\/tonerdepaste-1-kg\/#primaryimage","url":"https:\/\/a-h-health.ch\/wp-content\/uploads\/2025\/04\/Tonerdepaste-1-kg-1.webp","contentUrl":"https:\/\/a-h-health.ch\/wp-content\/uploads\/2025\/04\/Tonerdepaste-1-kg-1.webp","width":650,"height":650},{"@type":"BreadcrumbList","@id":"https:\/\/a-h-health.ch\/shop\/tonerdepaste-1-kg\/#breadcrumb","itemListElement":[{"@type":"ListItem","position":1,"name":"Startseite","item":"https:\/\/a-h-health.ch\/"},{"@type":"ListItem","position":2,"name":"Shop","item":"https:\/\/a-h-health.ch\/shop\/"},{"@type":"ListItem","position":3,"name":"Tonerdepaste 1 kg"}]},{"@type":"WebSite","@id":"https:\/\/a-h-health.ch\/#website","url":"https:\/\/a-h-health.ch\/","name":"Ani\u00admal and Human Health AG","description":"Nous som\u00admes vos interlo\u00adcu\u00adteurs lorsqu\u2019il s\u2019a\u00adgit de la san\u00adt\u00e9 pro\u00adfes\u00adsi\u00adon\u00adnel\u00adle et du bien-\u00eatre de vot\u00adre animal.","publisher":{"@id":"https:\/\/a-h-health.ch\/#organization"},"alternateName":"a-h-health","potentialAction":[{"@type":"SearchAction","target":{"@type":"EntryPoint","urlTemplate":"https:\/\/a-h-health.ch\/?s={search_term_string}"},"query-input":{"@type":"PropertyValueSpecification","valueRequired":true,"valueName":"search_term_string"}}],"inLanguage":"fr-FR"},{"@type":"Organization","@id":"https:\/\/a-h-health.ch\/#organization","name":"Ani\u00admal &amp; Human Health AG","url":"https:\/\/a-h-health.ch\/","logo":{"@type":"ImageObject","inLanguage":"fr-FR","@id":"https:\/\/a-h-health.ch\/#\/schema\/logo\/image\/","url":"https:\/\/a-h-health.ch\/wp-content\/uploads\/2020\/12\/Logo-animal-health.jpg","contentUrl":"https:\/\/a-h-health.ch\/wp-content\/uploads\/2020\/12\/Logo-animal-health.jpg","width":653,"height":56,"caption":"Animal & Human Health AG"},"image":{"@id":"https:\/\/a-h-health.ch\/#\/schema\/logo\/image\/"}}]}},"_links":{"self":[{"href":"https:\/\/a-h-health.ch\/fr\/wp-json\/wp\/v2\/product\/18049","targetHints":{"allow":["GET"]}}],"collection":[{"href":"https:\/\/a-h-health.ch\/fr\/wp-json\/wp\/v2\/product"}],"about":[{"href":"https:\/\/a-h-health.ch\/fr\/wp-json\/wp\/v2\/types\/product"}],"wp:featuredmedia":[{"embeddable":true,"href":"https:\/\/a-h-health.ch\/fr\/wp-json\/wp\/v2\/media\/18056"}],"wp:attachment":[{"href":"https:\/\/a-h-health.ch\/fr\/wp-json\/wp\/v2\/media?parent=18049"}],"wp:term":[{"taxonomy":"product_brand","embeddable":true,"href":"https:\/\/a-h-health.ch\/fr\/wp-json\/wp\/v2\/product_brand?post=18049"},{"taxonomy":"product_cat","embeddable":true,"href":"https:\/\/a-h-health.ch\/fr\/wp-json\/wp\/v2\/product_cat?post=18049"},{"taxonomy":"product_tag","embeddable":true,"href":"https:\/\/a-h-health.ch\/fr\/wp-json\/wp\/v2\/product_tag?post=18049"}],"curies":[{"name":"wp","href":"https:\/\/api.w.org\/{rel}","templated":true}]}}