{"id":18048,"date":"2025-04-30T17:07:32","date_gmt":"2025-04-30T15:07:32","guid":{"rendered":"https:\/\/a-h-health.ch\/?post_type=product&amp;p=16723"},"modified":"2025-04-30T17:07:32","modified_gmt":"2025-04-30T15:07:32","slug":"kaschmieder-magen-darm-elixier","status":"publish","type":"product","link":"https:\/\/a-h-health.ch\/fr\/shop\/kaschmieder-magen-darm-elixier\/","title":{"rendered":"\u00c9li\u00adxir gastro-intesti\u00adnal Kaschmieder"},"content":{"rendered":"<p>M\u00e9lan\u00adge de sub\u00adstances aro\u00adma\u00adti\u00adques v\u00e9g\u00e9\u00adta\u00adles natu\u00adrel\u00adles (hui\u00adles essen\u00adti\u00adel\u00adles) sti\u00admu\u00adlant l\u2019ap\u00adp\u00e9\u00adtit et d\u2019un extrait de com\u00adpo\u00adsants v\u00e9g\u00e9\u00adtaux favo\u00adri\u00adsant la dige\u00adsti\u00adon. Les chevaux adul\u00adtes de 450 \u00e0 550 kg de poids cor\u00adpo\u00adrel re\u00e7oi\u00advent une seu\u00adle fois 36 ml (2 fla\u00adcons) dans la nour\u00adri\u00adtu\u00adre ou \u2013 mieux \u2013 direc\u00adte\u00adment dans la bouche.<br>\nLes pou\u00adlains, poneys et petits chevaux re\u00e7oi\u00advent une fois moins en cons\u00e9quence.<\/p>","protected":false},"excerpt":{"rendered":"<p>M\u00e9lan\u00adge de sub\u00adstances aro\u00adma\u00adti\u00adques v\u00e9g\u00e9\u00adta\u00adles natu\u00adrel\u00adles (hui\u00adles essen\u00adti\u00adel\u00adles) sti\u00admu\u00adlant l\u2019ap\u00adp\u00e9\u00adtit et d\u2019un extrait de com\u00adpo\u00adsants v\u00e9g\u00e9\u00adtaux favo\u00adri\u00adsant la dige\u00adsti\u00adon. Les chevaux adul\u00adtes de 450 \u00e0 550 kg de poids cor\u00adpo\u00adrel re\u00e7oi\u00advent une seu\u00adle fois 36 ml (2 fla\u00adcons) dans la nour\u00adri\u00adtu\u00adre ou, mieux enco\u00adre, direc\u00adte\u00adment dans la bou\u00adche. Les pou\u00adlains, les poneys et les petits chevaux re\u00e7oi\u00advent une dose uni\u00adque moins importante.<\/p>","protected":false},"featured_media":16724,"template":"","meta":{"wp_typography_post_enhancements_disabled":false},"product_brand":[],"product_cat":[34],"product_tag":[],"class_list":{"0":"post-18048","1":"product","2":"type-product","3":"status-publish","4":"has-post-thumbnail","6":"product_cat-nahrungsergaenzung","8":"first","9":"instock","10":"taxable","11":"shipping-taxable","12":"product-type-simple"},"yoast_head":"<!-- This site is optimized with the Yoast SEO plugin v27.4 - https:\/\/yoast.com\/product\/yoast-seo-wordpress\/ -->\n<title>Kaschmieder Magen-Darm Elixier - Animal &amp; Human Health AG<\/title>\n<meta name=\"robots\" content=\"index, follow, max-snippet:-1, max-image-preview:large, max-video-preview:-1\" \/>\n<link rel=\"canonical\" href=\"https:\/\/a-h-health.ch\/fr\/shop\/kaschmieder-magen-darm-elixier\/\" \/>\n<meta property=\"og:locale\" content=\"fr_FR\" \/>\n<meta property=\"og:type\" content=\"article\" \/>\n<meta property=\"og:title\" content=\"Kaschmieder Magen-Darm Elixier - Animal &amp; Human Health AG\" \/>\n<meta property=\"og:description\" content=\"Mischung von appetitanregenden nat\u00fcrlichen, pflanzlichen Aromastoffen (etherische \u00d6le) mit einem Extrakt aus verdauungsf\u00f6rdernden Pflanzenbestandteilen. Erwachsene Pferde mit 450 &#8211; 550 kg KGW erhalten einmalig 36 ml (2 Flaschen) \u00fcber das Futter oder &#8211; besser &#8211; direkt ins Maul eingegeben. Fohlen, Ponies und Kleinpferde erhalten einmalig entsprechend weniger.\" \/>\n<meta property=\"og:url\" content=\"https:\/\/a-h-health.ch\/fr\/shop\/kaschmieder-magen-darm-elixier\/\" \/>\n<meta property=\"og:site_name\" content=\"Animal &amp; Human Health AG\" \/>\n<meta name=\"twitter:card\" content=\"summary_large_image\" \/>\n<script type=\"application\/ld+json\" class=\"yoast-schema-graph\">{\"@context\":\"https:\\\/\\\/schema.org\",\"@graph\":[{\"@type\":\"WebPage\",\"@id\":\"https:\\\/\\\/a-h-health.ch\\\/shop\\\/kaschmieder-magen-darm-elixier\\\/\",\"url\":\"https:\\\/\\\/a-h-health.ch\\\/shop\\\/kaschmieder-magen-darm-elixier\\\/\",\"name\":\"Kaschmieder Magen-Darm Elixier - Animal &amp; Human Health AG\",\"isPartOf\":{\"@id\":\"https:\\\/\\\/a-h-health.ch\\\/#website\"},\"primaryImageOfPage\":{\"@id\":\"https:\\\/\\\/a-h-health.ch\\\/shop\\\/kaschmieder-magen-darm-elixier\\\/#primaryimage\"},\"image\":{\"@id\":\"https:\\\/\\\/a-h-health.ch\\\/shop\\\/kaschmieder-magen-darm-elixier\\\/#primaryimage\"},\"thumbnailUrl\":\"https:\\\/\\\/a-h-health.ch\\\/wp-content\\\/uploads\\\/2025\\\/04\\\/Kaschmieder-Magen-Elixier-1.webp\",\"datePublished\":\"2025-04-30T15:07:32+00:00\",\"breadcrumb\":{\"@id\":\"https:\\\/\\\/a-h-health.ch\\\/shop\\\/kaschmieder-magen-darm-elixier\\\/#breadcrumb\"},\"inLanguage\":\"fr-FR\",\"potentialAction\":[{\"@type\":\"ReadAction\",\"target\":[\"https:\\\/\\\/a-h-health.ch\\\/shop\\\/kaschmieder-magen-darm-elixier\\\/\"]}]},{\"@type\":\"ImageObject\",\"inLanguage\":\"fr-FR\",\"@id\":\"https:\\\/\\\/a-h-health.ch\\\/shop\\\/kaschmieder-magen-darm-elixier\\\/#primaryimage\",\"url\":\"https:\\\/\\\/a-h-health.ch\\\/wp-content\\\/uploads\\\/2025\\\/04\\\/Kaschmieder-Magen-Elixier-1.webp\",\"contentUrl\":\"https:\\\/\\\/a-h-health.ch\\\/wp-content\\\/uploads\\\/2025\\\/04\\\/Kaschmieder-Magen-Elixier-1.webp\",\"width\":600,\"height\":600},{\"@type\":\"BreadcrumbList\",\"@id\":\"https:\\\/\\\/a-h-health.ch\\\/shop\\\/kaschmieder-magen-darm-elixier\\\/#breadcrumb\",\"itemListElement\":[{\"@type\":\"ListItem\",\"position\":1,\"name\":\"Startseite\",\"item\":\"https:\\\/\\\/a-h-health.ch\\\/\"},{\"@type\":\"ListItem\",\"position\":2,\"name\":\"Shop\",\"item\":\"https:\\\/\\\/a-h-health.ch\\\/shop\\\/\"},{\"@type\":\"ListItem\",\"position\":3,\"name\":\"Kaschmieder Magen-Darm Elixier\"}]},{\"@type\":\"WebSite\",\"@id\":\"https:\\\/\\\/a-h-health.ch\\\/#website\",\"url\":\"https:\\\/\\\/a-h-health.ch\\\/\",\"name\":\"Animal and Human Health AG\",\"description\":\"Wir sind Ihre Ansprechpartner, wenn es um die professionelle Gesundheit und das Wohl ihres Tieres geht.\",\"publisher\":{\"@id\":\"https:\\\/\\\/a-h-health.ch\\\/#organization\"},\"alternateName\":\"a-h-health\",\"potentialAction\":[{\"@type\":\"SearchAction\",\"target\":{\"@type\":\"EntryPoint\",\"urlTemplate\":\"https:\\\/\\\/a-h-health.ch\\\/?s={search_term_string}\"},\"query-input\":{\"@type\":\"PropertyValueSpecification\",\"valueRequired\":true,\"valueName\":\"search_term_string\"}}],\"inLanguage\":\"fr-FR\"},{\"@type\":\"Organization\",\"@id\":\"https:\\\/\\\/a-h-health.ch\\\/#organization\",\"name\":\"Animal & Human Health AG\",\"url\":\"https:\\\/\\\/a-h-health.ch\\\/\",\"logo\":{\"@type\":\"ImageObject\",\"inLanguage\":\"fr-FR\",\"@id\":\"https:\\\/\\\/a-h-health.ch\\\/#\\\/schema\\\/logo\\\/image\\\/\",\"url\":\"https:\\\/\\\/a-h-health.ch\\\/wp-content\\\/uploads\\\/2020\\\/12\\\/Logo-animal-health.jpg\",\"contentUrl\":\"https:\\\/\\\/a-h-health.ch\\\/wp-content\\\/uploads\\\/2020\\\/12\\\/Logo-animal-health.jpg\",\"width\":653,\"height\":56,\"caption\":\"Animal & Human Health AG\"},\"image\":{\"@id\":\"https:\\\/\\\/a-h-health.ch\\\/#\\\/schema\\\/logo\\\/image\\\/\"}}]}<\/script>\n<!-- \/ Yoast SEO plugin. -->","yoast_head_json":{"title":"Kasch\u00admie\u00adder Magen-Darm Eli\u00adxier \u2013 Ani\u00admal &amp; Human Health AG","robots":{"index":"index","follow":"follow","max-snippet":"max-snippet:-1","max-image-preview":"max-image-preview:large","max-video-preview":"max-video-preview:-1"},"canonical":"https:\/\/a-h-health.ch\/fr\/shop\/kaschmieder-magen-darm-elixier\/","og_locale":"fr_FR","og_type":"article","og_title":"Kaschmieder Magen-Darm Elixier - Animal &amp; Human Health AG","og_description":"Mischung von appetitanregenden nat\u00fcrlichen, pflanzlichen Aromastoffen (etherische \u00d6le) mit einem Extrakt aus verdauungsf\u00f6rdernden Pflanzenbestandteilen. Erwachsene Pferde mit 450 &#8211; 550 kg KGW erhalten einmalig 36 ml (2 Flaschen) \u00fcber das Futter oder &#8211; besser &#8211; direkt ins Maul eingegeben. Fohlen, Ponies und Kleinpferde erhalten einmalig entsprechend weniger.","og_url":"https:\/\/a-h-health.ch\/fr\/shop\/kaschmieder-magen-darm-elixier\/","og_site_name":"Animal &amp; Human Health AG","twitter_card":"summary_large_image","schema":{"@context":"https:\/\/schema.org","@graph":[{"@type":"WebPage","@id":"https:\/\/a-h-health.ch\/shop\/kaschmieder-magen-darm-elixier\/","url":"https:\/\/a-h-health.ch\/shop\/kaschmieder-magen-darm-elixier\/","name":"Kasch\u00admie\u00adder Magen-Darm Eli\u00adxier \u2013 Ani\u00admal &amp; Human Health AG","isPartOf":{"@id":"https:\/\/a-h-health.ch\/#website"},"primaryImageOfPage":{"@id":"https:\/\/a-h-health.ch\/shop\/kaschmieder-magen-darm-elixier\/#primaryimage"},"image":{"@id":"https:\/\/a-h-health.ch\/shop\/kaschmieder-magen-darm-elixier\/#primaryimage"},"thumbnailUrl":"https:\/\/a-h-health.ch\/wp-content\/uploads\/2025\/04\/Kaschmieder-Magen-Elixier-1.webp","datePublished":"2025-04-30T15:07:32+00:00","breadcrumb":{"@id":"https:\/\/a-h-health.ch\/shop\/kaschmieder-magen-darm-elixier\/#breadcrumb"},"inLanguage":"fr-FR","potentialAction":[{"@type":"ReadAction","target":["https:\/\/a-h-health.ch\/shop\/kaschmieder-magen-darm-elixier\/"]}]},{"@type":"ImageObject","inLanguage":"fr-FR","@id":"https:\/\/a-h-health.ch\/shop\/kaschmieder-magen-darm-elixier\/#primaryimage","url":"https:\/\/a-h-health.ch\/wp-content\/uploads\/2025\/04\/Kaschmieder-Magen-Elixier-1.webp","contentUrl":"https:\/\/a-h-health.ch\/wp-content\/uploads\/2025\/04\/Kaschmieder-Magen-Elixier-1.webp","width":600,"height":600},{"@type":"BreadcrumbList","@id":"https:\/\/a-h-health.ch\/shop\/kaschmieder-magen-darm-elixier\/#breadcrumb","itemListElement":[{"@type":"ListItem","position":1,"name":"Startseite","item":"https:\/\/a-h-health.ch\/"},{"@type":"ListItem","position":2,"name":"Shop","item":"https:\/\/a-h-health.ch\/shop\/"},{"@type":"ListItem","position":3,"name":"Kaschmieder Magen-Darm Elixier"}]},{"@type":"WebSite","@id":"https:\/\/a-h-health.ch\/#website","url":"https:\/\/a-h-health.ch\/","name":"Ani\u00admal and Human Health AG","description":"Nous som\u00admes vos interlo\u00adcu\u00adteurs lorsqu\u2019il s\u2019a\u00adgit de la san\u00adt\u00e9 pro\u00adfes\u00adsi\u00adon\u00adnel\u00adle et du bien-\u00eatre de vot\u00adre animal.","publisher":{"@id":"https:\/\/a-h-health.ch\/#organization"},"alternateName":"a-h-health","potentialAction":[{"@type":"SearchAction","target":{"@type":"EntryPoint","urlTemplate":"https:\/\/a-h-health.ch\/?s={search_term_string}"},"query-input":{"@type":"PropertyValueSpecification","valueRequired":true,"valueName":"search_term_string"}}],"inLanguage":"fr-FR"},{"@type":"Organization","@id":"https:\/\/a-h-health.ch\/#organization","name":"Ani\u00admal &amp; Human Health AG","url":"https:\/\/a-h-health.ch\/","logo":{"@type":"ImageObject","inLanguage":"fr-FR","@id":"https:\/\/a-h-health.ch\/#\/schema\/logo\/image\/","url":"https:\/\/a-h-health.ch\/wp-content\/uploads\/2020\/12\/Logo-animal-health.jpg","contentUrl":"https:\/\/a-h-health.ch\/wp-content\/uploads\/2020\/12\/Logo-animal-health.jpg","width":653,"height":56,"caption":"Animal & Human Health AG"},"image":{"@id":"https:\/\/a-h-health.ch\/#\/schema\/logo\/image\/"}}]}},"_links":{"self":[{"href":"https:\/\/a-h-health.ch\/fr\/wp-json\/wp\/v2\/product\/18048","targetHints":{"allow":["GET"]}}],"collection":[{"href":"https:\/\/a-h-health.ch\/fr\/wp-json\/wp\/v2\/product"}],"about":[{"href":"https:\/\/a-h-health.ch\/fr\/wp-json\/wp\/v2\/types\/product"}],"wp:featuredmedia":[{"embeddable":true,"href":"https:\/\/a-h-health.ch\/fr\/wp-json\/wp\/v2\/media\/16724"}],"wp:attachment":[{"href":"https:\/\/a-h-health.ch\/fr\/wp-json\/wp\/v2\/media?parent=18048"}],"wp:term":[{"taxonomy":"product_brand","embeddable":true,"href":"https:\/\/a-h-health.ch\/fr\/wp-json\/wp\/v2\/product_brand?post=18048"},{"taxonomy":"product_cat","embeddable":true,"href":"https:\/\/a-h-health.ch\/fr\/wp-json\/wp\/v2\/product_cat?post=18048"},{"taxonomy":"product_tag","embeddable":true,"href":"https:\/\/a-h-health.ch\/fr\/wp-json\/wp\/v2\/product_tag?post=18048"}],"curies":[{"name":"wp","href":"https:\/\/api.w.org\/{rel}","templated":true}]}}