{"id":16737,"date":"2025-05-06T13:51:33","date_gmt":"2025-05-06T11:51:33","guid":{"rendered":"https:\/\/a-h-health.ch\/?post_type=product&#038;p=16737"},"modified":"2025-07-08T16:38:25","modified_gmt":"2025-07-08T14:38:25","slug":"apple-lytes-equine-america-2-5kg","status":"publish","type":"product","link":"https:\/\/a-h-health.ch\/fr\/shop\/apple-lytes-equine-america-2-5kg\/","title":{"rendered":"Apple Lytes Equi\u00adne Ame\u00adri\u00adca 2.5kg"},"content":{"rendered":"<p>For\u00admul\u00e9 avec soin pour rem\u00adpla\u00adcer les \u00e9lec\u00adtro\u00adlytes essen\u00adtiels et inci\u00adter \u00e0 boi\u00adre pour favo\u00adri\u00adser la r\u00e9hy\u00addrat\u00ada\u00adti\u00adon et main\u00adte\u00adnir des per\u00adfor\u00adman\u00adces de pointe.<\/p>\n<p>Off\u00adre un rap\u00adport soi\u00adgneu\u00adse\u00adment \u00e9qui\u00adli\u00adbr\u00e9 des prin\u00adci\u00adpaux \u00e9lec\u00adtro\u00adlytes : sodi\u00adum, pot\u00adas\u00adsi\u00adum, chlor\u00adure, cal\u00adci\u00adum et magn\u00e9sium.<\/p>\n<p>Favo\u00adri\u00adse l\u2019hy\u00addrat\u00ada\u00adti\u00adon et la r\u00e9hy\u00addrat\u00ada\u00adti\u00adon et restau\u00adre les \u00e9lec\u00adtro\u00adlytes per\u00addus afin de main\u00adte\u00adnir des per\u00adfor\u00adman\u00adces optimales.<\/p>\n<p>Pau\u00advre en sucre et adap\u00adt\u00e9 \u00e0 tous les chevaux et poneys.<\/p>\n<p>Go\u00fbt tr\u00e8s savou\u00adreux de pom\u00adme et de ceri\u00adse, faci\u00adle \u00e0 m\u00e9lan\u00adger \u00e0 l\u2019alimentation.<\/p>\n<p>Equi\u00adne Ame\u00adri\u00adca est accr\u00e9\u00addi\u00adt\u00e9 BETA NOPS et UFAS, ce qui per\u00admet \u00e0 Apple Lytes Pow\u00adder de con\u00adve\u00adnir aux chevaux qui con\u00adcou\u00adrent selon les r\u00e8gles de la FEI et des cour\u00adses, en r\u00e9dui\u00adsant le ris\u00adqu\u00e9 que nos pro\u00adduits con\u00adti\u00aden\u00adnent des sub\u00adstances interdites.<\/p>","protected":false},"excerpt":{"rendered":"<p>Sorgf\u00e4ltig formuliert, um die wichtigsten Elektrolyte zu ersetzen und zum Trinken anzuregen, um die Rehydrierung zu unterst\u00fctzen und Spitzenleistungen aufrechtzuerhalten. Bietet ein sorgf\u00e4ltig ausgewogenes Verh\u00e4ltnis der wichtigsten Elektrolyte: Natrium, Kalium, Chlorid, Calcium und Magnesium. F\u00f6rdert das Trinken und die Rehydratation und stellt verlorene Elektrolyte wieder her, um die optimale Leistung aufrechtzuerhalten. Zuckerarm und f\u00fcr alle [&hellip;]<\/p>\n","protected":false},"featured_media":18059,"template":"","meta":{"wp_typography_post_enhancements_disabled":false},"product_brand":[],"product_cat":[34],"product_tag":[],"class_list":{"0":"post-16737","1":"product","2":"type-product","3":"status-publish","4":"has-post-thumbnail","6":"product_cat-nahrungsergaenzung","8":"first","9":"instock","10":"taxable","11":"shipping-taxable","12":"product-type-simple"},"yoast_head":"<!-- This site is optimized with the Yoast SEO plugin v27.4 - https:\/\/yoast.com\/product\/yoast-seo-wordpress\/ -->\n<title>Apple Lytes Equine America 2.5kg - Animal &amp; Human Health AG<\/title>\n<meta name=\"robots\" content=\"index, follow, max-snippet:-1, max-image-preview:large, max-video-preview:-1\" \/>\n<link rel=\"canonical\" href=\"https:\/\/a-h-health.ch\/fr\/shop\/apple-lytes-equine-america-2-5kg\/\" \/>\n<meta property=\"og:locale\" content=\"fr_FR\" \/>\n<meta property=\"og:type\" content=\"article\" \/>\n<meta property=\"og:title\" content=\"Apple Lytes Equine America 2.5kg - Animal &amp; Human Health AG\" \/>\n<meta property=\"og:description\" content=\"Sorgf\u00e4ltig formuliert, um die wichtigsten Elektrolyte zu ersetzen und zum Trinken anzuregen, um die Rehydrierung zu unterst\u00fctzen und Spitzenleistungen aufrechtzuerhalten. Bietet ein sorgf\u00e4ltig ausgewogenes Verh\u00e4ltnis der wichtigsten Elektrolyte: Natrium, Kalium, Chlorid, Calcium und Magnesium. F\u00f6rdert das Trinken und die Rehydratation und stellt verlorene Elektrolyte wieder her, um die optimale Leistung aufrechtzuerhalten. Zuckerarm und f\u00fcr alle [&hellip;]\" \/>\n<meta property=\"og:url\" content=\"https:\/\/a-h-health.ch\/fr\/shop\/apple-lytes-equine-america-2-5kg\/\" \/>\n<meta property=\"og:site_name\" content=\"Animal &amp; Human Health AG\" \/>\n<meta property=\"article:modified_time\" content=\"2025-07-08T14:38:25+00:00\" \/>\n<meta property=\"og:image\" content=\"https:\/\/a-h-health.ch\/wp-content\/uploads\/2025\/05\/Apple-Lytes-1.jpg\" \/>\n\t<meta property=\"og:image:width\" content=\"1200\" \/>\n\t<meta property=\"og:image:height\" content=\"1200\" \/>\n\t<meta property=\"og:image:type\" content=\"image\/jpeg\" \/>\n<meta name=\"twitter:card\" content=\"summary_large_image\" \/>\n<meta name=\"twitter:label1\" content=\"Dur\u00e9e de lecture estim\u00e9e\" \/>\n\t<meta name=\"twitter:data1\" content=\"1 minute\" \/>\n<script type=\"application\/ld+json\" class=\"yoast-schema-graph\">{\"@context\":\"https:\\\/\\\/schema.org\",\"@graph\":[{\"@type\":\"WebPage\",\"@id\":\"https:\\\/\\\/a-h-health.ch\\\/shop\\\/apple-lytes-equine-america-2-5kg\\\/\",\"url\":\"https:\\\/\\\/a-h-health.ch\\\/shop\\\/apple-lytes-equine-america-2-5kg\\\/\",\"name\":\"Apple Lytes Equine America 2.5kg - Animal &amp; Human Health AG\",\"isPartOf\":{\"@id\":\"https:\\\/\\\/a-h-health.ch\\\/#website\"},\"primaryImageOfPage\":{\"@id\":\"https:\\\/\\\/a-h-health.ch\\\/shop\\\/apple-lytes-equine-america-2-5kg\\\/#primaryimage\"},\"image\":{\"@id\":\"https:\\\/\\\/a-h-health.ch\\\/shop\\\/apple-lytes-equine-america-2-5kg\\\/#primaryimage\"},\"thumbnailUrl\":\"https:\\\/\\\/a-h-health.ch\\\/wp-content\\\/uploads\\\/2025\\\/05\\\/Apple-Lytes-1.jpg\",\"datePublished\":\"2025-05-06T11:51:33+00:00\",\"dateModified\":\"2025-07-08T14:38:25+00:00\",\"breadcrumb\":{\"@id\":\"https:\\\/\\\/a-h-health.ch\\\/shop\\\/apple-lytes-equine-america-2-5kg\\\/#breadcrumb\"},\"inLanguage\":\"fr-FR\",\"potentialAction\":[{\"@type\":\"ReadAction\",\"target\":[\"https:\\\/\\\/a-h-health.ch\\\/shop\\\/apple-lytes-equine-america-2-5kg\\\/\"]}]},{\"@type\":\"ImageObject\",\"inLanguage\":\"fr-FR\",\"@id\":\"https:\\\/\\\/a-h-health.ch\\\/shop\\\/apple-lytes-equine-america-2-5kg\\\/#primaryimage\",\"url\":\"https:\\\/\\\/a-h-health.ch\\\/wp-content\\\/uploads\\\/2025\\\/05\\\/Apple-Lytes-1.jpg\",\"contentUrl\":\"https:\\\/\\\/a-h-health.ch\\\/wp-content\\\/uploads\\\/2025\\\/05\\\/Apple-Lytes-1.jpg\",\"width\":1200,\"height\":1200},{\"@type\":\"BreadcrumbList\",\"@id\":\"https:\\\/\\\/a-h-health.ch\\\/shop\\\/apple-lytes-equine-america-2-5kg\\\/#breadcrumb\",\"itemListElement\":[{\"@type\":\"ListItem\",\"position\":1,\"name\":\"Startseite\",\"item\":\"https:\\\/\\\/a-h-health.ch\\\/\"},{\"@type\":\"ListItem\",\"position\":2,\"name\":\"Shop\",\"item\":\"https:\\\/\\\/a-h-health.ch\\\/shop\\\/\"},{\"@type\":\"ListItem\",\"position\":3,\"name\":\"Apple Lytes Equine America 2.5kg\"}]},{\"@type\":\"WebSite\",\"@id\":\"https:\\\/\\\/a-h-health.ch\\\/#website\",\"url\":\"https:\\\/\\\/a-h-health.ch\\\/\",\"name\":\"Animal and Human Health AG\",\"description\":\"Wir sind Ihre Ansprechpartner, wenn es um die professionelle Gesundheit und das Wohl ihres Tieres geht.\",\"publisher\":{\"@id\":\"https:\\\/\\\/a-h-health.ch\\\/#organization\"},\"alternateName\":\"a-h-health\",\"potentialAction\":[{\"@type\":\"SearchAction\",\"target\":{\"@type\":\"EntryPoint\",\"urlTemplate\":\"https:\\\/\\\/a-h-health.ch\\\/?s={search_term_string}\"},\"query-input\":{\"@type\":\"PropertyValueSpecification\",\"valueRequired\":true,\"valueName\":\"search_term_string\"}}],\"inLanguage\":\"fr-FR\"},{\"@type\":\"Organization\",\"@id\":\"https:\\\/\\\/a-h-health.ch\\\/#organization\",\"name\":\"Animal & Human Health AG\",\"url\":\"https:\\\/\\\/a-h-health.ch\\\/\",\"logo\":{\"@type\":\"ImageObject\",\"inLanguage\":\"fr-FR\",\"@id\":\"https:\\\/\\\/a-h-health.ch\\\/#\\\/schema\\\/logo\\\/image\\\/\",\"url\":\"https:\\\/\\\/a-h-health.ch\\\/wp-content\\\/uploads\\\/2020\\\/12\\\/Logo-animal-health.jpg\",\"contentUrl\":\"https:\\\/\\\/a-h-health.ch\\\/wp-content\\\/uploads\\\/2020\\\/12\\\/Logo-animal-health.jpg\",\"width\":653,\"height\":56,\"caption\":\"Animal & Human Health AG\"},\"image\":{\"@id\":\"https:\\\/\\\/a-h-health.ch\\\/#\\\/schema\\\/logo\\\/image\\\/\"}}]}<\/script>\n<!-- \/ Yoast SEO plugin. -->","yoast_head_json":{"title":"Apple Lytes Equi\u00adne Ame\u00adri\u00adca 2.5kg \u2013 Ani\u00admal &amp; Human Health AG","robots":{"index":"index","follow":"follow","max-snippet":"max-snippet:-1","max-image-preview":"max-image-preview:large","max-video-preview":"max-video-preview:-1"},"canonical":"https:\/\/a-h-health.ch\/fr\/shop\/apple-lytes-equine-america-2-5kg\/","og_locale":"fr_FR","og_type":"article","og_title":"Apple Lytes Equine America 2.5kg - Animal &amp; Human Health AG","og_description":"Sorgf\u00e4ltig formuliert, um die wichtigsten Elektrolyte zu ersetzen und zum Trinken anzuregen, um die Rehydrierung zu unterst\u00fctzen und Spitzenleistungen aufrechtzuerhalten. Bietet ein sorgf\u00e4ltig ausgewogenes Verh\u00e4ltnis der wichtigsten Elektrolyte: Natrium, Kalium, Chlorid, Calcium und Magnesium. F\u00f6rdert das Trinken und die Rehydratation und stellt verlorene Elektrolyte wieder her, um die optimale Leistung aufrechtzuerhalten. Zuckerarm und f\u00fcr alle [&hellip;]","og_url":"https:\/\/a-h-health.ch\/fr\/shop\/apple-lytes-equine-america-2-5kg\/","og_site_name":"Animal &amp; Human Health AG","article_modified_time":"2025-07-08T14:38:25+00:00","og_image":[{"width":1200,"height":1200,"url":"https:\/\/a-h-health.ch\/wp-content\/uploads\/2025\/05\/Apple-Lytes-1.jpg","type":"image\/jpeg"}],"twitter_card":"summary_large_image","twitter_misc":{"Dur\u00e9e de lecture estim\u00e9e":"1 minute"},"schema":{"@context":"https:\/\/schema.org","@graph":[{"@type":"WebPage","@id":"https:\/\/a-h-health.ch\/shop\/apple-lytes-equine-america-2-5kg\/","url":"https:\/\/a-h-health.ch\/shop\/apple-lytes-equine-america-2-5kg\/","name":"Apple Lytes Equi\u00adne Ame\u00adri\u00adca 2.5kg \u2013 Ani\u00admal &amp; Human Health AG","isPartOf":{"@id":"https:\/\/a-h-health.ch\/#website"},"primaryImageOfPage":{"@id":"https:\/\/a-h-health.ch\/shop\/apple-lytes-equine-america-2-5kg\/#primaryimage"},"image":{"@id":"https:\/\/a-h-health.ch\/shop\/apple-lytes-equine-america-2-5kg\/#primaryimage"},"thumbnailUrl":"https:\/\/a-h-health.ch\/wp-content\/uploads\/2025\/05\/Apple-Lytes-1.jpg","datePublished":"2025-05-06T11:51:33+00:00","dateModified":"2025-07-08T14:38:25+00:00","breadcrumb":{"@id":"https:\/\/a-h-health.ch\/shop\/apple-lytes-equine-america-2-5kg\/#breadcrumb"},"inLanguage":"fr-FR","potentialAction":[{"@type":"ReadAction","target":["https:\/\/a-h-health.ch\/shop\/apple-lytes-equine-america-2-5kg\/"]}]},{"@type":"ImageObject","inLanguage":"fr-FR","@id":"https:\/\/a-h-health.ch\/shop\/apple-lytes-equine-america-2-5kg\/#primaryimage","url":"https:\/\/a-h-health.ch\/wp-content\/uploads\/2025\/05\/Apple-Lytes-1.jpg","contentUrl":"https:\/\/a-h-health.ch\/wp-content\/uploads\/2025\/05\/Apple-Lytes-1.jpg","width":1200,"height":1200},{"@type":"BreadcrumbList","@id":"https:\/\/a-h-health.ch\/shop\/apple-lytes-equine-america-2-5kg\/#breadcrumb","itemListElement":[{"@type":"ListItem","position":1,"name":"Startseite","item":"https:\/\/a-h-health.ch\/"},{"@type":"ListItem","position":2,"name":"Shop","item":"https:\/\/a-h-health.ch\/shop\/"},{"@type":"ListItem","position":3,"name":"Apple Lytes Equine America 2.5kg"}]},{"@type":"WebSite","@id":"https:\/\/a-h-health.ch\/#website","url":"https:\/\/a-h-health.ch\/","name":"Ani\u00admal and Human Health AG","description":"Nous som\u00admes vos interlo\u00adcu\u00adteurs lorsqu\u2019il s\u2019a\u00adgit de la san\u00adt\u00e9 pro\u00adfes\u00adsi\u00adon\u00adnel\u00adle et du bien-\u00eatre de vot\u00adre animal.","publisher":{"@id":"https:\/\/a-h-health.ch\/#organization"},"alternateName":"a-h-health","potentialAction":[{"@type":"SearchAction","target":{"@type":"EntryPoint","urlTemplate":"https:\/\/a-h-health.ch\/?s={search_term_string}"},"query-input":{"@type":"PropertyValueSpecification","valueRequired":true,"valueName":"search_term_string"}}],"inLanguage":"fr-FR"},{"@type":"Organization","@id":"https:\/\/a-h-health.ch\/#organization","name":"Ani\u00admal &amp; Human Health AG","url":"https:\/\/a-h-health.ch\/","logo":{"@type":"ImageObject","inLanguage":"fr-FR","@id":"https:\/\/a-h-health.ch\/#\/schema\/logo\/image\/","url":"https:\/\/a-h-health.ch\/wp-content\/uploads\/2020\/12\/Logo-animal-health.jpg","contentUrl":"https:\/\/a-h-health.ch\/wp-content\/uploads\/2020\/12\/Logo-animal-health.jpg","width":653,"height":56,"caption":"Animal & Human Health AG"},"image":{"@id":"https:\/\/a-h-health.ch\/#\/schema\/logo\/image\/"}}]}},"_links":{"self":[{"href":"https:\/\/a-h-health.ch\/fr\/wp-json\/wp\/v2\/product\/16737","targetHints":{"allow":["GET"]}}],"collection":[{"href":"https:\/\/a-h-health.ch\/fr\/wp-json\/wp\/v2\/product"}],"about":[{"href":"https:\/\/a-h-health.ch\/fr\/wp-json\/wp\/v2\/types\/product"}],"wp:featuredmedia":[{"embeddable":true,"href":"https:\/\/a-h-health.ch\/fr\/wp-json\/wp\/v2\/media\/18059"}],"wp:attachment":[{"href":"https:\/\/a-h-health.ch\/fr\/wp-json\/wp\/v2\/media?parent=16737"}],"wp:term":[{"taxonomy":"product_brand","embeddable":true,"href":"https:\/\/a-h-health.ch\/fr\/wp-json\/wp\/v2\/product_brand?post=16737"},{"taxonomy":"product_cat","embeddable":true,"href":"https:\/\/a-h-health.ch\/fr\/wp-json\/wp\/v2\/product_cat?post=16737"},{"taxonomy":"product_tag","embeddable":true,"href":"https:\/\/a-h-health.ch\/fr\/wp-json\/wp\/v2\/product_tag?post=16737"}],"curies":[{"name":"wp","href":"https:\/\/api.w.org\/{rel}","templated":true}]}}