{"id":16665,"date":"2025-03-12T14:23:25","date_gmt":"2025-03-12T13:23:25","guid":{"rendered":"https:\/\/a-h-health.ch\/?post_type=product&#038;p=16665"},"modified":"2025-03-12T14:25:10","modified_gmt":"2025-03-12T13:25:10","slug":"vitalpilzmischung-fuer-leber-und-niere-100g","status":"publish","type":"product","link":"https:\/\/a-h-health.ch\/fr\/shop\/vitalpilzmischung-fuer-leber-und-niere-100g\/","title":{"rendered":"M\u00e9lan\u00adge de cham\u00adpi\u00adgnons vitaux pour le VIE et les RIINS&nbsp;100g"},"content":{"rendered":"<p>Ali\u00adments com\u00adpl\u00e9\u00admen\u00adtai\u00adres pour chiens et&nbsp;chats<\/p>\n<p>Pour l\u2019en\u00adtre\u00adti\u00aden et le main\u00adti\u00aden d\u2019un m\u00e9ta\u00adbo\u00adlis\u00adme h\u00e9pa\u00adtique intact<br>\nPour l\u2019en\u00adtre\u00adti\u00aden et le main\u00adti\u00aden d\u2019u\u00adne fonc\u00adtion r\u00e9na\u00adle&nbsp;saine<\/p>\n<p>Appli\u00adca\u00adti\u00adon :<br>\najou\u00adter 1 poin\u00adte de cou\u00adteau par 10kg de poids cor\u00adpo\u00adrel \u00e0 la nour\u00adri\u00adtu\u00adre habituelle<br>\n(1 poin\u00adte de cou\u00adteau cor\u00adre\u00adspond \u00e0 envi\u00adron 0,5g).<\/p>\n<p>Ing\u00adr\u00e9\u00addi\u00adents :<br>\nMai\u00adta\u00adke, Cor\u00addy\u00adceps, Rei\u00adshi, Aga\u00adri\u00adcus. Aucun aut\u00adre addi\u00adtif ou agent de remplissage.<\/p>","protected":false},"excerpt":{"rendered":"<p>Erg\u00e4n\u00adzungs\u00adfut\u00adter\u00admit\u00adtel f\u00fcr Hun\u00adde und Kat\u00adzen Zur Pfle\u00adge und zur Erhal\u00adtung eines intak\u00adten Leber\u00adstoff\u00adwech\u00adsels Zur Pfle\u00adge und zur Erhal\u00adtung einer gesun\u00adder Nie\u00adren\u00adfunk\u00adti\u00adon Anwen\u00addung: 1 Mes\u00adser\u00adspit\u00adze pro 10kg K\u00f6r\u00adper\u00adge\u00adwicht \u00fcber das gewohn\u00adte Fut\u00adter geben (1 Mes\u00adser\u00adspit\u00adze ent\u00adspricht ca. 0,5g). Inhalts\u00adstof\u00adfe: Mai\u00adta\u00adke, Cor\u00addy\u00adceps, Rei\u00adshi, Aga\u00adri\u00adcus. Kei\u00adne wei\u00adte\u00adren Zus\u00e4t\u00adze oder F\u00fcllstoffe.<\/p>","protected":false},"featured_media":16666,"template":"","meta":{"wp_typography_post_enhancements_disabled":false},"product_brand":[],"product_cat":[555,563,564,34],"product_tag":[574],"class_list":{"0":"post-16665","1":"product","2":"type-product","3":"status-publish","4":"has-post-thumbnail","6":"product_cat-futtermittel","7":"product_cat-hund","8":"product_cat-katze","9":"product_cat-nahrungsergaenzung","10":"product_tag-futter-und-diverse","12":"first","13":"instock","14":"taxable","15":"shipping-taxable","16":"product-type-simple"},"yoast_head":"<!-- This site is optimized with the Yoast SEO plugin v27.4 - https:\/\/yoast.com\/product\/yoast-seo-wordpress\/ -->\n<title>Vitalpilzmischung f\u00fcr LEBER und NIERE 100g - Animal &amp; Human Health AG<\/title>\n<meta name=\"robots\" content=\"index, follow, max-snippet:-1, max-image-preview:large, max-video-preview:-1\" \/>\n<link rel=\"canonical\" href=\"https:\/\/a-h-health.ch\/fr\/shop\/vitalpilzmischung-fuer-leber-und-niere-100g\/\" \/>\n<meta property=\"og:locale\" content=\"fr_FR\" \/>\n<meta property=\"og:type\" content=\"article\" \/>\n<meta property=\"og:title\" content=\"Vitalpilzmischung f\u00fcr LEBER und NIERE 100g - Animal &amp; Human Health AG\" \/>\n<meta property=\"og:description\" content=\"Erg\u00e4nzungsfuttermittel f\u00fcr Hunde und Katzen Zur Pflege und zur Erhaltung eines intakten Leberstoffwechsels Zur Pflege und zur Erhaltung einer gesunder Nierenfunktion Anwendung: 1 Messerspitze pro 10kg K\u00f6rpergewicht \u00fcber das gewohnte Futter geben (1 Messerspitze entspricht ca. 0,5g). Inhaltsstoffe: Maitake, Cordyceps, Reishi, Agaricus. Keine weiteren Zus\u00e4tze oder F\u00fcllstoffe.\" \/>\n<meta property=\"og:url\" content=\"https:\/\/a-h-health.ch\/fr\/shop\/vitalpilzmischung-fuer-leber-und-niere-100g\/\" \/>\n<meta property=\"og:site_name\" content=\"Animal &amp; Human Health AG\" \/>\n<meta property=\"article:modified_time\" content=\"2025-03-12T13:25:10+00:00\" \/>\n<meta property=\"og:image\" content=\"https:\/\/a-h-health.ch\/wp-content\/uploads\/2025\/03\/VP-Leber-1.jpg\" \/>\n\t<meta property=\"og:image:width\" content=\"600\" \/>\n\t<meta property=\"og:image:height\" content=\"600\" \/>\n\t<meta property=\"og:image:type\" content=\"image\/jpeg\" \/>\n<meta name=\"twitter:card\" content=\"summary_large_image\" \/>\n<meta name=\"twitter:label1\" content=\"Dur\u00e9e de lecture estim\u00e9e\" \/>\n\t<meta name=\"twitter:data1\" content=\"1 minute\" \/>\n<script type=\"application\/ld+json\" class=\"yoast-schema-graph\">{\"@context\":\"https:\\\/\\\/schema.org\",\"@graph\":[{\"@type\":\"WebPage\",\"@id\":\"https:\\\/\\\/a-h-health.ch\\\/shop\\\/vitalpilzmischung-fuer-leber-und-niere-100g\\\/\",\"url\":\"https:\\\/\\\/a-h-health.ch\\\/shop\\\/vitalpilzmischung-fuer-leber-und-niere-100g\\\/\",\"name\":\"Vitalpilzmischung f\u00fcr LEBER und NIERE 100g - Animal &amp; Human Health AG\",\"isPartOf\":{\"@id\":\"https:\\\/\\\/a-h-health.ch\\\/#website\"},\"primaryImageOfPage\":{\"@id\":\"https:\\\/\\\/a-h-health.ch\\\/shop\\\/vitalpilzmischung-fuer-leber-und-niere-100g\\\/#primaryimage\"},\"image\":{\"@id\":\"https:\\\/\\\/a-h-health.ch\\\/shop\\\/vitalpilzmischung-fuer-leber-und-niere-100g\\\/#primaryimage\"},\"thumbnailUrl\":\"https:\\\/\\\/a-h-health.ch\\\/wp-content\\\/uploads\\\/2025\\\/03\\\/VP-Leber-1.jpg\",\"datePublished\":\"2025-03-12T13:23:25+00:00\",\"dateModified\":\"2025-03-12T13:25:10+00:00\",\"breadcrumb\":{\"@id\":\"https:\\\/\\\/a-h-health.ch\\\/shop\\\/vitalpilzmischung-fuer-leber-und-niere-100g\\\/#breadcrumb\"},\"inLanguage\":\"fr-FR\",\"potentialAction\":[{\"@type\":\"ReadAction\",\"target\":[\"https:\\\/\\\/a-h-health.ch\\\/shop\\\/vitalpilzmischung-fuer-leber-und-niere-100g\\\/\"]}]},{\"@type\":\"ImageObject\",\"inLanguage\":\"fr-FR\",\"@id\":\"https:\\\/\\\/a-h-health.ch\\\/shop\\\/vitalpilzmischung-fuer-leber-und-niere-100g\\\/#primaryimage\",\"url\":\"https:\\\/\\\/a-h-health.ch\\\/wp-content\\\/uploads\\\/2025\\\/03\\\/VP-Leber-1.jpg\",\"contentUrl\":\"https:\\\/\\\/a-h-health.ch\\\/wp-content\\\/uploads\\\/2025\\\/03\\\/VP-Leber-1.jpg\",\"width\":600,\"height\":600},{\"@type\":\"BreadcrumbList\",\"@id\":\"https:\\\/\\\/a-h-health.ch\\\/shop\\\/vitalpilzmischung-fuer-leber-und-niere-100g\\\/#breadcrumb\",\"itemListElement\":[{\"@type\":\"ListItem\",\"position\":1,\"name\":\"Startseite\",\"item\":\"https:\\\/\\\/a-h-health.ch\\\/\"},{\"@type\":\"ListItem\",\"position\":2,\"name\":\"Shop\",\"item\":\"https:\\\/\\\/a-h-health.ch\\\/shop\\\/\"},{\"@type\":\"ListItem\",\"position\":3,\"name\":\"Vitalpilzmischung f\u00fcr LEBER und NIERE 100g\"}]},{\"@type\":\"WebSite\",\"@id\":\"https:\\\/\\\/a-h-health.ch\\\/#website\",\"url\":\"https:\\\/\\\/a-h-health.ch\\\/\",\"name\":\"Animal and Human Health AG\",\"description\":\"Wir sind Ihre Ansprechpartner, wenn es um die professionelle Gesundheit und das Wohl ihres Tieres geht.\",\"publisher\":{\"@id\":\"https:\\\/\\\/a-h-health.ch\\\/#organization\"},\"alternateName\":\"a-h-health\",\"potentialAction\":[{\"@type\":\"SearchAction\",\"target\":{\"@type\":\"EntryPoint\",\"urlTemplate\":\"https:\\\/\\\/a-h-health.ch\\\/?s={search_term_string}\"},\"query-input\":{\"@type\":\"PropertyValueSpecification\",\"valueRequired\":true,\"valueName\":\"search_term_string\"}}],\"inLanguage\":\"fr-FR\"},{\"@type\":\"Organization\",\"@id\":\"https:\\\/\\\/a-h-health.ch\\\/#organization\",\"name\":\"Animal & Human Health AG\",\"url\":\"https:\\\/\\\/a-h-health.ch\\\/\",\"logo\":{\"@type\":\"ImageObject\",\"inLanguage\":\"fr-FR\",\"@id\":\"https:\\\/\\\/a-h-health.ch\\\/#\\\/schema\\\/logo\\\/image\\\/\",\"url\":\"https:\\\/\\\/a-h-health.ch\\\/wp-content\\\/uploads\\\/2020\\\/12\\\/Logo-animal-health.jpg\",\"contentUrl\":\"https:\\\/\\\/a-h-health.ch\\\/wp-content\\\/uploads\\\/2020\\\/12\\\/Logo-animal-health.jpg\",\"width\":653,\"height\":56,\"caption\":\"Animal & Human Health AG\"},\"image\":{\"@id\":\"https:\\\/\\\/a-h-health.ch\\\/#\\\/schema\\\/logo\\\/image\\\/\"}}]}<\/script>\n<!-- \/ Yoast SEO plugin. -->","yoast_head_json":{"title":"Vital\u00adpilz\u00admi\u00adschung f\u00fcr LEBER und NIERE 100g \u2013 Ani\u00admal &amp; Human Health AG","robots":{"index":"index","follow":"follow","max-snippet":"max-snippet:-1","max-image-preview":"max-image-preview:large","max-video-preview":"max-video-preview:-1"},"canonical":"https:\/\/a-h-health.ch\/fr\/shop\/vitalpilzmischung-fuer-leber-und-niere-100g\/","og_locale":"fr_FR","og_type":"article","og_title":"Vitalpilzmischung f\u00fcr LEBER und NIERE 100g - Animal &amp; Human Health AG","og_description":"Erg\u00e4nzungsfuttermittel f\u00fcr Hunde und Katzen Zur Pflege und zur Erhaltung eines intakten Leberstoffwechsels Zur Pflege und zur Erhaltung einer gesunder Nierenfunktion Anwendung: 1 Messerspitze pro 10kg K\u00f6rpergewicht \u00fcber das gewohnte Futter geben (1 Messerspitze entspricht ca. 0,5g). Inhaltsstoffe: Maitake, Cordyceps, Reishi, Agaricus. Keine weiteren Zus\u00e4tze oder F\u00fcllstoffe.","og_url":"https:\/\/a-h-health.ch\/fr\/shop\/vitalpilzmischung-fuer-leber-und-niere-100g\/","og_site_name":"Animal &amp; Human Health AG","article_modified_time":"2025-03-12T13:25:10+00:00","og_image":[{"width":600,"height":600,"url":"https:\/\/a-h-health.ch\/wp-content\/uploads\/2025\/03\/VP-Leber-1.jpg","type":"image\/jpeg"}],"twitter_card":"summary_large_image","twitter_misc":{"Dur\u00e9e de lecture estim\u00e9e":"1 minute"},"schema":{"@context":"https:\/\/schema.org","@graph":[{"@type":"WebPage","@id":"https:\/\/a-h-health.ch\/shop\/vitalpilzmischung-fuer-leber-und-niere-100g\/","url":"https:\/\/a-h-health.ch\/shop\/vitalpilzmischung-fuer-leber-und-niere-100g\/","name":"Vital\u00adpilz\u00admi\u00adschung f\u00fcr LEBER und NIERE 100g \u2013 Ani\u00admal &amp; Human Health AG","isPartOf":{"@id":"https:\/\/a-h-health.ch\/#website"},"primaryImageOfPage":{"@id":"https:\/\/a-h-health.ch\/shop\/vitalpilzmischung-fuer-leber-und-niere-100g\/#primaryimage"},"image":{"@id":"https:\/\/a-h-health.ch\/shop\/vitalpilzmischung-fuer-leber-und-niere-100g\/#primaryimage"},"thumbnailUrl":"https:\/\/a-h-health.ch\/wp-content\/uploads\/2025\/03\/VP-Leber-1.jpg","datePublished":"2025-03-12T13:23:25+00:00","dateModified":"2025-03-12T13:25:10+00:00","breadcrumb":{"@id":"https:\/\/a-h-health.ch\/shop\/vitalpilzmischung-fuer-leber-und-niere-100g\/#breadcrumb"},"inLanguage":"fr-FR","potentialAction":[{"@type":"ReadAction","target":["https:\/\/a-h-health.ch\/shop\/vitalpilzmischung-fuer-leber-und-niere-100g\/"]}]},{"@type":"ImageObject","inLanguage":"fr-FR","@id":"https:\/\/a-h-health.ch\/shop\/vitalpilzmischung-fuer-leber-und-niere-100g\/#primaryimage","url":"https:\/\/a-h-health.ch\/wp-content\/uploads\/2025\/03\/VP-Leber-1.jpg","contentUrl":"https:\/\/a-h-health.ch\/wp-content\/uploads\/2025\/03\/VP-Leber-1.jpg","width":600,"height":600},{"@type":"BreadcrumbList","@id":"https:\/\/a-h-health.ch\/shop\/vitalpilzmischung-fuer-leber-und-niere-100g\/#breadcrumb","itemListElement":[{"@type":"ListItem","position":1,"name":"Startseite","item":"https:\/\/a-h-health.ch\/"},{"@type":"ListItem","position":2,"name":"Shop","item":"https:\/\/a-h-health.ch\/shop\/"},{"@type":"ListItem","position":3,"name":"Vitalpilzmischung f\u00fcr LEBER und NIERE 100g"}]},{"@type":"WebSite","@id":"https:\/\/a-h-health.ch\/#website","url":"https:\/\/a-h-health.ch\/","name":"Ani\u00admal and Human Health AG","description":"Nous som\u00admes vos interlo\u00adcu\u00adteurs lorsqu\u2019il s\u2019a\u00adgit de la san\u00adt\u00e9 pro\u00adfes\u00adsi\u00adon\u00adnel\u00adle et du bien-\u00eatre de vot\u00adre animal.","publisher":{"@id":"https:\/\/a-h-health.ch\/#organization"},"alternateName":"a-h-health","potentialAction":[{"@type":"SearchAction","target":{"@type":"EntryPoint","urlTemplate":"https:\/\/a-h-health.ch\/?s={search_term_string}"},"query-input":{"@type":"PropertyValueSpecification","valueRequired":true,"valueName":"search_term_string"}}],"inLanguage":"fr-FR"},{"@type":"Organization","@id":"https:\/\/a-h-health.ch\/#organization","name":"Ani\u00admal &amp; Human Health AG","url":"https:\/\/a-h-health.ch\/","logo":{"@type":"ImageObject","inLanguage":"fr-FR","@id":"https:\/\/a-h-health.ch\/#\/schema\/logo\/image\/","url":"https:\/\/a-h-health.ch\/wp-content\/uploads\/2020\/12\/Logo-animal-health.jpg","contentUrl":"https:\/\/a-h-health.ch\/wp-content\/uploads\/2020\/12\/Logo-animal-health.jpg","width":653,"height":56,"caption":"Animal & Human Health AG"},"image":{"@id":"https:\/\/a-h-health.ch\/#\/schema\/logo\/image\/"}}]}},"_links":{"self":[{"href":"https:\/\/a-h-health.ch\/fr\/wp-json\/wp\/v2\/product\/16665","targetHints":{"allow":["GET"]}}],"collection":[{"href":"https:\/\/a-h-health.ch\/fr\/wp-json\/wp\/v2\/product"}],"about":[{"href":"https:\/\/a-h-health.ch\/fr\/wp-json\/wp\/v2\/types\/product"}],"wp:featuredmedia":[{"embeddable":true,"href":"https:\/\/a-h-health.ch\/fr\/wp-json\/wp\/v2\/media\/16666"}],"wp:attachment":[{"href":"https:\/\/a-h-health.ch\/fr\/wp-json\/wp\/v2\/media?parent=16665"}],"wp:term":[{"taxonomy":"product_brand","embeddable":true,"href":"https:\/\/a-h-health.ch\/fr\/wp-json\/wp\/v2\/product_brand?post=16665"},{"taxonomy":"product_cat","embeddable":true,"href":"https:\/\/a-h-health.ch\/fr\/wp-json\/wp\/v2\/product_cat?post=16665"},{"taxonomy":"product_tag","embeddable":true,"href":"https:\/\/a-h-health.ch\/fr\/wp-json\/wp\/v2\/product_tag?post=16665"}],"curies":[{"name":"wp","href":"https:\/\/api.w.org\/{rel}","templated":true}]}}