{"id":16656,"date":"2025-03-11T17:26:13","date_gmt":"2025-03-11T16:26:13","guid":{"rendered":"https:\/\/a-h-health.ch\/?post_type=product&#038;p=16656"},"modified":"2025-10-10T15:56:00","modified_gmt":"2025-10-10T13:56:00","slug":"broodmare-and-growing-horse-5kg","status":"publish","type":"product","link":"https:\/\/a-h-health.ch\/fr\/shop\/broodmare-and-growing-horse-5kg\/","title":{"rendered":"Brood\u00adma\u00adre et che\u00adval de crois\u00adsance&nbsp;5kg"},"content":{"rendered":"<p>Life Data\u00ae Brood\u00adma\u00adre and Gro\u00adwing Hor\u00adse est un ali\u00adment con\u00adcen\u00adtr\u00e9 en gra\u00adnul\u00e9s qui four\u00adnit aux juments repro\u00adduc\u00adtri\u00adces et aux chevaux en crois\u00adsance les nut\u00adri\u00adments de base dont ils ont beso\u00adin chaque jour.<br>\nUne ali\u00admen\u00adta\u00adti\u00adon cor\u00adrec\u00adte pen\u00addant la gesta\u00adti\u00adon et la pha\u00adse de crois\u00adsance per\u00admet d\u2019ob\u00adte\u00adnir un che\u00adval en meil\u00adleu\u00adre&nbsp;sant\u00e9&nbsp;!<br>\nJEUNES POUR L\u2019\u00c9LEVAGE : Nourr\u00adir indi\u00advi\u00addu\u00adel\u00adle\u00adment ou avec des flo\u00adcons d\u2019a\u00advoi\u00adne. Don\u00adner 170 g (237 ml) par jour par 450 kg de poids cor\u00adpo\u00adrel, de pr\u00e9\u00adf\u00e9\u00adrence r\u00e9par\u00adtis en deux repas de 85 g (119 ml) chacun.<br>\nCHEVAUX EN CROISSANCE : Nourr\u00adir indi\u00advi\u00addu\u00adel\u00adle\u00adment ou avec de l\u2019a\u00advoi\u00adne enti\u00e8\u00adre. Don\u00adner 170 g (237 ml) par jour pour 450 kg de poids cor\u00adpo\u00adrel pr\u00e9\u00advu, de pr\u00e9\u00adf\u00e9\u00adrence r\u00e9par\u00adtis en deux repas de 85 g (119 ml) chacun.<\/p>\n<p>Com\u00adpo\u00adsi\u00adti\u00adon :<br>\nCon\u00adcen\u00adtr\u00e9 de pro\u00adt\u00e9\u00adi\u00adnes de soja, phos\u00adpha\u00adte dical\u00adci\u00adque, fari\u00adne de cal\u00adcai\u00adre, cul\u00adtures de levu\u00adre s\u00e9ch\u00e9es, l\u00e9ci\u00adthi\u00adne, fari\u00adne de luzer\u00adne s\u00e9ch\u00e9e, L\u2011lysine, DL-m\u00e9thio\u00adni\u00adne, oxy\u00adde de man\u00adgan\u00e8\u00adse, s\u00e9l\u00e9\u00adni\u00adte de sodi\u00adum, sup\u00adp\u00adl\u00e9\u00adment de vit\u00adami\u00adne E (source natu\u00adrel\u00adle), Aci\u00adde ascor\u00adbi\u00adque, oxy\u00adde de zinc, chlor\u00adure de cui\u00adv\u00adre basi\u00adque, bio\u00adti\u00adne, chlor\u00adhy\u00addra\u00adte de pyri\u00addo\u00adxi\u00adne, aci\u00adde foli\u00adque, sup\u00adp\u00adl\u00e9\u00adment de vit\u00adami\u00adne A, sup\u00adp\u00adl\u00e9\u00adment de vit\u00adami\u00adne D3, mono\u00adni\u00adtra\u00adte de thi\u00adami\u00adne, car\u00adbo\u00adna\u00adte de cobalt, iod\u00ada\u00adte de calcium.<\/p>","protected":false},"excerpt":{"rendered":"<p>Life Data\u00ae Broodmare and Growing Horse ist ein pelletiertes Futterkonzentrat, das Zuchtstuten und Pferde im Wachstum mit den t\u00e4glich ben\u00f6tigten Grundn\u00e4hrstoffen versorgt. Eine korrekte F\u00fctterung w\u00e4hrend der Tr\u00e4chtigkeit und in der Wachstumsphase f\u00fchrt zu einem ges\u00fcnderen Pferd! ZUCHTSTUTEN: Einzeln oder mit Haferflocken f\u00fcttern. F\u00fcttern Sie pro 450 kg K\u00f6rpergewicht 170 g (237 ml) pro Tag, [&hellip;]<\/p>\n","protected":false},"featured_media":16657,"template":"","meta":{"wp_typography_post_enhancements_disabled":false},"product_brand":[],"product_cat":[611,34,562],"product_tag":[574],"class_list":{"0":"post-16656","1":"product","2":"type-product","3":"status-publish","4":"has-post-thumbnail","6":"product_cat-life-data","7":"product_cat-nahrungsergaenzung","8":"product_cat-pferd","9":"product_tag-futter-und-diverse","11":"first","12":"instock","13":"taxable","14":"shipping-taxable","15":"product-type-simple"},"yoast_head":"<!-- This site is optimized with the Yoast SEO plugin v27.4 - https:\/\/yoast.com\/product\/yoast-seo-wordpress\/ -->\n<title>Broodmare and Growing Horse 5kg - Animal &amp; Human Health AG<\/title>\n<meta name=\"robots\" content=\"index, follow, max-snippet:-1, max-image-preview:large, max-video-preview:-1\" \/>\n<link rel=\"canonical\" href=\"https:\/\/a-h-health.ch\/fr\/shop\/broodmare-and-growing-horse-5kg\/\" \/>\n<meta property=\"og:locale\" content=\"fr_FR\" \/>\n<meta property=\"og:type\" content=\"article\" \/>\n<meta property=\"og:title\" content=\"Broodmare and Growing Horse 5kg - Animal &amp; Human Health AG\" \/>\n<meta property=\"og:description\" content=\"Life Data\u00ae Broodmare and Growing Horse ist ein pelletiertes Futterkonzentrat, das Zuchtstuten und Pferde im Wachstum mit den t\u00e4glich ben\u00f6tigten Grundn\u00e4hrstoffen versorgt. Eine korrekte F\u00fctterung w\u00e4hrend der Tr\u00e4chtigkeit und in der Wachstumsphase f\u00fchrt zu einem ges\u00fcnderen Pferd! ZUCHTSTUTEN: Einzeln oder mit Haferflocken f\u00fcttern. F\u00fcttern Sie pro 450 kg K\u00f6rpergewicht 170 g (237 ml) pro Tag, [&hellip;]\" \/>\n<meta property=\"og:url\" content=\"https:\/\/a-h-health.ch\/fr\/shop\/broodmare-and-growing-horse-5kg\/\" \/>\n<meta property=\"og:site_name\" content=\"Animal &amp; Human Health AG\" \/>\n<meta property=\"article:modified_time\" content=\"2025-10-10T13:56:00+00:00\" \/>\n<meta property=\"og:image\" content=\"https:\/\/a-h-health.ch\/wp-content\/uploads\/2025\/03\/Broodmare_UK_2023.jpg\" \/>\n\t<meta property=\"og:image:width\" content=\"600\" \/>\n\t<meta property=\"og:image:height\" content=\"600\" \/>\n\t<meta property=\"og:image:type\" content=\"image\/jpeg\" \/>\n<meta name=\"twitter:card\" content=\"summary_large_image\" \/>\n<meta name=\"twitter:label1\" content=\"Dur\u00e9e de lecture estim\u00e9e\" \/>\n\t<meta name=\"twitter:data1\" content=\"1 minute\" \/>\n<script type=\"application\/ld+json\" class=\"yoast-schema-graph\">{\"@context\":\"https:\\\/\\\/schema.org\",\"@graph\":[{\"@type\":\"WebPage\",\"@id\":\"https:\\\/\\\/a-h-health.ch\\\/shop\\\/broodmare-and-growing-horse-5kg\\\/\",\"url\":\"https:\\\/\\\/a-h-health.ch\\\/shop\\\/broodmare-and-growing-horse-5kg\\\/\",\"name\":\"Broodmare and Growing Horse 5kg - Animal &amp; Human Health AG\",\"isPartOf\":{\"@id\":\"https:\\\/\\\/a-h-health.ch\\\/#website\"},\"primaryImageOfPage\":{\"@id\":\"https:\\\/\\\/a-h-health.ch\\\/shop\\\/broodmare-and-growing-horse-5kg\\\/#primaryimage\"},\"image\":{\"@id\":\"https:\\\/\\\/a-h-health.ch\\\/shop\\\/broodmare-and-growing-horse-5kg\\\/#primaryimage\"},\"thumbnailUrl\":\"https:\\\/\\\/a-h-health.ch\\\/wp-content\\\/uploads\\\/2025\\\/03\\\/Broodmare_UK_2023.jpg\",\"datePublished\":\"2025-03-11T16:26:13+00:00\",\"dateModified\":\"2025-10-10T13:56:00+00:00\",\"breadcrumb\":{\"@id\":\"https:\\\/\\\/a-h-health.ch\\\/shop\\\/broodmare-and-growing-horse-5kg\\\/#breadcrumb\"},\"inLanguage\":\"fr-FR\",\"potentialAction\":[{\"@type\":\"ReadAction\",\"target\":[\"https:\\\/\\\/a-h-health.ch\\\/shop\\\/broodmare-and-growing-horse-5kg\\\/\"]}]},{\"@type\":\"ImageObject\",\"inLanguage\":\"fr-FR\",\"@id\":\"https:\\\/\\\/a-h-health.ch\\\/shop\\\/broodmare-and-growing-horse-5kg\\\/#primaryimage\",\"url\":\"https:\\\/\\\/a-h-health.ch\\\/wp-content\\\/uploads\\\/2025\\\/03\\\/Broodmare_UK_2023.jpg\",\"contentUrl\":\"https:\\\/\\\/a-h-health.ch\\\/wp-content\\\/uploads\\\/2025\\\/03\\\/Broodmare_UK_2023.jpg\",\"width\":600,\"height\":600},{\"@type\":\"BreadcrumbList\",\"@id\":\"https:\\\/\\\/a-h-health.ch\\\/shop\\\/broodmare-and-growing-horse-5kg\\\/#breadcrumb\",\"itemListElement\":[{\"@type\":\"ListItem\",\"position\":1,\"name\":\"Startseite\",\"item\":\"https:\\\/\\\/a-h-health.ch\\\/\"},{\"@type\":\"ListItem\",\"position\":2,\"name\":\"Shop\",\"item\":\"https:\\\/\\\/a-h-health.ch\\\/shop\\\/\"},{\"@type\":\"ListItem\",\"position\":3,\"name\":\"Broodmare and Growing Horse 5kg\"}]},{\"@type\":\"WebSite\",\"@id\":\"https:\\\/\\\/a-h-health.ch\\\/#website\",\"url\":\"https:\\\/\\\/a-h-health.ch\\\/\",\"name\":\"Animal and Human Health AG\",\"description\":\"Wir sind Ihre Ansprechpartner, wenn es um die professionelle Gesundheit und das Wohl ihres Tieres geht.\",\"publisher\":{\"@id\":\"https:\\\/\\\/a-h-health.ch\\\/#organization\"},\"alternateName\":\"a-h-health\",\"potentialAction\":[{\"@type\":\"SearchAction\",\"target\":{\"@type\":\"EntryPoint\",\"urlTemplate\":\"https:\\\/\\\/a-h-health.ch\\\/?s={search_term_string}\"},\"query-input\":{\"@type\":\"PropertyValueSpecification\",\"valueRequired\":true,\"valueName\":\"search_term_string\"}}],\"inLanguage\":\"fr-FR\"},{\"@type\":\"Organization\",\"@id\":\"https:\\\/\\\/a-h-health.ch\\\/#organization\",\"name\":\"Animal & Human Health AG\",\"url\":\"https:\\\/\\\/a-h-health.ch\\\/\",\"logo\":{\"@type\":\"ImageObject\",\"inLanguage\":\"fr-FR\",\"@id\":\"https:\\\/\\\/a-h-health.ch\\\/#\\\/schema\\\/logo\\\/image\\\/\",\"url\":\"https:\\\/\\\/a-h-health.ch\\\/wp-content\\\/uploads\\\/2020\\\/12\\\/Logo-animal-health.jpg\",\"contentUrl\":\"https:\\\/\\\/a-h-health.ch\\\/wp-content\\\/uploads\\\/2020\\\/12\\\/Logo-animal-health.jpg\",\"width\":653,\"height\":56,\"caption\":\"Animal & Human Health AG\"},\"image\":{\"@id\":\"https:\\\/\\\/a-h-health.ch\\\/#\\\/schema\\\/logo\\\/image\\\/\"}}]}<\/script>\n<!-- \/ Yoast SEO plugin. -->","yoast_head_json":{"title":"Brood\u00adma\u00adre and Gro\u00adwing Hor\u00adse 5kg \u2013 Ani\u00admal &amp; Human Health AG","robots":{"index":"index","follow":"follow","max-snippet":"max-snippet:-1","max-image-preview":"max-image-preview:large","max-video-preview":"max-video-preview:-1"},"canonical":"https:\/\/a-h-health.ch\/fr\/shop\/broodmare-and-growing-horse-5kg\/","og_locale":"fr_FR","og_type":"article","og_title":"Broodmare and Growing Horse 5kg - Animal &amp; Human Health AG","og_description":"Life Data\u00ae Broodmare and Growing Horse ist ein pelletiertes Futterkonzentrat, das Zuchtstuten und Pferde im Wachstum mit den t\u00e4glich ben\u00f6tigten Grundn\u00e4hrstoffen versorgt. Eine korrekte F\u00fctterung w\u00e4hrend der Tr\u00e4chtigkeit und in der Wachstumsphase f\u00fchrt zu einem ges\u00fcnderen Pferd! ZUCHTSTUTEN: Einzeln oder mit Haferflocken f\u00fcttern. F\u00fcttern Sie pro 450 kg K\u00f6rpergewicht 170 g (237 ml) pro Tag, [&hellip;]","og_url":"https:\/\/a-h-health.ch\/fr\/shop\/broodmare-and-growing-horse-5kg\/","og_site_name":"Animal &amp; Human Health AG","article_modified_time":"2025-10-10T13:56:00+00:00","og_image":[{"width":600,"height":600,"url":"https:\/\/a-h-health.ch\/wp-content\/uploads\/2025\/03\/Broodmare_UK_2023.jpg","type":"image\/jpeg"}],"twitter_card":"summary_large_image","twitter_misc":{"Dur\u00e9e de lecture estim\u00e9e":"1 minute"},"schema":{"@context":"https:\/\/schema.org","@graph":[{"@type":"WebPage","@id":"https:\/\/a-h-health.ch\/shop\/broodmare-and-growing-horse-5kg\/","url":"https:\/\/a-h-health.ch\/shop\/broodmare-and-growing-horse-5kg\/","name":"Brood\u00adma\u00adre and Gro\u00adwing Hor\u00adse 5kg \u2013 Ani\u00admal &amp; Human Health AG","isPartOf":{"@id":"https:\/\/a-h-health.ch\/#website"},"primaryImageOfPage":{"@id":"https:\/\/a-h-health.ch\/shop\/broodmare-and-growing-horse-5kg\/#primaryimage"},"image":{"@id":"https:\/\/a-h-health.ch\/shop\/broodmare-and-growing-horse-5kg\/#primaryimage"},"thumbnailUrl":"https:\/\/a-h-health.ch\/wp-content\/uploads\/2025\/03\/Broodmare_UK_2023.jpg","datePublished":"2025-03-11T16:26:13+00:00","dateModified":"2025-10-10T13:56:00+00:00","breadcrumb":{"@id":"https:\/\/a-h-health.ch\/shop\/broodmare-and-growing-horse-5kg\/#breadcrumb"},"inLanguage":"fr-FR","potentialAction":[{"@type":"ReadAction","target":["https:\/\/a-h-health.ch\/shop\/broodmare-and-growing-horse-5kg\/"]}]},{"@type":"ImageObject","inLanguage":"fr-FR","@id":"https:\/\/a-h-health.ch\/shop\/broodmare-and-growing-horse-5kg\/#primaryimage","url":"https:\/\/a-h-health.ch\/wp-content\/uploads\/2025\/03\/Broodmare_UK_2023.jpg","contentUrl":"https:\/\/a-h-health.ch\/wp-content\/uploads\/2025\/03\/Broodmare_UK_2023.jpg","width":600,"height":600},{"@type":"BreadcrumbList","@id":"https:\/\/a-h-health.ch\/shop\/broodmare-and-growing-horse-5kg\/#breadcrumb","itemListElement":[{"@type":"ListItem","position":1,"name":"Startseite","item":"https:\/\/a-h-health.ch\/"},{"@type":"ListItem","position":2,"name":"Shop","item":"https:\/\/a-h-health.ch\/shop\/"},{"@type":"ListItem","position":3,"name":"Broodmare and Growing Horse 5kg"}]},{"@type":"WebSite","@id":"https:\/\/a-h-health.ch\/#website","url":"https:\/\/a-h-health.ch\/","name":"Ani\u00admal and Human Health AG","description":"Nous som\u00admes vos interlo\u00adcu\u00adteurs lorsqu\u2019il s\u2019a\u00adgit de la san\u00adt\u00e9 pro\u00adfes\u00adsi\u00adon\u00adnel\u00adle et du bien-\u00eatre de vot\u00adre animal.","publisher":{"@id":"https:\/\/a-h-health.ch\/#organization"},"alternateName":"a-h-health","potentialAction":[{"@type":"SearchAction","target":{"@type":"EntryPoint","urlTemplate":"https:\/\/a-h-health.ch\/?s={search_term_string}"},"query-input":{"@type":"PropertyValueSpecification","valueRequired":true,"valueName":"search_term_string"}}],"inLanguage":"fr-FR"},{"@type":"Organization","@id":"https:\/\/a-h-health.ch\/#organization","name":"Ani\u00admal &amp; Human Health AG","url":"https:\/\/a-h-health.ch\/","logo":{"@type":"ImageObject","inLanguage":"fr-FR","@id":"https:\/\/a-h-health.ch\/#\/schema\/logo\/image\/","url":"https:\/\/a-h-health.ch\/wp-content\/uploads\/2020\/12\/Logo-animal-health.jpg","contentUrl":"https:\/\/a-h-health.ch\/wp-content\/uploads\/2020\/12\/Logo-animal-health.jpg","width":653,"height":56,"caption":"Animal & Human Health AG"},"image":{"@id":"https:\/\/a-h-health.ch\/#\/schema\/logo\/image\/"}}]}},"_links":{"self":[{"href":"https:\/\/a-h-health.ch\/fr\/wp-json\/wp\/v2\/product\/16656","targetHints":{"allow":["GET"]}}],"collection":[{"href":"https:\/\/a-h-health.ch\/fr\/wp-json\/wp\/v2\/product"}],"about":[{"href":"https:\/\/a-h-health.ch\/fr\/wp-json\/wp\/v2\/types\/product"}],"wp:featuredmedia":[{"embeddable":true,"href":"https:\/\/a-h-health.ch\/fr\/wp-json\/wp\/v2\/media\/16657"}],"wp:attachment":[{"href":"https:\/\/a-h-health.ch\/fr\/wp-json\/wp\/v2\/media?parent=16656"}],"wp:term":[{"taxonomy":"product_brand","embeddable":true,"href":"https:\/\/a-h-health.ch\/fr\/wp-json\/wp\/v2\/product_brand?post=16656"},{"taxonomy":"product_cat","embeddable":true,"href":"https:\/\/a-h-health.ch\/fr\/wp-json\/wp\/v2\/product_cat?post=16656"},{"taxonomy":"product_tag","embeddable":true,"href":"https:\/\/a-h-health.ch\/fr\/wp-json\/wp\/v2\/product_tag?post=16656"}],"curies":[{"name":"wp","href":"https:\/\/api.w.org\/{rel}","templated":true}]}}