{"id":16652,"date":"2025-03-11T17:14:46","date_gmt":"2025-03-11T16:14:46","guid":{"rendered":"https:\/\/a-h-health.ch\/?post_type=product&#038;p=16652"},"modified":"2025-03-11T17:18:14","modified_gmt":"2025-03-11T16:18:14","slug":"vetthermshen-yang-xu-tcm","status":"publish","type":"product","link":"https:\/\/a-h-health.ch\/fr\/shop\/vetthermshen-yang-xu-tcm\/","title":{"rendered":"VETtherm\u00aeSHEN YANG XU&nbsp;TCM"},"content":{"rendered":"<p>Ali\u00adments com\u00adpl\u00e9\u00admen\u00adtai\u00adres pour chiens et&nbsp;chats<\/p>\n<p>pour main\u00adte\u00adnir un dos sta\u00adble et mobile&nbsp;;<br>\npour sou\u00adte\u00adnir en cas de fati\u00adgue et de baisse de performance&nbsp;;<br>\npour sou\u00adte\u00adnir la vita\u00adli\u00adt\u00e9 g\u00e9n\u00e9\u00adra\u00adle des ani\u00admaux&nbsp;\u00e2g\u00e9s&nbsp;;<br>\npour pr\u00e9\u00adser\u00adver les os et les articulations<br>\nInfo sur la&nbsp;MTC<br>\nsou\u00adti\u00adent l\u2019or\u00adbis rena\u00adlis (= sou\u00adti\u00adent l\u2019\u00e9\u00adl\u00e9\u00adment&nbsp;eau)&nbsp;;<br>\ntoni\u00adfie le yang r\u00e9nal (= toni\u00adfie le yang des&nbsp;reins)&nbsp;;<br>\n\u00e9va\u00adcue l\u2019al\u00adgor inter\u00adnus (cana\u00adli\u00adse le fro\u00adid interne)&nbsp;;<br>\nsou\u00adti\u00adent le jing (= sou\u00adti\u00adent le&nbsp;jing)&nbsp;;<br>\nren\u00adforce le qi dans le calo\u00adrium inf\u00e9\u00adri\u00adeur (= sou\u00adti\u00adent le qi du r\u00e9chauf\u00adfeur inf\u00e9rieur)<\/p>\n<p>Appli\u00adca\u00adti\u00adon :<br>\nChiens de plus de 25 kg : 1 cuil\u00adl\u00e8\u00adre \u00e0 caf\u00e9&nbsp;rase<br>\nChiens de moins de 25 kg : <sup class=\"numerator\">1<\/sup>\u2044<sub class=\"denominator\">2<\/sub> cuil\u00adl\u00e8\u00adre \u00e0&nbsp;caf\u00e9<br>\nChiens de moins de 5 kg et chats : 1 poin\u00adte de couteau<br>\nIngr\u00e9dients&nbsp;:<br>\nXIAO HUI XIANG (fruc\u00adtus foe\u00adni\u00adcu\u00adli \/ fen\u00adouil), SHEN JIANG (zin\u00adgi\u00adbe\u00adris rhi\u00adzo\u00adma recens \/ ging\u00adembre), ROU GUI (cor\u00adtex Cin\u00adna\u00admo\u00admi \/ can\u00adnel\u00adle), REN SHEN (radix. gin\u00adseng \/ gin\u00adseng), GAN CAO (radix gly\u00adcyrrhi\u00adzae \/ r\u00e9g\u00adlis\u00adse), Her\u00adba Thy\u00admi (thym), Fruc\u00adtus Anis (anis)<\/p>","protected":false},"excerpt":{"rendered":"<p>Erg\u00e4nzungsfuttermittel f\u00fcr Hunde und Katzen zur Erhaltung eines stabilen und beweglichen R\u00fcckens; zur Unterst\u00fctzung bei M\u00fcdigkeit und Leistungsabfall; zur allgemeinen Vitalit\u00e4tsst\u00fctzung bei \u00e4lteren Tieren; zur Erhaltung der Knochen und Gelenke TCM Info st\u00fctzt den orbis renalis (= unterst\u00fctzt das Element Wasser); tonisiert das yang renale (= tonisiert das Nieren-Yang); leitet algor internus aus (kanalisiert innere [&hellip;]<\/p>\n","protected":false},"featured_media":16653,"template":"","meta":{"wp_typography_post_enhancements_disabled":false},"product_brand":[],"product_cat":[555,563,564,34],"product_tag":[574],"class_list":{"0":"post-16652","1":"product","2":"type-product","3":"status-publish","4":"has-post-thumbnail","6":"product_cat-futtermittel","7":"product_cat-hund","8":"product_cat-katze","9":"product_cat-nahrungsergaenzung","10":"product_tag-futter-und-diverse","12":"first","13":"instock","14":"taxable","15":"shipping-taxable","16":"product-type-simple"},"yoast_head":"<!-- This site is optimized with the Yoast SEO plugin v27.4 - https:\/\/yoast.com\/product\/yoast-seo-wordpress\/ -->\n<title>VETtherm\u00aeSHEN YANG XU TCM - Animal &amp; Human Health AG<\/title>\n<meta name=\"robots\" content=\"index, follow, max-snippet:-1, max-image-preview:large, max-video-preview:-1\" \/>\n<link rel=\"canonical\" href=\"https:\/\/a-h-health.ch\/fr\/shop\/vetthermshen-yang-xu-tcm\/\" \/>\n<meta property=\"og:locale\" content=\"fr_FR\" \/>\n<meta property=\"og:type\" content=\"article\" \/>\n<meta property=\"og:title\" content=\"VETtherm\u00aeSHEN YANG XU TCM - Animal &amp; Human Health AG\" \/>\n<meta property=\"og:description\" content=\"Erg\u00e4nzungsfuttermittel f\u00fcr Hunde und Katzen zur Erhaltung eines stabilen und beweglichen R\u00fcckens; zur Unterst\u00fctzung bei M\u00fcdigkeit und Leistungsabfall; zur allgemeinen Vitalit\u00e4tsst\u00fctzung bei \u00e4lteren Tieren; zur Erhaltung der Knochen und Gelenke TCM Info st\u00fctzt den orbis renalis (= unterst\u00fctzt das Element Wasser); tonisiert das yang renale (= tonisiert das Nieren-Yang); leitet algor internus aus (kanalisiert innere [&hellip;]\" \/>\n<meta property=\"og:url\" content=\"https:\/\/a-h-health.ch\/fr\/shop\/vetthermshen-yang-xu-tcm\/\" \/>\n<meta property=\"og:site_name\" content=\"Animal &amp; Human Health AG\" \/>\n<meta property=\"article:modified_time\" content=\"2025-03-11T16:18:14+00:00\" \/>\n<meta property=\"og:image\" content=\"https:\/\/a-h-health.ch\/wp-content\/uploads\/2025\/03\/VETtherm\u00ae-SHEN-YANG-XU-TCM-Kraeuter-fuer-Hunde-und-Katzen.jpg\" \/>\n\t<meta property=\"og:image:width\" content=\"600\" \/>\n\t<meta property=\"og:image:height\" content=\"600\" \/>\n\t<meta property=\"og:image:type\" content=\"image\/jpeg\" \/>\n<meta name=\"twitter:card\" content=\"summary_large_image\" \/>\n<meta name=\"twitter:label1\" content=\"Dur\u00e9e de lecture estim\u00e9e\" \/>\n\t<meta name=\"twitter:data1\" content=\"1 minute\" \/>\n<script type=\"application\/ld+json\" class=\"yoast-schema-graph\">{\"@context\":\"https:\\\/\\\/schema.org\",\"@graph\":[{\"@type\":\"WebPage\",\"@id\":\"https:\\\/\\\/a-h-health.ch\\\/shop\\\/vetthermshen-yang-xu-tcm\\\/\",\"url\":\"https:\\\/\\\/a-h-health.ch\\\/shop\\\/vetthermshen-yang-xu-tcm\\\/\",\"name\":\"VETtherm\u00aeSHEN YANG XU TCM - Animal &amp; Human Health AG\",\"isPartOf\":{\"@id\":\"https:\\\/\\\/a-h-health.ch\\\/#website\"},\"primaryImageOfPage\":{\"@id\":\"https:\\\/\\\/a-h-health.ch\\\/shop\\\/vetthermshen-yang-xu-tcm\\\/#primaryimage\"},\"image\":{\"@id\":\"https:\\\/\\\/a-h-health.ch\\\/shop\\\/vetthermshen-yang-xu-tcm\\\/#primaryimage\"},\"thumbnailUrl\":\"https:\\\/\\\/a-h-health.ch\\\/wp-content\\\/uploads\\\/2025\\\/03\\\/VETtherm\u00ae-SHEN-YANG-XU-TCM-Kraeuter-fuer-Hunde-und-Katzen.jpg\",\"datePublished\":\"2025-03-11T16:14:46+00:00\",\"dateModified\":\"2025-03-11T16:18:14+00:00\",\"breadcrumb\":{\"@id\":\"https:\\\/\\\/a-h-health.ch\\\/shop\\\/vetthermshen-yang-xu-tcm\\\/#breadcrumb\"},\"inLanguage\":\"fr-FR\",\"potentialAction\":[{\"@type\":\"ReadAction\",\"target\":[\"https:\\\/\\\/a-h-health.ch\\\/shop\\\/vetthermshen-yang-xu-tcm\\\/\"]}]},{\"@type\":\"ImageObject\",\"inLanguage\":\"fr-FR\",\"@id\":\"https:\\\/\\\/a-h-health.ch\\\/shop\\\/vetthermshen-yang-xu-tcm\\\/#primaryimage\",\"url\":\"https:\\\/\\\/a-h-health.ch\\\/wp-content\\\/uploads\\\/2025\\\/03\\\/VETtherm\u00ae-SHEN-YANG-XU-TCM-Kraeuter-fuer-Hunde-und-Katzen.jpg\",\"contentUrl\":\"https:\\\/\\\/a-h-health.ch\\\/wp-content\\\/uploads\\\/2025\\\/03\\\/VETtherm\u00ae-SHEN-YANG-XU-TCM-Kraeuter-fuer-Hunde-und-Katzen.jpg\",\"width\":600,\"height\":600},{\"@type\":\"BreadcrumbList\",\"@id\":\"https:\\\/\\\/a-h-health.ch\\\/shop\\\/vetthermshen-yang-xu-tcm\\\/#breadcrumb\",\"itemListElement\":[{\"@type\":\"ListItem\",\"position\":1,\"name\":\"Startseite\",\"item\":\"https:\\\/\\\/a-h-health.ch\\\/\"},{\"@type\":\"ListItem\",\"position\":2,\"name\":\"Shop\",\"item\":\"https:\\\/\\\/a-h-health.ch\\\/shop\\\/\"},{\"@type\":\"ListItem\",\"position\":3,\"name\":\"VETtherm\u00aeSHEN YANG XU TCM\"}]},{\"@type\":\"WebSite\",\"@id\":\"https:\\\/\\\/a-h-health.ch\\\/#website\",\"url\":\"https:\\\/\\\/a-h-health.ch\\\/\",\"name\":\"Animal and Human Health AG\",\"description\":\"Wir sind Ihre Ansprechpartner, wenn es um die professionelle Gesundheit und das Wohl ihres Tieres geht.\",\"publisher\":{\"@id\":\"https:\\\/\\\/a-h-health.ch\\\/#organization\"},\"alternateName\":\"a-h-health\",\"potentialAction\":[{\"@type\":\"SearchAction\",\"target\":{\"@type\":\"EntryPoint\",\"urlTemplate\":\"https:\\\/\\\/a-h-health.ch\\\/?s={search_term_string}\"},\"query-input\":{\"@type\":\"PropertyValueSpecification\",\"valueRequired\":true,\"valueName\":\"search_term_string\"}}],\"inLanguage\":\"fr-FR\"},{\"@type\":\"Organization\",\"@id\":\"https:\\\/\\\/a-h-health.ch\\\/#organization\",\"name\":\"Animal & Human Health AG\",\"url\":\"https:\\\/\\\/a-h-health.ch\\\/\",\"logo\":{\"@type\":\"ImageObject\",\"inLanguage\":\"fr-FR\",\"@id\":\"https:\\\/\\\/a-h-health.ch\\\/#\\\/schema\\\/logo\\\/image\\\/\",\"url\":\"https:\\\/\\\/a-h-health.ch\\\/wp-content\\\/uploads\\\/2020\\\/12\\\/Logo-animal-health.jpg\",\"contentUrl\":\"https:\\\/\\\/a-h-health.ch\\\/wp-content\\\/uploads\\\/2020\\\/12\\\/Logo-animal-health.jpg\",\"width\":653,\"height\":56,\"caption\":\"Animal & Human Health AG\"},\"image\":{\"@id\":\"https:\\\/\\\/a-h-health.ch\\\/#\\\/schema\\\/logo\\\/image\\\/\"}}]}<\/script>\n<!-- \/ Yoast SEO plugin. -->","yoast_head_json":{"title":"VETtherm\u00aeSHEN YANG XU TCM \u2013 Ani\u00admal &amp; Human Health AG","robots":{"index":"index","follow":"follow","max-snippet":"max-snippet:-1","max-image-preview":"max-image-preview:large","max-video-preview":"max-video-preview:-1"},"canonical":"https:\/\/a-h-health.ch\/fr\/shop\/vetthermshen-yang-xu-tcm\/","og_locale":"fr_FR","og_type":"article","og_title":"VETtherm\u00aeSHEN YANG XU TCM - Animal &amp; Human Health AG","og_description":"Erg\u00e4nzungsfuttermittel f\u00fcr Hunde und Katzen zur Erhaltung eines stabilen und beweglichen R\u00fcckens; zur Unterst\u00fctzung bei M\u00fcdigkeit und Leistungsabfall; zur allgemeinen Vitalit\u00e4tsst\u00fctzung bei \u00e4lteren Tieren; zur Erhaltung der Knochen und Gelenke TCM Info st\u00fctzt den orbis renalis (= unterst\u00fctzt das Element Wasser); tonisiert das yang renale (= tonisiert das Nieren-Yang); leitet algor internus aus (kanalisiert innere [&hellip;]","og_url":"https:\/\/a-h-health.ch\/fr\/shop\/vetthermshen-yang-xu-tcm\/","og_site_name":"Animal &amp; Human Health AG","article_modified_time":"2025-03-11T16:18:14+00:00","og_image":[{"width":600,"height":600,"url":"https:\/\/a-h-health.ch\/wp-content\/uploads\/2025\/03\/VETtherm\u00ae-SHEN-YANG-XU-TCM-Kraeuter-fuer-Hunde-und-Katzen.jpg","type":"image\/jpeg"}],"twitter_card":"summary_large_image","twitter_misc":{"Dur\u00e9e de lecture estim\u00e9e":"1 minute"},"schema":{"@context":"https:\/\/schema.org","@graph":[{"@type":"WebPage","@id":"https:\/\/a-h-health.ch\/shop\/vetthermshen-yang-xu-tcm\/","url":"https:\/\/a-h-health.ch\/shop\/vetthermshen-yang-xu-tcm\/","name":"VETtherm\u00aeSHEN YANG XU TCM \u2013 Ani\u00admal &amp; Human Health AG","isPartOf":{"@id":"https:\/\/a-h-health.ch\/#website"},"primaryImageOfPage":{"@id":"https:\/\/a-h-health.ch\/shop\/vetthermshen-yang-xu-tcm\/#primaryimage"},"image":{"@id":"https:\/\/a-h-health.ch\/shop\/vetthermshen-yang-xu-tcm\/#primaryimage"},"thumbnailUrl":"https:\/\/a-h-health.ch\/wp-content\/uploads\/2025\/03\/VETtherm\u00ae-SHEN-YANG-XU-TCM-Kraeuter-fuer-Hunde-und-Katzen.jpg","datePublished":"2025-03-11T16:14:46+00:00","dateModified":"2025-03-11T16:18:14+00:00","breadcrumb":{"@id":"https:\/\/a-h-health.ch\/shop\/vetthermshen-yang-xu-tcm\/#breadcrumb"},"inLanguage":"fr-FR","potentialAction":[{"@type":"ReadAction","target":["https:\/\/a-h-health.ch\/shop\/vetthermshen-yang-xu-tcm\/"]}]},{"@type":"ImageObject","inLanguage":"fr-FR","@id":"https:\/\/a-h-health.ch\/shop\/vetthermshen-yang-xu-tcm\/#primaryimage","url":"https:\/\/a-h-health.ch\/wp-content\/uploads\/2025\/03\/VETtherm\u00ae-SHEN-YANG-XU-TCM-Kraeuter-fuer-Hunde-und-Katzen.jpg","contentUrl":"https:\/\/a-h-health.ch\/wp-content\/uploads\/2025\/03\/VETtherm\u00ae-SHEN-YANG-XU-TCM-Kraeuter-fuer-Hunde-und-Katzen.jpg","width":600,"height":600},{"@type":"BreadcrumbList","@id":"https:\/\/a-h-health.ch\/shop\/vetthermshen-yang-xu-tcm\/#breadcrumb","itemListElement":[{"@type":"ListItem","position":1,"name":"Startseite","item":"https:\/\/a-h-health.ch\/"},{"@type":"ListItem","position":2,"name":"Shop","item":"https:\/\/a-h-health.ch\/shop\/"},{"@type":"ListItem","position":3,"name":"VETtherm\u00aeSHEN YANG XU TCM"}]},{"@type":"WebSite","@id":"https:\/\/a-h-health.ch\/#website","url":"https:\/\/a-h-health.ch\/","name":"Ani\u00admal and Human Health AG","description":"Nous som\u00admes vos interlo\u00adcu\u00adteurs lorsqu\u2019il s\u2019a\u00adgit de la san\u00adt\u00e9 pro\u00adfes\u00adsi\u00adon\u00adnel\u00adle et du bien-\u00eatre de vot\u00adre animal.","publisher":{"@id":"https:\/\/a-h-health.ch\/#organization"},"alternateName":"a-h-health","potentialAction":[{"@type":"SearchAction","target":{"@type":"EntryPoint","urlTemplate":"https:\/\/a-h-health.ch\/?s={search_term_string}"},"query-input":{"@type":"PropertyValueSpecification","valueRequired":true,"valueName":"search_term_string"}}],"inLanguage":"fr-FR"},{"@type":"Organization","@id":"https:\/\/a-h-health.ch\/#organization","name":"Ani\u00admal &amp; Human Health AG","url":"https:\/\/a-h-health.ch\/","logo":{"@type":"ImageObject","inLanguage":"fr-FR","@id":"https:\/\/a-h-health.ch\/#\/schema\/logo\/image\/","url":"https:\/\/a-h-health.ch\/wp-content\/uploads\/2020\/12\/Logo-animal-health.jpg","contentUrl":"https:\/\/a-h-health.ch\/wp-content\/uploads\/2020\/12\/Logo-animal-health.jpg","width":653,"height":56,"caption":"Animal & Human Health AG"},"image":{"@id":"https:\/\/a-h-health.ch\/#\/schema\/logo\/image\/"}}]}},"_links":{"self":[{"href":"https:\/\/a-h-health.ch\/fr\/wp-json\/wp\/v2\/product\/16652","targetHints":{"allow":["GET"]}}],"collection":[{"href":"https:\/\/a-h-health.ch\/fr\/wp-json\/wp\/v2\/product"}],"about":[{"href":"https:\/\/a-h-health.ch\/fr\/wp-json\/wp\/v2\/types\/product"}],"wp:featuredmedia":[{"embeddable":true,"href":"https:\/\/a-h-health.ch\/fr\/wp-json\/wp\/v2\/media\/16653"}],"wp:attachment":[{"href":"https:\/\/a-h-health.ch\/fr\/wp-json\/wp\/v2\/media?parent=16652"}],"wp:term":[{"taxonomy":"product_brand","embeddable":true,"href":"https:\/\/a-h-health.ch\/fr\/wp-json\/wp\/v2\/product_brand?post=16652"},{"taxonomy":"product_cat","embeddable":true,"href":"https:\/\/a-h-health.ch\/fr\/wp-json\/wp\/v2\/product_cat?post=16652"},{"taxonomy":"product_tag","embeddable":true,"href":"https:\/\/a-h-health.ch\/fr\/wp-json\/wp\/v2\/product_tag?post=16652"}],"curies":[{"name":"wp","href":"https:\/\/api.w.org\/{rel}","templated":true}]}}