{"id":16639,"date":"2025-03-11T14:38:23","date_gmt":"2025-03-11T13:38:23","guid":{"rendered":"https:\/\/a-h-health.ch\/?post_type=product&#038;p=16639"},"modified":"2025-03-11T17:08:57","modified_gmt":"2025-03-11T16:08:57","slug":"vettherm-shen-yin-xu-tcm","status":"publish","type":"product","link":"https:\/\/a-h-health.ch\/fr\/shop\/vettherm-shen-yin-xu-tcm\/","title":{"rendered":"VETtherm\u00ae SHEN YIN XU&nbsp;TCM"},"content":{"rendered":"<p>Ali\u00adments com\u00adpl\u00e9\u00admen\u00adtai\u00adres pour chiens et&nbsp;chats<\/p>\n<p>pour har\u00admo\u00adnis\u00ader en cas d\u2019a\u00adgi\u00adta\u00adti\u00adon int\u00e9rieure&nbsp;;<br>\npour har\u00admo\u00adnis\u00ader en cas d\u2019anxi\u00e9\u00adt\u00e9, de peur, de com\u00adporte\u00adment de panique<br>\nsou\u00adti\u00adent en cas de tran\u00adspi\u00adra\u00adti\u00adon extr\u00ea\u00adme et de tran\u00adspi\u00adra\u00adti\u00adon r\u00e9siduelle<br>\nInfo sur la&nbsp;MTC<br>\ntoni\u00adfie le yin r\u00e9nal (= toni\u00adfie le yin&nbsp;r\u00e9nal)&nbsp;;<br>\n\u00e9va\u00adcue calor inter\u00adnus (= cana\u00adli\u00adse la chaleur interne&nbsp;;<br>\nrefro\u00adidit le Xue (= refro\u00adidit les flui\u00addes corporels)&nbsp;;<br>\n\u00e9li\u00admi\u00adne le calor humi\u00addus (= chas\u00adse la chaleur humide)<\/p>\n<p>Appli\u00adca\u00adti\u00adon :<br>\nChiens de plus de 25 kg : 1 cuil\u00adl\u00e8\u00adre \u00e0 caf\u00e9&nbsp;rase<br>\nChiens de moins de 25 kg : <sup class=\"numerator\">1<\/sup>\u2044<sub class=\"denominator\">2<\/sub> cuil\u00adl\u00e8\u00adre \u00e0&nbsp;caf\u00e9<br>\nChiens de moins de 5 kg et chats : 1 poin\u00adte de couteau<\/p>\n<p>Ing\u00adr\u00e9\u00addi\u00adents :<br>\nFoli\u00adum Melis\u00adsae (m\u00e9lis\u00adse), Her\u00adba Mil\u00adle\u00adfol\u00adli (achil\u00adl\u00e9e mil\u00adle\u00adfeuille), Her\u00adba Pas\u00adsi\u00adflo\u00adrae (pas\u00adsi\u00adflo\u00adre), Flos Tiliae (till\u00adeul)<\/p>","protected":false},"excerpt":{"rendered":"<p>Erg\u00e4nzungsfuttermittel f\u00fcr Hunde und Katzen zur Harmonisierung bei innerer Unruhe; zur Harmonisierung bei \u00c4ngstlichkeit, Schreckhaftigkeit, panischem Verhalten; unterst\u00fctzt bei extremen Schwei\u00dfverhalten und Nachschwitzen TCM Info tonisiert das yin renale (= tonisiert das Nieren-Yin); leitet calor internus aus (= kanalisiert innere Hitze; k\u00fchlt das Xue (= k\u00fchlt die K\u00f6rperfl\u00fcssigkeiten); eliminiert calor humidus (= vertreibt feuchte Hitze) [&hellip;]<\/p>\n","protected":false},"featured_media":16650,"template":"","meta":{"wp_typography_post_enhancements_disabled":false},"product_brand":[],"product_cat":[555,563,564,34],"product_tag":[574],"class_list":{"0":"post-16639","1":"product","2":"type-product","3":"status-publish","4":"has-post-thumbnail","6":"product_cat-futtermittel","7":"product_cat-hund","8":"product_cat-katze","9":"product_cat-nahrungsergaenzung","10":"product_tag-futter-und-diverse","12":"first","13":"instock","14":"taxable","15":"shipping-taxable","16":"product-type-simple"},"yoast_head":"<!-- This site is optimized with the Yoast SEO plugin v27.4 - https:\/\/yoast.com\/product\/yoast-seo-wordpress\/ -->\n<title>VETtherm\u00ae SHEN YIN XU TCM - Animal &amp; Human Health AG<\/title>\n<meta name=\"robots\" content=\"index, follow, max-snippet:-1, max-image-preview:large, max-video-preview:-1\" \/>\n<link rel=\"canonical\" href=\"https:\/\/a-h-health.ch\/fr\/shop\/vettherm-shen-yin-xu-tcm\/\" \/>\n<meta property=\"og:locale\" content=\"fr_FR\" \/>\n<meta property=\"og:type\" content=\"article\" \/>\n<meta property=\"og:title\" content=\"VETtherm\u00ae SHEN YIN XU TCM - Animal &amp; Human Health AG\" \/>\n<meta property=\"og:description\" content=\"Erg\u00e4nzungsfuttermittel f\u00fcr Hunde und Katzen zur Harmonisierung bei innerer Unruhe; zur Harmonisierung bei \u00c4ngstlichkeit, Schreckhaftigkeit, panischem Verhalten; unterst\u00fctzt bei extremen Schwei\u00dfverhalten und Nachschwitzen TCM Info tonisiert das yin renale (= tonisiert das Nieren-Yin); leitet calor internus aus (= kanalisiert innere Hitze; k\u00fchlt das Xue (= k\u00fchlt die K\u00f6rperfl\u00fcssigkeiten); eliminiert calor humidus (= vertreibt feuchte Hitze) [&hellip;]\" \/>\n<meta property=\"og:url\" content=\"https:\/\/a-h-health.ch\/fr\/shop\/vettherm-shen-yin-xu-tcm\/\" \/>\n<meta property=\"og:site_name\" content=\"Animal &amp; Human Health AG\" \/>\n<meta property=\"article:modified_time\" content=\"2025-03-11T16:08:57+00:00\" \/>\n<meta property=\"og:image\" content=\"https:\/\/a-h-health.ch\/wp-content\/uploads\/2025\/03\/SHEN-YIN-XU-TCM.jpg\" \/>\n\t<meta property=\"og:image:width\" content=\"600\" \/>\n\t<meta property=\"og:image:height\" content=\"794\" \/>\n\t<meta property=\"og:image:type\" content=\"image\/jpeg\" \/>\n<meta name=\"twitter:card\" content=\"summary_large_image\" \/>\n<meta name=\"twitter:label1\" content=\"Dur\u00e9e de lecture estim\u00e9e\" \/>\n\t<meta name=\"twitter:data1\" content=\"1 minute\" \/>\n<script type=\"application\/ld+json\" class=\"yoast-schema-graph\">{\"@context\":\"https:\\\/\\\/schema.org\",\"@graph\":[{\"@type\":\"WebPage\",\"@id\":\"https:\\\/\\\/a-h-health.ch\\\/shop\\\/vettherm-shen-yin-xu-tcm\\\/\",\"url\":\"https:\\\/\\\/a-h-health.ch\\\/shop\\\/vettherm-shen-yin-xu-tcm\\\/\",\"name\":\"VETtherm\u00ae SHEN YIN XU TCM - Animal &amp; Human Health AG\",\"isPartOf\":{\"@id\":\"https:\\\/\\\/a-h-health.ch\\\/#website\"},\"primaryImageOfPage\":{\"@id\":\"https:\\\/\\\/a-h-health.ch\\\/shop\\\/vettherm-shen-yin-xu-tcm\\\/#primaryimage\"},\"image\":{\"@id\":\"https:\\\/\\\/a-h-health.ch\\\/shop\\\/vettherm-shen-yin-xu-tcm\\\/#primaryimage\"},\"thumbnailUrl\":\"https:\\\/\\\/a-h-health.ch\\\/wp-content\\\/uploads\\\/2025\\\/03\\\/SHEN-YIN-XU-TCM.jpg\",\"datePublished\":\"2025-03-11T13:38:23+00:00\",\"dateModified\":\"2025-03-11T16:08:57+00:00\",\"breadcrumb\":{\"@id\":\"https:\\\/\\\/a-h-health.ch\\\/shop\\\/vettherm-shen-yin-xu-tcm\\\/#breadcrumb\"},\"inLanguage\":\"fr-FR\",\"potentialAction\":[{\"@type\":\"ReadAction\",\"target\":[\"https:\\\/\\\/a-h-health.ch\\\/shop\\\/vettherm-shen-yin-xu-tcm\\\/\"]}]},{\"@type\":\"ImageObject\",\"inLanguage\":\"fr-FR\",\"@id\":\"https:\\\/\\\/a-h-health.ch\\\/shop\\\/vettherm-shen-yin-xu-tcm\\\/#primaryimage\",\"url\":\"https:\\\/\\\/a-h-health.ch\\\/wp-content\\\/uploads\\\/2025\\\/03\\\/SHEN-YIN-XU-TCM.jpg\",\"contentUrl\":\"https:\\\/\\\/a-h-health.ch\\\/wp-content\\\/uploads\\\/2025\\\/03\\\/SHEN-YIN-XU-TCM.jpg\",\"width\":600,\"height\":794},{\"@type\":\"BreadcrumbList\",\"@id\":\"https:\\\/\\\/a-h-health.ch\\\/shop\\\/vettherm-shen-yin-xu-tcm\\\/#breadcrumb\",\"itemListElement\":[{\"@type\":\"ListItem\",\"position\":1,\"name\":\"Startseite\",\"item\":\"https:\\\/\\\/a-h-health.ch\\\/\"},{\"@type\":\"ListItem\",\"position\":2,\"name\":\"Shop\",\"item\":\"https:\\\/\\\/a-h-health.ch\\\/shop\\\/\"},{\"@type\":\"ListItem\",\"position\":3,\"name\":\"VETtherm\u00ae SHEN YIN XU TCM\"}]},{\"@type\":\"WebSite\",\"@id\":\"https:\\\/\\\/a-h-health.ch\\\/#website\",\"url\":\"https:\\\/\\\/a-h-health.ch\\\/\",\"name\":\"Animal and Human Health AG\",\"description\":\"Wir sind Ihre Ansprechpartner, wenn es um die professionelle Gesundheit und das Wohl ihres Tieres geht.\",\"publisher\":{\"@id\":\"https:\\\/\\\/a-h-health.ch\\\/#organization\"},\"alternateName\":\"a-h-health\",\"potentialAction\":[{\"@type\":\"SearchAction\",\"target\":{\"@type\":\"EntryPoint\",\"urlTemplate\":\"https:\\\/\\\/a-h-health.ch\\\/?s={search_term_string}\"},\"query-input\":{\"@type\":\"PropertyValueSpecification\",\"valueRequired\":true,\"valueName\":\"search_term_string\"}}],\"inLanguage\":\"fr-FR\"},{\"@type\":\"Organization\",\"@id\":\"https:\\\/\\\/a-h-health.ch\\\/#organization\",\"name\":\"Animal & Human Health AG\",\"url\":\"https:\\\/\\\/a-h-health.ch\\\/\",\"logo\":{\"@type\":\"ImageObject\",\"inLanguage\":\"fr-FR\",\"@id\":\"https:\\\/\\\/a-h-health.ch\\\/#\\\/schema\\\/logo\\\/image\\\/\",\"url\":\"https:\\\/\\\/a-h-health.ch\\\/wp-content\\\/uploads\\\/2020\\\/12\\\/Logo-animal-health.jpg\",\"contentUrl\":\"https:\\\/\\\/a-h-health.ch\\\/wp-content\\\/uploads\\\/2020\\\/12\\\/Logo-animal-health.jpg\",\"width\":653,\"height\":56,\"caption\":\"Animal & Human Health AG\"},\"image\":{\"@id\":\"https:\\\/\\\/a-h-health.ch\\\/#\\\/schema\\\/logo\\\/image\\\/\"}}]}<\/script>\n<!-- \/ Yoast SEO plugin. -->","yoast_head_json":{"title":"VETtherm\u00ae SHEN YIN XU TCM \u2013 Ani\u00admal &amp; Human Health AG","robots":{"index":"index","follow":"follow","max-snippet":"max-snippet:-1","max-image-preview":"max-image-preview:large","max-video-preview":"max-video-preview:-1"},"canonical":"https:\/\/a-h-health.ch\/fr\/shop\/vettherm-shen-yin-xu-tcm\/","og_locale":"fr_FR","og_type":"article","og_title":"VETtherm\u00ae SHEN YIN XU TCM - Animal &amp; Human Health AG","og_description":"Erg\u00e4nzungsfuttermittel f\u00fcr Hunde und Katzen zur Harmonisierung bei innerer Unruhe; zur Harmonisierung bei \u00c4ngstlichkeit, Schreckhaftigkeit, panischem Verhalten; unterst\u00fctzt bei extremen Schwei\u00dfverhalten und Nachschwitzen TCM Info tonisiert das yin renale (= tonisiert das Nieren-Yin); leitet calor internus aus (= kanalisiert innere Hitze; k\u00fchlt das Xue (= k\u00fchlt die K\u00f6rperfl\u00fcssigkeiten); eliminiert calor humidus (= vertreibt feuchte Hitze) [&hellip;]","og_url":"https:\/\/a-h-health.ch\/fr\/shop\/vettherm-shen-yin-xu-tcm\/","og_site_name":"Animal &amp; Human Health AG","article_modified_time":"2025-03-11T16:08:57+00:00","og_image":[{"width":600,"height":794,"url":"https:\/\/a-h-health.ch\/wp-content\/uploads\/2025\/03\/SHEN-YIN-XU-TCM.jpg","type":"image\/jpeg"}],"twitter_card":"summary_large_image","twitter_misc":{"Dur\u00e9e de lecture estim\u00e9e":"1 minute"},"schema":{"@context":"https:\/\/schema.org","@graph":[{"@type":"WebPage","@id":"https:\/\/a-h-health.ch\/shop\/vettherm-shen-yin-xu-tcm\/","url":"https:\/\/a-h-health.ch\/shop\/vettherm-shen-yin-xu-tcm\/","name":"VETtherm\u00ae SHEN YIN XU TCM \u2013 Ani\u00admal &amp; Human Health AG","isPartOf":{"@id":"https:\/\/a-h-health.ch\/#website"},"primaryImageOfPage":{"@id":"https:\/\/a-h-health.ch\/shop\/vettherm-shen-yin-xu-tcm\/#primaryimage"},"image":{"@id":"https:\/\/a-h-health.ch\/shop\/vettherm-shen-yin-xu-tcm\/#primaryimage"},"thumbnailUrl":"https:\/\/a-h-health.ch\/wp-content\/uploads\/2025\/03\/SHEN-YIN-XU-TCM.jpg","datePublished":"2025-03-11T13:38:23+00:00","dateModified":"2025-03-11T16:08:57+00:00","breadcrumb":{"@id":"https:\/\/a-h-health.ch\/shop\/vettherm-shen-yin-xu-tcm\/#breadcrumb"},"inLanguage":"fr-FR","potentialAction":[{"@type":"ReadAction","target":["https:\/\/a-h-health.ch\/shop\/vettherm-shen-yin-xu-tcm\/"]}]},{"@type":"ImageObject","inLanguage":"fr-FR","@id":"https:\/\/a-h-health.ch\/shop\/vettherm-shen-yin-xu-tcm\/#primaryimage","url":"https:\/\/a-h-health.ch\/wp-content\/uploads\/2025\/03\/SHEN-YIN-XU-TCM.jpg","contentUrl":"https:\/\/a-h-health.ch\/wp-content\/uploads\/2025\/03\/SHEN-YIN-XU-TCM.jpg","width":600,"height":794},{"@type":"BreadcrumbList","@id":"https:\/\/a-h-health.ch\/shop\/vettherm-shen-yin-xu-tcm\/#breadcrumb","itemListElement":[{"@type":"ListItem","position":1,"name":"Startseite","item":"https:\/\/a-h-health.ch\/"},{"@type":"ListItem","position":2,"name":"Shop","item":"https:\/\/a-h-health.ch\/shop\/"},{"@type":"ListItem","position":3,"name":"VETtherm\u00ae SHEN YIN XU TCM"}]},{"@type":"WebSite","@id":"https:\/\/a-h-health.ch\/#website","url":"https:\/\/a-h-health.ch\/","name":"Ani\u00admal and Human Health AG","description":"Nous som\u00admes vos interlo\u00adcu\u00adteurs lorsqu\u2019il s\u2019a\u00adgit de la san\u00adt\u00e9 pro\u00adfes\u00adsi\u00adon\u00adnel\u00adle et du bien-\u00eatre de vot\u00adre animal.","publisher":{"@id":"https:\/\/a-h-health.ch\/#organization"},"alternateName":"a-h-health","potentialAction":[{"@type":"SearchAction","target":{"@type":"EntryPoint","urlTemplate":"https:\/\/a-h-health.ch\/?s={search_term_string}"},"query-input":{"@type":"PropertyValueSpecification","valueRequired":true,"valueName":"search_term_string"}}],"inLanguage":"fr-FR"},{"@type":"Organization","@id":"https:\/\/a-h-health.ch\/#organization","name":"Ani\u00admal &amp; Human Health AG","url":"https:\/\/a-h-health.ch\/","logo":{"@type":"ImageObject","inLanguage":"fr-FR","@id":"https:\/\/a-h-health.ch\/#\/schema\/logo\/image\/","url":"https:\/\/a-h-health.ch\/wp-content\/uploads\/2020\/12\/Logo-animal-health.jpg","contentUrl":"https:\/\/a-h-health.ch\/wp-content\/uploads\/2020\/12\/Logo-animal-health.jpg","width":653,"height":56,"caption":"Animal & Human Health AG"},"image":{"@id":"https:\/\/a-h-health.ch\/#\/schema\/logo\/image\/"}}]}},"_links":{"self":[{"href":"https:\/\/a-h-health.ch\/fr\/wp-json\/wp\/v2\/product\/16639","targetHints":{"allow":["GET"]}}],"collection":[{"href":"https:\/\/a-h-health.ch\/fr\/wp-json\/wp\/v2\/product"}],"about":[{"href":"https:\/\/a-h-health.ch\/fr\/wp-json\/wp\/v2\/types\/product"}],"wp:featuredmedia":[{"embeddable":true,"href":"https:\/\/a-h-health.ch\/fr\/wp-json\/wp\/v2\/media\/16650"}],"wp:attachment":[{"href":"https:\/\/a-h-health.ch\/fr\/wp-json\/wp\/v2\/media?parent=16639"}],"wp:term":[{"taxonomy":"product_brand","embeddable":true,"href":"https:\/\/a-h-health.ch\/fr\/wp-json\/wp\/v2\/product_brand?post=16639"},{"taxonomy":"product_cat","embeddable":true,"href":"https:\/\/a-h-health.ch\/fr\/wp-json\/wp\/v2\/product_cat?post=16639"},{"taxonomy":"product_tag","embeddable":true,"href":"https:\/\/a-h-health.ch\/fr\/wp-json\/wp\/v2\/product_tag?post=16639"}],"curies":[{"name":"wp","href":"https:\/\/api.w.org\/{rel}","templated":true}]}}