{"id":16605,"date":"2025-02-14T15:59:08","date_gmt":"2025-02-14T14:59:08","guid":{"rendered":"https:\/\/a-h-health.ch\/?post_type=product&#038;p=16605"},"modified":"2025-02-14T16:16:20","modified_gmt":"2025-02-14T15:16:20","slug":"kmr-kitten-milk-replacer-petag-powder-177g","status":"publish","type":"product","link":"https:\/\/a-h-health.ch\/fr\/shop\/kmr-kitten-milk-replacer-petag-powder-177g\/","title":{"rendered":"KMR Kit\u00adten Milk Repla\u00adcer PetAg Pow\u00adder,&nbsp;177g"},"content":{"rendered":"<p>Le sub\u00adsti\u00adtut de lait le plus ven\u00addu pour les cha\u00adtons nou\u00adveau-n\u00e9s jus\u00adqu\u2019\u00e0 six semaines.<\/p>\n<p>Pro\u00adt\u00e9\u00adi\u00adnes pures : 40%, grais\u00adses pures : 28%, fibres brutes : 0.6%, liqui\u00adde max :&nbsp;5%<\/p>\n<p>4494 kcal\/kg<\/p>\n<p>Pro\u00adpor\u00adti\u00adon du m\u00e9lan\u00adge : 1 volu\u00adme de KMR pour 2 volu\u00admes d\u2019eau chaude.<\/p>\n<p>&nbsp;<\/p>\n<h6><\/h6>","protected":false},"excerpt":{"rendered":"<p>Der meist\u00adver\u00adkauf\u00adte Milch\u00ader\u00adsatz f\u00fcr neu\u00adge\u00adbo\u00adre\u00adne K\u00e4tz\u00adchen bis zu sechs Wochen. Rein\u00adpro\u00adte\u00adin: 40%, Rein\u00adfett: 28%, Roh\u00adfa\u00adsern: 0.6%, Fl\u00fcs\u00adsig\u00adkeit max.: 5% 4494 kcal\/kg Misch\u00adver\u00adh\u00e4lt\u00adnis 1 Teil KMR zu 2 Tei\u00adlen war\u00admen Wasser.&nbsp;<\/p>","protected":false},"featured_media":16606,"template":"","meta":{"wp_typography_post_enhancements_disabled":false},"product_brand":[],"product_cat":[555,564,567,34,627],"product_tag":[574],"class_list":{"0":"post-16605","1":"product","2":"type-product","3":"status-publish","4":"has-post-thumbnail","6":"product_cat-futtermittel","7":"product_cat-katze","8":"product_cat-marke","9":"product_cat-nahrungsergaenzung","10":"product_cat-pet-ag","11":"product_tag-futter-und-diverse","13":"first","14":"instock","15":"taxable","16":"shipping-taxable","17":"product-type-simple"},"yoast_head":"<!-- This site is optimized with the Yoast SEO plugin v27.4 - https:\/\/yoast.com\/product\/yoast-seo-wordpress\/ -->\n<title>KMR Kitten Milk Replacer PetAg Powder, 177g - Animal &amp; Human Health AG<\/title>\n<meta name=\"robots\" content=\"index, follow, max-snippet:-1, max-image-preview:large, max-video-preview:-1\" \/>\n<link rel=\"canonical\" href=\"https:\/\/a-h-health.ch\/fr\/shop\/kmr-kitten-milk-replacer-petag-powder-177g\/\" \/>\n<meta property=\"og:locale\" content=\"fr_FR\" \/>\n<meta property=\"og:type\" content=\"article\" \/>\n<meta property=\"og:title\" content=\"KMR Kitten Milk Replacer PetAg Powder, 177g - Animal &amp; Human Health AG\" \/>\n<meta property=\"og:description\" content=\"Der meistverkaufte Milchersatz f\u00fcr neugeborene K\u00e4tzchen bis zu sechs Wochen. Reinprotein: 40%, Reinfett: 28%, Rohfasern: 0.6%, Fl\u00fcssigkeit max.: 5% 4494 kcal\/kg Mischverh\u00e4ltnis 1 Teil KMR zu 2 Teilen warmen Wasser. &nbsp;\" \/>\n<meta property=\"og:url\" content=\"https:\/\/a-h-health.ch\/fr\/shop\/kmr-kitten-milk-replacer-petag-powder-177g\/\" \/>\n<meta property=\"og:site_name\" content=\"Animal &amp; Human Health AG\" \/>\n<meta property=\"article:modified_time\" content=\"2025-02-14T15:16:20+00:00\" \/>\n<meta property=\"og:image\" content=\"https:\/\/a-h-health.ch\/wp-content\/uploads\/2025\/02\/kmr-milchersatzpulver-petag-marigin-ag-onlineshop-fur-tierbedarf.jpg\" \/>\n\t<meta property=\"og:image:width\" content=\"286\" \/>\n\t<meta property=\"og:image:height\" content=\"400\" \/>\n\t<meta property=\"og:image:type\" content=\"image\/jpeg\" \/>\n<meta name=\"twitter:card\" content=\"summary_large_image\" \/>\n<meta name=\"twitter:label1\" content=\"Dur\u00e9e de lecture estim\u00e9e\" \/>\n\t<meta name=\"twitter:data1\" content=\"1 minute\" \/>\n<script type=\"application\/ld+json\" class=\"yoast-schema-graph\">{\"@context\":\"https:\\\/\\\/schema.org\",\"@graph\":[{\"@type\":\"WebPage\",\"@id\":\"https:\\\/\\\/a-h-health.ch\\\/shop\\\/kmr-kitten-milk-replacer-petag-powder-177g\\\/\",\"url\":\"https:\\\/\\\/a-h-health.ch\\\/shop\\\/kmr-kitten-milk-replacer-petag-powder-177g\\\/\",\"name\":\"KMR Kitten Milk Replacer PetAg Powder, 177g - Animal &amp; Human Health AG\",\"isPartOf\":{\"@id\":\"https:\\\/\\\/a-h-health.ch\\\/#website\"},\"primaryImageOfPage\":{\"@id\":\"https:\\\/\\\/a-h-health.ch\\\/shop\\\/kmr-kitten-milk-replacer-petag-powder-177g\\\/#primaryimage\"},\"image\":{\"@id\":\"https:\\\/\\\/a-h-health.ch\\\/shop\\\/kmr-kitten-milk-replacer-petag-powder-177g\\\/#primaryimage\"},\"thumbnailUrl\":\"https:\\\/\\\/a-h-health.ch\\\/wp-content\\\/uploads\\\/2025\\\/02\\\/kmr-milchersatzpulver-petag-marigin-ag-onlineshop-fur-tierbedarf.jpg\",\"datePublished\":\"2025-02-14T14:59:08+00:00\",\"dateModified\":\"2025-02-14T15:16:20+00:00\",\"breadcrumb\":{\"@id\":\"https:\\\/\\\/a-h-health.ch\\\/shop\\\/kmr-kitten-milk-replacer-petag-powder-177g\\\/#breadcrumb\"},\"inLanguage\":\"fr-FR\",\"potentialAction\":[{\"@type\":\"ReadAction\",\"target\":[\"https:\\\/\\\/a-h-health.ch\\\/shop\\\/kmr-kitten-milk-replacer-petag-powder-177g\\\/\"]}]},{\"@type\":\"ImageObject\",\"inLanguage\":\"fr-FR\",\"@id\":\"https:\\\/\\\/a-h-health.ch\\\/shop\\\/kmr-kitten-milk-replacer-petag-powder-177g\\\/#primaryimage\",\"url\":\"https:\\\/\\\/a-h-health.ch\\\/wp-content\\\/uploads\\\/2025\\\/02\\\/kmr-milchersatzpulver-petag-marigin-ag-onlineshop-fur-tierbedarf.jpg\",\"contentUrl\":\"https:\\\/\\\/a-h-health.ch\\\/wp-content\\\/uploads\\\/2025\\\/02\\\/kmr-milchersatzpulver-petag-marigin-ag-onlineshop-fur-tierbedarf.jpg\",\"width\":286,\"height\":400},{\"@type\":\"BreadcrumbList\",\"@id\":\"https:\\\/\\\/a-h-health.ch\\\/shop\\\/kmr-kitten-milk-replacer-petag-powder-177g\\\/#breadcrumb\",\"itemListElement\":[{\"@type\":\"ListItem\",\"position\":1,\"name\":\"Startseite\",\"item\":\"https:\\\/\\\/a-h-health.ch\\\/\"},{\"@type\":\"ListItem\",\"position\":2,\"name\":\"Shop\",\"item\":\"https:\\\/\\\/a-h-health.ch\\\/shop\\\/\"},{\"@type\":\"ListItem\",\"position\":3,\"name\":\"KMR Kitten Milk Replacer PetAg Powder, 177g\"}]},{\"@type\":\"WebSite\",\"@id\":\"https:\\\/\\\/a-h-health.ch\\\/#website\",\"url\":\"https:\\\/\\\/a-h-health.ch\\\/\",\"name\":\"Animal and Human Health AG\",\"description\":\"Wir sind Ihre Ansprechpartner, wenn es um die professionelle Gesundheit und das Wohl ihres Tieres geht.\",\"publisher\":{\"@id\":\"https:\\\/\\\/a-h-health.ch\\\/#organization\"},\"alternateName\":\"a-h-health\",\"potentialAction\":[{\"@type\":\"SearchAction\",\"target\":{\"@type\":\"EntryPoint\",\"urlTemplate\":\"https:\\\/\\\/a-h-health.ch\\\/?s={search_term_string}\"},\"query-input\":{\"@type\":\"PropertyValueSpecification\",\"valueRequired\":true,\"valueName\":\"search_term_string\"}}],\"inLanguage\":\"fr-FR\"},{\"@type\":\"Organization\",\"@id\":\"https:\\\/\\\/a-h-health.ch\\\/#organization\",\"name\":\"Animal & Human Health AG\",\"url\":\"https:\\\/\\\/a-h-health.ch\\\/\",\"logo\":{\"@type\":\"ImageObject\",\"inLanguage\":\"fr-FR\",\"@id\":\"https:\\\/\\\/a-h-health.ch\\\/#\\\/schema\\\/logo\\\/image\\\/\",\"url\":\"https:\\\/\\\/a-h-health.ch\\\/wp-content\\\/uploads\\\/2020\\\/12\\\/Logo-animal-health.jpg\",\"contentUrl\":\"https:\\\/\\\/a-h-health.ch\\\/wp-content\\\/uploads\\\/2020\\\/12\\\/Logo-animal-health.jpg\",\"width\":653,\"height\":56,\"caption\":\"Animal & Human Health AG\"},\"image\":{\"@id\":\"https:\\\/\\\/a-h-health.ch\\\/#\\\/schema\\\/logo\\\/image\\\/\"}}]}<\/script>\n<!-- \/ Yoast SEO plugin. -->","yoast_head_json":{"title":"KMR Kit\u00adten Milk Repla\u00adcer PetAg Pow\u00adder, 177g \u2013 Ani\u00admal &amp; Human Health AG","robots":{"index":"index","follow":"follow","max-snippet":"max-snippet:-1","max-image-preview":"max-image-preview:large","max-video-preview":"max-video-preview:-1"},"canonical":"https:\/\/a-h-health.ch\/fr\/shop\/kmr-kitten-milk-replacer-petag-powder-177g\/","og_locale":"fr_FR","og_type":"article","og_title":"KMR Kitten Milk Replacer PetAg Powder, 177g - Animal &amp; Human Health AG","og_description":"Der meistverkaufte Milchersatz f\u00fcr neugeborene K\u00e4tzchen bis zu sechs Wochen. Reinprotein: 40%, Reinfett: 28%, Rohfasern: 0.6%, Fl\u00fcssigkeit max.: 5% 4494 kcal\/kg Mischverh\u00e4ltnis 1 Teil KMR zu 2 Teilen warmen Wasser. &nbsp;","og_url":"https:\/\/a-h-health.ch\/fr\/shop\/kmr-kitten-milk-replacer-petag-powder-177g\/","og_site_name":"Animal &amp; Human Health AG","article_modified_time":"2025-02-14T15:16:20+00:00","og_image":[{"width":286,"height":400,"url":"https:\/\/a-h-health.ch\/wp-content\/uploads\/2025\/02\/kmr-milchersatzpulver-petag-marigin-ag-onlineshop-fur-tierbedarf.jpg","type":"image\/jpeg"}],"twitter_card":"summary_large_image","twitter_misc":{"Dur\u00e9e de lecture estim\u00e9e":"1 minute"},"schema":{"@context":"https:\/\/schema.org","@graph":[{"@type":"WebPage","@id":"https:\/\/a-h-health.ch\/shop\/kmr-kitten-milk-replacer-petag-powder-177g\/","url":"https:\/\/a-h-health.ch\/shop\/kmr-kitten-milk-replacer-petag-powder-177g\/","name":"KMR Kit\u00adten Milk Repla\u00adcer PetAg Pow\u00adder, 177g \u2013 Ani\u00admal &amp; Human Health AG","isPartOf":{"@id":"https:\/\/a-h-health.ch\/#website"},"primaryImageOfPage":{"@id":"https:\/\/a-h-health.ch\/shop\/kmr-kitten-milk-replacer-petag-powder-177g\/#primaryimage"},"image":{"@id":"https:\/\/a-h-health.ch\/shop\/kmr-kitten-milk-replacer-petag-powder-177g\/#primaryimage"},"thumbnailUrl":"https:\/\/a-h-health.ch\/wp-content\/uploads\/2025\/02\/kmr-milchersatzpulver-petag-marigin-ag-onlineshop-fur-tierbedarf.jpg","datePublished":"2025-02-14T14:59:08+00:00","dateModified":"2025-02-14T15:16:20+00:00","breadcrumb":{"@id":"https:\/\/a-h-health.ch\/shop\/kmr-kitten-milk-replacer-petag-powder-177g\/#breadcrumb"},"inLanguage":"fr-FR","potentialAction":[{"@type":"ReadAction","target":["https:\/\/a-h-health.ch\/shop\/kmr-kitten-milk-replacer-petag-powder-177g\/"]}]},{"@type":"ImageObject","inLanguage":"fr-FR","@id":"https:\/\/a-h-health.ch\/shop\/kmr-kitten-milk-replacer-petag-powder-177g\/#primaryimage","url":"https:\/\/a-h-health.ch\/wp-content\/uploads\/2025\/02\/kmr-milchersatzpulver-petag-marigin-ag-onlineshop-fur-tierbedarf.jpg","contentUrl":"https:\/\/a-h-health.ch\/wp-content\/uploads\/2025\/02\/kmr-milchersatzpulver-petag-marigin-ag-onlineshop-fur-tierbedarf.jpg","width":286,"height":400},{"@type":"BreadcrumbList","@id":"https:\/\/a-h-health.ch\/shop\/kmr-kitten-milk-replacer-petag-powder-177g\/#breadcrumb","itemListElement":[{"@type":"ListItem","position":1,"name":"Startseite","item":"https:\/\/a-h-health.ch\/"},{"@type":"ListItem","position":2,"name":"Shop","item":"https:\/\/a-h-health.ch\/shop\/"},{"@type":"ListItem","position":3,"name":"KMR Kitten Milk Replacer PetAg Powder, 177g"}]},{"@type":"WebSite","@id":"https:\/\/a-h-health.ch\/#website","url":"https:\/\/a-h-health.ch\/","name":"Ani\u00admal and Human Health AG","description":"Nous som\u00admes vos interlo\u00adcu\u00adteurs lorsqu\u2019il s\u2019a\u00adgit de la san\u00adt\u00e9 pro\u00adfes\u00adsi\u00adon\u00adnel\u00adle et du bien-\u00eatre de vot\u00adre animal.","publisher":{"@id":"https:\/\/a-h-health.ch\/#organization"},"alternateName":"a-h-health","potentialAction":[{"@type":"SearchAction","target":{"@type":"EntryPoint","urlTemplate":"https:\/\/a-h-health.ch\/?s={search_term_string}"},"query-input":{"@type":"PropertyValueSpecification","valueRequired":true,"valueName":"search_term_string"}}],"inLanguage":"fr-FR"},{"@type":"Organization","@id":"https:\/\/a-h-health.ch\/#organization","name":"Ani\u00admal &amp; Human Health AG","url":"https:\/\/a-h-health.ch\/","logo":{"@type":"ImageObject","inLanguage":"fr-FR","@id":"https:\/\/a-h-health.ch\/#\/schema\/logo\/image\/","url":"https:\/\/a-h-health.ch\/wp-content\/uploads\/2020\/12\/Logo-animal-health.jpg","contentUrl":"https:\/\/a-h-health.ch\/wp-content\/uploads\/2020\/12\/Logo-animal-health.jpg","width":653,"height":56,"caption":"Animal & Human Health AG"},"image":{"@id":"https:\/\/a-h-health.ch\/#\/schema\/logo\/image\/"}}]}},"_links":{"self":[{"href":"https:\/\/a-h-health.ch\/fr\/wp-json\/wp\/v2\/product\/16605","targetHints":{"allow":["GET"]}}],"collection":[{"href":"https:\/\/a-h-health.ch\/fr\/wp-json\/wp\/v2\/product"}],"about":[{"href":"https:\/\/a-h-health.ch\/fr\/wp-json\/wp\/v2\/types\/product"}],"wp:featuredmedia":[{"embeddable":true,"href":"https:\/\/a-h-health.ch\/fr\/wp-json\/wp\/v2\/media\/16606"}],"wp:attachment":[{"href":"https:\/\/a-h-health.ch\/fr\/wp-json\/wp\/v2\/media?parent=16605"}],"wp:term":[{"taxonomy":"product_brand","embeddable":true,"href":"https:\/\/a-h-health.ch\/fr\/wp-json\/wp\/v2\/product_brand?post=16605"},{"taxonomy":"product_cat","embeddable":true,"href":"https:\/\/a-h-health.ch\/fr\/wp-json\/wp\/v2\/product_cat?post=16605"},{"taxonomy":"product_tag","embeddable":true,"href":"https:\/\/a-h-health.ch\/fr\/wp-json\/wp\/v2\/product_tag?post=16605"}],"curies":[{"name":"wp","href":"https:\/\/api.w.org\/{rel}","templated":true}]}}