{"id":16531,"date":"2025-02-12T16:11:54","date_gmt":"2025-02-12T15:11:54","guid":{"rendered":"https:\/\/a-h-health.ch\/?post_type=product&#038;p=16531"},"modified":"2025-02-13T13:32:19","modified_gmt":"2025-02-13T12:32:19","slug":"pro-aktiv","status":"publish","type":"product","link":"https:\/\/a-h-health.ch\/fr\/shop\/pro-aktiv\/","title":{"rendered":"Pro Aktiv 1.8kg"},"content":{"rendered":"<p>Aide en cas de coli\u00adques et d\u2019eaux f\u00e9ca\u00adles ! La com\u00adbi\u00adnai\u00adson de pro\u00adbio\u00adti\u00adques issus de 5 sou\u00adch\u00ades bac\u00adt\u00e9\u00adri\u00aden\u00adnes et de post\u00adbio\u00adti\u00adques favo\u00adri\u00adse le ren\u00adforce\u00adment de la flo\u00adre intesti\u00adna\u00adle lors du r\u00e9ta\u00adblis\u00adse\u00adment de l\u2019\u00e9\u00adqui\u00adlib\u00adre intesti\u00adnal. Sa com\u00adpo\u00adsi\u00adti\u00adon s\u00e9lec\u00adtion\u00adn\u00e9e aide au m\u00e9ta\u00adbo\u00adlis\u00adme et sou\u00adti\u00adent les d\u00e9fen\u00adses immunitaires.<\/p>\n<p>L\u2019eau de bois\u00adson peut avoir dif\u00adf\u00e9\u00adren\u00adtes cau\u00adses, sou\u00advent une r\u00e9ac\u00adtion au stress, un chan\u00adge\u00adment de nour\u00adri\u00adtu\u00adre ou m\u00eame une mau\u00advai\u00adse dige\u00adsti\u00adon. Il est recom\u00adman\u00add\u00e9 de v\u00e9ri\u00adfier l\u2019a\u00adli\u00admen\u00adta\u00adti\u00adon du che\u00adval et de mini\u00admi\u00adser les sources de stress. Pro aktiv sou\u00adti\u00adent la dige\u00adsti\u00adon aide \u00e0 sta\u00adbi\u00adli\u00adser la flo\u00adre intesti\u00adna\u00adle et sou\u00adti\u00adent la diver\u00adsi\u00adt\u00e9 micro\u00adbi\u00aden\u00adne de l\u2019in\u00adtestin et aide \u00e0 \u00e9vi\u00adter les d\u00e9s\u00e9\u00adqui\u00adli\u00adbres et les trou\u00adbles qui en d\u00e9coulent.<\/p>\n<p>Recom\u00adman\u00adda\u00adti\u00adon d\u2019a\u00adli\u00admen\u00adta\u00adti\u00adon Che\u00adval (500kg) : 100g \/ Pou\u00adlain : 50g par&nbsp;jour<\/p>\n<p><i><span style=\"font-size: 8.0pt; font-family: 'Arial',sans-serif;\">Ing\u00adr\u00e9\u00addi\u00adents : Bl\u00e9, avoi\u00adne d\u00e9cor\u00adti\u00adqu\u00e9e, dex\u00adtro\u00adse, extrait de levu\u00adre, lac\u00adto\u00ads\u00e9rum en poud\u00adre, bio\u00admas\u00adse bac\u00adt\u00e9\u00adri\u00aden\u00adne riche en pro\u00adt\u00e9\u00adi\u00adnes issue de Lac\u00adto\u00adba\u00adcil\u00adlaceae, sous-pro\u00adduits de la pro\u00adduc\u00adtion d\u2019en\u00adzy\u00admes Asper\u00adgil\u00adlus ory\u00adzae, bio\u00admas\u00adse bac\u00adt\u00e9\u00adri\u00aden\u00adne riche en pro\u00adt\u00e9\u00adi\u00adnes issue de Bacil\u00adlus sub\u00adti\u00adlis, hui\u00adle de tour\u00adne\u00adsol, ovo\u00adpro\u00adduits d\u00e9s\u00adhy\u00addra\u00adt\u00e9s , chlor\u00adure de sodi\u00adum, saccharose.<\/span><\/i><\/p>\n<p><i><span style=\"font-size: 8.0pt; font-family: 'Arial',sans-serif;\">Additifs\/kg : ar\u00f4\u00admes : gly\u00adci\u00adne (2b17034) 10 g ; liant : s\u00e9pio\u00adli\u00adte (E562) 21,25&nbsp;g.<\/span><\/i><\/p>\n<p><i><span style=\"font-size: 8.0pt; font-family: 'Arial',sans-serif;\"><em>Com\u00adpo\u00adsants ana\u00adly\u00adti\u00adques<\/em>humi\u00addi\u00adt\u00e9 10,0 %, pro\u00adt\u00e9\u00adi\u00adnes brutes 12,0 %, grais\u00adses brutes 2,5 %, fibres brutes 2,8 %, cend\u00adres brutes 8,8 %, sodi\u00adum 0,2 %.<\/span><\/i><\/p>","protected":false},"excerpt":{"rendered":"<p>Aide en cas de coli\u00adques et d\u2019eaux f\u00e9ca\u00adles ! La com\u00adbi\u00adnai\u00adson de pro\u00adbio\u00adti\u00adques issus de 5 sou\u00adch\u00ades bac\u00adt\u00e9\u00adri\u00aden\u00adnes et de post\u00adbio\u00adti\u00adques favo\u00adri\u00adse le ren\u00adforce\u00adment de la flo\u00adre intesti\u00adna\u00adle lors du r\u00e9ta\u00adblis\u00adse\u00adment de l\u2019\u00e9\u00adqui\u00adlib\u00adre intesti\u00adnal. Sa com\u00adpo\u00adsi\u00adti\u00adon s\u00e9lec\u00adtion\u00adn\u00e9e aide au m\u00e9ta\u00adbo\u00adlis\u00adme et sou\u00adti\u00adent les d\u00e9fen\u00adses immunitaires.<\/p>\n<p>L\u2019eau de bois\u00adson peut avoir dif\u00adf\u00e9\u00adren\u00adtes cau\u00adses, sou\u00advent une r\u00e9ac\u00adtion au stress, un chan\u00adge\u00adment de nour\u00adri\u00adtu\u00adre ou m\u00eame une mau\u00advai\u00adse dige\u00adsti\u00adon. Il est recom\u00adman\u00add\u00e9 de v\u00e9ri\u00adfier l\u2019a\u00adli\u00admen\u00adta\u00adti\u00adon du che\u00adval et de mini\u00admi\u00adser les sources de stress. Pro aktiv sou\u00adti\u00adent la dige\u00adsti\u00adon aide \u00e0 sta\u00adbi\u00adli\u00adser la flo\u00adre intesti\u00adna\u00adle et sou\u00adti\u00adent la diver\u00adsi\u00adt\u00e9 micro\u00adbi\u00aden\u00adne de l\u2019in\u00adtestin et aide \u00e0 \u00e9vi\u00adter les d\u00e9s\u00e9\u00adqui\u00adli\u00adbres et les trou\u00adbles qui en d\u00e9coulent.<\/p>\n<p>Recom\u00adman\u00adda\u00adti\u00adon d\u2019a\u00adli\u00admen\u00adta\u00adti\u00adon Che\u00adval (500kg) : 100g \/ Pou\u00adlain : 50g par&nbsp;jour<\/p>\n<p><em>Ing\u00adr\u00e9\u00addi\u00adents : Bl\u00e9, avoi\u00adne d\u00e9cor\u00adti\u00adqu\u00e9e, dex\u00adtro\u00adse, extrait de levu\u00adre, lac\u00adto\u00ads\u00e9rum en poud\u00adre, bio\u00admas\u00adse bac\u00adt\u00e9\u00adri\u00aden\u00adne riche en pro\u00adt\u00e9\u00adi\u00adnes issue de Lac\u00adto\u00adba\u00adcil\u00adlaceae, sous-pro\u00adduits de la pro\u00adduc\u00adtion d\u2019en\u00adzy\u00admes Asper\u00adgil\u00adlus ory\u00adzae, bio\u00admas\u00adse bac\u00adt\u00e9\u00adri\u00aden\u00adne riche en pro\u00adt\u00e9\u00adi\u00adnes issue de Bacil\u00adlus sub\u00adti\u00adlis, hui\u00adle de tour\u00adne\u00adsol, ovo\u00adpro\u00adduits d\u00e9s\u00adhy\u00addra\u00adt\u00e9s , chlor\u00adure de sodi\u00adum, saccharose.<\/em><\/p>\n<p><em>ADDITIFS\/kg : Ar\u00f4\u00admes : gly\u00adci\u00adne (2b17034) 10 g ; liant : s\u00e9pio\u00adli\u00adte (E562) 21,25&nbsp;g.<\/em><\/p>\n<p><em>COMPOSANTS ANALYTIQUES : humi\u00addi\u00adt\u00e9 10,0 %, pro\u00adt\u00e9\u00adi\u00adnes brutes 12,0 %, grais\u00adses brutes 2,5 %, fibres brutes 2,8 %, cend\u00adres brutes 8,8 %, sodi\u00adum 0,2 %.<\/em><\/p>","protected":false},"featured_media":16535,"template":"","meta":{"wp_typography_post_enhancements_disabled":false},"product_brand":[],"product_cat":[615,555,34,562],"product_tag":[574],"class_list":{"0":"post-16531","1":"product","2":"type-product","3":"status-publish","4":"has-post-thumbnail","6":"product_cat-equality-marke","7":"product_cat-futtermittel","8":"product_cat-nahrungsergaenzung","9":"product_cat-pferd","10":"product_tag-futter-und-diverse","12":"first","13":"instock","14":"taxable","15":"shipping-taxable","16":"product-type-simple"},"yoast_head":"<!-- This site is optimized with the Yoast SEO plugin v27.4 - https:\/\/yoast.com\/product\/yoast-seo-wordpress\/ -->\n<title>Pro Aktiv 1.8kg - Animal &amp; Human Health AG<\/title>\n<meta name=\"robots\" content=\"index, follow, max-snippet:-1, max-image-preview:large, max-video-preview:-1\" \/>\n<link rel=\"canonical\" href=\"https:\/\/a-h-health.ch\/fr\/shop\/pro-aktiv\/\" \/>\n<meta property=\"og:locale\" content=\"fr_FR\" \/>\n<meta property=\"og:type\" content=\"article\" \/>\n<meta property=\"og:title\" content=\"Pro Aktiv 1.8kg - Animal &amp; Human Health AG\" \/>\n<meta property=\"og:description\" content=\"Hilft bei Koliken und Kotwasser! Die Kombination von Probiotika aus 5 Bakterienst\u00e4mmen und Postbiotika unterst\u00fctzt die St\u00e4rkung der Darmflora bei der Wiederherstellung des Gleichgewichts im Darm. Seine ausgew\u00e4hlte Zusammensetzung hilft beim Stoffwechsel und die unterst\u00fctzt die Immunabwehr.  Kotwasser kann verschiedene Ursachen haben, oft ist es eine Reaktion auf Stress, eine Futterumstellung oder auch eine schlechte Verdauung. Es ist zu empfehlen die Ern\u00e4hrung des Pferdes zu \u00fcberpr\u00fcfen und Stressquellen zu minimieren. Pro aktiv unterst\u00fctzt die Verdauung hilft die Darmflora zu stabilisieren und unterst\u00fctzt die mikrobielle Vielfalt des Darms und hilft Ungleichgewichte und damit verbundene St\u00f6rungen zu vermeiden.  F\u00fctterungsempfehlung Pferd (500kg): 100g \/ Fohlen: 50g pro Tag  Inhaltsstoffe: Weizen, gesch\u00e4lter Hafer, Dextrose, Hefeextrakt, Molkenpulver, proteinreiche Bakterienbiomasse aus Lactobacillaceae, Nebenprodukte der Enzymproduktion aus Aspergillus oryzae, proteinreiche Bakterienbiomasse aus Bacillus subtilis, Sonnenblumen\u00f6l, getrocknete Eiprodukte , Natriumchlorid, Saccharose.  ZUSATZSTOFFE\/Kg: Aromen: Glycin (2b17034) 10 g; Bindemittel: Sepiolith (E562) 21,25 g.  ANALYTISCHE BESTANDTEILE: Feuchtigkeit 10,0 %, Rohprotein 12,0 %, Rohfette 2,5 %, Rohfaser 2,8 %, Rohasche 8,8 %, Natrium 0,2 %.\" \/>\n<meta property=\"og:url\" content=\"https:\/\/a-h-health.ch\/fr\/shop\/pro-aktiv\/\" \/>\n<meta property=\"og:site_name\" content=\"Animal &amp; Human Health AG\" \/>\n<meta property=\"article:modified_time\" content=\"2025-02-13T12:32:19+00:00\" \/>\n<meta property=\"og:image\" content=\"https:\/\/a-h-health.ch\/wp-content\/uploads\/2025\/02\/PROACTIVE.jpg\" \/>\n\t<meta property=\"og:image:width\" content=\"1000\" \/>\n\t<meta property=\"og:image:height\" content=\"1000\" \/>\n\t<meta property=\"og:image:type\" content=\"image\/jpeg\" \/>\n<meta name=\"twitter:card\" content=\"summary_large_image\" \/>\n<meta name=\"twitter:label1\" content=\"Dur\u00e9e de lecture estim\u00e9e\" \/>\n\t<meta name=\"twitter:data1\" content=\"1 minute\" \/>\n<script type=\"application\/ld+json\" class=\"yoast-schema-graph\">{\"@context\":\"https:\\\/\\\/schema.org\",\"@graph\":[{\"@type\":\"WebPage\",\"@id\":\"https:\\\/\\\/a-h-health.ch\\\/shop\\\/pro-aktiv\\\/\",\"url\":\"https:\\\/\\\/a-h-health.ch\\\/shop\\\/pro-aktiv\\\/\",\"name\":\"Pro Aktiv 1.8kg - Animal &amp; Human Health AG\",\"isPartOf\":{\"@id\":\"https:\\\/\\\/a-h-health.ch\\\/#website\"},\"primaryImageOfPage\":{\"@id\":\"https:\\\/\\\/a-h-health.ch\\\/shop\\\/pro-aktiv\\\/#primaryimage\"},\"image\":{\"@id\":\"https:\\\/\\\/a-h-health.ch\\\/shop\\\/pro-aktiv\\\/#primaryimage\"},\"thumbnailUrl\":\"https:\\\/\\\/a-h-health.ch\\\/wp-content\\\/uploads\\\/2025\\\/02\\\/PROACTIVE.jpg\",\"datePublished\":\"2025-02-12T15:11:54+00:00\",\"dateModified\":\"2025-02-13T12:32:19+00:00\",\"breadcrumb\":{\"@id\":\"https:\\\/\\\/a-h-health.ch\\\/shop\\\/pro-aktiv\\\/#breadcrumb\"},\"inLanguage\":\"fr-FR\",\"potentialAction\":[{\"@type\":\"ReadAction\",\"target\":[\"https:\\\/\\\/a-h-health.ch\\\/shop\\\/pro-aktiv\\\/\"]}]},{\"@type\":\"ImageObject\",\"inLanguage\":\"fr-FR\",\"@id\":\"https:\\\/\\\/a-h-health.ch\\\/shop\\\/pro-aktiv\\\/#primaryimage\",\"url\":\"https:\\\/\\\/a-h-health.ch\\\/wp-content\\\/uploads\\\/2025\\\/02\\\/PROACTIVE.jpg\",\"contentUrl\":\"https:\\\/\\\/a-h-health.ch\\\/wp-content\\\/uploads\\\/2025\\\/02\\\/PROACTIVE.jpg\",\"width\":1000,\"height\":1000},{\"@type\":\"BreadcrumbList\",\"@id\":\"https:\\\/\\\/a-h-health.ch\\\/shop\\\/pro-aktiv\\\/#breadcrumb\",\"itemListElement\":[{\"@type\":\"ListItem\",\"position\":1,\"name\":\"Startseite\",\"item\":\"https:\\\/\\\/a-h-health.ch\\\/\"},{\"@type\":\"ListItem\",\"position\":2,\"name\":\"Shop\",\"item\":\"https:\\\/\\\/a-h-health.ch\\\/shop\\\/\"},{\"@type\":\"ListItem\",\"position\":3,\"name\":\"Pro Aktiv 1.8kg\"}]},{\"@type\":\"WebSite\",\"@id\":\"https:\\\/\\\/a-h-health.ch\\\/#website\",\"url\":\"https:\\\/\\\/a-h-health.ch\\\/\",\"name\":\"Animal and Human Health AG\",\"description\":\"Wir sind Ihre Ansprechpartner, wenn es um die professionelle Gesundheit und das Wohl ihres Tieres geht.\",\"publisher\":{\"@id\":\"https:\\\/\\\/a-h-health.ch\\\/#organization\"},\"alternateName\":\"a-h-health\",\"potentialAction\":[{\"@type\":\"SearchAction\",\"target\":{\"@type\":\"EntryPoint\",\"urlTemplate\":\"https:\\\/\\\/a-h-health.ch\\\/?s={search_term_string}\"},\"query-input\":{\"@type\":\"PropertyValueSpecification\",\"valueRequired\":true,\"valueName\":\"search_term_string\"}}],\"inLanguage\":\"fr-FR\"},{\"@type\":\"Organization\",\"@id\":\"https:\\\/\\\/a-h-health.ch\\\/#organization\",\"name\":\"Animal & Human Health AG\",\"url\":\"https:\\\/\\\/a-h-health.ch\\\/\",\"logo\":{\"@type\":\"ImageObject\",\"inLanguage\":\"fr-FR\",\"@id\":\"https:\\\/\\\/a-h-health.ch\\\/#\\\/schema\\\/logo\\\/image\\\/\",\"url\":\"https:\\\/\\\/a-h-health.ch\\\/wp-content\\\/uploads\\\/2020\\\/12\\\/Logo-animal-health.jpg\",\"contentUrl\":\"https:\\\/\\\/a-h-health.ch\\\/wp-content\\\/uploads\\\/2020\\\/12\\\/Logo-animal-health.jpg\",\"width\":653,\"height\":56,\"caption\":\"Animal & Human Health AG\"},\"image\":{\"@id\":\"https:\\\/\\\/a-h-health.ch\\\/#\\\/schema\\\/logo\\\/image\\\/\"}}]}<\/script>\n<!-- \/ Yoast SEO plugin. -->","yoast_head_json":{"title":"Pro Aktiv 1.8kg \u2013 Ani\u00admal &amp; Human Health AG","robots":{"index":"index","follow":"follow","max-snippet":"max-snippet:-1","max-image-preview":"max-image-preview:large","max-video-preview":"max-video-preview:-1"},"canonical":"https:\/\/a-h-health.ch\/fr\/shop\/pro-aktiv\/","og_locale":"fr_FR","og_type":"article","og_title":"Pro Aktiv 1.8kg - Animal &amp; Human Health AG","og_description":"Hilft bei Koliken und Kotwasser! Die Kombination von Probiotika aus 5 Bakterienst\u00e4mmen und Postbiotika unterst\u00fctzt die St\u00e4rkung der Darmflora bei der Wiederherstellung des Gleichgewichts im Darm. Seine ausgew\u00e4hlte Zusammensetzung hilft beim Stoffwechsel und die unterst\u00fctzt die Immunabwehr.  Kotwasser kann verschiedene Ursachen haben, oft ist es eine Reaktion auf Stress, eine Futterumstellung oder auch eine schlechte Verdauung. Es ist zu empfehlen die Ern\u00e4hrung des Pferdes zu \u00fcberpr\u00fcfen und Stressquellen zu minimieren. Pro aktiv unterst\u00fctzt die Verdauung hilft die Darmflora zu stabilisieren und unterst\u00fctzt die mikrobielle Vielfalt des Darms und hilft Ungleichgewichte und damit verbundene St\u00f6rungen zu vermeiden.  F\u00fctterungsempfehlung Pferd (500kg): 100g \/ Fohlen: 50g pro Tag  Inhaltsstoffe: Weizen, gesch\u00e4lter Hafer, Dextrose, Hefeextrakt, Molkenpulver, proteinreiche Bakterienbiomasse aus Lactobacillaceae, Nebenprodukte der Enzymproduktion aus Aspergillus oryzae, proteinreiche Bakterienbiomasse aus Bacillus subtilis, Sonnenblumen\u00f6l, getrocknete Eiprodukte , Natriumchlorid, Saccharose.  ZUSATZSTOFFE\/Kg: Aromen: Glycin (2b17034) 10 g; Bindemittel: Sepiolith (E562) 21,25 g.  ANALYTISCHE BESTANDTEILE: Feuchtigkeit 10,0 %, Rohprotein 12,0 %, Rohfette 2,5 %, Rohfaser 2,8 %, Rohasche 8,8 %, Natrium 0,2 %.","og_url":"https:\/\/a-h-health.ch\/fr\/shop\/pro-aktiv\/","og_site_name":"Animal &amp; Human Health AG","article_modified_time":"2025-02-13T12:32:19+00:00","og_image":[{"width":1000,"height":1000,"url":"https:\/\/a-h-health.ch\/wp-content\/uploads\/2025\/02\/PROACTIVE.jpg","type":"image\/jpeg"}],"twitter_card":"summary_large_image","twitter_misc":{"Dur\u00e9e de lecture estim\u00e9e":"1 minute"},"schema":{"@context":"https:\/\/schema.org","@graph":[{"@type":"WebPage","@id":"https:\/\/a-h-health.ch\/shop\/pro-aktiv\/","url":"https:\/\/a-h-health.ch\/shop\/pro-aktiv\/","name":"Pro Aktiv 1.8kg \u2013 Ani\u00admal &amp; Human Health AG","isPartOf":{"@id":"https:\/\/a-h-health.ch\/#website"},"primaryImageOfPage":{"@id":"https:\/\/a-h-health.ch\/shop\/pro-aktiv\/#primaryimage"},"image":{"@id":"https:\/\/a-h-health.ch\/shop\/pro-aktiv\/#primaryimage"},"thumbnailUrl":"https:\/\/a-h-health.ch\/wp-content\/uploads\/2025\/02\/PROACTIVE.jpg","datePublished":"2025-02-12T15:11:54+00:00","dateModified":"2025-02-13T12:32:19+00:00","breadcrumb":{"@id":"https:\/\/a-h-health.ch\/shop\/pro-aktiv\/#breadcrumb"},"inLanguage":"fr-FR","potentialAction":[{"@type":"ReadAction","target":["https:\/\/a-h-health.ch\/shop\/pro-aktiv\/"]}]},{"@type":"ImageObject","inLanguage":"fr-FR","@id":"https:\/\/a-h-health.ch\/shop\/pro-aktiv\/#primaryimage","url":"https:\/\/a-h-health.ch\/wp-content\/uploads\/2025\/02\/PROACTIVE.jpg","contentUrl":"https:\/\/a-h-health.ch\/wp-content\/uploads\/2025\/02\/PROACTIVE.jpg","width":1000,"height":1000},{"@type":"BreadcrumbList","@id":"https:\/\/a-h-health.ch\/shop\/pro-aktiv\/#breadcrumb","itemListElement":[{"@type":"ListItem","position":1,"name":"Startseite","item":"https:\/\/a-h-health.ch\/"},{"@type":"ListItem","position":2,"name":"Shop","item":"https:\/\/a-h-health.ch\/shop\/"},{"@type":"ListItem","position":3,"name":"Pro Aktiv 1.8kg"}]},{"@type":"WebSite","@id":"https:\/\/a-h-health.ch\/#website","url":"https:\/\/a-h-health.ch\/","name":"Ani\u00admal and Human Health AG","description":"Nous som\u00admes vos interlo\u00adcu\u00adteurs lorsqu\u2019il s\u2019a\u00adgit de la san\u00adt\u00e9 pro\u00adfes\u00adsi\u00adon\u00adnel\u00adle et du bien-\u00eatre de vot\u00adre animal.","publisher":{"@id":"https:\/\/a-h-health.ch\/#organization"},"alternateName":"a-h-health","potentialAction":[{"@type":"SearchAction","target":{"@type":"EntryPoint","urlTemplate":"https:\/\/a-h-health.ch\/?s={search_term_string}"},"query-input":{"@type":"PropertyValueSpecification","valueRequired":true,"valueName":"search_term_string"}}],"inLanguage":"fr-FR"},{"@type":"Organization","@id":"https:\/\/a-h-health.ch\/#organization","name":"Ani\u00admal &amp; Human Health AG","url":"https:\/\/a-h-health.ch\/","logo":{"@type":"ImageObject","inLanguage":"fr-FR","@id":"https:\/\/a-h-health.ch\/#\/schema\/logo\/image\/","url":"https:\/\/a-h-health.ch\/wp-content\/uploads\/2020\/12\/Logo-animal-health.jpg","contentUrl":"https:\/\/a-h-health.ch\/wp-content\/uploads\/2020\/12\/Logo-animal-health.jpg","width":653,"height":56,"caption":"Animal & Human Health AG"},"image":{"@id":"https:\/\/a-h-health.ch\/#\/schema\/logo\/image\/"}}]}},"_links":{"self":[{"href":"https:\/\/a-h-health.ch\/fr\/wp-json\/wp\/v2\/product\/16531","targetHints":{"allow":["GET"]}}],"collection":[{"href":"https:\/\/a-h-health.ch\/fr\/wp-json\/wp\/v2\/product"}],"about":[{"href":"https:\/\/a-h-health.ch\/fr\/wp-json\/wp\/v2\/types\/product"}],"wp:featuredmedia":[{"embeddable":true,"href":"https:\/\/a-h-health.ch\/fr\/wp-json\/wp\/v2\/media\/16535"}],"wp:attachment":[{"href":"https:\/\/a-h-health.ch\/fr\/wp-json\/wp\/v2\/media?parent=16531"}],"wp:term":[{"taxonomy":"product_brand","embeddable":true,"href":"https:\/\/a-h-health.ch\/fr\/wp-json\/wp\/v2\/product_brand?post=16531"},{"taxonomy":"product_cat","embeddable":true,"href":"https:\/\/a-h-health.ch\/fr\/wp-json\/wp\/v2\/product_cat?post=16531"},{"taxonomy":"product_tag","embeddable":true,"href":"https:\/\/a-h-health.ch\/fr\/wp-json\/wp\/v2\/product_tag?post=16531"}],"curies":[{"name":"wp","href":"https:\/\/api.w.org\/{rel}","templated":true}]}}