{"id":16451,"date":"2024-12-30T11:27:58","date_gmt":"2024-12-30T10:27:58","guid":{"rendered":"https:\/\/a-h-health.ch\/?post_type=product&#038;p=16451"},"modified":"2026-04-13T16:25:18","modified_gmt":"2026-04-13T14:25:18","slug":"zolcal-f-feed-liquid-120ml","status":"publish","type":"product","link":"https:\/\/a-h-health.ch\/fr\/shop\/zolcal-f-feed-liquid-120ml\/","title":{"rendered":"Zolcal\u2011F Feed liqui\u00adde,&nbsp;120ml"},"content":{"rendered":"<p>Car\u00adbo\u00adna\u00adte de cal\u00adci\u00adum et vit\u00adami\u00adne D3 Ali\u00adment com\u00adpl\u00e9\u00admen\u00adtai\u00adre pour oise\u00adaux, rep\u00adti\u00adles et lapins.<\/p>\n<p>Zolcal\u2011F est un com\u00adpl\u00e9\u00adment ali\u00admen\u00adtai\u00adre con\u00adtenant du cal\u00adci\u00adum et de la vit\u00adami\u00adne D3, \u00e0 admi\u00adni\u00adstrer par voie ora\u00adle. Il est recom\u00adman\u00add\u00e9 pour main\u00adte\u00adnir un taux de cal\u00adci\u00adum cor\u00adrect chez les oise\u00adaux, les rep\u00adti\u00adles et les lapins. Zolcal\u2011F peut \u00eatre admi\u00adni\u00adstr\u00e9 direc\u00adte\u00adment ou via l\u2019eau de bois\u00adson ou la nour\u00adri\u00adtu\u00adre lorsqu\u2019un sup\u00adp\u00adl\u00e9\u00adment de cal\u00adci\u00adum est rapi\u00adde\u00adment n\u00e9ces\u00adsaire. Une carence en cal\u00adci\u00adum et en vit\u00adami\u00adne D3 peut avoir des con\u00ads\u00e9\u00adquen\u00adces n\u00e9fa\u00adstes sur la san\u00adt\u00e9 des oise\u00adaux, des mam\u00admi\u00adf\u00e8\u00adres et des reptiles.<\/p>","protected":false},"excerpt":{"rendered":"<p>Calciumcarbonat und Vitamin D3 Erg\u00e4nzungsfuttermittel f\u00fcr V\u00f6gel, Reptilien und Kaninchen. Zolcal-F ist ein Erg\u00e4nzungsfuttermittel mit Kalzium und Vitamin D3 zur oralen Anwendung und wird empfohlen, um den richtigen Kalziumspiegel bei V\u00f6geln, Reptilien und Kaninchen aufrechtzuerhalten. Zolcal-F kann direkt oder \u00fcber Trinkwasser bzw. Futter verabreicht werden, wenn zus\u00e4tzliches Kalzium schnell ben\u00f6tigt wird. Ein Mangel an Kalzium [&hellip;]<\/p>\n","protected":false},"featured_media":16441,"template":"","meta":{"wp_typography_post_enhancements_disabled":false},"product_brand":[],"product_cat":[566,555,34,625],"product_tag":[574],"class_list":{"0":"post-16451","1":"product","2":"type-product","3":"status-publish","4":"has-post-thumbnail","6":"product_cat-andere-kleintiere","7":"product_cat-futtermittel","8":"product_cat-nahrungsergaenzung","9":"product_cat-vetark","10":"product_tag-futter-und-diverse","12":"first","13":"instock","14":"taxable","15":"shipping-taxable","16":"product-type-simple"},"yoast_head":"<!-- This site is optimized with the Yoast SEO plugin v27.4 - https:\/\/yoast.com\/product\/yoast-seo-wordpress\/ -->\n<title>Zolcal-F Feed Liquid, 120ml - Animal &amp; Human Health AG<\/title>\n<meta name=\"robots\" content=\"index, follow, max-snippet:-1, max-image-preview:large, max-video-preview:-1\" \/>\n<link rel=\"canonical\" href=\"https:\/\/a-h-health.ch\/fr\/shop\/zolcal-f-feed-liquid-120ml\/\" \/>\n<meta property=\"og:locale\" content=\"fr_FR\" \/>\n<meta property=\"og:type\" content=\"article\" \/>\n<meta property=\"og:title\" content=\"Zolcal-F Feed Liquid, 120ml - Animal &amp; Human Health AG\" \/>\n<meta property=\"og:description\" content=\"Calciumcarbonat und Vitamin D3 Erg\u00e4nzungsfuttermittel f\u00fcr V\u00f6gel, Reptilien und Kaninchen. Zolcal-F ist ein Erg\u00e4nzungsfuttermittel mit Kalzium und Vitamin D3 zur oralen Anwendung und wird empfohlen, um den richtigen Kalziumspiegel bei V\u00f6geln, Reptilien und Kaninchen aufrechtzuerhalten. Zolcal-F kann direkt oder \u00fcber Trinkwasser bzw. Futter verabreicht werden, wenn zus\u00e4tzliches Kalzium schnell ben\u00f6tigt wird. Ein Mangel an Kalzium [&hellip;]\" \/>\n<meta property=\"og:url\" content=\"https:\/\/a-h-health.ch\/fr\/shop\/zolcal-f-feed-liquid-120ml\/\" \/>\n<meta property=\"og:site_name\" content=\"Animal &amp; Human Health AG\" \/>\n<meta property=\"article:modified_time\" content=\"2026-04-13T14:25:18+00:00\" \/>\n<meta property=\"og:image\" content=\"https:\/\/a-h-health.ch\/wp-content\/uploads\/2024\/12\/zolcalffeedsmcopy_large-e1735554541949.jpg\" \/>\n\t<meta property=\"og:image:width\" content=\"648\" \/>\n\t<meta property=\"og:image:height\" content=\"650\" \/>\n\t<meta property=\"og:image:type\" content=\"image\/jpeg\" \/>\n<meta name=\"twitter:card\" content=\"summary_large_image\" \/>\n<meta name=\"twitter:label1\" content=\"Dur\u00e9e de lecture estim\u00e9e\" \/>\n\t<meta name=\"twitter:data1\" content=\"1 minute\" \/>\n<script type=\"application\/ld+json\" class=\"yoast-schema-graph\">{\"@context\":\"https:\\\/\\\/schema.org\",\"@graph\":[{\"@type\":\"WebPage\",\"@id\":\"https:\\\/\\\/a-h-health.ch\\\/shop\\\/zolcal-f-feed-liquid-120ml\\\/\",\"url\":\"https:\\\/\\\/a-h-health.ch\\\/shop\\\/zolcal-f-feed-liquid-120ml\\\/\",\"name\":\"Zolcal-F Feed Liquid, 120ml - Animal &amp; Human Health AG\",\"isPartOf\":{\"@id\":\"https:\\\/\\\/a-h-health.ch\\\/#website\"},\"primaryImageOfPage\":{\"@id\":\"https:\\\/\\\/a-h-health.ch\\\/shop\\\/zolcal-f-feed-liquid-120ml\\\/#primaryimage\"},\"image\":{\"@id\":\"https:\\\/\\\/a-h-health.ch\\\/shop\\\/zolcal-f-feed-liquid-120ml\\\/#primaryimage\"},\"thumbnailUrl\":\"https:\\\/\\\/a-h-health.ch\\\/wp-content\\\/uploads\\\/2024\\\/12\\\/zolcalffeedsmcopy_large-e1735554541949.jpg\",\"datePublished\":\"2024-12-30T10:27:58+00:00\",\"dateModified\":\"2026-04-13T14:25:18+00:00\",\"breadcrumb\":{\"@id\":\"https:\\\/\\\/a-h-health.ch\\\/shop\\\/zolcal-f-feed-liquid-120ml\\\/#breadcrumb\"},\"inLanguage\":\"fr-FR\",\"potentialAction\":[{\"@type\":\"ReadAction\",\"target\":[\"https:\\\/\\\/a-h-health.ch\\\/shop\\\/zolcal-f-feed-liquid-120ml\\\/\"]}]},{\"@type\":\"ImageObject\",\"inLanguage\":\"fr-FR\",\"@id\":\"https:\\\/\\\/a-h-health.ch\\\/shop\\\/zolcal-f-feed-liquid-120ml\\\/#primaryimage\",\"url\":\"https:\\\/\\\/a-h-health.ch\\\/wp-content\\\/uploads\\\/2024\\\/12\\\/zolcalffeedsmcopy_large-e1735554541949.jpg\",\"contentUrl\":\"https:\\\/\\\/a-h-health.ch\\\/wp-content\\\/uploads\\\/2024\\\/12\\\/zolcalffeedsmcopy_large-e1735554541949.jpg\",\"width\":648,\"height\":650},{\"@type\":\"BreadcrumbList\",\"@id\":\"https:\\\/\\\/a-h-health.ch\\\/shop\\\/zolcal-f-feed-liquid-120ml\\\/#breadcrumb\",\"itemListElement\":[{\"@type\":\"ListItem\",\"position\":1,\"name\":\"Startseite\",\"item\":\"https:\\\/\\\/a-h-health.ch\\\/\"},{\"@type\":\"ListItem\",\"position\":2,\"name\":\"Shop\",\"item\":\"https:\\\/\\\/a-h-health.ch\\\/shop\\\/\"},{\"@type\":\"ListItem\",\"position\":3,\"name\":\"Zolcal-F Feed Liquid, 120ml\"}]},{\"@type\":\"WebSite\",\"@id\":\"https:\\\/\\\/a-h-health.ch\\\/#website\",\"url\":\"https:\\\/\\\/a-h-health.ch\\\/\",\"name\":\"Animal and Human Health AG\",\"description\":\"Wir sind Ihre Ansprechpartner, wenn es um die professionelle Gesundheit und das Wohl ihres Tieres geht.\",\"publisher\":{\"@id\":\"https:\\\/\\\/a-h-health.ch\\\/#organization\"},\"alternateName\":\"a-h-health\",\"potentialAction\":[{\"@type\":\"SearchAction\",\"target\":{\"@type\":\"EntryPoint\",\"urlTemplate\":\"https:\\\/\\\/a-h-health.ch\\\/?s={search_term_string}\"},\"query-input\":{\"@type\":\"PropertyValueSpecification\",\"valueRequired\":true,\"valueName\":\"search_term_string\"}}],\"inLanguage\":\"fr-FR\"},{\"@type\":\"Organization\",\"@id\":\"https:\\\/\\\/a-h-health.ch\\\/#organization\",\"name\":\"Animal & Human Health AG\",\"url\":\"https:\\\/\\\/a-h-health.ch\\\/\",\"logo\":{\"@type\":\"ImageObject\",\"inLanguage\":\"fr-FR\",\"@id\":\"https:\\\/\\\/a-h-health.ch\\\/#\\\/schema\\\/logo\\\/image\\\/\",\"url\":\"https:\\\/\\\/a-h-health.ch\\\/wp-content\\\/uploads\\\/2020\\\/12\\\/Logo-animal-health.jpg\",\"contentUrl\":\"https:\\\/\\\/a-h-health.ch\\\/wp-content\\\/uploads\\\/2020\\\/12\\\/Logo-animal-health.jpg\",\"width\":653,\"height\":56,\"caption\":\"Animal & Human Health AG\"},\"image\":{\"@id\":\"https:\\\/\\\/a-h-health.ch\\\/#\\\/schema\\\/logo\\\/image\\\/\"}}]}<\/script>\n<!-- \/ Yoast SEO plugin. -->","yoast_head_json":{"title":"Zolcal\u2011F Feed Liquid, 120ml \u2013 Ani\u00admal &amp; Human Health AG","robots":{"index":"index","follow":"follow","max-snippet":"max-snippet:-1","max-image-preview":"max-image-preview:large","max-video-preview":"max-video-preview:-1"},"canonical":"https:\/\/a-h-health.ch\/fr\/shop\/zolcal-f-feed-liquid-120ml\/","og_locale":"fr_FR","og_type":"article","og_title":"Zolcal-F Feed Liquid, 120ml - Animal &amp; Human Health AG","og_description":"Calciumcarbonat und Vitamin D3 Erg\u00e4nzungsfuttermittel f\u00fcr V\u00f6gel, Reptilien und Kaninchen. Zolcal-F ist ein Erg\u00e4nzungsfuttermittel mit Kalzium und Vitamin D3 zur oralen Anwendung und wird empfohlen, um den richtigen Kalziumspiegel bei V\u00f6geln, Reptilien und Kaninchen aufrechtzuerhalten. Zolcal-F kann direkt oder \u00fcber Trinkwasser bzw. Futter verabreicht werden, wenn zus\u00e4tzliches Kalzium schnell ben\u00f6tigt wird. Ein Mangel an Kalzium [&hellip;]","og_url":"https:\/\/a-h-health.ch\/fr\/shop\/zolcal-f-feed-liquid-120ml\/","og_site_name":"Animal &amp; Human Health AG","article_modified_time":"2026-04-13T14:25:18+00:00","og_image":[{"width":648,"height":650,"url":"https:\/\/a-h-health.ch\/wp-content\/uploads\/2024\/12\/zolcalffeedsmcopy_large-e1735554541949.jpg","type":"image\/jpeg"}],"twitter_card":"summary_large_image","twitter_misc":{"Dur\u00e9e de lecture estim\u00e9e":"1 minute"},"schema":{"@context":"https:\/\/schema.org","@graph":[{"@type":"WebPage","@id":"https:\/\/a-h-health.ch\/shop\/zolcal-f-feed-liquid-120ml\/","url":"https:\/\/a-h-health.ch\/shop\/zolcal-f-feed-liquid-120ml\/","name":"Zolcal\u2011F Feed Liquid, 120ml \u2013 Ani\u00admal &amp; Human Health AG","isPartOf":{"@id":"https:\/\/a-h-health.ch\/#website"},"primaryImageOfPage":{"@id":"https:\/\/a-h-health.ch\/shop\/zolcal-f-feed-liquid-120ml\/#primaryimage"},"image":{"@id":"https:\/\/a-h-health.ch\/shop\/zolcal-f-feed-liquid-120ml\/#primaryimage"},"thumbnailUrl":"https:\/\/a-h-health.ch\/wp-content\/uploads\/2024\/12\/zolcalffeedsmcopy_large-e1735554541949.jpg","datePublished":"2024-12-30T10:27:58+00:00","dateModified":"2026-04-13T14:25:18+00:00","breadcrumb":{"@id":"https:\/\/a-h-health.ch\/shop\/zolcal-f-feed-liquid-120ml\/#breadcrumb"},"inLanguage":"fr-FR","potentialAction":[{"@type":"ReadAction","target":["https:\/\/a-h-health.ch\/shop\/zolcal-f-feed-liquid-120ml\/"]}]},{"@type":"ImageObject","inLanguage":"fr-FR","@id":"https:\/\/a-h-health.ch\/shop\/zolcal-f-feed-liquid-120ml\/#primaryimage","url":"https:\/\/a-h-health.ch\/wp-content\/uploads\/2024\/12\/zolcalffeedsmcopy_large-e1735554541949.jpg","contentUrl":"https:\/\/a-h-health.ch\/wp-content\/uploads\/2024\/12\/zolcalffeedsmcopy_large-e1735554541949.jpg","width":648,"height":650},{"@type":"BreadcrumbList","@id":"https:\/\/a-h-health.ch\/shop\/zolcal-f-feed-liquid-120ml\/#breadcrumb","itemListElement":[{"@type":"ListItem","position":1,"name":"Startseite","item":"https:\/\/a-h-health.ch\/"},{"@type":"ListItem","position":2,"name":"Shop","item":"https:\/\/a-h-health.ch\/shop\/"},{"@type":"ListItem","position":3,"name":"Zolcal-F Feed Liquid, 120ml"}]},{"@type":"WebSite","@id":"https:\/\/a-h-health.ch\/#website","url":"https:\/\/a-h-health.ch\/","name":"Ani\u00admal and Human Health AG","description":"Nous som\u00admes vos interlo\u00adcu\u00adteurs lorsqu\u2019il s\u2019a\u00adgit de la san\u00adt\u00e9 pro\u00adfes\u00adsi\u00adon\u00adnel\u00adle et du bien-\u00eatre de vot\u00adre animal.","publisher":{"@id":"https:\/\/a-h-health.ch\/#organization"},"alternateName":"a-h-health","potentialAction":[{"@type":"SearchAction","target":{"@type":"EntryPoint","urlTemplate":"https:\/\/a-h-health.ch\/?s={search_term_string}"},"query-input":{"@type":"PropertyValueSpecification","valueRequired":true,"valueName":"search_term_string"}}],"inLanguage":"fr-FR"},{"@type":"Organization","@id":"https:\/\/a-h-health.ch\/#organization","name":"Ani\u00admal &amp; Human Health AG","url":"https:\/\/a-h-health.ch\/","logo":{"@type":"ImageObject","inLanguage":"fr-FR","@id":"https:\/\/a-h-health.ch\/#\/schema\/logo\/image\/","url":"https:\/\/a-h-health.ch\/wp-content\/uploads\/2020\/12\/Logo-animal-health.jpg","contentUrl":"https:\/\/a-h-health.ch\/wp-content\/uploads\/2020\/12\/Logo-animal-health.jpg","width":653,"height":56,"caption":"Animal & Human Health AG"},"image":{"@id":"https:\/\/a-h-health.ch\/#\/schema\/logo\/image\/"}}]}},"_links":{"self":[{"href":"https:\/\/a-h-health.ch\/fr\/wp-json\/wp\/v2\/product\/16451","targetHints":{"allow":["GET"]}}],"collection":[{"href":"https:\/\/a-h-health.ch\/fr\/wp-json\/wp\/v2\/product"}],"about":[{"href":"https:\/\/a-h-health.ch\/fr\/wp-json\/wp\/v2\/types\/product"}],"wp:featuredmedia":[{"embeddable":true,"href":"https:\/\/a-h-health.ch\/fr\/wp-json\/wp\/v2\/media\/16441"}],"wp:attachment":[{"href":"https:\/\/a-h-health.ch\/fr\/wp-json\/wp\/v2\/media?parent=16451"}],"wp:term":[{"taxonomy":"product_brand","embeddable":true,"href":"https:\/\/a-h-health.ch\/fr\/wp-json\/wp\/v2\/product_brand?post=16451"},{"taxonomy":"product_cat","embeddable":true,"href":"https:\/\/a-h-health.ch\/fr\/wp-json\/wp\/v2\/product_cat?post=16451"},{"taxonomy":"product_tag","embeddable":true,"href":"https:\/\/a-h-health.ch\/fr\/wp-json\/wp\/v2\/product_tag?post=16451"}],"curies":[{"name":"wp","href":"https:\/\/api.w.org\/{rel}","templated":true}]}}