{"id":16450,"date":"2024-12-30T11:26:27","date_gmt":"2024-12-30T10:26:27","guid":{"rendered":"https:\/\/a-h-health.ch\/?post_type=product&#038;p=16450"},"modified":"2026-04-13T16:27:23","modified_gmt":"2026-04-13T14:27:23","slug":"reptoboost-powder-100g","status":"publish","type":"product","link":"https:\/\/a-h-health.ch\/fr\/shop\/reptoboost-powder-100g\/","title":{"rendered":"Rep\u00adto\u00adboost Pow\u00adder,&nbsp;100g"},"content":{"rendered":"<p>Bois\u00adson \u00e9lec\u00adtro\u00adly\u00adtique, pro\u00adbio\u00adtique et \u00e9ner\u00adg\u00e9\u00adtique pour les ser\u00adpents, les l\u00e9zards et les tor\u00adtu\u00ades qui ont beso\u00adin d\u2019un remontant.<\/p>\n<p>Rep\u00adto\u00adboost est un m\u00e9lan\u00adge soi\u00adgneu\u00adse\u00adment dos\u00e9 de glu\u00adco\u00adse et de mal\u00adto\u00addex\u00adtri\u00adnes pour four\u00adnir de l\u2019\u00e9\u00adner\u00adgie, des \u00e9lec\u00adtro\u00adlytes et des pro\u00adbio\u00adti\u00adques pour aider les rep\u00adti\u00adles affaib\u00adlis \u00e0 se r\u00e9ta\u00adb\u00adlir. Rep\u00adto\u00adboost dans l\u2019eau de bois\u00adson four\u00adnit de l\u2019\u00e9\u00adner\u00adgie sup\u00adp\u00adl\u00e9\u00admen\u00adtai\u00adre aux ani\u00admaux qui sui\u00advent un trai\u00adte\u00adment v\u00e9t\u00e9\u00adri\u00adn\u00adaire ou aux tor\u00adtu\u00ades r\u00e9cem\u00adment r\u00e9veill\u00e9es.<\/p>","protected":false},"excerpt":{"rendered":"<p>Elektrolyt\u2011, pro\u00adbio\u00adti\u00adscher und Ener\u00adgie-Drink f\u00fcr Schlan\u00adgen, Eidech\u00adsen und Schild\u00adkr\u00f6\u00adten, die einen Mun\u00adter\u00adma\u00adcher brau\u00adchen. Rep\u00adto\u00adboost ist eine sorg\u00adf\u00e4l\u00adtig abge\u00adstimm\u00adte Mischung aus Glu\u00adko\u00adse und Mal\u00adto\u00addex\u00adtri\u00adnen zur Ener\u00adgie\u00adver\u00adsor\u00adgung, Elek\u00adtro\u00adly\u00adten und Pro\u00adbio\u00adti\u00adka, die geschw\u00e4ch\u00adten Rep\u00adti\u00adli\u00aden hel\u00adfen, sich wie\u00adder zu erho\u00adlen. Rep\u00adto\u00adboost im Trink\u00adwas\u00adser lie\u00adfert zus\u00e4tz\u00adli\u00adche Ener\u00adgie f\u00fcr Tie\u00adre, die sich in tier\u00ad\u00e4rzt\u00adli\u00adcher Behand\u00adlung befin\u00adden oder f\u00fcr k\u00fcrz\u00adlich auf\u00adge\u00adwach\u00adte Schildkr\u00f6ten.<\/p>","protected":false},"featured_media":16439,"template":"","meta":{"wp_typography_post_enhancements_disabled":false},"product_brand":[],"product_cat":[566,555,34,625],"product_tag":[574],"class_list":{"0":"post-16450","1":"product","2":"type-product","3":"status-publish","4":"has-post-thumbnail","6":"product_cat-andere-kleintiere","7":"product_cat-futtermittel","8":"product_cat-nahrungsergaenzung","9":"product_cat-vetark","10":"product_tag-futter-und-diverse","12":"first","13":"instock","14":"taxable","15":"shipping-taxable","16":"product-type-simple"},"yoast_head":"<!-- This site is optimized with the Yoast SEO plugin v27.4 - https:\/\/yoast.com\/product\/yoast-seo-wordpress\/ -->\n<title>Reptoboost Powder, 100g - Animal &amp; Human Health AG<\/title>\n<meta name=\"robots\" content=\"index, follow, max-snippet:-1, max-image-preview:large, max-video-preview:-1\" \/>\n<link rel=\"canonical\" href=\"https:\/\/a-h-health.ch\/fr\/shop\/reptoboost-powder-100g\/\" \/>\n<meta property=\"og:locale\" content=\"fr_FR\" \/>\n<meta property=\"og:type\" content=\"article\" \/>\n<meta property=\"og:title\" content=\"Reptoboost Powder, 100g - Animal &amp; Human Health AG\" \/>\n<meta property=\"og:description\" content=\"Elektrolyt-, probiotischer und Energie-Drink f\u00fcr Schlangen, Eidechsen und Schildkr\u00f6ten, die einen Muntermacher brauchen. Reptoboost ist eine sorgf\u00e4ltig abgestimmte Mischung aus Glukose und Maltodextrinen zur Energieversorgung, Elektrolyten und Probiotika, die geschw\u00e4chten Reptilien helfen, sich wieder zu erholen. Reptoboost im Trinkwasser liefert zus\u00e4tzliche Energie f\u00fcr Tiere, die sich in tier\u00e4rztlicher Behandlung befinden oder f\u00fcr k\u00fcrzlich aufgewachte Schildkr\u00f6ten.\" \/>\n<meta property=\"og:url\" content=\"https:\/\/a-h-health.ch\/fr\/shop\/reptoboost-powder-100g\/\" \/>\n<meta property=\"og:site_name\" content=\"Animal &amp; Human Health AG\" \/>\n<meta property=\"article:modified_time\" content=\"2026-04-13T14:27:23+00:00\" \/>\n<meta property=\"og:image\" content=\"https:\/\/a-h-health.ch\/wp-content\/uploads\/2024\/12\/reptoboost100gjpeg_large.jpg\" \/>\n\t<meta property=\"og:image:width\" content=\"1200\" \/>\n\t<meta property=\"og:image:height\" content=\"1200\" \/>\n\t<meta property=\"og:image:type\" content=\"image\/jpeg\" \/>\n<meta name=\"twitter:card\" content=\"summary_large_image\" \/>\n<meta name=\"twitter:label1\" content=\"Dur\u00e9e de lecture estim\u00e9e\" \/>\n\t<meta name=\"twitter:data1\" content=\"1 minute\" \/>\n<script type=\"application\/ld+json\" class=\"yoast-schema-graph\">{\"@context\":\"https:\\\/\\\/schema.org\",\"@graph\":[{\"@type\":\"WebPage\",\"@id\":\"https:\\\/\\\/a-h-health.ch\\\/shop\\\/reptoboost-powder-100g\\\/\",\"url\":\"https:\\\/\\\/a-h-health.ch\\\/shop\\\/reptoboost-powder-100g\\\/\",\"name\":\"Reptoboost Powder, 100g - Animal &amp; Human Health AG\",\"isPartOf\":{\"@id\":\"https:\\\/\\\/a-h-health.ch\\\/#website\"},\"primaryImageOfPage\":{\"@id\":\"https:\\\/\\\/a-h-health.ch\\\/shop\\\/reptoboost-powder-100g\\\/#primaryimage\"},\"image\":{\"@id\":\"https:\\\/\\\/a-h-health.ch\\\/shop\\\/reptoboost-powder-100g\\\/#primaryimage\"},\"thumbnailUrl\":\"https:\\\/\\\/a-h-health.ch\\\/wp-content\\\/uploads\\\/2024\\\/12\\\/reptoboost100gjpeg_large.jpg\",\"datePublished\":\"2024-12-30T10:26:27+00:00\",\"dateModified\":\"2026-04-13T14:27:23+00:00\",\"breadcrumb\":{\"@id\":\"https:\\\/\\\/a-h-health.ch\\\/shop\\\/reptoboost-powder-100g\\\/#breadcrumb\"},\"inLanguage\":\"fr-FR\",\"potentialAction\":[{\"@type\":\"ReadAction\",\"target\":[\"https:\\\/\\\/a-h-health.ch\\\/shop\\\/reptoboost-powder-100g\\\/\"]}]},{\"@type\":\"ImageObject\",\"inLanguage\":\"fr-FR\",\"@id\":\"https:\\\/\\\/a-h-health.ch\\\/shop\\\/reptoboost-powder-100g\\\/#primaryimage\",\"url\":\"https:\\\/\\\/a-h-health.ch\\\/wp-content\\\/uploads\\\/2024\\\/12\\\/reptoboost100gjpeg_large.jpg\",\"contentUrl\":\"https:\\\/\\\/a-h-health.ch\\\/wp-content\\\/uploads\\\/2024\\\/12\\\/reptoboost100gjpeg_large.jpg\",\"width\":1200,\"height\":1200},{\"@type\":\"BreadcrumbList\",\"@id\":\"https:\\\/\\\/a-h-health.ch\\\/shop\\\/reptoboost-powder-100g\\\/#breadcrumb\",\"itemListElement\":[{\"@type\":\"ListItem\",\"position\":1,\"name\":\"Startseite\",\"item\":\"https:\\\/\\\/a-h-health.ch\\\/\"},{\"@type\":\"ListItem\",\"position\":2,\"name\":\"Shop\",\"item\":\"https:\\\/\\\/a-h-health.ch\\\/shop\\\/\"},{\"@type\":\"ListItem\",\"position\":3,\"name\":\"Reptoboost Powder, 100g\"}]},{\"@type\":\"WebSite\",\"@id\":\"https:\\\/\\\/a-h-health.ch\\\/#website\",\"url\":\"https:\\\/\\\/a-h-health.ch\\\/\",\"name\":\"Animal and Human Health AG\",\"description\":\"Wir sind Ihre Ansprechpartner, wenn es um die professionelle Gesundheit und das Wohl ihres Tieres geht.\",\"publisher\":{\"@id\":\"https:\\\/\\\/a-h-health.ch\\\/#organization\"},\"alternateName\":\"a-h-health\",\"potentialAction\":[{\"@type\":\"SearchAction\",\"target\":{\"@type\":\"EntryPoint\",\"urlTemplate\":\"https:\\\/\\\/a-h-health.ch\\\/?s={search_term_string}\"},\"query-input\":{\"@type\":\"PropertyValueSpecification\",\"valueRequired\":true,\"valueName\":\"search_term_string\"}}],\"inLanguage\":\"fr-FR\"},{\"@type\":\"Organization\",\"@id\":\"https:\\\/\\\/a-h-health.ch\\\/#organization\",\"name\":\"Animal & Human Health AG\",\"url\":\"https:\\\/\\\/a-h-health.ch\\\/\",\"logo\":{\"@type\":\"ImageObject\",\"inLanguage\":\"fr-FR\",\"@id\":\"https:\\\/\\\/a-h-health.ch\\\/#\\\/schema\\\/logo\\\/image\\\/\",\"url\":\"https:\\\/\\\/a-h-health.ch\\\/wp-content\\\/uploads\\\/2020\\\/12\\\/Logo-animal-health.jpg\",\"contentUrl\":\"https:\\\/\\\/a-h-health.ch\\\/wp-content\\\/uploads\\\/2020\\\/12\\\/Logo-animal-health.jpg\",\"width\":653,\"height\":56,\"caption\":\"Animal & Human Health AG\"},\"image\":{\"@id\":\"https:\\\/\\\/a-h-health.ch\\\/#\\\/schema\\\/logo\\\/image\\\/\"}}]}<\/script>\n<!-- \/ Yoast SEO plugin. -->","yoast_head_json":{"title":"Rep\u00adto\u00adboost Pow\u00adder, 100g \u2013 Ani\u00admal &amp; Human Health AG","robots":{"index":"index","follow":"follow","max-snippet":"max-snippet:-1","max-image-preview":"max-image-preview:large","max-video-preview":"max-video-preview:-1"},"canonical":"https:\/\/a-h-health.ch\/fr\/shop\/reptoboost-powder-100g\/","og_locale":"fr_FR","og_type":"article","og_title":"Reptoboost Powder, 100g - Animal &amp; Human Health AG","og_description":"Elektrolyt-, probiotischer und Energie-Drink f\u00fcr Schlangen, Eidechsen und Schildkr\u00f6ten, die einen Muntermacher brauchen. Reptoboost ist eine sorgf\u00e4ltig abgestimmte Mischung aus Glukose und Maltodextrinen zur Energieversorgung, Elektrolyten und Probiotika, die geschw\u00e4chten Reptilien helfen, sich wieder zu erholen. Reptoboost im Trinkwasser liefert zus\u00e4tzliche Energie f\u00fcr Tiere, die sich in tier\u00e4rztlicher Behandlung befinden oder f\u00fcr k\u00fcrzlich aufgewachte Schildkr\u00f6ten.","og_url":"https:\/\/a-h-health.ch\/fr\/shop\/reptoboost-powder-100g\/","og_site_name":"Animal &amp; Human Health AG","article_modified_time":"2026-04-13T14:27:23+00:00","og_image":[{"width":1200,"height":1200,"url":"https:\/\/a-h-health.ch\/wp-content\/uploads\/2024\/12\/reptoboost100gjpeg_large.jpg","type":"image\/jpeg"}],"twitter_card":"summary_large_image","twitter_misc":{"Dur\u00e9e de lecture estim\u00e9e":"1 minute"},"schema":{"@context":"https:\/\/schema.org","@graph":[{"@type":"WebPage","@id":"https:\/\/a-h-health.ch\/shop\/reptoboost-powder-100g\/","url":"https:\/\/a-h-health.ch\/shop\/reptoboost-powder-100g\/","name":"Rep\u00adto\u00adboost Pow\u00adder, 100g \u2013 Ani\u00admal &amp; Human Health AG","isPartOf":{"@id":"https:\/\/a-h-health.ch\/#website"},"primaryImageOfPage":{"@id":"https:\/\/a-h-health.ch\/shop\/reptoboost-powder-100g\/#primaryimage"},"image":{"@id":"https:\/\/a-h-health.ch\/shop\/reptoboost-powder-100g\/#primaryimage"},"thumbnailUrl":"https:\/\/a-h-health.ch\/wp-content\/uploads\/2024\/12\/reptoboost100gjpeg_large.jpg","datePublished":"2024-12-30T10:26:27+00:00","dateModified":"2026-04-13T14:27:23+00:00","breadcrumb":{"@id":"https:\/\/a-h-health.ch\/shop\/reptoboost-powder-100g\/#breadcrumb"},"inLanguage":"fr-FR","potentialAction":[{"@type":"ReadAction","target":["https:\/\/a-h-health.ch\/shop\/reptoboost-powder-100g\/"]}]},{"@type":"ImageObject","inLanguage":"fr-FR","@id":"https:\/\/a-h-health.ch\/shop\/reptoboost-powder-100g\/#primaryimage","url":"https:\/\/a-h-health.ch\/wp-content\/uploads\/2024\/12\/reptoboost100gjpeg_large.jpg","contentUrl":"https:\/\/a-h-health.ch\/wp-content\/uploads\/2024\/12\/reptoboost100gjpeg_large.jpg","width":1200,"height":1200},{"@type":"BreadcrumbList","@id":"https:\/\/a-h-health.ch\/shop\/reptoboost-powder-100g\/#breadcrumb","itemListElement":[{"@type":"ListItem","position":1,"name":"Startseite","item":"https:\/\/a-h-health.ch\/"},{"@type":"ListItem","position":2,"name":"Shop","item":"https:\/\/a-h-health.ch\/shop\/"},{"@type":"ListItem","position":3,"name":"Reptoboost Powder, 100g"}]},{"@type":"WebSite","@id":"https:\/\/a-h-health.ch\/#website","url":"https:\/\/a-h-health.ch\/","name":"Ani\u00admal and Human Health AG","description":"Nous som\u00admes vos interlo\u00adcu\u00adteurs lorsqu\u2019il s\u2019a\u00adgit de la san\u00adt\u00e9 pro\u00adfes\u00adsi\u00adon\u00adnel\u00adle et du bien-\u00eatre de vot\u00adre animal.","publisher":{"@id":"https:\/\/a-h-health.ch\/#organization"},"alternateName":"a-h-health","potentialAction":[{"@type":"SearchAction","target":{"@type":"EntryPoint","urlTemplate":"https:\/\/a-h-health.ch\/?s={search_term_string}"},"query-input":{"@type":"PropertyValueSpecification","valueRequired":true,"valueName":"search_term_string"}}],"inLanguage":"fr-FR"},{"@type":"Organization","@id":"https:\/\/a-h-health.ch\/#organization","name":"Ani\u00admal &amp; Human Health AG","url":"https:\/\/a-h-health.ch\/","logo":{"@type":"ImageObject","inLanguage":"fr-FR","@id":"https:\/\/a-h-health.ch\/#\/schema\/logo\/image\/","url":"https:\/\/a-h-health.ch\/wp-content\/uploads\/2020\/12\/Logo-animal-health.jpg","contentUrl":"https:\/\/a-h-health.ch\/wp-content\/uploads\/2020\/12\/Logo-animal-health.jpg","width":653,"height":56,"caption":"Animal & Human Health AG"},"image":{"@id":"https:\/\/a-h-health.ch\/#\/schema\/logo\/image\/"}}]}},"_links":{"self":[{"href":"https:\/\/a-h-health.ch\/fr\/wp-json\/wp\/v2\/product\/16450","targetHints":{"allow":["GET"]}}],"collection":[{"href":"https:\/\/a-h-health.ch\/fr\/wp-json\/wp\/v2\/product"}],"about":[{"href":"https:\/\/a-h-health.ch\/fr\/wp-json\/wp\/v2\/types\/product"}],"wp:featuredmedia":[{"embeddable":true,"href":"https:\/\/a-h-health.ch\/fr\/wp-json\/wp\/v2\/media\/16439"}],"wp:attachment":[{"href":"https:\/\/a-h-health.ch\/fr\/wp-json\/wp\/v2\/media?parent=16450"}],"wp:term":[{"taxonomy":"product_brand","embeddable":true,"href":"https:\/\/a-h-health.ch\/fr\/wp-json\/wp\/v2\/product_brand?post=16450"},{"taxonomy":"product_cat","embeddable":true,"href":"https:\/\/a-h-health.ch\/fr\/wp-json\/wp\/v2\/product_cat?post=16450"},{"taxonomy":"product_tag","embeddable":true,"href":"https:\/\/a-h-health.ch\/fr\/wp-json\/wp\/v2\/product_tag?post=16450"}],"curies":[{"name":"wp","href":"https:\/\/api.w.org\/{rel}","templated":true}]}}