{"id":16448,"date":"2024-12-30T11:21:24","date_gmt":"2024-12-30T10:21:24","guid":{"rendered":"https:\/\/a-h-health.ch\/?post_type=product&#038;p=16448"},"modified":"2026-01-21T17:33:26","modified_gmt":"2026-01-21T16:33:26","slug":"pro-c-professional-powder-100g","status":"publish","type":"product","link":"https:\/\/a-h-health.ch\/fr\/shop\/pro-c-professional-powder-100g\/","title":{"rendered":"Poud\u00adre Pro\u2011C Pro\u00adfes\u00adsio\u00adnal,&nbsp;100g"},"content":{"rendered":"<p>Pr\u00e9\u00adbio\u00adtique et pro\u00adbio\u00adtique avec vit\u00adami\u00adne C et glu\u00adco\u00adse pour les lapins et les petits mam\u00admi\u00adf\u00e8\u00adres. La con\u00adcen\u00adtra\u00adti\u00adon accrue est sp\u00e9\u00adcia\u00adle\u00adment con\u00ad\u00e7ue pour \u00eatre uti\u00adli\u00ads\u00e9e dans les cas extr\u00ea\u00admes qui n\u00e9ces\u00adsi\u00adtent un sou\u00adti\u00aden dige\u00adstif. Il s\u2019a\u00adgit d\u2019un m\u00e9lan\u00adge com\u00adplet de fibres solu\u00adbles pro\u00adbio\u00adti\u00adques et pr\u00e9\u00adbio\u00adti\u00adques, enri\u00adchi de vit\u00adami\u00adne C et d\u2019\u00e9lec\u00adtro\u00adlytes. Gr\u00e2\u00adce \u00e0 sa hau\u00adte app\u00e9\u00adtence, il peut \u00eatre ajou\u00adt\u00e9 \u00e0 l\u2019eau de bois\u00adson ou sau\u00adpou\u00addr\u00e9 sur la nourriture.<\/p>","protected":false},"excerpt":{"rendered":"<p>Pr\u00e4biotikum und Probiotikum mit Vitamin C und Glukose f\u00fcr Kaninchen und kleine S\u00e4ugetiere. Die erh\u00f6hten Konzentration ist speziell f\u00fcr den Einsatz in extremen F\u00e4llen, die eine Unterst\u00fctzung der Verdauung erfordern. Es handelt sich um eine vollst\u00e4ndige Mischung aus probiotischen und pr\u00e4biotischen l\u00f6slichen Ballaststoffen, angereichert mit Vitamin C und Elektrolyten. Dank seiner hohen Schmackhaftigkeit kann es [&hellip;]<\/p>\n","protected":false},"featured_media":16436,"template":"","meta":{"wp_typography_post_enhancements_disabled":false},"product_brand":[],"product_cat":[566,555,34,625],"product_tag":[574],"class_list":{"0":"post-16448","1":"product","2":"type-product","3":"status-publish","4":"has-post-thumbnail","6":"product_cat-andere-kleintiere","7":"product_cat-futtermittel","8":"product_cat-nahrungsergaenzung","9":"product_cat-vetark","10":"product_tag-futter-und-diverse","12":"first","13":"instock","14":"taxable","15":"shipping-taxable","16":"product-type-simple"},"yoast_head":"<!-- This site is optimized with the Yoast SEO plugin v27.4 - https:\/\/yoast.com\/product\/yoast-seo-wordpress\/ -->\n<title>Pro-C Professional Powder, 100g - Animal &amp; Human Health AG<\/title>\n<meta name=\"robots\" content=\"index, follow, max-snippet:-1, max-image-preview:large, max-video-preview:-1\" \/>\n<link rel=\"canonical\" href=\"https:\/\/a-h-health.ch\/fr\/shop\/pro-c-professional-powder-100g\/\" \/>\n<meta property=\"og:locale\" content=\"fr_FR\" \/>\n<meta property=\"og:type\" content=\"article\" \/>\n<meta property=\"og:title\" content=\"Pro-C Professional Powder, 100g - Animal &amp; Human Health AG\" \/>\n<meta property=\"og:description\" content=\"Pr\u00e4biotikum und Probiotikum mit Vitamin C und Glukose f\u00fcr Kaninchen und kleine S\u00e4ugetiere. Die erh\u00f6hten Konzentration ist speziell f\u00fcr den Einsatz in extremen F\u00e4llen, die eine Unterst\u00fctzung der Verdauung erfordern. Es handelt sich um eine vollst\u00e4ndige Mischung aus probiotischen und pr\u00e4biotischen l\u00f6slichen Ballaststoffen, angereichert mit Vitamin C und Elektrolyten. Dank seiner hohen Schmackhaftigkeit kann es [&hellip;]\" \/>\n<meta property=\"og:url\" content=\"https:\/\/a-h-health.ch\/fr\/shop\/pro-c-professional-powder-100g\/\" \/>\n<meta property=\"og:site_name\" content=\"Animal &amp; Human Health AG\" \/>\n<meta property=\"article:modified_time\" content=\"2026-01-21T16:33:26+00:00\" \/>\n<meta property=\"og:image\" content=\"https:\/\/a-h-health.ch\/wp-content\/uploads\/2024\/12\/PRO-C-PROFESSIONAL-100G-JPEG.jpg\" \/>\n\t<meta property=\"og:image:width\" content=\"1000\" \/>\n\t<meta property=\"og:image:height\" content=\"1000\" \/>\n\t<meta property=\"og:image:type\" content=\"image\/jpeg\" \/>\n<meta name=\"twitter:card\" content=\"summary_large_image\" \/>\n<meta name=\"twitter:label1\" content=\"Dur\u00e9e de lecture estim\u00e9e\" \/>\n\t<meta name=\"twitter:data1\" content=\"1 minute\" \/>\n<script type=\"application\/ld+json\" class=\"yoast-schema-graph\">{\"@context\":\"https:\\\/\\\/schema.org\",\"@graph\":[{\"@type\":\"WebPage\",\"@id\":\"https:\\\/\\\/a-h-health.ch\\\/shop\\\/pro-c-professional-powder-100g\\\/\",\"url\":\"https:\\\/\\\/a-h-health.ch\\\/shop\\\/pro-c-professional-powder-100g\\\/\",\"name\":\"Pro-C Professional Powder, 100g - Animal &amp; Human Health AG\",\"isPartOf\":{\"@id\":\"https:\\\/\\\/a-h-health.ch\\\/#website\"},\"primaryImageOfPage\":{\"@id\":\"https:\\\/\\\/a-h-health.ch\\\/shop\\\/pro-c-professional-powder-100g\\\/#primaryimage\"},\"image\":{\"@id\":\"https:\\\/\\\/a-h-health.ch\\\/shop\\\/pro-c-professional-powder-100g\\\/#primaryimage\"},\"thumbnailUrl\":\"https:\\\/\\\/a-h-health.ch\\\/wp-content\\\/uploads\\\/2024\\\/12\\\/PRO-C-PROFESSIONAL-100G-JPEG.jpg\",\"datePublished\":\"2024-12-30T10:21:24+00:00\",\"dateModified\":\"2026-01-21T16:33:26+00:00\",\"breadcrumb\":{\"@id\":\"https:\\\/\\\/a-h-health.ch\\\/shop\\\/pro-c-professional-powder-100g\\\/#breadcrumb\"},\"inLanguage\":\"fr-FR\",\"potentialAction\":[{\"@type\":\"ReadAction\",\"target\":[\"https:\\\/\\\/a-h-health.ch\\\/shop\\\/pro-c-professional-powder-100g\\\/\"]}]},{\"@type\":\"ImageObject\",\"inLanguage\":\"fr-FR\",\"@id\":\"https:\\\/\\\/a-h-health.ch\\\/shop\\\/pro-c-professional-powder-100g\\\/#primaryimage\",\"url\":\"https:\\\/\\\/a-h-health.ch\\\/wp-content\\\/uploads\\\/2024\\\/12\\\/PRO-C-PROFESSIONAL-100G-JPEG.jpg\",\"contentUrl\":\"https:\\\/\\\/a-h-health.ch\\\/wp-content\\\/uploads\\\/2024\\\/12\\\/PRO-C-PROFESSIONAL-100G-JPEG.jpg\",\"width\":1000,\"height\":1000},{\"@type\":\"BreadcrumbList\",\"@id\":\"https:\\\/\\\/a-h-health.ch\\\/shop\\\/pro-c-professional-powder-100g\\\/#breadcrumb\",\"itemListElement\":[{\"@type\":\"ListItem\",\"position\":1,\"name\":\"Startseite\",\"item\":\"https:\\\/\\\/a-h-health.ch\\\/\"},{\"@type\":\"ListItem\",\"position\":2,\"name\":\"Shop\",\"item\":\"https:\\\/\\\/a-h-health.ch\\\/shop\\\/\"},{\"@type\":\"ListItem\",\"position\":3,\"name\":\"Pro-C Professional Powder, 100g\"}]},{\"@type\":\"WebSite\",\"@id\":\"https:\\\/\\\/a-h-health.ch\\\/#website\",\"url\":\"https:\\\/\\\/a-h-health.ch\\\/\",\"name\":\"Animal and Human Health AG\",\"description\":\"Wir sind Ihre Ansprechpartner, wenn es um die professionelle Gesundheit und das Wohl ihres Tieres geht.\",\"publisher\":{\"@id\":\"https:\\\/\\\/a-h-health.ch\\\/#organization\"},\"alternateName\":\"a-h-health\",\"potentialAction\":[{\"@type\":\"SearchAction\",\"target\":{\"@type\":\"EntryPoint\",\"urlTemplate\":\"https:\\\/\\\/a-h-health.ch\\\/?s={search_term_string}\"},\"query-input\":{\"@type\":\"PropertyValueSpecification\",\"valueRequired\":true,\"valueName\":\"search_term_string\"}}],\"inLanguage\":\"fr-FR\"},{\"@type\":\"Organization\",\"@id\":\"https:\\\/\\\/a-h-health.ch\\\/#organization\",\"name\":\"Animal & Human Health AG\",\"url\":\"https:\\\/\\\/a-h-health.ch\\\/\",\"logo\":{\"@type\":\"ImageObject\",\"inLanguage\":\"fr-FR\",\"@id\":\"https:\\\/\\\/a-h-health.ch\\\/#\\\/schema\\\/logo\\\/image\\\/\",\"url\":\"https:\\\/\\\/a-h-health.ch\\\/wp-content\\\/uploads\\\/2020\\\/12\\\/Logo-animal-health.jpg\",\"contentUrl\":\"https:\\\/\\\/a-h-health.ch\\\/wp-content\\\/uploads\\\/2020\\\/12\\\/Logo-animal-health.jpg\",\"width\":653,\"height\":56,\"caption\":\"Animal & Human Health AG\"},\"image\":{\"@id\":\"https:\\\/\\\/a-h-health.ch\\\/#\\\/schema\\\/logo\\\/image\\\/\"}}]}<\/script>\n<!-- \/ Yoast SEO plugin. -->","yoast_head_json":{"title":"Pro\u2011C Pro\u00adfes\u00adsio\u00adnal Pow\u00adder, 100g \u2013 Ani\u00admal &amp; Human Health AG","robots":{"index":"index","follow":"follow","max-snippet":"max-snippet:-1","max-image-preview":"max-image-preview:large","max-video-preview":"max-video-preview:-1"},"canonical":"https:\/\/a-h-health.ch\/fr\/shop\/pro-c-professional-powder-100g\/","og_locale":"fr_FR","og_type":"article","og_title":"Pro-C Professional Powder, 100g - Animal &amp; Human Health AG","og_description":"Pr\u00e4biotikum und Probiotikum mit Vitamin C und Glukose f\u00fcr Kaninchen und kleine S\u00e4ugetiere. Die erh\u00f6hten Konzentration ist speziell f\u00fcr den Einsatz in extremen F\u00e4llen, die eine Unterst\u00fctzung der Verdauung erfordern. Es handelt sich um eine vollst\u00e4ndige Mischung aus probiotischen und pr\u00e4biotischen l\u00f6slichen Ballaststoffen, angereichert mit Vitamin C und Elektrolyten. Dank seiner hohen Schmackhaftigkeit kann es [&hellip;]","og_url":"https:\/\/a-h-health.ch\/fr\/shop\/pro-c-professional-powder-100g\/","og_site_name":"Animal &amp; Human Health AG","article_modified_time":"2026-01-21T16:33:26+00:00","og_image":[{"width":1000,"height":1000,"url":"https:\/\/a-h-health.ch\/wp-content\/uploads\/2024\/12\/PRO-C-PROFESSIONAL-100G-JPEG.jpg","type":"image\/jpeg"}],"twitter_card":"summary_large_image","twitter_misc":{"Dur\u00e9e de lecture estim\u00e9e":"1 minute"},"schema":{"@context":"https:\/\/schema.org","@graph":[{"@type":"WebPage","@id":"https:\/\/a-h-health.ch\/shop\/pro-c-professional-powder-100g\/","url":"https:\/\/a-h-health.ch\/shop\/pro-c-professional-powder-100g\/","name":"Pro\u2011C Pro\u00adfes\u00adsio\u00adnal Pow\u00adder, 100g \u2013 Ani\u00admal &amp; Human Health AG","isPartOf":{"@id":"https:\/\/a-h-health.ch\/#website"},"primaryImageOfPage":{"@id":"https:\/\/a-h-health.ch\/shop\/pro-c-professional-powder-100g\/#primaryimage"},"image":{"@id":"https:\/\/a-h-health.ch\/shop\/pro-c-professional-powder-100g\/#primaryimage"},"thumbnailUrl":"https:\/\/a-h-health.ch\/wp-content\/uploads\/2024\/12\/PRO-C-PROFESSIONAL-100G-JPEG.jpg","datePublished":"2024-12-30T10:21:24+00:00","dateModified":"2026-01-21T16:33:26+00:00","breadcrumb":{"@id":"https:\/\/a-h-health.ch\/shop\/pro-c-professional-powder-100g\/#breadcrumb"},"inLanguage":"fr-FR","potentialAction":[{"@type":"ReadAction","target":["https:\/\/a-h-health.ch\/shop\/pro-c-professional-powder-100g\/"]}]},{"@type":"ImageObject","inLanguage":"fr-FR","@id":"https:\/\/a-h-health.ch\/shop\/pro-c-professional-powder-100g\/#primaryimage","url":"https:\/\/a-h-health.ch\/wp-content\/uploads\/2024\/12\/PRO-C-PROFESSIONAL-100G-JPEG.jpg","contentUrl":"https:\/\/a-h-health.ch\/wp-content\/uploads\/2024\/12\/PRO-C-PROFESSIONAL-100G-JPEG.jpg","width":1000,"height":1000},{"@type":"BreadcrumbList","@id":"https:\/\/a-h-health.ch\/shop\/pro-c-professional-powder-100g\/#breadcrumb","itemListElement":[{"@type":"ListItem","position":1,"name":"Startseite","item":"https:\/\/a-h-health.ch\/"},{"@type":"ListItem","position":2,"name":"Shop","item":"https:\/\/a-h-health.ch\/shop\/"},{"@type":"ListItem","position":3,"name":"Pro-C Professional Powder, 100g"}]},{"@type":"WebSite","@id":"https:\/\/a-h-health.ch\/#website","url":"https:\/\/a-h-health.ch\/","name":"Ani\u00admal and Human Health AG","description":"Nous som\u00admes vos interlo\u00adcu\u00adteurs lorsqu\u2019il s\u2019a\u00adgit de la san\u00adt\u00e9 pro\u00adfes\u00adsi\u00adon\u00adnel\u00adle et du bien-\u00eatre de vot\u00adre animal.","publisher":{"@id":"https:\/\/a-h-health.ch\/#organization"},"alternateName":"a-h-health","potentialAction":[{"@type":"SearchAction","target":{"@type":"EntryPoint","urlTemplate":"https:\/\/a-h-health.ch\/?s={search_term_string}"},"query-input":{"@type":"PropertyValueSpecification","valueRequired":true,"valueName":"search_term_string"}}],"inLanguage":"fr-FR"},{"@type":"Organization","@id":"https:\/\/a-h-health.ch\/#organization","name":"Ani\u00admal &amp; Human Health AG","url":"https:\/\/a-h-health.ch\/","logo":{"@type":"ImageObject","inLanguage":"fr-FR","@id":"https:\/\/a-h-health.ch\/#\/schema\/logo\/image\/","url":"https:\/\/a-h-health.ch\/wp-content\/uploads\/2020\/12\/Logo-animal-health.jpg","contentUrl":"https:\/\/a-h-health.ch\/wp-content\/uploads\/2020\/12\/Logo-animal-health.jpg","width":653,"height":56,"caption":"Animal & Human Health AG"},"image":{"@id":"https:\/\/a-h-health.ch\/#\/schema\/logo\/image\/"}}]}},"_links":{"self":[{"href":"https:\/\/a-h-health.ch\/fr\/wp-json\/wp\/v2\/product\/16448","targetHints":{"allow":["GET"]}}],"collection":[{"href":"https:\/\/a-h-health.ch\/fr\/wp-json\/wp\/v2\/product"}],"about":[{"href":"https:\/\/a-h-health.ch\/fr\/wp-json\/wp\/v2\/types\/product"}],"wp:featuredmedia":[{"embeddable":true,"href":"https:\/\/a-h-health.ch\/fr\/wp-json\/wp\/v2\/media\/16436"}],"wp:attachment":[{"href":"https:\/\/a-h-health.ch\/fr\/wp-json\/wp\/v2\/media?parent=16448"}],"wp:term":[{"taxonomy":"product_brand","embeddable":true,"href":"https:\/\/a-h-health.ch\/fr\/wp-json\/wp\/v2\/product_brand?post=16448"},{"taxonomy":"product_cat","embeddable":true,"href":"https:\/\/a-h-health.ch\/fr\/wp-json\/wp\/v2\/product_cat?post=16448"},{"taxonomy":"product_tag","embeddable":true,"href":"https:\/\/a-h-health.ch\/fr\/wp-json\/wp\/v2\/product_tag?post=16448"}],"curies":[{"name":"wp","href":"https:\/\/api.w.org\/{rel}","templated":true}]}}