{"id":16444,"date":"2024-12-30T11:09:51","date_gmt":"2024-12-30T10:09:51","guid":{"rendered":"https:\/\/a-h-health.ch\/?post_type=product&#038;p=16444"},"modified":"2026-03-25T14:35:13","modified_gmt":"2026-03-25T13:35:13","slug":"critical-care-formula-150-g","status":"publish","type":"product","link":"https:\/\/a-h-health.ch\/fr\/shop\/critical-care-formula-150-g\/","title":{"rendered":"Cri\u00adti\u00adcal Care For\u00admu\u00adla, 150&nbsp;g"},"content":{"rendered":"<p>Com\u00adpl\u00e9\u00adment ali\u00admen\u00adtai\u00adre en cas de per\u00adte d\u2019ap\u00adp\u00e9\u00adtit, m\u00e9lan\u00adge uni\u00adque de glu\u00adco\u00adse \u00e9ner\u00adg\u00e9\u00adtique pour l\u2019a\u00adli\u00admen\u00adta\u00adti\u00adon d\u2019urgence.<\/p>\n<p>CCF Cri\u00adti\u00adcal Care For\u00admu\u00adla a \u00e9t\u00e9 d\u00e9ve\u00adlo\u00adp\u00adp\u00e9 pour appor\u00adter un sou\u00adti\u00aden nut\u00adri\u00adti\u00adon\u00adnel aux oise\u00adaux, rep\u00adti\u00adles et mam\u00admi\u00adf\u00e8\u00adres dont le m\u00e9ta\u00adbo\u00adlis\u00adme peut \u00eatre per\u00adtur\u00adb\u00e9, par exemp\u00adle en cas de man\u00adqu\u00e9 d\u2019ap\u00adp\u00e9\u00adtit, de mal\u00adnu\u00adtri\u00adti\u00adon, apr\u00e8s une op\u00e9\u00adra\u00adti\u00adon ou pen\u00addant la convalescence.<\/p>","protected":false},"excerpt":{"rendered":"<p>Nah\u00adrungs\u00ader\u00adg\u00e4n\u00adzung bei Appe\u00adtit\u00adlo\u00adsig\u00adkeit, ein\u00adzig\u00adar\u00adti\u00adge Mischung aus ener\u00adgie\u00adlie\u00adfern\u00addem Glu\u00adko\u00adse f\u00fcr die Not\u00adf\u00fct\u00adte\u00adrung. CCF Cri\u00adti\u00adcal Care For\u00admu\u00adla wur\u00adde zur ern\u00e4h\u00adrungs\u00adphy\u00adsio\u00adlo\u00adgi\u00adschen Unter\u00adst\u00fct\u00adzung von V\u00f6geln, Rep\u00adti\u00adli\u00aden und S\u00e4u\u00adge\u00adtie\u00adren ent\u00adwickelt, deren Stoff\u00adwech\u00adsel gest\u00f6rt sein kann, bei\u00adspiels\u00adwei\u00adse bei Appe\u00adtit\u00adlo\u00adsig\u00adkeit, Unter\u00adern\u00e4h\u00adrung, nach Ope\u00adra\u00adtio\u00adnen oder w\u00e4h\u00adrend der Genesung.<\/p>","protected":false},"featured_media":16432,"template":"","meta":{"wp_typography_post_enhancements_disabled":false},"product_brand":[],"product_cat":[566,555,34,625],"product_tag":[574],"class_list":{"0":"post-16444","1":"product","2":"type-product","3":"status-publish","4":"has-post-thumbnail","6":"product_cat-andere-kleintiere","7":"product_cat-futtermittel","8":"product_cat-nahrungsergaenzung","9":"product_cat-vetark","10":"product_tag-futter-und-diverse","12":"first","13":"instock","14":"taxable","15":"shipping-taxable","16":"product-type-simple"},"yoast_head":"<!-- This site is optimized with the Yoast SEO plugin v27.4 - https:\/\/yoast.com\/product\/yoast-seo-wordpress\/ -->\n<title>Critical Care Formula, 150 g - Animal &amp; Human Health AG<\/title>\n<meta name=\"robots\" content=\"index, follow, max-snippet:-1, max-image-preview:large, max-video-preview:-1\" \/>\n<link rel=\"canonical\" href=\"https:\/\/a-h-health.ch\/fr\/shop\/critical-care-formula-150-g\/\" \/>\n<meta property=\"og:locale\" content=\"fr_FR\" \/>\n<meta property=\"og:type\" content=\"article\" \/>\n<meta property=\"og:title\" content=\"Critical Care Formula, 150 g - Animal &amp; Human Health AG\" \/>\n<meta property=\"og:description\" content=\"Nahrungserg\u00e4nzung bei Appetitlosigkeit, einzigartige Mischung aus energielieferndem Glukose f\u00fcr die Notf\u00fctterung. CCF Critical Care Formula wurde zur ern\u00e4hrungsphysiologischen Unterst\u00fctzung von V\u00f6geln, Reptilien und S\u00e4ugetieren entwickelt, deren Stoffwechsel gest\u00f6rt sein kann, beispielsweise bei Appetitlosigkeit, Unterern\u00e4hrung, nach Operationen oder w\u00e4hrend der Genesung.\" \/>\n<meta property=\"og:url\" content=\"https:\/\/a-h-health.ch\/fr\/shop\/critical-care-formula-150-g\/\" \/>\n<meta property=\"og:site_name\" content=\"Animal &amp; Human Health AG\" \/>\n<meta property=\"article:modified_time\" content=\"2026-03-25T13:35:13+00:00\" \/>\n<meta property=\"og:image\" content=\"https:\/\/a-h-health.ch\/wp-content\/uploads\/2024\/12\/ccf150g500gjpeg_large-e1735553477617.jpg\" \/>\n\t<meta property=\"og:image:width\" content=\"842\" \/>\n\t<meta property=\"og:image:height\" content=\"840\" \/>\n\t<meta property=\"og:image:type\" content=\"image\/jpeg\" \/>\n<meta name=\"twitter:card\" content=\"summary_large_image\" \/>\n<meta name=\"twitter:label1\" content=\"Dur\u00e9e de lecture estim\u00e9e\" \/>\n\t<meta name=\"twitter:data1\" content=\"1 minute\" \/>\n<script type=\"application\/ld+json\" class=\"yoast-schema-graph\">{\"@context\":\"https:\\\/\\\/schema.org\",\"@graph\":[{\"@type\":\"WebPage\",\"@id\":\"https:\\\/\\\/a-h-health.ch\\\/shop\\\/critical-care-formula-150-g\\\/\",\"url\":\"https:\\\/\\\/a-h-health.ch\\\/shop\\\/critical-care-formula-150-g\\\/\",\"name\":\"Critical Care Formula, 150 g - Animal &amp; Human Health AG\",\"isPartOf\":{\"@id\":\"https:\\\/\\\/a-h-health.ch\\\/#website\"},\"primaryImageOfPage\":{\"@id\":\"https:\\\/\\\/a-h-health.ch\\\/shop\\\/critical-care-formula-150-g\\\/#primaryimage\"},\"image\":{\"@id\":\"https:\\\/\\\/a-h-health.ch\\\/shop\\\/critical-care-formula-150-g\\\/#primaryimage\"},\"thumbnailUrl\":\"https:\\\/\\\/a-h-health.ch\\\/wp-content\\\/uploads\\\/2024\\\/12\\\/ccf150g500gjpeg_large-e1735553477617.jpg\",\"datePublished\":\"2024-12-30T10:09:51+00:00\",\"dateModified\":\"2026-03-25T13:35:13+00:00\",\"breadcrumb\":{\"@id\":\"https:\\\/\\\/a-h-health.ch\\\/shop\\\/critical-care-formula-150-g\\\/#breadcrumb\"},\"inLanguage\":\"fr-FR\",\"potentialAction\":[{\"@type\":\"ReadAction\",\"target\":[\"https:\\\/\\\/a-h-health.ch\\\/shop\\\/critical-care-formula-150-g\\\/\"]}]},{\"@type\":\"ImageObject\",\"inLanguage\":\"fr-FR\",\"@id\":\"https:\\\/\\\/a-h-health.ch\\\/shop\\\/critical-care-formula-150-g\\\/#primaryimage\",\"url\":\"https:\\\/\\\/a-h-health.ch\\\/wp-content\\\/uploads\\\/2024\\\/12\\\/ccf150g500gjpeg_large-e1735553477617.jpg\",\"contentUrl\":\"https:\\\/\\\/a-h-health.ch\\\/wp-content\\\/uploads\\\/2024\\\/12\\\/ccf150g500gjpeg_large-e1735553477617.jpg\",\"width\":842,\"height\":840},{\"@type\":\"BreadcrumbList\",\"@id\":\"https:\\\/\\\/a-h-health.ch\\\/shop\\\/critical-care-formula-150-g\\\/#breadcrumb\",\"itemListElement\":[{\"@type\":\"ListItem\",\"position\":1,\"name\":\"Startseite\",\"item\":\"https:\\\/\\\/a-h-health.ch\\\/\"},{\"@type\":\"ListItem\",\"position\":2,\"name\":\"Shop\",\"item\":\"https:\\\/\\\/a-h-health.ch\\\/shop\\\/\"},{\"@type\":\"ListItem\",\"position\":3,\"name\":\"Critical Care Formula, 150 g\"}]},{\"@type\":\"WebSite\",\"@id\":\"https:\\\/\\\/a-h-health.ch\\\/#website\",\"url\":\"https:\\\/\\\/a-h-health.ch\\\/\",\"name\":\"Animal and Human Health AG\",\"description\":\"Wir sind Ihre Ansprechpartner, wenn es um die professionelle Gesundheit und das Wohl ihres Tieres geht.\",\"publisher\":{\"@id\":\"https:\\\/\\\/a-h-health.ch\\\/#organization\"},\"alternateName\":\"a-h-health\",\"potentialAction\":[{\"@type\":\"SearchAction\",\"target\":{\"@type\":\"EntryPoint\",\"urlTemplate\":\"https:\\\/\\\/a-h-health.ch\\\/?s={search_term_string}\"},\"query-input\":{\"@type\":\"PropertyValueSpecification\",\"valueRequired\":true,\"valueName\":\"search_term_string\"}}],\"inLanguage\":\"fr-FR\"},{\"@type\":\"Organization\",\"@id\":\"https:\\\/\\\/a-h-health.ch\\\/#organization\",\"name\":\"Animal & Human Health AG\",\"url\":\"https:\\\/\\\/a-h-health.ch\\\/\",\"logo\":{\"@type\":\"ImageObject\",\"inLanguage\":\"fr-FR\",\"@id\":\"https:\\\/\\\/a-h-health.ch\\\/#\\\/schema\\\/logo\\\/image\\\/\",\"url\":\"https:\\\/\\\/a-h-health.ch\\\/wp-content\\\/uploads\\\/2020\\\/12\\\/Logo-animal-health.jpg\",\"contentUrl\":\"https:\\\/\\\/a-h-health.ch\\\/wp-content\\\/uploads\\\/2020\\\/12\\\/Logo-animal-health.jpg\",\"width\":653,\"height\":56,\"caption\":\"Animal & Human Health AG\"},\"image\":{\"@id\":\"https:\\\/\\\/a-h-health.ch\\\/#\\\/schema\\\/logo\\\/image\\\/\"}}]}<\/script>\n<!-- \/ Yoast SEO plugin. -->","yoast_head_json":{"title":"Cri\u00adti\u00adcal Care For\u00admu\u00adla, 150 g \u2013 Ani\u00admal &amp; Human Health AG","robots":{"index":"index","follow":"follow","max-snippet":"max-snippet:-1","max-image-preview":"max-image-preview:large","max-video-preview":"max-video-preview:-1"},"canonical":"https:\/\/a-h-health.ch\/fr\/shop\/critical-care-formula-150-g\/","og_locale":"fr_FR","og_type":"article","og_title":"Critical Care Formula, 150 g - Animal &amp; Human Health AG","og_description":"Nahrungserg\u00e4nzung bei Appetitlosigkeit, einzigartige Mischung aus energielieferndem Glukose f\u00fcr die Notf\u00fctterung. CCF Critical Care Formula wurde zur ern\u00e4hrungsphysiologischen Unterst\u00fctzung von V\u00f6geln, Reptilien und S\u00e4ugetieren entwickelt, deren Stoffwechsel gest\u00f6rt sein kann, beispielsweise bei Appetitlosigkeit, Unterern\u00e4hrung, nach Operationen oder w\u00e4hrend der Genesung.","og_url":"https:\/\/a-h-health.ch\/fr\/shop\/critical-care-formula-150-g\/","og_site_name":"Animal &amp; Human Health AG","article_modified_time":"2026-03-25T13:35:13+00:00","og_image":[{"width":842,"height":840,"url":"https:\/\/a-h-health.ch\/wp-content\/uploads\/2024\/12\/ccf150g500gjpeg_large-e1735553477617.jpg","type":"image\/jpeg"}],"twitter_card":"summary_large_image","twitter_misc":{"Dur\u00e9e de lecture estim\u00e9e":"1 minute"},"schema":{"@context":"https:\/\/schema.org","@graph":[{"@type":"WebPage","@id":"https:\/\/a-h-health.ch\/shop\/critical-care-formula-150-g\/","url":"https:\/\/a-h-health.ch\/shop\/critical-care-formula-150-g\/","name":"Cri\u00adti\u00adcal Care For\u00admu\u00adla, 150 g \u2013 Ani\u00admal &amp; Human Health AG","isPartOf":{"@id":"https:\/\/a-h-health.ch\/#website"},"primaryImageOfPage":{"@id":"https:\/\/a-h-health.ch\/shop\/critical-care-formula-150-g\/#primaryimage"},"image":{"@id":"https:\/\/a-h-health.ch\/shop\/critical-care-formula-150-g\/#primaryimage"},"thumbnailUrl":"https:\/\/a-h-health.ch\/wp-content\/uploads\/2024\/12\/ccf150g500gjpeg_large-e1735553477617.jpg","datePublished":"2024-12-30T10:09:51+00:00","dateModified":"2026-03-25T13:35:13+00:00","breadcrumb":{"@id":"https:\/\/a-h-health.ch\/shop\/critical-care-formula-150-g\/#breadcrumb"},"inLanguage":"fr-FR","potentialAction":[{"@type":"ReadAction","target":["https:\/\/a-h-health.ch\/shop\/critical-care-formula-150-g\/"]}]},{"@type":"ImageObject","inLanguage":"fr-FR","@id":"https:\/\/a-h-health.ch\/shop\/critical-care-formula-150-g\/#primaryimage","url":"https:\/\/a-h-health.ch\/wp-content\/uploads\/2024\/12\/ccf150g500gjpeg_large-e1735553477617.jpg","contentUrl":"https:\/\/a-h-health.ch\/wp-content\/uploads\/2024\/12\/ccf150g500gjpeg_large-e1735553477617.jpg","width":842,"height":840},{"@type":"BreadcrumbList","@id":"https:\/\/a-h-health.ch\/shop\/critical-care-formula-150-g\/#breadcrumb","itemListElement":[{"@type":"ListItem","position":1,"name":"Startseite","item":"https:\/\/a-h-health.ch\/"},{"@type":"ListItem","position":2,"name":"Shop","item":"https:\/\/a-h-health.ch\/shop\/"},{"@type":"ListItem","position":3,"name":"Critical Care Formula, 150 g"}]},{"@type":"WebSite","@id":"https:\/\/a-h-health.ch\/#website","url":"https:\/\/a-h-health.ch\/","name":"Ani\u00admal and Human Health AG","description":"Nous som\u00admes vos interlo\u00adcu\u00adteurs lorsqu\u2019il s\u2019a\u00adgit de la san\u00adt\u00e9 pro\u00adfes\u00adsi\u00adon\u00adnel\u00adle et du bien-\u00eatre de vot\u00adre animal.","publisher":{"@id":"https:\/\/a-h-health.ch\/#organization"},"alternateName":"a-h-health","potentialAction":[{"@type":"SearchAction","target":{"@type":"EntryPoint","urlTemplate":"https:\/\/a-h-health.ch\/?s={search_term_string}"},"query-input":{"@type":"PropertyValueSpecification","valueRequired":true,"valueName":"search_term_string"}}],"inLanguage":"fr-FR"},{"@type":"Organization","@id":"https:\/\/a-h-health.ch\/#organization","name":"Ani\u00admal &amp; Human Health AG","url":"https:\/\/a-h-health.ch\/","logo":{"@type":"ImageObject","inLanguage":"fr-FR","@id":"https:\/\/a-h-health.ch\/#\/schema\/logo\/image\/","url":"https:\/\/a-h-health.ch\/wp-content\/uploads\/2020\/12\/Logo-animal-health.jpg","contentUrl":"https:\/\/a-h-health.ch\/wp-content\/uploads\/2020\/12\/Logo-animal-health.jpg","width":653,"height":56,"caption":"Animal & Human Health AG"},"image":{"@id":"https:\/\/a-h-health.ch\/#\/schema\/logo\/image\/"}}]}},"_links":{"self":[{"href":"https:\/\/a-h-health.ch\/fr\/wp-json\/wp\/v2\/product\/16444","targetHints":{"allow":["GET"]}}],"collection":[{"href":"https:\/\/a-h-health.ch\/fr\/wp-json\/wp\/v2\/product"}],"about":[{"href":"https:\/\/a-h-health.ch\/fr\/wp-json\/wp\/v2\/types\/product"}],"wp:featuredmedia":[{"embeddable":true,"href":"https:\/\/a-h-health.ch\/fr\/wp-json\/wp\/v2\/media\/16432"}],"wp:attachment":[{"href":"https:\/\/a-h-health.ch\/fr\/wp-json\/wp\/v2\/media?parent=16444"}],"wp:term":[{"taxonomy":"product_brand","embeddable":true,"href":"https:\/\/a-h-health.ch\/fr\/wp-json\/wp\/v2\/product_brand?post=16444"},{"taxonomy":"product_cat","embeddable":true,"href":"https:\/\/a-h-health.ch\/fr\/wp-json\/wp\/v2\/product_cat?post=16444"},{"taxonomy":"product_tag","embeddable":true,"href":"https:\/\/a-h-health.ch\/fr\/wp-json\/wp\/v2\/product_tag?post=16444"}],"curies":[{"name":"wp","href":"https:\/\/api.w.org\/{rel}","templated":true}]}}