{"id":16443,"date":"2024-12-30T11:07:16","date_gmt":"2024-12-30T10:07:16","guid":{"rendered":"https:\/\/a-h-health.ch\/?post_type=product&#038;p=16443"},"modified":"2026-03-25T14:30:06","modified_gmt":"2026-03-25T13:30:06","slug":"calci-dust-powder-150g","status":"publish","type":"product","link":"https:\/\/a-h-health.ch\/fr\/shop\/calci-dust-powder-150g\/","title":{"rendered":"Cal\u00adci-Dust Pow\u00adder,&nbsp;150g"},"content":{"rendered":"<p>Poud\u00adre de cal\u00adci\u00adum pure et natu\u00adrel\u00adle, mou\u00adlue par\u00adti\u00adcu\u00adli\u00e8\u00adre\u00adment fine\u00adment pour une dige\u00adsti\u00adbi\u00adli\u00adt\u00e9 maxi\u00adma\u00adle et con\u00ad\u00e7ue pour adh\u00e9\u00adrer \u00e0 tous les ali\u00adments tels que les l\u00e9gu\u00admes, les fruits, les gril\u00adlons et les vers de fari\u00adne. Recom\u00adman\u00add\u00e9e en com\u00adbi\u00adnai\u00adson avec Vetark Nut\u00adro\u00adbal dans le cad\u00adre d\u2019u\u00adne ali\u00admen\u00adta\u00adti\u00adon \u00e9quilibr\u00e9e.<\/p>","protected":false},"excerpt":{"rendered":"<p>Poud\u00adre de cal\u00adci\u00adum pure et natu\u00adrel\u00adle, mou\u00adlue par\u00adti\u00adcu\u00adli\u00e8\u00adre\u00adment fine\u00adment pour une dige\u00adsti\u00adbi\u00adli\u00adt\u00e9 maxi\u00adma\u00adle et con\u00ad\u00e7ue pour adh\u00e9\u00adrer \u00e0 tous les ali\u00adments tels que les l\u00e9gu\u00admes, les fruits, les gril\u00adlons et les vers de fari\u00adne. Recom\u00adman\u00add\u00e9e en com\u00adbi\u00adnai\u00adson avec Vetark Nut\u00adro\u00adbal dans le cad\u00adre d\u2019u\u00adne ali\u00admen\u00adta\u00adti\u00adon \u00e9quilibr\u00e9e.<\/p>","protected":false},"featured_media":16431,"template":"","meta":{"wp_typography_post_enhancements_disabled":false},"product_brand":[],"product_cat":[566,555,34,625],"product_tag":[574],"class_list":{"0":"post-16443","1":"product","2":"type-product","3":"status-publish","4":"has-post-thumbnail","6":"product_cat-andere-kleintiere","7":"product_cat-futtermittel","8":"product_cat-nahrungsergaenzung","9":"product_cat-vetark","10":"product_tag-futter-und-diverse","12":"first","13":"instock","14":"taxable","15":"shipping-taxable","16":"product-type-simple"},"yoast_head":"<!-- This site is optimized with the Yoast SEO plugin v27.4 - https:\/\/yoast.com\/product\/yoast-seo-wordpress\/ -->\n<title>Calci-Dust Powder, 150g - Animal &amp; Human Health AG<\/title>\n<meta name=\"robots\" content=\"index, follow, max-snippet:-1, max-image-preview:large, max-video-preview:-1\" \/>\n<link rel=\"canonical\" href=\"https:\/\/a-h-health.ch\/fr\/shop\/calci-dust-powder-150g\/\" \/>\n<meta property=\"og:locale\" content=\"fr_FR\" \/>\n<meta property=\"og:type\" content=\"article\" \/>\n<meta property=\"og:title\" content=\"Calci-Dust Powder, 150g - Animal &amp; Human Health AG\" \/>\n<meta property=\"og:description\" content=\"Reines, nat\u00fcrliches Calcium-Staubpulver, besonders fein gemahlen f\u00fcr maximale Verdaulichkeit und entwickelt, um an allen Futtermitteln wie Gem\u00fcse, Obst, Grillen und Mehlw\u00fcrmern zu haften. Empfohlen in Kombination mit Vetark Nutrobal als Teil einer ausgewogenen Ern\u00e4hrung.\" \/>\n<meta property=\"og:url\" content=\"https:\/\/a-h-health.ch\/fr\/shop\/calci-dust-powder-150g\/\" \/>\n<meta property=\"og:site_name\" content=\"Animal &amp; Human Health AG\" \/>\n<meta property=\"article:modified_time\" content=\"2026-03-25T13:30:06+00:00\" \/>\n<meta property=\"og:image\" content=\"https:\/\/a-h-health.ch\/wp-content\/uploads\/2024\/12\/calcidust150gjpeg_large-e1735553317468.jpg\" \/>\n\t<meta property=\"og:image:width\" content=\"858\" \/>\n\t<meta property=\"og:image:height\" content=\"850\" \/>\n\t<meta property=\"og:image:type\" content=\"image\/jpeg\" \/>\n<meta name=\"twitter:card\" content=\"summary_large_image\" \/>\n<meta name=\"twitter:label1\" content=\"Dur\u00e9e de lecture estim\u00e9e\" \/>\n\t<meta name=\"twitter:data1\" content=\"1 minute\" \/>\n<script type=\"application\/ld+json\" class=\"yoast-schema-graph\">{\"@context\":\"https:\\\/\\\/schema.org\",\"@graph\":[{\"@type\":\"WebPage\",\"@id\":\"https:\\\/\\\/a-h-health.ch\\\/shop\\\/calci-dust-powder-150g\\\/\",\"url\":\"https:\\\/\\\/a-h-health.ch\\\/shop\\\/calci-dust-powder-150g\\\/\",\"name\":\"Calci-Dust Powder, 150g - Animal &amp; Human Health AG\",\"isPartOf\":{\"@id\":\"https:\\\/\\\/a-h-health.ch\\\/#website\"},\"primaryImageOfPage\":{\"@id\":\"https:\\\/\\\/a-h-health.ch\\\/shop\\\/calci-dust-powder-150g\\\/#primaryimage\"},\"image\":{\"@id\":\"https:\\\/\\\/a-h-health.ch\\\/shop\\\/calci-dust-powder-150g\\\/#primaryimage\"},\"thumbnailUrl\":\"https:\\\/\\\/a-h-health.ch\\\/wp-content\\\/uploads\\\/2024\\\/12\\\/calcidust150gjpeg_large-e1735553317468.jpg\",\"datePublished\":\"2024-12-30T10:07:16+00:00\",\"dateModified\":\"2026-03-25T13:30:06+00:00\",\"breadcrumb\":{\"@id\":\"https:\\\/\\\/a-h-health.ch\\\/shop\\\/calci-dust-powder-150g\\\/#breadcrumb\"},\"inLanguage\":\"fr-FR\",\"potentialAction\":[{\"@type\":\"ReadAction\",\"target\":[\"https:\\\/\\\/a-h-health.ch\\\/shop\\\/calci-dust-powder-150g\\\/\"]}]},{\"@type\":\"ImageObject\",\"inLanguage\":\"fr-FR\",\"@id\":\"https:\\\/\\\/a-h-health.ch\\\/shop\\\/calci-dust-powder-150g\\\/#primaryimage\",\"url\":\"https:\\\/\\\/a-h-health.ch\\\/wp-content\\\/uploads\\\/2024\\\/12\\\/calcidust150gjpeg_large-e1735553317468.jpg\",\"contentUrl\":\"https:\\\/\\\/a-h-health.ch\\\/wp-content\\\/uploads\\\/2024\\\/12\\\/calcidust150gjpeg_large-e1735553317468.jpg\",\"width\":858,\"height\":850},{\"@type\":\"BreadcrumbList\",\"@id\":\"https:\\\/\\\/a-h-health.ch\\\/shop\\\/calci-dust-powder-150g\\\/#breadcrumb\",\"itemListElement\":[{\"@type\":\"ListItem\",\"position\":1,\"name\":\"Startseite\",\"item\":\"https:\\\/\\\/a-h-health.ch\\\/\"},{\"@type\":\"ListItem\",\"position\":2,\"name\":\"Shop\",\"item\":\"https:\\\/\\\/a-h-health.ch\\\/shop\\\/\"},{\"@type\":\"ListItem\",\"position\":3,\"name\":\"Calci-Dust Powder, 150g\"}]},{\"@type\":\"WebSite\",\"@id\":\"https:\\\/\\\/a-h-health.ch\\\/#website\",\"url\":\"https:\\\/\\\/a-h-health.ch\\\/\",\"name\":\"Animal and Human Health AG\",\"description\":\"Wir sind Ihre Ansprechpartner, wenn es um die professionelle Gesundheit und das Wohl ihres Tieres geht.\",\"publisher\":{\"@id\":\"https:\\\/\\\/a-h-health.ch\\\/#organization\"},\"alternateName\":\"a-h-health\",\"potentialAction\":[{\"@type\":\"SearchAction\",\"target\":{\"@type\":\"EntryPoint\",\"urlTemplate\":\"https:\\\/\\\/a-h-health.ch\\\/?s={search_term_string}\"},\"query-input\":{\"@type\":\"PropertyValueSpecification\",\"valueRequired\":true,\"valueName\":\"search_term_string\"}}],\"inLanguage\":\"fr-FR\"},{\"@type\":\"Organization\",\"@id\":\"https:\\\/\\\/a-h-health.ch\\\/#organization\",\"name\":\"Animal & Human Health AG\",\"url\":\"https:\\\/\\\/a-h-health.ch\\\/\",\"logo\":{\"@type\":\"ImageObject\",\"inLanguage\":\"fr-FR\",\"@id\":\"https:\\\/\\\/a-h-health.ch\\\/#\\\/schema\\\/logo\\\/image\\\/\",\"url\":\"https:\\\/\\\/a-h-health.ch\\\/wp-content\\\/uploads\\\/2020\\\/12\\\/Logo-animal-health.jpg\",\"contentUrl\":\"https:\\\/\\\/a-h-health.ch\\\/wp-content\\\/uploads\\\/2020\\\/12\\\/Logo-animal-health.jpg\",\"width\":653,\"height\":56,\"caption\":\"Animal & Human Health AG\"},\"image\":{\"@id\":\"https:\\\/\\\/a-h-health.ch\\\/#\\\/schema\\\/logo\\\/image\\\/\"}}]}<\/script>\n<!-- \/ Yoast SEO plugin. -->","yoast_head_json":{"title":"Cal\u00adci-Dust Pow\u00adder, 150g \u2013 Ani\u00admal &amp; Human Health AG","robots":{"index":"index","follow":"follow","max-snippet":"max-snippet:-1","max-image-preview":"max-image-preview:large","max-video-preview":"max-video-preview:-1"},"canonical":"https:\/\/a-h-health.ch\/fr\/shop\/calci-dust-powder-150g\/","og_locale":"fr_FR","og_type":"article","og_title":"Calci-Dust Powder, 150g - Animal &amp; Human Health AG","og_description":"Reines, nat\u00fcrliches Calcium-Staubpulver, besonders fein gemahlen f\u00fcr maximale Verdaulichkeit und entwickelt, um an allen Futtermitteln wie Gem\u00fcse, Obst, Grillen und Mehlw\u00fcrmern zu haften. Empfohlen in Kombination mit Vetark Nutrobal als Teil einer ausgewogenen Ern\u00e4hrung.","og_url":"https:\/\/a-h-health.ch\/fr\/shop\/calci-dust-powder-150g\/","og_site_name":"Animal &amp; Human Health AG","article_modified_time":"2026-03-25T13:30:06+00:00","og_image":[{"width":858,"height":850,"url":"https:\/\/a-h-health.ch\/wp-content\/uploads\/2024\/12\/calcidust150gjpeg_large-e1735553317468.jpg","type":"image\/jpeg"}],"twitter_card":"summary_large_image","twitter_misc":{"Dur\u00e9e de lecture estim\u00e9e":"1 minute"},"schema":{"@context":"https:\/\/schema.org","@graph":[{"@type":"WebPage","@id":"https:\/\/a-h-health.ch\/shop\/calci-dust-powder-150g\/","url":"https:\/\/a-h-health.ch\/shop\/calci-dust-powder-150g\/","name":"Cal\u00adci-Dust Pow\u00adder, 150g \u2013 Ani\u00admal &amp; Human Health AG","isPartOf":{"@id":"https:\/\/a-h-health.ch\/#website"},"primaryImageOfPage":{"@id":"https:\/\/a-h-health.ch\/shop\/calci-dust-powder-150g\/#primaryimage"},"image":{"@id":"https:\/\/a-h-health.ch\/shop\/calci-dust-powder-150g\/#primaryimage"},"thumbnailUrl":"https:\/\/a-h-health.ch\/wp-content\/uploads\/2024\/12\/calcidust150gjpeg_large-e1735553317468.jpg","datePublished":"2024-12-30T10:07:16+00:00","dateModified":"2026-03-25T13:30:06+00:00","breadcrumb":{"@id":"https:\/\/a-h-health.ch\/shop\/calci-dust-powder-150g\/#breadcrumb"},"inLanguage":"fr-FR","potentialAction":[{"@type":"ReadAction","target":["https:\/\/a-h-health.ch\/shop\/calci-dust-powder-150g\/"]}]},{"@type":"ImageObject","inLanguage":"fr-FR","@id":"https:\/\/a-h-health.ch\/shop\/calci-dust-powder-150g\/#primaryimage","url":"https:\/\/a-h-health.ch\/wp-content\/uploads\/2024\/12\/calcidust150gjpeg_large-e1735553317468.jpg","contentUrl":"https:\/\/a-h-health.ch\/wp-content\/uploads\/2024\/12\/calcidust150gjpeg_large-e1735553317468.jpg","width":858,"height":850},{"@type":"BreadcrumbList","@id":"https:\/\/a-h-health.ch\/shop\/calci-dust-powder-150g\/#breadcrumb","itemListElement":[{"@type":"ListItem","position":1,"name":"Startseite","item":"https:\/\/a-h-health.ch\/"},{"@type":"ListItem","position":2,"name":"Shop","item":"https:\/\/a-h-health.ch\/shop\/"},{"@type":"ListItem","position":3,"name":"Calci-Dust Powder, 150g"}]},{"@type":"WebSite","@id":"https:\/\/a-h-health.ch\/#website","url":"https:\/\/a-h-health.ch\/","name":"Ani\u00admal and Human Health AG","description":"Nous som\u00admes vos interlo\u00adcu\u00adteurs lorsqu\u2019il s\u2019a\u00adgit de la san\u00adt\u00e9 pro\u00adfes\u00adsi\u00adon\u00adnel\u00adle et du bien-\u00eatre de vot\u00adre animal.","publisher":{"@id":"https:\/\/a-h-health.ch\/#organization"},"alternateName":"a-h-health","potentialAction":[{"@type":"SearchAction","target":{"@type":"EntryPoint","urlTemplate":"https:\/\/a-h-health.ch\/?s={search_term_string}"},"query-input":{"@type":"PropertyValueSpecification","valueRequired":true,"valueName":"search_term_string"}}],"inLanguage":"fr-FR"},{"@type":"Organization","@id":"https:\/\/a-h-health.ch\/#organization","name":"Ani\u00admal &amp; Human Health AG","url":"https:\/\/a-h-health.ch\/","logo":{"@type":"ImageObject","inLanguage":"fr-FR","@id":"https:\/\/a-h-health.ch\/#\/schema\/logo\/image\/","url":"https:\/\/a-h-health.ch\/wp-content\/uploads\/2020\/12\/Logo-animal-health.jpg","contentUrl":"https:\/\/a-h-health.ch\/wp-content\/uploads\/2020\/12\/Logo-animal-health.jpg","width":653,"height":56,"caption":"Animal & Human Health AG"},"image":{"@id":"https:\/\/a-h-health.ch\/#\/schema\/logo\/image\/"}}]}},"_links":{"self":[{"href":"https:\/\/a-h-health.ch\/fr\/wp-json\/wp\/v2\/product\/16443","targetHints":{"allow":["GET"]}}],"collection":[{"href":"https:\/\/a-h-health.ch\/fr\/wp-json\/wp\/v2\/product"}],"about":[{"href":"https:\/\/a-h-health.ch\/fr\/wp-json\/wp\/v2\/types\/product"}],"wp:featuredmedia":[{"embeddable":true,"href":"https:\/\/a-h-health.ch\/fr\/wp-json\/wp\/v2\/media\/16431"}],"wp:attachment":[{"href":"https:\/\/a-h-health.ch\/fr\/wp-json\/wp\/v2\/media?parent=16443"}],"wp:term":[{"taxonomy":"product_brand","embeddable":true,"href":"https:\/\/a-h-health.ch\/fr\/wp-json\/wp\/v2\/product_brand?post=16443"},{"taxonomy":"product_cat","embeddable":true,"href":"https:\/\/a-h-health.ch\/fr\/wp-json\/wp\/v2\/product_cat?post=16443"},{"taxonomy":"product_tag","embeddable":true,"href":"https:\/\/a-h-health.ch\/fr\/wp-json\/wp\/v2\/product_tag?post=16443"}],"curies":[{"name":"wp","href":"https:\/\/api.w.org\/{rel}","templated":true}]}}