{"id":16086,"date":"2024-04-30T15:38:54","date_gmt":"2024-04-30T13:38:54","guid":{"rendered":"https:\/\/a-h-health.ch\/?post_type=product&#038;p=16086"},"modified":"2024-07-15T10:51:14","modified_gmt":"2024-07-15T08:51:14","slug":"dental-gurad-300g","status":"publish","type":"product","link":"https:\/\/a-h-health.ch\/fr\/shop\/dental-gurad-300g\/","title":{"rendered":"Gar\u00adde den\u00adtai\u00adre&nbsp;300g"},"content":{"rendered":"<p>Den\u00adtal Guard est un com\u00adpl\u00e9\u00adment ali\u00admen\u00adtai\u00adre pour chevaux. Il a \u00e9t\u00e9 d\u00e9ve\u00adlo\u00adp\u00adp\u00e9 pour sou\u00adte\u00adnir la san\u00adt\u00e9 de la bouche.<\/p>\n<p>Un accent par\u00adti\u00adcu\u00adlier a \u00e9t\u00e9 mis sur les mala\u00addies d\u00e9g\u00e9\u00adn\u00e9\u00adra\u00adti\u00adves chro\u00adni\u00adques des incisi\u00adves lors de la com\u00adpo\u00adsi\u00adti\u00adon de ce pro\u00adduit. Les ing\u00adr\u00e9\u00addi\u00adents natu\u00adrels soi\u00adgneu\u00adse\u00adment s\u00e9lec\u00adtion\u00adn\u00e9s aident<\/p>\n<ul>\n<li>Cont\u00adre les bac\u00adt\u00e9\u00adries patho\u00adg\u00e8\u00adnes dans la cavi\u00adt\u00e9 buccale<\/li>\n<li>de d\u00e9com\u00adpo\u00adser les par\u00adti\u00adcu\u00adles d\u2019a\u00adli\u00adments sur les gen\u00adci\u00adves et les&nbsp;dents<\/li>\n<li>d\u00e9com\u00adpo\u00adser les tis\u00adsus n\u00e9cro\u00ads\u00e9s (en sou\u00adti\u00aden apr\u00e8s une inter\u00adven\u00adti\u00adon chirurgicale)<\/li>\n<li>sou\u00adte\u00adnir les d\u00e9fen\u00adses natu\u00adrel\u00adles de la cavi\u00adt\u00e9 buc\u00adca\u00adle et de l\u2019en\u00adsem\u00adble du&nbsp;corps<\/li>\n<li>sou\u00adte\u00adnir la san\u00adt\u00e9 gastro-intesti\u00adna\u00adle ; c\u2019est important car les mala\u00addies de la cavi\u00adt\u00e9 buc\u00adca\u00adle ont un impact n\u00e9ga\u00adtif sur l\u2019en\u00adsem\u00adble du syst\u00e8me digestif<\/li>\n<li>sou\u00adte\u00adnir les m\u00e9ca\u00adnis\u00admes de d\u00e9fen\u00adse anti\u00adoxy\u00addants des cel\u00adlu\u00adles et des tissus<\/li>\n<\/ul>\n<p><em><u>Ing\u00adr\u00e9\u00addi\u00adents :<\/u><\/em><em> Grai\u00adnes de lin dor\u00e9, Lalt\u00adi\u00adde\u00ae, aci\u00addes gras poly\u00adin\u00adsa\u00adtu\u00adr\u00e9s om\u00e9\u00adga 3 : EPA et DHA (issus de l\u2019hui\u00adle de pois\u00adson), Levucell,<\/em> <em>Syn\u00ado\u00adzy\u00adme\u00ae, bicar\u00adbo\u00adna\u00adte de sodi\u00adum, melon lyo\u00adphi\u00adli\u00ads\u00e9, Dentalzyme\u00ae.<\/em><\/p>\n<p><em><u>Con\u00adseils d\u2019a\u00adli\u00admen\u00adta\u00adti\u00adon<\/u><\/em><em>: <\/em><em>1 mesu\u00adre con\u00adti\u00adent envi\u00adron 10g, m\u00e9lan\u00adger la quan\u00adti\u00adt\u00e9 mesu\u00adr\u00e9e de poud\u00adre avec un peu d\u2019eau chau\u00adde. Id\u00e9a\u00adle\u00adment, lais\u00adser trem\u00adper pen\u00addant envi\u00adron 30 minu\u00adtes, puis admi\u00adni\u00adstrer pur ou avec un peu de nourriture.<\/em><\/p>\n<p><em>Pour les grands chevaux, com\u00admen\u00adcer len\u00adte\u00adment avec 5 g par jour pen\u00addant 1 semaine, puis aug\u00admen\u00adter \u00e0 10 g par jour si la tol\u00e9\u00adrance est&nbsp;bonne.<\/em><\/p>\n<p><em>Il est recom\u00adman\u00add\u00e9 de sui\u00adv\u00adre une cure de 2 \u00e0 3 mois avant de pou\u00advoir juger du succ\u00e8s.&nbsp;<\/em><\/p>","protected":false},"excerpt":{"rendered":"<p>Dental Guard ist ein Erg\u00e4nzungsfuttermittel f\u00fcr Pferde. Es wurde auf der \u00a0entwickelt, um die Maulgesundheit zu unterst\u00fctzen. Ein besonderer Focus wurde bei der Zusammenstellung dieses Produktes auf die Chronisch-Degenerativen Erkrankungen der Schneidez\u00e4hne gerichtet. Die sorgf\u00e4ltig ausgew\u00e4hlten nat\u00fcrlichen Inhaltsstoffe helfen: Gegen pathogene Bakterien in der Maulh\u00f6hle die Futterpartikel am Zahnfleisch und an den Z\u00e4hnen abzubauen nekrotisches [&hellip;]<\/p>\n","protected":false},"featured_media":16087,"template":"","meta":{"wp_typography_post_enhancements_disabled":false},"product_brand":[],"product_cat":[555,34,623,562],"product_tag":[574],"class_list":{"0":"post-16086","1":"product","2":"type-product","3":"status-publish","4":"has-post-thumbnail","6":"product_cat-futtermittel","7":"product_cat-nahrungsergaenzung","8":"product_cat-owet","9":"product_cat-pferd","10":"product_tag-futter-und-diverse","12":"first","13":"instock","14":"taxable","15":"shipping-taxable","16":"product-type-simple"},"yoast_head":"<!-- This site is optimized with the Yoast SEO plugin v27.4 - https:\/\/yoast.com\/product\/yoast-seo-wordpress\/ -->\n<title>Dental Guard 300g - Animal &amp; Human Health AG<\/title>\n<meta name=\"robots\" content=\"index, follow, max-snippet:-1, max-image-preview:large, max-video-preview:-1\" \/>\n<link rel=\"canonical\" href=\"https:\/\/a-h-health.ch\/fr\/shop\/dental-gurad-300g\/\" \/>\n<meta property=\"og:locale\" content=\"fr_FR\" \/>\n<meta property=\"og:type\" content=\"article\" \/>\n<meta property=\"og:title\" content=\"Dental Guard 300g - Animal &amp; Human Health AG\" \/>\n<meta property=\"og:description\" content=\"Dental Guard ist ein Erg\u00e4nzungsfuttermittel f\u00fcr Pferde. Es wurde auf der \u00a0entwickelt, um die Maulgesundheit zu unterst\u00fctzen. Ein besonderer Focus wurde bei der Zusammenstellung dieses Produktes auf die Chronisch-Degenerativen Erkrankungen der Schneidez\u00e4hne gerichtet. Die sorgf\u00e4ltig ausgew\u00e4hlten nat\u00fcrlichen Inhaltsstoffe helfen: Gegen pathogene Bakterien in der Maulh\u00f6hle die Futterpartikel am Zahnfleisch und an den Z\u00e4hnen abzubauen nekrotisches [&hellip;]\" \/>\n<meta property=\"og:url\" content=\"https:\/\/a-h-health.ch\/fr\/shop\/dental-gurad-300g\/\" \/>\n<meta property=\"og:site_name\" content=\"Animal &amp; Human Health AG\" \/>\n<meta property=\"article:modified_time\" content=\"2024-07-15T08:51:14+00:00\" \/>\n<meta property=\"og:image\" content=\"https:\/\/a-h-health.ch\/wp-content\/uploads\/2024\/04\/Dental-Guard-e1715001036514.jpg\" \/>\n\t<meta property=\"og:image:width\" content=\"1041\" \/>\n\t<meta property=\"og:image:height\" content=\"1318\" \/>\n\t<meta property=\"og:image:type\" content=\"image\/jpeg\" \/>\n<meta name=\"twitter:card\" content=\"summary_large_image\" \/>\n<meta name=\"twitter:label1\" content=\"Dur\u00e9e de lecture estim\u00e9e\" \/>\n\t<meta name=\"twitter:data1\" content=\"1 minute\" \/>\n<script type=\"application\/ld+json\" class=\"yoast-schema-graph\">{\"@context\":\"https:\\\/\\\/schema.org\",\"@graph\":[{\"@type\":\"WebPage\",\"@id\":\"https:\\\/\\\/a-h-health.ch\\\/shop\\\/dental-gurad-300g\\\/\",\"url\":\"https:\\\/\\\/a-h-health.ch\\\/shop\\\/dental-gurad-300g\\\/\",\"name\":\"Dental Guard 300g - Animal &amp; Human Health AG\",\"isPartOf\":{\"@id\":\"https:\\\/\\\/a-h-health.ch\\\/#website\"},\"primaryImageOfPage\":{\"@id\":\"https:\\\/\\\/a-h-health.ch\\\/shop\\\/dental-gurad-300g\\\/#primaryimage\"},\"image\":{\"@id\":\"https:\\\/\\\/a-h-health.ch\\\/shop\\\/dental-gurad-300g\\\/#primaryimage\"},\"thumbnailUrl\":\"https:\\\/\\\/a-h-health.ch\\\/wp-content\\\/uploads\\\/2024\\\/04\\\/Dental-Guard-e1715001036514.jpg\",\"datePublished\":\"2024-04-30T13:38:54+00:00\",\"dateModified\":\"2024-07-15T08:51:14+00:00\",\"breadcrumb\":{\"@id\":\"https:\\\/\\\/a-h-health.ch\\\/shop\\\/dental-gurad-300g\\\/#breadcrumb\"},\"inLanguage\":\"fr-FR\",\"potentialAction\":[{\"@type\":\"ReadAction\",\"target\":[\"https:\\\/\\\/a-h-health.ch\\\/shop\\\/dental-gurad-300g\\\/\"]}]},{\"@type\":\"ImageObject\",\"inLanguage\":\"fr-FR\",\"@id\":\"https:\\\/\\\/a-h-health.ch\\\/shop\\\/dental-gurad-300g\\\/#primaryimage\",\"url\":\"https:\\\/\\\/a-h-health.ch\\\/wp-content\\\/uploads\\\/2024\\\/04\\\/Dental-Guard-e1715001036514.jpg\",\"contentUrl\":\"https:\\\/\\\/a-h-health.ch\\\/wp-content\\\/uploads\\\/2024\\\/04\\\/Dental-Guard-e1715001036514.jpg\",\"width\":1041,\"height\":1318},{\"@type\":\"BreadcrumbList\",\"@id\":\"https:\\\/\\\/a-h-health.ch\\\/shop\\\/dental-gurad-300g\\\/#breadcrumb\",\"itemListElement\":[{\"@type\":\"ListItem\",\"position\":1,\"name\":\"Startseite\",\"item\":\"https:\\\/\\\/a-h-health.ch\\\/\"},{\"@type\":\"ListItem\",\"position\":2,\"name\":\"Shop\",\"item\":\"https:\\\/\\\/a-h-health.ch\\\/shop\\\/\"},{\"@type\":\"ListItem\",\"position\":3,\"name\":\"Dental Guard 300g\"}]},{\"@type\":\"WebSite\",\"@id\":\"https:\\\/\\\/a-h-health.ch\\\/#website\",\"url\":\"https:\\\/\\\/a-h-health.ch\\\/\",\"name\":\"Animal and Human Health AG\",\"description\":\"Wir sind Ihre Ansprechpartner, wenn es um die professionelle Gesundheit und das Wohl ihres Tieres geht.\",\"publisher\":{\"@id\":\"https:\\\/\\\/a-h-health.ch\\\/#organization\"},\"alternateName\":\"a-h-health\",\"potentialAction\":[{\"@type\":\"SearchAction\",\"target\":{\"@type\":\"EntryPoint\",\"urlTemplate\":\"https:\\\/\\\/a-h-health.ch\\\/?s={search_term_string}\"},\"query-input\":{\"@type\":\"PropertyValueSpecification\",\"valueRequired\":true,\"valueName\":\"search_term_string\"}}],\"inLanguage\":\"fr-FR\"},{\"@type\":\"Organization\",\"@id\":\"https:\\\/\\\/a-h-health.ch\\\/#organization\",\"name\":\"Animal & Human Health AG\",\"url\":\"https:\\\/\\\/a-h-health.ch\\\/\",\"logo\":{\"@type\":\"ImageObject\",\"inLanguage\":\"fr-FR\",\"@id\":\"https:\\\/\\\/a-h-health.ch\\\/#\\\/schema\\\/logo\\\/image\\\/\",\"url\":\"https:\\\/\\\/a-h-health.ch\\\/wp-content\\\/uploads\\\/2020\\\/12\\\/Logo-animal-health.jpg\",\"contentUrl\":\"https:\\\/\\\/a-h-health.ch\\\/wp-content\\\/uploads\\\/2020\\\/12\\\/Logo-animal-health.jpg\",\"width\":653,\"height\":56,\"caption\":\"Animal & Human Health AG\"},\"image\":{\"@id\":\"https:\\\/\\\/a-h-health.ch\\\/#\\\/schema\\\/logo\\\/image\\\/\"}}]}<\/script>\n<!-- \/ Yoast SEO plugin. -->","yoast_head_json":{"title":"Den\u00adtal Guard 300g \u2013 Ani\u00admal &amp; Human Health AG","robots":{"index":"index","follow":"follow","max-snippet":"max-snippet:-1","max-image-preview":"max-image-preview:large","max-video-preview":"max-video-preview:-1"},"canonical":"https:\/\/a-h-health.ch\/fr\/shop\/dental-gurad-300g\/","og_locale":"fr_FR","og_type":"article","og_title":"Dental Guard 300g - Animal &amp; Human Health AG","og_description":"Dental Guard ist ein Erg\u00e4nzungsfuttermittel f\u00fcr Pferde. Es wurde auf der \u00a0entwickelt, um die Maulgesundheit zu unterst\u00fctzen. Ein besonderer Focus wurde bei der Zusammenstellung dieses Produktes auf die Chronisch-Degenerativen Erkrankungen der Schneidez\u00e4hne gerichtet. Die sorgf\u00e4ltig ausgew\u00e4hlten nat\u00fcrlichen Inhaltsstoffe helfen: Gegen pathogene Bakterien in der Maulh\u00f6hle die Futterpartikel am Zahnfleisch und an den Z\u00e4hnen abzubauen nekrotisches [&hellip;]","og_url":"https:\/\/a-h-health.ch\/fr\/shop\/dental-gurad-300g\/","og_site_name":"Animal &amp; Human Health AG","article_modified_time":"2024-07-15T08:51:14+00:00","og_image":[{"width":1041,"height":1318,"url":"https:\/\/a-h-health.ch\/wp-content\/uploads\/2024\/04\/Dental-Guard-e1715001036514.jpg","type":"image\/jpeg"}],"twitter_card":"summary_large_image","twitter_misc":{"Dur\u00e9e de lecture estim\u00e9e":"1 minute"},"schema":{"@context":"https:\/\/schema.org","@graph":[{"@type":"WebPage","@id":"https:\/\/a-h-health.ch\/shop\/dental-gurad-300g\/","url":"https:\/\/a-h-health.ch\/shop\/dental-gurad-300g\/","name":"Den\u00adtal Guard 300g \u2013 Ani\u00admal &amp; Human Health AG","isPartOf":{"@id":"https:\/\/a-h-health.ch\/#website"},"primaryImageOfPage":{"@id":"https:\/\/a-h-health.ch\/shop\/dental-gurad-300g\/#primaryimage"},"image":{"@id":"https:\/\/a-h-health.ch\/shop\/dental-gurad-300g\/#primaryimage"},"thumbnailUrl":"https:\/\/a-h-health.ch\/wp-content\/uploads\/2024\/04\/Dental-Guard-e1715001036514.jpg","datePublished":"2024-04-30T13:38:54+00:00","dateModified":"2024-07-15T08:51:14+00:00","breadcrumb":{"@id":"https:\/\/a-h-health.ch\/shop\/dental-gurad-300g\/#breadcrumb"},"inLanguage":"fr-FR","potentialAction":[{"@type":"ReadAction","target":["https:\/\/a-h-health.ch\/shop\/dental-gurad-300g\/"]}]},{"@type":"ImageObject","inLanguage":"fr-FR","@id":"https:\/\/a-h-health.ch\/shop\/dental-gurad-300g\/#primaryimage","url":"https:\/\/a-h-health.ch\/wp-content\/uploads\/2024\/04\/Dental-Guard-e1715001036514.jpg","contentUrl":"https:\/\/a-h-health.ch\/wp-content\/uploads\/2024\/04\/Dental-Guard-e1715001036514.jpg","width":1041,"height":1318},{"@type":"BreadcrumbList","@id":"https:\/\/a-h-health.ch\/shop\/dental-gurad-300g\/#breadcrumb","itemListElement":[{"@type":"ListItem","position":1,"name":"Startseite","item":"https:\/\/a-h-health.ch\/"},{"@type":"ListItem","position":2,"name":"Shop","item":"https:\/\/a-h-health.ch\/shop\/"},{"@type":"ListItem","position":3,"name":"Dental Guard 300g"}]},{"@type":"WebSite","@id":"https:\/\/a-h-health.ch\/#website","url":"https:\/\/a-h-health.ch\/","name":"Ani\u00admal and Human Health AG","description":"Nous som\u00admes vos interlo\u00adcu\u00adteurs lorsqu\u2019il s\u2019a\u00adgit de la san\u00adt\u00e9 pro\u00adfes\u00adsi\u00adon\u00adnel\u00adle et du bien-\u00eatre de vot\u00adre animal.","publisher":{"@id":"https:\/\/a-h-health.ch\/#organization"},"alternateName":"a-h-health","potentialAction":[{"@type":"SearchAction","target":{"@type":"EntryPoint","urlTemplate":"https:\/\/a-h-health.ch\/?s={search_term_string}"},"query-input":{"@type":"PropertyValueSpecification","valueRequired":true,"valueName":"search_term_string"}}],"inLanguage":"fr-FR"},{"@type":"Organization","@id":"https:\/\/a-h-health.ch\/#organization","name":"Ani\u00admal &amp; Human Health AG","url":"https:\/\/a-h-health.ch\/","logo":{"@type":"ImageObject","inLanguage":"fr-FR","@id":"https:\/\/a-h-health.ch\/#\/schema\/logo\/image\/","url":"https:\/\/a-h-health.ch\/wp-content\/uploads\/2020\/12\/Logo-animal-health.jpg","contentUrl":"https:\/\/a-h-health.ch\/wp-content\/uploads\/2020\/12\/Logo-animal-health.jpg","width":653,"height":56,"caption":"Animal & Human Health AG"},"image":{"@id":"https:\/\/a-h-health.ch\/#\/schema\/logo\/image\/"}}]}},"_links":{"self":[{"href":"https:\/\/a-h-health.ch\/fr\/wp-json\/wp\/v2\/product\/16086","targetHints":{"allow":["GET"]}}],"collection":[{"href":"https:\/\/a-h-health.ch\/fr\/wp-json\/wp\/v2\/product"}],"about":[{"href":"https:\/\/a-h-health.ch\/fr\/wp-json\/wp\/v2\/types\/product"}],"wp:featuredmedia":[{"embeddable":true,"href":"https:\/\/a-h-health.ch\/fr\/wp-json\/wp\/v2\/media\/16087"}],"wp:attachment":[{"href":"https:\/\/a-h-health.ch\/fr\/wp-json\/wp\/v2\/media?parent=16086"}],"wp:term":[{"taxonomy":"product_brand","embeddable":true,"href":"https:\/\/a-h-health.ch\/fr\/wp-json\/wp\/v2\/product_brand?post=16086"},{"taxonomy":"product_cat","embeddable":true,"href":"https:\/\/a-h-health.ch\/fr\/wp-json\/wp\/v2\/product_cat?post=16086"},{"taxonomy":"product_tag","embeddable":true,"href":"https:\/\/a-h-health.ch\/fr\/wp-json\/wp\/v2\/product_tag?post=16086"}],"curies":[{"name":"wp","href":"https:\/\/api.w.org\/{rel}","templated":true}]}}