{"id":16036,"date":"2024-03-26T14:44:15","date_gmt":"2024-03-26T13:44:15","guid":{"rendered":"https:\/\/a-h-health.ch\/?post_type=product&#038;p=16036"},"modified":"2025-02-13T13:35:35","modified_gmt":"2025-02-13T12:35:35","slug":"savegard-paste-50g","status":"publish","type":"product","link":"https:\/\/a-h-health.ch\/fr\/shop\/savegard-paste-50g\/","title":{"rendered":"P\u00e2te Save\u00adGard&nbsp;50g"},"content":{"rendered":"<p>En cas de coli\u00adques et d\u2019eaux f\u00e9ca\u00adles ! Save\u00adgard est un com\u00adpl\u00e9\u00adment ali\u00admen\u00adtai\u00adre et a un effet posi\u00adtif sur la flo\u00adre intesti\u00adna\u00adle, favo\u00adri\u00adse le d\u00e9ve\u00adlo\u00adp\u00adpe\u00adment de bac\u00adt\u00e9\u00adries intesti\u00adna\u00adles posi\u00adti\u00adves et peut pr\u00e9\u00adve\u00adnir les modi\u00adfi\u00adca\u00adti\u00adons n\u00e9ga\u00adti\u00adves de la muqueu\u00adse gastri\u00adque. Les ing\u00adr\u00e9\u00addi\u00adents agis\u00adsent au niveau du syst\u00e8me dige\u00adstif et peu\u00advent con\u00adtri\u00adbuer au bien-\u00eatre de l\u2019ap\u00adpa\u00adreil dige\u00adstif des chevaux.<\/p>\n<p>Recom\u00adman\u00adda\u00adti\u00adon d\u2019a\u00adli\u00admen\u00adta\u00adti\u00adon : che\u00adval (500 kg) : 50 g par jour, pou\u00adlain : 25 g par&nbsp;jour<\/p>\n<p><i><span style=\"font-size: 8.0pt; font-family: 'Arial',sans-serif;\">Ingr\u00e9dients:Farine de soja, r\u00e9g\u00adlis\u00adse fer\u00admen\u00adt\u00e9e, hui\u00adle de riz, hui\u00adle de soja, mose bio, rubia d\u2019ulm, saccharose<br>\nAddi\u00adtifs : extrait de r\u00e9g\u00adlis\u00adse 10&nbsp;g<\/span><\/i><\/p>\n<p><i><span style=\"font-size: 8.0pt; font-family: 'Arial',sans-serif;\"><em>Com\u00adpo\u00adsants ana\u00adly\u00adti\u00adques<\/em>humi\u00addi\u00adt\u00e9 60,0 %, pro\u00adt\u00e9\u00adi\u00adnes brutes 2,1 %, grais\u00adses brutes 13,0 %, fibres brutes 7,0%, cend\u00adres brutes 2,6 %, sodi\u00adum 0,5 %, cend\u00adres solu\u00adbles dans l\u2019a\u00adci\u00adde chlor\u00adhy\u00addrique 8.0%<\/span><\/i><\/p>\n<p>&nbsp;<\/p>","protected":false},"excerpt":{"rendered":"<p>Bei Koliken und Kotwasser! Savegard ist ein Erg\u00e4nzungsfuttermittel und hat eine positive Wirkung auf die Darmflora, f\u00f6rdert die Entwicklung von positiven Darmbakterien und kann die negative Ver\u00e4nderung der Magenschleimhaut vorbeugen. Die Inhaltsstoffe wirken auf der Ebene des Verdauungssystems und k\u00f6nnen zum Wohlbefinden des Verdauungstrakts der Pferde beitragen. F\u00fctterungsempfehlung: Pferd (500 kg): 50 g t\u00e4glich, Fohlen: [&hellip;]<\/p>\n","protected":false},"featured_media":16038,"template":"","meta":{"wp_typography_post_enhancements_disabled":false},"product_brand":[],"product_cat":[615,555,34,562],"product_tag":[574],"class_list":{"0":"post-16036","1":"product","2":"type-product","3":"status-publish","4":"has-post-thumbnail","6":"product_cat-equality-marke","7":"product_cat-futtermittel","8":"product_cat-nahrungsergaenzung","9":"product_cat-pferd","10":"product_tag-futter-und-diverse","12":"first","13":"instock","14":"taxable","15":"shipping-taxable","16":"product-type-simple"},"yoast_head":"<!-- This site is optimized with the Yoast SEO plugin v27.4 - https:\/\/yoast.com\/product\/yoast-seo-wordpress\/ -->\n<title>SaveGard Paste 50g - Animal &amp; Human Health AG<\/title>\n<meta name=\"robots\" content=\"index, follow, max-snippet:-1, max-image-preview:large, max-video-preview:-1\" \/>\n<link rel=\"canonical\" href=\"https:\/\/a-h-health.ch\/fr\/shop\/savegard-paste-50g\/\" \/>\n<meta property=\"og:locale\" content=\"fr_FR\" \/>\n<meta property=\"og:type\" content=\"article\" \/>\n<meta property=\"og:title\" content=\"SaveGard Paste 50g - Animal &amp; Human Health AG\" \/>\n<meta property=\"og:description\" content=\"Bei Koliken und Kotwasser! Savegard ist ein Erg\u00e4nzungsfuttermittel und hat eine positive Wirkung auf die Darmflora, f\u00f6rdert die Entwicklung von positiven Darmbakterien und kann die negative Ver\u00e4nderung der Magenschleimhaut vorbeugen. Die Inhaltsstoffe wirken auf der Ebene des Verdauungssystems und k\u00f6nnen zum Wohlbefinden des Verdauungstrakts der Pferde beitragen. F\u00fctterungsempfehlung: Pferd (500 kg): 50 g t\u00e4glich, Fohlen: [&hellip;]\" \/>\n<meta property=\"og:url\" content=\"https:\/\/a-h-health.ch\/fr\/shop\/savegard-paste-50g\/\" \/>\n<meta property=\"og:site_name\" content=\"Animal &amp; Human Health AG\" \/>\n<meta property=\"article:modified_time\" content=\"2025-02-13T12:35:35+00:00\" \/>\n<meta property=\"og:image\" content=\"https:\/\/a-h-health.ch\/wp-content\/uploads\/2024\/03\/SAVEGARD_50G.jpg\" \/>\n\t<meta property=\"og:image:width\" content=\"1600\" \/>\n\t<meta property=\"og:image:height\" content=\"1528\" \/>\n\t<meta property=\"og:image:type\" content=\"image\/jpeg\" \/>\n<meta name=\"twitter:card\" content=\"summary_large_image\" \/>\n<meta name=\"twitter:label1\" content=\"Dur\u00e9e de lecture estim\u00e9e\" \/>\n\t<meta name=\"twitter:data1\" content=\"1 minute\" \/>\n<script type=\"application\/ld+json\" class=\"yoast-schema-graph\">{\"@context\":\"https:\\\/\\\/schema.org\",\"@graph\":[{\"@type\":\"WebPage\",\"@id\":\"https:\\\/\\\/a-h-health.ch\\\/shop\\\/savegard-paste-50g\\\/\",\"url\":\"https:\\\/\\\/a-h-health.ch\\\/shop\\\/savegard-paste-50g\\\/\",\"name\":\"SaveGard Paste 50g - Animal &amp; Human Health AG\",\"isPartOf\":{\"@id\":\"https:\\\/\\\/a-h-health.ch\\\/#website\"},\"primaryImageOfPage\":{\"@id\":\"https:\\\/\\\/a-h-health.ch\\\/shop\\\/savegard-paste-50g\\\/#primaryimage\"},\"image\":{\"@id\":\"https:\\\/\\\/a-h-health.ch\\\/shop\\\/savegard-paste-50g\\\/#primaryimage\"},\"thumbnailUrl\":\"https:\\\/\\\/a-h-health.ch\\\/wp-content\\\/uploads\\\/2024\\\/03\\\/SAVEGARD_50G.jpg\",\"datePublished\":\"2024-03-26T13:44:15+00:00\",\"dateModified\":\"2025-02-13T12:35:35+00:00\",\"breadcrumb\":{\"@id\":\"https:\\\/\\\/a-h-health.ch\\\/shop\\\/savegard-paste-50g\\\/#breadcrumb\"},\"inLanguage\":\"fr-FR\",\"potentialAction\":[{\"@type\":\"ReadAction\",\"target\":[\"https:\\\/\\\/a-h-health.ch\\\/shop\\\/savegard-paste-50g\\\/\"]}]},{\"@type\":\"ImageObject\",\"inLanguage\":\"fr-FR\",\"@id\":\"https:\\\/\\\/a-h-health.ch\\\/shop\\\/savegard-paste-50g\\\/#primaryimage\",\"url\":\"https:\\\/\\\/a-h-health.ch\\\/wp-content\\\/uploads\\\/2024\\\/03\\\/SAVEGARD_50G.jpg\",\"contentUrl\":\"https:\\\/\\\/a-h-health.ch\\\/wp-content\\\/uploads\\\/2024\\\/03\\\/SAVEGARD_50G.jpg\",\"width\":1600,\"height\":1528},{\"@type\":\"BreadcrumbList\",\"@id\":\"https:\\\/\\\/a-h-health.ch\\\/shop\\\/savegard-paste-50g\\\/#breadcrumb\",\"itemListElement\":[{\"@type\":\"ListItem\",\"position\":1,\"name\":\"Startseite\",\"item\":\"https:\\\/\\\/a-h-health.ch\\\/\"},{\"@type\":\"ListItem\",\"position\":2,\"name\":\"Shop\",\"item\":\"https:\\\/\\\/a-h-health.ch\\\/shop\\\/\"},{\"@type\":\"ListItem\",\"position\":3,\"name\":\"SaveGard Paste 50g\"}]},{\"@type\":\"WebSite\",\"@id\":\"https:\\\/\\\/a-h-health.ch\\\/#website\",\"url\":\"https:\\\/\\\/a-h-health.ch\\\/\",\"name\":\"Animal and Human Health AG\",\"description\":\"Wir sind Ihre Ansprechpartner, wenn es um die professionelle Gesundheit und das Wohl ihres Tieres geht.\",\"publisher\":{\"@id\":\"https:\\\/\\\/a-h-health.ch\\\/#organization\"},\"alternateName\":\"a-h-health\",\"potentialAction\":[{\"@type\":\"SearchAction\",\"target\":{\"@type\":\"EntryPoint\",\"urlTemplate\":\"https:\\\/\\\/a-h-health.ch\\\/?s={search_term_string}\"},\"query-input\":{\"@type\":\"PropertyValueSpecification\",\"valueRequired\":true,\"valueName\":\"search_term_string\"}}],\"inLanguage\":\"fr-FR\"},{\"@type\":\"Organization\",\"@id\":\"https:\\\/\\\/a-h-health.ch\\\/#organization\",\"name\":\"Animal & Human Health AG\",\"url\":\"https:\\\/\\\/a-h-health.ch\\\/\",\"logo\":{\"@type\":\"ImageObject\",\"inLanguage\":\"fr-FR\",\"@id\":\"https:\\\/\\\/a-h-health.ch\\\/#\\\/schema\\\/logo\\\/image\\\/\",\"url\":\"https:\\\/\\\/a-h-health.ch\\\/wp-content\\\/uploads\\\/2020\\\/12\\\/Logo-animal-health.jpg\",\"contentUrl\":\"https:\\\/\\\/a-h-health.ch\\\/wp-content\\\/uploads\\\/2020\\\/12\\\/Logo-animal-health.jpg\",\"width\":653,\"height\":56,\"caption\":\"Animal & Human Health AG\"},\"image\":{\"@id\":\"https:\\\/\\\/a-h-health.ch\\\/#\\\/schema\\\/logo\\\/image\\\/\"}}]}<\/script>\n<!-- \/ Yoast SEO plugin. -->","yoast_head_json":{"title":"Save\u00adGard Paste 50g \u2013 Ani\u00admal &amp; Human Health AG","robots":{"index":"index","follow":"follow","max-snippet":"max-snippet:-1","max-image-preview":"max-image-preview:large","max-video-preview":"max-video-preview:-1"},"canonical":"https:\/\/a-h-health.ch\/fr\/shop\/savegard-paste-50g\/","og_locale":"fr_FR","og_type":"article","og_title":"SaveGard Paste 50g - Animal &amp; Human Health AG","og_description":"Bei Koliken und Kotwasser! Savegard ist ein Erg\u00e4nzungsfuttermittel und hat eine positive Wirkung auf die Darmflora, f\u00f6rdert die Entwicklung von positiven Darmbakterien und kann die negative Ver\u00e4nderung der Magenschleimhaut vorbeugen. Die Inhaltsstoffe wirken auf der Ebene des Verdauungssystems und k\u00f6nnen zum Wohlbefinden des Verdauungstrakts der Pferde beitragen. F\u00fctterungsempfehlung: Pferd (500 kg): 50 g t\u00e4glich, Fohlen: [&hellip;]","og_url":"https:\/\/a-h-health.ch\/fr\/shop\/savegard-paste-50g\/","og_site_name":"Animal &amp; Human Health AG","article_modified_time":"2025-02-13T12:35:35+00:00","og_image":[{"width":1600,"height":1528,"url":"https:\/\/a-h-health.ch\/wp-content\/uploads\/2024\/03\/SAVEGARD_50G.jpg","type":"image\/jpeg"}],"twitter_card":"summary_large_image","twitter_misc":{"Dur\u00e9e de lecture estim\u00e9e":"1 minute"},"schema":{"@context":"https:\/\/schema.org","@graph":[{"@type":"WebPage","@id":"https:\/\/a-h-health.ch\/shop\/savegard-paste-50g\/","url":"https:\/\/a-h-health.ch\/shop\/savegard-paste-50g\/","name":"Save\u00adGard Paste 50g \u2013 Ani\u00admal &amp; Human Health AG","isPartOf":{"@id":"https:\/\/a-h-health.ch\/#website"},"primaryImageOfPage":{"@id":"https:\/\/a-h-health.ch\/shop\/savegard-paste-50g\/#primaryimage"},"image":{"@id":"https:\/\/a-h-health.ch\/shop\/savegard-paste-50g\/#primaryimage"},"thumbnailUrl":"https:\/\/a-h-health.ch\/wp-content\/uploads\/2024\/03\/SAVEGARD_50G.jpg","datePublished":"2024-03-26T13:44:15+00:00","dateModified":"2025-02-13T12:35:35+00:00","breadcrumb":{"@id":"https:\/\/a-h-health.ch\/shop\/savegard-paste-50g\/#breadcrumb"},"inLanguage":"fr-FR","potentialAction":[{"@type":"ReadAction","target":["https:\/\/a-h-health.ch\/shop\/savegard-paste-50g\/"]}]},{"@type":"ImageObject","inLanguage":"fr-FR","@id":"https:\/\/a-h-health.ch\/shop\/savegard-paste-50g\/#primaryimage","url":"https:\/\/a-h-health.ch\/wp-content\/uploads\/2024\/03\/SAVEGARD_50G.jpg","contentUrl":"https:\/\/a-h-health.ch\/wp-content\/uploads\/2024\/03\/SAVEGARD_50G.jpg","width":1600,"height":1528},{"@type":"BreadcrumbList","@id":"https:\/\/a-h-health.ch\/shop\/savegard-paste-50g\/#breadcrumb","itemListElement":[{"@type":"ListItem","position":1,"name":"Startseite","item":"https:\/\/a-h-health.ch\/"},{"@type":"ListItem","position":2,"name":"Shop","item":"https:\/\/a-h-health.ch\/shop\/"},{"@type":"ListItem","position":3,"name":"SaveGard Paste 50g"}]},{"@type":"WebSite","@id":"https:\/\/a-h-health.ch\/#website","url":"https:\/\/a-h-health.ch\/","name":"Ani\u00admal and Human Health AG","description":"Nous som\u00admes vos interlo\u00adcu\u00adteurs lorsqu\u2019il s\u2019a\u00adgit de la san\u00adt\u00e9 pro\u00adfes\u00adsi\u00adon\u00adnel\u00adle et du bien-\u00eatre de vot\u00adre animal.","publisher":{"@id":"https:\/\/a-h-health.ch\/#organization"},"alternateName":"a-h-health","potentialAction":[{"@type":"SearchAction","target":{"@type":"EntryPoint","urlTemplate":"https:\/\/a-h-health.ch\/?s={search_term_string}"},"query-input":{"@type":"PropertyValueSpecification","valueRequired":true,"valueName":"search_term_string"}}],"inLanguage":"fr-FR"},{"@type":"Organization","@id":"https:\/\/a-h-health.ch\/#organization","name":"Ani\u00admal &amp; Human Health AG","url":"https:\/\/a-h-health.ch\/","logo":{"@type":"ImageObject","inLanguage":"fr-FR","@id":"https:\/\/a-h-health.ch\/#\/schema\/logo\/image\/","url":"https:\/\/a-h-health.ch\/wp-content\/uploads\/2020\/12\/Logo-animal-health.jpg","contentUrl":"https:\/\/a-h-health.ch\/wp-content\/uploads\/2020\/12\/Logo-animal-health.jpg","width":653,"height":56,"caption":"Animal & Human Health AG"},"image":{"@id":"https:\/\/a-h-health.ch\/#\/schema\/logo\/image\/"}}]}},"_links":{"self":[{"href":"https:\/\/a-h-health.ch\/fr\/wp-json\/wp\/v2\/product\/16036","targetHints":{"allow":["GET"]}}],"collection":[{"href":"https:\/\/a-h-health.ch\/fr\/wp-json\/wp\/v2\/product"}],"about":[{"href":"https:\/\/a-h-health.ch\/fr\/wp-json\/wp\/v2\/types\/product"}],"wp:featuredmedia":[{"embeddable":true,"href":"https:\/\/a-h-health.ch\/fr\/wp-json\/wp\/v2\/media\/16038"}],"wp:attachment":[{"href":"https:\/\/a-h-health.ch\/fr\/wp-json\/wp\/v2\/media?parent=16036"}],"wp:term":[{"taxonomy":"product_brand","embeddable":true,"href":"https:\/\/a-h-health.ch\/fr\/wp-json\/wp\/v2\/product_brand?post=16036"},{"taxonomy":"product_cat","embeddable":true,"href":"https:\/\/a-h-health.ch\/fr\/wp-json\/wp\/v2\/product_cat?post=16036"},{"taxonomy":"product_tag","embeddable":true,"href":"https:\/\/a-h-health.ch\/fr\/wp-json\/wp\/v2\/product_tag?post=16036"}],"curies":[{"name":"wp","href":"https:\/\/api.w.org\/{rel}","templated":true}]}}