{"id":16032,"date":"2024-03-26T14:42:08","date_gmt":"2024-03-26T13:42:08","guid":{"rendered":"https:\/\/a-h-health.ch\/?post_type=product&#038;p=16032"},"modified":"2025-02-13T13:38:12","modified_gmt":"2025-02-13T12:38:12","slug":"mysistol-pellets-2kg","status":"publish","type":"product","link":"https:\/\/a-h-health.ch\/fr\/shop\/mysistol-pellets-2kg\/","title":{"rendered":"Myri\u00adstol pel\u00adlets&nbsp;2kg"},"content":{"rendered":"<p>Pour des os soli\u00addes et des arti\u00adcu\u00adla\u00adti\u00adons sai\u00adnes ! For\u00admu\u00adle sp\u00e9\u00adci\u00adfi\u00adque pour les chevaux. Sou\u00adti\u00adent l\u2019ap\u00adpa\u00adreil loco\u00admo\u00adteur en cas d\u2019ef\u00adforts et de char\u00adges importants. Aide \u00e0 r\u00e9ta\u00adb\u00adlir la mobi\u00adli\u00adt\u00e9 et la fle\u00adxi\u00adbi\u00adli\u00adt\u00e9, mais peut aus\u00adsi aider \u00e0 tit\u00adre pro\u00adphyl\u00adac\u00adtique. Asso\u00adci\u00e9 \u00e0 une ali\u00admen\u00adta\u00adti\u00adon soi\u00adg\u00adn\u00e9e et \u00e0 l\u2019e\u00adxer\u00adci\u00adce, Myri\u00adstol est un com\u00adpl\u00e9\u00adment ali\u00admen\u00adtai\u00adre id\u00e9\u00adal et aide \u00e0 ma\u00eetri\u00adser l\u2019u\u00adsu\u00adre des arti\u00adcu\u00adla\u00adti\u00adons, en par\u00adti\u00adcu\u00adlier chez les races men\u00adac\u00e9es d\u2019ar\u00adthri\u00adte. Ses ing\u00adr\u00e9\u00addi\u00adents aident \u00e0 sou\u00adla\u00adger la dou\u00adleur et l\u2019inflammation.<\/p>\n<p>Recom\u00adman\u00adda\u00adti\u00adon d\u2019a\u00adli\u00admen\u00adta\u00adti\u00adon pour le che\u00adval (500kg) : 60g par&nbsp;jour<\/p>\n<p>Ing\u00adr\u00e9\u00addi\u00adents : m\u00e9thyl\u00adsul\u00adfo\u00adnyl\u00adm\u00e9tha\u00adne \u2013 glu\u00adcos\u00adami\u00adne de tis\u00adsus ani\u00admaux \u2013 hydro\u00adly\u00adsat de col\u00adla\u00adg\u00e8\u00adne \u2013 pali\u00admi\u00adtoi\u00adlet\u00ada\u00adnol\u00adami\u00adde (PEA) \u2013 Addi\u00adtifs \/ KG Vit\u00adami\u00adne C (3a300) 13.200 mg \u2013 DL-m\u00e9thio\u00adni\u00adne (3c301) 3.500 mg \u2013 Man\u00adgan\u00e8\u00adse (oxy\u00adde de man\u00adgan\u00e8\u00adse) (3b502) 3.950 mg \u2013 Zinc (oxy\u00adde de zinc) (3b603) 3.500 mg \u2013 Cui\u00adv\u00adre (ch\u00e9\u00adla\u00adte de cui\u00adv\u00adre de l\u2019ana\u00adlo\u00adgue hydroxy\u00adl\u00e9 de la m\u00e9thio\u00adni\u00adne) (3b4,10) 700&nbsp;mg<\/p>\n<p>Con\u00adsti\u00adtu\u00adants ana\u00adly\u00adti\u00adques : Pro\u00adt\u00e9\u00adi\u00adnes brutes 15.0 %, grais\u00adses brutes 2,5 %, fibres brutes 6,0 %, cend\u00adres brutes 5,5 %, sodi\u00adum 0,2 %<\/p>","protected":false},"excerpt":{"rendered":"<p>F\u00fcr starke Knochen und gesunde Gelenke! Spezifische Formel f\u00fcr Pferde. Unterst\u00fctzt den Bewegungsapparat bei grossen Anstrengungen und Belastungen. Hilft die Beweglichkeit und Flexibilit\u00e4t wiederherzustellen, kann aber auch prophylaktisch helfen. In Kombination mit einer sorgf\u00e4ltigen Ern\u00e4hrung und Bewegung ist Myristol ein ideales Erg\u00e4nzungsfuttermittel und hilft den Gelenkverschleiss unter Kontrolle zu halten, insbesondere bei Rassen, die von [&hellip;]<\/p>\n","protected":false},"featured_media":16034,"template":"","meta":{"wp_typography_post_enhancements_disabled":false},"product_brand":[],"product_cat":[615,555,34,562],"product_tag":[574],"class_list":{"0":"post-16032","1":"product","2":"type-product","3":"status-publish","4":"has-post-thumbnail","6":"product_cat-equality-marke","7":"product_cat-futtermittel","8":"product_cat-nahrungsergaenzung","9":"product_cat-pferd","10":"product_tag-futter-und-diverse","12":"first","13":"instock","14":"taxable","15":"shipping-taxable","16":"product-type-simple"},"yoast_head":"<!-- This site is optimized with the Yoast SEO plugin v27.4 - https:\/\/yoast.com\/product\/yoast-seo-wordpress\/ -->\n<title>Myristol Pellets 2kg - Animal &amp; Human Health AG<\/title>\n<meta name=\"robots\" content=\"index, follow, max-snippet:-1, max-image-preview:large, max-video-preview:-1\" \/>\n<link rel=\"canonical\" href=\"https:\/\/a-h-health.ch\/fr\/shop\/mysistol-pellets-2kg\/\" \/>\n<meta property=\"og:locale\" content=\"fr_FR\" \/>\n<meta property=\"og:type\" content=\"article\" \/>\n<meta property=\"og:title\" content=\"Myristol Pellets 2kg - Animal &amp; Human Health AG\" \/>\n<meta property=\"og:description\" content=\"F\u00fcr starke Knochen und gesunde Gelenke! Spezifische Formel f\u00fcr Pferde. Unterst\u00fctzt den Bewegungsapparat bei grossen Anstrengungen und Belastungen. Hilft die Beweglichkeit und Flexibilit\u00e4t wiederherzustellen, kann aber auch prophylaktisch helfen. In Kombination mit einer sorgf\u00e4ltigen Ern\u00e4hrung und Bewegung ist Myristol ein ideales Erg\u00e4nzungsfuttermittel und hilft den Gelenkverschleiss unter Kontrolle zu halten, insbesondere bei Rassen, die von [&hellip;]\" \/>\n<meta property=\"og:url\" content=\"https:\/\/a-h-health.ch\/fr\/shop\/mysistol-pellets-2kg\/\" \/>\n<meta property=\"og:site_name\" content=\"Animal &amp; Human Health AG\" \/>\n<meta property=\"article:modified_time\" content=\"2025-02-13T12:38:12+00:00\" \/>\n<meta property=\"og:image\" content=\"https:\/\/a-h-health.ch\/wp-content\/uploads\/2024\/03\/MYRISTOL.jpg\" \/>\n\t<meta property=\"og:image:width\" content=\"1509\" \/>\n\t<meta property=\"og:image:height\" content=\"1600\" \/>\n\t<meta property=\"og:image:type\" content=\"image\/jpeg\" \/>\n<meta name=\"twitter:card\" content=\"summary_large_image\" \/>\n<meta name=\"twitter:label1\" content=\"Dur\u00e9e de lecture estim\u00e9e\" \/>\n\t<meta name=\"twitter:data1\" content=\"1 minute\" \/>\n<script type=\"application\/ld+json\" class=\"yoast-schema-graph\">{\"@context\":\"https:\\\/\\\/schema.org\",\"@graph\":[{\"@type\":\"WebPage\",\"@id\":\"https:\\\/\\\/a-h-health.ch\\\/shop\\\/mysistol-pellets-2kg\\\/\",\"url\":\"https:\\\/\\\/a-h-health.ch\\\/shop\\\/mysistol-pellets-2kg\\\/\",\"name\":\"Myristol Pellets 2kg - Animal &amp; Human Health AG\",\"isPartOf\":{\"@id\":\"https:\\\/\\\/a-h-health.ch\\\/#website\"},\"primaryImageOfPage\":{\"@id\":\"https:\\\/\\\/a-h-health.ch\\\/shop\\\/mysistol-pellets-2kg\\\/#primaryimage\"},\"image\":{\"@id\":\"https:\\\/\\\/a-h-health.ch\\\/shop\\\/mysistol-pellets-2kg\\\/#primaryimage\"},\"thumbnailUrl\":\"https:\\\/\\\/a-h-health.ch\\\/wp-content\\\/uploads\\\/2024\\\/03\\\/MYRISTOL.jpg\",\"datePublished\":\"2024-03-26T13:42:08+00:00\",\"dateModified\":\"2025-02-13T12:38:12+00:00\",\"breadcrumb\":{\"@id\":\"https:\\\/\\\/a-h-health.ch\\\/shop\\\/mysistol-pellets-2kg\\\/#breadcrumb\"},\"inLanguage\":\"fr-FR\",\"potentialAction\":[{\"@type\":\"ReadAction\",\"target\":[\"https:\\\/\\\/a-h-health.ch\\\/shop\\\/mysistol-pellets-2kg\\\/\"]}]},{\"@type\":\"ImageObject\",\"inLanguage\":\"fr-FR\",\"@id\":\"https:\\\/\\\/a-h-health.ch\\\/shop\\\/mysistol-pellets-2kg\\\/#primaryimage\",\"url\":\"https:\\\/\\\/a-h-health.ch\\\/wp-content\\\/uploads\\\/2024\\\/03\\\/MYRISTOL.jpg\",\"contentUrl\":\"https:\\\/\\\/a-h-health.ch\\\/wp-content\\\/uploads\\\/2024\\\/03\\\/MYRISTOL.jpg\",\"width\":1509,\"height\":1600},{\"@type\":\"BreadcrumbList\",\"@id\":\"https:\\\/\\\/a-h-health.ch\\\/shop\\\/mysistol-pellets-2kg\\\/#breadcrumb\",\"itemListElement\":[{\"@type\":\"ListItem\",\"position\":1,\"name\":\"Startseite\",\"item\":\"https:\\\/\\\/a-h-health.ch\\\/\"},{\"@type\":\"ListItem\",\"position\":2,\"name\":\"Shop\",\"item\":\"https:\\\/\\\/a-h-health.ch\\\/shop\\\/\"},{\"@type\":\"ListItem\",\"position\":3,\"name\":\"Myristol Pellets 2kg\"}]},{\"@type\":\"WebSite\",\"@id\":\"https:\\\/\\\/a-h-health.ch\\\/#website\",\"url\":\"https:\\\/\\\/a-h-health.ch\\\/\",\"name\":\"Animal and Human Health AG\",\"description\":\"Wir sind Ihre Ansprechpartner, wenn es um die professionelle Gesundheit und das Wohl ihres Tieres geht.\",\"publisher\":{\"@id\":\"https:\\\/\\\/a-h-health.ch\\\/#organization\"},\"alternateName\":\"a-h-health\",\"potentialAction\":[{\"@type\":\"SearchAction\",\"target\":{\"@type\":\"EntryPoint\",\"urlTemplate\":\"https:\\\/\\\/a-h-health.ch\\\/?s={search_term_string}\"},\"query-input\":{\"@type\":\"PropertyValueSpecification\",\"valueRequired\":true,\"valueName\":\"search_term_string\"}}],\"inLanguage\":\"fr-FR\"},{\"@type\":\"Organization\",\"@id\":\"https:\\\/\\\/a-h-health.ch\\\/#organization\",\"name\":\"Animal & Human Health AG\",\"url\":\"https:\\\/\\\/a-h-health.ch\\\/\",\"logo\":{\"@type\":\"ImageObject\",\"inLanguage\":\"fr-FR\",\"@id\":\"https:\\\/\\\/a-h-health.ch\\\/#\\\/schema\\\/logo\\\/image\\\/\",\"url\":\"https:\\\/\\\/a-h-health.ch\\\/wp-content\\\/uploads\\\/2020\\\/12\\\/Logo-animal-health.jpg\",\"contentUrl\":\"https:\\\/\\\/a-h-health.ch\\\/wp-content\\\/uploads\\\/2020\\\/12\\\/Logo-animal-health.jpg\",\"width\":653,\"height\":56,\"caption\":\"Animal & Human Health AG\"},\"image\":{\"@id\":\"https:\\\/\\\/a-h-health.ch\\\/#\\\/schema\\\/logo\\\/image\\\/\"}}]}<\/script>\n<!-- \/ Yoast SEO plugin. -->","yoast_head_json":{"title":"Myri\u00adstol Pel\u00adlets 2kg \u2013 Ani\u00admal &amp; Human Health AG","robots":{"index":"index","follow":"follow","max-snippet":"max-snippet:-1","max-image-preview":"max-image-preview:large","max-video-preview":"max-video-preview:-1"},"canonical":"https:\/\/a-h-health.ch\/fr\/shop\/mysistol-pellets-2kg\/","og_locale":"fr_FR","og_type":"article","og_title":"Myristol Pellets 2kg - Animal &amp; Human Health AG","og_description":"F\u00fcr starke Knochen und gesunde Gelenke! Spezifische Formel f\u00fcr Pferde. Unterst\u00fctzt den Bewegungsapparat bei grossen Anstrengungen und Belastungen. Hilft die Beweglichkeit und Flexibilit\u00e4t wiederherzustellen, kann aber auch prophylaktisch helfen. In Kombination mit einer sorgf\u00e4ltigen Ern\u00e4hrung und Bewegung ist Myristol ein ideales Erg\u00e4nzungsfuttermittel und hilft den Gelenkverschleiss unter Kontrolle zu halten, insbesondere bei Rassen, die von [&hellip;]","og_url":"https:\/\/a-h-health.ch\/fr\/shop\/mysistol-pellets-2kg\/","og_site_name":"Animal &amp; Human Health AG","article_modified_time":"2025-02-13T12:38:12+00:00","og_image":[{"width":1509,"height":1600,"url":"https:\/\/a-h-health.ch\/wp-content\/uploads\/2024\/03\/MYRISTOL.jpg","type":"image\/jpeg"}],"twitter_card":"summary_large_image","twitter_misc":{"Dur\u00e9e de lecture estim\u00e9e":"1 minute"},"schema":{"@context":"https:\/\/schema.org","@graph":[{"@type":"WebPage","@id":"https:\/\/a-h-health.ch\/shop\/mysistol-pellets-2kg\/","url":"https:\/\/a-h-health.ch\/shop\/mysistol-pellets-2kg\/","name":"Myri\u00adstol Pel\u00adlets 2kg \u2013 Ani\u00admal &amp; Human Health AG","isPartOf":{"@id":"https:\/\/a-h-health.ch\/#website"},"primaryImageOfPage":{"@id":"https:\/\/a-h-health.ch\/shop\/mysistol-pellets-2kg\/#primaryimage"},"image":{"@id":"https:\/\/a-h-health.ch\/shop\/mysistol-pellets-2kg\/#primaryimage"},"thumbnailUrl":"https:\/\/a-h-health.ch\/wp-content\/uploads\/2024\/03\/MYRISTOL.jpg","datePublished":"2024-03-26T13:42:08+00:00","dateModified":"2025-02-13T12:38:12+00:00","breadcrumb":{"@id":"https:\/\/a-h-health.ch\/shop\/mysistol-pellets-2kg\/#breadcrumb"},"inLanguage":"fr-FR","potentialAction":[{"@type":"ReadAction","target":["https:\/\/a-h-health.ch\/shop\/mysistol-pellets-2kg\/"]}]},{"@type":"ImageObject","inLanguage":"fr-FR","@id":"https:\/\/a-h-health.ch\/shop\/mysistol-pellets-2kg\/#primaryimage","url":"https:\/\/a-h-health.ch\/wp-content\/uploads\/2024\/03\/MYRISTOL.jpg","contentUrl":"https:\/\/a-h-health.ch\/wp-content\/uploads\/2024\/03\/MYRISTOL.jpg","width":1509,"height":1600},{"@type":"BreadcrumbList","@id":"https:\/\/a-h-health.ch\/shop\/mysistol-pellets-2kg\/#breadcrumb","itemListElement":[{"@type":"ListItem","position":1,"name":"Startseite","item":"https:\/\/a-h-health.ch\/"},{"@type":"ListItem","position":2,"name":"Shop","item":"https:\/\/a-h-health.ch\/shop\/"},{"@type":"ListItem","position":3,"name":"Myristol Pellets 2kg"}]},{"@type":"WebSite","@id":"https:\/\/a-h-health.ch\/#website","url":"https:\/\/a-h-health.ch\/","name":"Ani\u00admal and Human Health AG","description":"Nous som\u00admes vos interlo\u00adcu\u00adteurs lorsqu\u2019il s\u2019a\u00adgit de la san\u00adt\u00e9 pro\u00adfes\u00adsi\u00adon\u00adnel\u00adle et du bien-\u00eatre de vot\u00adre animal.","publisher":{"@id":"https:\/\/a-h-health.ch\/#organization"},"alternateName":"a-h-health","potentialAction":[{"@type":"SearchAction","target":{"@type":"EntryPoint","urlTemplate":"https:\/\/a-h-health.ch\/?s={search_term_string}"},"query-input":{"@type":"PropertyValueSpecification","valueRequired":true,"valueName":"search_term_string"}}],"inLanguage":"fr-FR"},{"@type":"Organization","@id":"https:\/\/a-h-health.ch\/#organization","name":"Ani\u00admal &amp; Human Health AG","url":"https:\/\/a-h-health.ch\/","logo":{"@type":"ImageObject","inLanguage":"fr-FR","@id":"https:\/\/a-h-health.ch\/#\/schema\/logo\/image\/","url":"https:\/\/a-h-health.ch\/wp-content\/uploads\/2020\/12\/Logo-animal-health.jpg","contentUrl":"https:\/\/a-h-health.ch\/wp-content\/uploads\/2020\/12\/Logo-animal-health.jpg","width":653,"height":56,"caption":"Animal & Human Health AG"},"image":{"@id":"https:\/\/a-h-health.ch\/#\/schema\/logo\/image\/"}}]}},"_links":{"self":[{"href":"https:\/\/a-h-health.ch\/fr\/wp-json\/wp\/v2\/product\/16032","targetHints":{"allow":["GET"]}}],"collection":[{"href":"https:\/\/a-h-health.ch\/fr\/wp-json\/wp\/v2\/product"}],"about":[{"href":"https:\/\/a-h-health.ch\/fr\/wp-json\/wp\/v2\/types\/product"}],"wp:featuredmedia":[{"embeddable":true,"href":"https:\/\/a-h-health.ch\/fr\/wp-json\/wp\/v2\/media\/16034"}],"wp:attachment":[{"href":"https:\/\/a-h-health.ch\/fr\/wp-json\/wp\/v2\/media?parent=16032"}],"wp:term":[{"taxonomy":"product_brand","embeddable":true,"href":"https:\/\/a-h-health.ch\/fr\/wp-json\/wp\/v2\/product_brand?post=16032"},{"taxonomy":"product_cat","embeddable":true,"href":"https:\/\/a-h-health.ch\/fr\/wp-json\/wp\/v2\/product_cat?post=16032"},{"taxonomy":"product_tag","embeddable":true,"href":"https:\/\/a-h-health.ch\/fr\/wp-json\/wp\/v2\/product_tag?post=16032"}],"curies":[{"name":"wp","href":"https:\/\/api.w.org\/{rel}","templated":true}]}}