{"id":16026,"date":"2024-03-26T14:40:26","date_gmt":"2024-03-26T13:40:26","guid":{"rendered":"https:\/\/a-h-health.ch\/?post_type=product&#038;p=16026"},"modified":"2025-02-13T13:39:53","modified_gmt":"2025-02-13T12:39:53","slug":"mysistol-booster-paste-50g","status":"publish","type":"product","link":"https:\/\/a-h-health.ch\/fr\/shop\/mysistol-booster-paste-50g\/","title":{"rendered":"Myri\u00adstol Boo\u00adster P\u00e2te&nbsp;50g"},"content":{"rendered":"<p>Pour des os soli\u00addes et des arti\u00adcu\u00adla\u00adti\u00adons sai\u00adnes ! For\u00admu\u00adle sp\u00e9\u00adci\u00adfi\u00adque pour les chevaux. Sou\u00adti\u00adent l\u2019ap\u00adpa\u00adreil loco\u00admo\u00adteur en cas d\u2019ef\u00adforts et de char\u00adges importants. Aide \u00e0 r\u00e9ta\u00adb\u00adlir la mobi\u00adli\u00adt\u00e9 et la fle\u00adxi\u00adbi\u00adli\u00adt\u00e9, mais peut aus\u00adsi aider \u00e0 tit\u00adre pro\u00adphyl\u00adac\u00adtique. Asso\u00adci\u00e9 \u00e0 une ali\u00admen\u00adta\u00adti\u00adon soi\u00adg\u00adn\u00e9e et \u00e0 l\u2019e\u00adxer\u00adci\u00adce, Myri\u00adstol est un com\u00adpl\u00e9\u00adment ali\u00admen\u00adtai\u00adre id\u00e9\u00adal et aide \u00e0 ma\u00eetri\u00adser l\u2019u\u00adsu\u00adre des arti\u00adcu\u00adla\u00adti\u00adons, en par\u00adti\u00adcu\u00adlier chez les races men\u00adac\u00e9es d\u2019ar\u00adthri\u00adte. Ses ing\u00adr\u00e9\u00addi\u00adents aident \u00e0 sou\u00adla\u00adger la dou\u00adleur et l\u2019inflammation.<\/p>\n<p>Recom\u00adman\u00adda\u00adti\u00adon d\u2019a\u00adli\u00admen\u00adta\u00adti\u00adon pour le che\u00adval (500kg) : 60g par&nbsp;jour<\/p>\n<p><em>Ing\u00adr\u00e9\u00addi\u00adents : m\u00e9thyl\u00adsuf\u00ado\u00adnyl\u00adm\u00e9tha\u00adne \u2013 pro\u00adduit riche en pro\u00adt\u00e9\u00adi\u00adnes d\u2019A\u00ads\u00adper\u00adgyl\u00adlus ory\u00adzae \u2013 fari\u00adne de soja fer\u00admen\u00adt\u00e9e (Ferm\u00adSoy) \u2013 glu\u00adcos\u00adami\u00adne de tis\u00adsu ani\u00admal \u2013 hui\u00adle v\u00e9g\u00e9\u00adta\u00adle de tri\u00adgly\u00adc\u00e9\u00adri\u00addes \u00e0 cha\u00ee\u00adne moy\u00adenne \u2013 hui\u00adle de sau\u00admon \u2013 ami\u00addon de ma\u00efs pr\u00e9\u00adg\u00e9\u00adla\u00adti\u00adni\u00ads\u00e9 \u2013 aci\u00adde alfa-lipo\u00ef\u00adque \u2013 l\u00e9ci\u00adthi\u00adne brute \u2013 sac\u00adcha\u00adro\u00adse \u2013 col\u00adla\u00adg\u00e8\u00adne de pou\u00adlet \u2013 jus et pul\u00adpe de melon lyo\u00adphi\u00adli\u00ads\u00e9s (Mel\u00adofeed\u00ae) \u2013 hui\u00adle de&nbsp;palme<br>\nAdditifs\/kf:oligo-\u00e9l\u00e9ments : Zinc (oxy\u00adde de zinc) (3b603) 8.000 mg, cui\u00adv\u00adre (sul\u00adfa\u00adte de cui\u00adv\u00adre pen\u00adta\u00adhy\u00addra\u00adt\u00e9) (3b405) 500 mg ; vit\u00adami\u00adnes : Vit\u00adami\u00adne C (3a300) 4.800 mg, Vit\u00adami\u00adne E (3a700) 4.800 mg ; Aro\u00adma\u00adtisants : extrait de Bos\u00adwel\u00adlia ser\u00adra\u00adta 10 g, extrait d\u2019o\u00adli\u00adve 15 g, extrait de r\u00e9g\u00adlis\u00adse 50 g ; Aci\u00addes ami\u00adn\u00e9s : DL-m\u00e9thio\u00adni\u00adne (3c301) 40&nbsp;g<\/em><\/p>\n<p><i><span style=\"font-size: 7.0pt; font-family: 'Arial',sans-serif;\">Con\u00adsti\u00adtu\u00adants ana\u00adly\u00adti\u00adques : humi\u00addi\u00adt\u00e9 66,0 %, pro\u00adt\u00e9\u00adi\u00adnes brutes 5,6 %, grais\u00adses brutes 9,6 %, fibres brutes 1,0 %, cend\u00adres brutes 4,0 %, sodi\u00adum 0,2 %<\/span><\/i><\/p>","protected":false},"excerpt":{"rendered":"<p>F\u00fcr starke Knochen und gesunde Gelenke! Spezifische Formel f\u00fcr Pferde. Unterst\u00fctzt den Bewegungsapparat bei grossen Anstrengungen und Belastungen. Hilft die Beweglichkeit und Flexibilit\u00e4t wiederherzustellen, kann aber auch prophylaktisch helfen. In Kombination mit einer sorgf\u00e4ltigen Ern\u00e4hrung und Bewegung ist Myristol ein ideales Erg\u00e4nzungsfuttermittel und hilft den Gelenkverschleiss unter Kontrolle zu halten, insbesondere bei Rassen, die von [&hellip;]<\/p>\n","protected":false},"featured_media":16028,"template":"","meta":{"wp_typography_post_enhancements_disabled":false},"product_brand":[],"product_cat":[615,555,34,562],"product_tag":[574],"class_list":{"0":"post-16026","1":"product","2":"type-product","3":"status-publish","4":"has-post-thumbnail","6":"product_cat-equality-marke","7":"product_cat-futtermittel","8":"product_cat-nahrungsergaenzung","9":"product_cat-pferd","10":"product_tag-futter-und-diverse","12":"first","13":"instock","14":"taxable","15":"shipping-taxable","16":"product-type-simple"},"yoast_head":"<!-- This site is optimized with the Yoast SEO plugin v27.4 - https:\/\/yoast.com\/product\/yoast-seo-wordpress\/ -->\n<title>Myristol Booster Paste 50g - Animal &amp; Human Health AG<\/title>\n<meta name=\"robots\" content=\"index, follow, max-snippet:-1, max-image-preview:large, max-video-preview:-1\" \/>\n<link rel=\"canonical\" href=\"https:\/\/a-h-health.ch\/fr\/shop\/mysistol-booster-paste-50g\/\" \/>\n<meta property=\"og:locale\" content=\"fr_FR\" \/>\n<meta property=\"og:type\" content=\"article\" \/>\n<meta property=\"og:title\" content=\"Myristol Booster Paste 50g - Animal &amp; Human Health AG\" \/>\n<meta property=\"og:description\" content=\"F\u00fcr starke Knochen und gesunde Gelenke! Spezifische Formel f\u00fcr Pferde. Unterst\u00fctzt den Bewegungsapparat bei grossen Anstrengungen und Belastungen. Hilft die Beweglichkeit und Flexibilit\u00e4t wiederherzustellen, kann aber auch prophylaktisch helfen. In Kombination mit einer sorgf\u00e4ltigen Ern\u00e4hrung und Bewegung ist Myristol ein ideales Erg\u00e4nzungsfuttermittel und hilft den Gelenkverschleiss unter Kontrolle zu halten, insbesondere bei Rassen, die von [&hellip;]\" \/>\n<meta property=\"og:url\" content=\"https:\/\/a-h-health.ch\/fr\/shop\/mysistol-booster-paste-50g\/\" \/>\n<meta property=\"og:site_name\" content=\"Animal &amp; Human Health AG\" \/>\n<meta property=\"article:modified_time\" content=\"2025-02-13T12:39:53+00:00\" \/>\n<meta property=\"og:image\" content=\"https:\/\/a-h-health.ch\/wp-content\/uploads\/2024\/03\/MYRISTOL_BOOSTER.jpg\" \/>\n\t<meta property=\"og:image:width\" content=\"1600\" \/>\n\t<meta property=\"og:image:height\" content=\"1594\" \/>\n\t<meta property=\"og:image:type\" content=\"image\/jpeg\" \/>\n<meta name=\"twitter:card\" content=\"summary_large_image\" \/>\n<meta name=\"twitter:label1\" content=\"Dur\u00e9e de lecture estim\u00e9e\" \/>\n\t<meta name=\"twitter:data1\" content=\"1 minute\" \/>\n<script type=\"application\/ld+json\" class=\"yoast-schema-graph\">{\"@context\":\"https:\\\/\\\/schema.org\",\"@graph\":[{\"@type\":\"WebPage\",\"@id\":\"https:\\\/\\\/a-h-health.ch\\\/shop\\\/mysistol-booster-paste-50g\\\/\",\"url\":\"https:\\\/\\\/a-h-health.ch\\\/shop\\\/mysistol-booster-paste-50g\\\/\",\"name\":\"Myristol Booster Paste 50g - Animal &amp; Human Health AG\",\"isPartOf\":{\"@id\":\"https:\\\/\\\/a-h-health.ch\\\/#website\"},\"primaryImageOfPage\":{\"@id\":\"https:\\\/\\\/a-h-health.ch\\\/shop\\\/mysistol-booster-paste-50g\\\/#primaryimage\"},\"image\":{\"@id\":\"https:\\\/\\\/a-h-health.ch\\\/shop\\\/mysistol-booster-paste-50g\\\/#primaryimage\"},\"thumbnailUrl\":\"https:\\\/\\\/a-h-health.ch\\\/wp-content\\\/uploads\\\/2024\\\/03\\\/MYRISTOL_BOOSTER.jpg\",\"datePublished\":\"2024-03-26T13:40:26+00:00\",\"dateModified\":\"2025-02-13T12:39:53+00:00\",\"breadcrumb\":{\"@id\":\"https:\\\/\\\/a-h-health.ch\\\/shop\\\/mysistol-booster-paste-50g\\\/#breadcrumb\"},\"inLanguage\":\"fr-FR\",\"potentialAction\":[{\"@type\":\"ReadAction\",\"target\":[\"https:\\\/\\\/a-h-health.ch\\\/shop\\\/mysistol-booster-paste-50g\\\/\"]}]},{\"@type\":\"ImageObject\",\"inLanguage\":\"fr-FR\",\"@id\":\"https:\\\/\\\/a-h-health.ch\\\/shop\\\/mysistol-booster-paste-50g\\\/#primaryimage\",\"url\":\"https:\\\/\\\/a-h-health.ch\\\/wp-content\\\/uploads\\\/2024\\\/03\\\/MYRISTOL_BOOSTER.jpg\",\"contentUrl\":\"https:\\\/\\\/a-h-health.ch\\\/wp-content\\\/uploads\\\/2024\\\/03\\\/MYRISTOL_BOOSTER.jpg\",\"width\":1600,\"height\":1594},{\"@type\":\"BreadcrumbList\",\"@id\":\"https:\\\/\\\/a-h-health.ch\\\/shop\\\/mysistol-booster-paste-50g\\\/#breadcrumb\",\"itemListElement\":[{\"@type\":\"ListItem\",\"position\":1,\"name\":\"Startseite\",\"item\":\"https:\\\/\\\/a-h-health.ch\\\/\"},{\"@type\":\"ListItem\",\"position\":2,\"name\":\"Shop\",\"item\":\"https:\\\/\\\/a-h-health.ch\\\/shop\\\/\"},{\"@type\":\"ListItem\",\"position\":3,\"name\":\"Myristol Booster Paste 50g\"}]},{\"@type\":\"WebSite\",\"@id\":\"https:\\\/\\\/a-h-health.ch\\\/#website\",\"url\":\"https:\\\/\\\/a-h-health.ch\\\/\",\"name\":\"Animal and Human Health AG\",\"description\":\"Wir sind Ihre Ansprechpartner, wenn es um die professionelle Gesundheit und das Wohl ihres Tieres geht.\",\"publisher\":{\"@id\":\"https:\\\/\\\/a-h-health.ch\\\/#organization\"},\"alternateName\":\"a-h-health\",\"potentialAction\":[{\"@type\":\"SearchAction\",\"target\":{\"@type\":\"EntryPoint\",\"urlTemplate\":\"https:\\\/\\\/a-h-health.ch\\\/?s={search_term_string}\"},\"query-input\":{\"@type\":\"PropertyValueSpecification\",\"valueRequired\":true,\"valueName\":\"search_term_string\"}}],\"inLanguage\":\"fr-FR\"},{\"@type\":\"Organization\",\"@id\":\"https:\\\/\\\/a-h-health.ch\\\/#organization\",\"name\":\"Animal & Human Health AG\",\"url\":\"https:\\\/\\\/a-h-health.ch\\\/\",\"logo\":{\"@type\":\"ImageObject\",\"inLanguage\":\"fr-FR\",\"@id\":\"https:\\\/\\\/a-h-health.ch\\\/#\\\/schema\\\/logo\\\/image\\\/\",\"url\":\"https:\\\/\\\/a-h-health.ch\\\/wp-content\\\/uploads\\\/2020\\\/12\\\/Logo-animal-health.jpg\",\"contentUrl\":\"https:\\\/\\\/a-h-health.ch\\\/wp-content\\\/uploads\\\/2020\\\/12\\\/Logo-animal-health.jpg\",\"width\":653,\"height\":56,\"caption\":\"Animal & Human Health AG\"},\"image\":{\"@id\":\"https:\\\/\\\/a-h-health.ch\\\/#\\\/schema\\\/logo\\\/image\\\/\"}}]}<\/script>\n<!-- \/ Yoast SEO plugin. -->","yoast_head_json":{"title":"Myri\u00adstol Boo\u00adster Paste 50g \u2013 Ani\u00admal &amp; Human Health AG","robots":{"index":"index","follow":"follow","max-snippet":"max-snippet:-1","max-image-preview":"max-image-preview:large","max-video-preview":"max-video-preview:-1"},"canonical":"https:\/\/a-h-health.ch\/fr\/shop\/mysistol-booster-paste-50g\/","og_locale":"fr_FR","og_type":"article","og_title":"Myristol Booster Paste 50g - Animal &amp; Human Health AG","og_description":"F\u00fcr starke Knochen und gesunde Gelenke! Spezifische Formel f\u00fcr Pferde. Unterst\u00fctzt den Bewegungsapparat bei grossen Anstrengungen und Belastungen. Hilft die Beweglichkeit und Flexibilit\u00e4t wiederherzustellen, kann aber auch prophylaktisch helfen. In Kombination mit einer sorgf\u00e4ltigen Ern\u00e4hrung und Bewegung ist Myristol ein ideales Erg\u00e4nzungsfuttermittel und hilft den Gelenkverschleiss unter Kontrolle zu halten, insbesondere bei Rassen, die von [&hellip;]","og_url":"https:\/\/a-h-health.ch\/fr\/shop\/mysistol-booster-paste-50g\/","og_site_name":"Animal &amp; Human Health AG","article_modified_time":"2025-02-13T12:39:53+00:00","og_image":[{"width":1600,"height":1594,"url":"https:\/\/a-h-health.ch\/wp-content\/uploads\/2024\/03\/MYRISTOL_BOOSTER.jpg","type":"image\/jpeg"}],"twitter_card":"summary_large_image","twitter_misc":{"Dur\u00e9e de lecture estim\u00e9e":"1 minute"},"schema":{"@context":"https:\/\/schema.org","@graph":[{"@type":"WebPage","@id":"https:\/\/a-h-health.ch\/shop\/mysistol-booster-paste-50g\/","url":"https:\/\/a-h-health.ch\/shop\/mysistol-booster-paste-50g\/","name":"Myri\u00adstol Boo\u00adster Paste 50g \u2013 Ani\u00admal &amp; Human Health AG","isPartOf":{"@id":"https:\/\/a-h-health.ch\/#website"},"primaryImageOfPage":{"@id":"https:\/\/a-h-health.ch\/shop\/mysistol-booster-paste-50g\/#primaryimage"},"image":{"@id":"https:\/\/a-h-health.ch\/shop\/mysistol-booster-paste-50g\/#primaryimage"},"thumbnailUrl":"https:\/\/a-h-health.ch\/wp-content\/uploads\/2024\/03\/MYRISTOL_BOOSTER.jpg","datePublished":"2024-03-26T13:40:26+00:00","dateModified":"2025-02-13T12:39:53+00:00","breadcrumb":{"@id":"https:\/\/a-h-health.ch\/shop\/mysistol-booster-paste-50g\/#breadcrumb"},"inLanguage":"fr-FR","potentialAction":[{"@type":"ReadAction","target":["https:\/\/a-h-health.ch\/shop\/mysistol-booster-paste-50g\/"]}]},{"@type":"ImageObject","inLanguage":"fr-FR","@id":"https:\/\/a-h-health.ch\/shop\/mysistol-booster-paste-50g\/#primaryimage","url":"https:\/\/a-h-health.ch\/wp-content\/uploads\/2024\/03\/MYRISTOL_BOOSTER.jpg","contentUrl":"https:\/\/a-h-health.ch\/wp-content\/uploads\/2024\/03\/MYRISTOL_BOOSTER.jpg","width":1600,"height":1594},{"@type":"BreadcrumbList","@id":"https:\/\/a-h-health.ch\/shop\/mysistol-booster-paste-50g\/#breadcrumb","itemListElement":[{"@type":"ListItem","position":1,"name":"Startseite","item":"https:\/\/a-h-health.ch\/"},{"@type":"ListItem","position":2,"name":"Shop","item":"https:\/\/a-h-health.ch\/shop\/"},{"@type":"ListItem","position":3,"name":"Myristol Booster Paste 50g"}]},{"@type":"WebSite","@id":"https:\/\/a-h-health.ch\/#website","url":"https:\/\/a-h-health.ch\/","name":"Ani\u00admal and Human Health AG","description":"Nous som\u00admes vos interlo\u00adcu\u00adteurs lorsqu\u2019il s\u2019a\u00adgit de la san\u00adt\u00e9 pro\u00adfes\u00adsi\u00adon\u00adnel\u00adle et du bien-\u00eatre de vot\u00adre animal.","publisher":{"@id":"https:\/\/a-h-health.ch\/#organization"},"alternateName":"a-h-health","potentialAction":[{"@type":"SearchAction","target":{"@type":"EntryPoint","urlTemplate":"https:\/\/a-h-health.ch\/?s={search_term_string}"},"query-input":{"@type":"PropertyValueSpecification","valueRequired":true,"valueName":"search_term_string"}}],"inLanguage":"fr-FR"},{"@type":"Organization","@id":"https:\/\/a-h-health.ch\/#organization","name":"Ani\u00admal &amp; Human Health AG","url":"https:\/\/a-h-health.ch\/","logo":{"@type":"ImageObject","inLanguage":"fr-FR","@id":"https:\/\/a-h-health.ch\/#\/schema\/logo\/image\/","url":"https:\/\/a-h-health.ch\/wp-content\/uploads\/2020\/12\/Logo-animal-health.jpg","contentUrl":"https:\/\/a-h-health.ch\/wp-content\/uploads\/2020\/12\/Logo-animal-health.jpg","width":653,"height":56,"caption":"Animal & Human Health AG"},"image":{"@id":"https:\/\/a-h-health.ch\/#\/schema\/logo\/image\/"}}]}},"_links":{"self":[{"href":"https:\/\/a-h-health.ch\/fr\/wp-json\/wp\/v2\/product\/16026","targetHints":{"allow":["GET"]}}],"collection":[{"href":"https:\/\/a-h-health.ch\/fr\/wp-json\/wp\/v2\/product"}],"about":[{"href":"https:\/\/a-h-health.ch\/fr\/wp-json\/wp\/v2\/types\/product"}],"wp:featuredmedia":[{"embeddable":true,"href":"https:\/\/a-h-health.ch\/fr\/wp-json\/wp\/v2\/media\/16028"}],"wp:attachment":[{"href":"https:\/\/a-h-health.ch\/fr\/wp-json\/wp\/v2\/media?parent=16026"}],"wp:term":[{"taxonomy":"product_brand","embeddable":true,"href":"https:\/\/a-h-health.ch\/fr\/wp-json\/wp\/v2\/product_brand?post=16026"},{"taxonomy":"product_cat","embeddable":true,"href":"https:\/\/a-h-health.ch\/fr\/wp-json\/wp\/v2\/product_cat?post=16026"},{"taxonomy":"product_tag","embeddable":true,"href":"https:\/\/a-h-health.ch\/fr\/wp-json\/wp\/v2\/product_tag?post=16026"}],"curies":[{"name":"wp","href":"https:\/\/api.w.org\/{rel}","templated":true}]}}