{"id":16022,"date":"2024-03-26T14:38:39","date_gmt":"2024-03-26T13:38:39","guid":{"rendered":"https:\/\/a-h-health.ch\/?post_type=product&#038;p=16022"},"modified":"2025-02-13T13:40:29","modified_gmt":"2025-02-13T12:40:29","slug":"myristol-dog-100-tabletten","status":"publish","type":"product","link":"https:\/\/a-h-health.ch\/fr\/shop\/myristol-dog-100-tabletten\/","title":{"rendered":"Myri\u00adstol Dog 100 comprim\u00e9s"},"content":{"rendered":"<p>Pour des os soli\u00addes et des arti\u00adcu\u00adla\u00adti\u00adons sai\u00adnes ! Aide \u00e0 restau\u00adrer la mobi\u00adli\u00adt\u00e9 et la fle\u00adxi\u00adbi\u00adli\u00adt\u00e9, mais peut \u00e9ga\u00adle\u00adment aider \u00e0 tit\u00adre pro\u00adphyl\u00adac\u00adtique. Asso\u00adci\u00e9 \u00e0 une ali\u00admen\u00adta\u00adti\u00adon soi\u00adg\u00adn\u00e9e et \u00e0 l\u2019e\u00adxer\u00adci\u00adce, Myri\u00adstol est un com\u00adpl\u00e9\u00adment ali\u00admen\u00adtai\u00adre id\u00e9\u00adal et aide \u00e0 ma\u00eetri\u00adser l\u2019u\u00adsu\u00adre des arti\u00adcu\u00adla\u00adti\u00adons, en par\u00adti\u00adcu\u00adlier chez les races men\u00adac\u00e9es d\u2019ar\u00adthri\u00adte. Ses ing\u00adr\u00e9\u00addi\u00adents aident \u00e0 sou\u00adla\u00adger la dou\u00adleur et l\u2019inflammation.<\/p>\n<p>Selon le poids du corps, don\u00adner quo\u00adti\u00addi\u00aden\u00adne\u00adment de \u00bd (5kg) \u00e0 3 (36kg).<\/p>\n<p><em>Ing\u00adr\u00e9\u00addi\u00adents : fari\u00adne extrai\u00adte de grai\u00adnes de soja d\u00e9cor\u00adti\u00adqu\u00e9es, sul\u00adfa\u00adte de glu\u00adcos\u00adami\u00adne, hydro\u00adly\u00adsat de col\u00adla\u00adg\u00e8\u00adne, mal\u00adto\u00addex\u00adtri\u00adne, m\u00e9thyl\u00adsul\u00adfo\u00adnyl\u00adm\u00e9tha\u00adne, pal\u00admi\u00adtoy\u00adl\u00e9tha\u00adnol\u00adami\u00adde (PEA), phos\u00adpha\u00adte dical\u00adci\u00adque min\u00e9\u00adral, st\u00e9a\u00adra\u00adte de magn\u00e9\u00adsi\u00adum, con\u00adcen\u00adtr\u00e9 de jus de melon (Extra\u00admel&nbsp;D).<\/em><\/p>\n<p><em>Con\u00adsti\u00adtu\u00adants ana\u00adly\u00adti\u00adques : humi\u00addi\u00adt\u00e9 10,0 %, pro\u00adt\u00e9\u00adi\u00adnes brutes 29,0 %, grais\u00adses brutes 11,5 %, fibres brutes 3,5 %, cend\u00adres brutes 7,5 %<\/em><\/p>","protected":false},"excerpt":{"rendered":"<p>F\u00fcr starke Knochen und gesunde Gelenke! Hilft die Beweglichkeit und Flexibilit\u00e4t wiederherzustellen, kann aber auch prophylaktisch helfen. In Kombination mit einer sorgf\u00e4ltigen Ern\u00e4hrung und Bewegung ist Myristol ein ideales Erg\u00e4nzungsfuttermittel und hilft den Gelenkverschleiss unter Kontrolle zu halten, insbesondere bei Rassen, die von Arthritis bedroht sind. Die Inhaltstoffe helfen Schmerzen und Entz\u00fcndungen zu lindern. Je [&hellip;]<\/p>\n","protected":false},"featured_media":16024,"template":"","meta":{"wp_typography_post_enhancements_disabled":false},"product_brand":[],"product_cat":[615,555,563,34],"product_tag":[574],"class_list":{"0":"post-16022","1":"product","2":"type-product","3":"status-publish","4":"has-post-thumbnail","6":"product_cat-equality-marke","7":"product_cat-futtermittel","8":"product_cat-hund","9":"product_cat-nahrungsergaenzung","10":"product_tag-futter-und-diverse","12":"first","13":"instock","14":"taxable","15":"shipping-taxable","16":"product-type-simple"},"yoast_head":"<!-- This site is optimized with the Yoast SEO plugin v27.4 - https:\/\/yoast.com\/product\/yoast-seo-wordpress\/ -->\n<title>Myristol Dog 100 Tabletten - Animal &amp; Human Health AG<\/title>\n<meta name=\"robots\" content=\"index, follow, max-snippet:-1, max-image-preview:large, max-video-preview:-1\" \/>\n<link rel=\"canonical\" href=\"https:\/\/a-h-health.ch\/fr\/shop\/myristol-dog-100-tabletten\/\" \/>\n<meta property=\"og:locale\" content=\"fr_FR\" \/>\n<meta property=\"og:type\" content=\"article\" \/>\n<meta property=\"og:title\" content=\"Myristol Dog 100 Tabletten - Animal &amp; Human Health AG\" \/>\n<meta property=\"og:description\" content=\"F\u00fcr starke Knochen und gesunde Gelenke! Hilft die Beweglichkeit und Flexibilit\u00e4t wiederherzustellen, kann aber auch prophylaktisch helfen. In Kombination mit einer sorgf\u00e4ltigen Ern\u00e4hrung und Bewegung ist Myristol ein ideales Erg\u00e4nzungsfuttermittel und hilft den Gelenkverschleiss unter Kontrolle zu halten, insbesondere bei Rassen, die von Arthritis bedroht sind. Die Inhaltstoffe helfen Schmerzen und Entz\u00fcndungen zu lindern. Je [&hellip;]\" \/>\n<meta property=\"og:url\" content=\"https:\/\/a-h-health.ch\/fr\/shop\/myristol-dog-100-tabletten\/\" \/>\n<meta property=\"og:site_name\" content=\"Animal &amp; Human Health AG\" \/>\n<meta property=\"article:modified_time\" content=\"2025-02-13T12:40:29+00:00\" \/>\n<meta property=\"og:image\" content=\"https:\/\/a-h-health.ch\/wp-content\/uploads\/2024\/03\/MYRISTOL_DOGS.jpg\" \/>\n\t<meta property=\"og:image:width\" content=\"1456\" \/>\n\t<meta property=\"og:image:height\" content=\"1600\" \/>\n\t<meta property=\"og:image:type\" content=\"image\/jpeg\" \/>\n<meta name=\"twitter:card\" content=\"summary_large_image\" \/>\n<meta name=\"twitter:label1\" content=\"Dur\u00e9e de lecture estim\u00e9e\" \/>\n\t<meta name=\"twitter:data1\" content=\"1 minute\" \/>\n<script type=\"application\/ld+json\" class=\"yoast-schema-graph\">{\"@context\":\"https:\\\/\\\/schema.org\",\"@graph\":[{\"@type\":\"WebPage\",\"@id\":\"https:\\\/\\\/a-h-health.ch\\\/shop\\\/myristol-dog-100-tabletten\\\/\",\"url\":\"https:\\\/\\\/a-h-health.ch\\\/shop\\\/myristol-dog-100-tabletten\\\/\",\"name\":\"Myristol Dog 100 Tabletten - Animal &amp; Human Health AG\",\"isPartOf\":{\"@id\":\"https:\\\/\\\/a-h-health.ch\\\/#website\"},\"primaryImageOfPage\":{\"@id\":\"https:\\\/\\\/a-h-health.ch\\\/shop\\\/myristol-dog-100-tabletten\\\/#primaryimage\"},\"image\":{\"@id\":\"https:\\\/\\\/a-h-health.ch\\\/shop\\\/myristol-dog-100-tabletten\\\/#primaryimage\"},\"thumbnailUrl\":\"https:\\\/\\\/a-h-health.ch\\\/wp-content\\\/uploads\\\/2024\\\/03\\\/MYRISTOL_DOGS.jpg\",\"datePublished\":\"2024-03-26T13:38:39+00:00\",\"dateModified\":\"2025-02-13T12:40:29+00:00\",\"breadcrumb\":{\"@id\":\"https:\\\/\\\/a-h-health.ch\\\/shop\\\/myristol-dog-100-tabletten\\\/#breadcrumb\"},\"inLanguage\":\"fr-FR\",\"potentialAction\":[{\"@type\":\"ReadAction\",\"target\":[\"https:\\\/\\\/a-h-health.ch\\\/shop\\\/myristol-dog-100-tabletten\\\/\"]}]},{\"@type\":\"ImageObject\",\"inLanguage\":\"fr-FR\",\"@id\":\"https:\\\/\\\/a-h-health.ch\\\/shop\\\/myristol-dog-100-tabletten\\\/#primaryimage\",\"url\":\"https:\\\/\\\/a-h-health.ch\\\/wp-content\\\/uploads\\\/2024\\\/03\\\/MYRISTOL_DOGS.jpg\",\"contentUrl\":\"https:\\\/\\\/a-h-health.ch\\\/wp-content\\\/uploads\\\/2024\\\/03\\\/MYRISTOL_DOGS.jpg\",\"width\":1456,\"height\":1600},{\"@type\":\"BreadcrumbList\",\"@id\":\"https:\\\/\\\/a-h-health.ch\\\/shop\\\/myristol-dog-100-tabletten\\\/#breadcrumb\",\"itemListElement\":[{\"@type\":\"ListItem\",\"position\":1,\"name\":\"Startseite\",\"item\":\"https:\\\/\\\/a-h-health.ch\\\/\"},{\"@type\":\"ListItem\",\"position\":2,\"name\":\"Shop\",\"item\":\"https:\\\/\\\/a-h-health.ch\\\/shop\\\/\"},{\"@type\":\"ListItem\",\"position\":3,\"name\":\"Myristol Dog 100 Tabletten\"}]},{\"@type\":\"WebSite\",\"@id\":\"https:\\\/\\\/a-h-health.ch\\\/#website\",\"url\":\"https:\\\/\\\/a-h-health.ch\\\/\",\"name\":\"Animal and Human Health AG\",\"description\":\"Wir sind Ihre Ansprechpartner, wenn es um die professionelle Gesundheit und das Wohl ihres Tieres geht.\",\"publisher\":{\"@id\":\"https:\\\/\\\/a-h-health.ch\\\/#organization\"},\"alternateName\":\"a-h-health\",\"potentialAction\":[{\"@type\":\"SearchAction\",\"target\":{\"@type\":\"EntryPoint\",\"urlTemplate\":\"https:\\\/\\\/a-h-health.ch\\\/?s={search_term_string}\"},\"query-input\":{\"@type\":\"PropertyValueSpecification\",\"valueRequired\":true,\"valueName\":\"search_term_string\"}}],\"inLanguage\":\"fr-FR\"},{\"@type\":\"Organization\",\"@id\":\"https:\\\/\\\/a-h-health.ch\\\/#organization\",\"name\":\"Animal & Human Health AG\",\"url\":\"https:\\\/\\\/a-h-health.ch\\\/\",\"logo\":{\"@type\":\"ImageObject\",\"inLanguage\":\"fr-FR\",\"@id\":\"https:\\\/\\\/a-h-health.ch\\\/#\\\/schema\\\/logo\\\/image\\\/\",\"url\":\"https:\\\/\\\/a-h-health.ch\\\/wp-content\\\/uploads\\\/2020\\\/12\\\/Logo-animal-health.jpg\",\"contentUrl\":\"https:\\\/\\\/a-h-health.ch\\\/wp-content\\\/uploads\\\/2020\\\/12\\\/Logo-animal-health.jpg\",\"width\":653,\"height\":56,\"caption\":\"Animal & Human Health AG\"},\"image\":{\"@id\":\"https:\\\/\\\/a-h-health.ch\\\/#\\\/schema\\\/logo\\\/image\\\/\"}}]}<\/script>\n<!-- \/ Yoast SEO plugin. -->","yoast_head_json":{"title":"Myri\u00adstol Dog 100 Tablet\u00adten \u2013 Ani\u00admal &amp; Human Health AG","robots":{"index":"index","follow":"follow","max-snippet":"max-snippet:-1","max-image-preview":"max-image-preview:large","max-video-preview":"max-video-preview:-1"},"canonical":"https:\/\/a-h-health.ch\/fr\/shop\/myristol-dog-100-tabletten\/","og_locale":"fr_FR","og_type":"article","og_title":"Myristol Dog 100 Tabletten - Animal &amp; Human Health AG","og_description":"F\u00fcr starke Knochen und gesunde Gelenke! Hilft die Beweglichkeit und Flexibilit\u00e4t wiederherzustellen, kann aber auch prophylaktisch helfen. In Kombination mit einer sorgf\u00e4ltigen Ern\u00e4hrung und Bewegung ist Myristol ein ideales Erg\u00e4nzungsfuttermittel und hilft den Gelenkverschleiss unter Kontrolle zu halten, insbesondere bei Rassen, die von Arthritis bedroht sind. Die Inhaltstoffe helfen Schmerzen und Entz\u00fcndungen zu lindern. Je [&hellip;]","og_url":"https:\/\/a-h-health.ch\/fr\/shop\/myristol-dog-100-tabletten\/","og_site_name":"Animal &amp; Human Health AG","article_modified_time":"2025-02-13T12:40:29+00:00","og_image":[{"width":1456,"height":1600,"url":"https:\/\/a-h-health.ch\/wp-content\/uploads\/2024\/03\/MYRISTOL_DOGS.jpg","type":"image\/jpeg"}],"twitter_card":"summary_large_image","twitter_misc":{"Dur\u00e9e de lecture estim\u00e9e":"1 minute"},"schema":{"@context":"https:\/\/schema.org","@graph":[{"@type":"WebPage","@id":"https:\/\/a-h-health.ch\/shop\/myristol-dog-100-tabletten\/","url":"https:\/\/a-h-health.ch\/shop\/myristol-dog-100-tabletten\/","name":"Myri\u00adstol Dog 100 Tablet\u00adten \u2013 Ani\u00admal &amp; Human Health AG","isPartOf":{"@id":"https:\/\/a-h-health.ch\/#website"},"primaryImageOfPage":{"@id":"https:\/\/a-h-health.ch\/shop\/myristol-dog-100-tabletten\/#primaryimage"},"image":{"@id":"https:\/\/a-h-health.ch\/shop\/myristol-dog-100-tabletten\/#primaryimage"},"thumbnailUrl":"https:\/\/a-h-health.ch\/wp-content\/uploads\/2024\/03\/MYRISTOL_DOGS.jpg","datePublished":"2024-03-26T13:38:39+00:00","dateModified":"2025-02-13T12:40:29+00:00","breadcrumb":{"@id":"https:\/\/a-h-health.ch\/shop\/myristol-dog-100-tabletten\/#breadcrumb"},"inLanguage":"fr-FR","potentialAction":[{"@type":"ReadAction","target":["https:\/\/a-h-health.ch\/shop\/myristol-dog-100-tabletten\/"]}]},{"@type":"ImageObject","inLanguage":"fr-FR","@id":"https:\/\/a-h-health.ch\/shop\/myristol-dog-100-tabletten\/#primaryimage","url":"https:\/\/a-h-health.ch\/wp-content\/uploads\/2024\/03\/MYRISTOL_DOGS.jpg","contentUrl":"https:\/\/a-h-health.ch\/wp-content\/uploads\/2024\/03\/MYRISTOL_DOGS.jpg","width":1456,"height":1600},{"@type":"BreadcrumbList","@id":"https:\/\/a-h-health.ch\/shop\/myristol-dog-100-tabletten\/#breadcrumb","itemListElement":[{"@type":"ListItem","position":1,"name":"Startseite","item":"https:\/\/a-h-health.ch\/"},{"@type":"ListItem","position":2,"name":"Shop","item":"https:\/\/a-h-health.ch\/shop\/"},{"@type":"ListItem","position":3,"name":"Myristol Dog 100 Tabletten"}]},{"@type":"WebSite","@id":"https:\/\/a-h-health.ch\/#website","url":"https:\/\/a-h-health.ch\/","name":"Ani\u00admal and Human Health AG","description":"Nous som\u00admes vos interlo\u00adcu\u00adteurs lorsqu\u2019il s\u2019a\u00adgit de la san\u00adt\u00e9 pro\u00adfes\u00adsi\u00adon\u00adnel\u00adle et du bien-\u00eatre de vot\u00adre animal.","publisher":{"@id":"https:\/\/a-h-health.ch\/#organization"},"alternateName":"a-h-health","potentialAction":[{"@type":"SearchAction","target":{"@type":"EntryPoint","urlTemplate":"https:\/\/a-h-health.ch\/?s={search_term_string}"},"query-input":{"@type":"PropertyValueSpecification","valueRequired":true,"valueName":"search_term_string"}}],"inLanguage":"fr-FR"},{"@type":"Organization","@id":"https:\/\/a-h-health.ch\/#organization","name":"Ani\u00admal &amp; Human Health AG","url":"https:\/\/a-h-health.ch\/","logo":{"@type":"ImageObject","inLanguage":"fr-FR","@id":"https:\/\/a-h-health.ch\/#\/schema\/logo\/image\/","url":"https:\/\/a-h-health.ch\/wp-content\/uploads\/2020\/12\/Logo-animal-health.jpg","contentUrl":"https:\/\/a-h-health.ch\/wp-content\/uploads\/2020\/12\/Logo-animal-health.jpg","width":653,"height":56,"caption":"Animal & Human Health AG"},"image":{"@id":"https:\/\/a-h-health.ch\/#\/schema\/logo\/image\/"}}]}},"_links":{"self":[{"href":"https:\/\/a-h-health.ch\/fr\/wp-json\/wp\/v2\/product\/16022","targetHints":{"allow":["GET"]}}],"collection":[{"href":"https:\/\/a-h-health.ch\/fr\/wp-json\/wp\/v2\/product"}],"about":[{"href":"https:\/\/a-h-health.ch\/fr\/wp-json\/wp\/v2\/types\/product"}],"wp:featuredmedia":[{"embeddable":true,"href":"https:\/\/a-h-health.ch\/fr\/wp-json\/wp\/v2\/media\/16024"}],"wp:attachment":[{"href":"https:\/\/a-h-health.ch\/fr\/wp-json\/wp\/v2\/media?parent=16022"}],"wp:term":[{"taxonomy":"product_brand","embeddable":true,"href":"https:\/\/a-h-health.ch\/fr\/wp-json\/wp\/v2\/product_brand?post=16022"},{"taxonomy":"product_cat","embeddable":true,"href":"https:\/\/a-h-health.ch\/fr\/wp-json\/wp\/v2\/product_cat?post=16022"},{"taxonomy":"product_tag","embeddable":true,"href":"https:\/\/a-h-health.ch\/fr\/wp-json\/wp\/v2\/product_tag?post=16022"}],"curies":[{"name":"wp","href":"https:\/\/api.w.org\/{rel}","templated":true}]}}