{"id":16018,"date":"2024-03-26T14:36:26","date_gmt":"2024-03-26T13:36:26","guid":{"rendered":"https:\/\/a-h-health.ch\/?post_type=product&#038;p=16018"},"modified":"2025-02-13T13:41:02","modified_gmt":"2025-02-13T12:41:02","slug":"lasi-resp-advanced-paste-50g","status":"publish","type":"product","link":"https:\/\/a-h-health.ch\/fr\/shop\/lasi-resp-advanced-paste-50g\/","title":{"rendered":"LASI RESP P\u00e2te avan\u00adc\u00e9e&nbsp;50g"},"content":{"rendered":"<p>Pour des pou\u00admons forts chez les chevaux spor\u00adtifs ! Lasi Resp Advan\u00adced est par\u00adti\u00adcu\u00adli\u00e8\u00adre\u00adment adap\u00adt\u00e9 aux chevaux de sport \u2013 notam\u00adment ceux qui sont r\u00e9gu\u00adli\u00e8\u00adre\u00adment sou\u00admis \u00e0 des efforts de cour\u00adte dur\u00e9e mais de hau\u00adte inten\u00adsi\u00adt\u00e9. Il aide \u00e0 lut\u00adter cont\u00adre les \u00e9pi\u00adso\u00addes d\u2019h\u00e9\u00admor\u00adra\u00adgie pul\u00admon\u00adaire (EIPH). Ses com\u00adpo\u00adsants peu\u00advent en outr\u00e9 con\u00adtri\u00adbuer \u00e0 r\u00e9dui\u00adre la pres\u00adsi\u00adon art\u00e9rielle.<\/p>\n<p>Recom\u00adman\u00adda\u00adti\u00adon d\u2019a\u00adli\u00admen\u00adta\u00adti\u00adon Che\u00adval (500kg) : 60g par jour 5 heu\u00adres avant la com\u00adp\u00e9\u00adti\u00adti\u00adon. Ne pas lais\u00adser d\u2019eau \u00e0 dis\u00adpo\u00adsi\u00adti\u00adon apr\u00e8s l\u2019administration.<\/p>\n<p><i><span style=\"font-size: 8.0pt; font-family: 'Arial',sans-serif;\">Ing\u00adr\u00e9\u00addi\u00adents : gly\u00adc\u00e9\u00adri\u00adne, pro\u00adpy\u00adl\u00e8\u00adne gly\u00adcol, Ortho\u00adferm, gedr\u00adoog\u00adde ribes\u00adni\u00adgum, bet\u00adter\u00adave rouge d\u00e9s\u00adhy\u00addra\u00adt\u00e9e, saccharose<\/span><\/i><\/p>\n<p><i><span style=\"font-size: 8.0pt; font-family: 'Arial',sans-serif;\">Con\u00adsti\u00adtu\u00adants ana\u00adly\u00adti\u00adques : humi\u00addi\u00adt\u00e9 61,0 %, pro\u00adt\u00e9\u00adi\u00adnes brutes 1,5 %, grais\u00adses brutes 0,5 %, fibres brutes 1,0 %, cend\u00adres brutes 5,3 %, sodi\u00adum 0,2 %, cend\u00adres solu\u00adbles dans l\u2019a\u00adci\u00adde chlor\u00adhy\u00addrique 4,0%<\/span><\/i><\/p>","protected":false},"excerpt":{"rendered":"<p>F\u00fcr starke Lungen bei sportlichen Pferden! Lasi Resp Advanced ist besonders geeignet f\u00fcr Sportpferde &#8211; vor allem f\u00fcr solche, die regelm\u00e4ssig Anstrengungen von kurzer Dauer, aber hoher Intensit\u00e4t ausgesetzt sind. Hilft gegen Episoden von Lungenblutungen (EIPH). Die Inhaltstoffe k\u00f6nnen zus\u00e4tzlich die Senkung des Blutdrucks unterst\u00fctzen. F\u00fctterungsempfehlung Pferd (500kg): 60g t\u00e4glich 5 Stunden vor dem Wettkampf. [&hellip;]<\/p>\n","protected":false},"featured_media":16020,"template":"","meta":{"wp_typography_post_enhancements_disabled":false},"product_brand":[],"product_cat":[615,555,34,562],"product_tag":[574],"class_list":{"0":"post-16018","1":"product","2":"type-product","3":"status-publish","4":"has-post-thumbnail","6":"product_cat-equality-marke","7":"product_cat-futtermittel","8":"product_cat-nahrungsergaenzung","9":"product_cat-pferd","10":"product_tag-futter-und-diverse","12":"first","13":"instock","14":"taxable","15":"shipping-taxable","16":"product-type-simple"},"yoast_head":"<!-- This site is optimized with the Yoast SEO plugin v27.4 - https:\/\/yoast.com\/product\/yoast-seo-wordpress\/ -->\n<title>LASI RESP Advanced Paste 50g - Animal &amp; Human Health AG<\/title>\n<meta name=\"robots\" content=\"index, follow, max-snippet:-1, max-image-preview:large, max-video-preview:-1\" \/>\n<link rel=\"canonical\" href=\"https:\/\/a-h-health.ch\/fr\/shop\/lasi-resp-advanced-paste-50g\/\" \/>\n<meta property=\"og:locale\" content=\"fr_FR\" \/>\n<meta property=\"og:type\" content=\"article\" \/>\n<meta property=\"og:title\" content=\"LASI RESP Advanced Paste 50g - Animal &amp; Human Health AG\" \/>\n<meta property=\"og:description\" content=\"F\u00fcr starke Lungen bei sportlichen Pferden! Lasi Resp Advanced ist besonders geeignet f\u00fcr Sportpferde &#8211; vor allem f\u00fcr solche, die regelm\u00e4ssig Anstrengungen von kurzer Dauer, aber hoher Intensit\u00e4t ausgesetzt sind. Hilft gegen Episoden von Lungenblutungen (EIPH). Die Inhaltstoffe k\u00f6nnen zus\u00e4tzlich die Senkung des Blutdrucks unterst\u00fctzen. F\u00fctterungsempfehlung Pferd (500kg): 60g t\u00e4glich 5 Stunden vor dem Wettkampf. [&hellip;]\" \/>\n<meta property=\"og:url\" content=\"https:\/\/a-h-health.ch\/fr\/shop\/lasi-resp-advanced-paste-50g\/\" \/>\n<meta property=\"og:site_name\" content=\"Animal &amp; Human Health AG\" \/>\n<meta property=\"article:modified_time\" content=\"2025-02-13T12:41:02+00:00\" \/>\n<meta property=\"og:image\" content=\"https:\/\/a-h-health.ch\/wp-content\/uploads\/2024\/03\/LASI_RESP.jpg\" \/>\n\t<meta property=\"og:image:width\" content=\"1600\" \/>\n\t<meta property=\"og:image:height\" content=\"1592\" \/>\n\t<meta property=\"og:image:type\" content=\"image\/jpeg\" \/>\n<meta name=\"twitter:card\" content=\"summary_large_image\" \/>\n<meta name=\"twitter:label1\" content=\"Dur\u00e9e de lecture estim\u00e9e\" \/>\n\t<meta name=\"twitter:data1\" content=\"1 minute\" \/>\n<script type=\"application\/ld+json\" class=\"yoast-schema-graph\">{\"@context\":\"https:\\\/\\\/schema.org\",\"@graph\":[{\"@type\":\"WebPage\",\"@id\":\"https:\\\/\\\/a-h-health.ch\\\/shop\\\/lasi-resp-advanced-paste-50g\\\/\",\"url\":\"https:\\\/\\\/a-h-health.ch\\\/shop\\\/lasi-resp-advanced-paste-50g\\\/\",\"name\":\"LASI RESP Advanced Paste 50g - Animal &amp; Human Health AG\",\"isPartOf\":{\"@id\":\"https:\\\/\\\/a-h-health.ch\\\/#website\"},\"primaryImageOfPage\":{\"@id\":\"https:\\\/\\\/a-h-health.ch\\\/shop\\\/lasi-resp-advanced-paste-50g\\\/#primaryimage\"},\"image\":{\"@id\":\"https:\\\/\\\/a-h-health.ch\\\/shop\\\/lasi-resp-advanced-paste-50g\\\/#primaryimage\"},\"thumbnailUrl\":\"https:\\\/\\\/a-h-health.ch\\\/wp-content\\\/uploads\\\/2024\\\/03\\\/LASI_RESP.jpg\",\"datePublished\":\"2024-03-26T13:36:26+00:00\",\"dateModified\":\"2025-02-13T12:41:02+00:00\",\"breadcrumb\":{\"@id\":\"https:\\\/\\\/a-h-health.ch\\\/shop\\\/lasi-resp-advanced-paste-50g\\\/#breadcrumb\"},\"inLanguage\":\"fr-FR\",\"potentialAction\":[{\"@type\":\"ReadAction\",\"target\":[\"https:\\\/\\\/a-h-health.ch\\\/shop\\\/lasi-resp-advanced-paste-50g\\\/\"]}]},{\"@type\":\"ImageObject\",\"inLanguage\":\"fr-FR\",\"@id\":\"https:\\\/\\\/a-h-health.ch\\\/shop\\\/lasi-resp-advanced-paste-50g\\\/#primaryimage\",\"url\":\"https:\\\/\\\/a-h-health.ch\\\/wp-content\\\/uploads\\\/2024\\\/03\\\/LASI_RESP.jpg\",\"contentUrl\":\"https:\\\/\\\/a-h-health.ch\\\/wp-content\\\/uploads\\\/2024\\\/03\\\/LASI_RESP.jpg\",\"width\":1600,\"height\":1592},{\"@type\":\"BreadcrumbList\",\"@id\":\"https:\\\/\\\/a-h-health.ch\\\/shop\\\/lasi-resp-advanced-paste-50g\\\/#breadcrumb\",\"itemListElement\":[{\"@type\":\"ListItem\",\"position\":1,\"name\":\"Startseite\",\"item\":\"https:\\\/\\\/a-h-health.ch\\\/\"},{\"@type\":\"ListItem\",\"position\":2,\"name\":\"Shop\",\"item\":\"https:\\\/\\\/a-h-health.ch\\\/shop\\\/\"},{\"@type\":\"ListItem\",\"position\":3,\"name\":\"LASI RESP Advanced Paste 50g\"}]},{\"@type\":\"WebSite\",\"@id\":\"https:\\\/\\\/a-h-health.ch\\\/#website\",\"url\":\"https:\\\/\\\/a-h-health.ch\\\/\",\"name\":\"Animal and Human Health AG\",\"description\":\"Wir sind Ihre Ansprechpartner, wenn es um die professionelle Gesundheit und das Wohl ihres Tieres geht.\",\"publisher\":{\"@id\":\"https:\\\/\\\/a-h-health.ch\\\/#organization\"},\"alternateName\":\"a-h-health\",\"potentialAction\":[{\"@type\":\"SearchAction\",\"target\":{\"@type\":\"EntryPoint\",\"urlTemplate\":\"https:\\\/\\\/a-h-health.ch\\\/?s={search_term_string}\"},\"query-input\":{\"@type\":\"PropertyValueSpecification\",\"valueRequired\":true,\"valueName\":\"search_term_string\"}}],\"inLanguage\":\"fr-FR\"},{\"@type\":\"Organization\",\"@id\":\"https:\\\/\\\/a-h-health.ch\\\/#organization\",\"name\":\"Animal & Human Health AG\",\"url\":\"https:\\\/\\\/a-h-health.ch\\\/\",\"logo\":{\"@type\":\"ImageObject\",\"inLanguage\":\"fr-FR\",\"@id\":\"https:\\\/\\\/a-h-health.ch\\\/#\\\/schema\\\/logo\\\/image\\\/\",\"url\":\"https:\\\/\\\/a-h-health.ch\\\/wp-content\\\/uploads\\\/2020\\\/12\\\/Logo-animal-health.jpg\",\"contentUrl\":\"https:\\\/\\\/a-h-health.ch\\\/wp-content\\\/uploads\\\/2020\\\/12\\\/Logo-animal-health.jpg\",\"width\":653,\"height\":56,\"caption\":\"Animal & Human Health AG\"},\"image\":{\"@id\":\"https:\\\/\\\/a-h-health.ch\\\/#\\\/schema\\\/logo\\\/image\\\/\"}}]}<\/script>\n<!-- \/ Yoast SEO plugin. -->","yoast_head_json":{"title":"LASI RESP Advan\u00adced Paste 50g \u2013 Ani\u00admal &amp; Human Health AG","robots":{"index":"index","follow":"follow","max-snippet":"max-snippet:-1","max-image-preview":"max-image-preview:large","max-video-preview":"max-video-preview:-1"},"canonical":"https:\/\/a-h-health.ch\/fr\/shop\/lasi-resp-advanced-paste-50g\/","og_locale":"fr_FR","og_type":"article","og_title":"LASI RESP Advanced Paste 50g - Animal &amp; Human Health AG","og_description":"F\u00fcr starke Lungen bei sportlichen Pferden! Lasi Resp Advanced ist besonders geeignet f\u00fcr Sportpferde &#8211; vor allem f\u00fcr solche, die regelm\u00e4ssig Anstrengungen von kurzer Dauer, aber hoher Intensit\u00e4t ausgesetzt sind. Hilft gegen Episoden von Lungenblutungen (EIPH). Die Inhaltstoffe k\u00f6nnen zus\u00e4tzlich die Senkung des Blutdrucks unterst\u00fctzen. F\u00fctterungsempfehlung Pferd (500kg): 60g t\u00e4glich 5 Stunden vor dem Wettkampf. [&hellip;]","og_url":"https:\/\/a-h-health.ch\/fr\/shop\/lasi-resp-advanced-paste-50g\/","og_site_name":"Animal &amp; Human Health AG","article_modified_time":"2025-02-13T12:41:02+00:00","og_image":[{"width":1600,"height":1592,"url":"https:\/\/a-h-health.ch\/wp-content\/uploads\/2024\/03\/LASI_RESP.jpg","type":"image\/jpeg"}],"twitter_card":"summary_large_image","twitter_misc":{"Dur\u00e9e de lecture estim\u00e9e":"1 minute"},"schema":{"@context":"https:\/\/schema.org","@graph":[{"@type":"WebPage","@id":"https:\/\/a-h-health.ch\/shop\/lasi-resp-advanced-paste-50g\/","url":"https:\/\/a-h-health.ch\/shop\/lasi-resp-advanced-paste-50g\/","name":"LASI RESP Advan\u00adced Paste 50g \u2013 Ani\u00admal &amp; Human Health AG","isPartOf":{"@id":"https:\/\/a-h-health.ch\/#website"},"primaryImageOfPage":{"@id":"https:\/\/a-h-health.ch\/shop\/lasi-resp-advanced-paste-50g\/#primaryimage"},"image":{"@id":"https:\/\/a-h-health.ch\/shop\/lasi-resp-advanced-paste-50g\/#primaryimage"},"thumbnailUrl":"https:\/\/a-h-health.ch\/wp-content\/uploads\/2024\/03\/LASI_RESP.jpg","datePublished":"2024-03-26T13:36:26+00:00","dateModified":"2025-02-13T12:41:02+00:00","breadcrumb":{"@id":"https:\/\/a-h-health.ch\/shop\/lasi-resp-advanced-paste-50g\/#breadcrumb"},"inLanguage":"fr-FR","potentialAction":[{"@type":"ReadAction","target":["https:\/\/a-h-health.ch\/shop\/lasi-resp-advanced-paste-50g\/"]}]},{"@type":"ImageObject","inLanguage":"fr-FR","@id":"https:\/\/a-h-health.ch\/shop\/lasi-resp-advanced-paste-50g\/#primaryimage","url":"https:\/\/a-h-health.ch\/wp-content\/uploads\/2024\/03\/LASI_RESP.jpg","contentUrl":"https:\/\/a-h-health.ch\/wp-content\/uploads\/2024\/03\/LASI_RESP.jpg","width":1600,"height":1592},{"@type":"BreadcrumbList","@id":"https:\/\/a-h-health.ch\/shop\/lasi-resp-advanced-paste-50g\/#breadcrumb","itemListElement":[{"@type":"ListItem","position":1,"name":"Startseite","item":"https:\/\/a-h-health.ch\/"},{"@type":"ListItem","position":2,"name":"Shop","item":"https:\/\/a-h-health.ch\/shop\/"},{"@type":"ListItem","position":3,"name":"LASI RESP Advanced Paste 50g"}]},{"@type":"WebSite","@id":"https:\/\/a-h-health.ch\/#website","url":"https:\/\/a-h-health.ch\/","name":"Ani\u00admal and Human Health AG","description":"Nous som\u00admes vos interlo\u00adcu\u00adteurs lorsqu\u2019il s\u2019a\u00adgit de la san\u00adt\u00e9 pro\u00adfes\u00adsi\u00adon\u00adnel\u00adle et du bien-\u00eatre de vot\u00adre animal.","publisher":{"@id":"https:\/\/a-h-health.ch\/#organization"},"alternateName":"a-h-health","potentialAction":[{"@type":"SearchAction","target":{"@type":"EntryPoint","urlTemplate":"https:\/\/a-h-health.ch\/?s={search_term_string}"},"query-input":{"@type":"PropertyValueSpecification","valueRequired":true,"valueName":"search_term_string"}}],"inLanguage":"fr-FR"},{"@type":"Organization","@id":"https:\/\/a-h-health.ch\/#organization","name":"Ani\u00admal &amp; Human Health AG","url":"https:\/\/a-h-health.ch\/","logo":{"@type":"ImageObject","inLanguage":"fr-FR","@id":"https:\/\/a-h-health.ch\/#\/schema\/logo\/image\/","url":"https:\/\/a-h-health.ch\/wp-content\/uploads\/2020\/12\/Logo-animal-health.jpg","contentUrl":"https:\/\/a-h-health.ch\/wp-content\/uploads\/2020\/12\/Logo-animal-health.jpg","width":653,"height":56,"caption":"Animal & Human Health AG"},"image":{"@id":"https:\/\/a-h-health.ch\/#\/schema\/logo\/image\/"}}]}},"_links":{"self":[{"href":"https:\/\/a-h-health.ch\/fr\/wp-json\/wp\/v2\/product\/16018","targetHints":{"allow":["GET"]}}],"collection":[{"href":"https:\/\/a-h-health.ch\/fr\/wp-json\/wp\/v2\/product"}],"about":[{"href":"https:\/\/a-h-health.ch\/fr\/wp-json\/wp\/v2\/types\/product"}],"wp:featuredmedia":[{"embeddable":true,"href":"https:\/\/a-h-health.ch\/fr\/wp-json\/wp\/v2\/media\/16020"}],"wp:attachment":[{"href":"https:\/\/a-h-health.ch\/fr\/wp-json\/wp\/v2\/media?parent=16018"}],"wp:term":[{"taxonomy":"product_brand","embeddable":true,"href":"https:\/\/a-h-health.ch\/fr\/wp-json\/wp\/v2\/product_brand?post=16018"},{"taxonomy":"product_cat","embeddable":true,"href":"https:\/\/a-h-health.ch\/fr\/wp-json\/wp\/v2\/product_cat?post=16018"},{"taxonomy":"product_tag","embeddable":true,"href":"https:\/\/a-h-health.ch\/fr\/wp-json\/wp\/v2\/product_tag?post=16018"}],"curies":[{"name":"wp","href":"https:\/\/api.w.org\/{rel}","templated":true}]}}