{"id":16014,"date":"2024-03-26T14:22:53","date_gmt":"2024-03-26T13:22:53","guid":{"rendered":"https:\/\/a-h-health.ch\/?post_type=product&#038;p=16014"},"modified":"2025-02-13T13:41:49","modified_gmt":"2025-02-13T12:41:49","slug":"lamicur-pellets-2kg","status":"publish","type":"product","link":"https:\/\/a-h-health.ch\/fr\/shop\/lamicur-pellets-2kg\/","title":{"rendered":"LAMICUR Pel\u00adlets&nbsp;2kg"},"content":{"rendered":"<p>Pour des sabots sains et forts ! Ce com\u00adpl\u00e9\u00adment ali\u00admen\u00adtai\u00adre pour chevaux aide \u00e0 am\u00e9\u00adlio\u00adrer la cir\u00adcula\u00adti\u00adon san\u00adgui\u00adne et peut ain\u00adsi r\u00e9dui\u00adre les inflamma\u00adti\u00adons, notam\u00adment au niveau des sabots. Le pro\u00adduit con\u00adti\u00adent du cas\u00adsis (diur\u00e9\u00adtique et anti\u00adoxy\u00addant) et du cur\u00adcuma fer\u00admen\u00adt\u00e9. Les ali\u00adments fer\u00admen\u00adt\u00e9s aident \u00e0 d\u00e9ve\u00adlo\u00adp\u00adper la flo\u00adre intesti\u00adna\u00adle et favo\u00adri\u00adsent ain\u00adsi une bon\u00adne digestion.<\/p>\n<p>Recom\u00adman\u00adda\u00adti\u00adon d\u2019a\u00adli\u00admen\u00adta\u00adti\u00adon Che\u00adval (500kg) : 50g (1 mesu\u00adre) par jour \u2013 \u00e0 m\u00e9lan\u00adger avec la rati\u00adon quotidienne.<\/p>\n<p><i><span style=\"font-size: 8.0pt; font-family: 'Arial',sans-serif;\">Ing\u00adr\u00e9\u00addi\u00adents : fari\u00adne de luzer\u00adne, bl\u00e9, raci\u00adne de cur\u00adcuma fer\u00admen\u00adt\u00e9e (7,5 %), Ribes nigrum d\u00e9s\u00adhy\u00addra\u00adt\u00e9, pom\u00adme d\u00e9s\u00adhy\u00addra\u00adt\u00e9e, hui\u00adle de tournesol<\/span><\/i><\/p>\n<p><i><span style=\"font-size: 8.0pt; font-family: 'Arial',sans-serif;\">Con\u00adsti\u00adtu\u00adants ana\u00adly\u00adti\u00adques : humi\u00addi\u00adt\u00e9 12,0 %, pro\u00adt\u00e9\u00adi\u00adnes brutes 12,5 %, grais\u00adses brutes 3,5 %, fibres brutes 10,5 %, cend\u00adres brutes 12,0 %, sodi\u00adum 0,2 %, cend\u00adres solu\u00adbles dans l\u2019a\u00adci\u00adde chlor\u00adhy\u00addrique 8,0%<\/span><\/i><\/p>","protected":false},"excerpt":{"rendered":"<p>F\u00fcr gesunde und starke Hufe! Dieses Erg\u00e4nzungsfuttermittel f\u00fcr Pferde hilft die Durchblutung zu verbessern und kann somit die Entz\u00fcndungen vor allem im Bereich der Hufe reduzieren. Das Produkt enth\u00e4lt schwarze Johannisbeere (harntreibend und antioxidativ) und fermentiertes Kurkuma. Fermentierte Lebensmittel helfen beim Aufbau der Darmflora und unterst\u00fctzen somit eine gute Verdauung. F\u00fctterungsempfehlung Pferd (500kg): 50g (1 [&hellip;]<\/p>\n","protected":false},"featured_media":16016,"template":"","meta":{"wp_typography_post_enhancements_disabled":false},"product_brand":[],"product_cat":[615,555,34,562],"product_tag":[574],"class_list":{"0":"post-16014","1":"product","2":"type-product","3":"status-publish","4":"has-post-thumbnail","6":"product_cat-equality-marke","7":"product_cat-futtermittel","8":"product_cat-nahrungsergaenzung","9":"product_cat-pferd","10":"product_tag-futter-und-diverse","12":"first","13":"instock","14":"taxable","15":"shipping-taxable","16":"product-type-simple"},"yoast_head":"<!-- This site is optimized with the Yoast SEO plugin v27.4 - https:\/\/yoast.com\/product\/yoast-seo-wordpress\/ -->\n<title>LAMICUR Pellets 2kg - Animal &amp; Human Health AG<\/title>\n<meta name=\"robots\" content=\"index, follow, max-snippet:-1, max-image-preview:large, max-video-preview:-1\" \/>\n<link rel=\"canonical\" href=\"https:\/\/a-h-health.ch\/fr\/shop\/lamicur-pellets-2kg\/\" \/>\n<meta property=\"og:locale\" content=\"fr_FR\" \/>\n<meta property=\"og:type\" content=\"article\" \/>\n<meta property=\"og:title\" content=\"LAMICUR Pellets 2kg - Animal &amp; Human Health AG\" \/>\n<meta property=\"og:description\" content=\"F\u00fcr gesunde und starke Hufe! Dieses Erg\u00e4nzungsfuttermittel f\u00fcr Pferde hilft die Durchblutung zu verbessern und kann somit die Entz\u00fcndungen vor allem im Bereich der Hufe reduzieren. Das Produkt enth\u00e4lt schwarze Johannisbeere (harntreibend und antioxidativ) und fermentiertes Kurkuma. Fermentierte Lebensmittel helfen beim Aufbau der Darmflora und unterst\u00fctzen somit eine gute Verdauung. F\u00fctterungsempfehlung Pferd (500kg): 50g (1 [&hellip;]\" \/>\n<meta property=\"og:url\" content=\"https:\/\/a-h-health.ch\/fr\/shop\/lamicur-pellets-2kg\/\" \/>\n<meta property=\"og:site_name\" content=\"Animal &amp; Human Health AG\" \/>\n<meta property=\"article:modified_time\" content=\"2025-02-13T12:41:49+00:00\" \/>\n<meta property=\"og:image\" content=\"https:\/\/a-h-health.ch\/wp-content\/uploads\/2024\/03\/LAMICUR.jpg\" \/>\n\t<meta property=\"og:image:width\" content=\"1373\" \/>\n\t<meta property=\"og:image:height\" content=\"1600\" \/>\n\t<meta property=\"og:image:type\" content=\"image\/jpeg\" \/>\n<meta name=\"twitter:card\" content=\"summary_large_image\" \/>\n<meta name=\"twitter:label1\" content=\"Dur\u00e9e de lecture estim\u00e9e\" \/>\n\t<meta name=\"twitter:data1\" content=\"1 minute\" \/>\n<script type=\"application\/ld+json\" class=\"yoast-schema-graph\">{\"@context\":\"https:\\\/\\\/schema.org\",\"@graph\":[{\"@type\":\"WebPage\",\"@id\":\"https:\\\/\\\/a-h-health.ch\\\/shop\\\/lamicur-pellets-2kg\\\/\",\"url\":\"https:\\\/\\\/a-h-health.ch\\\/shop\\\/lamicur-pellets-2kg\\\/\",\"name\":\"LAMICUR Pellets 2kg - Animal &amp; Human Health AG\",\"isPartOf\":{\"@id\":\"https:\\\/\\\/a-h-health.ch\\\/#website\"},\"primaryImageOfPage\":{\"@id\":\"https:\\\/\\\/a-h-health.ch\\\/shop\\\/lamicur-pellets-2kg\\\/#primaryimage\"},\"image\":{\"@id\":\"https:\\\/\\\/a-h-health.ch\\\/shop\\\/lamicur-pellets-2kg\\\/#primaryimage\"},\"thumbnailUrl\":\"https:\\\/\\\/a-h-health.ch\\\/wp-content\\\/uploads\\\/2024\\\/03\\\/LAMICUR.jpg\",\"datePublished\":\"2024-03-26T13:22:53+00:00\",\"dateModified\":\"2025-02-13T12:41:49+00:00\",\"breadcrumb\":{\"@id\":\"https:\\\/\\\/a-h-health.ch\\\/shop\\\/lamicur-pellets-2kg\\\/#breadcrumb\"},\"inLanguage\":\"fr-FR\",\"potentialAction\":[{\"@type\":\"ReadAction\",\"target\":[\"https:\\\/\\\/a-h-health.ch\\\/shop\\\/lamicur-pellets-2kg\\\/\"]}]},{\"@type\":\"ImageObject\",\"inLanguage\":\"fr-FR\",\"@id\":\"https:\\\/\\\/a-h-health.ch\\\/shop\\\/lamicur-pellets-2kg\\\/#primaryimage\",\"url\":\"https:\\\/\\\/a-h-health.ch\\\/wp-content\\\/uploads\\\/2024\\\/03\\\/LAMICUR.jpg\",\"contentUrl\":\"https:\\\/\\\/a-h-health.ch\\\/wp-content\\\/uploads\\\/2024\\\/03\\\/LAMICUR.jpg\",\"width\":1373,\"height\":1600},{\"@type\":\"BreadcrumbList\",\"@id\":\"https:\\\/\\\/a-h-health.ch\\\/shop\\\/lamicur-pellets-2kg\\\/#breadcrumb\",\"itemListElement\":[{\"@type\":\"ListItem\",\"position\":1,\"name\":\"Startseite\",\"item\":\"https:\\\/\\\/a-h-health.ch\\\/\"},{\"@type\":\"ListItem\",\"position\":2,\"name\":\"Shop\",\"item\":\"https:\\\/\\\/a-h-health.ch\\\/shop\\\/\"},{\"@type\":\"ListItem\",\"position\":3,\"name\":\"LAMICUR Pellets 2kg\"}]},{\"@type\":\"WebSite\",\"@id\":\"https:\\\/\\\/a-h-health.ch\\\/#website\",\"url\":\"https:\\\/\\\/a-h-health.ch\\\/\",\"name\":\"Animal and Human Health AG\",\"description\":\"Wir sind Ihre Ansprechpartner, wenn es um die professionelle Gesundheit und das Wohl ihres Tieres geht.\",\"publisher\":{\"@id\":\"https:\\\/\\\/a-h-health.ch\\\/#organization\"},\"alternateName\":\"a-h-health\",\"potentialAction\":[{\"@type\":\"SearchAction\",\"target\":{\"@type\":\"EntryPoint\",\"urlTemplate\":\"https:\\\/\\\/a-h-health.ch\\\/?s={search_term_string}\"},\"query-input\":{\"@type\":\"PropertyValueSpecification\",\"valueRequired\":true,\"valueName\":\"search_term_string\"}}],\"inLanguage\":\"fr-FR\"},{\"@type\":\"Organization\",\"@id\":\"https:\\\/\\\/a-h-health.ch\\\/#organization\",\"name\":\"Animal & Human Health AG\",\"url\":\"https:\\\/\\\/a-h-health.ch\\\/\",\"logo\":{\"@type\":\"ImageObject\",\"inLanguage\":\"fr-FR\",\"@id\":\"https:\\\/\\\/a-h-health.ch\\\/#\\\/schema\\\/logo\\\/image\\\/\",\"url\":\"https:\\\/\\\/a-h-health.ch\\\/wp-content\\\/uploads\\\/2020\\\/12\\\/Logo-animal-health.jpg\",\"contentUrl\":\"https:\\\/\\\/a-h-health.ch\\\/wp-content\\\/uploads\\\/2020\\\/12\\\/Logo-animal-health.jpg\",\"width\":653,\"height\":56,\"caption\":\"Animal & Human Health AG\"},\"image\":{\"@id\":\"https:\\\/\\\/a-h-health.ch\\\/#\\\/schema\\\/logo\\\/image\\\/\"}}]}<\/script>\n<!-- \/ Yoast SEO plugin. -->","yoast_head_json":{"title":"LAMICUR Pel\u00adlets 2kg \u2013 Ani\u00admal &amp; Human Health AG","robots":{"index":"index","follow":"follow","max-snippet":"max-snippet:-1","max-image-preview":"max-image-preview:large","max-video-preview":"max-video-preview:-1"},"canonical":"https:\/\/a-h-health.ch\/fr\/shop\/lamicur-pellets-2kg\/","og_locale":"fr_FR","og_type":"article","og_title":"LAMICUR Pellets 2kg - Animal &amp; Human Health AG","og_description":"F\u00fcr gesunde und starke Hufe! Dieses Erg\u00e4nzungsfuttermittel f\u00fcr Pferde hilft die Durchblutung zu verbessern und kann somit die Entz\u00fcndungen vor allem im Bereich der Hufe reduzieren. Das Produkt enth\u00e4lt schwarze Johannisbeere (harntreibend und antioxidativ) und fermentiertes Kurkuma. Fermentierte Lebensmittel helfen beim Aufbau der Darmflora und unterst\u00fctzen somit eine gute Verdauung. F\u00fctterungsempfehlung Pferd (500kg): 50g (1 [&hellip;]","og_url":"https:\/\/a-h-health.ch\/fr\/shop\/lamicur-pellets-2kg\/","og_site_name":"Animal &amp; Human Health AG","article_modified_time":"2025-02-13T12:41:49+00:00","og_image":[{"width":1373,"height":1600,"url":"https:\/\/a-h-health.ch\/wp-content\/uploads\/2024\/03\/LAMICUR.jpg","type":"image\/jpeg"}],"twitter_card":"summary_large_image","twitter_misc":{"Dur\u00e9e de lecture estim\u00e9e":"1 minute"},"schema":{"@context":"https:\/\/schema.org","@graph":[{"@type":"WebPage","@id":"https:\/\/a-h-health.ch\/shop\/lamicur-pellets-2kg\/","url":"https:\/\/a-h-health.ch\/shop\/lamicur-pellets-2kg\/","name":"LAMICUR Pel\u00adlets 2kg \u2013 Ani\u00admal &amp; Human Health AG","isPartOf":{"@id":"https:\/\/a-h-health.ch\/#website"},"primaryImageOfPage":{"@id":"https:\/\/a-h-health.ch\/shop\/lamicur-pellets-2kg\/#primaryimage"},"image":{"@id":"https:\/\/a-h-health.ch\/shop\/lamicur-pellets-2kg\/#primaryimage"},"thumbnailUrl":"https:\/\/a-h-health.ch\/wp-content\/uploads\/2024\/03\/LAMICUR.jpg","datePublished":"2024-03-26T13:22:53+00:00","dateModified":"2025-02-13T12:41:49+00:00","breadcrumb":{"@id":"https:\/\/a-h-health.ch\/shop\/lamicur-pellets-2kg\/#breadcrumb"},"inLanguage":"fr-FR","potentialAction":[{"@type":"ReadAction","target":["https:\/\/a-h-health.ch\/shop\/lamicur-pellets-2kg\/"]}]},{"@type":"ImageObject","inLanguage":"fr-FR","@id":"https:\/\/a-h-health.ch\/shop\/lamicur-pellets-2kg\/#primaryimage","url":"https:\/\/a-h-health.ch\/wp-content\/uploads\/2024\/03\/LAMICUR.jpg","contentUrl":"https:\/\/a-h-health.ch\/wp-content\/uploads\/2024\/03\/LAMICUR.jpg","width":1373,"height":1600},{"@type":"BreadcrumbList","@id":"https:\/\/a-h-health.ch\/shop\/lamicur-pellets-2kg\/#breadcrumb","itemListElement":[{"@type":"ListItem","position":1,"name":"Startseite","item":"https:\/\/a-h-health.ch\/"},{"@type":"ListItem","position":2,"name":"Shop","item":"https:\/\/a-h-health.ch\/shop\/"},{"@type":"ListItem","position":3,"name":"LAMICUR Pellets 2kg"}]},{"@type":"WebSite","@id":"https:\/\/a-h-health.ch\/#website","url":"https:\/\/a-h-health.ch\/","name":"Ani\u00admal and Human Health AG","description":"Nous som\u00admes vos interlo\u00adcu\u00adteurs lorsqu\u2019il s\u2019a\u00adgit de la san\u00adt\u00e9 pro\u00adfes\u00adsi\u00adon\u00adnel\u00adle et du bien-\u00eatre de vot\u00adre animal.","publisher":{"@id":"https:\/\/a-h-health.ch\/#organization"},"alternateName":"a-h-health","potentialAction":[{"@type":"SearchAction","target":{"@type":"EntryPoint","urlTemplate":"https:\/\/a-h-health.ch\/?s={search_term_string}"},"query-input":{"@type":"PropertyValueSpecification","valueRequired":true,"valueName":"search_term_string"}}],"inLanguage":"fr-FR"},{"@type":"Organization","@id":"https:\/\/a-h-health.ch\/#organization","name":"Ani\u00admal &amp; Human Health AG","url":"https:\/\/a-h-health.ch\/","logo":{"@type":"ImageObject","inLanguage":"fr-FR","@id":"https:\/\/a-h-health.ch\/#\/schema\/logo\/image\/","url":"https:\/\/a-h-health.ch\/wp-content\/uploads\/2020\/12\/Logo-animal-health.jpg","contentUrl":"https:\/\/a-h-health.ch\/wp-content\/uploads\/2020\/12\/Logo-animal-health.jpg","width":653,"height":56,"caption":"Animal & Human Health AG"},"image":{"@id":"https:\/\/a-h-health.ch\/#\/schema\/logo\/image\/"}}]}},"_links":{"self":[{"href":"https:\/\/a-h-health.ch\/fr\/wp-json\/wp\/v2\/product\/16014","targetHints":{"allow":["GET"]}}],"collection":[{"href":"https:\/\/a-h-health.ch\/fr\/wp-json\/wp\/v2\/product"}],"about":[{"href":"https:\/\/a-h-health.ch\/fr\/wp-json\/wp\/v2\/types\/product"}],"wp:featuredmedia":[{"embeddable":true,"href":"https:\/\/a-h-health.ch\/fr\/wp-json\/wp\/v2\/media\/16016"}],"wp:attachment":[{"href":"https:\/\/a-h-health.ch\/fr\/wp-json\/wp\/v2\/media?parent=16014"}],"wp:term":[{"taxonomy":"product_brand","embeddable":true,"href":"https:\/\/a-h-health.ch\/fr\/wp-json\/wp\/v2\/product_brand?post=16014"},{"taxonomy":"product_cat","embeddable":true,"href":"https:\/\/a-h-health.ch\/fr\/wp-json\/wp\/v2\/product_cat?post=16014"},{"taxonomy":"product_tag","embeddable":true,"href":"https:\/\/a-h-health.ch\/fr\/wp-json\/wp\/v2\/product_tag?post=16014"}],"curies":[{"name":"wp","href":"https:\/\/api.w.org\/{rel}","templated":true}]}}