{"id":15999,"date":"2024-03-26T14:14:25","date_gmt":"2024-03-26T13:14:25","guid":{"rendered":"https:\/\/a-h-health.ch\/?post_type=product&#038;p=15999"},"modified":"2025-02-13T13:44:30","modified_gmt":"2025-02-13T12:44:30","slug":"be-kalm-paste-50g","status":"publish","type":"product","link":"https:\/\/a-h-health.ch\/fr\/shop\/be-kalm-paste-50g\/","title":{"rendered":"P\u00e2te Be Kalm&nbsp;50g"},"content":{"rendered":"<p>En cas de situa\u00adtions stres\u00ads\u00adan\u00adtes com\u00adme les trans\u00adports ! Be Kalm peut sou\u00adla\u00adger les \u00e9tats d\u2019ex\u00adci\u00adta\u00adti\u00adon du che\u00adval et aide en cas de stress ou d\u2019anxi\u00e9\u00adt\u00e9. Il d\u00e9tend les mus\u00adcles et sti\u00admu\u00adle le syst\u00e8me immu\u00adni\u00adtaire. Be Kalm con\u00adti\u00adent des extraits de plan\u00adtes fer\u00admen\u00adt\u00e9es, des anti\u00adoxy\u00addants de l\u2019o\u00adli\u00advi\u00ader, des extraits d\u2019A\u00adsper\u00adgil\u00adlus Ory\u00adzae et de l\u2019\u00e9\u00adcorce d\u2019Ul\u00admus&nbsp;Rubra.<\/p>\n<p>Recom\u00adman\u00adda\u00adti\u00adon d\u2019a\u00adli\u00admen\u00adta\u00adti\u00adon : 1 injec\u00adtion 4\u20135 heu\u00adres avant la com\u00adp\u00e9\u00adti\u00adti\u00adon ou en cas de situa\u00adti\u00adon de stress.<\/p>\n<p>Uti\u00adli\u00adsa\u00adti\u00adon P\u00e2te : 1 injec\u00adtion 4\u20135 heu\u00adres avant la com\u00adp\u00e9\u00adti\u00adti\u00adon ou en cas de situa\u00adti\u00adon de stress, gra\u00adnul\u00e9s : che\u00adval (500 kg) : 50 g, poulain\/poney : 25&nbsp;g<\/p>\n<p><em>Ing\u00adr\u00e9\u00addi\u00adents : extraits de plan\u00adtes fer\u00admen\u00adt\u00e9es, anti\u00adoxy\u00addants de l\u2019o\u00adli\u00advi\u00ader, extrait d\u2019A\u00adsper\u00adgil\u00adlus Ory\u00adzae, \u00e9corce d\u2019Ul\u00admus&nbsp;Rubra<\/em><\/p>\n<p><em>Con\u00adsti\u00adtu\u00adants ana\u00adly\u00adti\u00adques : humi\u00addi\u00adt\u00e9 64,0 %, pro\u00adt\u00e9\u00adi\u00adnes brutes 5,5 %, grais\u00adses brutes 1,0 %, fibres brutes 1,0 %, cend\u00adres brutes 3,0 %, sodi\u00adum 0,3 %<\/em><\/p>","protected":false},"excerpt":{"rendered":"<p>Bei stressigen Situationen wie z.B. Transporte! Be Kalm kann die Erregungszust\u00e4nde des Pferdes lindern und hilft bei Stress oder Angstzust\u00e4nden. Entspannt die Muskeln und stimuliert das Immunsystem. Be Kalm enth\u00e4lt Fermentierte Pflanzenextrakte, Antioxidantien aus dem Olivenbaum, Ausz\u00fcge aus Aspergillus Oryzae und Rinde der Ulmus Rubra. F\u00fctterungsempfehlung: 1 Spritze 4-5 Stunden vor dem Wettkampf oder bei [&hellip;]<\/p>\n","protected":false},"featured_media":16002,"template":"","meta":{"wp_typography_post_enhancements_disabled":false},"product_brand":[],"product_cat":[615,555,34,562],"product_tag":[574],"class_list":{"0":"post-15999","1":"product","2":"type-product","3":"status-publish","4":"has-post-thumbnail","6":"product_cat-equality-marke","7":"product_cat-futtermittel","8":"product_cat-nahrungsergaenzung","9":"product_cat-pferd","10":"product_tag-futter-und-diverse","12":"first","13":"instock","14":"taxable","15":"shipping-taxable","16":"product-type-simple"},"yoast_head":"<!-- This site is optimized with the Yoast SEO plugin v27.4 - https:\/\/yoast.com\/product\/yoast-seo-wordpress\/ -->\n<title>Be Kalm Paste 50g - Animal &amp; Human Health AG<\/title>\n<meta name=\"robots\" content=\"index, follow, max-snippet:-1, max-image-preview:large, max-video-preview:-1\" \/>\n<link rel=\"canonical\" href=\"https:\/\/a-h-health.ch\/fr\/shop\/be-kalm-paste-50g\/\" \/>\n<meta property=\"og:locale\" content=\"fr_FR\" \/>\n<meta property=\"og:type\" content=\"article\" \/>\n<meta property=\"og:title\" content=\"Be Kalm Paste 50g - Animal &amp; Human Health AG\" \/>\n<meta property=\"og:description\" content=\"Bei stressigen Situationen wie z.B. Transporte! Be Kalm kann die Erregungszust\u00e4nde des Pferdes lindern und hilft bei Stress oder Angstzust\u00e4nden. Entspannt die Muskeln und stimuliert das Immunsystem. Be Kalm enth\u00e4lt Fermentierte Pflanzenextrakte, Antioxidantien aus dem Olivenbaum, Ausz\u00fcge aus Aspergillus Oryzae und Rinde der Ulmus Rubra. F\u00fctterungsempfehlung: 1 Spritze 4-5 Stunden vor dem Wettkampf oder bei [&hellip;]\" \/>\n<meta property=\"og:url\" content=\"https:\/\/a-h-health.ch\/fr\/shop\/be-kalm-paste-50g\/\" \/>\n<meta property=\"og:site_name\" content=\"Animal &amp; Human Health AG\" \/>\n<meta property=\"article:modified_time\" content=\"2025-02-13T12:44:30+00:00\" \/>\n<meta property=\"og:image\" content=\"https:\/\/a-h-health.ch\/wp-content\/uploads\/2024\/03\/BE_KALM_PASTE.jpg\" \/>\n\t<meta property=\"og:image:width\" content=\"1600\" \/>\n\t<meta property=\"og:image:height\" content=\"1074\" \/>\n\t<meta property=\"og:image:type\" content=\"image\/jpeg\" \/>\n<meta name=\"twitter:card\" content=\"summary_large_image\" \/>\n<meta name=\"twitter:label1\" content=\"Dur\u00e9e de lecture estim\u00e9e\" \/>\n\t<meta name=\"twitter:data1\" content=\"1 minute\" \/>\n<script type=\"application\/ld+json\" class=\"yoast-schema-graph\">{\"@context\":\"https:\\\/\\\/schema.org\",\"@graph\":[{\"@type\":\"WebPage\",\"@id\":\"https:\\\/\\\/a-h-health.ch\\\/shop\\\/be-kalm-paste-50g\\\/\",\"url\":\"https:\\\/\\\/a-h-health.ch\\\/shop\\\/be-kalm-paste-50g\\\/\",\"name\":\"Be Kalm Paste 50g - Animal &amp; Human Health AG\",\"isPartOf\":{\"@id\":\"https:\\\/\\\/a-h-health.ch\\\/#website\"},\"primaryImageOfPage\":{\"@id\":\"https:\\\/\\\/a-h-health.ch\\\/shop\\\/be-kalm-paste-50g\\\/#primaryimage\"},\"image\":{\"@id\":\"https:\\\/\\\/a-h-health.ch\\\/shop\\\/be-kalm-paste-50g\\\/#primaryimage\"},\"thumbnailUrl\":\"https:\\\/\\\/a-h-health.ch\\\/wp-content\\\/uploads\\\/2024\\\/03\\\/BE_KALM_PASTE.jpg\",\"datePublished\":\"2024-03-26T13:14:25+00:00\",\"dateModified\":\"2025-02-13T12:44:30+00:00\",\"breadcrumb\":{\"@id\":\"https:\\\/\\\/a-h-health.ch\\\/shop\\\/be-kalm-paste-50g\\\/#breadcrumb\"},\"inLanguage\":\"fr-FR\",\"potentialAction\":[{\"@type\":\"ReadAction\",\"target\":[\"https:\\\/\\\/a-h-health.ch\\\/shop\\\/be-kalm-paste-50g\\\/\"]}]},{\"@type\":\"ImageObject\",\"inLanguage\":\"fr-FR\",\"@id\":\"https:\\\/\\\/a-h-health.ch\\\/shop\\\/be-kalm-paste-50g\\\/#primaryimage\",\"url\":\"https:\\\/\\\/a-h-health.ch\\\/wp-content\\\/uploads\\\/2024\\\/03\\\/BE_KALM_PASTE.jpg\",\"contentUrl\":\"https:\\\/\\\/a-h-health.ch\\\/wp-content\\\/uploads\\\/2024\\\/03\\\/BE_KALM_PASTE.jpg\",\"width\":1600,\"height\":1074},{\"@type\":\"BreadcrumbList\",\"@id\":\"https:\\\/\\\/a-h-health.ch\\\/shop\\\/be-kalm-paste-50g\\\/#breadcrumb\",\"itemListElement\":[{\"@type\":\"ListItem\",\"position\":1,\"name\":\"Startseite\",\"item\":\"https:\\\/\\\/a-h-health.ch\\\/\"},{\"@type\":\"ListItem\",\"position\":2,\"name\":\"Shop\",\"item\":\"https:\\\/\\\/a-h-health.ch\\\/shop\\\/\"},{\"@type\":\"ListItem\",\"position\":3,\"name\":\"Be Kalm Paste 50g\"}]},{\"@type\":\"WebSite\",\"@id\":\"https:\\\/\\\/a-h-health.ch\\\/#website\",\"url\":\"https:\\\/\\\/a-h-health.ch\\\/\",\"name\":\"Animal and Human Health AG\",\"description\":\"Wir sind Ihre Ansprechpartner, wenn es um die professionelle Gesundheit und das Wohl ihres Tieres geht.\",\"publisher\":{\"@id\":\"https:\\\/\\\/a-h-health.ch\\\/#organization\"},\"alternateName\":\"a-h-health\",\"potentialAction\":[{\"@type\":\"SearchAction\",\"target\":{\"@type\":\"EntryPoint\",\"urlTemplate\":\"https:\\\/\\\/a-h-health.ch\\\/?s={search_term_string}\"},\"query-input\":{\"@type\":\"PropertyValueSpecification\",\"valueRequired\":true,\"valueName\":\"search_term_string\"}}],\"inLanguage\":\"fr-FR\"},{\"@type\":\"Organization\",\"@id\":\"https:\\\/\\\/a-h-health.ch\\\/#organization\",\"name\":\"Animal & Human Health AG\",\"url\":\"https:\\\/\\\/a-h-health.ch\\\/\",\"logo\":{\"@type\":\"ImageObject\",\"inLanguage\":\"fr-FR\",\"@id\":\"https:\\\/\\\/a-h-health.ch\\\/#\\\/schema\\\/logo\\\/image\\\/\",\"url\":\"https:\\\/\\\/a-h-health.ch\\\/wp-content\\\/uploads\\\/2020\\\/12\\\/Logo-animal-health.jpg\",\"contentUrl\":\"https:\\\/\\\/a-h-health.ch\\\/wp-content\\\/uploads\\\/2020\\\/12\\\/Logo-animal-health.jpg\",\"width\":653,\"height\":56,\"caption\":\"Animal & Human Health AG\"},\"image\":{\"@id\":\"https:\\\/\\\/a-h-health.ch\\\/#\\\/schema\\\/logo\\\/image\\\/\"}}]}<\/script>\n<!-- \/ Yoast SEO plugin. -->","yoast_head_json":{"title":"Be Kalm Paste 50g \u2013 Ani\u00admal &amp; Human Health AG","robots":{"index":"index","follow":"follow","max-snippet":"max-snippet:-1","max-image-preview":"max-image-preview:large","max-video-preview":"max-video-preview:-1"},"canonical":"https:\/\/a-h-health.ch\/fr\/shop\/be-kalm-paste-50g\/","og_locale":"fr_FR","og_type":"article","og_title":"Be Kalm Paste 50g - Animal &amp; Human Health AG","og_description":"Bei stressigen Situationen wie z.B. Transporte! Be Kalm kann die Erregungszust\u00e4nde des Pferdes lindern und hilft bei Stress oder Angstzust\u00e4nden. Entspannt die Muskeln und stimuliert das Immunsystem. Be Kalm enth\u00e4lt Fermentierte Pflanzenextrakte, Antioxidantien aus dem Olivenbaum, Ausz\u00fcge aus Aspergillus Oryzae und Rinde der Ulmus Rubra. F\u00fctterungsempfehlung: 1 Spritze 4-5 Stunden vor dem Wettkampf oder bei [&hellip;]","og_url":"https:\/\/a-h-health.ch\/fr\/shop\/be-kalm-paste-50g\/","og_site_name":"Animal &amp; Human Health AG","article_modified_time":"2025-02-13T12:44:30+00:00","og_image":[{"width":1600,"height":1074,"url":"https:\/\/a-h-health.ch\/wp-content\/uploads\/2024\/03\/BE_KALM_PASTE.jpg","type":"image\/jpeg"}],"twitter_card":"summary_large_image","twitter_misc":{"Dur\u00e9e de lecture estim\u00e9e":"1 minute"},"schema":{"@context":"https:\/\/schema.org","@graph":[{"@type":"WebPage","@id":"https:\/\/a-h-health.ch\/shop\/be-kalm-paste-50g\/","url":"https:\/\/a-h-health.ch\/shop\/be-kalm-paste-50g\/","name":"Be Kalm Paste 50g \u2013 Ani\u00admal &amp; Human Health AG","isPartOf":{"@id":"https:\/\/a-h-health.ch\/#website"},"primaryImageOfPage":{"@id":"https:\/\/a-h-health.ch\/shop\/be-kalm-paste-50g\/#primaryimage"},"image":{"@id":"https:\/\/a-h-health.ch\/shop\/be-kalm-paste-50g\/#primaryimage"},"thumbnailUrl":"https:\/\/a-h-health.ch\/wp-content\/uploads\/2024\/03\/BE_KALM_PASTE.jpg","datePublished":"2024-03-26T13:14:25+00:00","dateModified":"2025-02-13T12:44:30+00:00","breadcrumb":{"@id":"https:\/\/a-h-health.ch\/shop\/be-kalm-paste-50g\/#breadcrumb"},"inLanguage":"fr-FR","potentialAction":[{"@type":"ReadAction","target":["https:\/\/a-h-health.ch\/shop\/be-kalm-paste-50g\/"]}]},{"@type":"ImageObject","inLanguage":"fr-FR","@id":"https:\/\/a-h-health.ch\/shop\/be-kalm-paste-50g\/#primaryimage","url":"https:\/\/a-h-health.ch\/wp-content\/uploads\/2024\/03\/BE_KALM_PASTE.jpg","contentUrl":"https:\/\/a-h-health.ch\/wp-content\/uploads\/2024\/03\/BE_KALM_PASTE.jpg","width":1600,"height":1074},{"@type":"BreadcrumbList","@id":"https:\/\/a-h-health.ch\/shop\/be-kalm-paste-50g\/#breadcrumb","itemListElement":[{"@type":"ListItem","position":1,"name":"Startseite","item":"https:\/\/a-h-health.ch\/"},{"@type":"ListItem","position":2,"name":"Shop","item":"https:\/\/a-h-health.ch\/shop\/"},{"@type":"ListItem","position":3,"name":"Be Kalm Paste 50g"}]},{"@type":"WebSite","@id":"https:\/\/a-h-health.ch\/#website","url":"https:\/\/a-h-health.ch\/","name":"Ani\u00admal and Human Health AG","description":"Nous som\u00admes vos interlo\u00adcu\u00adteurs lorsqu\u2019il s\u2019a\u00adgit de la san\u00adt\u00e9 pro\u00adfes\u00adsi\u00adon\u00adnel\u00adle et du bien-\u00eatre de vot\u00adre animal.","publisher":{"@id":"https:\/\/a-h-health.ch\/#organization"},"alternateName":"a-h-health","potentialAction":[{"@type":"SearchAction","target":{"@type":"EntryPoint","urlTemplate":"https:\/\/a-h-health.ch\/?s={search_term_string}"},"query-input":{"@type":"PropertyValueSpecification","valueRequired":true,"valueName":"search_term_string"}}],"inLanguage":"fr-FR"},{"@type":"Organization","@id":"https:\/\/a-h-health.ch\/#organization","name":"Ani\u00admal &amp; Human Health AG","url":"https:\/\/a-h-health.ch\/","logo":{"@type":"ImageObject","inLanguage":"fr-FR","@id":"https:\/\/a-h-health.ch\/#\/schema\/logo\/image\/","url":"https:\/\/a-h-health.ch\/wp-content\/uploads\/2020\/12\/Logo-animal-health.jpg","contentUrl":"https:\/\/a-h-health.ch\/wp-content\/uploads\/2020\/12\/Logo-animal-health.jpg","width":653,"height":56,"caption":"Animal & Human Health AG"},"image":{"@id":"https:\/\/a-h-health.ch\/#\/schema\/logo\/image\/"}}]}},"_links":{"self":[{"href":"https:\/\/a-h-health.ch\/fr\/wp-json\/wp\/v2\/product\/15999","targetHints":{"allow":["GET"]}}],"collection":[{"href":"https:\/\/a-h-health.ch\/fr\/wp-json\/wp\/v2\/product"}],"about":[{"href":"https:\/\/a-h-health.ch\/fr\/wp-json\/wp\/v2\/types\/product"}],"wp:featuredmedia":[{"embeddable":true,"href":"https:\/\/a-h-health.ch\/fr\/wp-json\/wp\/v2\/media\/16002"}],"wp:attachment":[{"href":"https:\/\/a-h-health.ch\/fr\/wp-json\/wp\/v2\/media?parent=15999"}],"wp:term":[{"taxonomy":"product_brand","embeddable":true,"href":"https:\/\/a-h-health.ch\/fr\/wp-json\/wp\/v2\/product_brand?post=15999"},{"taxonomy":"product_cat","embeddable":true,"href":"https:\/\/a-h-health.ch\/fr\/wp-json\/wp\/v2\/product_cat?post=15999"},{"taxonomy":"product_tag","embeddable":true,"href":"https:\/\/a-h-health.ch\/fr\/wp-json\/wp\/v2\/product_tag?post=15999"}],"curies":[{"name":"wp","href":"https:\/\/api.w.org\/{rel}","templated":true}]}}