{"id":14955,"date":"2023-03-10T17:13:45","date_gmt":"2023-03-10T16:13:45","guid":{"rendered":"https:\/\/a-h-health.ch\/?post_type=product&#038;p=14955"},"modified":"2024-05-06T10:58:28","modified_gmt":"2024-05-06T08:58:28","slug":"breeders-formula-500g-von-life-data","status":"publish","type":"product","link":"https:\/\/a-h-health.ch\/fr\/shop\/breeders-formula-500g-von-life-data\/","title":{"rendered":"Breeder\u2019s For\u00admu\u00adla 500g de Life&nbsp;Data"},"content":{"rendered":"<p>Breeder\u2019s For\u00admu\u00adla\u00ae est un con\u00adcen\u00adtr\u00e9 de nut\u00adri\u00adments pour chiens, d\u00e9ve\u00adlo\u00adp\u00adp\u00e9 par des sp\u00e9\u00adcia\u00adli\u00adstes de la nut\u00adri\u00adti\u00adon ani\u00adma\u00adle. Il assu\u00adre une peau sai\u00adne et, gr\u00e2\u00adce \u00e0 ses com\u00adpo\u00adsants, le tryp\u00adtop\u00adha\u00adne et le magn\u00e9\u00adsi\u00adum, il peut r\u00e9dui\u00adre l\u2019a\u00adgi\u00adta\u00adti\u00adon et les r\u00e9ac\u00adtions de stress tel\u00adles que le l\u00e9chage et le mor\u00addil\u00adle\u00adment com\u00adpul\u00adsifs de la peau. Il assu\u00adre un pela\u00adge bril\u00adlant et peut \u00eatre uti\u00adli\u00ads\u00e9 en tou\u00adte s\u00e9cu\u00adri\u00adt\u00e9 pour tou\u00adtes les races et tous les \u00e2ges, y com\u00adpris les chi\u00aden\u00adnes gestantes.<\/p>","protected":false},"excerpt":{"rendered":"<p>Breeder\u2019s For\u00admu\u00adla\u00ae est un con\u00adcen\u00adtr\u00e9 de nut\u00adri\u00adments pour chiens, d\u00e9ve\u00adlo\u00adp\u00adp\u00e9 par des sp\u00e9\u00adcia\u00adli\u00adstes de la nut\u00adri\u00adti\u00adon ani\u00adma\u00adle. Il assu\u00adre une peau sai\u00adne et, gr\u00e2\u00adce \u00e0 ses com\u00adpo\u00adsants, le tryp\u00adtop\u00adha\u00adne et le magn\u00e9\u00adsi\u00adum, il peut r\u00e9dui\u00adre l\u2019a\u00adgi\u00adta\u00adti\u00adon et les r\u00e9ac\u00adtions de stress tel\u00adles que le l\u00e9chage et le mor\u00addil\u00adle\u00adment com\u00adpul\u00adsifs de la peau. Il assu\u00adre un pela\u00adge bril\u00adlant et peut \u00eatre uti\u00adli\u00ads\u00e9 en tou\u00adte s\u00e9cu\u00adri\u00adt\u00e9 pour tou\u00adtes les races et tous les \u00e2ges, y com\u00adpris les chi\u00aden\u00adnes gestantes.<\/p>","protected":false},"featured_media":14957,"template":"","meta":{"wp_typography_post_enhancements_disabled":false},"product_brand":[],"product_cat":[563,564,611,34],"product_tag":[574],"class_list":{"0":"post-14955","1":"product","2":"type-product","3":"status-publish","4":"has-post-thumbnail","6":"product_cat-hund","7":"product_cat-katze","8":"product_cat-life-data","9":"product_cat-nahrungsergaenzung","10":"product_tag-futter-und-diverse","12":"first","13":"instock","14":"taxable","15":"shipping-taxable","16":"product-type-simple"},"yoast_head":"<!-- This site is optimized with the Yoast SEO plugin v27.4 - https:\/\/yoast.com\/product\/yoast-seo-wordpress\/ -->\n<title>Breeder&#039;s Formula 500g von Life Data - Animal &amp; Human Health AG<\/title>\n<meta name=\"robots\" content=\"index, follow, max-snippet:-1, max-image-preview:large, max-video-preview:-1\" \/>\n<link rel=\"canonical\" href=\"https:\/\/a-h-health.ch\/fr\/shop\/breeders-formula-500g-von-life-data\/\" \/>\n<meta property=\"og:locale\" content=\"fr_FR\" \/>\n<meta property=\"og:type\" content=\"article\" \/>\n<meta property=\"og:title\" content=\"Breeder&#039;s Formula 500g von Life Data - Animal &amp; Human Health AG\" \/>\n<meta property=\"og:description\" content=\"Breeder\u2019s Formula\u00ae ist ein N\u00e4hrstoffkonzentrat f\u00fcr Hunde, das von Spezialisten f\u00fcr Tierern\u00e4hrung entwickelt wurde. Es sorgt f\u00fcr gesunde Haut und kann mit seinen Bestandteilen, Tryptophan und Magnesium, Unruhe und Stressreaktionen wie zwanghaftes Lecken und Hautknabbern verringern. Es sorgt f\u00fcr gl\u00e4nzendes Fell und ist sicher anwendbar bei allen Rassen und Altersstufen einschlie\u00dflich tr\u00e4chtiger H\u00fcndinnen.\" \/>\n<meta property=\"og:url\" content=\"https:\/\/a-h-health.ch\/fr\/shop\/breeders-formula-500g-von-life-data\/\" \/>\n<meta property=\"og:site_name\" content=\"Animal &amp; Human Health AG\" \/>\n<meta property=\"article:modified_time\" content=\"2024-05-06T08:58:28+00:00\" \/>\n<meta property=\"og:image\" content=\"https:\/\/a-h-health.ch\/wp-content\/uploads\/2023\/03\/BreedersFormula_JediUK_AP.jpg\" \/>\n\t<meta property=\"og:image:width\" content=\"300\" \/>\n\t<meta property=\"og:image:height\" content=\"311\" \/>\n\t<meta property=\"og:image:type\" content=\"image\/jpeg\" \/>\n<meta name=\"twitter:card\" content=\"summary_large_image\" \/>\n<meta name=\"twitter:label1\" content=\"Dur\u00e9e de lecture estim\u00e9e\" \/>\n\t<meta name=\"twitter:data1\" content=\"1 minute\" \/>\n<script type=\"application\/ld+json\" class=\"yoast-schema-graph\">{\"@context\":\"https:\\\/\\\/schema.org\",\"@graph\":[{\"@type\":\"WebPage\",\"@id\":\"https:\\\/\\\/a-h-health.ch\\\/shop\\\/breeders-formula-500g-von-life-data\\\/\",\"url\":\"https:\\\/\\\/a-h-health.ch\\\/shop\\\/breeders-formula-500g-von-life-data\\\/\",\"name\":\"Breeder's Formula 500g von Life Data - Animal &amp; Human Health AG\",\"isPartOf\":{\"@id\":\"https:\\\/\\\/a-h-health.ch\\\/#website\"},\"primaryImageOfPage\":{\"@id\":\"https:\\\/\\\/a-h-health.ch\\\/shop\\\/breeders-formula-500g-von-life-data\\\/#primaryimage\"},\"image\":{\"@id\":\"https:\\\/\\\/a-h-health.ch\\\/shop\\\/breeders-formula-500g-von-life-data\\\/#primaryimage\"},\"thumbnailUrl\":\"https:\\\/\\\/a-h-health.ch\\\/wp-content\\\/uploads\\\/2023\\\/03\\\/BreedersFormula_JediUK_AP.jpg\",\"datePublished\":\"2023-03-10T16:13:45+00:00\",\"dateModified\":\"2024-05-06T08:58:28+00:00\",\"breadcrumb\":{\"@id\":\"https:\\\/\\\/a-h-health.ch\\\/shop\\\/breeders-formula-500g-von-life-data\\\/#breadcrumb\"},\"inLanguage\":\"fr-FR\",\"potentialAction\":[{\"@type\":\"ReadAction\",\"target\":[\"https:\\\/\\\/a-h-health.ch\\\/shop\\\/breeders-formula-500g-von-life-data\\\/\"]}]},{\"@type\":\"ImageObject\",\"inLanguage\":\"fr-FR\",\"@id\":\"https:\\\/\\\/a-h-health.ch\\\/shop\\\/breeders-formula-500g-von-life-data\\\/#primaryimage\",\"url\":\"https:\\\/\\\/a-h-health.ch\\\/wp-content\\\/uploads\\\/2023\\\/03\\\/BreedersFormula_JediUK_AP.jpg\",\"contentUrl\":\"https:\\\/\\\/a-h-health.ch\\\/wp-content\\\/uploads\\\/2023\\\/03\\\/BreedersFormula_JediUK_AP.jpg\",\"width\":300,\"height\":311},{\"@type\":\"BreadcrumbList\",\"@id\":\"https:\\\/\\\/a-h-health.ch\\\/shop\\\/breeders-formula-500g-von-life-data\\\/#breadcrumb\",\"itemListElement\":[{\"@type\":\"ListItem\",\"position\":1,\"name\":\"Startseite\",\"item\":\"https:\\\/\\\/a-h-health.ch\\\/\"},{\"@type\":\"ListItem\",\"position\":2,\"name\":\"Shop\",\"item\":\"https:\\\/\\\/a-h-health.ch\\\/shop\\\/\"},{\"@type\":\"ListItem\",\"position\":3,\"name\":\"Breeder&#8217;s Formula 500g von Life Data\"}]},{\"@type\":\"WebSite\",\"@id\":\"https:\\\/\\\/a-h-health.ch\\\/#website\",\"url\":\"https:\\\/\\\/a-h-health.ch\\\/\",\"name\":\"Animal and Human Health AG\",\"description\":\"Wir sind Ihre Ansprechpartner, wenn es um die professionelle Gesundheit und das Wohl ihres Tieres geht.\",\"publisher\":{\"@id\":\"https:\\\/\\\/a-h-health.ch\\\/#organization\"},\"alternateName\":\"a-h-health\",\"potentialAction\":[{\"@type\":\"SearchAction\",\"target\":{\"@type\":\"EntryPoint\",\"urlTemplate\":\"https:\\\/\\\/a-h-health.ch\\\/?s={search_term_string}\"},\"query-input\":{\"@type\":\"PropertyValueSpecification\",\"valueRequired\":true,\"valueName\":\"search_term_string\"}}],\"inLanguage\":\"fr-FR\"},{\"@type\":\"Organization\",\"@id\":\"https:\\\/\\\/a-h-health.ch\\\/#organization\",\"name\":\"Animal & Human Health AG\",\"url\":\"https:\\\/\\\/a-h-health.ch\\\/\",\"logo\":{\"@type\":\"ImageObject\",\"inLanguage\":\"fr-FR\",\"@id\":\"https:\\\/\\\/a-h-health.ch\\\/#\\\/schema\\\/logo\\\/image\\\/\",\"url\":\"https:\\\/\\\/a-h-health.ch\\\/wp-content\\\/uploads\\\/2020\\\/12\\\/Logo-animal-health.jpg\",\"contentUrl\":\"https:\\\/\\\/a-h-health.ch\\\/wp-content\\\/uploads\\\/2020\\\/12\\\/Logo-animal-health.jpg\",\"width\":653,\"height\":56,\"caption\":\"Animal & Human Health AG\"},\"image\":{\"@id\":\"https:\\\/\\\/a-h-health.ch\\\/#\\\/schema\\\/logo\\\/image\\\/\"}}]}<\/script>\n<!-- \/ Yoast SEO plugin. -->","yoast_head_json":{"title":"Breeder\u2019s For\u00admu\u00adla 500g von Life Data \u2013 Ani\u00admal &amp; Human Health AG","robots":{"index":"index","follow":"follow","max-snippet":"max-snippet:-1","max-image-preview":"max-image-preview:large","max-video-preview":"max-video-preview:-1"},"canonical":"https:\/\/a-h-health.ch\/fr\/shop\/breeders-formula-500g-von-life-data\/","og_locale":"fr_FR","og_type":"article","og_title":"Breeder's Formula 500g von Life Data - Animal &amp; Human Health AG","og_description":"Breeder\u2019s Formula\u00ae ist ein N\u00e4hrstoffkonzentrat f\u00fcr Hunde, das von Spezialisten f\u00fcr Tierern\u00e4hrung entwickelt wurde. Es sorgt f\u00fcr gesunde Haut und kann mit seinen Bestandteilen, Tryptophan und Magnesium, Unruhe und Stressreaktionen wie zwanghaftes Lecken und Hautknabbern verringern. Es sorgt f\u00fcr gl\u00e4nzendes Fell und ist sicher anwendbar bei allen Rassen und Altersstufen einschlie\u00dflich tr\u00e4chtiger H\u00fcndinnen.","og_url":"https:\/\/a-h-health.ch\/fr\/shop\/breeders-formula-500g-von-life-data\/","og_site_name":"Animal &amp; Human Health AG","article_modified_time":"2024-05-06T08:58:28+00:00","og_image":[{"width":300,"height":311,"url":"https:\/\/a-h-health.ch\/wp-content\/uploads\/2023\/03\/BreedersFormula_JediUK_AP.jpg","type":"image\/jpeg"}],"twitter_card":"summary_large_image","twitter_misc":{"Dur\u00e9e de lecture estim\u00e9e":"1 minute"},"schema":{"@context":"https:\/\/schema.org","@graph":[{"@type":"WebPage","@id":"https:\/\/a-h-health.ch\/shop\/breeders-formula-500g-von-life-data\/","url":"https:\/\/a-h-health.ch\/shop\/breeders-formula-500g-von-life-data\/","name":"Breeder\u2019s For\u00admu\u00adla 500g von Life Data \u2013 Ani\u00admal &amp; Human Health AG","isPartOf":{"@id":"https:\/\/a-h-health.ch\/#website"},"primaryImageOfPage":{"@id":"https:\/\/a-h-health.ch\/shop\/breeders-formula-500g-von-life-data\/#primaryimage"},"image":{"@id":"https:\/\/a-h-health.ch\/shop\/breeders-formula-500g-von-life-data\/#primaryimage"},"thumbnailUrl":"https:\/\/a-h-health.ch\/wp-content\/uploads\/2023\/03\/BreedersFormula_JediUK_AP.jpg","datePublished":"2023-03-10T16:13:45+00:00","dateModified":"2024-05-06T08:58:28+00:00","breadcrumb":{"@id":"https:\/\/a-h-health.ch\/shop\/breeders-formula-500g-von-life-data\/#breadcrumb"},"inLanguage":"fr-FR","potentialAction":[{"@type":"ReadAction","target":["https:\/\/a-h-health.ch\/shop\/breeders-formula-500g-von-life-data\/"]}]},{"@type":"ImageObject","inLanguage":"fr-FR","@id":"https:\/\/a-h-health.ch\/shop\/breeders-formula-500g-von-life-data\/#primaryimage","url":"https:\/\/a-h-health.ch\/wp-content\/uploads\/2023\/03\/BreedersFormula_JediUK_AP.jpg","contentUrl":"https:\/\/a-h-health.ch\/wp-content\/uploads\/2023\/03\/BreedersFormula_JediUK_AP.jpg","width":300,"height":311},{"@type":"BreadcrumbList","@id":"https:\/\/a-h-health.ch\/shop\/breeders-formula-500g-von-life-data\/#breadcrumb","itemListElement":[{"@type":"ListItem","position":1,"name":"Startseite","item":"https:\/\/a-h-health.ch\/"},{"@type":"ListItem","position":2,"name":"Shop","item":"https:\/\/a-h-health.ch\/shop\/"},{"@type":"ListItem","position":3,"name":"Breeder&#8217;s Formula 500g von Life Data"}]},{"@type":"WebSite","@id":"https:\/\/a-h-health.ch\/#website","url":"https:\/\/a-h-health.ch\/","name":"Ani\u00admal and Human Health AG","description":"Nous som\u00admes vos interlo\u00adcu\u00adteurs lorsqu\u2019il s\u2019a\u00adgit de la san\u00adt\u00e9 pro\u00adfes\u00adsi\u00adon\u00adnel\u00adle et du bien-\u00eatre de vot\u00adre animal.","publisher":{"@id":"https:\/\/a-h-health.ch\/#organization"},"alternateName":"a-h-health","potentialAction":[{"@type":"SearchAction","target":{"@type":"EntryPoint","urlTemplate":"https:\/\/a-h-health.ch\/?s={search_term_string}"},"query-input":{"@type":"PropertyValueSpecification","valueRequired":true,"valueName":"search_term_string"}}],"inLanguage":"fr-FR"},{"@type":"Organization","@id":"https:\/\/a-h-health.ch\/#organization","name":"Ani\u00admal &amp; Human Health AG","url":"https:\/\/a-h-health.ch\/","logo":{"@type":"ImageObject","inLanguage":"fr-FR","@id":"https:\/\/a-h-health.ch\/#\/schema\/logo\/image\/","url":"https:\/\/a-h-health.ch\/wp-content\/uploads\/2020\/12\/Logo-animal-health.jpg","contentUrl":"https:\/\/a-h-health.ch\/wp-content\/uploads\/2020\/12\/Logo-animal-health.jpg","width":653,"height":56,"caption":"Animal & Human Health AG"},"image":{"@id":"https:\/\/a-h-health.ch\/#\/schema\/logo\/image\/"}}]}},"_links":{"self":[{"href":"https:\/\/a-h-health.ch\/fr\/wp-json\/wp\/v2\/product\/14955","targetHints":{"allow":["GET"]}}],"collection":[{"href":"https:\/\/a-h-health.ch\/fr\/wp-json\/wp\/v2\/product"}],"about":[{"href":"https:\/\/a-h-health.ch\/fr\/wp-json\/wp\/v2\/types\/product"}],"wp:featuredmedia":[{"embeddable":true,"href":"https:\/\/a-h-health.ch\/fr\/wp-json\/wp\/v2\/media\/14957"}],"wp:attachment":[{"href":"https:\/\/a-h-health.ch\/fr\/wp-json\/wp\/v2\/media?parent=14955"}],"wp:term":[{"taxonomy":"product_brand","embeddable":true,"href":"https:\/\/a-h-health.ch\/fr\/wp-json\/wp\/v2\/product_brand?post=14955"},{"taxonomy":"product_cat","embeddable":true,"href":"https:\/\/a-h-health.ch\/fr\/wp-json\/wp\/v2\/product_cat?post=14955"},{"taxonomy":"product_tag","embeddable":true,"href":"https:\/\/a-h-health.ch\/fr\/wp-json\/wp\/v2\/product_tag?post=14955"}],"curies":[{"name":"wp","href":"https:\/\/api.w.org\/{rel}","templated":true}]}}