{"id":14942,"date":"2023-02-26T23:14:45","date_gmt":"2023-02-26T22:14:45","guid":{"rendered":"https:\/\/a-h-health.ch\/?post_type=product&#038;p=14942"},"modified":"2025-07-08T17:01:35","modified_gmt":"2025-07-08T15:01:35","slug":"tye-gard-equine-america-5-l","status":"publish","type":"product","link":"https:\/\/a-h-health.ch\/fr\/shop\/tye-gard-equine-america-5-l\/","title":{"rendered":"Tye-Gard Equi\u00adne Ame\u00adri\u00adca, 5&nbsp;l"},"content":{"rendered":"<p>Les pro\u00adgram\u00admes d\u2019en\u00adtra\u00ee\u00adne\u00adment inten\u00adsifs, les voya\u00adges, les com\u00adp\u00e9\u00adti\u00adti\u00adons et les cour\u00adses exi\u00adgent des efforts extr\u00ea\u00admes de la part des mus\u00adcles du che\u00adval. En outr\u00e9, cer\u00adtai\u00adnes con\u00addi\u00adti\u00adons g\u00e9n\u00e9\u00adti\u00adques, des d\u00e9s\u00e9\u00adqui\u00adli\u00adbres ali\u00admen\u00adtai\u00adres ou des fac\u00adteurs de gesti\u00adon tels que des pro\u00adgram\u00admes d\u2019en\u00adtra\u00ee\u00adne\u00adment irr\u00e9\u00adgu\u00adliers peu\u00advent ent\u00adra\u00ee\u00adner des mala\u00addies mus\u00adcu\u00adlai\u00adres qui ne sont par\u00adfois pas li\u00e9es \u00e0 un ent\u00adra\u00ee\u00adne\u00adment extr\u00eame.<\/p>\n<p>Tye-Gard\u00ae peut aider \u00e0 sou\u00adte\u00adnir la san\u00adt\u00e9 et la r\u00e9g\u00e9\u00adn\u00e9\u00adra\u00adti\u00adon mus\u00adcu\u00adlai\u00adres, notam\u00adment en four\u00adnis\u00adsant des con\u00adcen\u00adtra\u00adti\u00adons accrues d\u2019an\u00adti\u00adoxy\u00addants essen\u00adtiels pour sou\u00adte\u00adnir l\u2019in\u00adt\u00e9\u00adgri\u00adt\u00e9 de la mem\u00adbra\u00adne des cel\u00adlu\u00adles mus\u00adcu\u00adlai\u00adres, dont non seu\u00adle\u00adment la vit\u00adami\u00adne E, le s\u00e9l\u00e9\u00adni\u00adum et le cui\u00adv\u00adre, mais aus\u00adsi des ing\u00adr\u00e9\u00addi\u00adents v\u00e9g\u00e9\u00adtaux aux pro\u00adpri\u00e9\u00adt\u00e9s anti\u00adoxy\u00addan\u00adtes tr\u00e8s efficaces.<\/p>","protected":false},"excerpt":{"rendered":"<p>Intensive Trainingsprogramme, Reisen, Wettk\u00e4mpfe und Rennen erfordern extreme Anstrengungen von den Muskeln des Pferdes. Dar\u00fcber hinaus k\u00f6nnen bestimmte genetische Bedingungen, Ern\u00e4hrungsungleichgewichte oder Managementfaktoren wie unregelm\u00e4\u00dfige Trainingspl\u00e4ne zu Muskelerkrankungen f\u00fchren, die manchmal nicht mit extremem Training zusammenh\u00e4ngen. Tye-Gard\u00ae kann helfen, die Muskelgesundheit und -regeneration zu unterst\u00fctzen, einschlie\u00dflich der Bereitstellung von erh\u00f6hten Konzentrationen wichtiger Antioxidantien zur Unterst\u00fctzung [&hellip;]<\/p>\n","protected":false},"featured_media":14945,"template":"","meta":{"wp_typography_post_enhancements_disabled":false},"product_brand":[],"product_cat":[570,34,562],"product_tag":[574],"class_list":{"0":"post-14942","1":"product","2":"type-product","3":"status-publish","4":"has-post-thumbnail","6":"product_cat-equine-america","7":"product_cat-nahrungsergaenzung","8":"product_cat-pferd","9":"product_tag-futter-und-diverse","11":"first","12":"instock","13":"taxable","14":"shipping-taxable","15":"product-type-simple"},"yoast_head":"<!-- This site is optimized with the Yoast SEO plugin v27.4 - https:\/\/yoast.com\/product\/yoast-seo-wordpress\/ -->\n<title>Tye-Gard Equine America, 5 l - Animal &amp; Human Health AG<\/title>\n<meta name=\"robots\" content=\"index, follow, max-snippet:-1, max-image-preview:large, max-video-preview:-1\" \/>\n<link rel=\"canonical\" href=\"https:\/\/a-h-health.ch\/fr\/shop\/tye-gard-equine-america-5-l\/\" \/>\n<meta property=\"og:locale\" content=\"fr_FR\" \/>\n<meta property=\"og:type\" content=\"article\" \/>\n<meta property=\"og:title\" content=\"Tye-Gard Equine America, 5 l - Animal &amp; Human Health AG\" \/>\n<meta property=\"og:description\" content=\"Intensive Trainingsprogramme, Reisen, Wettk\u00e4mpfe und Rennen erfordern extreme Anstrengungen von den Muskeln des Pferdes. Dar\u00fcber hinaus k\u00f6nnen bestimmte genetische Bedingungen, Ern\u00e4hrungsungleichgewichte oder Managementfaktoren wie unregelm\u00e4\u00dfige Trainingspl\u00e4ne zu Muskelerkrankungen f\u00fchren, die manchmal nicht mit extremem Training zusammenh\u00e4ngen. Tye-Gard\u00ae kann helfen, die Muskelgesundheit und -regeneration zu unterst\u00fctzen, einschlie\u00dflich der Bereitstellung von erh\u00f6hten Konzentrationen wichtiger Antioxidantien zur Unterst\u00fctzung [&hellip;]\" \/>\n<meta property=\"og:url\" content=\"https:\/\/a-h-health.ch\/fr\/shop\/tye-gard-equine-america-5-l\/\" \/>\n<meta property=\"og:site_name\" content=\"Animal &amp; Human Health AG\" \/>\n<meta property=\"article:modified_time\" content=\"2025-07-08T15:01:35+00:00\" \/>\n<meta property=\"og:image\" content=\"https:\/\/a-h-health.ch\/wp-content\/uploads\/2023\/02\/Tye-Gard-Solution-5lt.jpg\" \/>\n\t<meta property=\"og:image:width\" content=\"610\" \/>\n\t<meta property=\"og:image:height\" content=\"500\" \/>\n\t<meta property=\"og:image:type\" content=\"image\/jpeg\" \/>\n<meta name=\"twitter:card\" content=\"summary_large_image\" \/>\n<meta name=\"twitter:label1\" content=\"Dur\u00e9e de lecture estim\u00e9e\" \/>\n\t<meta name=\"twitter:data1\" content=\"1 minute\" \/>\n<script type=\"application\/ld+json\" class=\"yoast-schema-graph\">{\"@context\":\"https:\\\/\\\/schema.org\",\"@graph\":[{\"@type\":\"WebPage\",\"@id\":\"https:\\\/\\\/a-h-health.ch\\\/shop\\\/tye-gard-equine-america-5-l\\\/\",\"url\":\"https:\\\/\\\/a-h-health.ch\\\/shop\\\/tye-gard-equine-america-5-l\\\/\",\"name\":\"Tye-Gard Equine America, 5 l - Animal &amp; Human Health AG\",\"isPartOf\":{\"@id\":\"https:\\\/\\\/a-h-health.ch\\\/#website\"},\"primaryImageOfPage\":{\"@id\":\"https:\\\/\\\/a-h-health.ch\\\/shop\\\/tye-gard-equine-america-5-l\\\/#primaryimage\"},\"image\":{\"@id\":\"https:\\\/\\\/a-h-health.ch\\\/shop\\\/tye-gard-equine-america-5-l\\\/#primaryimage\"},\"thumbnailUrl\":\"https:\\\/\\\/a-h-health.ch\\\/wp-content\\\/uploads\\\/2023\\\/02\\\/Tye-Gard-Solution-5lt.jpg\",\"datePublished\":\"2023-02-26T22:14:45+00:00\",\"dateModified\":\"2025-07-08T15:01:35+00:00\",\"breadcrumb\":{\"@id\":\"https:\\\/\\\/a-h-health.ch\\\/shop\\\/tye-gard-equine-america-5-l\\\/#breadcrumb\"},\"inLanguage\":\"fr-FR\",\"potentialAction\":[{\"@type\":\"ReadAction\",\"target\":[\"https:\\\/\\\/a-h-health.ch\\\/shop\\\/tye-gard-equine-america-5-l\\\/\"]}]},{\"@type\":\"ImageObject\",\"inLanguage\":\"fr-FR\",\"@id\":\"https:\\\/\\\/a-h-health.ch\\\/shop\\\/tye-gard-equine-america-5-l\\\/#primaryimage\",\"url\":\"https:\\\/\\\/a-h-health.ch\\\/wp-content\\\/uploads\\\/2023\\\/02\\\/Tye-Gard-Solution-5lt.jpg\",\"contentUrl\":\"https:\\\/\\\/a-h-health.ch\\\/wp-content\\\/uploads\\\/2023\\\/02\\\/Tye-Gard-Solution-5lt.jpg\",\"width\":610,\"height\":500},{\"@type\":\"BreadcrumbList\",\"@id\":\"https:\\\/\\\/a-h-health.ch\\\/shop\\\/tye-gard-equine-america-5-l\\\/#breadcrumb\",\"itemListElement\":[{\"@type\":\"ListItem\",\"position\":1,\"name\":\"Startseite\",\"item\":\"https:\\\/\\\/a-h-health.ch\\\/\"},{\"@type\":\"ListItem\",\"position\":2,\"name\":\"Shop\",\"item\":\"https:\\\/\\\/a-h-health.ch\\\/shop\\\/\"},{\"@type\":\"ListItem\",\"position\":3,\"name\":\"Tye-Gard Equine America, 5 l\"}]},{\"@type\":\"WebSite\",\"@id\":\"https:\\\/\\\/a-h-health.ch\\\/#website\",\"url\":\"https:\\\/\\\/a-h-health.ch\\\/\",\"name\":\"Animal and Human Health AG\",\"description\":\"Wir sind Ihre Ansprechpartner, wenn es um die professionelle Gesundheit und das Wohl ihres Tieres geht.\",\"publisher\":{\"@id\":\"https:\\\/\\\/a-h-health.ch\\\/#organization\"},\"alternateName\":\"a-h-health\",\"potentialAction\":[{\"@type\":\"SearchAction\",\"target\":{\"@type\":\"EntryPoint\",\"urlTemplate\":\"https:\\\/\\\/a-h-health.ch\\\/?s={search_term_string}\"},\"query-input\":{\"@type\":\"PropertyValueSpecification\",\"valueRequired\":true,\"valueName\":\"search_term_string\"}}],\"inLanguage\":\"fr-FR\"},{\"@type\":\"Organization\",\"@id\":\"https:\\\/\\\/a-h-health.ch\\\/#organization\",\"name\":\"Animal & Human Health AG\",\"url\":\"https:\\\/\\\/a-h-health.ch\\\/\",\"logo\":{\"@type\":\"ImageObject\",\"inLanguage\":\"fr-FR\",\"@id\":\"https:\\\/\\\/a-h-health.ch\\\/#\\\/schema\\\/logo\\\/image\\\/\",\"url\":\"https:\\\/\\\/a-h-health.ch\\\/wp-content\\\/uploads\\\/2020\\\/12\\\/Logo-animal-health.jpg\",\"contentUrl\":\"https:\\\/\\\/a-h-health.ch\\\/wp-content\\\/uploads\\\/2020\\\/12\\\/Logo-animal-health.jpg\",\"width\":653,\"height\":56,\"caption\":\"Animal & Human Health AG\"},\"image\":{\"@id\":\"https:\\\/\\\/a-h-health.ch\\\/#\\\/schema\\\/logo\\\/image\\\/\"}}]}<\/script>\n<!-- \/ Yoast SEO plugin. -->","yoast_head_json":{"title":"Tye-Gard Equi\u00adne Ame\u00adri\u00adca, 5 l \u2013 Ani\u00admal &amp; Human Health AG","robots":{"index":"index","follow":"follow","max-snippet":"max-snippet:-1","max-image-preview":"max-image-preview:large","max-video-preview":"max-video-preview:-1"},"canonical":"https:\/\/a-h-health.ch\/fr\/shop\/tye-gard-equine-america-5-l\/","og_locale":"fr_FR","og_type":"article","og_title":"Tye-Gard Equine America, 5 l - Animal &amp; Human Health AG","og_description":"Intensive Trainingsprogramme, Reisen, Wettk\u00e4mpfe und Rennen erfordern extreme Anstrengungen von den Muskeln des Pferdes. Dar\u00fcber hinaus k\u00f6nnen bestimmte genetische Bedingungen, Ern\u00e4hrungsungleichgewichte oder Managementfaktoren wie unregelm\u00e4\u00dfige Trainingspl\u00e4ne zu Muskelerkrankungen f\u00fchren, die manchmal nicht mit extremem Training zusammenh\u00e4ngen. Tye-Gard\u00ae kann helfen, die Muskelgesundheit und -regeneration zu unterst\u00fctzen, einschlie\u00dflich der Bereitstellung von erh\u00f6hten Konzentrationen wichtiger Antioxidantien zur Unterst\u00fctzung [&hellip;]","og_url":"https:\/\/a-h-health.ch\/fr\/shop\/tye-gard-equine-america-5-l\/","og_site_name":"Animal &amp; Human Health AG","article_modified_time":"2025-07-08T15:01:35+00:00","og_image":[{"width":610,"height":500,"url":"https:\/\/a-h-health.ch\/wp-content\/uploads\/2023\/02\/Tye-Gard-Solution-5lt.jpg","type":"image\/jpeg"}],"twitter_card":"summary_large_image","twitter_misc":{"Dur\u00e9e de lecture estim\u00e9e":"1 minute"},"schema":{"@context":"https:\/\/schema.org","@graph":[{"@type":"WebPage","@id":"https:\/\/a-h-health.ch\/shop\/tye-gard-equine-america-5-l\/","url":"https:\/\/a-h-health.ch\/shop\/tye-gard-equine-america-5-l\/","name":"Tye-Gard Equi\u00adne Ame\u00adri\u00adca, 5 l \u2013 Ani\u00admal &amp; Human Health AG","isPartOf":{"@id":"https:\/\/a-h-health.ch\/#website"},"primaryImageOfPage":{"@id":"https:\/\/a-h-health.ch\/shop\/tye-gard-equine-america-5-l\/#primaryimage"},"image":{"@id":"https:\/\/a-h-health.ch\/shop\/tye-gard-equine-america-5-l\/#primaryimage"},"thumbnailUrl":"https:\/\/a-h-health.ch\/wp-content\/uploads\/2023\/02\/Tye-Gard-Solution-5lt.jpg","datePublished":"2023-02-26T22:14:45+00:00","dateModified":"2025-07-08T15:01:35+00:00","breadcrumb":{"@id":"https:\/\/a-h-health.ch\/shop\/tye-gard-equine-america-5-l\/#breadcrumb"},"inLanguage":"fr-FR","potentialAction":[{"@type":"ReadAction","target":["https:\/\/a-h-health.ch\/shop\/tye-gard-equine-america-5-l\/"]}]},{"@type":"ImageObject","inLanguage":"fr-FR","@id":"https:\/\/a-h-health.ch\/shop\/tye-gard-equine-america-5-l\/#primaryimage","url":"https:\/\/a-h-health.ch\/wp-content\/uploads\/2023\/02\/Tye-Gard-Solution-5lt.jpg","contentUrl":"https:\/\/a-h-health.ch\/wp-content\/uploads\/2023\/02\/Tye-Gard-Solution-5lt.jpg","width":610,"height":500},{"@type":"BreadcrumbList","@id":"https:\/\/a-h-health.ch\/shop\/tye-gard-equine-america-5-l\/#breadcrumb","itemListElement":[{"@type":"ListItem","position":1,"name":"Startseite","item":"https:\/\/a-h-health.ch\/"},{"@type":"ListItem","position":2,"name":"Shop","item":"https:\/\/a-h-health.ch\/shop\/"},{"@type":"ListItem","position":3,"name":"Tye-Gard Equine America, 5 l"}]},{"@type":"WebSite","@id":"https:\/\/a-h-health.ch\/#website","url":"https:\/\/a-h-health.ch\/","name":"Ani\u00admal and Human Health AG","description":"Nous som\u00admes vos interlo\u00adcu\u00adteurs lorsqu\u2019il s\u2019a\u00adgit de la san\u00adt\u00e9 pro\u00adfes\u00adsi\u00adon\u00adnel\u00adle et du bien-\u00eatre de vot\u00adre animal.","publisher":{"@id":"https:\/\/a-h-health.ch\/#organization"},"alternateName":"a-h-health","potentialAction":[{"@type":"SearchAction","target":{"@type":"EntryPoint","urlTemplate":"https:\/\/a-h-health.ch\/?s={search_term_string}"},"query-input":{"@type":"PropertyValueSpecification","valueRequired":true,"valueName":"search_term_string"}}],"inLanguage":"fr-FR"},{"@type":"Organization","@id":"https:\/\/a-h-health.ch\/#organization","name":"Ani\u00admal &amp; Human Health AG","url":"https:\/\/a-h-health.ch\/","logo":{"@type":"ImageObject","inLanguage":"fr-FR","@id":"https:\/\/a-h-health.ch\/#\/schema\/logo\/image\/","url":"https:\/\/a-h-health.ch\/wp-content\/uploads\/2020\/12\/Logo-animal-health.jpg","contentUrl":"https:\/\/a-h-health.ch\/wp-content\/uploads\/2020\/12\/Logo-animal-health.jpg","width":653,"height":56,"caption":"Animal & Human Health AG"},"image":{"@id":"https:\/\/a-h-health.ch\/#\/schema\/logo\/image\/"}}]}},"_links":{"self":[{"href":"https:\/\/a-h-health.ch\/fr\/wp-json\/wp\/v2\/product\/14942","targetHints":{"allow":["GET"]}}],"collection":[{"href":"https:\/\/a-h-health.ch\/fr\/wp-json\/wp\/v2\/product"}],"about":[{"href":"https:\/\/a-h-health.ch\/fr\/wp-json\/wp\/v2\/types\/product"}],"wp:featuredmedia":[{"embeddable":true,"href":"https:\/\/a-h-health.ch\/fr\/wp-json\/wp\/v2\/media\/14945"}],"wp:attachment":[{"href":"https:\/\/a-h-health.ch\/fr\/wp-json\/wp\/v2\/media?parent=14942"}],"wp:term":[{"taxonomy":"product_brand","embeddable":true,"href":"https:\/\/a-h-health.ch\/fr\/wp-json\/wp\/v2\/product_brand?post=14942"},{"taxonomy":"product_cat","embeddable":true,"href":"https:\/\/a-h-health.ch\/fr\/wp-json\/wp\/v2\/product_cat?post=14942"},{"taxonomy":"product_tag","embeddable":true,"href":"https:\/\/a-h-health.ch\/fr\/wp-json\/wp\/v2\/product_tag?post=14942"}],"curies":[{"name":"wp","href":"https:\/\/api.w.org\/{rel}","templated":true}]}}