{"id":14921,"date":"2023-02-26T21:29:27","date_gmt":"2023-02-26T20:29:27","guid":{"rendered":"https:\/\/a-h-health.ch\/?post_type=product&#038;p=14921"},"modified":"2024-07-15T08:04:08","modified_gmt":"2024-07-15T06:04:08","slug":"hypermix-oeliger-spray-30-ml","status":"publish","type":"product","link":"https:\/\/a-h-health.ch\/fr\/shop\/hypermix-oeliger-spray-30-ml\/","title":{"rendered":"Spray hui\u00adleux Hyper\u00admix 30&nbsp;ml"},"content":{"rendered":"<p>Hyper\u00admix sti\u00admu\u00adle la r\u00e9pa\u00adra\u00adti\u00adon de la peau de l\u2019ani\u00admal pour tou\u00adtes les l\u00e9si\u00adons externes.<\/p>\n<p>Gr\u00e2\u00adce \u00e0 son action pro\u00adtec\u00adtri\u00adce et d\u00e9s\u00adin\u00adfec\u00adtan\u00adte, il favo\u00adri\u00adse un drai\u00adna\u00adge lympha\u00adtique cor\u00adrect, con\u00adtr\u00f4\u00adle la qua\u00adli\u00adt\u00e9 et la quan\u00adti\u00adt\u00e9 d\u2019ex\u00adsu\u00addat \u00e0 la sur\u00adface de la plaie et favo\u00adri\u00adse la r\u00e9\u00e9pi\u00adth\u00e9\u00adli\u00adsa\u00adti\u00adon de la l\u00e9sion.<\/p>\n<p>Hyper\u00admix est adap\u00adt\u00e9 aux soins des ani\u00admaux dome\u00adsti\u00adques, des bovins, des porcs, des chevaux, des mou\u00adtons, des ani\u00admaux exo\u00adti\u00adques, des tor\u00adtu\u00ades, des oise\u00adaux, des rep\u00adti\u00adles, des amphi\u00adbi\u00adens et des rongeurs.<\/p>\n<p>Sa for\u00admu\u00adla\u00adti\u00adon sp\u00e9\u00adcia\u00adle est ind\u00e9\u00adsi\u00adra\u00adble pour les insec\u00adtes et pro\u00adt\u00e8ge la bles\u00adsu\u00adre de l\u2019animal.<\/p>\n<p>Com\u00adpo\u00adsi\u00adti\u00adon : hui\u00adle de grai\u00adnes de Melia Azadi\u00adrach\u00adta ; hui\u00adle d\u2019O\u00adlea Euro\u00adpaea ; extrait de fleurs d\u2019Hy\u00adperi\u00adcum perforatum.<\/p>","protected":false},"excerpt":{"rendered":"<p>Hypermix stimuliert die Reparatur der Haut des Tieres bei allen \u00e4u\u00dferen L\u00e4sionen. Dank seiner sch\u00fctzenden und desinfizierenden Wirkung f\u00f6rdert es die korrekte Lymphdrainage, kontrolliert die Qualit\u00e4t und Quantit\u00e4t des Exsudats auf der Wundoberfl\u00e4che und f\u00f6rdert die Reepithelisierung der L\u00e4sion. Hypermix eignet sich f\u00fcr die Pflege von Haustieren, Rindern, Schweinen, Pferden, Schafen, exotischen Tieren, Schildkr\u00f6ten, V\u00f6geln, [&hellip;]<\/p>\n","protected":false},"featured_media":14919,"template":"","meta":{"wp_typography_post_enhancements_disabled":false},"product_brand":[],"product_cat":[566,559,565,563,617,564,562,556],"product_tag":[576],"class_list":{"0":"post-14921","1":"product","2":"type-product","3":"status-publish","4":"has-post-thumbnail","6":"product_cat-andere-kleintiere","7":"product_cat-divers","8":"product_cat-grosstier","9":"product_cat-hund","10":"product_cat-hypermix-marke","11":"product_cat-katze","12":"product_cat-pferd","13":"product_cat-pflegemittel","14":"product_tag-divers","16":"first","17":"instock","18":"taxable","19":"shipping-taxable","20":"product-type-simple"},"yoast_head":"<!-- This site is optimized with the Yoast SEO plugin v27.4 - https:\/\/yoast.com\/product\/yoast-seo-wordpress\/ -->\n<title>Hypermix \u00f6liger Spray 30 ml - Animal &amp; Human Health AG<\/title>\n<meta name=\"robots\" content=\"index, follow, max-snippet:-1, max-image-preview:large, max-video-preview:-1\" \/>\n<link rel=\"canonical\" href=\"https:\/\/a-h-health.ch\/fr\/shop\/hypermix-oeliger-spray-30-ml\/\" \/>\n<meta property=\"og:locale\" content=\"fr_FR\" \/>\n<meta property=\"og:type\" content=\"article\" \/>\n<meta property=\"og:title\" content=\"Hypermix \u00f6liger Spray 30 ml - Animal &amp; Human Health AG\" \/>\n<meta property=\"og:description\" content=\"Hypermix stimuliert die Reparatur der Haut des Tieres bei allen \u00e4u\u00dferen L\u00e4sionen. Dank seiner sch\u00fctzenden und desinfizierenden Wirkung f\u00f6rdert es die korrekte Lymphdrainage, kontrolliert die Qualit\u00e4t und Quantit\u00e4t des Exsudats auf der Wundoberfl\u00e4che und f\u00f6rdert die Reepithelisierung der L\u00e4sion. Hypermix eignet sich f\u00fcr die Pflege von Haustieren, Rindern, Schweinen, Pferden, Schafen, exotischen Tieren, Schildkr\u00f6ten, V\u00f6geln, [&hellip;]\" \/>\n<meta property=\"og:url\" content=\"https:\/\/a-h-health.ch\/fr\/shop\/hypermix-oeliger-spray-30-ml\/\" \/>\n<meta property=\"og:site_name\" content=\"Animal &amp; Human Health AG\" \/>\n<meta property=\"article:modified_time\" content=\"2024-07-15T06:04:08+00:00\" \/>\n<meta property=\"og:image\" content=\"https:\/\/a-h-health.ch\/wp-content\/uploads\/2023\/02\/Hypermix-Oil-Spray-30ml.jpg\" \/>\n\t<meta property=\"og:image:width\" content=\"1000\" \/>\n\t<meta property=\"og:image:height\" content=\"1000\" \/>\n\t<meta property=\"og:image:type\" content=\"image\/jpeg\" \/>\n<meta name=\"twitter:card\" content=\"summary_large_image\" \/>\n<meta name=\"twitter:label1\" content=\"Dur\u00e9e de lecture estim\u00e9e\" \/>\n\t<meta name=\"twitter:data1\" content=\"1 minute\" \/>\n<script type=\"application\/ld+json\" class=\"yoast-schema-graph\">{\"@context\":\"https:\\\/\\\/schema.org\",\"@graph\":[{\"@type\":\"WebPage\",\"@id\":\"https:\\\/\\\/a-h-health.ch\\\/shop\\\/hypermix-oeliger-spray-30-ml\\\/\",\"url\":\"https:\\\/\\\/a-h-health.ch\\\/shop\\\/hypermix-oeliger-spray-30-ml\\\/\",\"name\":\"Hypermix \u00f6liger Spray 30 ml - Animal &amp; Human Health AG\",\"isPartOf\":{\"@id\":\"https:\\\/\\\/a-h-health.ch\\\/#website\"},\"primaryImageOfPage\":{\"@id\":\"https:\\\/\\\/a-h-health.ch\\\/shop\\\/hypermix-oeliger-spray-30-ml\\\/#primaryimage\"},\"image\":{\"@id\":\"https:\\\/\\\/a-h-health.ch\\\/shop\\\/hypermix-oeliger-spray-30-ml\\\/#primaryimage\"},\"thumbnailUrl\":\"https:\\\/\\\/a-h-health.ch\\\/wp-content\\\/uploads\\\/2023\\\/02\\\/Hypermix-Oil-Spray-30ml.jpg\",\"datePublished\":\"2023-02-26T20:29:27+00:00\",\"dateModified\":\"2024-07-15T06:04:08+00:00\",\"breadcrumb\":{\"@id\":\"https:\\\/\\\/a-h-health.ch\\\/shop\\\/hypermix-oeliger-spray-30-ml\\\/#breadcrumb\"},\"inLanguage\":\"fr-FR\",\"potentialAction\":[{\"@type\":\"ReadAction\",\"target\":[\"https:\\\/\\\/a-h-health.ch\\\/shop\\\/hypermix-oeliger-spray-30-ml\\\/\"]}]},{\"@type\":\"ImageObject\",\"inLanguage\":\"fr-FR\",\"@id\":\"https:\\\/\\\/a-h-health.ch\\\/shop\\\/hypermix-oeliger-spray-30-ml\\\/#primaryimage\",\"url\":\"https:\\\/\\\/a-h-health.ch\\\/wp-content\\\/uploads\\\/2023\\\/02\\\/Hypermix-Oil-Spray-30ml.jpg\",\"contentUrl\":\"https:\\\/\\\/a-h-health.ch\\\/wp-content\\\/uploads\\\/2023\\\/02\\\/Hypermix-Oil-Spray-30ml.jpg\",\"width\":1000,\"height\":1000},{\"@type\":\"BreadcrumbList\",\"@id\":\"https:\\\/\\\/a-h-health.ch\\\/shop\\\/hypermix-oeliger-spray-30-ml\\\/#breadcrumb\",\"itemListElement\":[{\"@type\":\"ListItem\",\"position\":1,\"name\":\"Startseite\",\"item\":\"https:\\\/\\\/a-h-health.ch\\\/\"},{\"@type\":\"ListItem\",\"position\":2,\"name\":\"Shop\",\"item\":\"https:\\\/\\\/a-h-health.ch\\\/shop\\\/\"},{\"@type\":\"ListItem\",\"position\":3,\"name\":\"Hypermix \u00f6liger Spray 30 ml\"}]},{\"@type\":\"WebSite\",\"@id\":\"https:\\\/\\\/a-h-health.ch\\\/#website\",\"url\":\"https:\\\/\\\/a-h-health.ch\\\/\",\"name\":\"Animal and Human Health AG\",\"description\":\"Wir sind Ihre Ansprechpartner, wenn es um die professionelle Gesundheit und das Wohl ihres Tieres geht.\",\"publisher\":{\"@id\":\"https:\\\/\\\/a-h-health.ch\\\/#organization\"},\"alternateName\":\"a-h-health\",\"potentialAction\":[{\"@type\":\"SearchAction\",\"target\":{\"@type\":\"EntryPoint\",\"urlTemplate\":\"https:\\\/\\\/a-h-health.ch\\\/?s={search_term_string}\"},\"query-input\":{\"@type\":\"PropertyValueSpecification\",\"valueRequired\":true,\"valueName\":\"search_term_string\"}}],\"inLanguage\":\"fr-FR\"},{\"@type\":\"Organization\",\"@id\":\"https:\\\/\\\/a-h-health.ch\\\/#organization\",\"name\":\"Animal & Human Health AG\",\"url\":\"https:\\\/\\\/a-h-health.ch\\\/\",\"logo\":{\"@type\":\"ImageObject\",\"inLanguage\":\"fr-FR\",\"@id\":\"https:\\\/\\\/a-h-health.ch\\\/#\\\/schema\\\/logo\\\/image\\\/\",\"url\":\"https:\\\/\\\/a-h-health.ch\\\/wp-content\\\/uploads\\\/2020\\\/12\\\/Logo-animal-health.jpg\",\"contentUrl\":\"https:\\\/\\\/a-h-health.ch\\\/wp-content\\\/uploads\\\/2020\\\/12\\\/Logo-animal-health.jpg\",\"width\":653,\"height\":56,\"caption\":\"Animal & Human Health AG\"},\"image\":{\"@id\":\"https:\\\/\\\/a-h-health.ch\\\/#\\\/schema\\\/logo\\\/image\\\/\"}}]}<\/script>\n<!-- \/ Yoast SEO plugin. -->","yoast_head_json":{"title":"Hyper\u00admix \u00f6li\u00adger Spray 30 ml \u2013 Ani\u00admal &amp; Human Health AG","robots":{"index":"index","follow":"follow","max-snippet":"max-snippet:-1","max-image-preview":"max-image-preview:large","max-video-preview":"max-video-preview:-1"},"canonical":"https:\/\/a-h-health.ch\/fr\/shop\/hypermix-oeliger-spray-30-ml\/","og_locale":"fr_FR","og_type":"article","og_title":"Hypermix \u00f6liger Spray 30 ml - Animal &amp; Human Health AG","og_description":"Hypermix stimuliert die Reparatur der Haut des Tieres bei allen \u00e4u\u00dferen L\u00e4sionen. Dank seiner sch\u00fctzenden und desinfizierenden Wirkung f\u00f6rdert es die korrekte Lymphdrainage, kontrolliert die Qualit\u00e4t und Quantit\u00e4t des Exsudats auf der Wundoberfl\u00e4che und f\u00f6rdert die Reepithelisierung der L\u00e4sion. Hypermix eignet sich f\u00fcr die Pflege von Haustieren, Rindern, Schweinen, Pferden, Schafen, exotischen Tieren, Schildkr\u00f6ten, V\u00f6geln, [&hellip;]","og_url":"https:\/\/a-h-health.ch\/fr\/shop\/hypermix-oeliger-spray-30-ml\/","og_site_name":"Animal &amp; Human Health AG","article_modified_time":"2024-07-15T06:04:08+00:00","og_image":[{"width":1000,"height":1000,"url":"https:\/\/a-h-health.ch\/wp-content\/uploads\/2023\/02\/Hypermix-Oil-Spray-30ml.jpg","type":"image\/jpeg"}],"twitter_card":"summary_large_image","twitter_misc":{"Dur\u00e9e de lecture estim\u00e9e":"1 minute"},"schema":{"@context":"https:\/\/schema.org","@graph":[{"@type":"WebPage","@id":"https:\/\/a-h-health.ch\/shop\/hypermix-oeliger-spray-30-ml\/","url":"https:\/\/a-h-health.ch\/shop\/hypermix-oeliger-spray-30-ml\/","name":"Hyper\u00admix \u00f6li\u00adger Spray 30 ml \u2013 Ani\u00admal &amp; Human Health AG","isPartOf":{"@id":"https:\/\/a-h-health.ch\/#website"},"primaryImageOfPage":{"@id":"https:\/\/a-h-health.ch\/shop\/hypermix-oeliger-spray-30-ml\/#primaryimage"},"image":{"@id":"https:\/\/a-h-health.ch\/shop\/hypermix-oeliger-spray-30-ml\/#primaryimage"},"thumbnailUrl":"https:\/\/a-h-health.ch\/wp-content\/uploads\/2023\/02\/Hypermix-Oil-Spray-30ml.jpg","datePublished":"2023-02-26T20:29:27+00:00","dateModified":"2024-07-15T06:04:08+00:00","breadcrumb":{"@id":"https:\/\/a-h-health.ch\/shop\/hypermix-oeliger-spray-30-ml\/#breadcrumb"},"inLanguage":"fr-FR","potentialAction":[{"@type":"ReadAction","target":["https:\/\/a-h-health.ch\/shop\/hypermix-oeliger-spray-30-ml\/"]}]},{"@type":"ImageObject","inLanguage":"fr-FR","@id":"https:\/\/a-h-health.ch\/shop\/hypermix-oeliger-spray-30-ml\/#primaryimage","url":"https:\/\/a-h-health.ch\/wp-content\/uploads\/2023\/02\/Hypermix-Oil-Spray-30ml.jpg","contentUrl":"https:\/\/a-h-health.ch\/wp-content\/uploads\/2023\/02\/Hypermix-Oil-Spray-30ml.jpg","width":1000,"height":1000},{"@type":"BreadcrumbList","@id":"https:\/\/a-h-health.ch\/shop\/hypermix-oeliger-spray-30-ml\/#breadcrumb","itemListElement":[{"@type":"ListItem","position":1,"name":"Startseite","item":"https:\/\/a-h-health.ch\/"},{"@type":"ListItem","position":2,"name":"Shop","item":"https:\/\/a-h-health.ch\/shop\/"},{"@type":"ListItem","position":3,"name":"Hypermix \u00f6liger Spray 30 ml"}]},{"@type":"WebSite","@id":"https:\/\/a-h-health.ch\/#website","url":"https:\/\/a-h-health.ch\/","name":"Ani\u00admal and Human Health AG","description":"Nous som\u00admes vos interlo\u00adcu\u00adteurs lorsqu\u2019il s\u2019a\u00adgit de la san\u00adt\u00e9 pro\u00adfes\u00adsi\u00adon\u00adnel\u00adle et du bien-\u00eatre de vot\u00adre animal.","publisher":{"@id":"https:\/\/a-h-health.ch\/#organization"},"alternateName":"a-h-health","potentialAction":[{"@type":"SearchAction","target":{"@type":"EntryPoint","urlTemplate":"https:\/\/a-h-health.ch\/?s={search_term_string}"},"query-input":{"@type":"PropertyValueSpecification","valueRequired":true,"valueName":"search_term_string"}}],"inLanguage":"fr-FR"},{"@type":"Organization","@id":"https:\/\/a-h-health.ch\/#organization","name":"Ani\u00admal &amp; Human Health AG","url":"https:\/\/a-h-health.ch\/","logo":{"@type":"ImageObject","inLanguage":"fr-FR","@id":"https:\/\/a-h-health.ch\/#\/schema\/logo\/image\/","url":"https:\/\/a-h-health.ch\/wp-content\/uploads\/2020\/12\/Logo-animal-health.jpg","contentUrl":"https:\/\/a-h-health.ch\/wp-content\/uploads\/2020\/12\/Logo-animal-health.jpg","width":653,"height":56,"caption":"Animal & Human Health AG"},"image":{"@id":"https:\/\/a-h-health.ch\/#\/schema\/logo\/image\/"}}]}},"_links":{"self":[{"href":"https:\/\/a-h-health.ch\/fr\/wp-json\/wp\/v2\/product\/14921","targetHints":{"allow":["GET"]}}],"collection":[{"href":"https:\/\/a-h-health.ch\/fr\/wp-json\/wp\/v2\/product"}],"about":[{"href":"https:\/\/a-h-health.ch\/fr\/wp-json\/wp\/v2\/types\/product"}],"wp:featuredmedia":[{"embeddable":true,"href":"https:\/\/a-h-health.ch\/fr\/wp-json\/wp\/v2\/media\/14919"}],"wp:attachment":[{"href":"https:\/\/a-h-health.ch\/fr\/wp-json\/wp\/v2\/media?parent=14921"}],"wp:term":[{"taxonomy":"product_brand","embeddable":true,"href":"https:\/\/a-h-health.ch\/fr\/wp-json\/wp\/v2\/product_brand?post=14921"},{"taxonomy":"product_cat","embeddable":true,"href":"https:\/\/a-h-health.ch\/fr\/wp-json\/wp\/v2\/product_cat?post=14921"},{"taxonomy":"product_tag","embeddable":true,"href":"https:\/\/a-h-health.ch\/fr\/wp-json\/wp\/v2\/product_tag?post=14921"}],"curies":[{"name":"wp","href":"https:\/\/api.w.org\/{rel}","templated":true}]}}