{"id":14894,"date":"2023-02-25T18:32:10","date_gmt":"2023-02-25T17:32:10","guid":{"rendered":"https:\/\/a-h-health.ch\/?post_type=product&#038;p=14894"},"modified":"2025-07-08T16:47:40","modified_gmt":"2025-07-08T14:47:40","slug":"cortaflex-ha-super-fenn-equine-america-1000ml","status":"publish","type":"product","link":"https:\/\/a-h-health.ch\/fr\/shop\/cortaflex-ha-super-fenn-equine-america-1000ml\/","title":{"rendered":"Cor\u00adtaflex HA Super Fenn Equi\u00adne Ame\u00adri\u00adca&nbsp;1l"},"content":{"rendered":"<p>La nou\u00advel\u00adle ver\u00adsi\u00adon am\u00e9\u00adlio\u00adr\u00e9e de Cor\u00adtaflex Super Fenn est enco\u00adre meil\u00adleu\u00adre. La teneur en com\u00adpo\u00ads\u00e9s et nut\u00adri\u00adments essen\u00adtiels a \u00e9t\u00e9 am\u00e9\u00adlio\u00adr\u00e9e. Y com\u00adpris des teneurs accrues en cui\u00adv\u00adre et en sili\u00adci\u00adum, des min\u00e9\u00adraux essen\u00adtiels. Il est pos\u00adsi\u00adble que de minus\u00adcu\u00adles par\u00adti\u00adcu\u00adles bleu\u00ades appa\u00adrais\u00adsent dans le pro\u00adduit. Il s\u2019a\u00adgit d\u2019un oli\u00adgo-\u00e9l\u00e9\u00adment important, le cui\u00adv\u00adre, qui est essen\u00adtiel pour la san\u00adt\u00e9 des os et des mus\u00adcles et qui est four\u00adni par du cui\u00adv\u00adre ch\u00e9\u00adla\u00adt\u00e9 bio\u00addis\u00adpo\u00adni\u00adble. Les minus\u00adcu\u00adles par\u00adti\u00adcu\u00adles bru\u00adnes sont le sili\u00adci\u00adum, qui est four\u00adni sous for\u00adme d\u2019a\u00adci\u00adde mono\u00adsi\u00adli\u00adci\u00adque et joue un r\u00f4le cl\u00e9 dans la san\u00adt\u00e9 du car\u00adti\u00adla\u00adge et des&nbsp;os.<\/p>\n<p>Com\u00adpo\u00adsi\u00adti\u00adon :<strong><br>\n<\/strong>Bos\u00adwel\u00adlia ser\u00adra\u00adta 15000&nbsp;mg<br>\nYuc\u00adca schi\u00addi\u00adge\u00adra 16,5&nbsp;mg<br>\nM\u00e9thyl\u00adsul\u00adfo\u00adnyl\u00adm\u00e9tha\u00adne (MSM) (8,3 %), col\u00adla\u00adg\u00e8\u00adne (marin) (3,75 %), aci\u00adde hyalu\u00adro\u00adni\u00adque (0,14 %), bam\u00adbou (0,133 %).<\/p>","protected":false},"excerpt":{"rendered":"<p>Die neue verbesserte Cortaflex Super Fenn ist jetzt noch besser. Der Gehalt an wichtigen Verbindungen und N\u00e4hrstoffen wurde verbessert. Einschlie\u00dflich erh\u00f6hter Gehalte der wichtigsten Mineralien Kupfer und Silizium. M\u00f6glicherweise stellen sich winzige blaue Partikel im Produkt fest. Dies ist das wichtige Spurenelement Kupfer, das f\u00fcr die Knochen- und Muskelgesundheit unerl\u00e4sslich ist und durch bioverf\u00fcgbares chelatiertes [&hellip;]<\/p>\n","protected":false},"featured_media":14899,"template":"","meta":{"wp_typography_post_enhancements_disabled":false},"product_brand":[],"product_cat":[570,34,562],"product_tag":[574],"class_list":{"0":"post-14894","1":"product","2":"type-product","3":"status-publish","4":"has-post-thumbnail","6":"product_cat-equine-america","7":"product_cat-nahrungsergaenzung","8":"product_cat-pferd","9":"product_tag-futter-und-diverse","11":"first","12":"instock","13":"taxable","14":"shipping-taxable","15":"product-type-simple"},"yoast_head":"<!-- This site is optimized with the Yoast SEO plugin v27.4 - https:\/\/yoast.com\/product\/yoast-seo-wordpress\/ -->\n<title>Cortaflex HA Super Fenn Equine America 1l - Animal &amp; Human Health AG<\/title>\n<meta name=\"robots\" content=\"index, follow, max-snippet:-1, max-image-preview:large, max-video-preview:-1\" \/>\n<link rel=\"canonical\" href=\"https:\/\/a-h-health.ch\/fr\/shop\/cortaflex-ha-super-fenn-equine-america-1000ml\/\" \/>\n<meta property=\"og:locale\" content=\"fr_FR\" \/>\n<meta property=\"og:type\" content=\"article\" \/>\n<meta property=\"og:title\" content=\"Cortaflex HA Super Fenn Equine America 1l - Animal &amp; Human Health AG\" \/>\n<meta property=\"og:description\" content=\"Die neue verbesserte Cortaflex Super Fenn ist jetzt noch besser. Der Gehalt an wichtigen Verbindungen und N\u00e4hrstoffen wurde verbessert. Einschlie\u00dflich erh\u00f6hter Gehalte der wichtigsten Mineralien Kupfer und Silizium. M\u00f6glicherweise stellen sich winzige blaue Partikel im Produkt fest. Dies ist das wichtige Spurenelement Kupfer, das f\u00fcr die Knochen- und Muskelgesundheit unerl\u00e4sslich ist und durch bioverf\u00fcgbares chelatiertes [&hellip;]\" \/>\n<meta property=\"og:url\" content=\"https:\/\/a-h-health.ch\/fr\/shop\/cortaflex-ha-super-fenn-equine-america-1000ml\/\" \/>\n<meta property=\"og:site_name\" content=\"Animal &amp; Human Health AG\" \/>\n<meta property=\"article:modified_time\" content=\"2025-07-08T14:47:40+00:00\" \/>\n<meta property=\"og:image\" content=\"https:\/\/a-h-health.ch\/wp-content\/uploads\/2023\/02\/Cortaflex-Super-Fenn-1-Liter.jpg\" \/>\n\t<meta property=\"og:image:width\" content=\"1000\" \/>\n\t<meta property=\"og:image:height\" content=\"835\" \/>\n\t<meta property=\"og:image:type\" content=\"image\/jpeg\" \/>\n<meta name=\"twitter:card\" content=\"summary_large_image\" \/>\n<meta name=\"twitter:label1\" content=\"Dur\u00e9e de lecture estim\u00e9e\" \/>\n\t<meta name=\"twitter:data1\" content=\"1 minute\" \/>\n<script type=\"application\/ld+json\" class=\"yoast-schema-graph\">{\"@context\":\"https:\\\/\\\/schema.org\",\"@graph\":[{\"@type\":\"WebPage\",\"@id\":\"https:\\\/\\\/a-h-health.ch\\\/shop\\\/cortaflex-ha-super-fenn-equine-america-1000ml\\\/\",\"url\":\"https:\\\/\\\/a-h-health.ch\\\/shop\\\/cortaflex-ha-super-fenn-equine-america-1000ml\\\/\",\"name\":\"Cortaflex HA Super Fenn Equine America 1l - Animal &amp; Human Health AG\",\"isPartOf\":{\"@id\":\"https:\\\/\\\/a-h-health.ch\\\/#website\"},\"primaryImageOfPage\":{\"@id\":\"https:\\\/\\\/a-h-health.ch\\\/shop\\\/cortaflex-ha-super-fenn-equine-america-1000ml\\\/#primaryimage\"},\"image\":{\"@id\":\"https:\\\/\\\/a-h-health.ch\\\/shop\\\/cortaflex-ha-super-fenn-equine-america-1000ml\\\/#primaryimage\"},\"thumbnailUrl\":\"https:\\\/\\\/a-h-health.ch\\\/wp-content\\\/uploads\\\/2023\\\/02\\\/Cortaflex-Super-Fenn-1-Liter.jpg\",\"datePublished\":\"2023-02-25T17:32:10+00:00\",\"dateModified\":\"2025-07-08T14:47:40+00:00\",\"breadcrumb\":{\"@id\":\"https:\\\/\\\/a-h-health.ch\\\/shop\\\/cortaflex-ha-super-fenn-equine-america-1000ml\\\/#breadcrumb\"},\"inLanguage\":\"fr-FR\",\"potentialAction\":[{\"@type\":\"ReadAction\",\"target\":[\"https:\\\/\\\/a-h-health.ch\\\/shop\\\/cortaflex-ha-super-fenn-equine-america-1000ml\\\/\"]}]},{\"@type\":\"ImageObject\",\"inLanguage\":\"fr-FR\",\"@id\":\"https:\\\/\\\/a-h-health.ch\\\/shop\\\/cortaflex-ha-super-fenn-equine-america-1000ml\\\/#primaryimage\",\"url\":\"https:\\\/\\\/a-h-health.ch\\\/wp-content\\\/uploads\\\/2023\\\/02\\\/Cortaflex-Super-Fenn-1-Liter.jpg\",\"contentUrl\":\"https:\\\/\\\/a-h-health.ch\\\/wp-content\\\/uploads\\\/2023\\\/02\\\/Cortaflex-Super-Fenn-1-Liter.jpg\",\"width\":1000,\"height\":835},{\"@type\":\"BreadcrumbList\",\"@id\":\"https:\\\/\\\/a-h-health.ch\\\/shop\\\/cortaflex-ha-super-fenn-equine-america-1000ml\\\/#breadcrumb\",\"itemListElement\":[{\"@type\":\"ListItem\",\"position\":1,\"name\":\"Startseite\",\"item\":\"https:\\\/\\\/a-h-health.ch\\\/\"},{\"@type\":\"ListItem\",\"position\":2,\"name\":\"Shop\",\"item\":\"https:\\\/\\\/a-h-health.ch\\\/shop\\\/\"},{\"@type\":\"ListItem\",\"position\":3,\"name\":\"Cortaflex HA Super Fenn Equine America 1l\"}]},{\"@type\":\"WebSite\",\"@id\":\"https:\\\/\\\/a-h-health.ch\\\/#website\",\"url\":\"https:\\\/\\\/a-h-health.ch\\\/\",\"name\":\"Animal and Human Health AG\",\"description\":\"Wir sind Ihre Ansprechpartner, wenn es um die professionelle Gesundheit und das Wohl ihres Tieres geht.\",\"publisher\":{\"@id\":\"https:\\\/\\\/a-h-health.ch\\\/#organization\"},\"alternateName\":\"a-h-health\",\"potentialAction\":[{\"@type\":\"SearchAction\",\"target\":{\"@type\":\"EntryPoint\",\"urlTemplate\":\"https:\\\/\\\/a-h-health.ch\\\/?s={search_term_string}\"},\"query-input\":{\"@type\":\"PropertyValueSpecification\",\"valueRequired\":true,\"valueName\":\"search_term_string\"}}],\"inLanguage\":\"fr-FR\"},{\"@type\":\"Organization\",\"@id\":\"https:\\\/\\\/a-h-health.ch\\\/#organization\",\"name\":\"Animal & Human Health AG\",\"url\":\"https:\\\/\\\/a-h-health.ch\\\/\",\"logo\":{\"@type\":\"ImageObject\",\"inLanguage\":\"fr-FR\",\"@id\":\"https:\\\/\\\/a-h-health.ch\\\/#\\\/schema\\\/logo\\\/image\\\/\",\"url\":\"https:\\\/\\\/a-h-health.ch\\\/wp-content\\\/uploads\\\/2020\\\/12\\\/Logo-animal-health.jpg\",\"contentUrl\":\"https:\\\/\\\/a-h-health.ch\\\/wp-content\\\/uploads\\\/2020\\\/12\\\/Logo-animal-health.jpg\",\"width\":653,\"height\":56,\"caption\":\"Animal & Human Health AG\"},\"image\":{\"@id\":\"https:\\\/\\\/a-h-health.ch\\\/#\\\/schema\\\/logo\\\/image\\\/\"}}]}<\/script>\n<!-- \/ Yoast SEO plugin. -->","yoast_head_json":{"title":"Cor\u00adtaflex HA Super Fenn Equi\u00adne Ame\u00adri\u00adca 1l \u2013 Ani\u00admal &amp; Human Health AG","robots":{"index":"index","follow":"follow","max-snippet":"max-snippet:-1","max-image-preview":"max-image-preview:large","max-video-preview":"max-video-preview:-1"},"canonical":"https:\/\/a-h-health.ch\/fr\/shop\/cortaflex-ha-super-fenn-equine-america-1000ml\/","og_locale":"fr_FR","og_type":"article","og_title":"Cortaflex HA Super Fenn Equine America 1l - Animal &amp; Human Health AG","og_description":"Die neue verbesserte Cortaflex Super Fenn ist jetzt noch besser. Der Gehalt an wichtigen Verbindungen und N\u00e4hrstoffen wurde verbessert. Einschlie\u00dflich erh\u00f6hter Gehalte der wichtigsten Mineralien Kupfer und Silizium. M\u00f6glicherweise stellen sich winzige blaue Partikel im Produkt fest. Dies ist das wichtige Spurenelement Kupfer, das f\u00fcr die Knochen- und Muskelgesundheit unerl\u00e4sslich ist und durch bioverf\u00fcgbares chelatiertes [&hellip;]","og_url":"https:\/\/a-h-health.ch\/fr\/shop\/cortaflex-ha-super-fenn-equine-america-1000ml\/","og_site_name":"Animal &amp; Human Health AG","article_modified_time":"2025-07-08T14:47:40+00:00","og_image":[{"width":1000,"height":835,"url":"https:\/\/a-h-health.ch\/wp-content\/uploads\/2023\/02\/Cortaflex-Super-Fenn-1-Liter.jpg","type":"image\/jpeg"}],"twitter_card":"summary_large_image","twitter_misc":{"Dur\u00e9e de lecture estim\u00e9e":"1 minute"},"schema":{"@context":"https:\/\/schema.org","@graph":[{"@type":"WebPage","@id":"https:\/\/a-h-health.ch\/shop\/cortaflex-ha-super-fenn-equine-america-1000ml\/","url":"https:\/\/a-h-health.ch\/shop\/cortaflex-ha-super-fenn-equine-america-1000ml\/","name":"Cor\u00adtaflex HA Super Fenn Equi\u00adne Ame\u00adri\u00adca 1l \u2013 Ani\u00admal &amp; Human Health AG","isPartOf":{"@id":"https:\/\/a-h-health.ch\/#website"},"primaryImageOfPage":{"@id":"https:\/\/a-h-health.ch\/shop\/cortaflex-ha-super-fenn-equine-america-1000ml\/#primaryimage"},"image":{"@id":"https:\/\/a-h-health.ch\/shop\/cortaflex-ha-super-fenn-equine-america-1000ml\/#primaryimage"},"thumbnailUrl":"https:\/\/a-h-health.ch\/wp-content\/uploads\/2023\/02\/Cortaflex-Super-Fenn-1-Liter.jpg","datePublished":"2023-02-25T17:32:10+00:00","dateModified":"2025-07-08T14:47:40+00:00","breadcrumb":{"@id":"https:\/\/a-h-health.ch\/shop\/cortaflex-ha-super-fenn-equine-america-1000ml\/#breadcrumb"},"inLanguage":"fr-FR","potentialAction":[{"@type":"ReadAction","target":["https:\/\/a-h-health.ch\/shop\/cortaflex-ha-super-fenn-equine-america-1000ml\/"]}]},{"@type":"ImageObject","inLanguage":"fr-FR","@id":"https:\/\/a-h-health.ch\/shop\/cortaflex-ha-super-fenn-equine-america-1000ml\/#primaryimage","url":"https:\/\/a-h-health.ch\/wp-content\/uploads\/2023\/02\/Cortaflex-Super-Fenn-1-Liter.jpg","contentUrl":"https:\/\/a-h-health.ch\/wp-content\/uploads\/2023\/02\/Cortaflex-Super-Fenn-1-Liter.jpg","width":1000,"height":835},{"@type":"BreadcrumbList","@id":"https:\/\/a-h-health.ch\/shop\/cortaflex-ha-super-fenn-equine-america-1000ml\/#breadcrumb","itemListElement":[{"@type":"ListItem","position":1,"name":"Startseite","item":"https:\/\/a-h-health.ch\/"},{"@type":"ListItem","position":2,"name":"Shop","item":"https:\/\/a-h-health.ch\/shop\/"},{"@type":"ListItem","position":3,"name":"Cortaflex HA Super Fenn Equine America 1l"}]},{"@type":"WebSite","@id":"https:\/\/a-h-health.ch\/#website","url":"https:\/\/a-h-health.ch\/","name":"Ani\u00admal and Human Health AG","description":"Nous som\u00admes vos interlo\u00adcu\u00adteurs lorsqu\u2019il s\u2019a\u00adgit de la san\u00adt\u00e9 pro\u00adfes\u00adsi\u00adon\u00adnel\u00adle et du bien-\u00eatre de vot\u00adre animal.","publisher":{"@id":"https:\/\/a-h-health.ch\/#organization"},"alternateName":"a-h-health","potentialAction":[{"@type":"SearchAction","target":{"@type":"EntryPoint","urlTemplate":"https:\/\/a-h-health.ch\/?s={search_term_string}"},"query-input":{"@type":"PropertyValueSpecification","valueRequired":true,"valueName":"search_term_string"}}],"inLanguage":"fr-FR"},{"@type":"Organization","@id":"https:\/\/a-h-health.ch\/#organization","name":"Ani\u00admal &amp; Human Health AG","url":"https:\/\/a-h-health.ch\/","logo":{"@type":"ImageObject","inLanguage":"fr-FR","@id":"https:\/\/a-h-health.ch\/#\/schema\/logo\/image\/","url":"https:\/\/a-h-health.ch\/wp-content\/uploads\/2020\/12\/Logo-animal-health.jpg","contentUrl":"https:\/\/a-h-health.ch\/wp-content\/uploads\/2020\/12\/Logo-animal-health.jpg","width":653,"height":56,"caption":"Animal & Human Health AG"},"image":{"@id":"https:\/\/a-h-health.ch\/#\/schema\/logo\/image\/"}}]}},"_links":{"self":[{"href":"https:\/\/a-h-health.ch\/fr\/wp-json\/wp\/v2\/product\/14894","targetHints":{"allow":["GET"]}}],"collection":[{"href":"https:\/\/a-h-health.ch\/fr\/wp-json\/wp\/v2\/product"}],"about":[{"href":"https:\/\/a-h-health.ch\/fr\/wp-json\/wp\/v2\/types\/product"}],"wp:featuredmedia":[{"embeddable":true,"href":"https:\/\/a-h-health.ch\/fr\/wp-json\/wp\/v2\/media\/14899"}],"wp:attachment":[{"href":"https:\/\/a-h-health.ch\/fr\/wp-json\/wp\/v2\/media?parent=14894"}],"wp:term":[{"taxonomy":"product_brand","embeddable":true,"href":"https:\/\/a-h-health.ch\/fr\/wp-json\/wp\/v2\/product_brand?post=14894"},{"taxonomy":"product_cat","embeddable":true,"href":"https:\/\/a-h-health.ch\/fr\/wp-json\/wp\/v2\/product_cat?post=14894"},{"taxonomy":"product_tag","embeddable":true,"href":"https:\/\/a-h-health.ch\/fr\/wp-json\/wp\/v2\/product_tag?post=14894"}],"curies":[{"name":"wp","href":"https:\/\/api.w.org\/{rel}","templated":true}]}}