{"id":14889,"date":"2023-02-25T18:24:12","date_gmt":"2023-02-25T17:24:12","guid":{"rendered":"https:\/\/a-h-health.ch\/?post_type=product&#038;p=14889"},"modified":"2025-07-08T16:50:27","modified_gmt":"2025-07-08T14:50:27","slug":"corta-vet-ha-super-strength-solution-equine-america-1-liter","status":"publish","type":"product","link":"https:\/\/a-h-health.ch\/fr\/shop\/corta-vet-ha-super-strength-solution-equine-america-1-liter\/","title":{"rendered":"Cor\u00adta-Vet HA Super Strength Solu\u00adti\u00adon Equi\u00adne Ame\u00adri\u00adca 1&nbsp;litre"},"content":{"rendered":"<p>Cor\u00adta Vet HA Super Strength Solu\u00adti\u00adon est un com\u00adpl\u00e9\u00adment ali\u00admen\u00adtai\u00adre haute\u00adment con\u00adcen\u00adtr\u00e9 pour la mobi\u00adli\u00adt\u00e9 arti\u00adcu\u00adlai\u00adre. Id\u00e9\u00adal pour les jeu\u00adnes chevaux actifs, ain\u00adsi que pour les chevaux \u00e2g\u00e9s et retrai\u00adt\u00e9s, il con\u00advi\u00adent par\u00adti\u00adcu\u00adli\u00e8\u00adre\u00adment aux cas aigus de raideur.<\/p>\n<p>Equi\u00adne Ame\u00adri\u00adca Cor\u00adta-Vet HA solu\u00adti\u00adon peut \u00eatre uti\u00adli\u00ads\u00e9e pour une absorp\u00adti\u00adon rapi\u00adde. Un m\u00e9lan\u00adge sp\u00e9\u00adcial pour favo\u00adri\u00adser et main\u00adte\u00adnir des arti\u00adcu\u00adla\u00adti\u00adons sai\u00adnes. Cor\u00adta-Vet est une for\u00admu\u00adla\u00adti\u00adon v\u00e9t\u00e9\u00adri\u00adn\u00adaire \u00e0 action rapide.<\/p>\n<p>Com\u00adpo\u00adsi\u00adti\u00adon : m\u00e9thyl\u00adsul\u00adfo\u00adnyl\u00adm\u00e9tha\u00adne (MSM)(83%), col\u00adla\u00adg\u00e8\u00adne- horo\u00adla\u00adte (de col\u00adla\u00adg\u00e8\u00adne marin)(5.5%), levu\u00adre (par\u00adties de levu\u00adre), sor\u00adbi\u00adtol, aci\u00adde hyalu\u00adro\u00adni\u00adque (0.5%).<\/p>","protected":false},"excerpt":{"rendered":"<p>Corta Vet HA Super Strength Solution ist ein hochkonzentriertes Nahrungserg\u00e4nzungsmittel f\u00fcr die Gelenkmobilit\u00e4t. Ideal f\u00fcr junge, aktive, sowie alte und pensionierte Pferde und eignet sich besonders f\u00fcr akute F\u00e4lle von Steifheit. Equine America Corta-Vet HA L\u00f6sung kann f\u00fcr eine schnelle Absorption verwendet werden. Eine spezielle Mischung zur F\u00f6rderung und Erhaltung gesunder Gelenke. Corta-Vet ist eine [&hellip;]<\/p>\n","protected":false},"featured_media":14892,"template":"","meta":{"wp_typography_post_enhancements_disabled":false},"product_brand":[],"product_cat":[570,34,562],"product_tag":[574],"class_list":{"0":"post-14889","1":"product","2":"type-product","3":"status-publish","4":"has-post-thumbnail","6":"product_cat-equine-america","7":"product_cat-nahrungsergaenzung","8":"product_cat-pferd","9":"product_tag-futter-und-diverse","11":"first","12":"instock","13":"taxable","14":"shipping-taxable","15":"product-type-simple"},"yoast_head":"<!-- This site is optimized with the Yoast SEO plugin v27.4 - https:\/\/yoast.com\/product\/yoast-seo-wordpress\/ -->\n<title>Corta-Vet HA Super Strength Solution Equine America 1 Liter - Animal &amp; Human Health AG<\/title>\n<meta name=\"robots\" content=\"index, follow, max-snippet:-1, max-image-preview:large, max-video-preview:-1\" \/>\n<link rel=\"canonical\" href=\"https:\/\/a-h-health.ch\/fr\/shop\/corta-vet-ha-super-strength-solution-equine-america-1-liter\/\" \/>\n<meta property=\"og:locale\" content=\"fr_FR\" \/>\n<meta property=\"og:type\" content=\"article\" \/>\n<meta property=\"og:title\" content=\"Corta-Vet HA Super Strength Solution Equine America 1 Liter - Animal &amp; Human Health AG\" \/>\n<meta property=\"og:description\" content=\"Corta Vet HA Super Strength Solution ist ein hochkonzentriertes Nahrungserg\u00e4nzungsmittel f\u00fcr die Gelenkmobilit\u00e4t. Ideal f\u00fcr junge, aktive, sowie alte und pensionierte Pferde und eignet sich besonders f\u00fcr akute F\u00e4lle von Steifheit. Equine America Corta-Vet HA L\u00f6sung kann f\u00fcr eine schnelle Absorption verwendet werden. Eine spezielle Mischung zur F\u00f6rderung und Erhaltung gesunder Gelenke. Corta-Vet ist eine [&hellip;]\" \/>\n<meta property=\"og:url\" content=\"https:\/\/a-h-health.ch\/fr\/shop\/corta-vet-ha-super-strength-solution-equine-america-1-liter\/\" \/>\n<meta property=\"og:site_name\" content=\"Animal &amp; Human Health AG\" \/>\n<meta property=\"article:modified_time\" content=\"2025-07-08T14:50:27+00:00\" \/>\n<meta property=\"og:image\" content=\"https:\/\/a-h-health.ch\/wp-content\/uploads\/2023\/02\/CortaVet-HA-Super-Strength-1l.jpg\" \/>\n\t<meta property=\"og:image:width\" content=\"620\" \/>\n\t<meta property=\"og:image:height\" content=\"575\" \/>\n\t<meta property=\"og:image:type\" content=\"image\/jpeg\" \/>\n<meta name=\"twitter:card\" content=\"summary_large_image\" \/>\n<meta name=\"twitter:label1\" content=\"Dur\u00e9e de lecture estim\u00e9e\" \/>\n\t<meta name=\"twitter:data1\" content=\"1 minute\" \/>\n<script type=\"application\/ld+json\" class=\"yoast-schema-graph\">{\"@context\":\"https:\\\/\\\/schema.org\",\"@graph\":[{\"@type\":\"WebPage\",\"@id\":\"https:\\\/\\\/a-h-health.ch\\\/shop\\\/corta-vet-ha-super-strength-solution-equine-america-1-liter\\\/\",\"url\":\"https:\\\/\\\/a-h-health.ch\\\/shop\\\/corta-vet-ha-super-strength-solution-equine-america-1-liter\\\/\",\"name\":\"Corta-Vet HA Super Strength Solution Equine America 1 Liter - Animal &amp; Human Health AG\",\"isPartOf\":{\"@id\":\"https:\\\/\\\/a-h-health.ch\\\/#website\"},\"primaryImageOfPage\":{\"@id\":\"https:\\\/\\\/a-h-health.ch\\\/shop\\\/corta-vet-ha-super-strength-solution-equine-america-1-liter\\\/#primaryimage\"},\"image\":{\"@id\":\"https:\\\/\\\/a-h-health.ch\\\/shop\\\/corta-vet-ha-super-strength-solution-equine-america-1-liter\\\/#primaryimage\"},\"thumbnailUrl\":\"https:\\\/\\\/a-h-health.ch\\\/wp-content\\\/uploads\\\/2023\\\/02\\\/CortaVet-HA-Super-Strength-1l.jpg\",\"datePublished\":\"2023-02-25T17:24:12+00:00\",\"dateModified\":\"2025-07-08T14:50:27+00:00\",\"breadcrumb\":{\"@id\":\"https:\\\/\\\/a-h-health.ch\\\/shop\\\/corta-vet-ha-super-strength-solution-equine-america-1-liter\\\/#breadcrumb\"},\"inLanguage\":\"fr-FR\",\"potentialAction\":[{\"@type\":\"ReadAction\",\"target\":[\"https:\\\/\\\/a-h-health.ch\\\/shop\\\/corta-vet-ha-super-strength-solution-equine-america-1-liter\\\/\"]}]},{\"@type\":\"ImageObject\",\"inLanguage\":\"fr-FR\",\"@id\":\"https:\\\/\\\/a-h-health.ch\\\/shop\\\/corta-vet-ha-super-strength-solution-equine-america-1-liter\\\/#primaryimage\",\"url\":\"https:\\\/\\\/a-h-health.ch\\\/wp-content\\\/uploads\\\/2023\\\/02\\\/CortaVet-HA-Super-Strength-1l.jpg\",\"contentUrl\":\"https:\\\/\\\/a-h-health.ch\\\/wp-content\\\/uploads\\\/2023\\\/02\\\/CortaVet-HA-Super-Strength-1l.jpg\",\"width\":620,\"height\":575},{\"@type\":\"BreadcrumbList\",\"@id\":\"https:\\\/\\\/a-h-health.ch\\\/shop\\\/corta-vet-ha-super-strength-solution-equine-america-1-liter\\\/#breadcrumb\",\"itemListElement\":[{\"@type\":\"ListItem\",\"position\":1,\"name\":\"Startseite\",\"item\":\"https:\\\/\\\/a-h-health.ch\\\/\"},{\"@type\":\"ListItem\",\"position\":2,\"name\":\"Shop\",\"item\":\"https:\\\/\\\/a-h-health.ch\\\/shop\\\/\"},{\"@type\":\"ListItem\",\"position\":3,\"name\":\"Corta-Vet HA Super Strength Solution Equine America 1 Liter\"}]},{\"@type\":\"WebSite\",\"@id\":\"https:\\\/\\\/a-h-health.ch\\\/#website\",\"url\":\"https:\\\/\\\/a-h-health.ch\\\/\",\"name\":\"Animal and Human Health AG\",\"description\":\"Wir sind Ihre Ansprechpartner, wenn es um die professionelle Gesundheit und das Wohl ihres Tieres geht.\",\"publisher\":{\"@id\":\"https:\\\/\\\/a-h-health.ch\\\/#organization\"},\"alternateName\":\"a-h-health\",\"potentialAction\":[{\"@type\":\"SearchAction\",\"target\":{\"@type\":\"EntryPoint\",\"urlTemplate\":\"https:\\\/\\\/a-h-health.ch\\\/?s={search_term_string}\"},\"query-input\":{\"@type\":\"PropertyValueSpecification\",\"valueRequired\":true,\"valueName\":\"search_term_string\"}}],\"inLanguage\":\"fr-FR\"},{\"@type\":\"Organization\",\"@id\":\"https:\\\/\\\/a-h-health.ch\\\/#organization\",\"name\":\"Animal & Human Health AG\",\"url\":\"https:\\\/\\\/a-h-health.ch\\\/\",\"logo\":{\"@type\":\"ImageObject\",\"inLanguage\":\"fr-FR\",\"@id\":\"https:\\\/\\\/a-h-health.ch\\\/#\\\/schema\\\/logo\\\/image\\\/\",\"url\":\"https:\\\/\\\/a-h-health.ch\\\/wp-content\\\/uploads\\\/2020\\\/12\\\/Logo-animal-health.jpg\",\"contentUrl\":\"https:\\\/\\\/a-h-health.ch\\\/wp-content\\\/uploads\\\/2020\\\/12\\\/Logo-animal-health.jpg\",\"width\":653,\"height\":56,\"caption\":\"Animal & Human Health AG\"},\"image\":{\"@id\":\"https:\\\/\\\/a-h-health.ch\\\/#\\\/schema\\\/logo\\\/image\\\/\"}}]}<\/script>\n<!-- \/ Yoast SEO plugin. -->","yoast_head_json":{"title":"Cor\u00adta-Vet HA Super Strength Solu\u00adti\u00adon Equi\u00adne Ame\u00adri\u00adca 1 Liter \u2013 Ani\u00admal &amp; Human Health AG","robots":{"index":"index","follow":"follow","max-snippet":"max-snippet:-1","max-image-preview":"max-image-preview:large","max-video-preview":"max-video-preview:-1"},"canonical":"https:\/\/a-h-health.ch\/fr\/shop\/corta-vet-ha-super-strength-solution-equine-america-1-liter\/","og_locale":"fr_FR","og_type":"article","og_title":"Corta-Vet HA Super Strength Solution Equine America 1 Liter - Animal &amp; Human Health AG","og_description":"Corta Vet HA Super Strength Solution ist ein hochkonzentriertes Nahrungserg\u00e4nzungsmittel f\u00fcr die Gelenkmobilit\u00e4t. Ideal f\u00fcr junge, aktive, sowie alte und pensionierte Pferde und eignet sich besonders f\u00fcr akute F\u00e4lle von Steifheit. Equine America Corta-Vet HA L\u00f6sung kann f\u00fcr eine schnelle Absorption verwendet werden. Eine spezielle Mischung zur F\u00f6rderung und Erhaltung gesunder Gelenke. Corta-Vet ist eine [&hellip;]","og_url":"https:\/\/a-h-health.ch\/fr\/shop\/corta-vet-ha-super-strength-solution-equine-america-1-liter\/","og_site_name":"Animal &amp; Human Health AG","article_modified_time":"2025-07-08T14:50:27+00:00","og_image":[{"width":620,"height":575,"url":"https:\/\/a-h-health.ch\/wp-content\/uploads\/2023\/02\/CortaVet-HA-Super-Strength-1l.jpg","type":"image\/jpeg"}],"twitter_card":"summary_large_image","twitter_misc":{"Dur\u00e9e de lecture estim\u00e9e":"1 minute"},"schema":{"@context":"https:\/\/schema.org","@graph":[{"@type":"WebPage","@id":"https:\/\/a-h-health.ch\/shop\/corta-vet-ha-super-strength-solution-equine-america-1-liter\/","url":"https:\/\/a-h-health.ch\/shop\/corta-vet-ha-super-strength-solution-equine-america-1-liter\/","name":"Cor\u00adta-Vet HA Super Strength Solu\u00adti\u00adon Equi\u00adne Ame\u00adri\u00adca 1 Liter \u2013 Ani\u00admal &amp; Human Health AG","isPartOf":{"@id":"https:\/\/a-h-health.ch\/#website"},"primaryImageOfPage":{"@id":"https:\/\/a-h-health.ch\/shop\/corta-vet-ha-super-strength-solution-equine-america-1-liter\/#primaryimage"},"image":{"@id":"https:\/\/a-h-health.ch\/shop\/corta-vet-ha-super-strength-solution-equine-america-1-liter\/#primaryimage"},"thumbnailUrl":"https:\/\/a-h-health.ch\/wp-content\/uploads\/2023\/02\/CortaVet-HA-Super-Strength-1l.jpg","datePublished":"2023-02-25T17:24:12+00:00","dateModified":"2025-07-08T14:50:27+00:00","breadcrumb":{"@id":"https:\/\/a-h-health.ch\/shop\/corta-vet-ha-super-strength-solution-equine-america-1-liter\/#breadcrumb"},"inLanguage":"fr-FR","potentialAction":[{"@type":"ReadAction","target":["https:\/\/a-h-health.ch\/shop\/corta-vet-ha-super-strength-solution-equine-america-1-liter\/"]}]},{"@type":"ImageObject","inLanguage":"fr-FR","@id":"https:\/\/a-h-health.ch\/shop\/corta-vet-ha-super-strength-solution-equine-america-1-liter\/#primaryimage","url":"https:\/\/a-h-health.ch\/wp-content\/uploads\/2023\/02\/CortaVet-HA-Super-Strength-1l.jpg","contentUrl":"https:\/\/a-h-health.ch\/wp-content\/uploads\/2023\/02\/CortaVet-HA-Super-Strength-1l.jpg","width":620,"height":575},{"@type":"BreadcrumbList","@id":"https:\/\/a-h-health.ch\/shop\/corta-vet-ha-super-strength-solution-equine-america-1-liter\/#breadcrumb","itemListElement":[{"@type":"ListItem","position":1,"name":"Startseite","item":"https:\/\/a-h-health.ch\/"},{"@type":"ListItem","position":2,"name":"Shop","item":"https:\/\/a-h-health.ch\/shop\/"},{"@type":"ListItem","position":3,"name":"Corta-Vet HA Super Strength Solution Equine America 1 Liter"}]},{"@type":"WebSite","@id":"https:\/\/a-h-health.ch\/#website","url":"https:\/\/a-h-health.ch\/","name":"Ani\u00admal and Human Health AG","description":"Nous som\u00admes vos interlo\u00adcu\u00adteurs lorsqu\u2019il s\u2019a\u00adgit de la san\u00adt\u00e9 pro\u00adfes\u00adsi\u00adon\u00adnel\u00adle et du bien-\u00eatre de vot\u00adre animal.","publisher":{"@id":"https:\/\/a-h-health.ch\/#organization"},"alternateName":"a-h-health","potentialAction":[{"@type":"SearchAction","target":{"@type":"EntryPoint","urlTemplate":"https:\/\/a-h-health.ch\/?s={search_term_string}"},"query-input":{"@type":"PropertyValueSpecification","valueRequired":true,"valueName":"search_term_string"}}],"inLanguage":"fr-FR"},{"@type":"Organization","@id":"https:\/\/a-h-health.ch\/#organization","name":"Ani\u00admal &amp; Human Health AG","url":"https:\/\/a-h-health.ch\/","logo":{"@type":"ImageObject","inLanguage":"fr-FR","@id":"https:\/\/a-h-health.ch\/#\/schema\/logo\/image\/","url":"https:\/\/a-h-health.ch\/wp-content\/uploads\/2020\/12\/Logo-animal-health.jpg","contentUrl":"https:\/\/a-h-health.ch\/wp-content\/uploads\/2020\/12\/Logo-animal-health.jpg","width":653,"height":56,"caption":"Animal & Human Health AG"},"image":{"@id":"https:\/\/a-h-health.ch\/#\/schema\/logo\/image\/"}}]}},"_links":{"self":[{"href":"https:\/\/a-h-health.ch\/fr\/wp-json\/wp\/v2\/product\/14889","targetHints":{"allow":["GET"]}}],"collection":[{"href":"https:\/\/a-h-health.ch\/fr\/wp-json\/wp\/v2\/product"}],"about":[{"href":"https:\/\/a-h-health.ch\/fr\/wp-json\/wp\/v2\/types\/product"}],"wp:featuredmedia":[{"embeddable":true,"href":"https:\/\/a-h-health.ch\/fr\/wp-json\/wp\/v2\/media\/14892"}],"wp:attachment":[{"href":"https:\/\/a-h-health.ch\/fr\/wp-json\/wp\/v2\/media?parent=14889"}],"wp:term":[{"taxonomy":"product_brand","embeddable":true,"href":"https:\/\/a-h-health.ch\/fr\/wp-json\/wp\/v2\/product_brand?post=14889"},{"taxonomy":"product_cat","embeddable":true,"href":"https:\/\/a-h-health.ch\/fr\/wp-json\/wp\/v2\/product_cat?post=14889"},{"taxonomy":"product_tag","embeddable":true,"href":"https:\/\/a-h-health.ch\/fr\/wp-json\/wp\/v2\/product_tag?post=14889"}],"curies":[{"name":"wp","href":"https:\/\/api.w.org\/{rel}","templated":true}]}}