{"id":14874,"date":"2023-02-25T17:35:56","date_gmt":"2023-02-25T16:35:56","guid":{"rendered":"https:\/\/a-h-health.ch\/?post_type=product&#038;p=14874"},"modified":"2025-07-03T17:09:59","modified_gmt":"2025-07-03T15:09:59","slug":"buteless-h-s-equine-america-1-kg","status":"publish","type":"product","link":"https:\/\/a-h-health.ch\/fr\/shop\/buteless-h-s-equine-america-1-kg\/","title":{"rendered":"Bute\u00adl\u00adess H. S. Equi\u00adne Ame\u00adri\u00adca 1&nbsp;kg"},"content":{"rendered":"<p>BUTELESS\u00ae ORIGINAL est un com\u00adpl\u00e9\u00adment ali\u00admen\u00adtai\u00adre liqui\u00adde pour chevaux desti\u00adn\u00e9 \u00e0 sou\u00adte\u00adnir le m\u00e9ta\u00adbo\u00adlis\u00adme des arti\u00adcu\u00adla\u00adti\u00adons et des tis\u00adsus con\u00adjonc\u00adtifs gr\u00e2\u00adce au yuc\u00adca. Un m\u00e9lan\u00adge d\u2019in\u00adg\u00adr\u00e9\u00addi\u00adents natu\u00adrels \u00e0 base de plan\u00adtes qui pr\u00e9\u00adser\u00advent le con\u00adfort arti\u00adcu\u00adlai\u00adre et mus\u00adcu\u00adlai\u00adre et sou\u00adti\u00aden\u00adnent la mobi\u00adli\u00adt\u00e9 de tous les chevaux et poneys.<\/p>\n<p>Com\u00adpo\u00adsi\u00adti\u00adon :<br>\nBos\u00adwel\u00adlia 2.500mg<br>\nM\u00e9thyl\u00adsul\u00adfo\u00adnyl\u00adm\u00e9tha\u00adne (MSM) 1.500mg<br>\nYuc\u00adca Schi\u00addi\u00adge\u00adra 1.000mg<br>\ncur\u00adcuma 1.000mg<br>\nVit\u00adami\u00adne C 1.000mg<br>\nVit\u00adami\u00adne E&nbsp;200mg<br>\nVit\u00adami\u00adne C 1.000mg<\/p>\n<p>&nbsp;<\/p>","protected":false},"excerpt":{"rendered":"<p>BUTELESS\u00ae ORIGINAL ist ein fl\u00fcssiges Erg\u00e4nzungsfuttermittel f\u00fcr Pferde zur Unterst\u00fctzung des Gelenk- und Bindegewebsstoffwechsels mit Yucca. Eine Mischung aus nat\u00fcrlichen Inhaltsstoffen auf pflanzlicher Basis, die den Gelenk- und Muskelkomfort erhalten und die Mobilit\u00e4t aller Pferde und Ponys unterst\u00fctzen. Zusammensetzung: Boswellia 2.500mg Methylsulfonylmethan (MSM) 1.500mg Yucca Schidigera 1.000mg Kurkuma\u00a0 1.000mg Vitamin C 1.000mg Vitamin E 200mg [&hellip;]<\/p>\n","protected":false},"featured_media":14876,"template":"","meta":{"wp_typography_post_enhancements_disabled":false},"product_brand":[],"product_cat":[570,34,562],"product_tag":[],"class_list":{"0":"post-14874","1":"product","2":"type-product","3":"status-publish","4":"has-post-thumbnail","6":"product_cat-equine-america","7":"product_cat-nahrungsergaenzung","8":"product_cat-pferd","10":"first","11":"instock","12":"taxable","13":"shipping-taxable","14":"product-type-simple"},"yoast_head":"<!-- This site is optimized with the Yoast SEO plugin v27.4 - https:\/\/yoast.com\/product\/yoast-seo-wordpress\/ -->\n<title>Buteless H. S. Equine America 1 kg - Animal &amp; Human Health AG<\/title>\n<meta name=\"robots\" content=\"index, follow, max-snippet:-1, max-image-preview:large, max-video-preview:-1\" \/>\n<link rel=\"canonical\" href=\"https:\/\/a-h-health.ch\/fr\/shop\/buteless-h-s-equine-america-1-kg\/\" \/>\n<meta property=\"og:locale\" content=\"fr_FR\" \/>\n<meta property=\"og:type\" content=\"article\" \/>\n<meta property=\"og:title\" content=\"Buteless H. S. Equine America 1 kg - Animal &amp; Human Health AG\" \/>\n<meta property=\"og:description\" content=\"BUTELESS\u00ae ORIGINAL ist ein fl\u00fcssiges Erg\u00e4nzungsfuttermittel f\u00fcr Pferde zur Unterst\u00fctzung des Gelenk- und Bindegewebsstoffwechsels mit Yucca. Eine Mischung aus nat\u00fcrlichen Inhaltsstoffen auf pflanzlicher Basis, die den Gelenk- und Muskelkomfort erhalten und die Mobilit\u00e4t aller Pferde und Ponys unterst\u00fctzen. Zusammensetzung: Boswellia 2.500mg Methylsulfonylmethan (MSM) 1.500mg Yucca Schidigera 1.000mg Kurkuma\u00a0 1.000mg Vitamin C 1.000mg Vitamin E 200mg [&hellip;]\" \/>\n<meta property=\"og:url\" content=\"https:\/\/a-h-health.ch\/fr\/shop\/buteless-h-s-equine-america-1-kg\/\" \/>\n<meta property=\"og:site_name\" content=\"Animal &amp; Human Health AG\" \/>\n<meta property=\"article:modified_time\" content=\"2025-07-03T15:09:59+00:00\" \/>\n<meta property=\"og:image\" content=\"https:\/\/a-h-health.ch\/wp-content\/uploads\/2023\/02\/Buteless-High-StrenghEquine-America-1kg.jpg\" \/>\n\t<meta property=\"og:image:width\" content=\"880\" \/>\n\t<meta property=\"og:image:height\" content=\"717\" \/>\n\t<meta property=\"og:image:type\" content=\"image\/jpeg\" \/>\n<meta name=\"twitter:card\" content=\"summary_large_image\" \/>\n<meta name=\"twitter:label1\" content=\"Dur\u00e9e de lecture estim\u00e9e\" \/>\n\t<meta name=\"twitter:data1\" content=\"1 minute\" \/>\n<script type=\"application\/ld+json\" class=\"yoast-schema-graph\">{\"@context\":\"https:\\\/\\\/schema.org\",\"@graph\":[{\"@type\":\"WebPage\",\"@id\":\"https:\\\/\\\/a-h-health.ch\\\/shop\\\/buteless-h-s-equine-america-1-kg\\\/\",\"url\":\"https:\\\/\\\/a-h-health.ch\\\/shop\\\/buteless-h-s-equine-america-1-kg\\\/\",\"name\":\"Buteless H. S. Equine America 1 kg - Animal &amp; Human Health AG\",\"isPartOf\":{\"@id\":\"https:\\\/\\\/a-h-health.ch\\\/#website\"},\"primaryImageOfPage\":{\"@id\":\"https:\\\/\\\/a-h-health.ch\\\/shop\\\/buteless-h-s-equine-america-1-kg\\\/#primaryimage\"},\"image\":{\"@id\":\"https:\\\/\\\/a-h-health.ch\\\/shop\\\/buteless-h-s-equine-america-1-kg\\\/#primaryimage\"},\"thumbnailUrl\":\"https:\\\/\\\/a-h-health.ch\\\/wp-content\\\/uploads\\\/2023\\\/02\\\/Buteless-High-StrenghEquine-America-1kg.jpg\",\"datePublished\":\"2023-02-25T16:35:56+00:00\",\"dateModified\":\"2025-07-03T15:09:59+00:00\",\"breadcrumb\":{\"@id\":\"https:\\\/\\\/a-h-health.ch\\\/shop\\\/buteless-h-s-equine-america-1-kg\\\/#breadcrumb\"},\"inLanguage\":\"fr-FR\",\"potentialAction\":[{\"@type\":\"ReadAction\",\"target\":[\"https:\\\/\\\/a-h-health.ch\\\/shop\\\/buteless-h-s-equine-america-1-kg\\\/\"]}]},{\"@type\":\"ImageObject\",\"inLanguage\":\"fr-FR\",\"@id\":\"https:\\\/\\\/a-h-health.ch\\\/shop\\\/buteless-h-s-equine-america-1-kg\\\/#primaryimage\",\"url\":\"https:\\\/\\\/a-h-health.ch\\\/wp-content\\\/uploads\\\/2023\\\/02\\\/Buteless-High-StrenghEquine-America-1kg.jpg\",\"contentUrl\":\"https:\\\/\\\/a-h-health.ch\\\/wp-content\\\/uploads\\\/2023\\\/02\\\/Buteless-High-StrenghEquine-America-1kg.jpg\",\"width\":880,\"height\":717},{\"@type\":\"BreadcrumbList\",\"@id\":\"https:\\\/\\\/a-h-health.ch\\\/shop\\\/buteless-h-s-equine-america-1-kg\\\/#breadcrumb\",\"itemListElement\":[{\"@type\":\"ListItem\",\"position\":1,\"name\":\"Startseite\",\"item\":\"https:\\\/\\\/a-h-health.ch\\\/\"},{\"@type\":\"ListItem\",\"position\":2,\"name\":\"Shop\",\"item\":\"https:\\\/\\\/a-h-health.ch\\\/shop\\\/\"},{\"@type\":\"ListItem\",\"position\":3,\"name\":\"Buteless H. S. Equine America 1 kg\"}]},{\"@type\":\"WebSite\",\"@id\":\"https:\\\/\\\/a-h-health.ch\\\/#website\",\"url\":\"https:\\\/\\\/a-h-health.ch\\\/\",\"name\":\"Animal and Human Health AG\",\"description\":\"Wir sind Ihre Ansprechpartner, wenn es um die professionelle Gesundheit und das Wohl ihres Tieres geht.\",\"publisher\":{\"@id\":\"https:\\\/\\\/a-h-health.ch\\\/#organization\"},\"alternateName\":\"a-h-health\",\"potentialAction\":[{\"@type\":\"SearchAction\",\"target\":{\"@type\":\"EntryPoint\",\"urlTemplate\":\"https:\\\/\\\/a-h-health.ch\\\/?s={search_term_string}\"},\"query-input\":{\"@type\":\"PropertyValueSpecification\",\"valueRequired\":true,\"valueName\":\"search_term_string\"}}],\"inLanguage\":\"fr-FR\"},{\"@type\":\"Organization\",\"@id\":\"https:\\\/\\\/a-h-health.ch\\\/#organization\",\"name\":\"Animal & Human Health AG\",\"url\":\"https:\\\/\\\/a-h-health.ch\\\/\",\"logo\":{\"@type\":\"ImageObject\",\"inLanguage\":\"fr-FR\",\"@id\":\"https:\\\/\\\/a-h-health.ch\\\/#\\\/schema\\\/logo\\\/image\\\/\",\"url\":\"https:\\\/\\\/a-h-health.ch\\\/wp-content\\\/uploads\\\/2020\\\/12\\\/Logo-animal-health.jpg\",\"contentUrl\":\"https:\\\/\\\/a-h-health.ch\\\/wp-content\\\/uploads\\\/2020\\\/12\\\/Logo-animal-health.jpg\",\"width\":653,\"height\":56,\"caption\":\"Animal & Human Health AG\"},\"image\":{\"@id\":\"https:\\\/\\\/a-h-health.ch\\\/#\\\/schema\\\/logo\\\/image\\\/\"}}]}<\/script>\n<!-- \/ Yoast SEO plugin. -->","yoast_head_json":{"title":"Bute\u00adl\u00adess H. S. Equi\u00adne Ame\u00adri\u00adca 1 kg \u2013 Ani\u00admal &amp; Human Health AG","robots":{"index":"index","follow":"follow","max-snippet":"max-snippet:-1","max-image-preview":"max-image-preview:large","max-video-preview":"max-video-preview:-1"},"canonical":"https:\/\/a-h-health.ch\/fr\/shop\/buteless-h-s-equine-america-1-kg\/","og_locale":"fr_FR","og_type":"article","og_title":"Buteless H. S. Equine America 1 kg - Animal &amp; Human Health AG","og_description":"BUTELESS\u00ae ORIGINAL ist ein fl\u00fcssiges Erg\u00e4nzungsfuttermittel f\u00fcr Pferde zur Unterst\u00fctzung des Gelenk- und Bindegewebsstoffwechsels mit Yucca. Eine Mischung aus nat\u00fcrlichen Inhaltsstoffen auf pflanzlicher Basis, die den Gelenk- und Muskelkomfort erhalten und die Mobilit\u00e4t aller Pferde und Ponys unterst\u00fctzen. Zusammensetzung: Boswellia 2.500mg Methylsulfonylmethan (MSM) 1.500mg Yucca Schidigera 1.000mg Kurkuma\u00a0 1.000mg Vitamin C 1.000mg Vitamin E 200mg [&hellip;]","og_url":"https:\/\/a-h-health.ch\/fr\/shop\/buteless-h-s-equine-america-1-kg\/","og_site_name":"Animal &amp; Human Health AG","article_modified_time":"2025-07-03T15:09:59+00:00","og_image":[{"width":880,"height":717,"url":"https:\/\/a-h-health.ch\/wp-content\/uploads\/2023\/02\/Buteless-High-StrenghEquine-America-1kg.jpg","type":"image\/jpeg"}],"twitter_card":"summary_large_image","twitter_misc":{"Dur\u00e9e de lecture estim\u00e9e":"1 minute"},"schema":{"@context":"https:\/\/schema.org","@graph":[{"@type":"WebPage","@id":"https:\/\/a-h-health.ch\/shop\/buteless-h-s-equine-america-1-kg\/","url":"https:\/\/a-h-health.ch\/shop\/buteless-h-s-equine-america-1-kg\/","name":"Bute\u00adl\u00adess H. S. Equi\u00adne Ame\u00adri\u00adca 1 kg \u2013 Ani\u00admal &amp; Human Health AG","isPartOf":{"@id":"https:\/\/a-h-health.ch\/#website"},"primaryImageOfPage":{"@id":"https:\/\/a-h-health.ch\/shop\/buteless-h-s-equine-america-1-kg\/#primaryimage"},"image":{"@id":"https:\/\/a-h-health.ch\/shop\/buteless-h-s-equine-america-1-kg\/#primaryimage"},"thumbnailUrl":"https:\/\/a-h-health.ch\/wp-content\/uploads\/2023\/02\/Buteless-High-StrenghEquine-America-1kg.jpg","datePublished":"2023-02-25T16:35:56+00:00","dateModified":"2025-07-03T15:09:59+00:00","breadcrumb":{"@id":"https:\/\/a-h-health.ch\/shop\/buteless-h-s-equine-america-1-kg\/#breadcrumb"},"inLanguage":"fr-FR","potentialAction":[{"@type":"ReadAction","target":["https:\/\/a-h-health.ch\/shop\/buteless-h-s-equine-america-1-kg\/"]}]},{"@type":"ImageObject","inLanguage":"fr-FR","@id":"https:\/\/a-h-health.ch\/shop\/buteless-h-s-equine-america-1-kg\/#primaryimage","url":"https:\/\/a-h-health.ch\/wp-content\/uploads\/2023\/02\/Buteless-High-StrenghEquine-America-1kg.jpg","contentUrl":"https:\/\/a-h-health.ch\/wp-content\/uploads\/2023\/02\/Buteless-High-StrenghEquine-America-1kg.jpg","width":880,"height":717},{"@type":"BreadcrumbList","@id":"https:\/\/a-h-health.ch\/shop\/buteless-h-s-equine-america-1-kg\/#breadcrumb","itemListElement":[{"@type":"ListItem","position":1,"name":"Startseite","item":"https:\/\/a-h-health.ch\/"},{"@type":"ListItem","position":2,"name":"Shop","item":"https:\/\/a-h-health.ch\/shop\/"},{"@type":"ListItem","position":3,"name":"Buteless H. S. Equine America 1 kg"}]},{"@type":"WebSite","@id":"https:\/\/a-h-health.ch\/#website","url":"https:\/\/a-h-health.ch\/","name":"Ani\u00admal and Human Health AG","description":"Nous som\u00admes vos interlo\u00adcu\u00adteurs lorsqu\u2019il s\u2019a\u00adgit de la san\u00adt\u00e9 pro\u00adfes\u00adsi\u00adon\u00adnel\u00adle et du bien-\u00eatre de vot\u00adre animal.","publisher":{"@id":"https:\/\/a-h-health.ch\/#organization"},"alternateName":"a-h-health","potentialAction":[{"@type":"SearchAction","target":{"@type":"EntryPoint","urlTemplate":"https:\/\/a-h-health.ch\/?s={search_term_string}"},"query-input":{"@type":"PropertyValueSpecification","valueRequired":true,"valueName":"search_term_string"}}],"inLanguage":"fr-FR"},{"@type":"Organization","@id":"https:\/\/a-h-health.ch\/#organization","name":"Ani\u00admal &amp; Human Health AG","url":"https:\/\/a-h-health.ch\/","logo":{"@type":"ImageObject","inLanguage":"fr-FR","@id":"https:\/\/a-h-health.ch\/#\/schema\/logo\/image\/","url":"https:\/\/a-h-health.ch\/wp-content\/uploads\/2020\/12\/Logo-animal-health.jpg","contentUrl":"https:\/\/a-h-health.ch\/wp-content\/uploads\/2020\/12\/Logo-animal-health.jpg","width":653,"height":56,"caption":"Animal & Human Health AG"},"image":{"@id":"https:\/\/a-h-health.ch\/#\/schema\/logo\/image\/"}}]}},"_links":{"self":[{"href":"https:\/\/a-h-health.ch\/fr\/wp-json\/wp\/v2\/product\/14874","targetHints":{"allow":["GET"]}}],"collection":[{"href":"https:\/\/a-h-health.ch\/fr\/wp-json\/wp\/v2\/product"}],"about":[{"href":"https:\/\/a-h-health.ch\/fr\/wp-json\/wp\/v2\/types\/product"}],"wp:featuredmedia":[{"embeddable":true,"href":"https:\/\/a-h-health.ch\/fr\/wp-json\/wp\/v2\/media\/14876"}],"wp:attachment":[{"href":"https:\/\/a-h-health.ch\/fr\/wp-json\/wp\/v2\/media?parent=14874"}],"wp:term":[{"taxonomy":"product_brand","embeddable":true,"href":"https:\/\/a-h-health.ch\/fr\/wp-json\/wp\/v2\/product_brand?post=14874"},{"taxonomy":"product_cat","embeddable":true,"href":"https:\/\/a-h-health.ch\/fr\/wp-json\/wp\/v2\/product_cat?post=14874"},{"taxonomy":"product_tag","embeddable":true,"href":"https:\/\/a-h-health.ch\/fr\/wp-json\/wp\/v2\/product_tag?post=14874"}],"curies":[{"name":"wp","href":"https:\/\/api.w.org\/{rel}","templated":true}]}}