{"id":14871,"date":"2023-02-25T17:30:04","date_gmt":"2023-02-25T16:30:04","guid":{"rendered":"https:\/\/a-h-health.ch\/?post_type=product&#038;p=14871"},"modified":"2025-07-08T16:41:16","modified_gmt":"2025-07-08T14:41:16","slug":"buteless-h-s-equine-america-5-l","status":"publish","type":"product","link":"https:\/\/a-h-health.ch\/fr\/shop\/buteless-h-s-equine-america-5-l\/","title":{"rendered":"Bute\u00adl\u00adess H. S. Equi\u00adne Ame\u00adri\u00adca 5&nbsp;l"},"content":{"rendered":"<p>BUTELESS\u00ae ORIGINAL est un ali\u00adment com\u00adpl\u00e9\u00admen\u00adtai\u00adre pour chevaux desti\u00adn\u00e9 \u00e0 favo\u00adri\u00adser la mobi\u00adli\u00adt\u00e9 et le bien-\u00eatre dans le cad\u00adre d\u2019u\u00adne ali\u00admen\u00adta\u00adti\u00adon \u00e9quilibr\u00e9e.<\/p>\n<p>Com\u00adpo\u00adsi\u00adti\u00adon :<br>\nYuc\u00adca 65.5g<br>\nGui\u00admauve&nbsp;10g<br>\nBos\u00adwel\u00adlia (encens) 2g<\/p>\n<p>&nbsp;<\/p>","protected":false},"excerpt":{"rendered":"<p>BUTELESS\u00ae ORIGINAL ist ein Erg\u00e4n\u00adzungs\u00adfut\u00adter f\u00fcr Pfer\u00adde zur F\u00f6r\u00adde\u00adrung von Mobi\u00adli\u00adt\u00e4t und Wohl\u00adbe\u00adfin\u00adden im Rah\u00admen einer aus\u00adge\u00adwo\u00adge\u00adnen Ern\u00e4h\u00adrung. Zusam\u00admen\u00adset\u00adzung: Yuc\u00adca 65.5g Eibisch 10g Bos\u00adwel\u00adlia (Weih\u00adrauch) 2g&nbsp;<\/p>","protected":false},"featured_media":14994,"template":"","meta":{"wp_typography_post_enhancements_disabled":false},"product_brand":[],"product_cat":[570,34,562],"product_tag":[],"class_list":{"0":"post-14871","1":"product","2":"type-product","3":"status-publish","4":"has-post-thumbnail","6":"product_cat-equine-america","7":"product_cat-nahrungsergaenzung","8":"product_cat-pferd","10":"first","11":"instock","12":"taxable","13":"shipping-taxable","14":"product-type-simple"},"yoast_head":"<!-- This site is optimized with the Yoast SEO plugin v27.4 - https:\/\/yoast.com\/product\/yoast-seo-wordpress\/ -->\n<title>Buteless H. S. Equine America 5 l - Animal &amp; Human Health AG<\/title>\n<meta name=\"robots\" content=\"index, follow, max-snippet:-1, max-image-preview:large, max-video-preview:-1\" \/>\n<link rel=\"canonical\" href=\"https:\/\/a-h-health.ch\/fr\/shop\/buteless-h-s-equine-america-5-l\/\" \/>\n<meta property=\"og:locale\" content=\"fr_FR\" \/>\n<meta property=\"og:type\" content=\"article\" \/>\n<meta property=\"og:title\" content=\"Buteless H. S. Equine America 5 l - Animal &amp; Human Health AG\" \/>\n<meta property=\"og:description\" content=\"BUTELESS\u00ae ORIGINAL ist ein Erg\u00e4nzungsfutter f\u00fcr Pferde zur F\u00f6rderung von Mobilit\u00e4t und Wohlbefinden im Rahmen einer ausgewogenen Ern\u00e4hrung. Zusammensetzung: Yucca 65.5g Eibisch 10g Boswellia (Weihrauch) 2g &nbsp;\" \/>\n<meta property=\"og:url\" content=\"https:\/\/a-h-health.ch\/fr\/shop\/buteless-h-s-equine-america-5-l\/\" \/>\n<meta property=\"og:site_name\" content=\"Animal &amp; Human Health AG\" \/>\n<meta property=\"article:modified_time\" content=\"2025-07-08T14:41:16+00:00\" \/>\n<meta property=\"og:image\" content=\"https:\/\/a-h-health.ch\/wp-content\/uploads\/2023\/02\/Buteless-High-Strength-Solution-5-Liter.jpg\" \/>\n\t<meta property=\"og:image:width\" content=\"780\" \/>\n\t<meta property=\"og:image:height\" content=\"764\" \/>\n\t<meta property=\"og:image:type\" content=\"image\/jpeg\" \/>\n<meta name=\"twitter:card\" content=\"summary_large_image\" \/>\n<meta name=\"twitter:label1\" content=\"Dur\u00e9e de lecture estim\u00e9e\" \/>\n\t<meta name=\"twitter:data1\" content=\"1 minute\" \/>\n<script type=\"application\/ld+json\" class=\"yoast-schema-graph\">{\"@context\":\"https:\\\/\\\/schema.org\",\"@graph\":[{\"@type\":\"WebPage\",\"@id\":\"https:\\\/\\\/a-h-health.ch\\\/shop\\\/buteless-h-s-equine-america-5-l\\\/\",\"url\":\"https:\\\/\\\/a-h-health.ch\\\/shop\\\/buteless-h-s-equine-america-5-l\\\/\",\"name\":\"Buteless H. S. Equine America 5 l - Animal &amp; Human Health AG\",\"isPartOf\":{\"@id\":\"https:\\\/\\\/a-h-health.ch\\\/#website\"},\"primaryImageOfPage\":{\"@id\":\"https:\\\/\\\/a-h-health.ch\\\/shop\\\/buteless-h-s-equine-america-5-l\\\/#primaryimage\"},\"image\":{\"@id\":\"https:\\\/\\\/a-h-health.ch\\\/shop\\\/buteless-h-s-equine-america-5-l\\\/#primaryimage\"},\"thumbnailUrl\":\"https:\\\/\\\/a-h-health.ch\\\/wp-content\\\/uploads\\\/2023\\\/02\\\/Buteless-High-Strength-Solution-5-Liter.jpg\",\"datePublished\":\"2023-02-25T16:30:04+00:00\",\"dateModified\":\"2025-07-08T14:41:16+00:00\",\"breadcrumb\":{\"@id\":\"https:\\\/\\\/a-h-health.ch\\\/shop\\\/buteless-h-s-equine-america-5-l\\\/#breadcrumb\"},\"inLanguage\":\"fr-FR\",\"potentialAction\":[{\"@type\":\"ReadAction\",\"target\":[\"https:\\\/\\\/a-h-health.ch\\\/shop\\\/buteless-h-s-equine-america-5-l\\\/\"]}]},{\"@type\":\"ImageObject\",\"inLanguage\":\"fr-FR\",\"@id\":\"https:\\\/\\\/a-h-health.ch\\\/shop\\\/buteless-h-s-equine-america-5-l\\\/#primaryimage\",\"url\":\"https:\\\/\\\/a-h-health.ch\\\/wp-content\\\/uploads\\\/2023\\\/02\\\/Buteless-High-Strength-Solution-5-Liter.jpg\",\"contentUrl\":\"https:\\\/\\\/a-h-health.ch\\\/wp-content\\\/uploads\\\/2023\\\/02\\\/Buteless-High-Strength-Solution-5-Liter.jpg\",\"width\":780,\"height\":764},{\"@type\":\"BreadcrumbList\",\"@id\":\"https:\\\/\\\/a-h-health.ch\\\/shop\\\/buteless-h-s-equine-america-5-l\\\/#breadcrumb\",\"itemListElement\":[{\"@type\":\"ListItem\",\"position\":1,\"name\":\"Startseite\",\"item\":\"https:\\\/\\\/a-h-health.ch\\\/\"},{\"@type\":\"ListItem\",\"position\":2,\"name\":\"Shop\",\"item\":\"https:\\\/\\\/a-h-health.ch\\\/shop\\\/\"},{\"@type\":\"ListItem\",\"position\":3,\"name\":\"Buteless H. S. Equine America 5 l\"}]},{\"@type\":\"WebSite\",\"@id\":\"https:\\\/\\\/a-h-health.ch\\\/#website\",\"url\":\"https:\\\/\\\/a-h-health.ch\\\/\",\"name\":\"Animal and Human Health AG\",\"description\":\"Wir sind Ihre Ansprechpartner, wenn es um die professionelle Gesundheit und das Wohl ihres Tieres geht.\",\"publisher\":{\"@id\":\"https:\\\/\\\/a-h-health.ch\\\/#organization\"},\"alternateName\":\"a-h-health\",\"potentialAction\":[{\"@type\":\"SearchAction\",\"target\":{\"@type\":\"EntryPoint\",\"urlTemplate\":\"https:\\\/\\\/a-h-health.ch\\\/?s={search_term_string}\"},\"query-input\":{\"@type\":\"PropertyValueSpecification\",\"valueRequired\":true,\"valueName\":\"search_term_string\"}}],\"inLanguage\":\"fr-FR\"},{\"@type\":\"Organization\",\"@id\":\"https:\\\/\\\/a-h-health.ch\\\/#organization\",\"name\":\"Animal & Human Health AG\",\"url\":\"https:\\\/\\\/a-h-health.ch\\\/\",\"logo\":{\"@type\":\"ImageObject\",\"inLanguage\":\"fr-FR\",\"@id\":\"https:\\\/\\\/a-h-health.ch\\\/#\\\/schema\\\/logo\\\/image\\\/\",\"url\":\"https:\\\/\\\/a-h-health.ch\\\/wp-content\\\/uploads\\\/2020\\\/12\\\/Logo-animal-health.jpg\",\"contentUrl\":\"https:\\\/\\\/a-h-health.ch\\\/wp-content\\\/uploads\\\/2020\\\/12\\\/Logo-animal-health.jpg\",\"width\":653,\"height\":56,\"caption\":\"Animal & Human Health AG\"},\"image\":{\"@id\":\"https:\\\/\\\/a-h-health.ch\\\/#\\\/schema\\\/logo\\\/image\\\/\"}}]}<\/script>\n<!-- \/ Yoast SEO plugin. -->","yoast_head_json":{"title":"Bute\u00adl\u00adess H. S. Equi\u00adne Ame\u00adri\u00adca 5 l \u2013 Ani\u00admal &amp; Human Health AG","robots":{"index":"index","follow":"follow","max-snippet":"max-snippet:-1","max-image-preview":"max-image-preview:large","max-video-preview":"max-video-preview:-1"},"canonical":"https:\/\/a-h-health.ch\/fr\/shop\/buteless-h-s-equine-america-5-l\/","og_locale":"fr_FR","og_type":"article","og_title":"Buteless H. S. Equine America 5 l - Animal &amp; Human Health AG","og_description":"BUTELESS\u00ae ORIGINAL ist ein Erg\u00e4nzungsfutter f\u00fcr Pferde zur F\u00f6rderung von Mobilit\u00e4t und Wohlbefinden im Rahmen einer ausgewogenen Ern\u00e4hrung. Zusammensetzung: Yucca 65.5g Eibisch 10g Boswellia (Weihrauch) 2g &nbsp;","og_url":"https:\/\/a-h-health.ch\/fr\/shop\/buteless-h-s-equine-america-5-l\/","og_site_name":"Animal &amp; Human Health AG","article_modified_time":"2025-07-08T14:41:16+00:00","og_image":[{"width":780,"height":764,"url":"https:\/\/a-h-health.ch\/wp-content\/uploads\/2023\/02\/Buteless-High-Strength-Solution-5-Liter.jpg","type":"image\/jpeg"}],"twitter_card":"summary_large_image","twitter_misc":{"Dur\u00e9e de lecture estim\u00e9e":"1 minute"},"schema":{"@context":"https:\/\/schema.org","@graph":[{"@type":"WebPage","@id":"https:\/\/a-h-health.ch\/shop\/buteless-h-s-equine-america-5-l\/","url":"https:\/\/a-h-health.ch\/shop\/buteless-h-s-equine-america-5-l\/","name":"Bute\u00adl\u00adess H. S. Equi\u00adne Ame\u00adri\u00adca 5 l \u2013 Ani\u00admal &amp; Human Health AG","isPartOf":{"@id":"https:\/\/a-h-health.ch\/#website"},"primaryImageOfPage":{"@id":"https:\/\/a-h-health.ch\/shop\/buteless-h-s-equine-america-5-l\/#primaryimage"},"image":{"@id":"https:\/\/a-h-health.ch\/shop\/buteless-h-s-equine-america-5-l\/#primaryimage"},"thumbnailUrl":"https:\/\/a-h-health.ch\/wp-content\/uploads\/2023\/02\/Buteless-High-Strength-Solution-5-Liter.jpg","datePublished":"2023-02-25T16:30:04+00:00","dateModified":"2025-07-08T14:41:16+00:00","breadcrumb":{"@id":"https:\/\/a-h-health.ch\/shop\/buteless-h-s-equine-america-5-l\/#breadcrumb"},"inLanguage":"fr-FR","potentialAction":[{"@type":"ReadAction","target":["https:\/\/a-h-health.ch\/shop\/buteless-h-s-equine-america-5-l\/"]}]},{"@type":"ImageObject","inLanguage":"fr-FR","@id":"https:\/\/a-h-health.ch\/shop\/buteless-h-s-equine-america-5-l\/#primaryimage","url":"https:\/\/a-h-health.ch\/wp-content\/uploads\/2023\/02\/Buteless-High-Strength-Solution-5-Liter.jpg","contentUrl":"https:\/\/a-h-health.ch\/wp-content\/uploads\/2023\/02\/Buteless-High-Strength-Solution-5-Liter.jpg","width":780,"height":764},{"@type":"BreadcrumbList","@id":"https:\/\/a-h-health.ch\/shop\/buteless-h-s-equine-america-5-l\/#breadcrumb","itemListElement":[{"@type":"ListItem","position":1,"name":"Startseite","item":"https:\/\/a-h-health.ch\/"},{"@type":"ListItem","position":2,"name":"Shop","item":"https:\/\/a-h-health.ch\/shop\/"},{"@type":"ListItem","position":3,"name":"Buteless H. S. Equine America 5 l"}]},{"@type":"WebSite","@id":"https:\/\/a-h-health.ch\/#website","url":"https:\/\/a-h-health.ch\/","name":"Ani\u00admal and Human Health AG","description":"Nous som\u00admes vos interlo\u00adcu\u00adteurs lorsqu\u2019il s\u2019a\u00adgit de la san\u00adt\u00e9 pro\u00adfes\u00adsi\u00adon\u00adnel\u00adle et du bien-\u00eatre de vot\u00adre animal.","publisher":{"@id":"https:\/\/a-h-health.ch\/#organization"},"alternateName":"a-h-health","potentialAction":[{"@type":"SearchAction","target":{"@type":"EntryPoint","urlTemplate":"https:\/\/a-h-health.ch\/?s={search_term_string}"},"query-input":{"@type":"PropertyValueSpecification","valueRequired":true,"valueName":"search_term_string"}}],"inLanguage":"fr-FR"},{"@type":"Organization","@id":"https:\/\/a-h-health.ch\/#organization","name":"Ani\u00admal &amp; Human Health AG","url":"https:\/\/a-h-health.ch\/","logo":{"@type":"ImageObject","inLanguage":"fr-FR","@id":"https:\/\/a-h-health.ch\/#\/schema\/logo\/image\/","url":"https:\/\/a-h-health.ch\/wp-content\/uploads\/2020\/12\/Logo-animal-health.jpg","contentUrl":"https:\/\/a-h-health.ch\/wp-content\/uploads\/2020\/12\/Logo-animal-health.jpg","width":653,"height":56,"caption":"Animal & Human Health AG"},"image":{"@id":"https:\/\/a-h-health.ch\/#\/schema\/logo\/image\/"}}]}},"_links":{"self":[{"href":"https:\/\/a-h-health.ch\/fr\/wp-json\/wp\/v2\/product\/14871","targetHints":{"allow":["GET"]}}],"collection":[{"href":"https:\/\/a-h-health.ch\/fr\/wp-json\/wp\/v2\/product"}],"about":[{"href":"https:\/\/a-h-health.ch\/fr\/wp-json\/wp\/v2\/types\/product"}],"wp:featuredmedia":[{"embeddable":true,"href":"https:\/\/a-h-health.ch\/fr\/wp-json\/wp\/v2\/media\/14994"}],"wp:attachment":[{"href":"https:\/\/a-h-health.ch\/fr\/wp-json\/wp\/v2\/media?parent=14871"}],"wp:term":[{"taxonomy":"product_brand","embeddable":true,"href":"https:\/\/a-h-health.ch\/fr\/wp-json\/wp\/v2\/product_brand?post=14871"},{"taxonomy":"product_cat","embeddable":true,"href":"https:\/\/a-h-health.ch\/fr\/wp-json\/wp\/v2\/product_cat?post=14871"},{"taxonomy":"product_tag","embeddable":true,"href":"https:\/\/a-h-health.ch\/fr\/wp-json\/wp\/v2\/product_tag?post=14871"}],"curies":[{"name":"wp","href":"https:\/\/api.w.org\/{rel}","templated":true}]}}