{"id":14034,"date":"2022-12-23T11:47:35","date_gmt":"2022-12-23T10:47:35","guid":{"rendered":"https:\/\/a-h-health.ch\/?post_type=product&#038;p=14034"},"modified":"2024-05-06T11:00:12","modified_gmt":"2024-05-06T09:00:12","slug":"farriers-finish-hoof-protection-473ml","status":"publish","type":"product","link":"https:\/\/a-h-health.ch\/fr\/shop\/farriers-finish-hoof-protection-473ml\/","title":{"rendered":"Farrier\u2019s Finish Hoof Pro\u00adtec\u00adtion,&nbsp;473ml"},"content":{"rendered":"<p>Fini\u00adti\u00adon de Far\u00adri\u00ader<sup>\u00ae<\/sup> est un pro\u00adduit de soin liqui\u00adde. L\u2019i\u00adode et l\u2019hui\u00adle d\u2019arb\u00adre \u00e0 th\u00e9 qu\u2019il con\u00adti\u00adent lui con\u00adf\u00e8\u00adrent des pro\u00adpri\u00e9\u00adt\u00e9s uni\u00adques pour pro\u00adt\u00e9\u00adger la paroi du sabot et la sole. Une couche pro\u00adtec\u00adtri\u00adce de r\u00e9si\u00adne for\u00adme une bar\u00adri\u00e8\u00adre cont\u00adre l\u2019hu\u00admi\u00addi\u00adt\u00e9 et peut ain\u00adsi pro\u00adt\u00e9\u00adger les sabots dans un envi\u00adron\u00adne\u00adment humi\u00adde. En cas de s\u00e9cher\u00ades\u00adse, les hui\u00adles natu\u00adrel\u00adles restent dans le sabot et main\u00adti\u00aden\u00adnent ain\u00adsi l\u2019\u00e9\u00adla\u00adsti\u00adci\u00adt\u00e9 des parois du sabot. L\u2019ex\u00adtrait de yuc\u00adca qu\u2019il con\u00adti\u00adent peut r\u00e9dui\u00adre l\u2019ef\u00adfet n\u00e9fa\u00adste des excr\u00e9\u00adments en liant et en neu\u00adtra\u00adli\u00adsant l\u2019am\u00admo\u00adni\u00adum. Farrier\u2019s Finish\u00ae ne con\u00adti\u00adent pas de gou\u00addron ni d\u2019aut\u00adres com\u00adpo\u00adsants d\u2019hui\u00adle min\u00e9\u00adra\u00adle nocifs.<\/p>","protected":false},"excerpt":{"rendered":"<p>Farrier\u2019s Finish\u00ae ist ein fl\u00fcssiges Pflegemittel. Das enthaltene Jod und Teebaum\u00f6l verleihen dem Produkt einzigartige Eigenschaften zum Schutz von Hufwand und Sohle. Eine Schutzschicht aus Harz bildet eine Feuchtigkeitsbarriere und kann so die Hufe in nasser Umgebung sch\u00fctzen. Bei Trockenheit bleiben die nat\u00fcrlichen \u00d6le im Huf und h\u00e4lt so die Hufw\u00e4nde elastisch. Der enthaltene Yuccaextrakt [&hellip;]<\/p>\n","protected":false},"featured_media":14036,"template":"","meta":{"wp_typography_post_enhancements_disabled":false},"product_brand":[],"product_cat":[611,34,562],"product_tag":[574],"class_list":{"0":"post-14034","1":"product","2":"type-product","3":"status-publish","4":"has-post-thumbnail","6":"product_cat-life-data","7":"product_cat-nahrungsergaenzung","8":"product_cat-pferd","9":"product_tag-futter-und-diverse","11":"first","12":"instock","13":"taxable","14":"shipping-taxable","15":"product-type-simple"},"yoast_head":"<!-- This site is optimized with the Yoast SEO plugin v27.4 - https:\/\/yoast.com\/product\/yoast-seo-wordpress\/ -->\n<title>Farrier&#039;s Finish Hoof Protection, 473ml - Animal &amp; Human Health AG<\/title>\n<meta name=\"robots\" content=\"index, follow, max-snippet:-1, max-image-preview:large, max-video-preview:-1\" \/>\n<link rel=\"canonical\" href=\"https:\/\/a-h-health.ch\/fr\/shop\/farriers-finish-hoof-protection-473ml\/\" \/>\n<meta property=\"og:locale\" content=\"fr_FR\" \/>\n<meta property=\"og:type\" content=\"article\" \/>\n<meta property=\"og:title\" content=\"Farrier&#039;s Finish Hoof Protection, 473ml - Animal &amp; Human Health AG\" \/>\n<meta property=\"og:description\" content=\"Farrier\u2019s Finish\u00ae ist ein fl\u00fcssiges Pflegemittel. Das enthaltene Jod und Teebaum\u00f6l verleihen dem Produkt einzigartige Eigenschaften zum Schutz von Hufwand und Sohle. Eine Schutzschicht aus Harz bildet eine Feuchtigkeitsbarriere und kann so die Hufe in nasser Umgebung sch\u00fctzen. Bei Trockenheit bleiben die nat\u00fcrlichen \u00d6le im Huf und h\u00e4lt so die Hufw\u00e4nde elastisch. Der enthaltene Yuccaextrakt [&hellip;]\" \/>\n<meta property=\"og:url\" content=\"https:\/\/a-h-health.ch\/fr\/shop\/farriers-finish-hoof-protection-473ml\/\" \/>\n<meta property=\"og:site_name\" content=\"Animal &amp; Human Health AG\" \/>\n<meta property=\"article:modified_time\" content=\"2024-05-06T09:00:12+00:00\" \/>\n<meta property=\"og:image\" content=\"https:\/\/a-h-health.ch\/wp-content\/uploads\/2022\/12\/FarriersFinish_web.jpg\" \/>\n\t<meta property=\"og:image:width\" content=\"300\" \/>\n\t<meta property=\"og:image:height\" content=\"311\" \/>\n\t<meta property=\"og:image:type\" content=\"image\/jpeg\" \/>\n<meta name=\"twitter:card\" content=\"summary_large_image\" \/>\n<meta name=\"twitter:label1\" content=\"Dur\u00e9e de lecture estim\u00e9e\" \/>\n\t<meta name=\"twitter:data1\" content=\"1 minute\" \/>\n<script type=\"application\/ld+json\" class=\"yoast-schema-graph\">{\"@context\":\"https:\\\/\\\/schema.org\",\"@graph\":[{\"@type\":\"WebPage\",\"@id\":\"https:\\\/\\\/a-h-health.ch\\\/shop\\\/farriers-finish-hoof-protection-473ml\\\/\",\"url\":\"https:\\\/\\\/a-h-health.ch\\\/shop\\\/farriers-finish-hoof-protection-473ml\\\/\",\"name\":\"Farrier's Finish Hoof Protection, 473ml - Animal &amp; Human Health AG\",\"isPartOf\":{\"@id\":\"https:\\\/\\\/a-h-health.ch\\\/#website\"},\"primaryImageOfPage\":{\"@id\":\"https:\\\/\\\/a-h-health.ch\\\/shop\\\/farriers-finish-hoof-protection-473ml\\\/#primaryimage\"},\"image\":{\"@id\":\"https:\\\/\\\/a-h-health.ch\\\/shop\\\/farriers-finish-hoof-protection-473ml\\\/#primaryimage\"},\"thumbnailUrl\":\"https:\\\/\\\/a-h-health.ch\\\/wp-content\\\/uploads\\\/2022\\\/12\\\/FarriersFinish_web.jpg\",\"datePublished\":\"2022-12-23T10:47:35+00:00\",\"dateModified\":\"2024-05-06T09:00:12+00:00\",\"breadcrumb\":{\"@id\":\"https:\\\/\\\/a-h-health.ch\\\/shop\\\/farriers-finish-hoof-protection-473ml\\\/#breadcrumb\"},\"inLanguage\":\"fr-FR\",\"potentialAction\":[{\"@type\":\"ReadAction\",\"target\":[\"https:\\\/\\\/a-h-health.ch\\\/shop\\\/farriers-finish-hoof-protection-473ml\\\/\"]}]},{\"@type\":\"ImageObject\",\"inLanguage\":\"fr-FR\",\"@id\":\"https:\\\/\\\/a-h-health.ch\\\/shop\\\/farriers-finish-hoof-protection-473ml\\\/#primaryimage\",\"url\":\"https:\\\/\\\/a-h-health.ch\\\/wp-content\\\/uploads\\\/2022\\\/12\\\/FarriersFinish_web.jpg\",\"contentUrl\":\"https:\\\/\\\/a-h-health.ch\\\/wp-content\\\/uploads\\\/2022\\\/12\\\/FarriersFinish_web.jpg\",\"width\":300,\"height\":311},{\"@type\":\"BreadcrumbList\",\"@id\":\"https:\\\/\\\/a-h-health.ch\\\/shop\\\/farriers-finish-hoof-protection-473ml\\\/#breadcrumb\",\"itemListElement\":[{\"@type\":\"ListItem\",\"position\":1,\"name\":\"Startseite\",\"item\":\"https:\\\/\\\/a-h-health.ch\\\/\"},{\"@type\":\"ListItem\",\"position\":2,\"name\":\"Shop\",\"item\":\"https:\\\/\\\/a-h-health.ch\\\/shop\\\/\"},{\"@type\":\"ListItem\",\"position\":3,\"name\":\"Farrier&#8217;s Finish Hoof Protection, 473ml\"}]},{\"@type\":\"WebSite\",\"@id\":\"https:\\\/\\\/a-h-health.ch\\\/#website\",\"url\":\"https:\\\/\\\/a-h-health.ch\\\/\",\"name\":\"Animal and Human Health AG\",\"description\":\"Wir sind Ihre Ansprechpartner, wenn es um die professionelle Gesundheit und das Wohl ihres Tieres geht.\",\"publisher\":{\"@id\":\"https:\\\/\\\/a-h-health.ch\\\/#organization\"},\"alternateName\":\"a-h-health\",\"potentialAction\":[{\"@type\":\"SearchAction\",\"target\":{\"@type\":\"EntryPoint\",\"urlTemplate\":\"https:\\\/\\\/a-h-health.ch\\\/?s={search_term_string}\"},\"query-input\":{\"@type\":\"PropertyValueSpecification\",\"valueRequired\":true,\"valueName\":\"search_term_string\"}}],\"inLanguage\":\"fr-FR\"},{\"@type\":\"Organization\",\"@id\":\"https:\\\/\\\/a-h-health.ch\\\/#organization\",\"name\":\"Animal & Human Health AG\",\"url\":\"https:\\\/\\\/a-h-health.ch\\\/\",\"logo\":{\"@type\":\"ImageObject\",\"inLanguage\":\"fr-FR\",\"@id\":\"https:\\\/\\\/a-h-health.ch\\\/#\\\/schema\\\/logo\\\/image\\\/\",\"url\":\"https:\\\/\\\/a-h-health.ch\\\/wp-content\\\/uploads\\\/2020\\\/12\\\/Logo-animal-health.jpg\",\"contentUrl\":\"https:\\\/\\\/a-h-health.ch\\\/wp-content\\\/uploads\\\/2020\\\/12\\\/Logo-animal-health.jpg\",\"width\":653,\"height\":56,\"caption\":\"Animal & Human Health AG\"},\"image\":{\"@id\":\"https:\\\/\\\/a-h-health.ch\\\/#\\\/schema\\\/logo\\\/image\\\/\"}}]}<\/script>\n<!-- \/ Yoast SEO plugin. -->","yoast_head_json":{"title":"Farrier\u2019s Finish Hoof Pro\u00adtec\u00adtion, 473ml \u2013 Ani\u00admal &amp; Human Health AG","robots":{"index":"index","follow":"follow","max-snippet":"max-snippet:-1","max-image-preview":"max-image-preview:large","max-video-preview":"max-video-preview:-1"},"canonical":"https:\/\/a-h-health.ch\/fr\/shop\/farriers-finish-hoof-protection-473ml\/","og_locale":"fr_FR","og_type":"article","og_title":"Farrier's Finish Hoof Protection, 473ml - Animal &amp; Human Health AG","og_description":"Farrier\u2019s Finish\u00ae ist ein fl\u00fcssiges Pflegemittel. Das enthaltene Jod und Teebaum\u00f6l verleihen dem Produkt einzigartige Eigenschaften zum Schutz von Hufwand und Sohle. Eine Schutzschicht aus Harz bildet eine Feuchtigkeitsbarriere und kann so die Hufe in nasser Umgebung sch\u00fctzen. Bei Trockenheit bleiben die nat\u00fcrlichen \u00d6le im Huf und h\u00e4lt so die Hufw\u00e4nde elastisch. Der enthaltene Yuccaextrakt [&hellip;]","og_url":"https:\/\/a-h-health.ch\/fr\/shop\/farriers-finish-hoof-protection-473ml\/","og_site_name":"Animal &amp; Human Health AG","article_modified_time":"2024-05-06T09:00:12+00:00","og_image":[{"width":300,"height":311,"url":"https:\/\/a-h-health.ch\/wp-content\/uploads\/2022\/12\/FarriersFinish_web.jpg","type":"image\/jpeg"}],"twitter_card":"summary_large_image","twitter_misc":{"Dur\u00e9e de lecture estim\u00e9e":"1 minute"},"schema":{"@context":"https:\/\/schema.org","@graph":[{"@type":"WebPage","@id":"https:\/\/a-h-health.ch\/shop\/farriers-finish-hoof-protection-473ml\/","url":"https:\/\/a-h-health.ch\/shop\/farriers-finish-hoof-protection-473ml\/","name":"Farrier\u2019s Finish Hoof Pro\u00adtec\u00adtion, 473ml \u2013 Ani\u00admal &amp; Human Health AG","isPartOf":{"@id":"https:\/\/a-h-health.ch\/#website"},"primaryImageOfPage":{"@id":"https:\/\/a-h-health.ch\/shop\/farriers-finish-hoof-protection-473ml\/#primaryimage"},"image":{"@id":"https:\/\/a-h-health.ch\/shop\/farriers-finish-hoof-protection-473ml\/#primaryimage"},"thumbnailUrl":"https:\/\/a-h-health.ch\/wp-content\/uploads\/2022\/12\/FarriersFinish_web.jpg","datePublished":"2022-12-23T10:47:35+00:00","dateModified":"2024-05-06T09:00:12+00:00","breadcrumb":{"@id":"https:\/\/a-h-health.ch\/shop\/farriers-finish-hoof-protection-473ml\/#breadcrumb"},"inLanguage":"fr-FR","potentialAction":[{"@type":"ReadAction","target":["https:\/\/a-h-health.ch\/shop\/farriers-finish-hoof-protection-473ml\/"]}]},{"@type":"ImageObject","inLanguage":"fr-FR","@id":"https:\/\/a-h-health.ch\/shop\/farriers-finish-hoof-protection-473ml\/#primaryimage","url":"https:\/\/a-h-health.ch\/wp-content\/uploads\/2022\/12\/FarriersFinish_web.jpg","contentUrl":"https:\/\/a-h-health.ch\/wp-content\/uploads\/2022\/12\/FarriersFinish_web.jpg","width":300,"height":311},{"@type":"BreadcrumbList","@id":"https:\/\/a-h-health.ch\/shop\/farriers-finish-hoof-protection-473ml\/#breadcrumb","itemListElement":[{"@type":"ListItem","position":1,"name":"Startseite","item":"https:\/\/a-h-health.ch\/"},{"@type":"ListItem","position":2,"name":"Shop","item":"https:\/\/a-h-health.ch\/shop\/"},{"@type":"ListItem","position":3,"name":"Farrier&#8217;s Finish Hoof Protection, 473ml"}]},{"@type":"WebSite","@id":"https:\/\/a-h-health.ch\/#website","url":"https:\/\/a-h-health.ch\/","name":"Ani\u00admal and Human Health AG","description":"Nous som\u00admes vos interlo\u00adcu\u00adteurs lorsqu\u2019il s\u2019a\u00adgit de la san\u00adt\u00e9 pro\u00adfes\u00adsi\u00adon\u00adnel\u00adle et du bien-\u00eatre de vot\u00adre animal.","publisher":{"@id":"https:\/\/a-h-health.ch\/#organization"},"alternateName":"a-h-health","potentialAction":[{"@type":"SearchAction","target":{"@type":"EntryPoint","urlTemplate":"https:\/\/a-h-health.ch\/?s={search_term_string}"},"query-input":{"@type":"PropertyValueSpecification","valueRequired":true,"valueName":"search_term_string"}}],"inLanguage":"fr-FR"},{"@type":"Organization","@id":"https:\/\/a-h-health.ch\/#organization","name":"Ani\u00admal &amp; Human Health AG","url":"https:\/\/a-h-health.ch\/","logo":{"@type":"ImageObject","inLanguage":"fr-FR","@id":"https:\/\/a-h-health.ch\/#\/schema\/logo\/image\/","url":"https:\/\/a-h-health.ch\/wp-content\/uploads\/2020\/12\/Logo-animal-health.jpg","contentUrl":"https:\/\/a-h-health.ch\/wp-content\/uploads\/2020\/12\/Logo-animal-health.jpg","width":653,"height":56,"caption":"Animal & Human Health AG"},"image":{"@id":"https:\/\/a-h-health.ch\/#\/schema\/logo\/image\/"}}]}},"_links":{"self":[{"href":"https:\/\/a-h-health.ch\/fr\/wp-json\/wp\/v2\/product\/14034","targetHints":{"allow":["GET"]}}],"collection":[{"href":"https:\/\/a-h-health.ch\/fr\/wp-json\/wp\/v2\/product"}],"about":[{"href":"https:\/\/a-h-health.ch\/fr\/wp-json\/wp\/v2\/types\/product"}],"wp:featuredmedia":[{"embeddable":true,"href":"https:\/\/a-h-health.ch\/fr\/wp-json\/wp\/v2\/media\/14036"}],"wp:attachment":[{"href":"https:\/\/a-h-health.ch\/fr\/wp-json\/wp\/v2\/media?parent=14034"}],"wp:term":[{"taxonomy":"product_brand","embeddable":true,"href":"https:\/\/a-h-health.ch\/fr\/wp-json\/wp\/v2\/product_brand?post=14034"},{"taxonomy":"product_cat","embeddable":true,"href":"https:\/\/a-h-health.ch\/fr\/wp-json\/wp\/v2\/product_cat?post=14034"},{"taxonomy":"product_tag","embeddable":true,"href":"https:\/\/a-h-health.ch\/fr\/wp-json\/wp\/v2\/product_tag?post=14034"}],"curies":[{"name":"wp","href":"https:\/\/api.w.org\/{rel}","templated":true}]}}