{"id":14030,"date":"2022-12-23T11:23:50","date_gmt":"2022-12-23T10:23:50","guid":{"rendered":"https:\/\/a-h-health.ch\/?post_type=product&#038;p=14030"},"modified":"2024-05-06T11:04:53","modified_gmt":"2024-05-06T09:04:53","slug":"hoof-clay-life-data-283g","status":"publish","type":"product","link":"https:\/\/a-h-health.ch\/fr\/shop\/hoof-clay-life-data-283g\/","title":{"rendered":"Hoof Clay, Life Data,&nbsp;283g"},"content":{"rendered":"<p>Life Data\u00ae Hoof Clay est un pro\u00adduit \u00e0 base d\u2019ar\u00adgi\u00adle non cor\u00adro\u00adsif et bien adh\u00e9\u00adrent qui s\u2019ap\u00adpli\u00adqu\u00e9 faci\u00adle\u00adment dans les end\u00adroits d\u00e9fec\u00adtueux des sabots et s\u2019y main\u00adti\u00adent pen\u00addant une p\u00e9ri\u00adode pro\u00adlon\u00adg\u00e9e. L\u2019i\u00adode et l\u2019hui\u00adle d\u2019arb\u00adre \u00e0 th\u00e9 con\u00adf\u00e8\u00adrent au pro\u00adduit des pro\u00adpri\u00e9\u00adt\u00e9s uni\u00adques. Life Data\u00ae Hoof Clay con\u00advi\u00adent aux chevaux fer\u00adr\u00e9s et non fer\u00adr\u00e9s. Une uti\u00adli\u00adsa\u00adti\u00adon r\u00e9gu\u00adli\u00e8\u00adre peut main\u00adte\u00adnir les sabots en bon\u00adne san\u00adt\u00e9 \u00e0 long&nbsp;terme.<\/p>","protected":false},"excerpt":{"rendered":"<p>Life Data\u00ae Hoof Clay ist ein nicht \u00e4tzendes, gut haftendes Lehmprodukt, das sich leicht in Fehlstellen der Hufe einbringen l\u00e4sst und sich l\u00e4ngere Zeit hindurch dort h\u00e4lt. Jod und Teebaum\u00f6l verleihen dem Produkt einzigartige Eigenschaften. Life Data\u00ae Hoof Clay eignet sich fu\u0308r beschlagene und unbeschlagene Pferde. Eine regelm\u00e4\u00dfige Anwendung, kann die Hufe auf Dauer gesund [&hellip;]<\/p>\n","protected":false},"featured_media":14032,"template":"","meta":{"wp_typography_post_enhancements_disabled":false},"product_brand":[],"product_cat":[611,34,562],"product_tag":[574],"class_list":{"0":"post-14030","1":"product","2":"type-product","3":"status-publish","4":"has-post-thumbnail","6":"product_cat-life-data","7":"product_cat-nahrungsergaenzung","8":"product_cat-pferd","9":"product_tag-futter-und-diverse","11":"first","12":"instock","13":"taxable","14":"shipping-taxable","15":"product-type-simple"},"yoast_head":"<!-- This site is optimized with the Yoast SEO plugin v27.4 - https:\/\/yoast.com\/product\/yoast-seo-wordpress\/ -->\n<title>Hoof Clay, Life Data, 283g - Animal &amp; Human Health AG<\/title>\n<meta name=\"robots\" content=\"index, follow, max-snippet:-1, max-image-preview:large, max-video-preview:-1\" \/>\n<link rel=\"canonical\" href=\"https:\/\/a-h-health.ch\/fr\/shop\/hoof-clay-life-data-283g\/\" \/>\n<meta property=\"og:locale\" content=\"fr_FR\" \/>\n<meta property=\"og:type\" content=\"article\" \/>\n<meta property=\"og:title\" content=\"Hoof Clay, Life Data, 283g - Animal &amp; Human Health AG\" \/>\n<meta property=\"og:description\" content=\"Life Data\u00ae Hoof Clay ist ein nicht \u00e4tzendes, gut haftendes Lehmprodukt, das sich leicht in Fehlstellen der Hufe einbringen l\u00e4sst und sich l\u00e4ngere Zeit hindurch dort h\u00e4lt. Jod und Teebaum\u00f6l verleihen dem Produkt einzigartige Eigenschaften. Life Data\u00ae Hoof Clay eignet sich fu\u0308r beschlagene und unbeschlagene Pferde. Eine regelm\u00e4\u00dfige Anwendung, kann die Hufe auf Dauer gesund [&hellip;]\" \/>\n<meta property=\"og:url\" content=\"https:\/\/a-h-health.ch\/fr\/shop\/hoof-clay-life-data-283g\/\" \/>\n<meta property=\"og:site_name\" content=\"Animal &amp; Human Health AG\" \/>\n<meta property=\"article:modified_time\" content=\"2024-05-06T09:04:53+00:00\" \/>\n<meta property=\"og:image\" content=\"https:\/\/a-h-health.ch\/wp-content\/uploads\/2022\/12\/HoofClay_JediUK_AP.jpg\" \/>\n\t<meta property=\"og:image:width\" content=\"300\" \/>\n\t<meta property=\"og:image:height\" content=\"311\" \/>\n\t<meta property=\"og:image:type\" content=\"image\/jpeg\" \/>\n<meta name=\"twitter:card\" content=\"summary_large_image\" \/>\n<meta name=\"twitter:label1\" content=\"Dur\u00e9e de lecture estim\u00e9e\" \/>\n\t<meta name=\"twitter:data1\" content=\"1 minute\" \/>\n<script type=\"application\/ld+json\" class=\"yoast-schema-graph\">{\"@context\":\"https:\\\/\\\/schema.org\",\"@graph\":[{\"@type\":\"WebPage\",\"@id\":\"https:\\\/\\\/a-h-health.ch\\\/shop\\\/hoof-clay-life-data-283g\\\/\",\"url\":\"https:\\\/\\\/a-h-health.ch\\\/shop\\\/hoof-clay-life-data-283g\\\/\",\"name\":\"Hoof Clay, Life Data, 283g - Animal &amp; Human Health AG\",\"isPartOf\":{\"@id\":\"https:\\\/\\\/a-h-health.ch\\\/#website\"},\"primaryImageOfPage\":{\"@id\":\"https:\\\/\\\/a-h-health.ch\\\/shop\\\/hoof-clay-life-data-283g\\\/#primaryimage\"},\"image\":{\"@id\":\"https:\\\/\\\/a-h-health.ch\\\/shop\\\/hoof-clay-life-data-283g\\\/#primaryimage\"},\"thumbnailUrl\":\"https:\\\/\\\/a-h-health.ch\\\/wp-content\\\/uploads\\\/2022\\\/12\\\/HoofClay_JediUK_AP.jpg\",\"datePublished\":\"2022-12-23T10:23:50+00:00\",\"dateModified\":\"2024-05-06T09:04:53+00:00\",\"breadcrumb\":{\"@id\":\"https:\\\/\\\/a-h-health.ch\\\/shop\\\/hoof-clay-life-data-283g\\\/#breadcrumb\"},\"inLanguage\":\"fr-FR\",\"potentialAction\":[{\"@type\":\"ReadAction\",\"target\":[\"https:\\\/\\\/a-h-health.ch\\\/shop\\\/hoof-clay-life-data-283g\\\/\"]}]},{\"@type\":\"ImageObject\",\"inLanguage\":\"fr-FR\",\"@id\":\"https:\\\/\\\/a-h-health.ch\\\/shop\\\/hoof-clay-life-data-283g\\\/#primaryimage\",\"url\":\"https:\\\/\\\/a-h-health.ch\\\/wp-content\\\/uploads\\\/2022\\\/12\\\/HoofClay_JediUK_AP.jpg\",\"contentUrl\":\"https:\\\/\\\/a-h-health.ch\\\/wp-content\\\/uploads\\\/2022\\\/12\\\/HoofClay_JediUK_AP.jpg\",\"width\":300,\"height\":311},{\"@type\":\"BreadcrumbList\",\"@id\":\"https:\\\/\\\/a-h-health.ch\\\/shop\\\/hoof-clay-life-data-283g\\\/#breadcrumb\",\"itemListElement\":[{\"@type\":\"ListItem\",\"position\":1,\"name\":\"Startseite\",\"item\":\"https:\\\/\\\/a-h-health.ch\\\/\"},{\"@type\":\"ListItem\",\"position\":2,\"name\":\"Shop\",\"item\":\"https:\\\/\\\/a-h-health.ch\\\/shop\\\/\"},{\"@type\":\"ListItem\",\"position\":3,\"name\":\"Hoof Clay, Life Data, 283g\"}]},{\"@type\":\"WebSite\",\"@id\":\"https:\\\/\\\/a-h-health.ch\\\/#website\",\"url\":\"https:\\\/\\\/a-h-health.ch\\\/\",\"name\":\"Animal and Human Health AG\",\"description\":\"Wir sind Ihre Ansprechpartner, wenn es um die professionelle Gesundheit und das Wohl ihres Tieres geht.\",\"publisher\":{\"@id\":\"https:\\\/\\\/a-h-health.ch\\\/#organization\"},\"alternateName\":\"a-h-health\",\"potentialAction\":[{\"@type\":\"SearchAction\",\"target\":{\"@type\":\"EntryPoint\",\"urlTemplate\":\"https:\\\/\\\/a-h-health.ch\\\/?s={search_term_string}\"},\"query-input\":{\"@type\":\"PropertyValueSpecification\",\"valueRequired\":true,\"valueName\":\"search_term_string\"}}],\"inLanguage\":\"fr-FR\"},{\"@type\":\"Organization\",\"@id\":\"https:\\\/\\\/a-h-health.ch\\\/#organization\",\"name\":\"Animal & Human Health AG\",\"url\":\"https:\\\/\\\/a-h-health.ch\\\/\",\"logo\":{\"@type\":\"ImageObject\",\"inLanguage\":\"fr-FR\",\"@id\":\"https:\\\/\\\/a-h-health.ch\\\/#\\\/schema\\\/logo\\\/image\\\/\",\"url\":\"https:\\\/\\\/a-h-health.ch\\\/wp-content\\\/uploads\\\/2020\\\/12\\\/Logo-animal-health.jpg\",\"contentUrl\":\"https:\\\/\\\/a-h-health.ch\\\/wp-content\\\/uploads\\\/2020\\\/12\\\/Logo-animal-health.jpg\",\"width\":653,\"height\":56,\"caption\":\"Animal & Human Health AG\"},\"image\":{\"@id\":\"https:\\\/\\\/a-h-health.ch\\\/#\\\/schema\\\/logo\\\/image\\\/\"}}]}<\/script>\n<!-- \/ Yoast SEO plugin. -->","yoast_head_json":{"title":"Hoof Clay, Life Data, 283g \u2013 Ani\u00admal &amp; Human Health AG","robots":{"index":"index","follow":"follow","max-snippet":"max-snippet:-1","max-image-preview":"max-image-preview:large","max-video-preview":"max-video-preview:-1"},"canonical":"https:\/\/a-h-health.ch\/fr\/shop\/hoof-clay-life-data-283g\/","og_locale":"fr_FR","og_type":"article","og_title":"Hoof Clay, Life Data, 283g - Animal &amp; Human Health AG","og_description":"Life Data\u00ae Hoof Clay ist ein nicht \u00e4tzendes, gut haftendes Lehmprodukt, das sich leicht in Fehlstellen der Hufe einbringen l\u00e4sst und sich l\u00e4ngere Zeit hindurch dort h\u00e4lt. Jod und Teebaum\u00f6l verleihen dem Produkt einzigartige Eigenschaften. Life Data\u00ae Hoof Clay eignet sich fu\u0308r beschlagene und unbeschlagene Pferde. Eine regelm\u00e4\u00dfige Anwendung, kann die Hufe auf Dauer gesund [&hellip;]","og_url":"https:\/\/a-h-health.ch\/fr\/shop\/hoof-clay-life-data-283g\/","og_site_name":"Animal &amp; Human Health AG","article_modified_time":"2024-05-06T09:04:53+00:00","og_image":[{"width":300,"height":311,"url":"https:\/\/a-h-health.ch\/wp-content\/uploads\/2022\/12\/HoofClay_JediUK_AP.jpg","type":"image\/jpeg"}],"twitter_card":"summary_large_image","twitter_misc":{"Dur\u00e9e de lecture estim\u00e9e":"1 minute"},"schema":{"@context":"https:\/\/schema.org","@graph":[{"@type":"WebPage","@id":"https:\/\/a-h-health.ch\/shop\/hoof-clay-life-data-283g\/","url":"https:\/\/a-h-health.ch\/shop\/hoof-clay-life-data-283g\/","name":"Hoof Clay, Life Data, 283g \u2013 Ani\u00admal &amp; Human Health AG","isPartOf":{"@id":"https:\/\/a-h-health.ch\/#website"},"primaryImageOfPage":{"@id":"https:\/\/a-h-health.ch\/shop\/hoof-clay-life-data-283g\/#primaryimage"},"image":{"@id":"https:\/\/a-h-health.ch\/shop\/hoof-clay-life-data-283g\/#primaryimage"},"thumbnailUrl":"https:\/\/a-h-health.ch\/wp-content\/uploads\/2022\/12\/HoofClay_JediUK_AP.jpg","datePublished":"2022-12-23T10:23:50+00:00","dateModified":"2024-05-06T09:04:53+00:00","breadcrumb":{"@id":"https:\/\/a-h-health.ch\/shop\/hoof-clay-life-data-283g\/#breadcrumb"},"inLanguage":"fr-FR","potentialAction":[{"@type":"ReadAction","target":["https:\/\/a-h-health.ch\/shop\/hoof-clay-life-data-283g\/"]}]},{"@type":"ImageObject","inLanguage":"fr-FR","@id":"https:\/\/a-h-health.ch\/shop\/hoof-clay-life-data-283g\/#primaryimage","url":"https:\/\/a-h-health.ch\/wp-content\/uploads\/2022\/12\/HoofClay_JediUK_AP.jpg","contentUrl":"https:\/\/a-h-health.ch\/wp-content\/uploads\/2022\/12\/HoofClay_JediUK_AP.jpg","width":300,"height":311},{"@type":"BreadcrumbList","@id":"https:\/\/a-h-health.ch\/shop\/hoof-clay-life-data-283g\/#breadcrumb","itemListElement":[{"@type":"ListItem","position":1,"name":"Startseite","item":"https:\/\/a-h-health.ch\/"},{"@type":"ListItem","position":2,"name":"Shop","item":"https:\/\/a-h-health.ch\/shop\/"},{"@type":"ListItem","position":3,"name":"Hoof Clay, Life Data, 283g"}]},{"@type":"WebSite","@id":"https:\/\/a-h-health.ch\/#website","url":"https:\/\/a-h-health.ch\/","name":"Ani\u00admal and Human Health AG","description":"Nous som\u00admes vos interlo\u00adcu\u00adteurs lorsqu\u2019il s\u2019a\u00adgit de la san\u00adt\u00e9 pro\u00adfes\u00adsi\u00adon\u00adnel\u00adle et du bien-\u00eatre de vot\u00adre animal.","publisher":{"@id":"https:\/\/a-h-health.ch\/#organization"},"alternateName":"a-h-health","potentialAction":[{"@type":"SearchAction","target":{"@type":"EntryPoint","urlTemplate":"https:\/\/a-h-health.ch\/?s={search_term_string}"},"query-input":{"@type":"PropertyValueSpecification","valueRequired":true,"valueName":"search_term_string"}}],"inLanguage":"fr-FR"},{"@type":"Organization","@id":"https:\/\/a-h-health.ch\/#organization","name":"Ani\u00admal &amp; Human Health AG","url":"https:\/\/a-h-health.ch\/","logo":{"@type":"ImageObject","inLanguage":"fr-FR","@id":"https:\/\/a-h-health.ch\/#\/schema\/logo\/image\/","url":"https:\/\/a-h-health.ch\/wp-content\/uploads\/2020\/12\/Logo-animal-health.jpg","contentUrl":"https:\/\/a-h-health.ch\/wp-content\/uploads\/2020\/12\/Logo-animal-health.jpg","width":653,"height":56,"caption":"Animal & Human Health AG"},"image":{"@id":"https:\/\/a-h-health.ch\/#\/schema\/logo\/image\/"}}]}},"_links":{"self":[{"href":"https:\/\/a-h-health.ch\/fr\/wp-json\/wp\/v2\/product\/14030","targetHints":{"allow":["GET"]}}],"collection":[{"href":"https:\/\/a-h-health.ch\/fr\/wp-json\/wp\/v2\/product"}],"about":[{"href":"https:\/\/a-h-health.ch\/fr\/wp-json\/wp\/v2\/types\/product"}],"wp:featuredmedia":[{"embeddable":true,"href":"https:\/\/a-h-health.ch\/fr\/wp-json\/wp\/v2\/media\/14032"}],"wp:attachment":[{"href":"https:\/\/a-h-health.ch\/fr\/wp-json\/wp\/v2\/media?parent=14030"}],"wp:term":[{"taxonomy":"product_brand","embeddable":true,"href":"https:\/\/a-h-health.ch\/fr\/wp-json\/wp\/v2\/product_brand?post=14030"},{"taxonomy":"product_cat","embeddable":true,"href":"https:\/\/a-h-health.ch\/fr\/wp-json\/wp\/v2\/product_cat?post=14030"},{"taxonomy":"product_tag","embeddable":true,"href":"https:\/\/a-h-health.ch\/fr\/wp-json\/wp\/v2\/product_tag?post=14030"}],"curies":[{"name":"wp","href":"https:\/\/api.w.org\/{rel}","templated":true}]}}