{"id":14022,"date":"2022-12-23T11:19:38","date_gmt":"2022-12-23T10:19:38","guid":{"rendered":"https:\/\/a-h-health.ch\/?post_type=product&#038;p=14022"},"modified":"2024-05-06T11:02:39","modified_gmt":"2024-05-06T09:02:39","slug":"farriers-formula-bag-double-concentrate-5-kg","status":"publish","type":"product","link":"https:\/\/a-h-health.ch\/fr\/shop\/farriers-formula-bag-double-concentrate-5-kg\/","title":{"rendered":"Farrier\u2019s For\u00admu\u00adla Bag, Dou\u00adble Con\u00adcen\u00adtr\u00e9, 5&nbsp;kg"},"content":{"rendered":"<p>For\u00admu\u00adle de Far\u00adri\u00ader<sup>\u00ae<\/sup> <em>Dou\u00adble con\u00adcen\u00adtr\u00e9<\/em> est un com\u00adpl\u00e9\u00adment ali\u00admen\u00adtai\u00adre en gra\u00adnul\u00e9s pour les sabots et la peau sous for\u00adme con\u00adcen\u00adtr\u00e9e. Il con\u00adti\u00adent des micro\u00adnu\u00adtri\u00adments tels que des phos\u00adpho\u00adli\u00adpi\u00addes, des aci\u00addes gras om\u00e9\u00adga, des vit\u00adami\u00adnes, des min\u00e9\u00adraux et des com\u00adpo\u00adsants d\u2019a\u00adci\u00addes ami\u00adn\u00e9s essen\u00adtiels. Farrier\u2019s For\u00admu\u00adla<sup>\u00ae<\/sup> four\u00adnit en quan\u00adti\u00adt\u00e9 et en com\u00adpo\u00adsi\u00adti\u00adon cor\u00adrec\u00adtes les \u00e9l\u00e9\u00adments struc\u00adtu\u00adrels n\u00e9ces\u00adsaires \u00e0 un tis\u00adsu con\u00adjonc\u00adtif soli\u00adde de la cap\u00adsu\u00adle du sabot. Elle peut avoir un effet posi\u00adtif sur une crois\u00adsance soli\u00adde de la paroi du sabot, de la sole, des ray\u00adons et des talons. En outr\u00e9, Farrier\u2019s For\u00admu\u00adla peut<sup>\u00ae<\/sup> assurer un pela\u00adge bril\u00adlant et bien colo\u00adr\u00e9, ain\u00adsi que des arti\u00adcu\u00adla\u00adti\u00adons et des ten\u00addons solides.<\/p>","protected":false},"excerpt":{"rendered":"<p>Farrier\u2019s Formula\u00ae Double Concentrate ist ein pelletierter Futterzusatz f\u00fcr Hufe und Haut in konzentrierter Form. Es enth\u00e4lt Mikron\u00e4hrstoffe wie Phospholipide, Omega-Fetts\u00e4uren, Vitamine, Mineralien und essentielle Aminos\u00e4ure-Bausteine. Farrier\u2019s Formula\u00ae liefert in richtiger Menge und Zusammensetzung die Strukturbestandteile, die f\u00fcr ein starkes Bindegewebe der Hufkapsel ben\u00f6tigt werden. Es kann sich postiv auf ein solides Wachstum von Hufwand, [&hellip;]<\/p>\n","protected":false},"featured_media":14024,"template":"","meta":{"wp_typography_post_enhancements_disabled":false},"product_brand":[],"product_cat":[611,34,562],"product_tag":[574],"class_list":{"0":"post-14022","1":"product","2":"type-product","3":"status-publish","4":"has-post-thumbnail","6":"product_cat-life-data","7":"product_cat-nahrungsergaenzung","8":"product_cat-pferd","9":"product_tag-futter-und-diverse","11":"first","12":"instock","13":"taxable","14":"shipping-taxable","15":"product-type-simple"},"yoast_head":"<!-- This site is optimized with the Yoast SEO plugin v27.4 - https:\/\/yoast.com\/product\/yoast-seo-wordpress\/ -->\n<title>Farrier&#039;s Formula Bag, Double Concentrate, 5 kg - Animal &amp; Human Health AG<\/title>\n<meta name=\"robots\" content=\"index, follow, max-snippet:-1, max-image-preview:large, max-video-preview:-1\" \/>\n<link rel=\"canonical\" href=\"https:\/\/a-h-health.ch\/fr\/shop\/farriers-formula-bag-double-concentrate-5-kg\/\" \/>\n<meta property=\"og:locale\" content=\"fr_FR\" \/>\n<meta property=\"og:type\" content=\"article\" \/>\n<meta property=\"og:title\" content=\"Farrier&#039;s Formula Bag, Double Concentrate, 5 kg - Animal &amp; Human Health AG\" \/>\n<meta property=\"og:description\" content=\"Farrier\u2019s Formula\u00ae Double Concentrate ist ein pelletierter Futterzusatz f\u00fcr Hufe und Haut in konzentrierter Form. Es enth\u00e4lt Mikron\u00e4hrstoffe wie Phospholipide, Omega-Fetts\u00e4uren, Vitamine, Mineralien und essentielle Aminos\u00e4ure-Bausteine. Farrier\u2019s Formula\u00ae liefert in richtiger Menge und Zusammensetzung die Strukturbestandteile, die f\u00fcr ein starkes Bindegewebe der Hufkapsel ben\u00f6tigt werden. Es kann sich postiv auf ein solides Wachstum von Hufwand, [&hellip;]\" \/>\n<meta property=\"og:url\" content=\"https:\/\/a-h-health.ch\/fr\/shop\/farriers-formula-bag-double-concentrate-5-kg\/\" \/>\n<meta property=\"og:site_name\" content=\"Animal &amp; Human Health AG\" \/>\n<meta property=\"article:modified_time\" content=\"2024-05-06T09:02:39+00:00\" \/>\n<meta property=\"og:image\" content=\"https:\/\/a-h-health.ch\/wp-content\/uploads\/2022\/12\/Farriers-Formula.jpg\" \/>\n\t<meta property=\"og:image:width\" content=\"300\" \/>\n\t<meta property=\"og:image:height\" content=\"311\" \/>\n\t<meta property=\"og:image:type\" content=\"image\/jpeg\" \/>\n<meta name=\"twitter:card\" content=\"summary_large_image\" \/>\n<meta name=\"twitter:label1\" content=\"Dur\u00e9e de lecture estim\u00e9e\" \/>\n\t<meta name=\"twitter:data1\" content=\"1 minute\" \/>\n<script type=\"application\/ld+json\" class=\"yoast-schema-graph\">{\"@context\":\"https:\\\/\\\/schema.org\",\"@graph\":[{\"@type\":\"WebPage\",\"@id\":\"https:\\\/\\\/a-h-health.ch\\\/shop\\\/farriers-formula-bag-double-concentrate-5-kg\\\/\",\"url\":\"https:\\\/\\\/a-h-health.ch\\\/shop\\\/farriers-formula-bag-double-concentrate-5-kg\\\/\",\"name\":\"Farrier's Formula Bag, Double Concentrate, 5 kg - Animal &amp; Human Health AG\",\"isPartOf\":{\"@id\":\"https:\\\/\\\/a-h-health.ch\\\/#website\"},\"primaryImageOfPage\":{\"@id\":\"https:\\\/\\\/a-h-health.ch\\\/shop\\\/farriers-formula-bag-double-concentrate-5-kg\\\/#primaryimage\"},\"image\":{\"@id\":\"https:\\\/\\\/a-h-health.ch\\\/shop\\\/farriers-formula-bag-double-concentrate-5-kg\\\/#primaryimage\"},\"thumbnailUrl\":\"https:\\\/\\\/a-h-health.ch\\\/wp-content\\\/uploads\\\/2022\\\/12\\\/Farriers-Formula.jpg\",\"datePublished\":\"2022-12-23T10:19:38+00:00\",\"dateModified\":\"2024-05-06T09:02:39+00:00\",\"breadcrumb\":{\"@id\":\"https:\\\/\\\/a-h-health.ch\\\/shop\\\/farriers-formula-bag-double-concentrate-5-kg\\\/#breadcrumb\"},\"inLanguage\":\"fr-FR\",\"potentialAction\":[{\"@type\":\"ReadAction\",\"target\":[\"https:\\\/\\\/a-h-health.ch\\\/shop\\\/farriers-formula-bag-double-concentrate-5-kg\\\/\"]}]},{\"@type\":\"ImageObject\",\"inLanguage\":\"fr-FR\",\"@id\":\"https:\\\/\\\/a-h-health.ch\\\/shop\\\/farriers-formula-bag-double-concentrate-5-kg\\\/#primaryimage\",\"url\":\"https:\\\/\\\/a-h-health.ch\\\/wp-content\\\/uploads\\\/2022\\\/12\\\/Farriers-Formula.jpg\",\"contentUrl\":\"https:\\\/\\\/a-h-health.ch\\\/wp-content\\\/uploads\\\/2022\\\/12\\\/Farriers-Formula.jpg\",\"width\":300,\"height\":311},{\"@type\":\"BreadcrumbList\",\"@id\":\"https:\\\/\\\/a-h-health.ch\\\/shop\\\/farriers-formula-bag-double-concentrate-5-kg\\\/#breadcrumb\",\"itemListElement\":[{\"@type\":\"ListItem\",\"position\":1,\"name\":\"Startseite\",\"item\":\"https:\\\/\\\/a-h-health.ch\\\/\"},{\"@type\":\"ListItem\",\"position\":2,\"name\":\"Shop\",\"item\":\"https:\\\/\\\/a-h-health.ch\\\/shop\\\/\"},{\"@type\":\"ListItem\",\"position\":3,\"name\":\"Farrier&#8217;s Formula Bag, Double Concentrate, 5 kg\"}]},{\"@type\":\"WebSite\",\"@id\":\"https:\\\/\\\/a-h-health.ch\\\/#website\",\"url\":\"https:\\\/\\\/a-h-health.ch\\\/\",\"name\":\"Animal and Human Health AG\",\"description\":\"Wir sind Ihre Ansprechpartner, wenn es um die professionelle Gesundheit und das Wohl ihres Tieres geht.\",\"publisher\":{\"@id\":\"https:\\\/\\\/a-h-health.ch\\\/#organization\"},\"alternateName\":\"a-h-health\",\"potentialAction\":[{\"@type\":\"SearchAction\",\"target\":{\"@type\":\"EntryPoint\",\"urlTemplate\":\"https:\\\/\\\/a-h-health.ch\\\/?s={search_term_string}\"},\"query-input\":{\"@type\":\"PropertyValueSpecification\",\"valueRequired\":true,\"valueName\":\"search_term_string\"}}],\"inLanguage\":\"fr-FR\"},{\"@type\":\"Organization\",\"@id\":\"https:\\\/\\\/a-h-health.ch\\\/#organization\",\"name\":\"Animal & Human Health AG\",\"url\":\"https:\\\/\\\/a-h-health.ch\\\/\",\"logo\":{\"@type\":\"ImageObject\",\"inLanguage\":\"fr-FR\",\"@id\":\"https:\\\/\\\/a-h-health.ch\\\/#\\\/schema\\\/logo\\\/image\\\/\",\"url\":\"https:\\\/\\\/a-h-health.ch\\\/wp-content\\\/uploads\\\/2020\\\/12\\\/Logo-animal-health.jpg\",\"contentUrl\":\"https:\\\/\\\/a-h-health.ch\\\/wp-content\\\/uploads\\\/2020\\\/12\\\/Logo-animal-health.jpg\",\"width\":653,\"height\":56,\"caption\":\"Animal & Human Health AG\"},\"image\":{\"@id\":\"https:\\\/\\\/a-h-health.ch\\\/#\\\/schema\\\/logo\\\/image\\\/\"}}]}<\/script>\n<!-- \/ Yoast SEO plugin. -->","yoast_head_json":{"title":"Farrier\u2019s For\u00admu\u00adla Bag, Dou\u00adble Con\u00adcen\u00adtra\u00adte, 5 kg \u2013 Ani\u00admal &amp; Human Health AG","robots":{"index":"index","follow":"follow","max-snippet":"max-snippet:-1","max-image-preview":"max-image-preview:large","max-video-preview":"max-video-preview:-1"},"canonical":"https:\/\/a-h-health.ch\/fr\/shop\/farriers-formula-bag-double-concentrate-5-kg\/","og_locale":"fr_FR","og_type":"article","og_title":"Farrier's Formula Bag, Double Concentrate, 5 kg - Animal &amp; Human Health AG","og_description":"Farrier\u2019s Formula\u00ae Double Concentrate ist ein pelletierter Futterzusatz f\u00fcr Hufe und Haut in konzentrierter Form. Es enth\u00e4lt Mikron\u00e4hrstoffe wie Phospholipide, Omega-Fetts\u00e4uren, Vitamine, Mineralien und essentielle Aminos\u00e4ure-Bausteine. Farrier\u2019s Formula\u00ae liefert in richtiger Menge und Zusammensetzung die Strukturbestandteile, die f\u00fcr ein starkes Bindegewebe der Hufkapsel ben\u00f6tigt werden. Es kann sich postiv auf ein solides Wachstum von Hufwand, [&hellip;]","og_url":"https:\/\/a-h-health.ch\/fr\/shop\/farriers-formula-bag-double-concentrate-5-kg\/","og_site_name":"Animal &amp; Human Health AG","article_modified_time":"2024-05-06T09:02:39+00:00","og_image":[{"width":300,"height":311,"url":"https:\/\/a-h-health.ch\/wp-content\/uploads\/2022\/12\/Farriers-Formula.jpg","type":"image\/jpeg"}],"twitter_card":"summary_large_image","twitter_misc":{"Dur\u00e9e de lecture estim\u00e9e":"1 minute"},"schema":{"@context":"https:\/\/schema.org","@graph":[{"@type":"WebPage","@id":"https:\/\/a-h-health.ch\/shop\/farriers-formula-bag-double-concentrate-5-kg\/","url":"https:\/\/a-h-health.ch\/shop\/farriers-formula-bag-double-concentrate-5-kg\/","name":"Farrier\u2019s For\u00admu\u00adla Bag, Dou\u00adble Con\u00adcen\u00adtra\u00adte, 5 kg \u2013 Ani\u00admal &amp; Human Health AG","isPartOf":{"@id":"https:\/\/a-h-health.ch\/#website"},"primaryImageOfPage":{"@id":"https:\/\/a-h-health.ch\/shop\/farriers-formula-bag-double-concentrate-5-kg\/#primaryimage"},"image":{"@id":"https:\/\/a-h-health.ch\/shop\/farriers-formula-bag-double-concentrate-5-kg\/#primaryimage"},"thumbnailUrl":"https:\/\/a-h-health.ch\/wp-content\/uploads\/2022\/12\/Farriers-Formula.jpg","datePublished":"2022-12-23T10:19:38+00:00","dateModified":"2024-05-06T09:02:39+00:00","breadcrumb":{"@id":"https:\/\/a-h-health.ch\/shop\/farriers-formula-bag-double-concentrate-5-kg\/#breadcrumb"},"inLanguage":"fr-FR","potentialAction":[{"@type":"ReadAction","target":["https:\/\/a-h-health.ch\/shop\/farriers-formula-bag-double-concentrate-5-kg\/"]}]},{"@type":"ImageObject","inLanguage":"fr-FR","@id":"https:\/\/a-h-health.ch\/shop\/farriers-formula-bag-double-concentrate-5-kg\/#primaryimage","url":"https:\/\/a-h-health.ch\/wp-content\/uploads\/2022\/12\/Farriers-Formula.jpg","contentUrl":"https:\/\/a-h-health.ch\/wp-content\/uploads\/2022\/12\/Farriers-Formula.jpg","width":300,"height":311},{"@type":"BreadcrumbList","@id":"https:\/\/a-h-health.ch\/shop\/farriers-formula-bag-double-concentrate-5-kg\/#breadcrumb","itemListElement":[{"@type":"ListItem","position":1,"name":"Startseite","item":"https:\/\/a-h-health.ch\/"},{"@type":"ListItem","position":2,"name":"Shop","item":"https:\/\/a-h-health.ch\/shop\/"},{"@type":"ListItem","position":3,"name":"Farrier&#8217;s Formula Bag, Double Concentrate, 5 kg"}]},{"@type":"WebSite","@id":"https:\/\/a-h-health.ch\/#website","url":"https:\/\/a-h-health.ch\/","name":"Ani\u00admal and Human Health AG","description":"Nous som\u00admes vos interlo\u00adcu\u00adteurs lorsqu\u2019il s\u2019a\u00adgit de la san\u00adt\u00e9 pro\u00adfes\u00adsi\u00adon\u00adnel\u00adle et du bien-\u00eatre de vot\u00adre animal.","publisher":{"@id":"https:\/\/a-h-health.ch\/#organization"},"alternateName":"a-h-health","potentialAction":[{"@type":"SearchAction","target":{"@type":"EntryPoint","urlTemplate":"https:\/\/a-h-health.ch\/?s={search_term_string}"},"query-input":{"@type":"PropertyValueSpecification","valueRequired":true,"valueName":"search_term_string"}}],"inLanguage":"fr-FR"},{"@type":"Organization","@id":"https:\/\/a-h-health.ch\/#organization","name":"Ani\u00admal &amp; Human Health AG","url":"https:\/\/a-h-health.ch\/","logo":{"@type":"ImageObject","inLanguage":"fr-FR","@id":"https:\/\/a-h-health.ch\/#\/schema\/logo\/image\/","url":"https:\/\/a-h-health.ch\/wp-content\/uploads\/2020\/12\/Logo-animal-health.jpg","contentUrl":"https:\/\/a-h-health.ch\/wp-content\/uploads\/2020\/12\/Logo-animal-health.jpg","width":653,"height":56,"caption":"Animal & Human Health AG"},"image":{"@id":"https:\/\/a-h-health.ch\/#\/schema\/logo\/image\/"}}]}},"_links":{"self":[{"href":"https:\/\/a-h-health.ch\/fr\/wp-json\/wp\/v2\/product\/14022","targetHints":{"allow":["GET"]}}],"collection":[{"href":"https:\/\/a-h-health.ch\/fr\/wp-json\/wp\/v2\/product"}],"about":[{"href":"https:\/\/a-h-health.ch\/fr\/wp-json\/wp\/v2\/types\/product"}],"wp:featuredmedia":[{"embeddable":true,"href":"https:\/\/a-h-health.ch\/fr\/wp-json\/wp\/v2\/media\/14024"}],"wp:attachment":[{"href":"https:\/\/a-h-health.ch\/fr\/wp-json\/wp\/v2\/media?parent=14022"}],"wp:term":[{"taxonomy":"product_brand","embeddable":true,"href":"https:\/\/a-h-health.ch\/fr\/wp-json\/wp\/v2\/product_brand?post=14022"},{"taxonomy":"product_cat","embeddable":true,"href":"https:\/\/a-h-health.ch\/fr\/wp-json\/wp\/v2\/product_cat?post=14022"},{"taxonomy":"product_tag","embeddable":true,"href":"https:\/\/a-h-health.ch\/fr\/wp-json\/wp\/v2\/product_tag?post=14022"}],"curies":[{"name":"wp","href":"https:\/\/api.w.org\/{rel}","templated":true}]}}