{"id":14006,"date":"2022-12-05T18:20:36","date_gmt":"2022-12-05T17:20:36","guid":{"rendered":"https:\/\/a-h-health.ch\/?post_type=product&#038;p=14006"},"modified":"2023-08-08T20:26:34","modified_gmt":"2023-08-08T18:26:34","slug":"back-r-4s-1-5-kg","status":"publish","type":"product","link":"https:\/\/a-h-health.ch\/fr\/shop\/back-r-4s-1-5-kg\/","title":{"rendered":"Back R 4S, 1,5&nbsp;kg"},"content":{"rendered":"<p>Back Reli\u00adef 4S con\u00adti\u00adent du col\u00adla\u00adg\u00e8\u00adne hydro\u00adly\u00ads\u00e9, de la glu\u00adcos\u00adami\u00adne, des vit\u00adami\u00adnes et des extraits de plan\u00adtes. Il a \u00e9t\u00e9 sp\u00e9\u00adcia\u00adle\u00adment con\u00ad\u00e7u pour appor\u00adter un sou\u00adti\u00aden sup\u00adp\u00adl\u00e9\u00admen\u00adtai\u00adre au trai\u00adte\u00adment des chevaux, notam\u00adment ceux souf\u00adfrant de pro\u00adbl\u00e8\u00admes de dos et de cou r\u00e9curr\u00adents. Il peut \u00eatre uti\u00adli\u00ads\u00e9 pour am\u00e9\u00adlio\u00adrer la fle\u00adxi\u00adbi\u00adli\u00adt\u00e9 des arti\u00adcu\u00adla\u00adti\u00adons et des muscles.<\/p>\n<div class=\"content--title\">Com\u00adpo\u00adsi\u00adti\u00adon : mal\u00adto\u00addex\u00adtri\u00adne 37,17%, col\u00adla\u00adg\u00e8\u00adne hydro\u00adly\u00ads\u00e9 HCI 20%, glu\u00adcos\u00adami\u00adne sul\u00adfa\u00adte 2KCI 13,91%, car\u00adbo\u00adna\u00adte de cal\u00adci\u00adum&nbsp;1%<\/div>","protected":false},"excerpt":{"rendered":"<p>Back Reli\u00adef 4S ent\u00adh\u00e4lt hydro\u00adly\u00adsier\u00adtes Kol\u00adla\u00adgen, Glu\u00adkos\u00adamin, Vit\u00adami\u00adne und Pflan\u00adzen\u00adex\u00adtrak\u00adte. Es wur\u00adde spe\u00adzi\u00adell zur zus\u00e4tz\u00adli\u00adchen Unter\u00adst\u00fct\u00adzung der Behand\u00adlung von Pfer\u00adden ins\u00adbe\u00adson\u00adde\u00adre mit wie\u00adder\u00adholt auf\u00adtre\u00adten\u00adden R\u00fccken- und Hals\u00adpro\u00adble\u00admen ent\u00adwickelt. Es kann zur Ver\u00adbes\u00adse\u00adrung der Fle\u00adxi\u00adbi\u00adli\u00adt\u00e4t von Gelen\u00adken und Mus\u00adkeln ver\u00adwen\u00addet wer\u00adden. Zusam\u00admen\u00adset\u00adzung: Mal\u00adto\u00addex\u00adtrin 37,17%, Hydro\u00adli\u00adsier\u00adtes Kol\u00adla\u00adgen HCI 20%, Glu\u00adcos\u00adamin Sul\u00adphat 2KCI 13,91%, Cal\u00adci\u00adum Kar\u00adbo\u00adnat&nbsp;1%<\/p>","protected":false},"featured_media":14009,"template":"","meta":{"wp_typography_post_enhancements_disabled":false},"product_brand":[],"product_cat":[610,34,562],"product_tag":[574],"class_list":{"0":"post-14006","1":"product","2":"type-product","3":"status-publish","4":"has-post-thumbnail","6":"product_cat-equi4s","7":"product_cat-nahrungsergaenzung","8":"product_cat-pferd","9":"product_tag-futter-und-diverse","11":"first","12":"instock","13":"taxable","14":"shipping-taxable","15":"product-type-simple"},"yoast_head":"<!-- This site is optimized with the Yoast SEO plugin v27.4 - https:\/\/yoast.com\/product\/yoast-seo-wordpress\/ -->\n<title>Back R 4S, 1.5 kg - Animal &amp; Human Health AG<\/title>\n<meta name=\"robots\" content=\"index, follow, max-snippet:-1, max-image-preview:large, max-video-preview:-1\" \/>\n<link rel=\"canonical\" href=\"https:\/\/a-h-health.ch\/fr\/shop\/back-r-4s-1-5-kg\/\" \/>\n<meta property=\"og:locale\" content=\"fr_FR\" \/>\n<meta property=\"og:type\" content=\"article\" \/>\n<meta property=\"og:title\" content=\"Back R 4S, 1.5 kg - Animal &amp; Human Health AG\" \/>\n<meta property=\"og:description\" content=\"Back Relief 4S enth\u00e4lt hydrolysiertes Kollagen, Glukosamin, Vitamine und Pflanzenextrakte. Es wurde speziell zur zus\u00e4tzlichen Unterst\u00fctzung der Behandlung von Pferden insbesondere mit wiederholt auftretenden R\u00fccken- und Halsproblemen entwickelt. Es kann zur Verbesserung der Flexibilit\u00e4t von Gelenken und Muskeln verwendet werden. Zusammensetzung: Maltodextrin 37,17%, Hydrolisiertes Kollagen HCI 20%, Glucosamin Sulphat 2KCI 13,91%, Calcium Karbonat 1%\" \/>\n<meta property=\"og:url\" content=\"https:\/\/a-h-health.ch\/fr\/shop\/back-r-4s-1-5-kg\/\" \/>\n<meta property=\"og:site_name\" content=\"Animal &amp; Human Health AG\" \/>\n<meta property=\"article:modified_time\" content=\"2023-08-08T18:26:34+00:00\" \/>\n<meta property=\"og:image\" content=\"https:\/\/a-h-health.ch\/wp-content\/uploads\/2022\/12\/Back-R-4S.jpg\" \/>\n\t<meta property=\"og:image:width\" content=\"425\" \/>\n\t<meta property=\"og:image:height\" content=\"425\" \/>\n\t<meta property=\"og:image:type\" content=\"image\/jpeg\" \/>\n<meta name=\"twitter:card\" content=\"summary_large_image\" \/>\n<meta name=\"twitter:label1\" content=\"Dur\u00e9e de lecture estim\u00e9e\" \/>\n\t<meta name=\"twitter:data1\" content=\"1 minute\" \/>\n<script type=\"application\/ld+json\" class=\"yoast-schema-graph\">{\"@context\":\"https:\\\/\\\/schema.org\",\"@graph\":[{\"@type\":\"WebPage\",\"@id\":\"https:\\\/\\\/a-h-health.ch\\\/shop\\\/back-r-4s-1-5-kg\\\/\",\"url\":\"https:\\\/\\\/a-h-health.ch\\\/shop\\\/back-r-4s-1-5-kg\\\/\",\"name\":\"Back R 4S, 1.5 kg - Animal &amp; Human Health AG\",\"isPartOf\":{\"@id\":\"https:\\\/\\\/a-h-health.ch\\\/#website\"},\"primaryImageOfPage\":{\"@id\":\"https:\\\/\\\/a-h-health.ch\\\/shop\\\/back-r-4s-1-5-kg\\\/#primaryimage\"},\"image\":{\"@id\":\"https:\\\/\\\/a-h-health.ch\\\/shop\\\/back-r-4s-1-5-kg\\\/#primaryimage\"},\"thumbnailUrl\":\"https:\\\/\\\/a-h-health.ch\\\/wp-content\\\/uploads\\\/2022\\\/12\\\/Back-R-4S.jpg\",\"datePublished\":\"2022-12-05T17:20:36+00:00\",\"dateModified\":\"2023-08-08T18:26:34+00:00\",\"breadcrumb\":{\"@id\":\"https:\\\/\\\/a-h-health.ch\\\/shop\\\/back-r-4s-1-5-kg\\\/#breadcrumb\"},\"inLanguage\":\"fr-FR\",\"potentialAction\":[{\"@type\":\"ReadAction\",\"target\":[\"https:\\\/\\\/a-h-health.ch\\\/shop\\\/back-r-4s-1-5-kg\\\/\"]}]},{\"@type\":\"ImageObject\",\"inLanguage\":\"fr-FR\",\"@id\":\"https:\\\/\\\/a-h-health.ch\\\/shop\\\/back-r-4s-1-5-kg\\\/#primaryimage\",\"url\":\"https:\\\/\\\/a-h-health.ch\\\/wp-content\\\/uploads\\\/2022\\\/12\\\/Back-R-4S.jpg\",\"contentUrl\":\"https:\\\/\\\/a-h-health.ch\\\/wp-content\\\/uploads\\\/2022\\\/12\\\/Back-R-4S.jpg\",\"width\":425,\"height\":425},{\"@type\":\"BreadcrumbList\",\"@id\":\"https:\\\/\\\/a-h-health.ch\\\/shop\\\/back-r-4s-1-5-kg\\\/#breadcrumb\",\"itemListElement\":[{\"@type\":\"ListItem\",\"position\":1,\"name\":\"Startseite\",\"item\":\"https:\\\/\\\/a-h-health.ch\\\/\"},{\"@type\":\"ListItem\",\"position\":2,\"name\":\"Shop\",\"item\":\"https:\\\/\\\/a-h-health.ch\\\/shop\\\/\"},{\"@type\":\"ListItem\",\"position\":3,\"name\":\"Back R 4S, 1.5 kg\"}]},{\"@type\":\"WebSite\",\"@id\":\"https:\\\/\\\/a-h-health.ch\\\/#website\",\"url\":\"https:\\\/\\\/a-h-health.ch\\\/\",\"name\":\"Animal and Human Health AG\",\"description\":\"Wir sind Ihre Ansprechpartner, wenn es um die professionelle Gesundheit und das Wohl ihres Tieres geht.\",\"publisher\":{\"@id\":\"https:\\\/\\\/a-h-health.ch\\\/#organization\"},\"alternateName\":\"a-h-health\",\"potentialAction\":[{\"@type\":\"SearchAction\",\"target\":{\"@type\":\"EntryPoint\",\"urlTemplate\":\"https:\\\/\\\/a-h-health.ch\\\/?s={search_term_string}\"},\"query-input\":{\"@type\":\"PropertyValueSpecification\",\"valueRequired\":true,\"valueName\":\"search_term_string\"}}],\"inLanguage\":\"fr-FR\"},{\"@type\":\"Organization\",\"@id\":\"https:\\\/\\\/a-h-health.ch\\\/#organization\",\"name\":\"Animal & Human Health AG\",\"url\":\"https:\\\/\\\/a-h-health.ch\\\/\",\"logo\":{\"@type\":\"ImageObject\",\"inLanguage\":\"fr-FR\",\"@id\":\"https:\\\/\\\/a-h-health.ch\\\/#\\\/schema\\\/logo\\\/image\\\/\",\"url\":\"https:\\\/\\\/a-h-health.ch\\\/wp-content\\\/uploads\\\/2020\\\/12\\\/Logo-animal-health.jpg\",\"contentUrl\":\"https:\\\/\\\/a-h-health.ch\\\/wp-content\\\/uploads\\\/2020\\\/12\\\/Logo-animal-health.jpg\",\"width\":653,\"height\":56,\"caption\":\"Animal & Human Health AG\"},\"image\":{\"@id\":\"https:\\\/\\\/a-h-health.ch\\\/#\\\/schema\\\/logo\\\/image\\\/\"}}]}<\/script>\n<!-- \/ Yoast SEO plugin. -->","yoast_head_json":{"title":"Back R 4S, 1.5 kg \u2013 Ani\u00admal &amp; Human Health AG","robots":{"index":"index","follow":"follow","max-snippet":"max-snippet:-1","max-image-preview":"max-image-preview:large","max-video-preview":"max-video-preview:-1"},"canonical":"https:\/\/a-h-health.ch\/fr\/shop\/back-r-4s-1-5-kg\/","og_locale":"fr_FR","og_type":"article","og_title":"Back R 4S, 1.5 kg - Animal &amp; Human Health AG","og_description":"Back Relief 4S enth\u00e4lt hydrolysiertes Kollagen, Glukosamin, Vitamine und Pflanzenextrakte. Es wurde speziell zur zus\u00e4tzlichen Unterst\u00fctzung der Behandlung von Pferden insbesondere mit wiederholt auftretenden R\u00fccken- und Halsproblemen entwickelt. Es kann zur Verbesserung der Flexibilit\u00e4t von Gelenken und Muskeln verwendet werden. Zusammensetzung: Maltodextrin 37,17%, Hydrolisiertes Kollagen HCI 20%, Glucosamin Sulphat 2KCI 13,91%, Calcium Karbonat 1%","og_url":"https:\/\/a-h-health.ch\/fr\/shop\/back-r-4s-1-5-kg\/","og_site_name":"Animal &amp; Human Health AG","article_modified_time":"2023-08-08T18:26:34+00:00","og_image":[{"width":425,"height":425,"url":"https:\/\/a-h-health.ch\/wp-content\/uploads\/2022\/12\/Back-R-4S.jpg","type":"image\/jpeg"}],"twitter_card":"summary_large_image","twitter_misc":{"Dur\u00e9e de lecture estim\u00e9e":"1 minute"},"schema":{"@context":"https:\/\/schema.org","@graph":[{"@type":"WebPage","@id":"https:\/\/a-h-health.ch\/shop\/back-r-4s-1-5-kg\/","url":"https:\/\/a-h-health.ch\/shop\/back-r-4s-1-5-kg\/","name":"Back R 4S, 1.5 kg \u2013 Ani\u00admal &amp; Human Health AG","isPartOf":{"@id":"https:\/\/a-h-health.ch\/#website"},"primaryImageOfPage":{"@id":"https:\/\/a-h-health.ch\/shop\/back-r-4s-1-5-kg\/#primaryimage"},"image":{"@id":"https:\/\/a-h-health.ch\/shop\/back-r-4s-1-5-kg\/#primaryimage"},"thumbnailUrl":"https:\/\/a-h-health.ch\/wp-content\/uploads\/2022\/12\/Back-R-4S.jpg","datePublished":"2022-12-05T17:20:36+00:00","dateModified":"2023-08-08T18:26:34+00:00","breadcrumb":{"@id":"https:\/\/a-h-health.ch\/shop\/back-r-4s-1-5-kg\/#breadcrumb"},"inLanguage":"fr-FR","potentialAction":[{"@type":"ReadAction","target":["https:\/\/a-h-health.ch\/shop\/back-r-4s-1-5-kg\/"]}]},{"@type":"ImageObject","inLanguage":"fr-FR","@id":"https:\/\/a-h-health.ch\/shop\/back-r-4s-1-5-kg\/#primaryimage","url":"https:\/\/a-h-health.ch\/wp-content\/uploads\/2022\/12\/Back-R-4S.jpg","contentUrl":"https:\/\/a-h-health.ch\/wp-content\/uploads\/2022\/12\/Back-R-4S.jpg","width":425,"height":425},{"@type":"BreadcrumbList","@id":"https:\/\/a-h-health.ch\/shop\/back-r-4s-1-5-kg\/#breadcrumb","itemListElement":[{"@type":"ListItem","position":1,"name":"Startseite","item":"https:\/\/a-h-health.ch\/"},{"@type":"ListItem","position":2,"name":"Shop","item":"https:\/\/a-h-health.ch\/shop\/"},{"@type":"ListItem","position":3,"name":"Back R 4S, 1.5 kg"}]},{"@type":"WebSite","@id":"https:\/\/a-h-health.ch\/#website","url":"https:\/\/a-h-health.ch\/","name":"Ani\u00admal and Human Health AG","description":"Nous som\u00admes vos interlo\u00adcu\u00adteurs lorsqu\u2019il s\u2019a\u00adgit de la san\u00adt\u00e9 pro\u00adfes\u00adsi\u00adon\u00adnel\u00adle et du bien-\u00eatre de vot\u00adre animal.","publisher":{"@id":"https:\/\/a-h-health.ch\/#organization"},"alternateName":"a-h-health","potentialAction":[{"@type":"SearchAction","target":{"@type":"EntryPoint","urlTemplate":"https:\/\/a-h-health.ch\/?s={search_term_string}"},"query-input":{"@type":"PropertyValueSpecification","valueRequired":true,"valueName":"search_term_string"}}],"inLanguage":"fr-FR"},{"@type":"Organization","@id":"https:\/\/a-h-health.ch\/#organization","name":"Ani\u00admal &amp; Human Health AG","url":"https:\/\/a-h-health.ch\/","logo":{"@type":"ImageObject","inLanguage":"fr-FR","@id":"https:\/\/a-h-health.ch\/#\/schema\/logo\/image\/","url":"https:\/\/a-h-health.ch\/wp-content\/uploads\/2020\/12\/Logo-animal-health.jpg","contentUrl":"https:\/\/a-h-health.ch\/wp-content\/uploads\/2020\/12\/Logo-animal-health.jpg","width":653,"height":56,"caption":"Animal & Human Health AG"},"image":{"@id":"https:\/\/a-h-health.ch\/#\/schema\/logo\/image\/"}}]}},"_links":{"self":[{"href":"https:\/\/a-h-health.ch\/fr\/wp-json\/wp\/v2\/product\/14006","targetHints":{"allow":["GET"]}}],"collection":[{"href":"https:\/\/a-h-health.ch\/fr\/wp-json\/wp\/v2\/product"}],"about":[{"href":"https:\/\/a-h-health.ch\/fr\/wp-json\/wp\/v2\/types\/product"}],"wp:featuredmedia":[{"embeddable":true,"href":"https:\/\/a-h-health.ch\/fr\/wp-json\/wp\/v2\/media\/14009"}],"wp:attachment":[{"href":"https:\/\/a-h-health.ch\/fr\/wp-json\/wp\/v2\/media?parent=14006"}],"wp:term":[{"taxonomy":"product_brand","embeddable":true,"href":"https:\/\/a-h-health.ch\/fr\/wp-json\/wp\/v2\/product_brand?post=14006"},{"taxonomy":"product_cat","embeddable":true,"href":"https:\/\/a-h-health.ch\/fr\/wp-json\/wp\/v2\/product_cat?post=14006"},{"taxonomy":"product_tag","embeddable":true,"href":"https:\/\/a-h-health.ch\/fr\/wp-json\/wp\/v2\/product_tag?post=14006"}],"curies":[{"name":"wp","href":"https:\/\/api.w.org\/{rel}","templated":true}]}}