{"id":13969,"date":"2022-11-03T10:21:40","date_gmt":"2022-11-03T09:21:40","guid":{"rendered":"https:\/\/a-h-health.ch\/?post_type=product&#038;p=13969"},"modified":"2025-04-08T12:29:04","modified_gmt":"2025-04-08T10:29:04","slug":"msm-pure-synovium-1-kg","status":"publish","type":"product","link":"https:\/\/a-h-health.ch\/fr\/shop\/msm-pure-synovium-1-kg\/","title":{"rendered":"MSM Pure Syn\u00adovi\u00adum, 1&nbsp;kg"},"content":{"rendered":"<p>Syn\u00adovi\u00adum MSM est un com\u00adpl\u00e9\u00adment ali\u00admen\u00adtai\u00adre pour les chevaux. Il con\u00adti\u00adent des teneurs \u00e9le\u00adv\u00e9es en souf\u00adre bio\u00addis\u00adpo\u00adni\u00adble et est prin\u00adci\u00adpa\u00adle\u00adment uti\u00adli\u00ads\u00e9 pour sou\u00adte\u00adnir les mus\u00adcles (m\u00e9ta\u00adbo\u00adlis\u00adme mus\u00adcu\u00adlai\u00adre), les ten\u00addons et les liga\u00adments (fix\u00ada\u00adti\u00adon).<\/p>\n<div class=\"content--title\">Com\u00adpo\u00adsi\u00adti\u00adon :<\/div>\n<div class=\"content--title\">M\u00e9thyl\u00adsul\u00adfo\u00adnyl\u00adm\u00e9tha\u00adne 99,9g<\/div>","protected":false},"excerpt":{"rendered":"<p>Syn\u00adovi\u00adum MSM ist ein Nah\u00adrungs\u00ader\u00adg\u00e4n\u00adzungs\u00admit\u00adtel f\u00fcr Pfer\u00adden. Es ent\u00adh\u00e4lt hohe Gehal\u00adte an bio\u00adlo\u00adgisch ver\u00adf\u00fcg\u00adba\u00adrem Schwe\u00adfel und wird vor\u00adnehm\u00adlich dazu ein\u00adge\u00adsetzt, um die Mus\u00adkeln (Mus\u00adkel\u00adstoff\u00adwech\u00adsel), Seh\u00adnen und B\u00e4n\u00adder (Befe\u00adsti\u00adgung) zu unter\u00adst\u00fct\u00adzen. Zusam\u00admen\u00adset\u00adzung: Methyl\u00adsul\u00adfo\u00adnyl\u00adme\u00adthan 99,9g<\/p>","protected":false},"featured_media":13971,"template":"","meta":{"wp_typography_post_enhancements_disabled":false},"product_brand":[],"product_cat":[34,562,609],"product_tag":[574],"class_list":{"0":"post-13969","1":"product","2":"type-product","3":"status-publish","4":"has-post-thumbnail","6":"product_cat-nahrungsergaenzung","7":"product_cat-pferd","8":"product_cat-synovium","9":"product_tag-futter-und-diverse","11":"first","12":"instock","13":"taxable","14":"shipping-taxable","15":"product-type-simple"},"yoast_head":"<!-- This site is optimized with the Yoast SEO plugin v27.4 - https:\/\/yoast.com\/product\/yoast-seo-wordpress\/ -->\n<title>MSM Pure Synovium, 1 kg - Animal &amp; Human Health AG<\/title>\n<meta name=\"robots\" content=\"index, follow, max-snippet:-1, max-image-preview:large, max-video-preview:-1\" \/>\n<link rel=\"canonical\" href=\"https:\/\/a-h-health.ch\/fr\/shop\/msm-pure-synovium-1-kg\/\" \/>\n<meta property=\"og:locale\" content=\"fr_FR\" \/>\n<meta property=\"og:type\" content=\"article\" \/>\n<meta property=\"og:title\" content=\"MSM Pure Synovium, 1 kg - Animal &amp; Human Health AG\" \/>\n<meta property=\"og:description\" content=\"Synovium MSM ist ein Nahrungserg\u00e4nzungsmittel f\u00fcr Pferden. Es enth\u00e4lt hohe Gehalte an biologisch verf\u00fcgbarem Schwefel und wird vornehmlich dazu eingesetzt, um die Muskeln (Muskelstoffwechsel), Sehnen und B\u00e4nder (Befestigung) zu unterst\u00fctzen. Zusammensetzung: Methylsulfonylmethan 99,9g\" \/>\n<meta property=\"og:url\" content=\"https:\/\/a-h-health.ch\/fr\/shop\/msm-pure-synovium-1-kg\/\" \/>\n<meta property=\"og:site_name\" content=\"Animal &amp; Human Health AG\" \/>\n<meta property=\"article:modified_time\" content=\"2025-04-08T10:29:04+00:00\" \/>\n<meta property=\"og:image\" content=\"https:\/\/a-h-health.ch\/wp-content\/uploads\/2022\/11\/msm-pure-pferd.jpg\" \/>\n\t<meta property=\"og:image:width\" content=\"563\" \/>\n\t<meta property=\"og:image:height\" content=\"750\" \/>\n\t<meta property=\"og:image:type\" content=\"image\/jpeg\" \/>\n<meta name=\"twitter:card\" content=\"summary_large_image\" \/>\n<meta name=\"twitter:label1\" content=\"Dur\u00e9e de lecture estim\u00e9e\" \/>\n\t<meta name=\"twitter:data1\" content=\"1 minute\" \/>\n<script type=\"application\/ld+json\" class=\"yoast-schema-graph\">{\"@context\":\"https:\\\/\\\/schema.org\",\"@graph\":[{\"@type\":\"WebPage\",\"@id\":\"https:\\\/\\\/a-h-health.ch\\\/shop\\\/msm-pure-synovium-1-kg\\\/\",\"url\":\"https:\\\/\\\/a-h-health.ch\\\/shop\\\/msm-pure-synovium-1-kg\\\/\",\"name\":\"MSM Pure Synovium, 1 kg - Animal &amp; Human Health AG\",\"isPartOf\":{\"@id\":\"https:\\\/\\\/a-h-health.ch\\\/#website\"},\"primaryImageOfPage\":{\"@id\":\"https:\\\/\\\/a-h-health.ch\\\/shop\\\/msm-pure-synovium-1-kg\\\/#primaryimage\"},\"image\":{\"@id\":\"https:\\\/\\\/a-h-health.ch\\\/shop\\\/msm-pure-synovium-1-kg\\\/#primaryimage\"},\"thumbnailUrl\":\"https:\\\/\\\/a-h-health.ch\\\/wp-content\\\/uploads\\\/2022\\\/11\\\/msm-pure-pferd.jpg\",\"datePublished\":\"2022-11-03T09:21:40+00:00\",\"dateModified\":\"2025-04-08T10:29:04+00:00\",\"breadcrumb\":{\"@id\":\"https:\\\/\\\/a-h-health.ch\\\/shop\\\/msm-pure-synovium-1-kg\\\/#breadcrumb\"},\"inLanguage\":\"fr-FR\",\"potentialAction\":[{\"@type\":\"ReadAction\",\"target\":[\"https:\\\/\\\/a-h-health.ch\\\/shop\\\/msm-pure-synovium-1-kg\\\/\"]}]},{\"@type\":\"ImageObject\",\"inLanguage\":\"fr-FR\",\"@id\":\"https:\\\/\\\/a-h-health.ch\\\/shop\\\/msm-pure-synovium-1-kg\\\/#primaryimage\",\"url\":\"https:\\\/\\\/a-h-health.ch\\\/wp-content\\\/uploads\\\/2022\\\/11\\\/msm-pure-pferd.jpg\",\"contentUrl\":\"https:\\\/\\\/a-h-health.ch\\\/wp-content\\\/uploads\\\/2022\\\/11\\\/msm-pure-pferd.jpg\",\"width\":563,\"height\":750},{\"@type\":\"BreadcrumbList\",\"@id\":\"https:\\\/\\\/a-h-health.ch\\\/shop\\\/msm-pure-synovium-1-kg\\\/#breadcrumb\",\"itemListElement\":[{\"@type\":\"ListItem\",\"position\":1,\"name\":\"Startseite\",\"item\":\"https:\\\/\\\/a-h-health.ch\\\/\"},{\"@type\":\"ListItem\",\"position\":2,\"name\":\"Shop\",\"item\":\"https:\\\/\\\/a-h-health.ch\\\/shop\\\/\"},{\"@type\":\"ListItem\",\"position\":3,\"name\":\"MSM Pure Synovium, 1 kg\"}]},{\"@type\":\"WebSite\",\"@id\":\"https:\\\/\\\/a-h-health.ch\\\/#website\",\"url\":\"https:\\\/\\\/a-h-health.ch\\\/\",\"name\":\"Animal and Human Health AG\",\"description\":\"Wir sind Ihre Ansprechpartner, wenn es um die professionelle Gesundheit und das Wohl ihres Tieres geht.\",\"publisher\":{\"@id\":\"https:\\\/\\\/a-h-health.ch\\\/#organization\"},\"alternateName\":\"a-h-health\",\"potentialAction\":[{\"@type\":\"SearchAction\",\"target\":{\"@type\":\"EntryPoint\",\"urlTemplate\":\"https:\\\/\\\/a-h-health.ch\\\/?s={search_term_string}\"},\"query-input\":{\"@type\":\"PropertyValueSpecification\",\"valueRequired\":true,\"valueName\":\"search_term_string\"}}],\"inLanguage\":\"fr-FR\"},{\"@type\":\"Organization\",\"@id\":\"https:\\\/\\\/a-h-health.ch\\\/#organization\",\"name\":\"Animal & Human Health AG\",\"url\":\"https:\\\/\\\/a-h-health.ch\\\/\",\"logo\":{\"@type\":\"ImageObject\",\"inLanguage\":\"fr-FR\",\"@id\":\"https:\\\/\\\/a-h-health.ch\\\/#\\\/schema\\\/logo\\\/image\\\/\",\"url\":\"https:\\\/\\\/a-h-health.ch\\\/wp-content\\\/uploads\\\/2020\\\/12\\\/Logo-animal-health.jpg\",\"contentUrl\":\"https:\\\/\\\/a-h-health.ch\\\/wp-content\\\/uploads\\\/2020\\\/12\\\/Logo-animal-health.jpg\",\"width\":653,\"height\":56,\"caption\":\"Animal & Human Health AG\"},\"image\":{\"@id\":\"https:\\\/\\\/a-h-health.ch\\\/#\\\/schema\\\/logo\\\/image\\\/\"}}]}<\/script>\n<!-- \/ Yoast SEO plugin. -->","yoast_head_json":{"title":"MSM Pure Syn\u00adovi\u00adum, 1 kg \u2013 Ani\u00admal &amp; Human Health AG","robots":{"index":"index","follow":"follow","max-snippet":"max-snippet:-1","max-image-preview":"max-image-preview:large","max-video-preview":"max-video-preview:-1"},"canonical":"https:\/\/a-h-health.ch\/fr\/shop\/msm-pure-synovium-1-kg\/","og_locale":"fr_FR","og_type":"article","og_title":"MSM Pure Synovium, 1 kg - Animal &amp; Human Health AG","og_description":"Synovium MSM ist ein Nahrungserg\u00e4nzungsmittel f\u00fcr Pferden. Es enth\u00e4lt hohe Gehalte an biologisch verf\u00fcgbarem Schwefel und wird vornehmlich dazu eingesetzt, um die Muskeln (Muskelstoffwechsel), Sehnen und B\u00e4nder (Befestigung) zu unterst\u00fctzen. Zusammensetzung: Methylsulfonylmethan 99,9g","og_url":"https:\/\/a-h-health.ch\/fr\/shop\/msm-pure-synovium-1-kg\/","og_site_name":"Animal &amp; Human Health AG","article_modified_time":"2025-04-08T10:29:04+00:00","og_image":[{"width":563,"height":750,"url":"https:\/\/a-h-health.ch\/wp-content\/uploads\/2022\/11\/msm-pure-pferd.jpg","type":"image\/jpeg"}],"twitter_card":"summary_large_image","twitter_misc":{"Dur\u00e9e de lecture estim\u00e9e":"1 minute"},"schema":{"@context":"https:\/\/schema.org","@graph":[{"@type":"WebPage","@id":"https:\/\/a-h-health.ch\/shop\/msm-pure-synovium-1-kg\/","url":"https:\/\/a-h-health.ch\/shop\/msm-pure-synovium-1-kg\/","name":"MSM Pure Syn\u00adovi\u00adum, 1 kg \u2013 Ani\u00admal &amp; Human Health AG","isPartOf":{"@id":"https:\/\/a-h-health.ch\/#website"},"primaryImageOfPage":{"@id":"https:\/\/a-h-health.ch\/shop\/msm-pure-synovium-1-kg\/#primaryimage"},"image":{"@id":"https:\/\/a-h-health.ch\/shop\/msm-pure-synovium-1-kg\/#primaryimage"},"thumbnailUrl":"https:\/\/a-h-health.ch\/wp-content\/uploads\/2022\/11\/msm-pure-pferd.jpg","datePublished":"2022-11-03T09:21:40+00:00","dateModified":"2025-04-08T10:29:04+00:00","breadcrumb":{"@id":"https:\/\/a-h-health.ch\/shop\/msm-pure-synovium-1-kg\/#breadcrumb"},"inLanguage":"fr-FR","potentialAction":[{"@type":"ReadAction","target":["https:\/\/a-h-health.ch\/shop\/msm-pure-synovium-1-kg\/"]}]},{"@type":"ImageObject","inLanguage":"fr-FR","@id":"https:\/\/a-h-health.ch\/shop\/msm-pure-synovium-1-kg\/#primaryimage","url":"https:\/\/a-h-health.ch\/wp-content\/uploads\/2022\/11\/msm-pure-pferd.jpg","contentUrl":"https:\/\/a-h-health.ch\/wp-content\/uploads\/2022\/11\/msm-pure-pferd.jpg","width":563,"height":750},{"@type":"BreadcrumbList","@id":"https:\/\/a-h-health.ch\/shop\/msm-pure-synovium-1-kg\/#breadcrumb","itemListElement":[{"@type":"ListItem","position":1,"name":"Startseite","item":"https:\/\/a-h-health.ch\/"},{"@type":"ListItem","position":2,"name":"Shop","item":"https:\/\/a-h-health.ch\/shop\/"},{"@type":"ListItem","position":3,"name":"MSM Pure Synovium, 1 kg"}]},{"@type":"WebSite","@id":"https:\/\/a-h-health.ch\/#website","url":"https:\/\/a-h-health.ch\/","name":"Ani\u00admal and Human Health AG","description":"Nous som\u00admes vos interlo\u00adcu\u00adteurs lorsqu\u2019il s\u2019a\u00adgit de la san\u00adt\u00e9 pro\u00adfes\u00adsi\u00adon\u00adnel\u00adle et du bien-\u00eatre de vot\u00adre animal.","publisher":{"@id":"https:\/\/a-h-health.ch\/#organization"},"alternateName":"a-h-health","potentialAction":[{"@type":"SearchAction","target":{"@type":"EntryPoint","urlTemplate":"https:\/\/a-h-health.ch\/?s={search_term_string}"},"query-input":{"@type":"PropertyValueSpecification","valueRequired":true,"valueName":"search_term_string"}}],"inLanguage":"fr-FR"},{"@type":"Organization","@id":"https:\/\/a-h-health.ch\/#organization","name":"Ani\u00admal &amp; Human Health AG","url":"https:\/\/a-h-health.ch\/","logo":{"@type":"ImageObject","inLanguage":"fr-FR","@id":"https:\/\/a-h-health.ch\/#\/schema\/logo\/image\/","url":"https:\/\/a-h-health.ch\/wp-content\/uploads\/2020\/12\/Logo-animal-health.jpg","contentUrl":"https:\/\/a-h-health.ch\/wp-content\/uploads\/2020\/12\/Logo-animal-health.jpg","width":653,"height":56,"caption":"Animal & Human Health AG"},"image":{"@id":"https:\/\/a-h-health.ch\/#\/schema\/logo\/image\/"}}]}},"_links":{"self":[{"href":"https:\/\/a-h-health.ch\/fr\/wp-json\/wp\/v2\/product\/13969","targetHints":{"allow":["GET"]}}],"collection":[{"href":"https:\/\/a-h-health.ch\/fr\/wp-json\/wp\/v2\/product"}],"about":[{"href":"https:\/\/a-h-health.ch\/fr\/wp-json\/wp\/v2\/types\/product"}],"wp:featuredmedia":[{"embeddable":true,"href":"https:\/\/a-h-health.ch\/fr\/wp-json\/wp\/v2\/media\/13971"}],"wp:attachment":[{"href":"https:\/\/a-h-health.ch\/fr\/wp-json\/wp\/v2\/media?parent=13969"}],"wp:term":[{"taxonomy":"product_brand","embeddable":true,"href":"https:\/\/a-h-health.ch\/fr\/wp-json\/wp\/v2\/product_brand?post=13969"},{"taxonomy":"product_cat","embeddable":true,"href":"https:\/\/a-h-health.ch\/fr\/wp-json\/wp\/v2\/product_cat?post=13969"},{"taxonomy":"product_tag","embeddable":true,"href":"https:\/\/a-h-health.ch\/fr\/wp-json\/wp\/v2\/product_tag?post=13969"}],"curies":[{"name":"wp","href":"https:\/\/api.w.org\/{rel}","templated":true}]}}