{"id":13956,"date":"2022-10-27T11:04:17","date_gmt":"2022-10-27T09:04:17","guid":{"rendered":"https:\/\/a-h-health.ch\/?post_type=product&#038;p=13956"},"modified":"2023-08-08T14:28:40","modified_gmt":"2023-08-08T12:28:40","slug":"massage-handschuh-handson-m-2","status":"publish","type":"product","link":"https:\/\/a-h-health.ch\/fr\/shop\/massage-handschuh-handson-m-2\/","title":{"rendered":"Gant de mas\u00adsa\u00adge Hand\u00adsOn&nbsp;M"},"content":{"rendered":"<p>Avec ses 113 gram\u00admes, le gant \u00e0 picots \u00e0 5 doigts de la mar\u00adque Hand\u00adsOn Gloves est un poids plu\u00adme par\u00admi les artic\u00adles de toi\u00adlet\u00adta\u00adge tra\u00addi\u00adti\u00adon\u00adnels. En plus de sa l\u00e9g\u00e8\u00adre\u00adt\u00e9, il est extr\u00ea\u00adme\u00adment robu\u00adste et dura\u00adble. Pen\u00addant le bros\u00adsa\u00adge, le net\u00adto\u00adya\u00adge et le mas\u00adsa\u00adge, le gant ne peut ni glis\u00adser ni tom\u00adber gr\u00e2\u00adce \u00e0 sa for\u00adme pra\u00adtique \u00e0 cinq doigts et \u00e0 son poi\u00adg\u00adnet de hau\u00adte qua\u00adli\u00adt\u00e9 avec fer\u00adme\u00adtu\u00adre vel\u00adcro r\u00e9g\u00adlable. Hand\u00adsOn Gloves se carac\u00adt\u00e9\u00adri\u00adse par une struc\u00adtu\u00adre sp\u00e9\u00adcia\u00adle, des picots longs sur chaque doigt et des picots courts sur la pau\u00adme de la main. Les doigts, recou\u00adverts d\u2019u\u00adne couche imper\u00adm\u00e9a\u00adble, restent pro\u00adpres et secs pen\u00addant le bros\u00adsa\u00adge. La tran\u00adspi\u00adra\u00adti\u00adon des mains est \u00e9vi\u00adt\u00e9e gr\u00e2\u00adce au dos de la main per\u00adm\u00e9a\u00adble \u00e0&nbsp;l\u2019air.<\/p>","protected":false},"excerpt":{"rendered":"<p>Der 5-Finger Noppenhandschuh der Marke HandsOn Gloves ist mit seinen 113 Gramm ein Leichtgewicht unter den traditionellen Fellpflegeartikeln. Neben seinem geringen Gewicht ist er zu dem \u00e4u\u00dferst robust und langlebig. W\u00e4hrend des B\u00fcrstens, Putzens und Massierens kann der Handschuh durch seine praktische 5-Fingerform und dem hochwertigen B\u00fcndchen mit verstellbarem Klettverschluss weder verrutschen noch herunterfallen. HandsOn [&hellip;]<\/p>\n","protected":false},"featured_media":13950,"template":"","meta":{"wp_typography_post_enhancements_disabled":false},"product_brand":[],"product_cat":[566,559,565,563,564,562,561],"product_tag":[574],"class_list":{"0":"post-13956","1":"product","2":"type-product","3":"status-publish","4":"has-post-thumbnail","6":"product_cat-andere-kleintiere","7":"product_cat-divers","8":"product_cat-grosstier","9":"product_cat-hund","10":"product_cat-katze","11":"product_cat-pferd","12":"product_cat-tierart","13":"product_tag-futter-und-diverse","15":"first","16":"instock","17":"taxable","18":"shipping-taxable","19":"product-type-simple"},"yoast_head":"<!-- This site is optimized with the Yoast SEO plugin v27.4 - https:\/\/yoast.com\/product\/yoast-seo-wordpress\/ -->\n<title>Massage-Handschuh HandsOn M - Animal &amp; Human Health AG<\/title>\n<meta name=\"robots\" content=\"index, follow, max-snippet:-1, max-image-preview:large, max-video-preview:-1\" \/>\n<link rel=\"canonical\" href=\"https:\/\/a-h-health.ch\/fr\/shop\/massage-handschuh-handson-m-2\/\" \/>\n<meta property=\"og:locale\" content=\"fr_FR\" \/>\n<meta property=\"og:type\" content=\"article\" \/>\n<meta property=\"og:title\" content=\"Massage-Handschuh HandsOn M - Animal &amp; Human Health AG\" \/>\n<meta property=\"og:description\" content=\"Der 5-Finger Noppenhandschuh der Marke HandsOn Gloves ist mit seinen 113 Gramm ein Leichtgewicht unter den traditionellen Fellpflegeartikeln. Neben seinem geringen Gewicht ist er zu dem \u00e4u\u00dferst robust und langlebig. W\u00e4hrend des B\u00fcrstens, Putzens und Massierens kann der Handschuh durch seine praktische 5-Fingerform und dem hochwertigen B\u00fcndchen mit verstellbarem Klettverschluss weder verrutschen noch herunterfallen. HandsOn [&hellip;]\" \/>\n<meta property=\"og:url\" content=\"https:\/\/a-h-health.ch\/fr\/shop\/massage-handschuh-handson-m-2\/\" \/>\n<meta property=\"og:site_name\" content=\"Animal &amp; Human Health AG\" \/>\n<meta property=\"article:modified_time\" content=\"2023-08-08T12:28:40+00:00\" \/>\n<meta property=\"og:image\" content=\"https:\/\/a-h-health.ch\/wp-content\/uploads\/2022\/10\/Handschu-handson-detail.jpg\" \/>\n\t<meta property=\"og:image:width\" content=\"720\" \/>\n\t<meta property=\"og:image:height\" content=\"480\" \/>\n\t<meta property=\"og:image:type\" content=\"image\/jpeg\" \/>\n<meta name=\"twitter:card\" content=\"summary_large_image\" \/>\n<meta name=\"twitter:label1\" content=\"Dur\u00e9e de lecture estim\u00e9e\" \/>\n\t<meta name=\"twitter:data1\" content=\"1 minute\" \/>\n<script type=\"application\/ld+json\" class=\"yoast-schema-graph\">{\"@context\":\"https:\\\/\\\/schema.org\",\"@graph\":[{\"@type\":\"WebPage\",\"@id\":\"https:\\\/\\\/a-h-health.ch\\\/shop\\\/massage-handschuh-handson-m-2\\\/\",\"url\":\"https:\\\/\\\/a-h-health.ch\\\/shop\\\/massage-handschuh-handson-m-2\\\/\",\"name\":\"Massage-Handschuh HandsOn M - Animal &amp; Human Health AG\",\"isPartOf\":{\"@id\":\"https:\\\/\\\/a-h-health.ch\\\/#website\"},\"primaryImageOfPage\":{\"@id\":\"https:\\\/\\\/a-h-health.ch\\\/shop\\\/massage-handschuh-handson-m-2\\\/#primaryimage\"},\"image\":{\"@id\":\"https:\\\/\\\/a-h-health.ch\\\/shop\\\/massage-handschuh-handson-m-2\\\/#primaryimage\"},\"thumbnailUrl\":\"https:\\\/\\\/a-h-health.ch\\\/wp-content\\\/uploads\\\/2022\\\/10\\\/Handschu-handson-detail.jpg\",\"datePublished\":\"2022-10-27T09:04:17+00:00\",\"dateModified\":\"2023-08-08T12:28:40+00:00\",\"breadcrumb\":{\"@id\":\"https:\\\/\\\/a-h-health.ch\\\/shop\\\/massage-handschuh-handson-m-2\\\/#breadcrumb\"},\"inLanguage\":\"fr-FR\",\"potentialAction\":[{\"@type\":\"ReadAction\",\"target\":[\"https:\\\/\\\/a-h-health.ch\\\/shop\\\/massage-handschuh-handson-m-2\\\/\"]}]},{\"@type\":\"ImageObject\",\"inLanguage\":\"fr-FR\",\"@id\":\"https:\\\/\\\/a-h-health.ch\\\/shop\\\/massage-handschuh-handson-m-2\\\/#primaryimage\",\"url\":\"https:\\\/\\\/a-h-health.ch\\\/wp-content\\\/uploads\\\/2022\\\/10\\\/Handschu-handson-detail.jpg\",\"contentUrl\":\"https:\\\/\\\/a-h-health.ch\\\/wp-content\\\/uploads\\\/2022\\\/10\\\/Handschu-handson-detail.jpg\",\"width\":720,\"height\":480},{\"@type\":\"BreadcrumbList\",\"@id\":\"https:\\\/\\\/a-h-health.ch\\\/shop\\\/massage-handschuh-handson-m-2\\\/#breadcrumb\",\"itemListElement\":[{\"@type\":\"ListItem\",\"position\":1,\"name\":\"Startseite\",\"item\":\"https:\\\/\\\/a-h-health.ch\\\/\"},{\"@type\":\"ListItem\",\"position\":2,\"name\":\"Shop\",\"item\":\"https:\\\/\\\/a-h-health.ch\\\/shop\\\/\"},{\"@type\":\"ListItem\",\"position\":3,\"name\":\"Massage-Handschuh HandsOn M\"}]},{\"@type\":\"WebSite\",\"@id\":\"https:\\\/\\\/a-h-health.ch\\\/#website\",\"url\":\"https:\\\/\\\/a-h-health.ch\\\/\",\"name\":\"Animal and Human Health AG\",\"description\":\"Wir sind Ihre Ansprechpartner, wenn es um die professionelle Gesundheit und das Wohl ihres Tieres geht.\",\"publisher\":{\"@id\":\"https:\\\/\\\/a-h-health.ch\\\/#organization\"},\"alternateName\":\"a-h-health\",\"potentialAction\":[{\"@type\":\"SearchAction\",\"target\":{\"@type\":\"EntryPoint\",\"urlTemplate\":\"https:\\\/\\\/a-h-health.ch\\\/?s={search_term_string}\"},\"query-input\":{\"@type\":\"PropertyValueSpecification\",\"valueRequired\":true,\"valueName\":\"search_term_string\"}}],\"inLanguage\":\"fr-FR\"},{\"@type\":\"Organization\",\"@id\":\"https:\\\/\\\/a-h-health.ch\\\/#organization\",\"name\":\"Animal & Human Health AG\",\"url\":\"https:\\\/\\\/a-h-health.ch\\\/\",\"logo\":{\"@type\":\"ImageObject\",\"inLanguage\":\"fr-FR\",\"@id\":\"https:\\\/\\\/a-h-health.ch\\\/#\\\/schema\\\/logo\\\/image\\\/\",\"url\":\"https:\\\/\\\/a-h-health.ch\\\/wp-content\\\/uploads\\\/2020\\\/12\\\/Logo-animal-health.jpg\",\"contentUrl\":\"https:\\\/\\\/a-h-health.ch\\\/wp-content\\\/uploads\\\/2020\\\/12\\\/Logo-animal-health.jpg\",\"width\":653,\"height\":56,\"caption\":\"Animal & Human Health AG\"},\"image\":{\"@id\":\"https:\\\/\\\/a-h-health.ch\\\/#\\\/schema\\\/logo\\\/image\\\/\"}}]}<\/script>\n<!-- \/ Yoast SEO plugin. -->","yoast_head_json":{"title":"Mas\u00adsa\u00adge-Hand\u00adschuh Hand\u00adsOn M \u2013 Ani\u00admal &amp; Human Health AG","robots":{"index":"index","follow":"follow","max-snippet":"max-snippet:-1","max-image-preview":"max-image-preview:large","max-video-preview":"max-video-preview:-1"},"canonical":"https:\/\/a-h-health.ch\/fr\/shop\/massage-handschuh-handson-m-2\/","og_locale":"fr_FR","og_type":"article","og_title":"Massage-Handschuh HandsOn M - Animal &amp; Human Health AG","og_description":"Der 5-Finger Noppenhandschuh der Marke HandsOn Gloves ist mit seinen 113 Gramm ein Leichtgewicht unter den traditionellen Fellpflegeartikeln. Neben seinem geringen Gewicht ist er zu dem \u00e4u\u00dferst robust und langlebig. W\u00e4hrend des B\u00fcrstens, Putzens und Massierens kann der Handschuh durch seine praktische 5-Fingerform und dem hochwertigen B\u00fcndchen mit verstellbarem Klettverschluss weder verrutschen noch herunterfallen. HandsOn [&hellip;]","og_url":"https:\/\/a-h-health.ch\/fr\/shop\/massage-handschuh-handson-m-2\/","og_site_name":"Animal &amp; Human Health AG","article_modified_time":"2023-08-08T12:28:40+00:00","og_image":[{"width":720,"height":480,"url":"https:\/\/a-h-health.ch\/wp-content\/uploads\/2022\/10\/Handschu-handson-detail.jpg","type":"image\/jpeg"}],"twitter_card":"summary_large_image","twitter_misc":{"Dur\u00e9e de lecture estim\u00e9e":"1 minute"},"schema":{"@context":"https:\/\/schema.org","@graph":[{"@type":"WebPage","@id":"https:\/\/a-h-health.ch\/shop\/massage-handschuh-handson-m-2\/","url":"https:\/\/a-h-health.ch\/shop\/massage-handschuh-handson-m-2\/","name":"Mas\u00adsa\u00adge-Hand\u00adschuh Hand\u00adsOn M \u2013 Ani\u00admal &amp; Human Health AG","isPartOf":{"@id":"https:\/\/a-h-health.ch\/#website"},"primaryImageOfPage":{"@id":"https:\/\/a-h-health.ch\/shop\/massage-handschuh-handson-m-2\/#primaryimage"},"image":{"@id":"https:\/\/a-h-health.ch\/shop\/massage-handschuh-handson-m-2\/#primaryimage"},"thumbnailUrl":"https:\/\/a-h-health.ch\/wp-content\/uploads\/2022\/10\/Handschu-handson-detail.jpg","datePublished":"2022-10-27T09:04:17+00:00","dateModified":"2023-08-08T12:28:40+00:00","breadcrumb":{"@id":"https:\/\/a-h-health.ch\/shop\/massage-handschuh-handson-m-2\/#breadcrumb"},"inLanguage":"fr-FR","potentialAction":[{"@type":"ReadAction","target":["https:\/\/a-h-health.ch\/shop\/massage-handschuh-handson-m-2\/"]}]},{"@type":"ImageObject","inLanguage":"fr-FR","@id":"https:\/\/a-h-health.ch\/shop\/massage-handschuh-handson-m-2\/#primaryimage","url":"https:\/\/a-h-health.ch\/wp-content\/uploads\/2022\/10\/Handschu-handson-detail.jpg","contentUrl":"https:\/\/a-h-health.ch\/wp-content\/uploads\/2022\/10\/Handschu-handson-detail.jpg","width":720,"height":480},{"@type":"BreadcrumbList","@id":"https:\/\/a-h-health.ch\/shop\/massage-handschuh-handson-m-2\/#breadcrumb","itemListElement":[{"@type":"ListItem","position":1,"name":"Startseite","item":"https:\/\/a-h-health.ch\/"},{"@type":"ListItem","position":2,"name":"Shop","item":"https:\/\/a-h-health.ch\/shop\/"},{"@type":"ListItem","position":3,"name":"Massage-Handschuh HandsOn M"}]},{"@type":"WebSite","@id":"https:\/\/a-h-health.ch\/#website","url":"https:\/\/a-h-health.ch\/","name":"Ani\u00admal and Human Health AG","description":"Nous som\u00admes vos interlo\u00adcu\u00adteurs lorsqu\u2019il s\u2019a\u00adgit de la san\u00adt\u00e9 pro\u00adfes\u00adsi\u00adon\u00adnel\u00adle et du bien-\u00eatre de vot\u00adre animal.","publisher":{"@id":"https:\/\/a-h-health.ch\/#organization"},"alternateName":"a-h-health","potentialAction":[{"@type":"SearchAction","target":{"@type":"EntryPoint","urlTemplate":"https:\/\/a-h-health.ch\/?s={search_term_string}"},"query-input":{"@type":"PropertyValueSpecification","valueRequired":true,"valueName":"search_term_string"}}],"inLanguage":"fr-FR"},{"@type":"Organization","@id":"https:\/\/a-h-health.ch\/#organization","name":"Ani\u00admal &amp; Human Health AG","url":"https:\/\/a-h-health.ch\/","logo":{"@type":"ImageObject","inLanguage":"fr-FR","@id":"https:\/\/a-h-health.ch\/#\/schema\/logo\/image\/","url":"https:\/\/a-h-health.ch\/wp-content\/uploads\/2020\/12\/Logo-animal-health.jpg","contentUrl":"https:\/\/a-h-health.ch\/wp-content\/uploads\/2020\/12\/Logo-animal-health.jpg","width":653,"height":56,"caption":"Animal & Human Health AG"},"image":{"@id":"https:\/\/a-h-health.ch\/#\/schema\/logo\/image\/"}}]}},"_links":{"self":[{"href":"https:\/\/a-h-health.ch\/fr\/wp-json\/wp\/v2\/product\/13956","targetHints":{"allow":["GET"]}}],"collection":[{"href":"https:\/\/a-h-health.ch\/fr\/wp-json\/wp\/v2\/product"}],"about":[{"href":"https:\/\/a-h-health.ch\/fr\/wp-json\/wp\/v2\/types\/product"}],"wp:featuredmedia":[{"embeddable":true,"href":"https:\/\/a-h-health.ch\/fr\/wp-json\/wp\/v2\/media\/13950"}],"wp:attachment":[{"href":"https:\/\/a-h-health.ch\/fr\/wp-json\/wp\/v2\/media?parent=13956"}],"wp:term":[{"taxonomy":"product_brand","embeddable":true,"href":"https:\/\/a-h-health.ch\/fr\/wp-json\/wp\/v2\/product_brand?post=13956"},{"taxonomy":"product_cat","embeddable":true,"href":"https:\/\/a-h-health.ch\/fr\/wp-json\/wp\/v2\/product_cat?post=13956"},{"taxonomy":"product_tag","embeddable":true,"href":"https:\/\/a-h-health.ch\/fr\/wp-json\/wp\/v2\/product_tag?post=13956"}],"curies":[{"name":"wp","href":"https:\/\/api.w.org\/{rel}","templated":true}]}}