{"id":13891,"date":"2022-08-11T15:14:20","date_gmt":"2022-08-11T13:14:20","guid":{"rendered":"https:\/\/a-h-health.ch\/?post_type=product&#038;p=13891"},"modified":"2025-01-07T17:19:59","modified_gmt":"2025-01-07T16:19:59","slug":"msm-optimal-c-1-5kg","status":"publish","type":"product","link":"https:\/\/a-h-health.ch\/fr\/shop\/msm-optimal-c-1-5kg\/","title":{"rendered":"MSM Optimal\u2011C, 1.5kg"},"content":{"rendered":"<p>Syn\u00adovi\u00adum MSM Optimal\u2011C est un com\u00adpl\u00e9\u00adment ali\u00admen\u00adtai\u00adre \u00e0 base d\u2019ex\u00adtraits natu\u00adrels. Le pro\u00adduit con\u00adti\u00adent une for\u00adte pro\u00adpor\u00adti\u00adon de souf\u00adre bio\u00addis\u00adpo\u00adni\u00adble que le che\u00adval uti\u00adli\u00adse dans la syn\u00adth\u00e8\u00adse des aci\u00addes ami\u00adn\u00e9s et des pro\u00adt\u00e9\u00adi\u00adnes. L\u2019a\u00adjout de vit\u00adami\u00adne C ren\u00adforce l\u2019ef\u00adfet pro\u00adtec\u00adteur que le MSM exer\u00adce d\u00e9j\u00e0 sur le che\u00adval. Syn\u00adovi\u00adum MSM Optimal\u2011C est une for\u00admu\u00adle uni\u00adque et natu\u00adrel\u00adle com\u00adpo\u00ads\u00e9e de dif\u00adf\u00e9r\u00adents nut\u00adri\u00adments. Le pro\u00adduit favo\u00adri\u00adse la r\u00e9cup\u00ad\u00e9\u00adra\u00adti\u00adon des tis\u00adsus mus\u00adcu\u00adlai\u00adres et ten\u00addi\u00adneux chez les chevaux apr\u00e8s l\u2019en\u00adtra\u00ee\u00adne\u00adment. \u00c0 uti\u00adli\u00adser lors de com\u00adp\u00e9\u00adti\u00adti\u00adons de plu\u00adsieurs jours. Peut sou\u00adte\u00adnir le m\u00e9ta\u00adbo\u00adlis\u00adme mus\u00adcu\u00adlai\u00adre et la r\u00e9cup\u00ad\u00e9\u00adra\u00adti\u00adon apr\u00e8s une blessure.<\/p>\n<p><strong>Com\u00adpo\u00adsi\u00adti\u00adon :<\/strong><br>\nm\u00e9thyl\u00adsul\u00adfo\u00adnyl\u00adm\u00e9tha\u00adne 320.000 mg<br>\nVit\u00adami\u00adne C 100.000 mg.<\/p>","protected":false},"excerpt":{"rendered":"<p>Synovium MSM Optimal-C ist ein Nahrungserg\u00e4nzungsmittel, das auf nat\u00fcrlichen Extrakten basiert. Das Produkt enth\u00e4lt einen hohen Anteil an bioverf\u00fcgbarem Schwefel, den das Pferd bei der Aminos\u00e4ure- und Proteinsynthese verwendet. Die Zugabe von Vitamin C verst\u00e4rkt die Schutzwirkung, die MSM bereits beim Pferd hat. Synovium MSM Optimal-C ist eine einzigartige und nat\u00fcrliche Formel aus verschiedenen N\u00e4hrstoffen. [&hellip;]<\/p>\n","protected":false},"featured_media":13893,"template":"","meta":{"wp_typography_post_enhancements_disabled":false},"product_brand":[],"product_cat":[34,562,609],"product_tag":[574],"class_list":{"0":"post-13891","1":"product","2":"type-product","3":"status-publish","4":"has-post-thumbnail","6":"product_cat-nahrungsergaenzung","7":"product_cat-pferd","8":"product_cat-synovium","9":"product_tag-futter-und-diverse","11":"first","12":"instock","13":"taxable","14":"shipping-taxable","15":"product-type-simple"},"yoast_head":"<!-- This site is optimized with the Yoast SEO plugin v27.4 - https:\/\/yoast.com\/product\/yoast-seo-wordpress\/ -->\n<title>MSM Optimal-C, 1.5kg - Animal &amp; Human Health AG<\/title>\n<meta name=\"robots\" content=\"index, follow, max-snippet:-1, max-image-preview:large, max-video-preview:-1\" \/>\n<link rel=\"canonical\" href=\"https:\/\/a-h-health.ch\/fr\/shop\/msm-optimal-c-1-5kg\/\" \/>\n<meta property=\"og:locale\" content=\"fr_FR\" \/>\n<meta property=\"og:type\" content=\"article\" \/>\n<meta property=\"og:title\" content=\"MSM Optimal-C, 1.5kg - Animal &amp; Human Health AG\" \/>\n<meta property=\"og:description\" content=\"Synovium MSM Optimal-C ist ein Nahrungserg\u00e4nzungsmittel, das auf nat\u00fcrlichen Extrakten basiert. Das Produkt enth\u00e4lt einen hohen Anteil an bioverf\u00fcgbarem Schwefel, den das Pferd bei der Aminos\u00e4ure- und Proteinsynthese verwendet. Die Zugabe von Vitamin C verst\u00e4rkt die Schutzwirkung, die MSM bereits beim Pferd hat. Synovium MSM Optimal-C ist eine einzigartige und nat\u00fcrliche Formel aus verschiedenen N\u00e4hrstoffen. [&hellip;]\" \/>\n<meta property=\"og:url\" content=\"https:\/\/a-h-health.ch\/fr\/shop\/msm-optimal-c-1-5kg\/\" \/>\n<meta property=\"og:site_name\" content=\"Animal &amp; Human Health AG\" \/>\n<meta property=\"article:modified_time\" content=\"2025-01-07T16:19:59+00:00\" \/>\n<meta property=\"og:image\" content=\"https:\/\/a-h-health.ch\/wp-content\/uploads\/2022\/08\/msm_optimal_c_none_4_1470827296_75607.jpg\" \/>\n\t<meta property=\"og:image:width\" content=\"500\" \/>\n\t<meta property=\"og:image:height\" content=\"500\" \/>\n\t<meta property=\"og:image:type\" content=\"image\/jpeg\" \/>\n<meta name=\"twitter:card\" content=\"summary_large_image\" \/>\n<meta name=\"twitter:label1\" content=\"Dur\u00e9e de lecture estim\u00e9e\" \/>\n\t<meta name=\"twitter:data1\" content=\"1 minute\" \/>\n<script type=\"application\/ld+json\" class=\"yoast-schema-graph\">{\"@context\":\"https:\\\/\\\/schema.org\",\"@graph\":[{\"@type\":\"WebPage\",\"@id\":\"https:\\\/\\\/a-h-health.ch\\\/shop\\\/msm-optimal-c-1-5kg\\\/\",\"url\":\"https:\\\/\\\/a-h-health.ch\\\/shop\\\/msm-optimal-c-1-5kg\\\/\",\"name\":\"MSM Optimal-C, 1.5kg - Animal &amp; Human Health AG\",\"isPartOf\":{\"@id\":\"https:\\\/\\\/a-h-health.ch\\\/#website\"},\"primaryImageOfPage\":{\"@id\":\"https:\\\/\\\/a-h-health.ch\\\/shop\\\/msm-optimal-c-1-5kg\\\/#primaryimage\"},\"image\":{\"@id\":\"https:\\\/\\\/a-h-health.ch\\\/shop\\\/msm-optimal-c-1-5kg\\\/#primaryimage\"},\"thumbnailUrl\":\"https:\\\/\\\/a-h-health.ch\\\/wp-content\\\/uploads\\\/2022\\\/08\\\/msm_optimal_c_none_4_1470827296_75607.jpg\",\"datePublished\":\"2022-08-11T13:14:20+00:00\",\"dateModified\":\"2025-01-07T16:19:59+00:00\",\"breadcrumb\":{\"@id\":\"https:\\\/\\\/a-h-health.ch\\\/shop\\\/msm-optimal-c-1-5kg\\\/#breadcrumb\"},\"inLanguage\":\"fr-FR\",\"potentialAction\":[{\"@type\":\"ReadAction\",\"target\":[\"https:\\\/\\\/a-h-health.ch\\\/shop\\\/msm-optimal-c-1-5kg\\\/\"]}]},{\"@type\":\"ImageObject\",\"inLanguage\":\"fr-FR\",\"@id\":\"https:\\\/\\\/a-h-health.ch\\\/shop\\\/msm-optimal-c-1-5kg\\\/#primaryimage\",\"url\":\"https:\\\/\\\/a-h-health.ch\\\/wp-content\\\/uploads\\\/2022\\\/08\\\/msm_optimal_c_none_4_1470827296_75607.jpg\",\"contentUrl\":\"https:\\\/\\\/a-h-health.ch\\\/wp-content\\\/uploads\\\/2022\\\/08\\\/msm_optimal_c_none_4_1470827296_75607.jpg\",\"width\":500,\"height\":500},{\"@type\":\"BreadcrumbList\",\"@id\":\"https:\\\/\\\/a-h-health.ch\\\/shop\\\/msm-optimal-c-1-5kg\\\/#breadcrumb\",\"itemListElement\":[{\"@type\":\"ListItem\",\"position\":1,\"name\":\"Startseite\",\"item\":\"https:\\\/\\\/a-h-health.ch\\\/\"},{\"@type\":\"ListItem\",\"position\":2,\"name\":\"Shop\",\"item\":\"https:\\\/\\\/a-h-health.ch\\\/shop\\\/\"},{\"@type\":\"ListItem\",\"position\":3,\"name\":\"MSM Optimal-C, 1.5kg\"}]},{\"@type\":\"WebSite\",\"@id\":\"https:\\\/\\\/a-h-health.ch\\\/#website\",\"url\":\"https:\\\/\\\/a-h-health.ch\\\/\",\"name\":\"Animal and Human Health AG\",\"description\":\"Wir sind Ihre Ansprechpartner, wenn es um die professionelle Gesundheit und das Wohl ihres Tieres geht.\",\"publisher\":{\"@id\":\"https:\\\/\\\/a-h-health.ch\\\/#organization\"},\"alternateName\":\"a-h-health\",\"potentialAction\":[{\"@type\":\"SearchAction\",\"target\":{\"@type\":\"EntryPoint\",\"urlTemplate\":\"https:\\\/\\\/a-h-health.ch\\\/?s={search_term_string}\"},\"query-input\":{\"@type\":\"PropertyValueSpecification\",\"valueRequired\":true,\"valueName\":\"search_term_string\"}}],\"inLanguage\":\"fr-FR\"},{\"@type\":\"Organization\",\"@id\":\"https:\\\/\\\/a-h-health.ch\\\/#organization\",\"name\":\"Animal & Human Health AG\",\"url\":\"https:\\\/\\\/a-h-health.ch\\\/\",\"logo\":{\"@type\":\"ImageObject\",\"inLanguage\":\"fr-FR\",\"@id\":\"https:\\\/\\\/a-h-health.ch\\\/#\\\/schema\\\/logo\\\/image\\\/\",\"url\":\"https:\\\/\\\/a-h-health.ch\\\/wp-content\\\/uploads\\\/2020\\\/12\\\/Logo-animal-health.jpg\",\"contentUrl\":\"https:\\\/\\\/a-h-health.ch\\\/wp-content\\\/uploads\\\/2020\\\/12\\\/Logo-animal-health.jpg\",\"width\":653,\"height\":56,\"caption\":\"Animal & Human Health AG\"},\"image\":{\"@id\":\"https:\\\/\\\/a-h-health.ch\\\/#\\\/schema\\\/logo\\\/image\\\/\"}}]}<\/script>\n<!-- \/ Yoast SEO plugin. -->","yoast_head_json":{"title":"MSM Optimal\u2011C, 1.5kg \u2013 Ani\u00admal &amp; Human Health AG","robots":{"index":"index","follow":"follow","max-snippet":"max-snippet:-1","max-image-preview":"max-image-preview:large","max-video-preview":"max-video-preview:-1"},"canonical":"https:\/\/a-h-health.ch\/fr\/shop\/msm-optimal-c-1-5kg\/","og_locale":"fr_FR","og_type":"article","og_title":"MSM Optimal-C, 1.5kg - Animal &amp; Human Health AG","og_description":"Synovium MSM Optimal-C ist ein Nahrungserg\u00e4nzungsmittel, das auf nat\u00fcrlichen Extrakten basiert. Das Produkt enth\u00e4lt einen hohen Anteil an bioverf\u00fcgbarem Schwefel, den das Pferd bei der Aminos\u00e4ure- und Proteinsynthese verwendet. Die Zugabe von Vitamin C verst\u00e4rkt die Schutzwirkung, die MSM bereits beim Pferd hat. Synovium MSM Optimal-C ist eine einzigartige und nat\u00fcrliche Formel aus verschiedenen N\u00e4hrstoffen. [&hellip;]","og_url":"https:\/\/a-h-health.ch\/fr\/shop\/msm-optimal-c-1-5kg\/","og_site_name":"Animal &amp; Human Health AG","article_modified_time":"2025-01-07T16:19:59+00:00","og_image":[{"width":500,"height":500,"url":"https:\/\/a-h-health.ch\/wp-content\/uploads\/2022\/08\/msm_optimal_c_none_4_1470827296_75607.jpg","type":"image\/jpeg"}],"twitter_card":"summary_large_image","twitter_misc":{"Dur\u00e9e de lecture estim\u00e9e":"1 minute"},"schema":{"@context":"https:\/\/schema.org","@graph":[{"@type":"WebPage","@id":"https:\/\/a-h-health.ch\/shop\/msm-optimal-c-1-5kg\/","url":"https:\/\/a-h-health.ch\/shop\/msm-optimal-c-1-5kg\/","name":"MSM Optimal\u2011C, 1.5kg \u2013 Ani\u00admal &amp; Human Health AG","isPartOf":{"@id":"https:\/\/a-h-health.ch\/#website"},"primaryImageOfPage":{"@id":"https:\/\/a-h-health.ch\/shop\/msm-optimal-c-1-5kg\/#primaryimage"},"image":{"@id":"https:\/\/a-h-health.ch\/shop\/msm-optimal-c-1-5kg\/#primaryimage"},"thumbnailUrl":"https:\/\/a-h-health.ch\/wp-content\/uploads\/2022\/08\/msm_optimal_c_none_4_1470827296_75607.jpg","datePublished":"2022-08-11T13:14:20+00:00","dateModified":"2025-01-07T16:19:59+00:00","breadcrumb":{"@id":"https:\/\/a-h-health.ch\/shop\/msm-optimal-c-1-5kg\/#breadcrumb"},"inLanguage":"fr-FR","potentialAction":[{"@type":"ReadAction","target":["https:\/\/a-h-health.ch\/shop\/msm-optimal-c-1-5kg\/"]}]},{"@type":"ImageObject","inLanguage":"fr-FR","@id":"https:\/\/a-h-health.ch\/shop\/msm-optimal-c-1-5kg\/#primaryimage","url":"https:\/\/a-h-health.ch\/wp-content\/uploads\/2022\/08\/msm_optimal_c_none_4_1470827296_75607.jpg","contentUrl":"https:\/\/a-h-health.ch\/wp-content\/uploads\/2022\/08\/msm_optimal_c_none_4_1470827296_75607.jpg","width":500,"height":500},{"@type":"BreadcrumbList","@id":"https:\/\/a-h-health.ch\/shop\/msm-optimal-c-1-5kg\/#breadcrumb","itemListElement":[{"@type":"ListItem","position":1,"name":"Startseite","item":"https:\/\/a-h-health.ch\/"},{"@type":"ListItem","position":2,"name":"Shop","item":"https:\/\/a-h-health.ch\/shop\/"},{"@type":"ListItem","position":3,"name":"MSM Optimal-C, 1.5kg"}]},{"@type":"WebSite","@id":"https:\/\/a-h-health.ch\/#website","url":"https:\/\/a-h-health.ch\/","name":"Ani\u00admal and Human Health AG","description":"Nous som\u00admes vos interlo\u00adcu\u00adteurs lorsqu\u2019il s\u2019a\u00adgit de la san\u00adt\u00e9 pro\u00adfes\u00adsi\u00adon\u00adnel\u00adle et du bien-\u00eatre de vot\u00adre animal.","publisher":{"@id":"https:\/\/a-h-health.ch\/#organization"},"alternateName":"a-h-health","potentialAction":[{"@type":"SearchAction","target":{"@type":"EntryPoint","urlTemplate":"https:\/\/a-h-health.ch\/?s={search_term_string}"},"query-input":{"@type":"PropertyValueSpecification","valueRequired":true,"valueName":"search_term_string"}}],"inLanguage":"fr-FR"},{"@type":"Organization","@id":"https:\/\/a-h-health.ch\/#organization","name":"Ani\u00admal &amp; Human Health AG","url":"https:\/\/a-h-health.ch\/","logo":{"@type":"ImageObject","inLanguage":"fr-FR","@id":"https:\/\/a-h-health.ch\/#\/schema\/logo\/image\/","url":"https:\/\/a-h-health.ch\/wp-content\/uploads\/2020\/12\/Logo-animal-health.jpg","contentUrl":"https:\/\/a-h-health.ch\/wp-content\/uploads\/2020\/12\/Logo-animal-health.jpg","width":653,"height":56,"caption":"Animal & Human Health AG"},"image":{"@id":"https:\/\/a-h-health.ch\/#\/schema\/logo\/image\/"}}]}},"_links":{"self":[{"href":"https:\/\/a-h-health.ch\/fr\/wp-json\/wp\/v2\/product\/13891","targetHints":{"allow":["GET"]}}],"collection":[{"href":"https:\/\/a-h-health.ch\/fr\/wp-json\/wp\/v2\/product"}],"about":[{"href":"https:\/\/a-h-health.ch\/fr\/wp-json\/wp\/v2\/types\/product"}],"wp:featuredmedia":[{"embeddable":true,"href":"https:\/\/a-h-health.ch\/fr\/wp-json\/wp\/v2\/media\/13893"}],"wp:attachment":[{"href":"https:\/\/a-h-health.ch\/fr\/wp-json\/wp\/v2\/media?parent=13891"}],"wp:term":[{"taxonomy":"product_brand","embeddable":true,"href":"https:\/\/a-h-health.ch\/fr\/wp-json\/wp\/v2\/product_brand?post=13891"},{"taxonomy":"product_cat","embeddable":true,"href":"https:\/\/a-h-health.ch\/fr\/wp-json\/wp\/v2\/product_cat?post=13891"},{"taxonomy":"product_tag","embeddable":true,"href":"https:\/\/a-h-health.ch\/fr\/wp-json\/wp\/v2\/product_tag?post=13891"}],"curies":[{"name":"wp","href":"https:\/\/api.w.org\/{rel}","templated":true}]}}