{"id":13867,"date":"2022-07-28T16:11:41","date_gmt":"2022-07-28T14:11:41","guid":{"rendered":"https:\/\/a-h-health.ch\/?post_type=product&#038;p=13867"},"modified":"2024-12-30T10:29:10","modified_gmt":"2024-12-30T09:29:10","slug":"elastikon-bandage-heavy-7-6cm-x-2-2m","status":"publish","type":"product","link":"https:\/\/a-h-health.ch\/fr\/shop\/elastikon-bandage-heavy-7-6cm-x-2-2m\/","title":{"rendered":"Ban\u00adda\u00adge Ela\u00adsti\u00adkon \u201chea\u00advy\u201d 7.6cm x 2.2m"},"content":{"rendered":"<p>L\u2019E\u00adla\u00adsti\u00adkon Ban\u00adda\u00adge Tape de John\u00adson &amp; John\u00adson est une ban\u00adde de ban\u00adda\u00adge tex\u00adti\u00adle \u00e9la\u00adstique en coton \u00e0 hau\u00adte tor\u00adsi\u00adon avec un adh\u00e9\u00adsif \u00e0 base de caout\u00adchouc. qui assu\u00adre la gran\u00adde \u00e9la\u00adsti\u00adci\u00adt\u00e9 n\u00e9ces\u00adsaire aux ban\u00adda\u00adges de pres\u00adsi\u00adon dyna\u00admi\u00adques. La mise en place du ban\u00adda\u00adge est tr\u00e8s simp\u00adle : il suf\u00adfit de pla\u00adcer une moi\u00adti\u00e9 de la ban\u00adde de ban\u00adda\u00adge Ela\u00adsti\u00adkon sur le che\u00adval et l\u2019aut\u00adre moi\u00adti\u00e9 sur le ban\u00adda\u00adge fle\u00adxi\u00adble. Respi\u00adrant et per\u00adm\u00e9a\u00adble \u00e0 l\u2019humidit\u00e9.<\/p>\n<p>4 pi\u00e8ces\/bo\u00eete<\/p>","protected":false},"excerpt":{"rendered":"<p>Das Elastikon Bandage Tape von Johnson &amp; Johnson ist ein elastisches Textil-Bandagenband aus Baumwolle hoher Zwirnung mit einem gummibasierten Haftmittel. das f\u00fcr die hohe Elastizit\u00e4t sorgt, die f\u00fcr dynamische Druckverb\u00e4nde erforderlich ist. Das Anlegen der Bandage ist ganz einfach: Eine H\u00e4lfte des Elastikon-Bandagenbands auf das Pferd auflegen, die andere H\u00e4lfte auf die flexible Bandage. Atmungsaktiv [&hellip;]<\/p>\n","protected":false},"featured_media":12951,"template":"","meta":{"wp_typography_post_enhancements_disabled":false},"product_brand":[],"product_cat":[559,621,565,626,562,607],"product_tag":[574],"class_list":{"0":"post-13867","1":"product","2":"type-product","3":"status-publish","4":"has-post-thumbnail","6":"product_cat-divers","7":"product_cat-elastikon","8":"product_cat-grosstier","9":"product_cat-johnson-johnson","10":"product_cat-pferd","11":"product_cat-verbandsmaterial","12":"product_tag-futter-und-diverse","14":"first","15":"instock","16":"taxable","17":"shipping-taxable","18":"product-type-simple"},"yoast_head":"<!-- This site is optimized with the Yoast SEO plugin v27.4 - https:\/\/yoast.com\/product\/yoast-seo-wordpress\/ -->\n<title>Bandage Elastikon &quot;heavy&quot; 7.6cm x 2.2m - Animal &amp; Human Health AG<\/title>\n<meta name=\"robots\" content=\"index, follow, max-snippet:-1, max-image-preview:large, max-video-preview:-1\" \/>\n<link rel=\"canonical\" href=\"https:\/\/a-h-health.ch\/fr\/shop\/elastikon-bandage-heavy-7-6cm-x-2-2m\/\" \/>\n<meta property=\"og:locale\" content=\"fr_FR\" \/>\n<meta property=\"og:type\" content=\"article\" \/>\n<meta property=\"og:title\" content=\"Bandage Elastikon &quot;heavy&quot; 7.6cm x 2.2m - Animal &amp; Human Health AG\" \/>\n<meta property=\"og:description\" content=\"Das Elastikon Bandage Tape von Johnson &amp; Johnson ist ein elastisches Textil-Bandagenband aus Baumwolle hoher Zwirnung mit einem gummibasierten Haftmittel. das f\u00fcr die hohe Elastizit\u00e4t sorgt, die f\u00fcr dynamische Druckverb\u00e4nde erforderlich ist. Das Anlegen der Bandage ist ganz einfach: Eine H\u00e4lfte des Elastikon-Bandagenbands auf das Pferd auflegen, die andere H\u00e4lfte auf die flexible Bandage. Atmungsaktiv [&hellip;]\" \/>\n<meta property=\"og:url\" content=\"https:\/\/a-h-health.ch\/fr\/shop\/elastikon-bandage-heavy-7-6cm-x-2-2m\/\" \/>\n<meta property=\"og:site_name\" content=\"Animal &amp; Human Health AG\" \/>\n<meta property=\"article:modified_time\" content=\"2024-12-30T09:29:10+00:00\" \/>\n<meta property=\"og:image\" content=\"https:\/\/a-h-health.ch\/wp-content\/uploads\/2022\/03\/Elastikon.jpg\" \/>\n\t<meta property=\"og:image:width\" content=\"510\" \/>\n\t<meta property=\"og:image:height\" content=\"510\" \/>\n\t<meta property=\"og:image:type\" content=\"image\/jpeg\" \/>\n<meta name=\"twitter:card\" content=\"summary_large_image\" \/>\n<meta name=\"twitter:label1\" content=\"Dur\u00e9e de lecture estim\u00e9e\" \/>\n\t<meta name=\"twitter:data1\" content=\"1 minute\" \/>\n<script type=\"application\/ld+json\" class=\"yoast-schema-graph\">{\"@context\":\"https:\\\/\\\/schema.org\",\"@graph\":[{\"@type\":\"WebPage\",\"@id\":\"https:\\\/\\\/a-h-health.ch\\\/shop\\\/elastikon-bandage-heavy-7-6cm-x-2-2m\\\/\",\"url\":\"https:\\\/\\\/a-h-health.ch\\\/shop\\\/elastikon-bandage-heavy-7-6cm-x-2-2m\\\/\",\"name\":\"Bandage Elastikon \\\"heavy\\\" 7.6cm x 2.2m - Animal &amp; Human Health AG\",\"isPartOf\":{\"@id\":\"https:\\\/\\\/a-h-health.ch\\\/#website\"},\"primaryImageOfPage\":{\"@id\":\"https:\\\/\\\/a-h-health.ch\\\/shop\\\/elastikon-bandage-heavy-7-6cm-x-2-2m\\\/#primaryimage\"},\"image\":{\"@id\":\"https:\\\/\\\/a-h-health.ch\\\/shop\\\/elastikon-bandage-heavy-7-6cm-x-2-2m\\\/#primaryimage\"},\"thumbnailUrl\":\"https:\\\/\\\/a-h-health.ch\\\/wp-content\\\/uploads\\\/2022\\\/03\\\/Elastikon.jpg\",\"datePublished\":\"2022-07-28T14:11:41+00:00\",\"dateModified\":\"2024-12-30T09:29:10+00:00\",\"breadcrumb\":{\"@id\":\"https:\\\/\\\/a-h-health.ch\\\/shop\\\/elastikon-bandage-heavy-7-6cm-x-2-2m\\\/#breadcrumb\"},\"inLanguage\":\"fr-FR\",\"potentialAction\":[{\"@type\":\"ReadAction\",\"target\":[\"https:\\\/\\\/a-h-health.ch\\\/shop\\\/elastikon-bandage-heavy-7-6cm-x-2-2m\\\/\"]}]},{\"@type\":\"ImageObject\",\"inLanguage\":\"fr-FR\",\"@id\":\"https:\\\/\\\/a-h-health.ch\\\/shop\\\/elastikon-bandage-heavy-7-6cm-x-2-2m\\\/#primaryimage\",\"url\":\"https:\\\/\\\/a-h-health.ch\\\/wp-content\\\/uploads\\\/2022\\\/03\\\/Elastikon.jpg\",\"contentUrl\":\"https:\\\/\\\/a-h-health.ch\\\/wp-content\\\/uploads\\\/2022\\\/03\\\/Elastikon.jpg\",\"width\":510,\"height\":510},{\"@type\":\"BreadcrumbList\",\"@id\":\"https:\\\/\\\/a-h-health.ch\\\/shop\\\/elastikon-bandage-heavy-7-6cm-x-2-2m\\\/#breadcrumb\",\"itemListElement\":[{\"@type\":\"ListItem\",\"position\":1,\"name\":\"Startseite\",\"item\":\"https:\\\/\\\/a-h-health.ch\\\/\"},{\"@type\":\"ListItem\",\"position\":2,\"name\":\"Shop\",\"item\":\"https:\\\/\\\/a-h-health.ch\\\/shop\\\/\"},{\"@type\":\"ListItem\",\"position\":3,\"name\":\"Bandage Elastikon &#8222;heavy&#8220; 7.6cm x 2.2m\"}]},{\"@type\":\"WebSite\",\"@id\":\"https:\\\/\\\/a-h-health.ch\\\/#website\",\"url\":\"https:\\\/\\\/a-h-health.ch\\\/\",\"name\":\"Animal and Human Health AG\",\"description\":\"Wir sind Ihre Ansprechpartner, wenn es um die professionelle Gesundheit und das Wohl ihres Tieres geht.\",\"publisher\":{\"@id\":\"https:\\\/\\\/a-h-health.ch\\\/#organization\"},\"alternateName\":\"a-h-health\",\"potentialAction\":[{\"@type\":\"SearchAction\",\"target\":{\"@type\":\"EntryPoint\",\"urlTemplate\":\"https:\\\/\\\/a-h-health.ch\\\/?s={search_term_string}\"},\"query-input\":{\"@type\":\"PropertyValueSpecification\",\"valueRequired\":true,\"valueName\":\"search_term_string\"}}],\"inLanguage\":\"fr-FR\"},{\"@type\":\"Organization\",\"@id\":\"https:\\\/\\\/a-h-health.ch\\\/#organization\",\"name\":\"Animal & Human Health AG\",\"url\":\"https:\\\/\\\/a-h-health.ch\\\/\",\"logo\":{\"@type\":\"ImageObject\",\"inLanguage\":\"fr-FR\",\"@id\":\"https:\\\/\\\/a-h-health.ch\\\/#\\\/schema\\\/logo\\\/image\\\/\",\"url\":\"https:\\\/\\\/a-h-health.ch\\\/wp-content\\\/uploads\\\/2020\\\/12\\\/Logo-animal-health.jpg\",\"contentUrl\":\"https:\\\/\\\/a-h-health.ch\\\/wp-content\\\/uploads\\\/2020\\\/12\\\/Logo-animal-health.jpg\",\"width\":653,\"height\":56,\"caption\":\"Animal & Human Health AG\"},\"image\":{\"@id\":\"https:\\\/\\\/a-h-health.ch\\\/#\\\/schema\\\/logo\\\/image\\\/\"}}]}<\/script>\n<!-- \/ Yoast SEO plugin. -->","yoast_head_json":{"title":"Ban\u00adda\u00adge Ela\u00adsti\u00adkon \u201chea\u00advy\u201d 7.6cm x 2.2m \u2013 Ani\u00admal &amp; Human Health AG","robots":{"index":"index","follow":"follow","max-snippet":"max-snippet:-1","max-image-preview":"max-image-preview:large","max-video-preview":"max-video-preview:-1"},"canonical":"https:\/\/a-h-health.ch\/fr\/shop\/elastikon-bandage-heavy-7-6cm-x-2-2m\/","og_locale":"fr_FR","og_type":"article","og_title":"Bandage Elastikon \"heavy\" 7.6cm x 2.2m - Animal &amp; Human Health AG","og_description":"Das Elastikon Bandage Tape von Johnson &amp; Johnson ist ein elastisches Textil-Bandagenband aus Baumwolle hoher Zwirnung mit einem gummibasierten Haftmittel. das f\u00fcr die hohe Elastizit\u00e4t sorgt, die f\u00fcr dynamische Druckverb\u00e4nde erforderlich ist. Das Anlegen der Bandage ist ganz einfach: Eine H\u00e4lfte des Elastikon-Bandagenbands auf das Pferd auflegen, die andere H\u00e4lfte auf die flexible Bandage. Atmungsaktiv [&hellip;]","og_url":"https:\/\/a-h-health.ch\/fr\/shop\/elastikon-bandage-heavy-7-6cm-x-2-2m\/","og_site_name":"Animal &amp; Human Health AG","article_modified_time":"2024-12-30T09:29:10+00:00","og_image":[{"width":510,"height":510,"url":"https:\/\/a-h-health.ch\/wp-content\/uploads\/2022\/03\/Elastikon.jpg","type":"image\/jpeg"}],"twitter_card":"summary_large_image","twitter_misc":{"Dur\u00e9e de lecture estim\u00e9e":"1 minute"},"schema":{"@context":"https:\/\/schema.org","@graph":[{"@type":"WebPage","@id":"https:\/\/a-h-health.ch\/shop\/elastikon-bandage-heavy-7-6cm-x-2-2m\/","url":"https:\/\/a-h-health.ch\/shop\/elastikon-bandage-heavy-7-6cm-x-2-2m\/","name":"Ban\u00adda\u00adge Ela\u00adsti\u00adkon \u201chea\u00advy\u201d 7.6cm x 2.2m \u2013 Ani\u00admal &amp; Human Health AG","isPartOf":{"@id":"https:\/\/a-h-health.ch\/#website"},"primaryImageOfPage":{"@id":"https:\/\/a-h-health.ch\/shop\/elastikon-bandage-heavy-7-6cm-x-2-2m\/#primaryimage"},"image":{"@id":"https:\/\/a-h-health.ch\/shop\/elastikon-bandage-heavy-7-6cm-x-2-2m\/#primaryimage"},"thumbnailUrl":"https:\/\/a-h-health.ch\/wp-content\/uploads\/2022\/03\/Elastikon.jpg","datePublished":"2022-07-28T14:11:41+00:00","dateModified":"2024-12-30T09:29:10+00:00","breadcrumb":{"@id":"https:\/\/a-h-health.ch\/shop\/elastikon-bandage-heavy-7-6cm-x-2-2m\/#breadcrumb"},"inLanguage":"fr-FR","potentialAction":[{"@type":"ReadAction","target":["https:\/\/a-h-health.ch\/shop\/elastikon-bandage-heavy-7-6cm-x-2-2m\/"]}]},{"@type":"ImageObject","inLanguage":"fr-FR","@id":"https:\/\/a-h-health.ch\/shop\/elastikon-bandage-heavy-7-6cm-x-2-2m\/#primaryimage","url":"https:\/\/a-h-health.ch\/wp-content\/uploads\/2022\/03\/Elastikon.jpg","contentUrl":"https:\/\/a-h-health.ch\/wp-content\/uploads\/2022\/03\/Elastikon.jpg","width":510,"height":510},{"@type":"BreadcrumbList","@id":"https:\/\/a-h-health.ch\/shop\/elastikon-bandage-heavy-7-6cm-x-2-2m\/#breadcrumb","itemListElement":[{"@type":"ListItem","position":1,"name":"Startseite","item":"https:\/\/a-h-health.ch\/"},{"@type":"ListItem","position":2,"name":"Shop","item":"https:\/\/a-h-health.ch\/shop\/"},{"@type":"ListItem","position":3,"name":"Bandage Elastikon &#8222;heavy&#8220; 7.6cm x 2.2m"}]},{"@type":"WebSite","@id":"https:\/\/a-h-health.ch\/#website","url":"https:\/\/a-h-health.ch\/","name":"Ani\u00admal and Human Health AG","description":"Nous som\u00admes vos interlo\u00adcu\u00adteurs lorsqu\u2019il s\u2019a\u00adgit de la san\u00adt\u00e9 pro\u00adfes\u00adsi\u00adon\u00adnel\u00adle et du bien-\u00eatre de vot\u00adre animal.","publisher":{"@id":"https:\/\/a-h-health.ch\/#organization"},"alternateName":"a-h-health","potentialAction":[{"@type":"SearchAction","target":{"@type":"EntryPoint","urlTemplate":"https:\/\/a-h-health.ch\/?s={search_term_string}"},"query-input":{"@type":"PropertyValueSpecification","valueRequired":true,"valueName":"search_term_string"}}],"inLanguage":"fr-FR"},{"@type":"Organization","@id":"https:\/\/a-h-health.ch\/#organization","name":"Ani\u00admal &amp; Human Health AG","url":"https:\/\/a-h-health.ch\/","logo":{"@type":"ImageObject","inLanguage":"fr-FR","@id":"https:\/\/a-h-health.ch\/#\/schema\/logo\/image\/","url":"https:\/\/a-h-health.ch\/wp-content\/uploads\/2020\/12\/Logo-animal-health.jpg","contentUrl":"https:\/\/a-h-health.ch\/wp-content\/uploads\/2020\/12\/Logo-animal-health.jpg","width":653,"height":56,"caption":"Animal & Human Health AG"},"image":{"@id":"https:\/\/a-h-health.ch\/#\/schema\/logo\/image\/"}}]}},"_links":{"self":[{"href":"https:\/\/a-h-health.ch\/fr\/wp-json\/wp\/v2\/product\/13867","targetHints":{"allow":["GET"]}}],"collection":[{"href":"https:\/\/a-h-health.ch\/fr\/wp-json\/wp\/v2\/product"}],"about":[{"href":"https:\/\/a-h-health.ch\/fr\/wp-json\/wp\/v2\/types\/product"}],"wp:featuredmedia":[{"embeddable":true,"href":"https:\/\/a-h-health.ch\/fr\/wp-json\/wp\/v2\/media\/12951"}],"wp:attachment":[{"href":"https:\/\/a-h-health.ch\/fr\/wp-json\/wp\/v2\/media?parent=13867"}],"wp:term":[{"taxonomy":"product_brand","embeddable":true,"href":"https:\/\/a-h-health.ch\/fr\/wp-json\/wp\/v2\/product_brand?post=13867"},{"taxonomy":"product_cat","embeddable":true,"href":"https:\/\/a-h-health.ch\/fr\/wp-json\/wp\/v2\/product_cat?post=13867"},{"taxonomy":"product_tag","embeddable":true,"href":"https:\/\/a-h-health.ch\/fr\/wp-json\/wp\/v2\/product_tag?post=13867"}],"curies":[{"name":"wp","href":"https:\/\/api.w.org\/{rel}","templated":true}]}}