{"id":13787,"date":"2022-07-18T18:04:53","date_gmt":"2022-07-18T16:04:53","guid":{"rendered":"https:\/\/a-h-health.ch\/?post_type=product&#038;p=13787"},"modified":"2023-08-08T14:36:01","modified_gmt":"2023-08-08T12:36:01","slug":"krallenschutz-soft-paws-40-stk-medium","status":"publish","type":"product","link":"https:\/\/a-h-health.ch\/fr\/shop\/krallenschutz-soft-paws-40-stk-medium\/","title":{"rendered":"Soft Claws Pour Chats, 40 Pcs&nbsp;Small"},"content":{"rendered":"<p>Les pro\u00adt\u00e8ge-griffes Soft Paws\u00ae sont fab\u00adri\u00adqu\u00e9s aux \u00c9tats-Unis et sont en vinyle non toxi\u00adque. Les capuchons pour griffes sont col\u00adl\u00e9s \u00e0 l\u2019ai\u00adde d\u2019u\u00adne col\u00adle \u00e0 fro\u00adid v\u00e9t\u00e9\u00adri\u00adn\u00adaire non toxi\u00adque et con\u00adsti\u00adtu\u00adent une solu\u00adti\u00adon abso\u00adlu\u00adment s\u00fbre et respec\u00adtueu\u00adse des ani\u00admaux pour les chats ayant des pro\u00adbl\u00e8\u00admes de griffes. Soft Paws n\u2019en\u00adtra\u00adve pas l\u2019ex\u00adten\u00adsi\u00adon et la r\u00e9trac\u00adtion nor\u00adma\u00adles des griffes, la plu\u00adpart des chats ne remar\u00adquent m\u00eame pas qu\u2019ils portent des prot\u00e8ge-griffes.<\/p>","protected":false},"excerpt":{"rendered":"<p>Les pro\u00adt\u00e8ge-griffes Soft Paws\u00ae sont fab\u00adri\u00adqu\u00e9s aux \u00c9tats-Unis et sont en vinyle non toxi\u00adque. Les capuchons pour griffes sont col\u00adl\u00e9s \u00e0 l\u2019ai\u00adde d\u2019u\u00adne col\u00adle \u00e0 fro\u00adid v\u00e9t\u00e9\u00adri\u00adn\u00adaire non toxi\u00adque et con\u00adsti\u00adtu\u00adent une solu\u00adti\u00adon abso\u00adlu\u00adment s\u00fbre et respec\u00adtueu\u00adse des ani\u00admaux pour les chats ayant des pro\u00adbl\u00e8\u00admes de griffes. Soft Paws n\u2019en\u00adtra\u00adve pas l\u2019ex\u00adten\u00adsi\u00adon et la r\u00e9trac\u00adtion nor\u00adma\u00adles des griffes, la plu\u00adpart des chats ne remar\u00adquent m\u00eame pas qu\u2019ils portent des prot\u00e8ge-griffes.<\/p>","protected":false},"featured_media":13785,"template":"","meta":{"wp_typography_post_enhancements_disabled":false},"product_brand":[],"product_cat":[559,564],"product_tag":[574],"class_list":{"0":"post-13787","1":"product","2":"type-product","3":"status-publish","4":"has-post-thumbnail","6":"product_cat-divers","7":"product_cat-katze","8":"product_tag-futter-und-diverse","10":"first","11":"instock","12":"taxable","13":"shipping-taxable","14":"product-type-simple"},"yoast_head":"<!-- This site is optimized with the Yoast SEO plugin v27.4 - https:\/\/yoast.com\/product\/yoast-seo-wordpress\/ -->\n<title>Soft Claws F\u00fcr Katzen, 40 Stk. Small - Animal &amp; Human Health AG<\/title>\n<meta name=\"robots\" content=\"index, follow, max-snippet:-1, max-image-preview:large, max-video-preview:-1\" \/>\n<link rel=\"canonical\" href=\"https:\/\/a-h-health.ch\/fr\/shop\/krallenschutz-soft-paws-40-stk-medium\/\" \/>\n<meta property=\"og:locale\" content=\"fr_FR\" \/>\n<meta property=\"og:type\" content=\"article\" \/>\n<meta property=\"og:title\" content=\"Soft Claws F\u00fcr Katzen, 40 Stk. Small - Animal &amp; Human Health AG\" \/>\n<meta property=\"og:description\" content=\"Soft Paws\u00ae Krallenkappen werden in den USA hergestellt und bestehen aus ungiftigem Vinyl. Die Krallenkappen werden mit einem ungiftigen veterin\u00e4rmedizinischen Kaltklebstoff aufgeklebt und sind eine absolut sichere und tierfreundliche L\u00f6sung f\u00fcr Katzen mit Kratzproblemen. Soft Paws behindert nicht das normale Ausfahren und Einziehen der Krallen, die meisten Katzen merken nicht einmal, dass sie Krallenkappen tragen.\" \/>\n<meta property=\"og:url\" content=\"https:\/\/a-h-health.ch\/fr\/shop\/krallenschutz-soft-paws-40-stk-medium\/\" \/>\n<meta property=\"og:site_name\" content=\"Animal &amp; Human Health AG\" \/>\n<meta property=\"article:modified_time\" content=\"2023-08-08T12:36:01+00:00\" \/>\n<meta property=\"og:image\" content=\"https:\/\/a-h-health.ch\/wp-content\/uploads\/2022\/07\/Soft_Paws_Cat__27261.1409657946.1280.1280.jpg\" \/>\n\t<meta property=\"og:image:width\" content=\"250\" \/>\n\t<meta property=\"og:image:height\" content=\"250\" \/>\n\t<meta property=\"og:image:type\" content=\"image\/jpeg\" \/>\n<meta name=\"twitter:card\" content=\"summary_large_image\" \/>\n<meta name=\"twitter:label1\" content=\"Dur\u00e9e de lecture estim\u00e9e\" \/>\n\t<meta name=\"twitter:data1\" content=\"1 minute\" \/>\n<script type=\"application\/ld+json\" class=\"yoast-schema-graph\">{\"@context\":\"https:\\\/\\\/schema.org\",\"@graph\":[{\"@type\":\"WebPage\",\"@id\":\"https:\\\/\\\/a-h-health.ch\\\/shop\\\/krallenschutz-soft-paws-40-stk-medium\\\/\",\"url\":\"https:\\\/\\\/a-h-health.ch\\\/shop\\\/krallenschutz-soft-paws-40-stk-medium\\\/\",\"name\":\"Soft Claws F\u00fcr Katzen, 40 Stk. Small - Animal &amp; Human Health AG\",\"isPartOf\":{\"@id\":\"https:\\\/\\\/a-h-health.ch\\\/#website\"},\"primaryImageOfPage\":{\"@id\":\"https:\\\/\\\/a-h-health.ch\\\/shop\\\/krallenschutz-soft-paws-40-stk-medium\\\/#primaryimage\"},\"image\":{\"@id\":\"https:\\\/\\\/a-h-health.ch\\\/shop\\\/krallenschutz-soft-paws-40-stk-medium\\\/#primaryimage\"},\"thumbnailUrl\":\"https:\\\/\\\/a-h-health.ch\\\/wp-content\\\/uploads\\\/2022\\\/07\\\/Soft_Paws_Cat__27261.1409657946.1280.1280.jpg\",\"datePublished\":\"2022-07-18T16:04:53+00:00\",\"dateModified\":\"2023-08-08T12:36:01+00:00\",\"breadcrumb\":{\"@id\":\"https:\\\/\\\/a-h-health.ch\\\/shop\\\/krallenschutz-soft-paws-40-stk-medium\\\/#breadcrumb\"},\"inLanguage\":\"fr-FR\",\"potentialAction\":[{\"@type\":\"ReadAction\",\"target\":[\"https:\\\/\\\/a-h-health.ch\\\/shop\\\/krallenschutz-soft-paws-40-stk-medium\\\/\"]}]},{\"@type\":\"ImageObject\",\"inLanguage\":\"fr-FR\",\"@id\":\"https:\\\/\\\/a-h-health.ch\\\/shop\\\/krallenschutz-soft-paws-40-stk-medium\\\/#primaryimage\",\"url\":\"https:\\\/\\\/a-h-health.ch\\\/wp-content\\\/uploads\\\/2022\\\/07\\\/Soft_Paws_Cat__27261.1409657946.1280.1280.jpg\",\"contentUrl\":\"https:\\\/\\\/a-h-health.ch\\\/wp-content\\\/uploads\\\/2022\\\/07\\\/Soft_Paws_Cat__27261.1409657946.1280.1280.jpg\",\"width\":250,\"height\":250},{\"@type\":\"BreadcrumbList\",\"@id\":\"https:\\\/\\\/a-h-health.ch\\\/shop\\\/krallenschutz-soft-paws-40-stk-medium\\\/#breadcrumb\",\"itemListElement\":[{\"@type\":\"ListItem\",\"position\":1,\"name\":\"Startseite\",\"item\":\"https:\\\/\\\/a-h-health.ch\\\/\"},{\"@type\":\"ListItem\",\"position\":2,\"name\":\"Shop\",\"item\":\"https:\\\/\\\/a-h-health.ch\\\/shop\\\/\"},{\"@type\":\"ListItem\",\"position\":3,\"name\":\"Soft Claws F\u00fcr Katzen, 40 Stk. Small\"}]},{\"@type\":\"WebSite\",\"@id\":\"https:\\\/\\\/a-h-health.ch\\\/#website\",\"url\":\"https:\\\/\\\/a-h-health.ch\\\/\",\"name\":\"Animal and Human Health AG\",\"description\":\"Wir sind Ihre Ansprechpartner, wenn es um die professionelle Gesundheit und das Wohl ihres Tieres geht.\",\"publisher\":{\"@id\":\"https:\\\/\\\/a-h-health.ch\\\/#organization\"},\"alternateName\":\"a-h-health\",\"potentialAction\":[{\"@type\":\"SearchAction\",\"target\":{\"@type\":\"EntryPoint\",\"urlTemplate\":\"https:\\\/\\\/a-h-health.ch\\\/?s={search_term_string}\"},\"query-input\":{\"@type\":\"PropertyValueSpecification\",\"valueRequired\":true,\"valueName\":\"search_term_string\"}}],\"inLanguage\":\"fr-FR\"},{\"@type\":\"Organization\",\"@id\":\"https:\\\/\\\/a-h-health.ch\\\/#organization\",\"name\":\"Animal & Human Health AG\",\"url\":\"https:\\\/\\\/a-h-health.ch\\\/\",\"logo\":{\"@type\":\"ImageObject\",\"inLanguage\":\"fr-FR\",\"@id\":\"https:\\\/\\\/a-h-health.ch\\\/#\\\/schema\\\/logo\\\/image\\\/\",\"url\":\"https:\\\/\\\/a-h-health.ch\\\/wp-content\\\/uploads\\\/2020\\\/12\\\/Logo-animal-health.jpg\",\"contentUrl\":\"https:\\\/\\\/a-h-health.ch\\\/wp-content\\\/uploads\\\/2020\\\/12\\\/Logo-animal-health.jpg\",\"width\":653,\"height\":56,\"caption\":\"Animal & Human Health AG\"},\"image\":{\"@id\":\"https:\\\/\\\/a-h-health.ch\\\/#\\\/schema\\\/logo\\\/image\\\/\"}}]}<\/script>\n<!-- \/ Yoast SEO plugin. -->","yoast_head_json":{"title":"Soft Claws F\u00fcr Kat\u00adzen, 40 Stk. Small \u2013 Ani\u00admal &amp; Human Health AG","robots":{"index":"index","follow":"follow","max-snippet":"max-snippet:-1","max-image-preview":"max-image-preview:large","max-video-preview":"max-video-preview:-1"},"canonical":"https:\/\/a-h-health.ch\/fr\/shop\/krallenschutz-soft-paws-40-stk-medium\/","og_locale":"fr_FR","og_type":"article","og_title":"Soft Claws F\u00fcr Katzen, 40 Stk. Small - Animal &amp; Human Health AG","og_description":"Soft Paws\u00ae Krallenkappen werden in den USA hergestellt und bestehen aus ungiftigem Vinyl. Die Krallenkappen werden mit einem ungiftigen veterin\u00e4rmedizinischen Kaltklebstoff aufgeklebt und sind eine absolut sichere und tierfreundliche L\u00f6sung f\u00fcr Katzen mit Kratzproblemen. Soft Paws behindert nicht das normale Ausfahren und Einziehen der Krallen, die meisten Katzen merken nicht einmal, dass sie Krallenkappen tragen.","og_url":"https:\/\/a-h-health.ch\/fr\/shop\/krallenschutz-soft-paws-40-stk-medium\/","og_site_name":"Animal &amp; Human Health AG","article_modified_time":"2023-08-08T12:36:01+00:00","og_image":[{"width":250,"height":250,"url":"https:\/\/a-h-health.ch\/wp-content\/uploads\/2022\/07\/Soft_Paws_Cat__27261.1409657946.1280.1280.jpg","type":"image\/jpeg"}],"twitter_card":"summary_large_image","twitter_misc":{"Dur\u00e9e de lecture estim\u00e9e":"1 minute"},"schema":{"@context":"https:\/\/schema.org","@graph":[{"@type":"WebPage","@id":"https:\/\/a-h-health.ch\/shop\/krallenschutz-soft-paws-40-stk-medium\/","url":"https:\/\/a-h-health.ch\/shop\/krallenschutz-soft-paws-40-stk-medium\/","name":"Soft Claws F\u00fcr Kat\u00adzen, 40 Stk. Small \u2013 Ani\u00admal &amp; Human Health AG","isPartOf":{"@id":"https:\/\/a-h-health.ch\/#website"},"primaryImageOfPage":{"@id":"https:\/\/a-h-health.ch\/shop\/krallenschutz-soft-paws-40-stk-medium\/#primaryimage"},"image":{"@id":"https:\/\/a-h-health.ch\/shop\/krallenschutz-soft-paws-40-stk-medium\/#primaryimage"},"thumbnailUrl":"https:\/\/a-h-health.ch\/wp-content\/uploads\/2022\/07\/Soft_Paws_Cat__27261.1409657946.1280.1280.jpg","datePublished":"2022-07-18T16:04:53+00:00","dateModified":"2023-08-08T12:36:01+00:00","breadcrumb":{"@id":"https:\/\/a-h-health.ch\/shop\/krallenschutz-soft-paws-40-stk-medium\/#breadcrumb"},"inLanguage":"fr-FR","potentialAction":[{"@type":"ReadAction","target":["https:\/\/a-h-health.ch\/shop\/krallenschutz-soft-paws-40-stk-medium\/"]}]},{"@type":"ImageObject","inLanguage":"fr-FR","@id":"https:\/\/a-h-health.ch\/shop\/krallenschutz-soft-paws-40-stk-medium\/#primaryimage","url":"https:\/\/a-h-health.ch\/wp-content\/uploads\/2022\/07\/Soft_Paws_Cat__27261.1409657946.1280.1280.jpg","contentUrl":"https:\/\/a-h-health.ch\/wp-content\/uploads\/2022\/07\/Soft_Paws_Cat__27261.1409657946.1280.1280.jpg","width":250,"height":250},{"@type":"BreadcrumbList","@id":"https:\/\/a-h-health.ch\/shop\/krallenschutz-soft-paws-40-stk-medium\/#breadcrumb","itemListElement":[{"@type":"ListItem","position":1,"name":"Startseite","item":"https:\/\/a-h-health.ch\/"},{"@type":"ListItem","position":2,"name":"Shop","item":"https:\/\/a-h-health.ch\/shop\/"},{"@type":"ListItem","position":3,"name":"Soft Claws F\u00fcr Katzen, 40 Stk. Small"}]},{"@type":"WebSite","@id":"https:\/\/a-h-health.ch\/#website","url":"https:\/\/a-h-health.ch\/","name":"Ani\u00admal and Human Health AG","description":"Nous som\u00admes vos interlo\u00adcu\u00adteurs lorsqu\u2019il s\u2019a\u00adgit de la san\u00adt\u00e9 pro\u00adfes\u00adsi\u00adon\u00adnel\u00adle et du bien-\u00eatre de vot\u00adre animal.","publisher":{"@id":"https:\/\/a-h-health.ch\/#organization"},"alternateName":"a-h-health","potentialAction":[{"@type":"SearchAction","target":{"@type":"EntryPoint","urlTemplate":"https:\/\/a-h-health.ch\/?s={search_term_string}"},"query-input":{"@type":"PropertyValueSpecification","valueRequired":true,"valueName":"search_term_string"}}],"inLanguage":"fr-FR"},{"@type":"Organization","@id":"https:\/\/a-h-health.ch\/#organization","name":"Ani\u00admal &amp; Human Health AG","url":"https:\/\/a-h-health.ch\/","logo":{"@type":"ImageObject","inLanguage":"fr-FR","@id":"https:\/\/a-h-health.ch\/#\/schema\/logo\/image\/","url":"https:\/\/a-h-health.ch\/wp-content\/uploads\/2020\/12\/Logo-animal-health.jpg","contentUrl":"https:\/\/a-h-health.ch\/wp-content\/uploads\/2020\/12\/Logo-animal-health.jpg","width":653,"height":56,"caption":"Animal & Human Health AG"},"image":{"@id":"https:\/\/a-h-health.ch\/#\/schema\/logo\/image\/"}}]}},"_links":{"self":[{"href":"https:\/\/a-h-health.ch\/fr\/wp-json\/wp\/v2\/product\/13787","targetHints":{"allow":["GET"]}}],"collection":[{"href":"https:\/\/a-h-health.ch\/fr\/wp-json\/wp\/v2\/product"}],"about":[{"href":"https:\/\/a-h-health.ch\/fr\/wp-json\/wp\/v2\/types\/product"}],"wp:featuredmedia":[{"embeddable":true,"href":"https:\/\/a-h-health.ch\/fr\/wp-json\/wp\/v2\/media\/13785"}],"wp:attachment":[{"href":"https:\/\/a-h-health.ch\/fr\/wp-json\/wp\/v2\/media?parent=13787"}],"wp:term":[{"taxonomy":"product_brand","embeddable":true,"href":"https:\/\/a-h-health.ch\/fr\/wp-json\/wp\/v2\/product_brand?post=13787"},{"taxonomy":"product_cat","embeddable":true,"href":"https:\/\/a-h-health.ch\/fr\/wp-json\/wp\/v2\/product_cat?post=13787"},{"taxonomy":"product_tag","embeddable":true,"href":"https:\/\/a-h-health.ch\/fr\/wp-json\/wp\/v2\/product_tag?post=13787"}],"curies":[{"name":"wp","href":"https:\/\/api.w.org\/{rel}","templated":true}]}}