{"id":13762,"date":"2022-07-18T17:38:36","date_gmt":"2022-07-18T15:38:36","guid":{"rendered":"https:\/\/a-h-health.ch\/?post_type=product&#038;p=13762"},"modified":"2025-02-12T09:59:27","modified_gmt":"2025-02-12T08:59:27","slug":"mega-blud-30-x-28-4-g","status":"publish","type":"product","link":"https:\/\/a-h-health.ch\/fr\/shop\/mega-blud-30-x-28-4-g\/","title":{"rendered":"Mega-Blud, 30 x 28,4&nbsp;g"},"content":{"rendered":"<p>Mega Blud est un pr\u00e9\u00adm\u00e9\u00adlan\u00adge de mul\u00adti\u00advit\u00adami\u00adnes et de sels min\u00e9\u00adraux avec des aci\u00addes ami\u00adn\u00e9s dans une for\u00admu\u00adle \u00e9qui\u00adli\u00adbr\u00e9e. Cet\u00adte pr\u00e9\u00adpa\u00adra\u00adti\u00adon four\u00adnit au che\u00adval de hau\u00adte per\u00adfor\u00admance les nut\u00adri\u00adments et les fac\u00adteurs de pro\u00adtec\u00adtion indis\u00adpens\u00adables. La con\u00addi\u00adti\u00adon phy\u00adsi\u00adque et l\u2019en\u00addu\u00adrance peu\u00advent \u00eatre aug\u00admen\u00adt\u00e9es. De plus, Mega-Blud a un effet posi\u00adtif sur l\u2019or\u00adga\u00adnis\u00adme et la capa\u00adci\u00adt\u00e9 de r\u00e9cup\u00e9ration.<\/p>\n<p>Com\u00adpo\u00adsi\u00adti\u00adon :<br>\nvit\u00adami\u00adne E 70,400 UI<br>\nPot\u00adas\u00adsi\u00adum 70.9&nbsp;mg<br>\nVit\u00adami\u00adne A 4,000,000 UI<br>\nCobalt 36,4&nbsp;mg<br>\nVit\u00adami\u00adne D3 200,000,000 UI<br>\nMan\u00adgan\u00e8\u00adse 100&nbsp;mg<br>\nGrou\u00adpe de vit\u00adami\u00adnes&nbsp;B<br>\nZinc 36,4&nbsp;mg<br>\nM\u00e9thio\u00adni\u00adne 53,180 mg<br>\nLys\u00adi\u00adne 5,180&nbsp;mg<br>\ngly\u00adci\u00adne 1,800&nbsp;mg<br>\nvit\u00adami\u00adne PP 9,856&nbsp;mg<br>\nAci\u00adde foli\u00adque 52,8&nbsp;mg<br>\nAci\u00adde pantho\u00adt\u00e9\u00adni\u00adque 3,520&nbsp;mg<br>\nino\u00adsi\u00adtol 1,760&nbsp;mg<br>\ncho\u00adli\u00adne 1,800&nbsp;mg<br>\nfer 17,609 mg<br>\nBio\u00adti\u00adne 3,521&nbsp;mg<\/p>\n<p>&nbsp;<\/p>","protected":false},"excerpt":{"rendered":"<p>Mega Blud ist ein Multivitamin- und Mineralsalz-Vormischpr\u00e4parat mit Aminos\u00e4uren in einer ausgewogenen Rezeptur. Dem Hochleistungspferd liefert das Pr\u00e4parat die unentbehrlichen N\u00e4hrstoffe und Schutzfaktoren. Die Kondition und Ausdauer kann gesteigert werden, ausserdem hat Mega-Blud einen positiven Effekt auf den Organismus und das Erholungsverm\u00f6gen. Zusammensetzung: Vitamin E 70,400 UI Potassium 70.9 mg Vitamin A 4,000,000 UI Cobalt [&hellip;]<\/p>\n","protected":false},"featured_media":15872,"template":"","meta":{"wp_typography_post_enhancements_disabled":false},"product_brand":[],"product_cat":[555,34,562],"product_tag":[574],"class_list":{"0":"post-13762","1":"product","2":"type-product","3":"status-publish","4":"has-post-thumbnail","6":"product_cat-futtermittel","7":"product_cat-nahrungsergaenzung","8":"product_cat-pferd","9":"product_tag-futter-und-diverse","11":"first","12":"instock","13":"taxable","14":"shipping-taxable","15":"product-type-simple"},"yoast_head":"<!-- This site is optimized with the Yoast SEO plugin v27.4 - https:\/\/yoast.com\/product\/yoast-seo-wordpress\/ -->\n<title>Mega-Blud, 30 x 28.4 g - Animal &amp; Human Health AG<\/title>\n<meta name=\"robots\" content=\"index, follow, max-snippet:-1, max-image-preview:large, max-video-preview:-1\" \/>\n<link rel=\"canonical\" href=\"https:\/\/a-h-health.ch\/fr\/shop\/mega-blud-30-x-28-4-g\/\" \/>\n<meta property=\"og:locale\" content=\"fr_FR\" \/>\n<meta property=\"og:type\" content=\"article\" \/>\n<meta property=\"og:title\" content=\"Mega-Blud, 30 x 28.4 g - Animal &amp; Human Health AG\" \/>\n<meta property=\"og:description\" content=\"Mega Blud ist ein Multivitamin- und Mineralsalz-Vormischpr\u00e4parat mit Aminos\u00e4uren in einer ausgewogenen Rezeptur. Dem Hochleistungspferd liefert das Pr\u00e4parat die unentbehrlichen N\u00e4hrstoffe und Schutzfaktoren. Die Kondition und Ausdauer kann gesteigert werden, ausserdem hat Mega-Blud einen positiven Effekt auf den Organismus und das Erholungsverm\u00f6gen. Zusammensetzung: Vitamin E 70,400 UI Potassium 70.9 mg Vitamin A 4,000,000 UI Cobalt [&hellip;]\" \/>\n<meta property=\"og:url\" content=\"https:\/\/a-h-health.ch\/fr\/shop\/mega-blud-30-x-28-4-g\/\" \/>\n<meta property=\"og:site_name\" content=\"Animal &amp; Human Health AG\" \/>\n<meta property=\"article:modified_time\" content=\"2025-02-12T08:59:27+00:00\" \/>\n<meta property=\"og:image\" content=\"https:\/\/a-h-health.ch\/wp-content\/uploads\/2022\/07\/sterivet-megablud.webp\" \/>\n\t<meta property=\"og:image:width\" content=\"700\" \/>\n\t<meta property=\"og:image:height\" content=\"700\" \/>\n\t<meta property=\"og:image:type\" content=\"image\/webp\" \/>\n<meta name=\"twitter:card\" content=\"summary_large_image\" \/>\n<meta name=\"twitter:label1\" content=\"Dur\u00e9e de lecture estim\u00e9e\" \/>\n\t<meta name=\"twitter:data1\" content=\"1 minute\" \/>\n<script type=\"application\/ld+json\" class=\"yoast-schema-graph\">{\"@context\":\"https:\\\/\\\/schema.org\",\"@graph\":[{\"@type\":\"WebPage\",\"@id\":\"https:\\\/\\\/a-h-health.ch\\\/shop\\\/mega-blud-30-x-28-4-g\\\/\",\"url\":\"https:\\\/\\\/a-h-health.ch\\\/shop\\\/mega-blud-30-x-28-4-g\\\/\",\"name\":\"Mega-Blud, 30 x 28.4 g - Animal &amp; Human Health AG\",\"isPartOf\":{\"@id\":\"https:\\\/\\\/a-h-health.ch\\\/#website\"},\"primaryImageOfPage\":{\"@id\":\"https:\\\/\\\/a-h-health.ch\\\/shop\\\/mega-blud-30-x-28-4-g\\\/#primaryimage\"},\"image\":{\"@id\":\"https:\\\/\\\/a-h-health.ch\\\/shop\\\/mega-blud-30-x-28-4-g\\\/#primaryimage\"},\"thumbnailUrl\":\"https:\\\/\\\/a-h-health.ch\\\/wp-content\\\/uploads\\\/2022\\\/07\\\/sterivet-megablud.webp\",\"datePublished\":\"2022-07-18T15:38:36+00:00\",\"dateModified\":\"2025-02-12T08:59:27+00:00\",\"breadcrumb\":{\"@id\":\"https:\\\/\\\/a-h-health.ch\\\/shop\\\/mega-blud-30-x-28-4-g\\\/#breadcrumb\"},\"inLanguage\":\"fr-FR\",\"potentialAction\":[{\"@type\":\"ReadAction\",\"target\":[\"https:\\\/\\\/a-h-health.ch\\\/shop\\\/mega-blud-30-x-28-4-g\\\/\"]}]},{\"@type\":\"ImageObject\",\"inLanguage\":\"fr-FR\",\"@id\":\"https:\\\/\\\/a-h-health.ch\\\/shop\\\/mega-blud-30-x-28-4-g\\\/#primaryimage\",\"url\":\"https:\\\/\\\/a-h-health.ch\\\/wp-content\\\/uploads\\\/2022\\\/07\\\/sterivet-megablud.webp\",\"contentUrl\":\"https:\\\/\\\/a-h-health.ch\\\/wp-content\\\/uploads\\\/2022\\\/07\\\/sterivet-megablud.webp\",\"width\":700,\"height\":700},{\"@type\":\"BreadcrumbList\",\"@id\":\"https:\\\/\\\/a-h-health.ch\\\/shop\\\/mega-blud-30-x-28-4-g\\\/#breadcrumb\",\"itemListElement\":[{\"@type\":\"ListItem\",\"position\":1,\"name\":\"Startseite\",\"item\":\"https:\\\/\\\/a-h-health.ch\\\/\"},{\"@type\":\"ListItem\",\"position\":2,\"name\":\"Shop\",\"item\":\"https:\\\/\\\/a-h-health.ch\\\/shop\\\/\"},{\"@type\":\"ListItem\",\"position\":3,\"name\":\"Mega-Blud, 30 x 28.4 g\"}]},{\"@type\":\"WebSite\",\"@id\":\"https:\\\/\\\/a-h-health.ch\\\/#website\",\"url\":\"https:\\\/\\\/a-h-health.ch\\\/\",\"name\":\"Animal and Human Health AG\",\"description\":\"Wir sind Ihre Ansprechpartner, wenn es um die professionelle Gesundheit und das Wohl ihres Tieres geht.\",\"publisher\":{\"@id\":\"https:\\\/\\\/a-h-health.ch\\\/#organization\"},\"alternateName\":\"a-h-health\",\"potentialAction\":[{\"@type\":\"SearchAction\",\"target\":{\"@type\":\"EntryPoint\",\"urlTemplate\":\"https:\\\/\\\/a-h-health.ch\\\/?s={search_term_string}\"},\"query-input\":{\"@type\":\"PropertyValueSpecification\",\"valueRequired\":true,\"valueName\":\"search_term_string\"}}],\"inLanguage\":\"fr-FR\"},{\"@type\":\"Organization\",\"@id\":\"https:\\\/\\\/a-h-health.ch\\\/#organization\",\"name\":\"Animal & Human Health AG\",\"url\":\"https:\\\/\\\/a-h-health.ch\\\/\",\"logo\":{\"@type\":\"ImageObject\",\"inLanguage\":\"fr-FR\",\"@id\":\"https:\\\/\\\/a-h-health.ch\\\/#\\\/schema\\\/logo\\\/image\\\/\",\"url\":\"https:\\\/\\\/a-h-health.ch\\\/wp-content\\\/uploads\\\/2020\\\/12\\\/Logo-animal-health.jpg\",\"contentUrl\":\"https:\\\/\\\/a-h-health.ch\\\/wp-content\\\/uploads\\\/2020\\\/12\\\/Logo-animal-health.jpg\",\"width\":653,\"height\":56,\"caption\":\"Animal & Human Health AG\"},\"image\":{\"@id\":\"https:\\\/\\\/a-h-health.ch\\\/#\\\/schema\\\/logo\\\/image\\\/\"}}]}<\/script>\n<!-- \/ Yoast SEO plugin. -->","yoast_head_json":{"title":"Mega-Blud, 30 x 28.4 g \u2013 Ani\u00admal &amp; Human Health AG","robots":{"index":"index","follow":"follow","max-snippet":"max-snippet:-1","max-image-preview":"max-image-preview:large","max-video-preview":"max-video-preview:-1"},"canonical":"https:\/\/a-h-health.ch\/fr\/shop\/mega-blud-30-x-28-4-g\/","og_locale":"fr_FR","og_type":"article","og_title":"Mega-Blud, 30 x 28.4 g - Animal &amp; Human Health AG","og_description":"Mega Blud ist ein Multivitamin- und Mineralsalz-Vormischpr\u00e4parat mit Aminos\u00e4uren in einer ausgewogenen Rezeptur. Dem Hochleistungspferd liefert das Pr\u00e4parat die unentbehrlichen N\u00e4hrstoffe und Schutzfaktoren. Die Kondition und Ausdauer kann gesteigert werden, ausserdem hat Mega-Blud einen positiven Effekt auf den Organismus und das Erholungsverm\u00f6gen. Zusammensetzung: Vitamin E 70,400 UI Potassium 70.9 mg Vitamin A 4,000,000 UI Cobalt [&hellip;]","og_url":"https:\/\/a-h-health.ch\/fr\/shop\/mega-blud-30-x-28-4-g\/","og_site_name":"Animal &amp; Human Health AG","article_modified_time":"2025-02-12T08:59:27+00:00","og_image":[{"width":700,"height":700,"url":"https:\/\/a-h-health.ch\/wp-content\/uploads\/2022\/07\/sterivet-megablud.webp","type":"image\/webp"}],"twitter_card":"summary_large_image","twitter_misc":{"Dur\u00e9e de lecture estim\u00e9e":"1 minute"},"schema":{"@context":"https:\/\/schema.org","@graph":[{"@type":"WebPage","@id":"https:\/\/a-h-health.ch\/shop\/mega-blud-30-x-28-4-g\/","url":"https:\/\/a-h-health.ch\/shop\/mega-blud-30-x-28-4-g\/","name":"Mega-Blud, 30 x 28.4 g \u2013 Ani\u00admal &amp; Human Health AG","isPartOf":{"@id":"https:\/\/a-h-health.ch\/#website"},"primaryImageOfPage":{"@id":"https:\/\/a-h-health.ch\/shop\/mega-blud-30-x-28-4-g\/#primaryimage"},"image":{"@id":"https:\/\/a-h-health.ch\/shop\/mega-blud-30-x-28-4-g\/#primaryimage"},"thumbnailUrl":"https:\/\/a-h-health.ch\/wp-content\/uploads\/2022\/07\/sterivet-megablud.webp","datePublished":"2022-07-18T15:38:36+00:00","dateModified":"2025-02-12T08:59:27+00:00","breadcrumb":{"@id":"https:\/\/a-h-health.ch\/shop\/mega-blud-30-x-28-4-g\/#breadcrumb"},"inLanguage":"fr-FR","potentialAction":[{"@type":"ReadAction","target":["https:\/\/a-h-health.ch\/shop\/mega-blud-30-x-28-4-g\/"]}]},{"@type":"ImageObject","inLanguage":"fr-FR","@id":"https:\/\/a-h-health.ch\/shop\/mega-blud-30-x-28-4-g\/#primaryimage","url":"https:\/\/a-h-health.ch\/wp-content\/uploads\/2022\/07\/sterivet-megablud.webp","contentUrl":"https:\/\/a-h-health.ch\/wp-content\/uploads\/2022\/07\/sterivet-megablud.webp","width":700,"height":700},{"@type":"BreadcrumbList","@id":"https:\/\/a-h-health.ch\/shop\/mega-blud-30-x-28-4-g\/#breadcrumb","itemListElement":[{"@type":"ListItem","position":1,"name":"Startseite","item":"https:\/\/a-h-health.ch\/"},{"@type":"ListItem","position":2,"name":"Shop","item":"https:\/\/a-h-health.ch\/shop\/"},{"@type":"ListItem","position":3,"name":"Mega-Blud, 30 x 28.4 g"}]},{"@type":"WebSite","@id":"https:\/\/a-h-health.ch\/#website","url":"https:\/\/a-h-health.ch\/","name":"Ani\u00admal and Human Health AG","description":"Nous som\u00admes vos interlo\u00adcu\u00adteurs lorsqu\u2019il s\u2019a\u00adgit de la san\u00adt\u00e9 pro\u00adfes\u00adsi\u00adon\u00adnel\u00adle et du bien-\u00eatre de vot\u00adre animal.","publisher":{"@id":"https:\/\/a-h-health.ch\/#organization"},"alternateName":"a-h-health","potentialAction":[{"@type":"SearchAction","target":{"@type":"EntryPoint","urlTemplate":"https:\/\/a-h-health.ch\/?s={search_term_string}"},"query-input":{"@type":"PropertyValueSpecification","valueRequired":true,"valueName":"search_term_string"}}],"inLanguage":"fr-FR"},{"@type":"Organization","@id":"https:\/\/a-h-health.ch\/#organization","name":"Ani\u00admal &amp; Human Health AG","url":"https:\/\/a-h-health.ch\/","logo":{"@type":"ImageObject","inLanguage":"fr-FR","@id":"https:\/\/a-h-health.ch\/#\/schema\/logo\/image\/","url":"https:\/\/a-h-health.ch\/wp-content\/uploads\/2020\/12\/Logo-animal-health.jpg","contentUrl":"https:\/\/a-h-health.ch\/wp-content\/uploads\/2020\/12\/Logo-animal-health.jpg","width":653,"height":56,"caption":"Animal & Human Health AG"},"image":{"@id":"https:\/\/a-h-health.ch\/#\/schema\/logo\/image\/"}}]}},"_links":{"self":[{"href":"https:\/\/a-h-health.ch\/fr\/wp-json\/wp\/v2\/product\/13762","targetHints":{"allow":["GET"]}}],"collection":[{"href":"https:\/\/a-h-health.ch\/fr\/wp-json\/wp\/v2\/product"}],"about":[{"href":"https:\/\/a-h-health.ch\/fr\/wp-json\/wp\/v2\/types\/product"}],"wp:featuredmedia":[{"embeddable":true,"href":"https:\/\/a-h-health.ch\/fr\/wp-json\/wp\/v2\/media\/15872"}],"wp:attachment":[{"href":"https:\/\/a-h-health.ch\/fr\/wp-json\/wp\/v2\/media?parent=13762"}],"wp:term":[{"taxonomy":"product_brand","embeddable":true,"href":"https:\/\/a-h-health.ch\/fr\/wp-json\/wp\/v2\/product_brand?post=13762"},{"taxonomy":"product_cat","embeddable":true,"href":"https:\/\/a-h-health.ch\/fr\/wp-json\/wp\/v2\/product_cat?post=13762"},{"taxonomy":"product_tag","embeddable":true,"href":"https:\/\/a-h-health.ch\/fr\/wp-json\/wp\/v2\/product_tag?post=13762"}],"curies":[{"name":"wp","href":"https:\/\/api.w.org\/{rel}","templated":true}]}}