{"id":13749,"date":"2022-07-12T12:30:07","date_gmt":"2022-07-12T10:30:07","guid":{"rendered":"https:\/\/a-h-health.ch\/?post_type=product&#038;p=13749"},"modified":"2024-03-25T14:51:36","modified_gmt":"2024-03-25T13:51:36","slug":"immuno-san-100-ml","status":"publish","type":"product","link":"https:\/\/a-h-health.ch\/fr\/shop\/immuno-san-100-ml\/","title":{"rendered":"Immu\u00adno-San, 100&nbsp;ml"},"content":{"rendered":"<p>Immu\u00adno San est une solu\u00adti\u00adon pour inha\u00adla\u00adti\u00adon sp\u00e9\u00adcia\u00adle\u00adment con\u00ad\u00e7ue pour sou\u00adte\u00adnir les voies respi\u00adra\u00adtoires des chevaux.<br>\nCon\u00adti\u00adent des hui\u00adles essen\u00adti\u00adel\u00adles orga\u00adni\u00adques de la plus hau\u00adte qua\u00adli\u00adt\u00e9, soi\u00adgneu\u00adse\u00adment s\u00e9lec\u00adtion\u00adn\u00e9es, qui peu\u00advent sou\u00adte\u00adnir le syst\u00e8me immu\u00adni\u00adtaire. Immu\u00adno San est 100% natu\u00adrel et sans dopa\u00adge et peut \u00eatre uti\u00adli\u00ads\u00e9 jus\u00adqu\u2019au jour de la comp\u00e9tition.<\/p>\n<p><strong>ins\u00adtruc\u00adtions :<\/strong><br>\nImmu\u00adno San doit \u00eatre n\u00e9bu\u00adli\u00ads\u00e9 \u00e0 l\u2019ai\u00adde d\u2019un n\u00e9bu\u00adli\u00adseur et ne doit pas \u00eatre admi\u00adni\u00adstr\u00e9 par voie ora\u00adle. Ne doit pas \u00eatre dilu\u00e9 dans une solu\u00adti\u00adon sali\u00adne et peut \u00eatre n\u00e9bu\u00adli\u00ads\u00e9 proprement.<\/p>","protected":false},"excerpt":{"rendered":"<p>Immuno San ist eine Inhalationsl\u00f6sung, die speziell zur Unterst\u00fctzung der Atemwege von Pferden entwickelt wurde. Enth\u00e4lt sorgf\u00e4ltig ausgew\u00e4hlte organische \u00e4therische \u00d6le von h\u00f6chster Qualit\u00e4t, die das Immunsystem unterst\u00fctzen k\u00f6nnen. Immuno San ist 100% nat\u00fcrlich und dopingfrei und kann bis zum Wettkampftag verwendet werden. Anweisungen: Immuno San muss mit einem Vernebler vernebelt werden und darf nicht [&hellip;]<\/p>\n","protected":false},"featured_media":13752,"template":"","meta":{"wp_typography_post_enhancements_disabled":false},"product_brand":[],"product_cat":[559,562,556],"product_tag":[574],"class_list":{"0":"post-13749","1":"product","2":"type-product","3":"status-publish","4":"has-post-thumbnail","6":"product_cat-divers","7":"product_cat-pferd","8":"product_cat-pflegemittel","9":"product_tag-futter-und-diverse","11":"first","12":"instock","13":"taxable","14":"shipping-taxable","15":"product-type-simple"},"yoast_head":"<!-- This site is optimized with the Yoast SEO plugin v27.4 - https:\/\/yoast.com\/product\/yoast-seo-wordpress\/ -->\n<title>Immuno-San, 100 ml - Animal &amp; Human Health AG<\/title>\n<meta name=\"robots\" content=\"index, follow, max-snippet:-1, max-image-preview:large, max-video-preview:-1\" \/>\n<link rel=\"canonical\" href=\"https:\/\/a-h-health.ch\/fr\/shop\/immuno-san-100-ml\/\" \/>\n<meta property=\"og:locale\" content=\"fr_FR\" \/>\n<meta property=\"og:type\" content=\"article\" \/>\n<meta property=\"og:title\" content=\"Immuno-San, 100 ml - Animal &amp; Human Health AG\" \/>\n<meta property=\"og:description\" content=\"Immuno San ist eine Inhalationsl\u00f6sung, die speziell zur Unterst\u00fctzung der Atemwege von Pferden entwickelt wurde. Enth\u00e4lt sorgf\u00e4ltig ausgew\u00e4hlte organische \u00e4therische \u00d6le von h\u00f6chster Qualit\u00e4t, die das Immunsystem unterst\u00fctzen k\u00f6nnen. Immuno San ist 100% nat\u00fcrlich und dopingfrei und kann bis zum Wettkampftag verwendet werden. Anweisungen: Immuno San muss mit einem Vernebler vernebelt werden und darf nicht [&hellip;]\" \/>\n<meta property=\"og:url\" content=\"https:\/\/a-h-health.ch\/fr\/shop\/immuno-san-100-ml\/\" \/>\n<meta property=\"og:site_name\" content=\"Animal &amp; Human Health AG\" \/>\n<meta property=\"article:modified_time\" content=\"2024-03-25T13:51:36+00:00\" \/>\n<meta property=\"og:image\" content=\"https:\/\/a-h-health.ch\/wp-content\/uploads\/2022\/07\/Immuno-San-RP-26-e1657622277258.jpg\" \/>\n\t<meta property=\"og:image:width\" content=\"482\" \/>\n\t<meta property=\"og:image:height\" content=\"524\" \/>\n\t<meta property=\"og:image:type\" content=\"image\/jpeg\" \/>\n<meta name=\"twitter:card\" content=\"summary_large_image\" \/>\n<meta name=\"twitter:label1\" content=\"Dur\u00e9e de lecture estim\u00e9e\" \/>\n\t<meta name=\"twitter:data1\" content=\"1 minute\" \/>\n<script type=\"application\/ld+json\" class=\"yoast-schema-graph\">{\"@context\":\"https:\\\/\\\/schema.org\",\"@graph\":[{\"@type\":\"WebPage\",\"@id\":\"https:\\\/\\\/a-h-health.ch\\\/shop\\\/immuno-san-100-ml\\\/\",\"url\":\"https:\\\/\\\/a-h-health.ch\\\/shop\\\/immuno-san-100-ml\\\/\",\"name\":\"Immuno-San, 100 ml - Animal &amp; Human Health AG\",\"isPartOf\":{\"@id\":\"https:\\\/\\\/a-h-health.ch\\\/#website\"},\"primaryImageOfPage\":{\"@id\":\"https:\\\/\\\/a-h-health.ch\\\/shop\\\/immuno-san-100-ml\\\/#primaryimage\"},\"image\":{\"@id\":\"https:\\\/\\\/a-h-health.ch\\\/shop\\\/immuno-san-100-ml\\\/#primaryimage\"},\"thumbnailUrl\":\"https:\\\/\\\/a-h-health.ch\\\/wp-content\\\/uploads\\\/2022\\\/07\\\/Immuno-San-RP-26-e1657622277258.jpg\",\"datePublished\":\"2022-07-12T10:30:07+00:00\",\"dateModified\":\"2024-03-25T13:51:36+00:00\",\"breadcrumb\":{\"@id\":\"https:\\\/\\\/a-h-health.ch\\\/shop\\\/immuno-san-100-ml\\\/#breadcrumb\"},\"inLanguage\":\"fr-FR\",\"potentialAction\":[{\"@type\":\"ReadAction\",\"target\":[\"https:\\\/\\\/a-h-health.ch\\\/shop\\\/immuno-san-100-ml\\\/\"]}]},{\"@type\":\"ImageObject\",\"inLanguage\":\"fr-FR\",\"@id\":\"https:\\\/\\\/a-h-health.ch\\\/shop\\\/immuno-san-100-ml\\\/#primaryimage\",\"url\":\"https:\\\/\\\/a-h-health.ch\\\/wp-content\\\/uploads\\\/2022\\\/07\\\/Immuno-San-RP-26-e1657622277258.jpg\",\"contentUrl\":\"https:\\\/\\\/a-h-health.ch\\\/wp-content\\\/uploads\\\/2022\\\/07\\\/Immuno-San-RP-26-e1657622277258.jpg\",\"width\":482,\"height\":524},{\"@type\":\"BreadcrumbList\",\"@id\":\"https:\\\/\\\/a-h-health.ch\\\/shop\\\/immuno-san-100-ml\\\/#breadcrumb\",\"itemListElement\":[{\"@type\":\"ListItem\",\"position\":1,\"name\":\"Startseite\",\"item\":\"https:\\\/\\\/a-h-health.ch\\\/\"},{\"@type\":\"ListItem\",\"position\":2,\"name\":\"Shop\",\"item\":\"https:\\\/\\\/a-h-health.ch\\\/shop\\\/\"},{\"@type\":\"ListItem\",\"position\":3,\"name\":\"Immuno-San, 100 ml\"}]},{\"@type\":\"WebSite\",\"@id\":\"https:\\\/\\\/a-h-health.ch\\\/#website\",\"url\":\"https:\\\/\\\/a-h-health.ch\\\/\",\"name\":\"Animal and Human Health AG\",\"description\":\"Wir sind Ihre Ansprechpartner, wenn es um die professionelle Gesundheit und das Wohl ihres Tieres geht.\",\"publisher\":{\"@id\":\"https:\\\/\\\/a-h-health.ch\\\/#organization\"},\"alternateName\":\"a-h-health\",\"potentialAction\":[{\"@type\":\"SearchAction\",\"target\":{\"@type\":\"EntryPoint\",\"urlTemplate\":\"https:\\\/\\\/a-h-health.ch\\\/?s={search_term_string}\"},\"query-input\":{\"@type\":\"PropertyValueSpecification\",\"valueRequired\":true,\"valueName\":\"search_term_string\"}}],\"inLanguage\":\"fr-FR\"},{\"@type\":\"Organization\",\"@id\":\"https:\\\/\\\/a-h-health.ch\\\/#organization\",\"name\":\"Animal & Human Health AG\",\"url\":\"https:\\\/\\\/a-h-health.ch\\\/\",\"logo\":{\"@type\":\"ImageObject\",\"inLanguage\":\"fr-FR\",\"@id\":\"https:\\\/\\\/a-h-health.ch\\\/#\\\/schema\\\/logo\\\/image\\\/\",\"url\":\"https:\\\/\\\/a-h-health.ch\\\/wp-content\\\/uploads\\\/2020\\\/12\\\/Logo-animal-health.jpg\",\"contentUrl\":\"https:\\\/\\\/a-h-health.ch\\\/wp-content\\\/uploads\\\/2020\\\/12\\\/Logo-animal-health.jpg\",\"width\":653,\"height\":56,\"caption\":\"Animal & Human Health AG\"},\"image\":{\"@id\":\"https:\\\/\\\/a-h-health.ch\\\/#\\\/schema\\\/logo\\\/image\\\/\"}}]}<\/script>\n<!-- \/ Yoast SEO plugin. -->","yoast_head_json":{"title":"Immu\u00adno-San, 100 ml \u2013 Ani\u00admal &amp; Human Health AG","robots":{"index":"index","follow":"follow","max-snippet":"max-snippet:-1","max-image-preview":"max-image-preview:large","max-video-preview":"max-video-preview:-1"},"canonical":"https:\/\/a-h-health.ch\/fr\/shop\/immuno-san-100-ml\/","og_locale":"fr_FR","og_type":"article","og_title":"Immuno-San, 100 ml - Animal &amp; Human Health AG","og_description":"Immuno San ist eine Inhalationsl\u00f6sung, die speziell zur Unterst\u00fctzung der Atemwege von Pferden entwickelt wurde. Enth\u00e4lt sorgf\u00e4ltig ausgew\u00e4hlte organische \u00e4therische \u00d6le von h\u00f6chster Qualit\u00e4t, die das Immunsystem unterst\u00fctzen k\u00f6nnen. Immuno San ist 100% nat\u00fcrlich und dopingfrei und kann bis zum Wettkampftag verwendet werden. Anweisungen: Immuno San muss mit einem Vernebler vernebelt werden und darf nicht [&hellip;]","og_url":"https:\/\/a-h-health.ch\/fr\/shop\/immuno-san-100-ml\/","og_site_name":"Animal &amp; Human Health AG","article_modified_time":"2024-03-25T13:51:36+00:00","og_image":[{"width":482,"height":524,"url":"https:\/\/a-h-health.ch\/wp-content\/uploads\/2022\/07\/Immuno-San-RP-26-e1657622277258.jpg","type":"image\/jpeg"}],"twitter_card":"summary_large_image","twitter_misc":{"Dur\u00e9e de lecture estim\u00e9e":"1 minute"},"schema":{"@context":"https:\/\/schema.org","@graph":[{"@type":"WebPage","@id":"https:\/\/a-h-health.ch\/shop\/immuno-san-100-ml\/","url":"https:\/\/a-h-health.ch\/shop\/immuno-san-100-ml\/","name":"Immu\u00adno-San, 100 ml \u2013 Ani\u00admal &amp; Human Health AG","isPartOf":{"@id":"https:\/\/a-h-health.ch\/#website"},"primaryImageOfPage":{"@id":"https:\/\/a-h-health.ch\/shop\/immuno-san-100-ml\/#primaryimage"},"image":{"@id":"https:\/\/a-h-health.ch\/shop\/immuno-san-100-ml\/#primaryimage"},"thumbnailUrl":"https:\/\/a-h-health.ch\/wp-content\/uploads\/2022\/07\/Immuno-San-RP-26-e1657622277258.jpg","datePublished":"2022-07-12T10:30:07+00:00","dateModified":"2024-03-25T13:51:36+00:00","breadcrumb":{"@id":"https:\/\/a-h-health.ch\/shop\/immuno-san-100-ml\/#breadcrumb"},"inLanguage":"fr-FR","potentialAction":[{"@type":"ReadAction","target":["https:\/\/a-h-health.ch\/shop\/immuno-san-100-ml\/"]}]},{"@type":"ImageObject","inLanguage":"fr-FR","@id":"https:\/\/a-h-health.ch\/shop\/immuno-san-100-ml\/#primaryimage","url":"https:\/\/a-h-health.ch\/wp-content\/uploads\/2022\/07\/Immuno-San-RP-26-e1657622277258.jpg","contentUrl":"https:\/\/a-h-health.ch\/wp-content\/uploads\/2022\/07\/Immuno-San-RP-26-e1657622277258.jpg","width":482,"height":524},{"@type":"BreadcrumbList","@id":"https:\/\/a-h-health.ch\/shop\/immuno-san-100-ml\/#breadcrumb","itemListElement":[{"@type":"ListItem","position":1,"name":"Startseite","item":"https:\/\/a-h-health.ch\/"},{"@type":"ListItem","position":2,"name":"Shop","item":"https:\/\/a-h-health.ch\/shop\/"},{"@type":"ListItem","position":3,"name":"Immuno-San, 100 ml"}]},{"@type":"WebSite","@id":"https:\/\/a-h-health.ch\/#website","url":"https:\/\/a-h-health.ch\/","name":"Ani\u00admal and Human Health AG","description":"Nous som\u00admes vos interlo\u00adcu\u00adteurs lorsqu\u2019il s\u2019a\u00adgit de la san\u00adt\u00e9 pro\u00adfes\u00adsi\u00adon\u00adnel\u00adle et du bien-\u00eatre de vot\u00adre animal.","publisher":{"@id":"https:\/\/a-h-health.ch\/#organization"},"alternateName":"a-h-health","potentialAction":[{"@type":"SearchAction","target":{"@type":"EntryPoint","urlTemplate":"https:\/\/a-h-health.ch\/?s={search_term_string}"},"query-input":{"@type":"PropertyValueSpecification","valueRequired":true,"valueName":"search_term_string"}}],"inLanguage":"fr-FR"},{"@type":"Organization","@id":"https:\/\/a-h-health.ch\/#organization","name":"Ani\u00admal &amp; Human Health AG","url":"https:\/\/a-h-health.ch\/","logo":{"@type":"ImageObject","inLanguage":"fr-FR","@id":"https:\/\/a-h-health.ch\/#\/schema\/logo\/image\/","url":"https:\/\/a-h-health.ch\/wp-content\/uploads\/2020\/12\/Logo-animal-health.jpg","contentUrl":"https:\/\/a-h-health.ch\/wp-content\/uploads\/2020\/12\/Logo-animal-health.jpg","width":653,"height":56,"caption":"Animal & Human Health AG"},"image":{"@id":"https:\/\/a-h-health.ch\/#\/schema\/logo\/image\/"}}]}},"_links":{"self":[{"href":"https:\/\/a-h-health.ch\/fr\/wp-json\/wp\/v2\/product\/13749","targetHints":{"allow":["GET"]}}],"collection":[{"href":"https:\/\/a-h-health.ch\/fr\/wp-json\/wp\/v2\/product"}],"about":[{"href":"https:\/\/a-h-health.ch\/fr\/wp-json\/wp\/v2\/types\/product"}],"wp:featuredmedia":[{"embeddable":true,"href":"https:\/\/a-h-health.ch\/fr\/wp-json\/wp\/v2\/media\/13752"}],"wp:attachment":[{"href":"https:\/\/a-h-health.ch\/fr\/wp-json\/wp\/v2\/media?parent=13749"}],"wp:term":[{"taxonomy":"product_brand","embeddable":true,"href":"https:\/\/a-h-health.ch\/fr\/wp-json\/wp\/v2\/product_brand?post=13749"},{"taxonomy":"product_cat","embeddable":true,"href":"https:\/\/a-h-health.ch\/fr\/wp-json\/wp\/v2\/product_cat?post=13749"},{"taxonomy":"product_tag","embeddable":true,"href":"https:\/\/a-h-health.ch\/fr\/wp-json\/wp\/v2\/product_tag?post=13749"}],"curies":[{"name":"wp","href":"https:\/\/api.w.org\/{rel}","templated":true}]}}