{"id":13670,"date":"2022-05-10T13:19:50","date_gmt":"2022-05-10T11:19:50","guid":{"rendered":"https:\/\/a-h-health.ch\/?post_type=product&#038;p=13670"},"modified":"2025-07-08T16:46:11","modified_gmt":"2025-07-08T14:46:11","slug":"corta-flex-ha-regular-powder-equine-america-900-g","status":"publish","type":"product","link":"https:\/\/a-h-health.ch\/fr\/shop\/corta-flex-ha-regular-powder-equine-america-900-g\/","title":{"rendered":"Cor\u00adta-Flex HA Regu\u00adlar Pow\u00adder Equi\u00adne Ame\u00adri\u00adca 3,6&nbsp;kg"},"content":{"rendered":"<p>Ali\u00adment com\u00adpl\u00e9\u00admen\u00adtai\u00adre pour chevaux desti\u00adn\u00e9 \u00e0 favo\u00adri\u00adser et \u00e0 main\u00adte\u00adnir des arti\u00adcu\u00adla\u00adti\u00adons sai\u00adnes dans le cad\u00adre d\u2019u\u00adne ali\u00admen\u00adta\u00adti\u00adon \u00e9qui\u00adli\u00adbr\u00e9e. A \u00e9t\u00e9 d\u00e9ve\u00adlo\u00adp\u00adp\u00e9 pour le main\u00adti\u00aden nut\u00adri\u00adti\u00adon\u00adnel d\u2019ar\u00adti\u00adcu\u00adla\u00adti\u00adons sai\u00adnes chez les chevaux et les poneys effec\u00adtu\u00adant un tra\u00advail l\u00e9ger \u00e0 moy\u00aden ou chez les chevaux \u00e2g\u00e9s qui ont beso\u00adin d\u2019un peu de sou\u00adti\u00aden sup\u00adp\u00adl\u00e9\u00admen\u00adtai\u00adre en mati\u00e8\u00adre de mobilit\u00e9.<\/p>\n<p>Com\u00adpo\u00adsi\u00adti\u00adon :<br>\nm\u00e9thyl\u00adsul\u00adfo\u00adnyl\u00adm\u00e9tha\u00adne (MSM) (8,3 %), col\u00adla\u00adg\u00e8\u00adne (marin) (1,5 %), aci\u00adde hyalu\u00adro\u00adni\u00adque (0,1 %), bam\u00adbou (0,044 %)<\/p>","protected":false},"excerpt":{"rendered":"<p>Erg\u00e4nzungsfutter f\u00fcr Pferde zur F\u00f6rderung und zum Erhalt gesunder Gelenke im Rahmen einer ausgewogenen Ern\u00e4hrung. Wurde f\u00fcr die ern\u00e4hrungsphysiologische Erhaltung gesunder Gelenke bei Pferden und Ponys bei leichter bis mittelschwerer Arbeit oder bei \u00e4lteren Pferden entwickelt, die ein wenig zus\u00e4tzliche Mobilit\u00e4tsunterst\u00fctzung ben\u00f6tigen. Zusammensetzung: Methylsulfonylmethan (MSM) (8,3 %), (Meeres-) Kollagen (1,5 %), Hyalurons\u00e4ure (0,1 %), Bambus [&hellip;]<\/p>\n","protected":false},"featured_media":13673,"template":"","meta":{"wp_typography_post_enhancements_disabled":false},"product_brand":[],"product_cat":[570,34,562],"product_tag":[574],"class_list":{"0":"post-13670","1":"product","2":"type-product","3":"status-publish","4":"has-post-thumbnail","6":"product_cat-equine-america","7":"product_cat-nahrungsergaenzung","8":"product_cat-pferd","9":"product_tag-futter-und-diverse","11":"first","12":"instock","13":"taxable","14":"shipping-taxable","15":"product-type-simple"},"yoast_head":"<!-- This site is optimized with the Yoast SEO plugin v27.4 - https:\/\/yoast.com\/product\/yoast-seo-wordpress\/ -->\n<title>Corta-Flex HA Regular Powder Equine America 3,6 kg - Animal &amp; Human Health AG<\/title>\n<meta name=\"robots\" content=\"index, follow, max-snippet:-1, max-image-preview:large, max-video-preview:-1\" \/>\n<link rel=\"canonical\" href=\"https:\/\/a-h-health.ch\/fr\/shop\/corta-flex-ha-regular-powder-equine-america-900-g\/\" \/>\n<meta property=\"og:locale\" content=\"fr_FR\" \/>\n<meta property=\"og:type\" content=\"article\" \/>\n<meta property=\"og:title\" content=\"Corta-Flex HA Regular Powder Equine America 3,6 kg - Animal &amp; Human Health AG\" \/>\n<meta property=\"og:description\" content=\"Erg\u00e4nzungsfutter f\u00fcr Pferde zur F\u00f6rderung und zum Erhalt gesunder Gelenke im Rahmen einer ausgewogenen Ern\u00e4hrung. Wurde f\u00fcr die ern\u00e4hrungsphysiologische Erhaltung gesunder Gelenke bei Pferden und Ponys bei leichter bis mittelschwerer Arbeit oder bei \u00e4lteren Pferden entwickelt, die ein wenig zus\u00e4tzliche Mobilit\u00e4tsunterst\u00fctzung ben\u00f6tigen. Zusammensetzung: Methylsulfonylmethan (MSM) (8,3 %), (Meeres-) Kollagen (1,5 %), Hyalurons\u00e4ure (0,1 %), Bambus [&hellip;]\" \/>\n<meta property=\"og:url\" content=\"https:\/\/a-h-health.ch\/fr\/shop\/corta-flex-ha-regular-powder-equine-america-900-g\/\" \/>\n<meta property=\"og:site_name\" content=\"Animal &amp; Human Health AG\" \/>\n<meta property=\"article:modified_time\" content=\"2025-07-08T14:46:11+00:00\" \/>\n<meta property=\"og:image\" content=\"https:\/\/a-h-health.ch\/wp-content\/uploads\/2022\/05\/Corta-flex-Regular-S-Power-3600g-e1652181993926.webp\" \/>\n\t<meta property=\"og:image:width\" content=\"291\" \/>\n\t<meta property=\"og:image:height\" content=\"306\" \/>\n\t<meta property=\"og:image:type\" content=\"image\/webp\" \/>\n<meta name=\"twitter:card\" content=\"summary_large_image\" \/>\n<meta name=\"twitter:label1\" content=\"Dur\u00e9e de lecture estim\u00e9e\" \/>\n\t<meta name=\"twitter:data1\" content=\"1 minute\" \/>\n<script type=\"application\/ld+json\" class=\"yoast-schema-graph\">{\"@context\":\"https:\\\/\\\/schema.org\",\"@graph\":[{\"@type\":\"WebPage\",\"@id\":\"https:\\\/\\\/a-h-health.ch\\\/shop\\\/corta-flex-ha-regular-powder-equine-america-900-g\\\/\",\"url\":\"https:\\\/\\\/a-h-health.ch\\\/shop\\\/corta-flex-ha-regular-powder-equine-america-900-g\\\/\",\"name\":\"Corta-Flex HA Regular Powder Equine America 3,6 kg - Animal &amp; Human Health AG\",\"isPartOf\":{\"@id\":\"https:\\\/\\\/a-h-health.ch\\\/#website\"},\"primaryImageOfPage\":{\"@id\":\"https:\\\/\\\/a-h-health.ch\\\/shop\\\/corta-flex-ha-regular-powder-equine-america-900-g\\\/#primaryimage\"},\"image\":{\"@id\":\"https:\\\/\\\/a-h-health.ch\\\/shop\\\/corta-flex-ha-regular-powder-equine-america-900-g\\\/#primaryimage\"},\"thumbnailUrl\":\"https:\\\/\\\/a-h-health.ch\\\/wp-content\\\/uploads\\\/2022\\\/05\\\/Corta-flex-Regular-S-Power-3600g-e1652181993926.webp\",\"datePublished\":\"2022-05-10T11:19:50+00:00\",\"dateModified\":\"2025-07-08T14:46:11+00:00\",\"breadcrumb\":{\"@id\":\"https:\\\/\\\/a-h-health.ch\\\/shop\\\/corta-flex-ha-regular-powder-equine-america-900-g\\\/#breadcrumb\"},\"inLanguage\":\"fr-FR\",\"potentialAction\":[{\"@type\":\"ReadAction\",\"target\":[\"https:\\\/\\\/a-h-health.ch\\\/shop\\\/corta-flex-ha-regular-powder-equine-america-900-g\\\/\"]}]},{\"@type\":\"ImageObject\",\"inLanguage\":\"fr-FR\",\"@id\":\"https:\\\/\\\/a-h-health.ch\\\/shop\\\/corta-flex-ha-regular-powder-equine-america-900-g\\\/#primaryimage\",\"url\":\"https:\\\/\\\/a-h-health.ch\\\/wp-content\\\/uploads\\\/2022\\\/05\\\/Corta-flex-Regular-S-Power-3600g-e1652181993926.webp\",\"contentUrl\":\"https:\\\/\\\/a-h-health.ch\\\/wp-content\\\/uploads\\\/2022\\\/05\\\/Corta-flex-Regular-S-Power-3600g-e1652181993926.webp\",\"width\":291,\"height\":306},{\"@type\":\"BreadcrumbList\",\"@id\":\"https:\\\/\\\/a-h-health.ch\\\/shop\\\/corta-flex-ha-regular-powder-equine-america-900-g\\\/#breadcrumb\",\"itemListElement\":[{\"@type\":\"ListItem\",\"position\":1,\"name\":\"Startseite\",\"item\":\"https:\\\/\\\/a-h-health.ch\\\/\"},{\"@type\":\"ListItem\",\"position\":2,\"name\":\"Shop\",\"item\":\"https:\\\/\\\/a-h-health.ch\\\/shop\\\/\"},{\"@type\":\"ListItem\",\"position\":3,\"name\":\"Corta-Flex HA Regular Powder Equine America 3,6 kg\"}]},{\"@type\":\"WebSite\",\"@id\":\"https:\\\/\\\/a-h-health.ch\\\/#website\",\"url\":\"https:\\\/\\\/a-h-health.ch\\\/\",\"name\":\"Animal and Human Health AG\",\"description\":\"Wir sind Ihre Ansprechpartner, wenn es um die professionelle Gesundheit und das Wohl ihres Tieres geht.\",\"publisher\":{\"@id\":\"https:\\\/\\\/a-h-health.ch\\\/#organization\"},\"alternateName\":\"a-h-health\",\"potentialAction\":[{\"@type\":\"SearchAction\",\"target\":{\"@type\":\"EntryPoint\",\"urlTemplate\":\"https:\\\/\\\/a-h-health.ch\\\/?s={search_term_string}\"},\"query-input\":{\"@type\":\"PropertyValueSpecification\",\"valueRequired\":true,\"valueName\":\"search_term_string\"}}],\"inLanguage\":\"fr-FR\"},{\"@type\":\"Organization\",\"@id\":\"https:\\\/\\\/a-h-health.ch\\\/#organization\",\"name\":\"Animal & Human Health AG\",\"url\":\"https:\\\/\\\/a-h-health.ch\\\/\",\"logo\":{\"@type\":\"ImageObject\",\"inLanguage\":\"fr-FR\",\"@id\":\"https:\\\/\\\/a-h-health.ch\\\/#\\\/schema\\\/logo\\\/image\\\/\",\"url\":\"https:\\\/\\\/a-h-health.ch\\\/wp-content\\\/uploads\\\/2020\\\/12\\\/Logo-animal-health.jpg\",\"contentUrl\":\"https:\\\/\\\/a-h-health.ch\\\/wp-content\\\/uploads\\\/2020\\\/12\\\/Logo-animal-health.jpg\",\"width\":653,\"height\":56,\"caption\":\"Animal & Human Health AG\"},\"image\":{\"@id\":\"https:\\\/\\\/a-h-health.ch\\\/#\\\/schema\\\/logo\\\/image\\\/\"}}]}<\/script>\n<!-- \/ Yoast SEO plugin. -->","yoast_head_json":{"title":"Cor\u00adta-Flex HA Regu\u00adlar Pow\u00adder Equi\u00adne Ame\u00adri\u00adca 3,6 kg \u2013 Ani\u00admal &amp; Human Health AG","robots":{"index":"index","follow":"follow","max-snippet":"max-snippet:-1","max-image-preview":"max-image-preview:large","max-video-preview":"max-video-preview:-1"},"canonical":"https:\/\/a-h-health.ch\/fr\/shop\/corta-flex-ha-regular-powder-equine-america-900-g\/","og_locale":"fr_FR","og_type":"article","og_title":"Corta-Flex HA Regular Powder Equine America 3,6 kg - Animal &amp; Human Health AG","og_description":"Erg\u00e4nzungsfutter f\u00fcr Pferde zur F\u00f6rderung und zum Erhalt gesunder Gelenke im Rahmen einer ausgewogenen Ern\u00e4hrung. Wurde f\u00fcr die ern\u00e4hrungsphysiologische Erhaltung gesunder Gelenke bei Pferden und Ponys bei leichter bis mittelschwerer Arbeit oder bei \u00e4lteren Pferden entwickelt, die ein wenig zus\u00e4tzliche Mobilit\u00e4tsunterst\u00fctzung ben\u00f6tigen. Zusammensetzung: Methylsulfonylmethan (MSM) (8,3 %), (Meeres-) Kollagen (1,5 %), Hyalurons\u00e4ure (0,1 %), Bambus [&hellip;]","og_url":"https:\/\/a-h-health.ch\/fr\/shop\/corta-flex-ha-regular-powder-equine-america-900-g\/","og_site_name":"Animal &amp; Human Health AG","article_modified_time":"2025-07-08T14:46:11+00:00","og_image":[{"width":291,"height":306,"url":"https:\/\/a-h-health.ch\/wp-content\/uploads\/2022\/05\/Corta-flex-Regular-S-Power-3600g-e1652181993926.webp","type":"image\/webp"}],"twitter_card":"summary_large_image","twitter_misc":{"Dur\u00e9e de lecture estim\u00e9e":"1 minute"},"schema":{"@context":"https:\/\/schema.org","@graph":[{"@type":"WebPage","@id":"https:\/\/a-h-health.ch\/shop\/corta-flex-ha-regular-powder-equine-america-900-g\/","url":"https:\/\/a-h-health.ch\/shop\/corta-flex-ha-regular-powder-equine-america-900-g\/","name":"Cor\u00adta-Flex HA Regu\u00adlar Pow\u00adder Equi\u00adne Ame\u00adri\u00adca 3,6 kg \u2013 Ani\u00admal &amp; Human Health AG","isPartOf":{"@id":"https:\/\/a-h-health.ch\/#website"},"primaryImageOfPage":{"@id":"https:\/\/a-h-health.ch\/shop\/corta-flex-ha-regular-powder-equine-america-900-g\/#primaryimage"},"image":{"@id":"https:\/\/a-h-health.ch\/shop\/corta-flex-ha-regular-powder-equine-america-900-g\/#primaryimage"},"thumbnailUrl":"https:\/\/a-h-health.ch\/wp-content\/uploads\/2022\/05\/Corta-flex-Regular-S-Power-3600g-e1652181993926.webp","datePublished":"2022-05-10T11:19:50+00:00","dateModified":"2025-07-08T14:46:11+00:00","breadcrumb":{"@id":"https:\/\/a-h-health.ch\/shop\/corta-flex-ha-regular-powder-equine-america-900-g\/#breadcrumb"},"inLanguage":"fr-FR","potentialAction":[{"@type":"ReadAction","target":["https:\/\/a-h-health.ch\/shop\/corta-flex-ha-regular-powder-equine-america-900-g\/"]}]},{"@type":"ImageObject","inLanguage":"fr-FR","@id":"https:\/\/a-h-health.ch\/shop\/corta-flex-ha-regular-powder-equine-america-900-g\/#primaryimage","url":"https:\/\/a-h-health.ch\/wp-content\/uploads\/2022\/05\/Corta-flex-Regular-S-Power-3600g-e1652181993926.webp","contentUrl":"https:\/\/a-h-health.ch\/wp-content\/uploads\/2022\/05\/Corta-flex-Regular-S-Power-3600g-e1652181993926.webp","width":291,"height":306},{"@type":"BreadcrumbList","@id":"https:\/\/a-h-health.ch\/shop\/corta-flex-ha-regular-powder-equine-america-900-g\/#breadcrumb","itemListElement":[{"@type":"ListItem","position":1,"name":"Startseite","item":"https:\/\/a-h-health.ch\/"},{"@type":"ListItem","position":2,"name":"Shop","item":"https:\/\/a-h-health.ch\/shop\/"},{"@type":"ListItem","position":3,"name":"Corta-Flex HA Regular Powder Equine America 3,6 kg"}]},{"@type":"WebSite","@id":"https:\/\/a-h-health.ch\/#website","url":"https:\/\/a-h-health.ch\/","name":"Ani\u00admal and Human Health AG","description":"Nous som\u00admes vos interlo\u00adcu\u00adteurs lorsqu\u2019il s\u2019a\u00adgit de la san\u00adt\u00e9 pro\u00adfes\u00adsi\u00adon\u00adnel\u00adle et du bien-\u00eatre de vot\u00adre animal.","publisher":{"@id":"https:\/\/a-h-health.ch\/#organization"},"alternateName":"a-h-health","potentialAction":[{"@type":"SearchAction","target":{"@type":"EntryPoint","urlTemplate":"https:\/\/a-h-health.ch\/?s={search_term_string}"},"query-input":{"@type":"PropertyValueSpecification","valueRequired":true,"valueName":"search_term_string"}}],"inLanguage":"fr-FR"},{"@type":"Organization","@id":"https:\/\/a-h-health.ch\/#organization","name":"Ani\u00admal &amp; Human Health AG","url":"https:\/\/a-h-health.ch\/","logo":{"@type":"ImageObject","inLanguage":"fr-FR","@id":"https:\/\/a-h-health.ch\/#\/schema\/logo\/image\/","url":"https:\/\/a-h-health.ch\/wp-content\/uploads\/2020\/12\/Logo-animal-health.jpg","contentUrl":"https:\/\/a-h-health.ch\/wp-content\/uploads\/2020\/12\/Logo-animal-health.jpg","width":653,"height":56,"caption":"Animal & Human Health AG"},"image":{"@id":"https:\/\/a-h-health.ch\/#\/schema\/logo\/image\/"}}]}},"_links":{"self":[{"href":"https:\/\/a-h-health.ch\/fr\/wp-json\/wp\/v2\/product\/13670","targetHints":{"allow":["GET"]}}],"collection":[{"href":"https:\/\/a-h-health.ch\/fr\/wp-json\/wp\/v2\/product"}],"about":[{"href":"https:\/\/a-h-health.ch\/fr\/wp-json\/wp\/v2\/types\/product"}],"wp:featuredmedia":[{"embeddable":true,"href":"https:\/\/a-h-health.ch\/fr\/wp-json\/wp\/v2\/media\/13673"}],"wp:attachment":[{"href":"https:\/\/a-h-health.ch\/fr\/wp-json\/wp\/v2\/media?parent=13670"}],"wp:term":[{"taxonomy":"product_brand","embeddable":true,"href":"https:\/\/a-h-health.ch\/fr\/wp-json\/wp\/v2\/product_brand?post=13670"},{"taxonomy":"product_cat","embeddable":true,"href":"https:\/\/a-h-health.ch\/fr\/wp-json\/wp\/v2\/product_cat?post=13670"},{"taxonomy":"product_tag","embeddable":true,"href":"https:\/\/a-h-health.ch\/fr\/wp-json\/wp\/v2\/product_tag?post=13670"}],"curies":[{"name":"wp","href":"https:\/\/api.w.org\/{rel}","templated":true}]}}