{"id":13648,"date":"2022-05-07T17:32:18","date_gmt":"2022-05-07T15:32:18","guid":{"rendered":"https:\/\/a-h-health.ch\/?post_type=product&#038;p=13648"},"modified":"2025-07-08T16:51:26","modified_gmt":"2025-07-08T14:51:26","slug":"cushins-pellets-equine-america1-kg","status":"publish","type":"product","link":"https:\/\/a-h-health.ch\/fr\/shop\/cushins-pellets-equine-america1-kg\/","title":{"rendered":"Cus\u00adhins Pel\u00adlets Equi\u00adne Ame\u00adri\u00adca 1&nbsp;kg"},"content":{"rendered":"<p>Les gra\u00adnul\u00e9s Cus\u00adhing d\u2019E\u00adqui\u00adne Ame\u00adri\u00adca con\u00adti\u00aden\u00adnent un com\u00adpl\u00e9\u00adment natu\u00adrel pour l\u2019\u00e9\u00adqui\u00adlib\u00adre de vot\u00adre cheval.<br>\nLes poneys et les chevaux \u00e2g\u00e9s sont sen\u00adsi\u00adbles aux fluc\u00adtua\u00adtions natu\u00adrel\u00adles de l\u2019hypophyse.<br>\nL\u2019hy\u00adpo\u00adphy\u00adse est responsable de la pro\u00adduc\u00adtion d\u2019hor\u00admo\u00adnes qui influen\u00adcent l\u2019\u00e9\u00adqui\u00adlib\u00adre san\u00adgu\u00adin, les mala\u00addies mus\u00adcu\u00adlai\u00adres et ner\u00adve\u00adu\u00adses et le syst\u00e8me immu\u00adni\u00adtaire. Con\u00adti\u00adent du Cha\u00adste Ber\u00adry pour aider les poneys et les chevaux \u00e2g\u00e9s \u00e0 sou\u00adte\u00adnir leur niveau natu\u00adrel d\u2019hor\u00admo\u00adnes. Con\u00advi\u00adent \u00e9ga\u00adle\u00adment si le che\u00adval ou le poney est sujet \u00e0 la fourbure.<\/p>\n<p>Com\u00adpo\u00adsi\u00adti\u00adon :<br>\nM\u00e9thio\u00adni\u00adne, aci\u00adde foli\u00adque, bio\u00adti\u00adne, sodi\u00adum, baie d\u2019A\u00adgnus Castus, can\u00adnel\u00adle, Sac\u00adch\u00adaro\u00admy\u00adces cere\u00advi\u00adsiae, cyn\u00ador\u00adrh\u00ado\u00addon, gin\u00adseng, vit\u00adami\u00adne E, magn\u00e9\u00adsi\u00adum, vit\u00adami\u00adne B6,&nbsp;MSM<\/p>","protected":false},"excerpt":{"rendered":"<p>Die Cushing Pellets von Equine America enthalten eine nat\u00fcrliche Erg\u00e4nzung f\u00fcr das Gleichgewicht Ihres Pferdes. Ponys und \u00e4ltere Pferde reagieren empfindlich auf die nat\u00fcrlichen Schwankungen der Hypophyse. Die Hypophyse ist verantwortlich f\u00fcr die Hormonproduktion, die den Bluthaushalt, Muskel- und Nervenerkrankungen und das Immunsystem beeinflusst. Enth\u00e4lt Chaste Berry, um Ponys und \u00e4lteren Pferden dabei zu helfen, [&hellip;]<\/p>\n","protected":false},"featured_media":13650,"template":"","meta":{"wp_typography_post_enhancements_disabled":false},"product_brand":[],"product_cat":[570,34,562],"product_tag":[574],"class_list":{"0":"post-13648","1":"product","2":"type-product","3":"status-publish","4":"has-post-thumbnail","6":"product_cat-equine-america","7":"product_cat-nahrungsergaenzung","8":"product_cat-pferd","9":"product_tag-futter-und-diverse","11":"first","12":"instock","13":"taxable","14":"shipping-taxable","15":"product-type-simple"},"yoast_head":"<!-- This site is optimized with the Yoast SEO plugin v27.4 - https:\/\/yoast.com\/product\/yoast-seo-wordpress\/ -->\n<title>Cushins Pellets Equine America 1 kg - Animal &amp; Human Health AG<\/title>\n<meta name=\"robots\" content=\"index, follow, max-snippet:-1, max-image-preview:large, max-video-preview:-1\" \/>\n<link rel=\"canonical\" href=\"https:\/\/a-h-health.ch\/fr\/shop\/cushins-pellets-equine-america1-kg\/\" \/>\n<meta property=\"og:locale\" content=\"fr_FR\" \/>\n<meta property=\"og:type\" content=\"article\" \/>\n<meta property=\"og:title\" content=\"Cushins Pellets Equine America 1 kg - Animal &amp; Human Health AG\" \/>\n<meta property=\"og:description\" content=\"Die Cushing Pellets von Equine America enthalten eine nat\u00fcrliche Erg\u00e4nzung f\u00fcr das Gleichgewicht Ihres Pferdes. Ponys und \u00e4ltere Pferde reagieren empfindlich auf die nat\u00fcrlichen Schwankungen der Hypophyse. Die Hypophyse ist verantwortlich f\u00fcr die Hormonproduktion, die den Bluthaushalt, Muskel- und Nervenerkrankungen und das Immunsystem beeinflusst. Enth\u00e4lt Chaste Berry, um Ponys und \u00e4lteren Pferden dabei zu helfen, [&hellip;]\" \/>\n<meta property=\"og:url\" content=\"https:\/\/a-h-health.ch\/fr\/shop\/cushins-pellets-equine-america1-kg\/\" \/>\n<meta property=\"og:site_name\" content=\"Animal &amp; Human Health AG\" \/>\n<meta property=\"article:modified_time\" content=\"2025-07-08T14:51:26+00:00\" \/>\n<meta property=\"og:image\" content=\"https:\/\/a-h-health.ch\/wp-content\/uploads\/2022\/05\/CUSHINS-PELLETS.jpg\" \/>\n\t<meta property=\"og:image:width\" content=\"226\" \/>\n\t<meta property=\"og:image:height\" content=\"283\" \/>\n\t<meta property=\"og:image:type\" content=\"image\/jpeg\" \/>\n<meta name=\"twitter:card\" content=\"summary_large_image\" \/>\n<meta name=\"twitter:label1\" content=\"Dur\u00e9e de lecture estim\u00e9e\" \/>\n\t<meta name=\"twitter:data1\" content=\"1 minute\" \/>\n<script type=\"application\/ld+json\" class=\"yoast-schema-graph\">{\"@context\":\"https:\\\/\\\/schema.org\",\"@graph\":[{\"@type\":\"WebPage\",\"@id\":\"https:\\\/\\\/a-h-health.ch\\\/shop\\\/cushins-pellets-equine-america1-kg\\\/\",\"url\":\"https:\\\/\\\/a-h-health.ch\\\/shop\\\/cushins-pellets-equine-america1-kg\\\/\",\"name\":\"Cushins Pellets Equine America 1 kg - Animal &amp; Human Health AG\",\"isPartOf\":{\"@id\":\"https:\\\/\\\/a-h-health.ch\\\/#website\"},\"primaryImageOfPage\":{\"@id\":\"https:\\\/\\\/a-h-health.ch\\\/shop\\\/cushins-pellets-equine-america1-kg\\\/#primaryimage\"},\"image\":{\"@id\":\"https:\\\/\\\/a-h-health.ch\\\/shop\\\/cushins-pellets-equine-america1-kg\\\/#primaryimage\"},\"thumbnailUrl\":\"https:\\\/\\\/a-h-health.ch\\\/wp-content\\\/uploads\\\/2022\\\/05\\\/CUSHINS-PELLETS.jpg\",\"datePublished\":\"2022-05-07T15:32:18+00:00\",\"dateModified\":\"2025-07-08T14:51:26+00:00\",\"breadcrumb\":{\"@id\":\"https:\\\/\\\/a-h-health.ch\\\/shop\\\/cushins-pellets-equine-america1-kg\\\/#breadcrumb\"},\"inLanguage\":\"fr-FR\",\"potentialAction\":[{\"@type\":\"ReadAction\",\"target\":[\"https:\\\/\\\/a-h-health.ch\\\/shop\\\/cushins-pellets-equine-america1-kg\\\/\"]}]},{\"@type\":\"ImageObject\",\"inLanguage\":\"fr-FR\",\"@id\":\"https:\\\/\\\/a-h-health.ch\\\/shop\\\/cushins-pellets-equine-america1-kg\\\/#primaryimage\",\"url\":\"https:\\\/\\\/a-h-health.ch\\\/wp-content\\\/uploads\\\/2022\\\/05\\\/CUSHINS-PELLETS.jpg\",\"contentUrl\":\"https:\\\/\\\/a-h-health.ch\\\/wp-content\\\/uploads\\\/2022\\\/05\\\/CUSHINS-PELLETS.jpg\",\"width\":226,\"height\":283},{\"@type\":\"BreadcrumbList\",\"@id\":\"https:\\\/\\\/a-h-health.ch\\\/shop\\\/cushins-pellets-equine-america1-kg\\\/#breadcrumb\",\"itemListElement\":[{\"@type\":\"ListItem\",\"position\":1,\"name\":\"Startseite\",\"item\":\"https:\\\/\\\/a-h-health.ch\\\/\"},{\"@type\":\"ListItem\",\"position\":2,\"name\":\"Shop\",\"item\":\"https:\\\/\\\/a-h-health.ch\\\/shop\\\/\"},{\"@type\":\"ListItem\",\"position\":3,\"name\":\"Cushins Pellets Equine America 1 kg\"}]},{\"@type\":\"WebSite\",\"@id\":\"https:\\\/\\\/a-h-health.ch\\\/#website\",\"url\":\"https:\\\/\\\/a-h-health.ch\\\/\",\"name\":\"Animal and Human Health AG\",\"description\":\"Wir sind Ihre Ansprechpartner, wenn es um die professionelle Gesundheit und das Wohl ihres Tieres geht.\",\"publisher\":{\"@id\":\"https:\\\/\\\/a-h-health.ch\\\/#organization\"},\"alternateName\":\"a-h-health\",\"potentialAction\":[{\"@type\":\"SearchAction\",\"target\":{\"@type\":\"EntryPoint\",\"urlTemplate\":\"https:\\\/\\\/a-h-health.ch\\\/?s={search_term_string}\"},\"query-input\":{\"@type\":\"PropertyValueSpecification\",\"valueRequired\":true,\"valueName\":\"search_term_string\"}}],\"inLanguage\":\"fr-FR\"},{\"@type\":\"Organization\",\"@id\":\"https:\\\/\\\/a-h-health.ch\\\/#organization\",\"name\":\"Animal & Human Health AG\",\"url\":\"https:\\\/\\\/a-h-health.ch\\\/\",\"logo\":{\"@type\":\"ImageObject\",\"inLanguage\":\"fr-FR\",\"@id\":\"https:\\\/\\\/a-h-health.ch\\\/#\\\/schema\\\/logo\\\/image\\\/\",\"url\":\"https:\\\/\\\/a-h-health.ch\\\/wp-content\\\/uploads\\\/2020\\\/12\\\/Logo-animal-health.jpg\",\"contentUrl\":\"https:\\\/\\\/a-h-health.ch\\\/wp-content\\\/uploads\\\/2020\\\/12\\\/Logo-animal-health.jpg\",\"width\":653,\"height\":56,\"caption\":\"Animal & Human Health AG\"},\"image\":{\"@id\":\"https:\\\/\\\/a-h-health.ch\\\/#\\\/schema\\\/logo\\\/image\\\/\"}}]}<\/script>\n<!-- \/ Yoast SEO plugin. -->","yoast_head_json":{"title":"Cus\u00adhins Pel\u00adlets Equi\u00adne Ame\u00adri\u00adca 1 kg \u2013 Ani\u00admal &amp; Human Health AG","robots":{"index":"index","follow":"follow","max-snippet":"max-snippet:-1","max-image-preview":"max-image-preview:large","max-video-preview":"max-video-preview:-1"},"canonical":"https:\/\/a-h-health.ch\/fr\/shop\/cushins-pellets-equine-america1-kg\/","og_locale":"fr_FR","og_type":"article","og_title":"Cushins Pellets Equine America 1 kg - Animal &amp; Human Health AG","og_description":"Die Cushing Pellets von Equine America enthalten eine nat\u00fcrliche Erg\u00e4nzung f\u00fcr das Gleichgewicht Ihres Pferdes. Ponys und \u00e4ltere Pferde reagieren empfindlich auf die nat\u00fcrlichen Schwankungen der Hypophyse. Die Hypophyse ist verantwortlich f\u00fcr die Hormonproduktion, die den Bluthaushalt, Muskel- und Nervenerkrankungen und das Immunsystem beeinflusst. Enth\u00e4lt Chaste Berry, um Ponys und \u00e4lteren Pferden dabei zu helfen, [&hellip;]","og_url":"https:\/\/a-h-health.ch\/fr\/shop\/cushins-pellets-equine-america1-kg\/","og_site_name":"Animal &amp; Human Health AG","article_modified_time":"2025-07-08T14:51:26+00:00","og_image":[{"width":226,"height":283,"url":"https:\/\/a-h-health.ch\/wp-content\/uploads\/2022\/05\/CUSHINS-PELLETS.jpg","type":"image\/jpeg"}],"twitter_card":"summary_large_image","twitter_misc":{"Dur\u00e9e de lecture estim\u00e9e":"1 minute"},"schema":{"@context":"https:\/\/schema.org","@graph":[{"@type":"WebPage","@id":"https:\/\/a-h-health.ch\/shop\/cushins-pellets-equine-america1-kg\/","url":"https:\/\/a-h-health.ch\/shop\/cushins-pellets-equine-america1-kg\/","name":"Cus\u00adhins Pel\u00adlets Equi\u00adne Ame\u00adri\u00adca 1 kg \u2013 Ani\u00admal &amp; Human Health AG","isPartOf":{"@id":"https:\/\/a-h-health.ch\/#website"},"primaryImageOfPage":{"@id":"https:\/\/a-h-health.ch\/shop\/cushins-pellets-equine-america1-kg\/#primaryimage"},"image":{"@id":"https:\/\/a-h-health.ch\/shop\/cushins-pellets-equine-america1-kg\/#primaryimage"},"thumbnailUrl":"https:\/\/a-h-health.ch\/wp-content\/uploads\/2022\/05\/CUSHINS-PELLETS.jpg","datePublished":"2022-05-07T15:32:18+00:00","dateModified":"2025-07-08T14:51:26+00:00","breadcrumb":{"@id":"https:\/\/a-h-health.ch\/shop\/cushins-pellets-equine-america1-kg\/#breadcrumb"},"inLanguage":"fr-FR","potentialAction":[{"@type":"ReadAction","target":["https:\/\/a-h-health.ch\/shop\/cushins-pellets-equine-america1-kg\/"]}]},{"@type":"ImageObject","inLanguage":"fr-FR","@id":"https:\/\/a-h-health.ch\/shop\/cushins-pellets-equine-america1-kg\/#primaryimage","url":"https:\/\/a-h-health.ch\/wp-content\/uploads\/2022\/05\/CUSHINS-PELLETS.jpg","contentUrl":"https:\/\/a-h-health.ch\/wp-content\/uploads\/2022\/05\/CUSHINS-PELLETS.jpg","width":226,"height":283},{"@type":"BreadcrumbList","@id":"https:\/\/a-h-health.ch\/shop\/cushins-pellets-equine-america1-kg\/#breadcrumb","itemListElement":[{"@type":"ListItem","position":1,"name":"Startseite","item":"https:\/\/a-h-health.ch\/"},{"@type":"ListItem","position":2,"name":"Shop","item":"https:\/\/a-h-health.ch\/shop\/"},{"@type":"ListItem","position":3,"name":"Cushins Pellets Equine America 1 kg"}]},{"@type":"WebSite","@id":"https:\/\/a-h-health.ch\/#website","url":"https:\/\/a-h-health.ch\/","name":"Ani\u00admal and Human Health AG","description":"Nous som\u00admes vos interlo\u00adcu\u00adteurs lorsqu\u2019il s\u2019a\u00adgit de la san\u00adt\u00e9 pro\u00adfes\u00adsi\u00adon\u00adnel\u00adle et du bien-\u00eatre de vot\u00adre animal.","publisher":{"@id":"https:\/\/a-h-health.ch\/#organization"},"alternateName":"a-h-health","potentialAction":[{"@type":"SearchAction","target":{"@type":"EntryPoint","urlTemplate":"https:\/\/a-h-health.ch\/?s={search_term_string}"},"query-input":{"@type":"PropertyValueSpecification","valueRequired":true,"valueName":"search_term_string"}}],"inLanguage":"fr-FR"},{"@type":"Organization","@id":"https:\/\/a-h-health.ch\/#organization","name":"Ani\u00admal &amp; Human Health AG","url":"https:\/\/a-h-health.ch\/","logo":{"@type":"ImageObject","inLanguage":"fr-FR","@id":"https:\/\/a-h-health.ch\/#\/schema\/logo\/image\/","url":"https:\/\/a-h-health.ch\/wp-content\/uploads\/2020\/12\/Logo-animal-health.jpg","contentUrl":"https:\/\/a-h-health.ch\/wp-content\/uploads\/2020\/12\/Logo-animal-health.jpg","width":653,"height":56,"caption":"Animal & Human Health AG"},"image":{"@id":"https:\/\/a-h-health.ch\/#\/schema\/logo\/image\/"}}]}},"_links":{"self":[{"href":"https:\/\/a-h-health.ch\/fr\/wp-json\/wp\/v2\/product\/13648","targetHints":{"allow":["GET"]}}],"collection":[{"href":"https:\/\/a-h-health.ch\/fr\/wp-json\/wp\/v2\/product"}],"about":[{"href":"https:\/\/a-h-health.ch\/fr\/wp-json\/wp\/v2\/types\/product"}],"wp:featuredmedia":[{"embeddable":true,"href":"https:\/\/a-h-health.ch\/fr\/wp-json\/wp\/v2\/media\/13650"}],"wp:attachment":[{"href":"https:\/\/a-h-health.ch\/fr\/wp-json\/wp\/v2\/media?parent=13648"}],"wp:term":[{"taxonomy":"product_brand","embeddable":true,"href":"https:\/\/a-h-health.ch\/fr\/wp-json\/wp\/v2\/product_brand?post=13648"},{"taxonomy":"product_cat","embeddable":true,"href":"https:\/\/a-h-health.ch\/fr\/wp-json\/wp\/v2\/product_cat?post=13648"},{"taxonomy":"product_tag","embeddable":true,"href":"https:\/\/a-h-health.ch\/fr\/wp-json\/wp\/v2\/product_tag?post=13648"}],"curies":[{"name":"wp","href":"https:\/\/api.w.org\/{rel}","templated":true}]}}