{"id":13622,"date":"2022-04-30T10:39:52","date_gmt":"2022-04-30T08:39:52","guid":{"rendered":"https:\/\/a-h-health.ch\/?post_type=product&#038;p=13622"},"modified":"2023-09-22T15:26:42","modified_gmt":"2023-09-22T13:26:42","slug":"pro-bi-food-for-microflora-473-ml","status":"publish","type":"product","link":"https:\/\/a-h-health.ch\/fr\/shop\/pro-bi-food-for-microflora-473-ml\/","title":{"rendered":"PRO BI food for Micro\u00adflo\u00adra, 473&nbsp;ml"},"content":{"rendered":"<p>PRO BI\u2122 est un com\u00adpl\u00e9\u00adment ali\u00admen\u00adtai\u00adre bio\u00adlo\u00adgi\u00adque qui maxi\u00admi\u00adse l\u2019ef\u00adfi\u00adca\u00adci\u00adt\u00e9 de la dige\u00adsti\u00adon. Les bac\u00adt\u00e9\u00adries intesti\u00adna\u00adles b\u00e9n\u00e9\u00adfi\u00adques d\u2019un ani\u00admal peu\u00advent \u00eatre d\u00e9trui\u00adtes ou d\u00e9ci\u00adm\u00e9es, et le pH de leur envi\u00adron\u00adne\u00adment peut \u00eatre modi\u00adfi\u00e9 en p\u00e9ri\u00adode de stress. La com\u00adp\u00e9\u00adti\u00adti\u00adon, les voya\u00adges, l\u2019\u00e9\u00adle\u00adva\u00adge, les trai\u00adte\u00adments par anti\u00adbio\u00adti\u00adques, ver\u00admi\u00adfu\u00adges et aut\u00adres m\u00e9di\u00adca\u00adments peu\u00advent pro\u00advo\u00adquer ce stress. Le stress peut \u00e9ga\u00adle\u00adment \u00eatre cau\u00ads\u00e9 par des modi\u00adfi\u00adca\u00adti\u00adons du temps, de l\u2019en\u00advi\u00adron\u00adne\u00adment, de la nour\u00adri\u00adtu\u00adre et de l\u2019eau. PRO BI\u2122 n\u2019a pas beso\u00adin d\u2019\u00eat\u00adre r\u00e9frig\u00e9r\u00e9.<\/p>\n<p>Con\u00adti\u00adent ent\u00adre aut\u00adres du lac\u00adto\u00adba\u00adcil\u00adlus, du yuc\u00adca, de l\u2019a\u00adloe vera, de l\u2019hui\u00adle de noix de coco, du ging\u00adembre, de la men\u00adthe poivr\u00e9e.<\/p>","protected":false},"excerpt":{"rendered":"<p>PRO BI\u2122 ist ein biologischer Futtermittelzusatz, der die Effizienz der Verdauung maximiert. Die n\u00fctzlichen Darmbakterien eines Tieres k\u00f6nnen zerst\u00f6rt oder dezimiert werden, und der pH-Wert ihrer Umgebung kann sich in Zeiten von Stress ver\u00e4ndern. Wettbewerb, Reisen, Zucht, Behandlung mit Antibiotika, Entwurmungsmitteln und anderen Medikamenten k\u00f6nnen diesen Stress verursachen. Stress kann auch durch Ver\u00e4nderungen des Wetters, [&hellip;]<\/p>\n","protected":false},"featured_media":13624,"template":"","meta":{"wp_typography_post_enhancements_disabled":false},"product_brand":[],"product_cat":[566,565,563,564,34,562],"product_tag":[574],"class_list":{"0":"post-13622","1":"product","2":"type-product","3":"status-publish","4":"has-post-thumbnail","6":"product_cat-andere-kleintiere","7":"product_cat-grosstier","8":"product_cat-hund","9":"product_cat-katze","10":"product_cat-nahrungsergaenzung","11":"product_cat-pferd","12":"product_tag-futter-und-diverse","14":"first","15":"instock","16":"taxable","17":"shipping-taxable","18":"product-type-simple"},"yoast_head":"<!-- This site is optimized with the Yoast SEO plugin v27.4 - https:\/\/yoast.com\/product\/yoast-seo-wordpress\/ -->\n<title>PRO BI food for Microflora, 473 ml - Animal &amp; Human Health AG<\/title>\n<meta name=\"robots\" content=\"index, follow, max-snippet:-1, max-image-preview:large, max-video-preview:-1\" \/>\n<link rel=\"canonical\" href=\"https:\/\/a-h-health.ch\/fr\/shop\/pro-bi-food-for-microflora-473-ml\/\" \/>\n<meta property=\"og:locale\" content=\"fr_FR\" \/>\n<meta property=\"og:type\" content=\"article\" \/>\n<meta property=\"og:title\" content=\"PRO BI food for Microflora, 473 ml - Animal &amp; Human Health AG\" \/>\n<meta property=\"og:description\" content=\"PRO BI\u2122 ist ein biologischer Futtermittelzusatz, der die Effizienz der Verdauung maximiert. Die n\u00fctzlichen Darmbakterien eines Tieres k\u00f6nnen zerst\u00f6rt oder dezimiert werden, und der pH-Wert ihrer Umgebung kann sich in Zeiten von Stress ver\u00e4ndern. Wettbewerb, Reisen, Zucht, Behandlung mit Antibiotika, Entwurmungsmitteln und anderen Medikamenten k\u00f6nnen diesen Stress verursachen. Stress kann auch durch Ver\u00e4nderungen des Wetters, [&hellip;]\" \/>\n<meta property=\"og:url\" content=\"https:\/\/a-h-health.ch\/fr\/shop\/pro-bi-food-for-microflora-473-ml\/\" \/>\n<meta property=\"og:site_name\" content=\"Animal &amp; Human Health AG\" \/>\n<meta property=\"article:modified_time\" content=\"2023-09-22T13:26:42+00:00\" \/>\n<meta property=\"og:image\" content=\"https:\/\/a-h-health.ch\/wp-content\/uploads\/2022\/04\/ProBi.jpg\" \/>\n\t<meta property=\"og:image:width\" content=\"800\" \/>\n\t<meta property=\"og:image:height\" content=\"800\" \/>\n\t<meta property=\"og:image:type\" content=\"image\/jpeg\" \/>\n<meta name=\"twitter:card\" content=\"summary_large_image\" \/>\n<meta name=\"twitter:label1\" content=\"Dur\u00e9e de lecture estim\u00e9e\" \/>\n\t<meta name=\"twitter:data1\" content=\"1 minute\" \/>\n<script type=\"application\/ld+json\" class=\"yoast-schema-graph\">{\"@context\":\"https:\\\/\\\/schema.org\",\"@graph\":[{\"@type\":\"WebPage\",\"@id\":\"https:\\\/\\\/a-h-health.ch\\\/shop\\\/pro-bi-food-for-microflora-473-ml\\\/\",\"url\":\"https:\\\/\\\/a-h-health.ch\\\/shop\\\/pro-bi-food-for-microflora-473-ml\\\/\",\"name\":\"PRO BI food for Microflora, 473 ml - Animal &amp; Human Health AG\",\"isPartOf\":{\"@id\":\"https:\\\/\\\/a-h-health.ch\\\/#website\"},\"primaryImageOfPage\":{\"@id\":\"https:\\\/\\\/a-h-health.ch\\\/shop\\\/pro-bi-food-for-microflora-473-ml\\\/#primaryimage\"},\"image\":{\"@id\":\"https:\\\/\\\/a-h-health.ch\\\/shop\\\/pro-bi-food-for-microflora-473-ml\\\/#primaryimage\"},\"thumbnailUrl\":\"https:\\\/\\\/a-h-health.ch\\\/wp-content\\\/uploads\\\/2022\\\/04\\\/ProBi.jpg\",\"datePublished\":\"2022-04-30T08:39:52+00:00\",\"dateModified\":\"2023-09-22T13:26:42+00:00\",\"breadcrumb\":{\"@id\":\"https:\\\/\\\/a-h-health.ch\\\/shop\\\/pro-bi-food-for-microflora-473-ml\\\/#breadcrumb\"},\"inLanguage\":\"fr-FR\",\"potentialAction\":[{\"@type\":\"ReadAction\",\"target\":[\"https:\\\/\\\/a-h-health.ch\\\/shop\\\/pro-bi-food-for-microflora-473-ml\\\/\"]}]},{\"@type\":\"ImageObject\",\"inLanguage\":\"fr-FR\",\"@id\":\"https:\\\/\\\/a-h-health.ch\\\/shop\\\/pro-bi-food-for-microflora-473-ml\\\/#primaryimage\",\"url\":\"https:\\\/\\\/a-h-health.ch\\\/wp-content\\\/uploads\\\/2022\\\/04\\\/ProBi.jpg\",\"contentUrl\":\"https:\\\/\\\/a-h-health.ch\\\/wp-content\\\/uploads\\\/2022\\\/04\\\/ProBi.jpg\",\"width\":800,\"height\":800},{\"@type\":\"BreadcrumbList\",\"@id\":\"https:\\\/\\\/a-h-health.ch\\\/shop\\\/pro-bi-food-for-microflora-473-ml\\\/#breadcrumb\",\"itemListElement\":[{\"@type\":\"ListItem\",\"position\":1,\"name\":\"Startseite\",\"item\":\"https:\\\/\\\/a-h-health.ch\\\/\"},{\"@type\":\"ListItem\",\"position\":2,\"name\":\"Shop\",\"item\":\"https:\\\/\\\/a-h-health.ch\\\/shop\\\/\"},{\"@type\":\"ListItem\",\"position\":3,\"name\":\"PRO BI food for Microflora, 473 ml\"}]},{\"@type\":\"WebSite\",\"@id\":\"https:\\\/\\\/a-h-health.ch\\\/#website\",\"url\":\"https:\\\/\\\/a-h-health.ch\\\/\",\"name\":\"Animal and Human Health AG\",\"description\":\"Wir sind Ihre Ansprechpartner, wenn es um die professionelle Gesundheit und das Wohl ihres Tieres geht.\",\"publisher\":{\"@id\":\"https:\\\/\\\/a-h-health.ch\\\/#organization\"},\"alternateName\":\"a-h-health\",\"potentialAction\":[{\"@type\":\"SearchAction\",\"target\":{\"@type\":\"EntryPoint\",\"urlTemplate\":\"https:\\\/\\\/a-h-health.ch\\\/?s={search_term_string}\"},\"query-input\":{\"@type\":\"PropertyValueSpecification\",\"valueRequired\":true,\"valueName\":\"search_term_string\"}}],\"inLanguage\":\"fr-FR\"},{\"@type\":\"Organization\",\"@id\":\"https:\\\/\\\/a-h-health.ch\\\/#organization\",\"name\":\"Animal & Human Health AG\",\"url\":\"https:\\\/\\\/a-h-health.ch\\\/\",\"logo\":{\"@type\":\"ImageObject\",\"inLanguage\":\"fr-FR\",\"@id\":\"https:\\\/\\\/a-h-health.ch\\\/#\\\/schema\\\/logo\\\/image\\\/\",\"url\":\"https:\\\/\\\/a-h-health.ch\\\/wp-content\\\/uploads\\\/2020\\\/12\\\/Logo-animal-health.jpg\",\"contentUrl\":\"https:\\\/\\\/a-h-health.ch\\\/wp-content\\\/uploads\\\/2020\\\/12\\\/Logo-animal-health.jpg\",\"width\":653,\"height\":56,\"caption\":\"Animal & Human Health AG\"},\"image\":{\"@id\":\"https:\\\/\\\/a-h-health.ch\\\/#\\\/schema\\\/logo\\\/image\\\/\"}}]}<\/script>\n<!-- \/ Yoast SEO plugin. -->","yoast_head_json":{"title":"PRO BI food for Micro\u00adflo\u00adra, 473 ml \u2013 Ani\u00admal &amp; Human Health AG","robots":{"index":"index","follow":"follow","max-snippet":"max-snippet:-1","max-image-preview":"max-image-preview:large","max-video-preview":"max-video-preview:-1"},"canonical":"https:\/\/a-h-health.ch\/fr\/shop\/pro-bi-food-for-microflora-473-ml\/","og_locale":"fr_FR","og_type":"article","og_title":"PRO BI food for Microflora, 473 ml - Animal &amp; Human Health AG","og_description":"PRO BI\u2122 ist ein biologischer Futtermittelzusatz, der die Effizienz der Verdauung maximiert. Die n\u00fctzlichen Darmbakterien eines Tieres k\u00f6nnen zerst\u00f6rt oder dezimiert werden, und der pH-Wert ihrer Umgebung kann sich in Zeiten von Stress ver\u00e4ndern. Wettbewerb, Reisen, Zucht, Behandlung mit Antibiotika, Entwurmungsmitteln und anderen Medikamenten k\u00f6nnen diesen Stress verursachen. Stress kann auch durch Ver\u00e4nderungen des Wetters, [&hellip;]","og_url":"https:\/\/a-h-health.ch\/fr\/shop\/pro-bi-food-for-microflora-473-ml\/","og_site_name":"Animal &amp; Human Health AG","article_modified_time":"2023-09-22T13:26:42+00:00","og_image":[{"width":800,"height":800,"url":"https:\/\/a-h-health.ch\/wp-content\/uploads\/2022\/04\/ProBi.jpg","type":"image\/jpeg"}],"twitter_card":"summary_large_image","twitter_misc":{"Dur\u00e9e de lecture estim\u00e9e":"1 minute"},"schema":{"@context":"https:\/\/schema.org","@graph":[{"@type":"WebPage","@id":"https:\/\/a-h-health.ch\/shop\/pro-bi-food-for-microflora-473-ml\/","url":"https:\/\/a-h-health.ch\/shop\/pro-bi-food-for-microflora-473-ml\/","name":"PRO BI food for Micro\u00adflo\u00adra, 473 ml \u2013 Ani\u00admal &amp; Human Health AG","isPartOf":{"@id":"https:\/\/a-h-health.ch\/#website"},"primaryImageOfPage":{"@id":"https:\/\/a-h-health.ch\/shop\/pro-bi-food-for-microflora-473-ml\/#primaryimage"},"image":{"@id":"https:\/\/a-h-health.ch\/shop\/pro-bi-food-for-microflora-473-ml\/#primaryimage"},"thumbnailUrl":"https:\/\/a-h-health.ch\/wp-content\/uploads\/2022\/04\/ProBi.jpg","datePublished":"2022-04-30T08:39:52+00:00","dateModified":"2023-09-22T13:26:42+00:00","breadcrumb":{"@id":"https:\/\/a-h-health.ch\/shop\/pro-bi-food-for-microflora-473-ml\/#breadcrumb"},"inLanguage":"fr-FR","potentialAction":[{"@type":"ReadAction","target":["https:\/\/a-h-health.ch\/shop\/pro-bi-food-for-microflora-473-ml\/"]}]},{"@type":"ImageObject","inLanguage":"fr-FR","@id":"https:\/\/a-h-health.ch\/shop\/pro-bi-food-for-microflora-473-ml\/#primaryimage","url":"https:\/\/a-h-health.ch\/wp-content\/uploads\/2022\/04\/ProBi.jpg","contentUrl":"https:\/\/a-h-health.ch\/wp-content\/uploads\/2022\/04\/ProBi.jpg","width":800,"height":800},{"@type":"BreadcrumbList","@id":"https:\/\/a-h-health.ch\/shop\/pro-bi-food-for-microflora-473-ml\/#breadcrumb","itemListElement":[{"@type":"ListItem","position":1,"name":"Startseite","item":"https:\/\/a-h-health.ch\/"},{"@type":"ListItem","position":2,"name":"Shop","item":"https:\/\/a-h-health.ch\/shop\/"},{"@type":"ListItem","position":3,"name":"PRO BI food for Microflora, 473 ml"}]},{"@type":"WebSite","@id":"https:\/\/a-h-health.ch\/#website","url":"https:\/\/a-h-health.ch\/","name":"Ani\u00admal and Human Health AG","description":"Nous som\u00admes vos interlo\u00adcu\u00adteurs lorsqu\u2019il s\u2019a\u00adgit de la san\u00adt\u00e9 pro\u00adfes\u00adsi\u00adon\u00adnel\u00adle et du bien-\u00eatre de vot\u00adre animal.","publisher":{"@id":"https:\/\/a-h-health.ch\/#organization"},"alternateName":"a-h-health","potentialAction":[{"@type":"SearchAction","target":{"@type":"EntryPoint","urlTemplate":"https:\/\/a-h-health.ch\/?s={search_term_string}"},"query-input":{"@type":"PropertyValueSpecification","valueRequired":true,"valueName":"search_term_string"}}],"inLanguage":"fr-FR"},{"@type":"Organization","@id":"https:\/\/a-h-health.ch\/#organization","name":"Ani\u00admal &amp; Human Health AG","url":"https:\/\/a-h-health.ch\/","logo":{"@type":"ImageObject","inLanguage":"fr-FR","@id":"https:\/\/a-h-health.ch\/#\/schema\/logo\/image\/","url":"https:\/\/a-h-health.ch\/wp-content\/uploads\/2020\/12\/Logo-animal-health.jpg","contentUrl":"https:\/\/a-h-health.ch\/wp-content\/uploads\/2020\/12\/Logo-animal-health.jpg","width":653,"height":56,"caption":"Animal & Human Health AG"},"image":{"@id":"https:\/\/a-h-health.ch\/#\/schema\/logo\/image\/"}}]}},"_links":{"self":[{"href":"https:\/\/a-h-health.ch\/fr\/wp-json\/wp\/v2\/product\/13622","targetHints":{"allow":["GET"]}}],"collection":[{"href":"https:\/\/a-h-health.ch\/fr\/wp-json\/wp\/v2\/product"}],"about":[{"href":"https:\/\/a-h-health.ch\/fr\/wp-json\/wp\/v2\/types\/product"}],"wp:featuredmedia":[{"embeddable":true,"href":"https:\/\/a-h-health.ch\/fr\/wp-json\/wp\/v2\/media\/13624"}],"wp:attachment":[{"href":"https:\/\/a-h-health.ch\/fr\/wp-json\/wp\/v2\/media?parent=13622"}],"wp:term":[{"taxonomy":"product_brand","embeddable":true,"href":"https:\/\/a-h-health.ch\/fr\/wp-json\/wp\/v2\/product_brand?post=13622"},{"taxonomy":"product_cat","embeddable":true,"href":"https:\/\/a-h-health.ch\/fr\/wp-json\/wp\/v2\/product_cat?post=13622"},{"taxonomy":"product_tag","embeddable":true,"href":"https:\/\/a-h-health.ch\/fr\/wp-json\/wp\/v2\/product_tag?post=13622"}],"curies":[{"name":"wp","href":"https:\/\/api.w.org\/{rel}","templated":true}]}}